{"id":115937,"date":"2024-10-30T11:37:31","date_gmt":"2024-10-30T10:37:31","guid":{"rendered":"https:\/\/www.beitalhikma.tn\/?page_id=115937"},"modified":"2025-12-12T17:09:55","modified_gmt":"2025-12-12T16:09:55","slug":"departement-des-sciences","status":"publish","type":"page","link":"https:\/\/www.beitalhikma.tn\/fr\/departement-des-sciences\/","title":{"rendered":"D\u00e9partement des Sciences"},"content":{"rendered":"\n<p class=\"has-text-color has-background has-link-color wp-elements-39799ce8657bd3bc0558709b2279eb0b\" style=\"color:#fed082;background-color:#6f96a7;font-size:22px\"><strong>Le Chef de D\u00e9partement <\/strong><\/p>\n\n\n\n<figure style=\"font-size:21px\" class=\"wp-block-table\"><table class=\"has-fixed-layout\"><tbody><tr><td class=\"has-text-align-center\" data-align=\"center\"><strong>Nom et Pr\u00e9nom <\/strong><\/td><td class=\"has-text-align-center\" data-align=\"center\"><strong>Sp\u00e9cialit\u00e9<\/strong><\/td><td class=\"has-text-align-center\" data-align=\"center\"><strong> Biographie<\/strong><\/td><\/tr><tr><td class=\"has-text-align-center\" data-align=\"center\">Hafedh Abdelmlak<\/td><td class=\"has-text-align-center\" data-align=\"center\">Sciences biologiques, Physiologie, Nanosciences, et Sciences v\u00e9t\u00e9rinaires<\/td><td class=\"has-text-align-center\" data-align=\"center\"><a href=\"https:\/\/www.beitalhikma.tn\/wp-content\/uploads\/2020\/06\/CV-Hafedh-Abdelmelek.pdf\">Biographie<\/a><\/td><\/tr><\/tbody><\/table><\/figure>\n\n\n\n<p class=\"has-text-color has-background has-link-color wp-elements-3824e7a75a08fe2e5acdcf1aaa2dcb0c\" style=\"color:#fed082;background-color:#6f96a7;font-size:22px\"><strong>Membres actifs r\u00e9sidents en Tunisie <\/strong><\/p>\n\n\n\n<figure style=\"font-size:21px\" class=\"wp-block-table\"><table class=\"has-fixed-layout\"><tbody><tr><td><strong>Nom et Pr\u00e9nom <\/strong><\/td><td class=\"has-text-align-center\" data-align=\"center\"><strong>Sp\u00e9cialit\u00e9<\/strong><\/td><td class=\"has-text-align-center\" data-align=\"center\"><strong> Biographie<\/strong><\/td><\/tr><tr><td>Mohamed Salah Abbassi<\/td><td class=\"has-text-align-center\" data-align=\"center\">Microbiologie <\/td><td class=\"has-text-align-center\" data-align=\"center\"><a href=\"https:\/\/www.beitalhikma.tn\/wp-content\/uploads\/2020\/02\/Mohamed-Salah-Abbessi.pdf\">Biographie<\/a><\/td><\/tr><tr><td>Chedly Abdelly<\/td><td class=\"has-text-align-center\" data-align=\"center\">Biologie v\u00e9g\u00e9tale <\/td><td class=\"has-text-align-center\" data-align=\"center\"><a href=\"https:\/\/www.beitalhikma.tn\/wp-content\/uploads\/2019\/07\/CV-2.pdf\">Biographie<\/a><\/td><\/tr><tr><td>Mehdi Abdeljaoued<\/td><td class=\"has-text-align-center\" data-align=\"center\">Math\u00e9matiques-Histoire des math\u00e9matiques<\/td><td class=\"has-text-align-center\" data-align=\"center\"><a href=\"https:\/\/www.beitalhikma.tn\/wp-content\/uploads\/2020\/09\/Mahdi-Abdeljaoued.pdf\">Biographie<\/a><\/td><\/tr><tr><td>Zohra Ben Lakhdhar Akrout<\/td><td class=\"has-text-align-center\" data-align=\"center\">Physique<\/td><td class=\"has-text-align-center\" data-align=\"center\"><a href=\"https:\/\/www.beitalhikma.tn\/wp-content\/uploads\/2017\/06\/CV-Zohra-Ben-lakhdar-Akrout-fr.pdf\"> Biographie<\/a><\/td><\/tr><tr><td>Hassen Amri<\/td><td class=\"has-text-align-center\" data-align=\"center\">Chimie-Physique<\/td><td class=\"has-text-align-center\" data-align=\"center\"><a href=\"https:\/\/www.beitalhikma.tn\/wp-content\/uploads\/2021\/07\/Biographie.pdf\">Biographie<\/a><\/td><\/tr><tr><td>Akissa Bahri<\/td><td class=\"has-text-align-center\" data-align=\"center\">\u00a0Ing. Agriculture-eau<\/td><td class=\"has-text-align-center\" data-align=\"center\"><a href=\"https:\/\/www.beitalhikma.tn\/wp-content\/uploads\/2020\/06\/Akissa-Bahri.pdf\">Biographie<\/a><\/td><\/tr><tr><td>Ali Baklouti <\/td><td class=\"has-text-align-center\" data-align=\"center\">Math\u00e9matiques<\/td><td class=\"has-text-align-center\" data-align=\"center\"><a href=\"https:\/\/www.beitalhikma.tn\/wp-content\/uploads\/2019\/08\/Biographie.pdf\">Biographie<\/a><\/td><\/tr><tr><td>Amel Elgaaied Ben Ammar<\/td><td class=\"has-text-align-center\" data-align=\"center\">Immunologie<\/td><td class=\"has-text-align-center\" data-align=\"center\"><a href=\"https:\/\/www.beitalhikma.tn\/wp-content\/uploads\/2020\/01\/Short-Biography.pdf\">Biographie<\/a><\/td><\/tr><tr><td>Mustapha Besbes<\/td><td class=\"has-text-align-center\" data-align=\"center\">Hydrologie<\/td><td class=\"has-text-align-center\" data-align=\"center\"><a href=\"https:\/\/www.beitalhikma.tn\/wp-content\/uploads\/2016\/08\/Curriculum.Vitae_.M.Besbes.Fran%C3%A7ais.22082016.pdf\">Biographie<\/a><\/td><\/tr><tr><td>Rafik Boukhris<\/td><td class=\"has-text-align-center\" data-align=\"center\">Endocrinologie<\/td><td class=\"has-text-align-center\" data-align=\"center\"><strong>&#8212;<\/strong><\/td><\/tr><tr><td>Habiba Chaabouni Bouhamed<\/td><td class=\"has-text-align-center\" data-align=\"center\">G\u00e9n\u00e9tique humaine<\/td><td class=\"has-text-align-center\" data-align=\"center\"><a href=\"https:\/\/www.beitalhikma.tn\/wp-content\/uploads\/2016\/07\/cv-habiba-chaabouni-fran%C3%A7ais-1.pdf\"> Biographie<\/a><\/td><\/tr><tr><td>Mohamed El Ayeb<\/td><td class=\"has-text-align-center\" data-align=\"center\">Immunologie<\/td><td class=\"has-text-align-center\" data-align=\"center\">&#8212;<\/td><\/tr><tr><td>Khaled Ghdira<\/td><td class=\"has-text-align-center\" data-align=\"center\">Sciences et techniques de l&#8217;informatique <\/td><td class=\"has-text-align-center\" data-align=\"center\"><a href=\"https:\/\/www.beitalhikma.tn\/wp-content\/uploads\/2019\/07\/Biographie.pdf\"> Biographie<\/a><\/td><\/tr><tr><td>Amel Chaffai Hamza<\/td><td class=\"has-text-align-center\" data-align=\"center\">Biologie marine<\/td><td class=\"has-text-align-center\" data-align=\"center\"><a href=\"https:\/\/www.beitalhikma.tn\/wp-content\/uploads\/2024\/10\/Biographie-Amel-Hamza-Chaffai.pdf\">Biographie<\/a><\/td><\/tr><tr><td>Abdelhamid Hassairi<\/td><td class=\"has-text-align-center\" data-align=\"center\">Math\u00e9matiques<\/td><td class=\"has-text-align-center\" data-align=\"center\"><a href=\"https:\/\/www.beitalhikma.tn\/wp-content\/uploads\/2020\/01\/short-biography.pdf\"> Biographie<\/a><\/td><\/tr><tr><td>Anouar Jarraya <\/td><td class=\"has-text-align-center\" data-align=\"center\">Biochimie<\/td><td class=\"has-text-align-center\" data-align=\"center\">&#8212;<\/td><\/tr><tr><td>Mohamed Jmaiel<\/td><td class=\"has-text-align-center\" data-align=\"center\">\u00a0Informatique<\/td><td class=\"has-text-align-center\" data-align=\"center\"><a href=\"https:\/\/www.beitalhikma.tn\/wp-content\/uploads\/2021\/06\/CV_MohamedJmaiel-rectifie.pdf\">Biographie<\/a><\/td><\/tr><tr><td>Souad Chouk Kammoun<\/td><td class=\"has-text-align-center\" data-align=\"center\">Gestion des syst\u00e8mes d\u2019information<\/td><td class=\"has-text-align-center\" data-align=\"center\"><a href=\"https:\/\/www.beitalhikma.tn\/wp-content\/uploads\/2018\/09\/cv-Kammoun-Chouk-Souad.pdf\"> Biographie<\/a><\/td><\/tr><tr><td>Ahmed Marrakchi <\/td><td class=\"has-text-align-center\" data-align=\"center\">Ing\u00e9nierie \u00e9lectronique<\/td><td class=\"has-text-align-center\" data-align=\"center\">&#8212;<\/td><\/tr><\/tbody><\/table><\/figure>\n\n\n\n<p class=\"has-text-color has-background has-link-color wp-elements-3b307df332e89f0ebf3d819cc3afced7\" style=\"color:#fed082;background-color:#6f96a7;font-size:22px\"><strong>Membres associ\u00e9s<\/strong><\/p>\n\n\n\n<figure style=\"font-size:21px\" class=\"wp-block-table\"><table class=\"has-fixed-layout\"><tbody><tr><td class=\"has-text-align-center\" data-align=\"center\"><strong>Nom et Pr\u00e9nom <\/strong><\/td><td class=\"has-text-align-center\" data-align=\"center\"><strong>Sp\u00e9cialit\u00e9<\/strong><\/td><td class=\"has-text-align-center\" data-align=\"center\"><strong> Biographie<\/strong><\/td><\/tr><tr><td class=\"has-text-align-center\" data-align=\"center\">Ridha Arem<\/td><td class=\"has-text-align-center\" data-align=\"center\">Endocrinologie<\/td><td class=\"has-text-align-center\" data-align=\"center\">&#8212;<\/td><\/tr><tr><td class=\"has-text-align-center\" data-align=\"center\">Mohamed Larbi Bouguerra<\/td><td class=\"has-text-align-center\" data-align=\"center\">Chimie<\/td><td class=\"has-text-align-center\" data-align=\"center\"><a href=\"https:\/\/www.beitalhikma.tn\/wp-content\/uploads\/2016\/08\/cv-Mohamed-Larbi-Bouguerra.pdf\"> Biographie<\/a><\/td><\/tr><tr><td class=\"has-text-align-center\" data-align=\"center\">Salem Choua\u00efb<\/td><td class=\"has-text-align-center\" data-align=\"center\">&nbsp;Immunologie<\/td><td class=\"has-text-align-center\" data-align=\"center\"><a href=\"https:\/\/www.beitalhikma.tn\/wp-content\/uploads\/2017\/02\/CV-Salem-Chouaib2.pdf\"> Biographie<\/a><\/td><\/tr><\/tbody><\/table><\/figure>\n\n\n\n<p class=\"has-text-color has-background has-link-color wp-elements-bbf3984351080679e4016eafaf71ce30\" style=\"color:#fed082;background-color:#6f96a7;font-size:22px\"><strong>Membre associ\u00e9 de nationalit\u00e9 \u00e9trang\u00e8re<\/strong><\/p>\n\n\n\n<figure style=\"font-size:21px\" class=\"wp-block-table\"><table class=\"has-fixed-layout\"><tbody><tr><td class=\"has-text-align-center\" data-align=\"center\"><strong>Nom et Pr\u00e9nom <\/strong><\/td><td class=\"has-text-align-center\" data-align=\"center\"><strong>Sp\u00e9cialit\u00e9<\/strong><\/td><td class=\"has-text-align-center\" data-align=\"center\"><strong>Nationalit\u00e9 <\/strong><\/td><td class=\"has-text-align-center\" data-align=\"center\"><strong>Biographie<\/strong><\/td><\/tr><tr><td class=\"has-text-align-center\" data-align=\"center\">Roshdi Rashed<\/td><td class=\"has-text-align-center\" data-align=\"center\">Histoire des sciences <\/td><td class=\"has-text-align-center\" data-align=\"center\">Fran\u00e7aise <\/td><td class=\"has-text-align-center\" data-align=\"center\">&#8212;<\/td><\/tr><tr><td class=\"has-text-align-center\" data-align=\"center\">Elias Zerhouni<\/td><td class=\"has-text-align-center\" data-align=\"center\">Radiologie et g\u00e9nie biom\u00e9dical<\/td><td class=\"has-text-align-center\" data-align=\"center\">Alg\u00e9rienne <\/td><td class=\"has-text-align-center\" data-align=\"center\"><a href=\"https:\/\/www.beitalhikma.tn\/wp-content\/uploads\/2017\/01\/Elias-Zerhouni-CV-2.pdf\">Biographie<\/a><\/td><\/tr><\/tbody><\/table><\/figure>\n\n\n\n<p class=\"has-text-color has-background has-link-color wp-elements-8eab73a127f1552c21d55040200ff569\" style=\"color:#fed082;background-color:#6f96a7;font-size:22px\"><strong>Membres correspondants <\/strong><\/p>\n\n\n\n<figure style=\"font-size:21px\" class=\"wp-block-table\"><table class=\"has-fixed-layout\"><tbody><tr><td class=\"has-text-align-center\" data-align=\"center\"><strong>Nom et Pr\u00e9nom <\/strong><\/td><td class=\"has-text-align-center\" data-align=\"center\"><strong>Sp\u00e9cialit\u00e9<\/strong><\/td><td class=\"has-text-align-center\" data-align=\"center\"><strong>Nationalit\u00e9 <\/strong><\/td><td class=\"has-text-align-center\" data-align=\"center\"><strong>Biographie<\/strong><\/td><\/tr><tr><td class=\"has-text-align-center\" data-align=\"center\">Habib Ammari <\/td><td class=\"has-text-align-center\" data-align=\"center\">Math\u00e9matiques Appliqu\u00e9es<\/td><td class=\"has-text-align-center\" data-align=\"center\">Tunisienne<\/td><td class=\"has-text-align-center\" data-align=\"center\"><a href=\"https:\/\/www.beitalhikma.tn\/wp-content\/uploads\/2016\/07\/cv-habib-ammari11.pdf\">Biographie<\/a><\/td><\/tr><tr><td class=\"has-text-align-center\" data-align=\"center\">Kamel Barkaoui<\/td><td class=\"has-text-align-center\" data-align=\"center\">&nbsp;Informatique fondamentale<\/td><td class=\"has-text-align-center\" data-align=\"center\">Tunisienne<\/td><td class=\"has-text-align-center\" data-align=\"center\"><a href=\"https:\/\/www.beitalhikma.tn\/wp-content\/uploads\/2019\/07\/Biographie-2.pdf\">Biographie<\/a><\/td><\/tr><tr><td class=\"has-text-align-center\" data-align=\"center\">Ahmed Djebbar<\/td><td class=\"has-text-align-center\" data-align=\"center\">Math\u00e9matiques<\/td><td class=\"has-text-align-center\" data-align=\"center\">Alg\u00e9rienne<\/td><td class=\"has-text-align-center\" data-align=\"center\"><a href=\"https:\/\/www.beitalhikma.tn\/wp-content\/uploads\/2020\/05\/Ahmed-Djebbar.pdf\">Biographie<\/a><\/td><\/tr><tr><td class=\"has-text-align-center\" data-align=\"center\">Michel Martin Maharbiz<\/td><td class=\"has-text-align-center\" data-align=\"center\">Biologie computationnelle, nanotechnologies<\/td><td class=\"has-text-align-center\" data-align=\"center\">Am\u00e9ricaine <\/td><td class=\"has-text-align-center\" data-align=\"center\"><a href=\"https:\/\/www.beitalhikma.tn\/wp-content\/uploads\/2020\/05\/Michel-Maharbiz.pdf\">Biographie<\/a><\/td><\/tr><tr><td class=\"has-text-align-center\" data-align=\"center\">Philippe Jean-Luc Mayaud<\/td><td class=\"has-text-align-center\" data-align=\"center\">Maladies infectieuses et sant\u00e9 reproductive<\/td><td class=\"has-text-align-center\" data-align=\"center\">Fran\u00e7aise<\/td><td class=\"has-text-align-center\" data-align=\"center\"><a href=\"https:\/\/www.beitalhikma.tn\/wp-content\/uploads\/2020\/05\/Philippe-Mayaud.pdf\">Biographie<\/a><\/td><\/tr><tr><td class=\"has-text-align-center\" data-align=\"center\">Ali Mili<\/td><td class=\"has-text-align-center\" data-align=\"center\">Informatique<\/td><td class=\"has-text-align-center\" data-align=\"center\">Tunisienne<\/td><td class=\"has-text-align-center\" data-align=\"center\"><a href=\"https:\/\/www.beitalhikma.tn\/wp-content\/uploads\/2020\/09\/Biographie.pdf\">Biographie<\/a><\/td><\/tr><tr><td class=\"has-text-align-center\" data-align=\"center\">Isam Shahrour<\/td><td class=\"has-text-align-center\" data-align=\"center\">&nbsp;G\u00e9nie Civil, G\u00e9otechnique, G\u00e9om\u00e9canique<\/td><td class=\"has-text-align-center\" data-align=\"center\">Palestinenne<\/td><td class=\"has-text-align-center\" data-align=\"center\"><a href=\"https:\/\/www.beitalhikma.tn\/wp-content\/uploads\/2020\/05\/Resume-professor-Isam-Shahrour-Dec-2019.pdf\">Biographie<\/a><\/td><\/tr><tr><td class=\"has-text-align-center\" data-align=\"center\">Khalifa Trim\u00e8che<\/td><td class=\"has-text-align-center\" data-align=\"center\">Math\u00e9matiques<\/td><td class=\"has-text-align-center\" data-align=\"center\">Tunisienne<\/td><td class=\"has-text-align-center\" data-align=\"center\"><a href=\"https:\/\/www.beitalhikma.tn\/wp-content\/uploads\/2017\/04\/CV-khalifa-Trimech1.pdf\">Biographie<\/a><\/td><\/tr><\/tbody><\/table><\/figure>\n","protected":false},"excerpt":{"rendered":"<p>Le Chef de D\u00e9partement Nom et Pr\u00e9nom Sp\u00e9cialit\u00e9 Biographie Hafedh Abdelmlak Sciences biologiques, Physiologie, Nanosciences, et Sciences v\u00e9t\u00e9rinaires Biographie Membres actifs r\u00e9sidents en Tunisie Nom et [&hellip;]<\/p>\n","protected":false},"author":1,"featured_media":0,"parent":0,"menu_order":0,"comment_status":"closed","ping_status":"closed","template":"","meta":{"_uag_custom_page_level_css":"","footnotes":""},"class_list":["post-115937","page","type-page","status-publish","hentry"],"featured_image_src":null,"yoast_head":"<!-- This site is optimized with the Yoast SEO plugin v27.4 - https:\/\/yoast.com\/product\/yoast-seo-wordpress\/ -->\n<title>D\u00e9partement des Sciences - Beit al-Hikma<\/title>\n<meta name=\"robots\" content=\"index, follow, max-snippet:-1, max-image-preview:large, max-video-preview:-1\" \/>\n<link rel=\"canonical\" href=\"https:\/\/www.beitalhikma.tn\/fr\/departement-des-sciences\/\" \/>\n<meta property=\"og:locale\" content=\"fr_FR\" \/>\n<meta property=\"og:type\" content=\"article\" \/>\n<meta property=\"og:title\" content=\"D\u00e9partement des Sciences - Beit al-Hikma\" \/>\n<meta property=\"og:description\" content=\"Le Chef de D\u00e9partement Nom et Pr\u00e9nom Sp\u00e9cialit\u00e9 Biographie Hafedh Abdelmlak Sciences biologiques, Physiologie, Nanosciences, et Sciences v\u00e9t\u00e9rinaires Biographie Membres actifs r\u00e9sidents en Tunisie Nom et [&hellip;]\" \/>\n<meta property=\"og:url\" content=\"https:\/\/www.beitalhikma.tn\/fr\/departement-des-sciences\/\" \/>\n<meta property=\"og:site_name\" content=\"Beit al-Hikma\" \/>\n<meta property=\"article:publisher\" content=\"https:\/\/www.facebook.com\/BeitalhikmaTunisie\/\" \/>\n<meta property=\"article:modified_time\" content=\"2025-12-12T16:09:55+00:00\" \/>\n<meta property=\"og:image\" content=\"https:\/\/www.beitalhikma.tn\/wp-content\/uploads\/2022\/02\/LOGO-1-250x250-1.jpg\" \/>\n\t<meta property=\"og:image:width\" content=\"250\" \/>\n\t<meta property=\"og:image:height\" content=\"250\" \/>\n\t<meta property=\"og:image:type\" content=\"image\/jpeg\" \/>\n<meta name=\"twitter:card\" content=\"summary_large_image\" \/>\n<meta name=\"twitter:site\" content=\"@Beit_alhikma_TN\" \/>\n<meta name=\"twitter:label1\" content=\"Dur\u00e9e de lecture estim\u00e9e\" \/>\n\t<meta name=\"twitter:data1\" content=\"2 minutes\" \/>\n<script type=\"application\/ld+json\" class=\"yoast-schema-graph\">{\"@context\":\"https:\\\/\\\/schema.org\",\"@graph\":[{\"@type\":\"WebPage\",\"@id\":\"https:\\\/\\\/www.beitalhikma.tn\\\/fr\\\/departement-des-sciences\\\/\",\"url\":\"https:\\\/\\\/www.beitalhikma.tn\\\/fr\\\/departement-des-sciences\\\/\",\"name\":\"D\u00e9partement des Sciences - Beit al-Hikma\",\"isPartOf\":{\"@id\":\"https:\\\/\\\/www.beitalhikma.tn\\\/#website\"},\"datePublished\":\"2024-10-30T10:37:31+00:00\",\"dateModified\":\"2025-12-12T16:09:55+00:00\",\"breadcrumb\":{\"@id\":\"https:\\\/\\\/www.beitalhikma.tn\\\/fr\\\/departement-des-sciences\\\/#breadcrumb\"},\"inLanguage\":\"fr-FR\",\"potentialAction\":[{\"@type\":\"ReadAction\",\"target\":[\"https:\\\/\\\/www.beitalhikma.tn\\\/fr\\\/departement-des-sciences\\\/\"]}]},{\"@type\":\"BreadcrumbList\",\"@id\":\"https:\\\/\\\/www.beitalhikma.tn\\\/fr\\\/departement-des-sciences\\\/#breadcrumb\",\"itemListElement\":[{\"@type\":\"ListItem\",\"position\":1,\"name\":\"Accueil\",\"item\":\"https:\\\/\\\/www.beitalhikma.tn\\\/fr\\\/\"},{\"@type\":\"ListItem\",\"position\":2,\"name\":\"D\u00e9partement des Sciences\"}]},{\"@type\":\"WebSite\",\"@id\":\"https:\\\/\\\/www.beitalhikma.tn\\\/#website\",\"url\":\"https:\\\/\\\/www.beitalhikma.tn\\\/\",\"name\":\"Beit al-Hikma\",\"description\":\"L&#039;Acad\u00e9mie Tunisienne des Sciences, des Lettres  et des Arts\",\"publisher\":{\"@id\":\"https:\\\/\\\/www.beitalhikma.tn\\\/#organization\"},\"potentialAction\":[{\"@type\":\"SearchAction\",\"target\":{\"@type\":\"EntryPoint\",\"urlTemplate\":\"https:\\\/\\\/www.beitalhikma.tn\\\/?s={search_term_string}\"},\"query-input\":{\"@type\":\"PropertyValueSpecification\",\"valueRequired\":true,\"valueName\":\"search_term_string\"}}],\"inLanguage\":\"fr-FR\"},{\"@type\":\"Organization\",\"@id\":\"https:\\\/\\\/www.beitalhikma.tn\\\/#organization\",\"name\":\"Beit Al Hikma\",\"url\":\"https:\\\/\\\/www.beitalhikma.tn\\\/\",\"logo\":{\"@type\":\"ImageObject\",\"inLanguage\":\"fr-FR\",\"@id\":\"https:\\\/\\\/www.beitalhikma.tn\\\/#\\\/schema\\\/logo\\\/image\\\/\",\"url\":\"https:\\\/\\\/www.beitalhikma.tn\\\/wp-content\\\/uploads\\\/2014\\\/11\\\/logo.png\",\"contentUrl\":\"https:\\\/\\\/www.beitalhikma.tn\\\/wp-content\\\/uploads\\\/2014\\\/11\\\/logo.png\",\"width\":288,\"height\":109,\"caption\":\"Beit Al Hikma\"},\"image\":{\"@id\":\"https:\\\/\\\/www.beitalhikma.tn\\\/#\\\/schema\\\/logo\\\/image\\\/\"},\"sameAs\":[\"https:\\\/\\\/www.facebook.com\\\/BeitalhikmaTunisie\\\/\",\"https:\\\/\\\/x.com\\\/Beit_alhikma_TN\",\"https:\\\/\\\/www.youtube.com\\\/channel\\\/UCl8EfDXqt5MFfcEY0UYhevg\"]}]}<\/script>\n<!-- \/ Yoast SEO plugin. -->","yoast_head_json":{"title":"D\u00e9partement des Sciences - Beit al-Hikma","robots":{"index":"index","follow":"follow","max-snippet":"max-snippet:-1","max-image-preview":"max-image-preview:large","max-video-preview":"max-video-preview:-1"},"canonical":"https:\/\/www.beitalhikma.tn\/fr\/departement-des-sciences\/","og_locale":"fr_FR","og_type":"article","og_title":"D\u00e9partement des Sciences - Beit al-Hikma","og_description":"Le Chef de D\u00e9partement Nom et Pr\u00e9nom Sp\u00e9cialit\u00e9 Biographie Hafedh Abdelmlak Sciences biologiques, Physiologie, Nanosciences, et Sciences v\u00e9t\u00e9rinaires Biographie Membres actifs r\u00e9sidents en Tunisie Nom et [&hellip;]","og_url":"https:\/\/www.beitalhikma.tn\/fr\/departement-des-sciences\/","og_site_name":"Beit al-Hikma","article_publisher":"https:\/\/www.facebook.com\/BeitalhikmaTunisie\/","article_modified_time":"2025-12-12T16:09:55+00:00","og_image":[{"width":250,"height":250,"url":"https:\/\/www.beitalhikma.tn\/wp-content\/uploads\/2022\/02\/LOGO-1-250x250-1.jpg","type":"image\/jpeg"}],"twitter_card":"summary_large_image","twitter_site":"@Beit_alhikma_TN","twitter_misc":{"Dur\u00e9e de lecture estim\u00e9e":"2 minutes"},"schema":{"@context":"https:\/\/schema.org","@graph":[{"@type":"WebPage","@id":"https:\/\/www.beitalhikma.tn\/fr\/departement-des-sciences\/","url":"https:\/\/www.beitalhikma.tn\/fr\/departement-des-sciences\/","name":"D\u00e9partement des Sciences - Beit al-Hikma","isPartOf":{"@id":"https:\/\/www.beitalhikma.tn\/#website"},"datePublished":"2024-10-30T10:37:31+00:00","dateModified":"2025-12-12T16:09:55+00:00","breadcrumb":{"@id":"https:\/\/www.beitalhikma.tn\/fr\/departement-des-sciences\/#breadcrumb"},"inLanguage":"fr-FR","potentialAction":[{"@type":"ReadAction","target":["https:\/\/www.beitalhikma.tn\/fr\/departement-des-sciences\/"]}]},{"@type":"BreadcrumbList","@id":"https:\/\/www.beitalhikma.tn\/fr\/departement-des-sciences\/#breadcrumb","itemListElement":[{"@type":"ListItem","position":1,"name":"Accueil","item":"https:\/\/www.beitalhikma.tn\/fr\/"},{"@type":"ListItem","position":2,"name":"D\u00e9partement des Sciences"}]},{"@type":"WebSite","@id":"https:\/\/www.beitalhikma.tn\/#website","url":"https:\/\/www.beitalhikma.tn\/","name":"Beit al-Hikma","description":"L&#039;Acad\u00e9mie Tunisienne des Sciences, des Lettres  et des Arts","publisher":{"@id":"https:\/\/www.beitalhikma.tn\/#organization"},"potentialAction":[{"@type":"SearchAction","target":{"@type":"EntryPoint","urlTemplate":"https:\/\/www.beitalhikma.tn\/?s={search_term_string}"},"query-input":{"@type":"PropertyValueSpecification","valueRequired":true,"valueName":"search_term_string"}}],"inLanguage":"fr-FR"},{"@type":"Organization","@id":"https:\/\/www.beitalhikma.tn\/#organization","name":"Beit Al Hikma","url":"https:\/\/www.beitalhikma.tn\/","logo":{"@type":"ImageObject","inLanguage":"fr-FR","@id":"https:\/\/www.beitalhikma.tn\/#\/schema\/logo\/image\/","url":"https:\/\/www.beitalhikma.tn\/wp-content\/uploads\/2014\/11\/logo.png","contentUrl":"https:\/\/www.beitalhikma.tn\/wp-content\/uploads\/2014\/11\/logo.png","width":288,"height":109,"caption":"Beit Al Hikma"},"image":{"@id":"https:\/\/www.beitalhikma.tn\/#\/schema\/logo\/image\/"},"sameAs":["https:\/\/www.facebook.com\/BeitalhikmaTunisie\/","https:\/\/x.com\/Beit_alhikma_TN","https:\/\/www.youtube.com\/channel\/UCl8EfDXqt5MFfcEY0UYhevg"]}]}},"uagb_featured_image_src":{"full":false,"thumbnail":false,"medium":false,"medium_large":false,"large":false,"thumblist":false,"meccarouselthumb":false,"gridsquare":false,"tileview":false,"1536x1536":false,"2048x2048":false,"post-thumbnail":false,"50x50":false,"portfolio-list":false,"portfolio-fs":false,"portfolio-slider":false,"blog":false,"blog-single":false,"blog-item":false,"blog-widget":false,"features":false,"clients-slider":false,"offer-slider":false,"offer-slider-pg":false,"woocommerce_thumbnail":false,"woocommerce_single":false,"woocommerce_gallery_thumbnail":false},"uagb_author_info":{"display_name":"admin","author_link":"https:\/\/www.beitalhikma.tn\/fr\/author\/admin\/"},"uagb_comment_info":0,"uagb_excerpt":"Le Chef de D\u00e9partement Nom et Pr\u00e9nom Sp\u00e9cialit\u00e9 Biographie Hafedh Abdelmlak Sciences biologiques, Physiologie, Nanosciences, et Sciences v\u00e9t\u00e9rinaires Biographie Membres actifs r\u00e9sidents en Tunisie Nom et [&hellip;]","_links":{"self":[{"href":"https:\/\/www.beitalhikma.tn\/fr\/wp-json\/wp\/v2\/pages\/115937","targetHints":{"allow":["GET"]}}],"collection":[{"href":"https:\/\/www.beitalhikma.tn\/fr\/wp-json\/wp\/v2\/pages"}],"about":[{"href":"https:\/\/www.beitalhikma.tn\/fr\/wp-json\/wp\/v2\/types\/page"}],"author":[{"embeddable":true,"href":"https:\/\/www.beitalhikma.tn\/fr\/wp-json\/wp\/v2\/users\/1"}],"replies":[{"embeddable":true,"href":"https:\/\/www.beitalhikma.tn\/fr\/wp-json\/wp\/v2\/comments?post=115937"}],"version-history":[{"count":2,"href":"https:\/\/www.beitalhikma.tn\/fr\/wp-json\/wp\/v2\/pages\/115937\/revisions"}],"predecessor-version":[{"id":126461,"href":"https:\/\/www.beitalhikma.tn\/fr\/wp-json\/wp\/v2\/pages\/115937\/revisions\/126461"}],"wp:attachment":[{"href":"https:\/\/www.beitalhikma.tn\/fr\/wp-json\/wp\/v2\/media?parent=115937"}],"curies":[{"name":"wp","href":"https:\/\/api.w.org\/{rel}","templated":true}]}}