{"id":117119,"date":"2024-12-02T11:04:12","date_gmt":"2024-12-02T10:04:12","guid":{"rendered":"https:\/\/www.beitalhikma.tn\/?page_id=117119"},"modified":"2026-03-08T13:51:39","modified_gmt":"2026-03-08T12:51:39","slug":"departement-des-sciences-humaines-et-sociales","status":"publish","type":"page","link":"https:\/\/www.beitalhikma.tn\/fr\/departement-des-sciences-humaines-et-sociales\/","title":{"rendered":"D\u00e9partement des Sciences humaines et sociales"},"content":{"rendered":"\n<p class=\"has-text-color has-background has-link-color wp-elements-99e2f0608fca62323110c5a511d3880b\" style=\"color:#fed082;background-color:#6f96a7;font-size:24px\"><strong>Le Chef de D\u00e9partement<\/strong><\/p>\n\n\n\n<figure style=\"font-size:22px\" class=\"wp-block-table\"><table class=\"has-fixed-layout\"><tbody><tr><td class=\"has-text-align-center\" data-align=\"center\"><strong>Nom et Pr\u00e9nom<\/strong><\/td><td class=\"has-text-align-center\" data-align=\"center\"><strong>Sp\u00e9cialit\u00e9<\/strong><\/td><td class=\"has-text-align-center\" data-align=\"center\"><strong>Biographie<\/strong><\/td><\/tr><tr><td class=\"has-text-align-center\" data-align=\"center\">Abdelhamid Henia<\/td><td class=\"has-text-align-center\" data-align=\"center\">Histoire Contemporaine<\/td><td class=\"has-text-align-center\" data-align=\"center\"><a href=\"https:\/\/www.beitalhikma.tn\/wp-content\/uploads\/2017\/04\/CV-Abdelhamid-Henia.pdf\">Biographie<\/a><\/td><\/tr><\/tbody><\/table><\/figure>\n\n\n\n<p class=\"has-text-color has-background has-link-color wp-elements-36528f75315c4e08f927ce54a7b1ca30\" style=\"color:#fed082;background-color:#6f96a7;font-size:24px\"><strong>Membres actifs r\u00e9sidents en Tunisie<\/strong><\/p>\n\n\n\n<figure style=\"font-size:22px\" class=\"wp-block-table\"><table class=\"has-fixed-layout\"><tbody><tr><td class=\"has-text-align-center\" data-align=\"center\"><strong>Nom et Pr\u00e9nom<\/strong><\/td><td class=\"has-text-align-center\" data-align=\"center\"><strong>Sp\u00e9cialit\u00e9<\/strong><\/td><td class=\"has-text-align-center\" data-align=\"center\"><strong>Biographie<\/strong><\/td><\/tr><tr><td class=\"has-text-align-center\" data-align=\"center\">Jellal Abdelkafi<\/td><td class=\"has-text-align-center\" data-align=\"center\">Architecte et urbaniste-paysagiste<\/td><td class=\"has-text-align-center\" data-align=\"center\"><a href=\"https:\/\/www.beitalhikma.tn\/wp-content\/uploads\/2020\/09\/Biographie-Jalel-Abdelkafi.pdf\">Biographie<\/a><\/td><\/tr><tr><td class=\"has-text-align-center\" data-align=\"center\">Amor Belhedi<\/td><td class=\"has-text-align-center\" data-align=\"center\">G\u00e9ographie<\/td><td class=\"has-text-align-center\" data-align=\"center\"><a href=\"https:\/\/www.beitalhikma.tn\/wp-content\/uploads\/2020\/01\/Curriculum-Vitae-.pdf\">Biographie<\/a><\/td><\/tr><tr><td class=\"has-text-align-center\" data-align=\"center\">Yadh Ben Achour<\/td><td class=\"has-text-align-center\" data-align=\"center\">Droit constitutionnel<\/td><td class=\"has-text-align-center\" data-align=\"center\">&#8212;<\/td><\/tr><tr><td class=\"has-text-align-center\" data-align=\"center\">Azedine Beschaouch <\/td><td class=\"has-text-align-center\" data-align=\"center\">Epigraphie<\/td><td class=\"has-text-align-center\" data-align=\"center\">&#8212;<\/td><\/tr><tr><td class=\"has-text-align-center\" data-align=\"center\">Mongi Bourgou<\/td><td class=\"has-text-align-center\" data-align=\"center\">G\u00e9ographie<\/td><td class=\"has-text-align-center\" data-align=\"center\"><a href=\"https:\/\/www.beitalhikma.tn\/wp-content\/uploads\/2019\/04\/%D8%B3%D9%8A%D8%B1%D8%A9-%D8%B0%D8%A7%D8%AA%D9%8A%D9%91%D8%A9.pdf\">Biographie<\/a><\/td><\/tr><tr><td class=\"has-text-align-center\" data-align=\"center\">Faouzia Farida Charfi<\/td><td class=\"has-text-align-center\" data-align=\"center\">Physique et sciences humaines<\/td><td class=\"has-text-align-center\" data-align=\"center\"><a href=\"https:\/\/www.beitalhikma.tn\/wp-content\/uploads\/2017\/03\/CV-Faouzia-Farida-Charfi-fr.pdf\">Biographie<\/a><\/td><\/tr><tr><td class=\"has-text-align-center\" data-align=\"center\">Kalthoum Meziou Dorai<\/td><td class=\"has-text-align-center\" data-align=\"center\">Droit<\/td><td class=\"has-text-align-center\" data-align=\"center\"><a href=\"https:\/\/www.beitalhikma.tn\/wp-content\/uploads\/2020\/02\/Kalthoum-Dorai-Meziou.pdf\">Biographie<\/a><\/td><\/tr><tr><td class=\"has-text-align-center\" data-align=\"center\">Mahamed Hassen<\/td><td class=\"has-text-align-center\" data-align=\"center\">Histoire<\/td><td class=\"has-text-align-center\" data-align=\"center\"><a href=\"https:\/\/www.beitalhikma.tn\/wp-content\/uploads\/2020\/02\/Mohamed-Hassan.pdf\">Biographie<\/a><\/td><\/tr><tr><td class=\"has-text-align-center\" data-align=\"center\">Essedik Jeddi<\/td><td class=\"has-text-align-center\" data-align=\"center\">Psychiatrie et Psychologie clinique<\/td><td class=\"has-text-align-center\" data-align=\"center\">&#8212;<\/td><\/tr><tr><td class=\"has-text-align-center\" data-align=\"center\">Mohamed Kerrou<\/td><td class=\"has-text-align-center\" data-align=\"center\">Anthropologie<\/td><td class=\"has-text-align-center\" data-align=\"center\"><a href=\"https:\/\/www.beitalhikma.tn\/wp-content\/uploads\/2020\/02\/Mohamed-Kerrou.pdf\">Biographie<\/a><\/td><\/tr><tr><td class=\"has-text-align-center\" data-align=\"center\">Mehdi Mabrouk<\/td><td class=\"has-text-align-center\" data-align=\"center\">Sineces sociales<\/td><td class=\"has-text-align-center\" data-align=\"center\">&#8212;<\/td><\/tr><tr><td class=\"has-text-align-center\" data-align=\"center\">Faouzi Mahfoudh<\/td><td class=\"has-text-align-center\" data-align=\"center\">Histoire et Arch\u00e9ologie<\/td><td class=\"has-text-align-center\" data-align=\"center\"><a href=\"https:\/\/www.beitalhikma.tn\/wp-content\/uploads\/2019\/07\/CV-Faouzi-Mahfoudh.pdf\">Biographie<\/a><\/td><\/tr><tr><td class=\"has-text-align-center\" data-align=\"center\">Mohamed Mahjoub<\/td><td class=\"has-text-align-center\" data-align=\"center\">Philosophie<\/td><td class=\"has-text-align-center\" data-align=\"center\"><a href=\"https:\/\/www.beitalhikma.tn\/wp-content\/uploads\/2020\/02\/%D9%85%D8%AD%D9%85%D8%AF-%D9%85%D8%AD%D8%AC%D9%88%D8%A8.pdf\">Biographie<\/a><\/td><\/tr><tr><td class=\"has-text-align-center\" data-align=\"center\">Ammar Mahjoubi<\/td><td class=\"has-text-align-center\" data-align=\"center\">Histoire<\/td><td class=\"has-text-align-center\" data-align=\"center\"><a href=\"https:\/\/www.beitalhikma.tn\/wp-content\/uploads\/2022\/10\/Bibliographie-du-Pr-A-Mahjoubi-reprise-le-04-Oct-2022-Pdf.pdf\">Biographie<\/a><\/td><\/tr><tr><td class=\"has-text-align-center\" data-align=\"center\">Sihem Debbabi Missaoui<\/td><td class=\"has-text-align-center\" data-align=\"center\">Civilisation arabo-islamique<\/td><td class=\"has-text-align-center\" data-align=\"center\">&#8212;<\/td><\/tr><tr><td class=\"has-text-align-center\" data-align=\"center\">Abdessalem Mseddi<\/td><td class=\"has-text-align-center\" data-align=\"center\">Linguistique<\/td><td class=\"has-text-align-center\" data-align=\"center\"><a href=\"https:\/\/www.beitalhikma.tn\/wp-content\/uploads\/2016\/08\/cv-abdessalem-Msseddi.pdf\">Biographie<\/a><\/td><\/tr><tr><td class=\"has-text-align-center\" data-align=\"center\">Mustapha Kamal Nabli<\/td><td class=\"has-text-align-center\" data-align=\"center\">Sciences \u00e9conomiques<\/td><td class=\"has-text-align-center\" data-align=\"center\"><a href=\"https:\/\/www.beitalhikma.tn\/wp-content\/uploads\/2019\/07\/CURRICULUM-VITAE.pdf\">Biographie<\/a><\/td><\/tr><tr><td class=\"has-text-align-center\" data-align=\"center\">Malika Ouelbani<\/td><td class=\"has-text-align-center\" data-align=\"center\">Philosophie<\/td><td class=\"has-text-align-center\" data-align=\"center\"><a href=\"https:\/\/www.beitalhikma.tn\/wp-content\/uploads\/2019\/07\/CV.pdf\">Biographie<\/a><\/td><\/tr><tr><td class=\"has-text-align-center\" data-align=\"center\">Jaleleddine Sa<strong>\u00ef<\/strong>d <\/td><td class=\"has-text-align-center\" data-align=\"center\">Philosophie<\/td><td class=\"has-text-align-center\" data-align=\"center\"><a href=\"https:\/\/www.beitalhikma.tn\/wp-content\/uploads\/2020\/02\/Jaleleddine-Saied.pdf\">Biographie<\/a><\/td><\/tr><tr><td class=\"has-text-align-center\" data-align=\"center\">Abdeljalil Temimi<\/td><td class=\"has-text-align-center\" data-align=\"center\">Histoire<\/td><td class=\"has-text-align-center\" data-align=\"center\"><a href=\"https:\/\/www.beitalhikma.tn\/wp-content\/uploads\/2016\/06\/CV-Temimi-fran%C3%A7ais.pdf\">Biographie<\/a><\/td><\/tr><tr><td class=\"has-text-align-center\" data-align=\"center\">Fethi Triki<\/td><td class=\"has-text-align-center\" data-align=\"center\">Philosophie<\/td><td class=\"has-text-align-center\" data-align=\"center\">&#8212;<\/td><\/tr><\/tbody><\/table><\/figure>\n\n\n\n<p class=\"has-text-color has-background has-link-color wp-elements-dce0ca040130a81882ced1822f612074\" style=\"color:#fed082;background-color:#6f96a7;font-size:22px\"><strong>Membres associ\u00e9s<\/strong><\/p>\n\n\n\n<figure style=\"font-size:22px\" class=\"wp-block-table\"><table class=\"has-fixed-layout\"><tbody><tr><td class=\"has-text-align-center\" data-align=\"center\"><strong>Nom et Pr\u00e9nom<\/strong><\/td><td class=\"has-text-align-center\" data-align=\"center\"><strong>Sp\u00e9cialit\u00e9<\/strong><\/td><td class=\"has-text-align-center\" data-align=\"center\"><strong>Biographie<\/strong><\/td><\/tr><tr><td class=\"has-text-align-center\" data-align=\"center\"> Fethi Ben Slama<\/td><td class=\"has-text-align-center\" data-align=\"center\">Psychanalyse<\/td><td class=\"has-text-align-center\" data-align=\"center\">&#8212;<\/td><\/tr><tr><td class=\"has-text-align-center\" data-align=\"center\">Omar Charni<\/td><td class=\"has-text-align-center\" data-align=\"center\">Philosophie et histoire des sciences<\/td><td class=\"has-text-align-center\" data-align=\"center\">&#8212;<\/td><\/tr><tr><td class=\"has-text-align-center\" data-align=\"center\">Ahmed Hasnaoui<\/td><td class=\"has-text-align-center\" data-align=\"center\">Philosophie<\/td><td class=\"has-text-align-center\" data-align=\"center\">&#8212;<\/td><\/tr><tr><td class=\"has-text-align-center\" data-align=\"center\">Mondher Kilani<\/td><td class=\"has-text-align-center\" data-align=\"center\">Anthropologie<\/td><td class=\"has-text-align-center\" data-align=\"center\"><a href=\"https:\/\/www.beitalhikma.tn\/wp-content\/uploads\/2020\/02\/Biographie-Mondher-Kilani.pdf\">Biographie<\/a><\/td><\/tr><tr><td class=\"has-text-align-center\" data-align=\"center\">Melika Zghal<\/td><td class=\"has-text-align-center\" data-align=\"center\">Sciences sociales<\/td><td class=\"has-text-align-center\" data-align=\"center\"><a href=\"https:\/\/www.beitalhikma.tn\/wp-content\/uploads\/2016\/08\/CV-Melika-Zeghal.pdf\">Biographie<\/a><\/td><\/tr><\/tbody><\/table><\/figure>\n\n\n\n<p class=\"has-text-color has-background has-link-color wp-elements-fa7d47c7b0ae68b6defd9d5b941ea3e8\" style=\"color:#fed082;background-color:#6f96a7;font-size:22px\"><strong>Membres associ\u00e9s de nationalit\u00e9 \u00e9trang\u00e8re<\/strong><\/p>\n\n\n\n<figure style=\"font-size:22px\" class=\"wp-block-table\"><table class=\"has-fixed-layout\"><tbody><tr><td class=\"has-text-align-center\" data-align=\"center\"><strong>Nom et Pr\u00e9nom<\/strong><\/td><td class=\"has-text-align-center\" data-align=\"center\"><strong>Sp\u00e9cialit\u00e9<\/strong><\/td><td class=\"has-text-align-center\" data-align=\"center\"><strong>Nationalit\u00e9<\/strong><\/td><td class=\"has-text-align-center\" data-align=\"center\"><strong>Biographie<\/strong><\/td><\/tr><tr><td class=\"has-text-align-center\" data-align=\"center\">Abdessalem Cheddadi<\/td><td class=\"has-text-align-center\" data-align=\"center\">Histoire<\/td><td class=\"has-text-align-center\" data-align=\"center\">Marocaine<\/td><td class=\"has-text-align-center\" data-align=\"center\">&#8212;<\/td><\/tr><tr><td class=\"has-text-align-center\" data-align=\"center\">Noam Chomsky<\/td><td class=\"has-text-align-center\" data-align=\"center\">Linguistique<\/td><td class=\"has-text-align-center\" data-align=\"center\">Am\u00e9ricaine<\/td><td class=\"has-text-align-center\" data-align=\"center\">&#8212;<\/td><\/tr><tr><td class=\"has-text-align-center\" data-align=\"center\">Wajih Kawtharani<\/td><td class=\"has-text-align-center\" data-align=\"center\">Histoire<\/td><td class=\"has-text-align-center\" data-align=\"center\">Libanaise<\/td><td class=\"has-text-align-center\" data-align=\"center\">&#8212;<\/td><\/tr><tr><td class=\"has-text-align-center\" data-align=\"center\">Nacif Nassar<\/td><td class=\"has-text-align-center\" data-align=\"center\">Philosophie<\/td><td class=\"has-text-align-center\" data-align=\"center\">Libanaise<\/td><td class=\"has-text-align-center\" data-align=\"center\">&#8212;<\/td><\/tr><tr><td class=\"has-text-align-center\" data-align=\"center\">Elias Sanbar<\/td><td class=\"has-text-align-center\" data-align=\"center\">Sciences politiques<\/td><td class=\"has-text-align-center\" data-align=\"center\">Palestinienne<\/td><td class=\"has-text-align-center\" data-align=\"center\">&#8212;<\/td><\/tr><tr><td class=\"has-text-align-center\" data-align=\"center\">Houria Sinaceur<\/td><td class=\"has-text-align-center\" data-align=\"center\">Epist\u00e9mologie<\/td><td class=\"has-text-align-center\" data-align=\"center\">Marocaine<\/td><td class=\"has-text-align-center\" data-align=\"center\">&#8212;<\/td><\/tr><\/tbody><\/table><\/figure>\n\n\n\n<p class=\"has-text-color has-background has-link-color wp-elements-a28fdf76f6ca7eec4fd8378ae8042b80\" style=\"color:#fed082;background-color:#6f96a7;font-size:24px\"><strong>Membres Correspondants<\/strong><\/p>\n\n\n\n<figure style=\"font-size:22px\" class=\"wp-block-table\"><table class=\"has-fixed-layout\"><tbody><tr><td class=\"has-text-align-center\" data-align=\"center\"><strong>Nom et Pr\u00e9nom<\/strong><\/td><td class=\"has-text-align-center\" data-align=\"center\"><strong>Sp\u00e9cialit\u00e9<\/strong><\/td><td class=\"has-text-align-center\" data-align=\"center\"><strong>Nationalit\u00e9<\/strong><\/td><td class=\"has-text-align-center\" data-align=\"center\"><strong>Biographie<\/strong><\/td><\/tr><tr><td class=\"has-text-align-center\" data-align=\"center\">Fransisco Carillo-Montesinos<\/td><td class=\"has-text-align-center\" data-align=\"center\">Sciences sociales <\/td><td class=\"has-text-align-center\" data-align=\"center\">Espagnole<\/td><td class=\"has-text-align-center\" data-align=\"center\"><a href=\"https:\/\/www.beitalhikma.tn\/wp-content\/uploads\/2017\/01\/cv-Francisco-CARRILLO-MONTESINOS.pdf\">Biographie<\/a><\/td><\/tr><tr><td class=\"has-text-align-center\" data-align=\"center\">Maribel Fierro<\/td><td class=\"has-text-align-center\" data-align=\"center\">Histoire<\/td><td class=\"has-text-align-center\" data-align=\"center\">Espagnole<\/td><td class=\"has-text-align-center\" data-align=\"center\"><a href=\"https:\/\/www.beitalhikma.tn\/wp-content\/uploads\/2020\/05\/maribelfierro.pdf\">Biographie<\/a><\/td><\/tr><tr><td class=\"has-text-align-center\" data-align=\"center\">Ely\u00e8s Jouini<\/td><td class=\"has-text-align-center\" data-align=\"center\">Economie -Math\u00e9matiques <\/td><td class=\"has-text-align-center\" data-align=\"center\">Tunisienne<\/td><td class=\"has-text-align-center\" data-align=\"center\"><a href=\"https:\/\/www.beitalhikma.tn\/wp-content\/uploads\/2020\/09\/Biographie-Elyes-jouini.pdf\">Biographie<\/a><\/td><\/tr><tr><td class=\"has-text-align-center\" data-align=\"center\">Hirochi Kato <\/td><td class=\"has-text-align-center\" data-align=\"center\">Sciences \u00e9conomiques <\/td><td class=\"has-text-align-center\" data-align=\"center\">japponaise<\/td><td class=\"has-text-align-center\" data-align=\"center\"><a href=\"https:\/\/researchmap.jp\/read0138725\/?lang=english\">Biographie<\/a><\/td><\/tr><tr><td class=\"has-text-align-center\" data-align=\"center\">Mirlan Namatov<\/td><td class=\"has-text-align-center\" data-align=\"center\">Philosophie<\/td><td class=\"has-text-align-center\" data-align=\"center\">Ouzbek<\/td><td class=\"has-text-align-center\" data-align=\"center\"><a href=\"https:\/\/www.beitalhikma.tn\/wp-content\/uploads\/2020\/05\/CV-Mirlan-Namatov.pdf\">Biographie<\/a><\/td><\/tr><\/tbody><\/table><\/figure>\n","protected":false},"excerpt":{"rendered":"<p>Le Chef de D\u00e9partement Nom et Pr\u00e9nom Sp\u00e9cialit\u00e9 Biographie Abdelhamid Henia Histoire Contemporaine Biographie Membres actifs r\u00e9sidents en Tunisie Nom et Pr\u00e9nom Sp\u00e9cialit\u00e9 Biographie Jellal Abdelkafi [&hellip;]<\/p>\n","protected":false},"author":1,"featured_media":0,"parent":0,"menu_order":0,"comment_status":"closed","ping_status":"closed","template":"","meta":{"_uag_custom_page_level_css":"","footnotes":""},"class_list":["post-117119","page","type-page","status-publish","hentry"],"featured_image_src":null,"yoast_head":"<!-- This site is optimized with the Yoast SEO plugin v27.4 - https:\/\/yoast.com\/product\/yoast-seo-wordpress\/ -->\n<title>D\u00e9partement des Sciences humaines et sociales - Beit al-Hikma<\/title>\n<meta name=\"robots\" content=\"index, follow, max-snippet:-1, max-image-preview:large, max-video-preview:-1\" \/>\n<link rel=\"canonical\" href=\"https:\/\/www.beitalhikma.tn\/fr\/departement-des-sciences-humaines-et-sociales\/\" \/>\n<meta property=\"og:locale\" content=\"fr_FR\" \/>\n<meta property=\"og:type\" content=\"article\" \/>\n<meta property=\"og:title\" content=\"D\u00e9partement des Sciences humaines et sociales - Beit al-Hikma\" \/>\n<meta property=\"og:description\" content=\"Le Chef de D\u00e9partement Nom et Pr\u00e9nom Sp\u00e9cialit\u00e9 Biographie Abdelhamid Henia Histoire Contemporaine Biographie Membres actifs r\u00e9sidents en Tunisie Nom et Pr\u00e9nom Sp\u00e9cialit\u00e9 Biographie Jellal Abdelkafi [&hellip;]\" \/>\n<meta property=\"og:url\" content=\"https:\/\/www.beitalhikma.tn\/fr\/departement-des-sciences-humaines-et-sociales\/\" \/>\n<meta property=\"og:site_name\" content=\"Beit al-Hikma\" \/>\n<meta property=\"article:publisher\" content=\"https:\/\/www.facebook.com\/BeitalhikmaTunisie\/\" \/>\n<meta property=\"article:modified_time\" content=\"2026-03-08T12:51:39+00:00\" \/>\n<meta property=\"og:image\" content=\"https:\/\/www.beitalhikma.tn\/wp-content\/uploads\/2022\/02\/LOGO-1-250x250-1.jpg\" \/>\n\t<meta property=\"og:image:width\" content=\"250\" \/>\n\t<meta property=\"og:image:height\" content=\"250\" \/>\n\t<meta property=\"og:image:type\" content=\"image\/jpeg\" \/>\n<meta name=\"twitter:card\" content=\"summary_large_image\" \/>\n<meta name=\"twitter:site\" content=\"@Beit_alhikma_TN\" \/>\n<meta name=\"twitter:label1\" content=\"Dur\u00e9e de lecture estim\u00e9e\" \/>\n\t<meta name=\"twitter:data1\" content=\"2 minutes\" \/>\n<script type=\"application\/ld+json\" class=\"yoast-schema-graph\">{\"@context\":\"https:\\\/\\\/schema.org\",\"@graph\":[{\"@type\":\"WebPage\",\"@id\":\"https:\\\/\\\/www.beitalhikma.tn\\\/fr\\\/departement-des-sciences-humaines-et-sociales\\\/\",\"url\":\"https:\\\/\\\/www.beitalhikma.tn\\\/fr\\\/departement-des-sciences-humaines-et-sociales\\\/\",\"name\":\"D\u00e9partement des Sciences humaines et sociales - Beit al-Hikma\",\"isPartOf\":{\"@id\":\"https:\\\/\\\/www.beitalhikma.tn\\\/#website\"},\"datePublished\":\"2024-12-02T10:04:12+00:00\",\"dateModified\":\"2026-03-08T12:51:39+00:00\",\"breadcrumb\":{\"@id\":\"https:\\\/\\\/www.beitalhikma.tn\\\/fr\\\/departement-des-sciences-humaines-et-sociales\\\/#breadcrumb\"},\"inLanguage\":\"fr-FR\",\"potentialAction\":[{\"@type\":\"ReadAction\",\"target\":[\"https:\\\/\\\/www.beitalhikma.tn\\\/fr\\\/departement-des-sciences-humaines-et-sociales\\\/\"]}]},{\"@type\":\"BreadcrumbList\",\"@id\":\"https:\\\/\\\/www.beitalhikma.tn\\\/fr\\\/departement-des-sciences-humaines-et-sociales\\\/#breadcrumb\",\"itemListElement\":[{\"@type\":\"ListItem\",\"position\":1,\"name\":\"Accueil\",\"item\":\"https:\\\/\\\/www.beitalhikma.tn\\\/fr\\\/\"},{\"@type\":\"ListItem\",\"position\":2,\"name\":\"D\u00e9partement des Sciences humaines et sociales\"}]},{\"@type\":\"WebSite\",\"@id\":\"https:\\\/\\\/www.beitalhikma.tn\\\/#website\",\"url\":\"https:\\\/\\\/www.beitalhikma.tn\\\/\",\"name\":\"Beit al-Hikma\",\"description\":\"L&#039;Acad\u00e9mie Tunisienne des Sciences, des Lettres  et des Arts\",\"publisher\":{\"@id\":\"https:\\\/\\\/www.beitalhikma.tn\\\/#organization\"},\"potentialAction\":[{\"@type\":\"SearchAction\",\"target\":{\"@type\":\"EntryPoint\",\"urlTemplate\":\"https:\\\/\\\/www.beitalhikma.tn\\\/?s={search_term_string}\"},\"query-input\":{\"@type\":\"PropertyValueSpecification\",\"valueRequired\":true,\"valueName\":\"search_term_string\"}}],\"inLanguage\":\"fr-FR\"},{\"@type\":\"Organization\",\"@id\":\"https:\\\/\\\/www.beitalhikma.tn\\\/#organization\",\"name\":\"Beit Al Hikma\",\"url\":\"https:\\\/\\\/www.beitalhikma.tn\\\/\",\"logo\":{\"@type\":\"ImageObject\",\"inLanguage\":\"fr-FR\",\"@id\":\"https:\\\/\\\/www.beitalhikma.tn\\\/#\\\/schema\\\/logo\\\/image\\\/\",\"url\":\"https:\\\/\\\/www.beitalhikma.tn\\\/wp-content\\\/uploads\\\/2014\\\/11\\\/logo.png\",\"contentUrl\":\"https:\\\/\\\/www.beitalhikma.tn\\\/wp-content\\\/uploads\\\/2014\\\/11\\\/logo.png\",\"width\":288,\"height\":109,\"caption\":\"Beit Al Hikma\"},\"image\":{\"@id\":\"https:\\\/\\\/www.beitalhikma.tn\\\/#\\\/schema\\\/logo\\\/image\\\/\"},\"sameAs\":[\"https:\\\/\\\/www.facebook.com\\\/BeitalhikmaTunisie\\\/\",\"https:\\\/\\\/x.com\\\/Beit_alhikma_TN\",\"https:\\\/\\\/www.youtube.com\\\/channel\\\/UCl8EfDXqt5MFfcEY0UYhevg\"]}]}<\/script>\n<!-- \/ Yoast SEO plugin. -->","yoast_head_json":{"title":"D\u00e9partement des Sciences humaines et sociales - Beit al-Hikma","robots":{"index":"index","follow":"follow","max-snippet":"max-snippet:-1","max-image-preview":"max-image-preview:large","max-video-preview":"max-video-preview:-1"},"canonical":"https:\/\/www.beitalhikma.tn\/fr\/departement-des-sciences-humaines-et-sociales\/","og_locale":"fr_FR","og_type":"article","og_title":"D\u00e9partement des Sciences humaines et sociales - Beit al-Hikma","og_description":"Le Chef de D\u00e9partement Nom et Pr\u00e9nom Sp\u00e9cialit\u00e9 Biographie Abdelhamid Henia Histoire Contemporaine Biographie Membres actifs r\u00e9sidents en Tunisie Nom et Pr\u00e9nom Sp\u00e9cialit\u00e9 Biographie Jellal Abdelkafi [&hellip;]","og_url":"https:\/\/www.beitalhikma.tn\/fr\/departement-des-sciences-humaines-et-sociales\/","og_site_name":"Beit al-Hikma","article_publisher":"https:\/\/www.facebook.com\/BeitalhikmaTunisie\/","article_modified_time":"2026-03-08T12:51:39+00:00","og_image":[{"width":250,"height":250,"url":"https:\/\/www.beitalhikma.tn\/wp-content\/uploads\/2022\/02\/LOGO-1-250x250-1.jpg","type":"image\/jpeg"}],"twitter_card":"summary_large_image","twitter_site":"@Beit_alhikma_TN","twitter_misc":{"Dur\u00e9e de lecture estim\u00e9e":"2 minutes"},"schema":{"@context":"https:\/\/schema.org","@graph":[{"@type":"WebPage","@id":"https:\/\/www.beitalhikma.tn\/fr\/departement-des-sciences-humaines-et-sociales\/","url":"https:\/\/www.beitalhikma.tn\/fr\/departement-des-sciences-humaines-et-sociales\/","name":"D\u00e9partement des Sciences humaines et sociales - Beit al-Hikma","isPartOf":{"@id":"https:\/\/www.beitalhikma.tn\/#website"},"datePublished":"2024-12-02T10:04:12+00:00","dateModified":"2026-03-08T12:51:39+00:00","breadcrumb":{"@id":"https:\/\/www.beitalhikma.tn\/fr\/departement-des-sciences-humaines-et-sociales\/#breadcrumb"},"inLanguage":"fr-FR","potentialAction":[{"@type":"ReadAction","target":["https:\/\/www.beitalhikma.tn\/fr\/departement-des-sciences-humaines-et-sociales\/"]}]},{"@type":"BreadcrumbList","@id":"https:\/\/www.beitalhikma.tn\/fr\/departement-des-sciences-humaines-et-sociales\/#breadcrumb","itemListElement":[{"@type":"ListItem","position":1,"name":"Accueil","item":"https:\/\/www.beitalhikma.tn\/fr\/"},{"@type":"ListItem","position":2,"name":"D\u00e9partement des Sciences humaines et sociales"}]},{"@type":"WebSite","@id":"https:\/\/www.beitalhikma.tn\/#website","url":"https:\/\/www.beitalhikma.tn\/","name":"Beit al-Hikma","description":"L&#039;Acad\u00e9mie Tunisienne des Sciences, des Lettres  et des Arts","publisher":{"@id":"https:\/\/www.beitalhikma.tn\/#organization"},"potentialAction":[{"@type":"SearchAction","target":{"@type":"EntryPoint","urlTemplate":"https:\/\/www.beitalhikma.tn\/?s={search_term_string}"},"query-input":{"@type":"PropertyValueSpecification","valueRequired":true,"valueName":"search_term_string"}}],"inLanguage":"fr-FR"},{"@type":"Organization","@id":"https:\/\/www.beitalhikma.tn\/#organization","name":"Beit Al Hikma","url":"https:\/\/www.beitalhikma.tn\/","logo":{"@type":"ImageObject","inLanguage":"fr-FR","@id":"https:\/\/www.beitalhikma.tn\/#\/schema\/logo\/image\/","url":"https:\/\/www.beitalhikma.tn\/wp-content\/uploads\/2014\/11\/logo.png","contentUrl":"https:\/\/www.beitalhikma.tn\/wp-content\/uploads\/2014\/11\/logo.png","width":288,"height":109,"caption":"Beit Al Hikma"},"image":{"@id":"https:\/\/www.beitalhikma.tn\/#\/schema\/logo\/image\/"},"sameAs":["https:\/\/www.facebook.com\/BeitalhikmaTunisie\/","https:\/\/x.com\/Beit_alhikma_TN","https:\/\/www.youtube.com\/channel\/UCl8EfDXqt5MFfcEY0UYhevg"]}]}},"uagb_featured_image_src":{"full":false,"thumbnail":false,"medium":false,"medium_large":false,"large":false,"thumblist":false,"meccarouselthumb":false,"gridsquare":false,"tileview":false,"1536x1536":false,"2048x2048":false,"post-thumbnail":false,"50x50":false,"portfolio-list":false,"portfolio-fs":false,"portfolio-slider":false,"blog":false,"blog-single":false,"blog-item":false,"blog-widget":false,"features":false,"clients-slider":false,"offer-slider":false,"offer-slider-pg":false,"woocommerce_thumbnail":false,"woocommerce_single":false,"woocommerce_gallery_thumbnail":false},"uagb_author_info":{"display_name":"admin","author_link":"https:\/\/www.beitalhikma.tn\/fr\/author\/admin\/"},"uagb_comment_info":0,"uagb_excerpt":"Le Chef de D\u00e9partement Nom et Pr\u00e9nom Sp\u00e9cialit\u00e9 Biographie Abdelhamid Henia Histoire Contemporaine Biographie Membres actifs r\u00e9sidents en Tunisie Nom et Pr\u00e9nom Sp\u00e9cialit\u00e9 Biographie Jellal Abdelkafi [&hellip;]","_links":{"self":[{"href":"https:\/\/www.beitalhikma.tn\/fr\/wp-json\/wp\/v2\/pages\/117119","targetHints":{"allow":["GET"]}}],"collection":[{"href":"https:\/\/www.beitalhikma.tn\/fr\/wp-json\/wp\/v2\/pages"}],"about":[{"href":"https:\/\/www.beitalhikma.tn\/fr\/wp-json\/wp\/v2\/types\/page"}],"author":[{"embeddable":true,"href":"https:\/\/www.beitalhikma.tn\/fr\/wp-json\/wp\/v2\/users\/1"}],"replies":[{"embeddable":true,"href":"https:\/\/www.beitalhikma.tn\/fr\/wp-json\/wp\/v2\/comments?post=117119"}],"version-history":[{"count":2,"href":"https:\/\/www.beitalhikma.tn\/fr\/wp-json\/wp\/v2\/pages\/117119\/revisions"}],"predecessor-version":[{"id":128111,"href":"https:\/\/www.beitalhikma.tn\/fr\/wp-json\/wp\/v2\/pages\/117119\/revisions\/128111"}],"wp:attachment":[{"href":"https:\/\/www.beitalhikma.tn\/fr\/wp-json\/wp\/v2\/media?parent=117119"}],"curies":[{"name":"wp","href":"https:\/\/api.w.org\/{rel}","templated":true}]}}