{"id":117250,"date":"2024-12-04T14:00:09","date_gmt":"2024-12-04T13:00:09","guid":{"rendered":"https:\/\/www.beitalhikma.tn\/?page_id=117250"},"modified":"2026-03-14T13:29:13","modified_gmt":"2026-03-14T12:29:13","slug":"departement-des-lettres","status":"publish","type":"page","link":"https:\/\/www.beitalhikma.tn\/fr\/departement-des-lettres\/","title":{"rendered":"D\u00e9partement des Lettres"},"content":{"rendered":"\n<p class=\"has-text-color has-background has-link-color wp-elements-5caa00a8e8d93689e2b84bf7e9b1120c\" style=\"color:#fed082;background-color:#6f96a7;font-size:22px\"><strong>Le Chef de D\u00e9partement<\/strong><\/p>\n\n\n\n<figure style=\"font-size:22px\" class=\"wp-block-table\"><table class=\"has-fixed-layout\"><tbody><tr><td class=\"has-text-align-center\" data-align=\"center\"><strong>Nom et Pr\u00e9nom<\/strong><\/td><td class=\"has-text-align-center\" data-align=\"center\"><strong>Sp\u00e9cialit\u00e9<\/strong><\/td><td class=\"has-text-align-center\" data-align=\"center\"><strong>Biographie<\/strong><\/td><\/tr><tr><td class=\"has-text-align-center\" data-align=\"center\">Hamadi Ben Jaballah<\/td><td class=\"has-text-align-center\" data-align=\"center\">Philosophie<\/td><td class=\"has-text-align-center\" data-align=\"center\"><a href=\"https:\/\/www.beitalhikma.tn\/wp-content\/uploads\/2020\/02\/Hamadi-Ben-Jaballah.pdf\">Biographie<\/a><\/td><\/tr><\/tbody><\/table><\/figure>\n\n\n\n<p class=\"has-text-color has-background has-link-color wp-elements-36528f75315c4e08f927ce54a7b1ca30\" style=\"color:#fed082;background-color:#6f96a7;font-size:24px\"><strong>Membres actifs r\u00e9sidents en Tunisie<\/strong><\/p>\n\n\n\n<figure style=\"font-size:22px\" class=\"wp-block-table\"><table class=\"has-fixed-layout\"><tbody><tr><td class=\"has-text-align-center\" data-align=\"center\"><strong>Nom et Pr\u00e9nom<\/strong><\/td><td class=\"has-text-align-center\" data-align=\"center\"><strong>Sp\u00e9cialit\u00e9<\/strong><\/td><td class=\"has-text-align-center\" data-align=\"center\"><strong>Biographie<\/strong><\/td><\/tr><tr><td class=\"has-text-align-center\" data-align=\"center\">Raja Bahri Yassine<\/td><td class=\"has-text-align-center\" data-align=\"center\">Langue et litt\u00e9rature espagnole<\/td><td class=\"has-text-align-center\" data-align=\"center\"><a href=\"https:\/\/www.beitalhikma.tn\/wp-content\/uploads\/2020\/02\/Cv-Pr.Raja-Bahri.pdf\" type=\"link\" id=\"https:\/\/www.beitalhikma.tn\/wp-content\/uploads\/2020\/02\/Cv-Pr.Raja-Bahri.pdf\">Biographie<\/a><\/td><\/tr><tr><td class=\"has-text-align-center\" data-align=\"center\">Jelloul Azzouna<\/td><td class=\"has-text-align-center\" data-align=\"center\">Roman<\/td><td class=\"has-text-align-center\" data-align=\"center\">&#8212;<\/td><\/tr><tr><td class=\"has-text-align-center\" data-align=\"center\">Alia Baccar Bornaz<\/td><td class=\"has-text-align-center\" data-align=\"center\">Litt\u00e9rature fran\u00e7aise<\/td><td class=\"has-text-align-center\" data-align=\"center\"><a href=\"https:\/\/www.beitalhikma.tn\/wp-content\/uploads\/2020\/02\/Cv-Alia-Bournaz-Baccar.pdf\">Biographie<\/a><\/td><\/tr><tr><td class=\"has-text-align-center\" data-align=\"center\">Emna Belhaj Yahia<\/td><td class=\"has-text-align-center\" data-align=\"center\">Roman<\/td><td class=\"has-text-align-center\" data-align=\"center\"><a href=\"https:\/\/www.beitalhikma.tn\/wp-content\/uploads\/2016\/08\/Emna-Bel-Haj-Yahya.pdf\">Biographie<\/a><\/td><\/tr><tr><td class=\"has-text-align-center\" data-align=\"center\">Ibrahim Ben Mrad<\/td><td class=\"has-text-align-center\" data-align=\"center\">Lexicologie et linguistique<\/td><td class=\"has-text-align-center\" data-align=\"center\"><a href=\"https:\/\/www.beitalhikma.tn\/wp-content\/uploads\/2020\/06\/%D8%A5%D8%A8%D8%B1%D8%A7%D9%87%D9%8A%D9%85-%D8%A8%D9%86-%D9%85%D8%B1%D8%A7%D8%AF.pdf\">Biographie<\/a><\/td><\/tr><tr><td class=\"has-text-align-center\" data-align=\"center\">Mohamed Slaheddine Cherif<\/td><td class=\"has-text-align-center\" data-align=\"center\">Langue et litt\u00e9rature arabe<\/td><td class=\"has-text-align-center\" data-align=\"center\">&#8212;<\/td><\/tr><tr><td class=\"has-text-align-center\" data-align=\"center\">Mounir Fendri<\/td><td class=\"has-text-align-center\" data-align=\"center\">Langue et litt\u00e9rature allemande<\/td><td class=\"has-text-align-center\" data-align=\"center\"><a href=\"https:\/\/www.beitalhikma.tn\/wp-content\/uploads\/2019\/07\/Mounir-Fendri.pdf\">Biographie<\/a><\/td><\/tr><tr><td class=\"has-text-align-center\" data-align=\"center\">Mohamed Kameleddine Gaha<\/td><td class=\"has-text-align-center\" data-align=\"center\">Litt\u00e9rature et civilisation fran\u00e7aise<\/td><td class=\"has-text-align-center\" data-align=\"center\"><a href=\"https:\/\/www.beitalhikma.tn\/wp-content\/uploads\/2020\/02\/KAMAL-GAHA.pdf\">Biographie<\/a><\/td><\/tr><tr><td class=\"has-text-align-center\" data-align=\"center\">Mounir Kh\u00e9lifa<\/td><td class=\"has-text-align-center\" data-align=\"center\">Langue et litt\u00e9rature anglaise<\/td><td class=\"has-text-align-center\" data-align=\"center\"><a href=\"https:\/\/www.beitalhikma.tn\/wp-content\/uploads\/2016\/08\/Mounir-Khelifa-Fr.pdf\">Biographie<\/a><\/td><\/tr><tr><td class=\"has-text-align-center\" data-align=\"center\">Ali Louati<\/td><td class=\"has-text-align-center\" data-align=\"center\">Litt\u00e9rarture et \u00e9criture dramatique<\/td><td class=\"has-text-align-center\" data-align=\"center\"><a href=\"https:\/\/www.beitalhikma.tn\/wp-content\/uploads\/2016\/07\/Ali_louati.Bref-c-v-1.pdf\">Biographie<\/a><\/td><\/tr><tr><td class=\"has-text-align-center\" data-align=\"center\">Azedine Madani<\/td><td class=\"has-text-align-center\" data-align=\"center\">Ecriture th\u00e9\u00e2trale<\/td><td class=\"has-text-align-center\" data-align=\"center\"><a href=\"https:\/\/www.beitalhikma.tn\/wp-content\/uploads\/2014\/11\/CURRICULUM-VITAE.pdf\">Biographie<\/a><\/td><\/tr><tr><td class=\"has-text-align-center\" data-align=\"center\">Mabrouk Mannai<\/td><td class=\"has-text-align-center\" data-align=\"center\">Po\u00e9sie et litt\u00e9rature arabe<\/td><td class=\"has-text-align-center\" data-align=\"center\"><a href=\"https:\/\/www.beitalhikma.tn\/wp-content\/uploads\/2025\/09\/Curriculum-Vitae-actualise-2025.pdf\" target=\"_blank\" rel=\"noreferrer noopener\">Biographie<\/a><\/td><\/tr><tr><td class=\"has-text-align-center\" data-align=\"center\">Samir Marzouki<\/td><td class=\"has-text-align-center\" data-align=\"center\">Litt\u00e9rature et civilisation fran\u00e7aise<\/td><td class=\"has-text-align-center\" data-align=\"center\"><a href=\"https:\/\/www.beitalhikma.tn\/wp-content\/uploads\/2017\/03\/CV-Samir-Marzouki.pdf\">Biographie<\/a><\/td><\/tr><tr><td class=\"has-text-align-center\" data-align=\"center\">Moncef Ouhaibi<\/td><td class=\"has-text-align-center\" data-align=\"center\">Po\u00e9sie et litt\u00e9rature arabe<\/td><td class=\"has-text-align-center\" data-align=\"center\"><a href=\"https:\/\/www.beitalhikma.tn\/wp-content\/uploads\/2016\/08\/%D8%B3%D9%8A%D8%B1%D8%A9-%D8%B0%D8%A7%D8%AA%D9%8A%D9%91%D8%A9-%D9%88%D8%B9%D9%84%D9%85%D9%8A%D9%91%D8%A9.pdf\">Biographie<\/a><\/td><\/tr><tr><td class=\"has-text-align-center\" data-align=\"center\">Hamadi Sammoud<\/td><td class=\"has-text-align-center\" data-align=\"center\">Langue et litt\u00e9rature arabe<\/td><td class=\"has-text-align-center\" data-align=\"center\"><a href=\"https:\/\/www.beitalhikma.tn\/wp-content\/uploads\/2014\/11\/%D8%B3%D9%8A%D8%B1%D8%A9-%D8%B0%D8%A7%D8%AA%D9%8A%D9%91%D8%A9-%D8%AD%D9%85%D8%A7%D8%AF%D9%8A-%D8%B5%D9%85%D9%88%D8%AF-.pdf\">Biographie<\/a><\/td><\/tr><tr><td class=\"has-text-align-center\" data-align=\"center\">Mahmoud Tarchouna<\/td><td class=\"has-text-align-center\" data-align=\"center\">Litt\u00e9rature Compar\u00e9e<\/td><td class=\"has-text-align-center\" data-align=\"center\"><a href=\"https:\/\/www.beitalhikma.tn\/wp-content\/uploads\/2016\/08\/CV-Mahmoud-Tarchouna.pdf\">Biographie<\/a><\/td><\/tr><\/tbody><\/table><\/figure>\n\n\n\n<p class=\"has-text-color has-background has-link-color wp-elements-e04b77dfc6ce4d22fd37e8de28539988\" style=\"color:#fed082;background-color:#6f96a7;font-size:24px\"><strong>Membre associ\u00e9 de nationalit\u00e9 \u00e9trang\u00e8re<\/strong><\/p>\n\n\n\n<figure style=\"font-size:22px\" class=\"wp-block-table\"><table class=\"has-fixed-layout\"><tbody><tr><td class=\"has-text-align-center\" data-align=\"center\"><strong>Nom et Pr\u00e9nom<\/strong><\/td><td class=\"has-text-align-center\" data-align=\"center\"><strong>Sp\u00e9cialit\u00e9<\/strong><\/td><td class=\"has-text-align-center\" data-align=\"center\"><strong>Nationalit\u00e9<\/strong><\/td><td class=\"has-text-align-center\" data-align=\"center\"><strong>Biographie<\/strong><\/td><\/tr><tr><td class=\"has-text-align-center\" data-align=\"center\">Alaa Aswany<\/td><td class=\"has-text-align-center\" data-align=\"center\">Ecrivain<\/td><td class=\"has-text-align-center\" data-align=\"center\">Egyptienne<\/td><td class=\"has-text-align-center\" data-align=\"center\"><a href=\"https:\/\/www.beitalhikma.tn\/wp-content\/uploads\/2017\/01\/ala-aswani.pdf\">Biographie<\/a><\/td><\/tr><tr><td class=\"has-text-align-center\" data-align=\"center\">Waciny Laredj<\/td><td class=\"has-text-align-center\" data-align=\"center\">Roman<\/td><td class=\"has-text-align-center\" data-align=\"center\">Alg\u00e9rienne<\/td><td class=\"has-text-align-center\" data-align=\"center\">&#8212;<\/td><\/tr><\/tbody><\/table><\/figure>\n\n\n\n<p class=\"has-text-color has-background has-link-color wp-elements-1089502819b0d2102dada2eb9dbc565b\" style=\"color:#fed082;background-color:#6f96a7;font-size:24px\"><strong>Membres correspondants<\/strong><\/p>\n\n\n\n<figure style=\"font-size:22px\" class=\"wp-block-table\"><table class=\"has-fixed-layout\"><tbody><tr><td class=\"has-text-align-center\" data-align=\"center\"><strong>Nom et Pr\u00e9nom<\/strong><\/td><td class=\"has-text-align-center\" data-align=\"center\"><strong>Sp\u00e9cialit\u00e9<\/strong><\/td><td class=\"has-text-align-center\" data-align=\"center\"><strong>Nationalit\u00e9<\/strong><\/td><td class=\"has-text-align-center\" data-align=\"center\"><strong>Biographie<\/strong><\/td><\/tr><tr><td class=\"has-text-align-center\" data-align=\"center\">Jaime de ferr\u00e0 et Gisbert<\/td><td class=\"has-text-align-center\" data-align=\"center\">Droits<\/td><td class=\"has-text-align-center\" data-align=\"center\">Espagnole<\/td><td class=\"has-text-align-center\" data-align=\"center\"><a href=\"https:\/\/www.beitalhikma.tn\/wp-content\/uploads\/2020\/04\/CV-Jaime-de-Ferra-y-Gisbert.pdf\">Biographie<\/a><\/td><\/tr><tr><td class=\"has-text-align-center\" data-align=\"center\">Abdelfatteh Kilito<\/td><td class=\"has-text-align-center\" data-align=\"center\">Litt\u00e9rature Compar\u00e9e<\/td><td class=\"has-text-align-center\" data-align=\"center\">Marocaine<\/td><td class=\"has-text-align-center\" data-align=\"center\"><a href=\"https:\/\/fr.wikipedia.org\/wiki\/Abdelfattah_Kilito\">Biographie<\/a><\/td><\/tr><tr><td class=\"has-text-align-center\" data-align=\"center\">Maria Jesus Viguera<\/td><td class=\"has-text-align-center\" data-align=\"center\">Histoire et Langue<\/td><td class=\"has-text-align-center\" data-align=\"center\">Espagnole<\/td><td class=\"has-text-align-center\" data-align=\"center\"><a href=\"https:\/\/es.wikipedia.org\/wiki\/Mar%C3%ADa_Jes%C3%BAs_Viguera_Molins\">Biographie<\/a><\/td><\/tr><\/tbody><\/table><\/figure>\n","protected":false},"excerpt":{"rendered":"<p>Le Chef de D\u00e9partement Nom et Pr\u00e9nom Sp\u00e9cialit\u00e9 Biographie Hamadi Ben Jaballah Philosophie Biographie Membres actifs r\u00e9sidents en Tunisie Nom et Pr\u00e9nom Sp\u00e9cialit\u00e9 Biographie Raja Bahri [&hellip;]<\/p>\n","protected":false},"author":1,"featured_media":0,"parent":0,"menu_order":0,"comment_status":"closed","ping_status":"closed","template":"","meta":{"_uag_custom_page_level_css":"","footnotes":""},"class_list":["post-117250","page","type-page","status-publish","hentry"],"featured_image_src":null,"yoast_head":"<!-- This site is optimized with the Yoast SEO plugin v27.4 - https:\/\/yoast.com\/product\/yoast-seo-wordpress\/ -->\n<title>D\u00e9partement des Lettres - Beit al-Hikma<\/title>\n<meta name=\"robots\" content=\"index, follow, max-snippet:-1, max-image-preview:large, max-video-preview:-1\" \/>\n<link rel=\"canonical\" href=\"https:\/\/www.beitalhikma.tn\/fr\/departement-des-lettres\/\" \/>\n<meta property=\"og:locale\" content=\"fr_FR\" \/>\n<meta property=\"og:type\" content=\"article\" \/>\n<meta property=\"og:title\" content=\"D\u00e9partement des Lettres - Beit al-Hikma\" \/>\n<meta property=\"og:description\" content=\"Le Chef de D\u00e9partement Nom et Pr\u00e9nom Sp\u00e9cialit\u00e9 Biographie Hamadi Ben Jaballah Philosophie Biographie Membres actifs r\u00e9sidents en Tunisie Nom et Pr\u00e9nom Sp\u00e9cialit\u00e9 Biographie Raja Bahri [&hellip;]\" \/>\n<meta property=\"og:url\" content=\"https:\/\/www.beitalhikma.tn\/fr\/departement-des-lettres\/\" \/>\n<meta property=\"og:site_name\" content=\"Beit al-Hikma\" \/>\n<meta property=\"article:publisher\" content=\"https:\/\/www.facebook.com\/BeitalhikmaTunisie\/\" \/>\n<meta property=\"article:modified_time\" content=\"2026-03-14T12:29:13+00:00\" \/>\n<meta property=\"og:image\" content=\"https:\/\/www.beitalhikma.tn\/wp-content\/uploads\/2022\/02\/LOGO-1-250x250-1.jpg\" \/>\n\t<meta property=\"og:image:width\" content=\"250\" \/>\n\t<meta property=\"og:image:height\" content=\"250\" \/>\n\t<meta property=\"og:image:type\" content=\"image\/jpeg\" \/>\n<meta name=\"twitter:card\" content=\"summary_large_image\" \/>\n<meta name=\"twitter:site\" content=\"@Beit_alhikma_TN\" \/>\n<meta name=\"twitter:label1\" content=\"Dur\u00e9e de lecture estim\u00e9e\" \/>\n\t<meta name=\"twitter:data1\" content=\"1 minute\" \/>\n<script type=\"application\/ld+json\" class=\"yoast-schema-graph\">{\"@context\":\"https:\\\/\\\/schema.org\",\"@graph\":[{\"@type\":\"WebPage\",\"@id\":\"https:\\\/\\\/www.beitalhikma.tn\\\/fr\\\/departement-des-lettres\\\/\",\"url\":\"https:\\\/\\\/www.beitalhikma.tn\\\/fr\\\/departement-des-lettres\\\/\",\"name\":\"D\u00e9partement des Lettres - Beit al-Hikma\",\"isPartOf\":{\"@id\":\"https:\\\/\\\/www.beitalhikma.tn\\\/#website\"},\"datePublished\":\"2024-12-04T13:00:09+00:00\",\"dateModified\":\"2026-03-14T12:29:13+00:00\",\"breadcrumb\":{\"@id\":\"https:\\\/\\\/www.beitalhikma.tn\\\/fr\\\/departement-des-lettres\\\/#breadcrumb\"},\"inLanguage\":\"fr-FR\",\"potentialAction\":[{\"@type\":\"ReadAction\",\"target\":[\"https:\\\/\\\/www.beitalhikma.tn\\\/fr\\\/departement-des-lettres\\\/\"]}]},{\"@type\":\"BreadcrumbList\",\"@id\":\"https:\\\/\\\/www.beitalhikma.tn\\\/fr\\\/departement-des-lettres\\\/#breadcrumb\",\"itemListElement\":[{\"@type\":\"ListItem\",\"position\":1,\"name\":\"Accueil\",\"item\":\"https:\\\/\\\/www.beitalhikma.tn\\\/fr\\\/\"},{\"@type\":\"ListItem\",\"position\":2,\"name\":\"D\u00e9partement des Lettres\"}]},{\"@type\":\"WebSite\",\"@id\":\"https:\\\/\\\/www.beitalhikma.tn\\\/#website\",\"url\":\"https:\\\/\\\/www.beitalhikma.tn\\\/\",\"name\":\"Beit al-Hikma\",\"description\":\"L&#039;Acad\u00e9mie Tunisienne des Sciences, des Lettres  et des Arts\",\"publisher\":{\"@id\":\"https:\\\/\\\/www.beitalhikma.tn\\\/#organization\"},\"potentialAction\":[{\"@type\":\"SearchAction\",\"target\":{\"@type\":\"EntryPoint\",\"urlTemplate\":\"https:\\\/\\\/www.beitalhikma.tn\\\/?s={search_term_string}\"},\"query-input\":{\"@type\":\"PropertyValueSpecification\",\"valueRequired\":true,\"valueName\":\"search_term_string\"}}],\"inLanguage\":\"fr-FR\"},{\"@type\":\"Organization\",\"@id\":\"https:\\\/\\\/www.beitalhikma.tn\\\/#organization\",\"name\":\"Beit Al Hikma\",\"url\":\"https:\\\/\\\/www.beitalhikma.tn\\\/\",\"logo\":{\"@type\":\"ImageObject\",\"inLanguage\":\"fr-FR\",\"@id\":\"https:\\\/\\\/www.beitalhikma.tn\\\/#\\\/schema\\\/logo\\\/image\\\/\",\"url\":\"https:\\\/\\\/www.beitalhikma.tn\\\/wp-content\\\/uploads\\\/2014\\\/11\\\/logo.png\",\"contentUrl\":\"https:\\\/\\\/www.beitalhikma.tn\\\/wp-content\\\/uploads\\\/2014\\\/11\\\/logo.png\",\"width\":288,\"height\":109,\"caption\":\"Beit Al Hikma\"},\"image\":{\"@id\":\"https:\\\/\\\/www.beitalhikma.tn\\\/#\\\/schema\\\/logo\\\/image\\\/\"},\"sameAs\":[\"https:\\\/\\\/www.facebook.com\\\/BeitalhikmaTunisie\\\/\",\"https:\\\/\\\/x.com\\\/Beit_alhikma_TN\",\"https:\\\/\\\/www.youtube.com\\\/channel\\\/UCl8EfDXqt5MFfcEY0UYhevg\"]}]}<\/script>\n<!-- \/ Yoast SEO plugin. -->","yoast_head_json":{"title":"D\u00e9partement des Lettres - Beit al-Hikma","robots":{"index":"index","follow":"follow","max-snippet":"max-snippet:-1","max-image-preview":"max-image-preview:large","max-video-preview":"max-video-preview:-1"},"canonical":"https:\/\/www.beitalhikma.tn\/fr\/departement-des-lettres\/","og_locale":"fr_FR","og_type":"article","og_title":"D\u00e9partement des Lettres - Beit al-Hikma","og_description":"Le Chef de D\u00e9partement Nom et Pr\u00e9nom Sp\u00e9cialit\u00e9 Biographie Hamadi Ben Jaballah Philosophie Biographie Membres actifs r\u00e9sidents en Tunisie Nom et Pr\u00e9nom Sp\u00e9cialit\u00e9 Biographie Raja Bahri [&hellip;]","og_url":"https:\/\/www.beitalhikma.tn\/fr\/departement-des-lettres\/","og_site_name":"Beit al-Hikma","article_publisher":"https:\/\/www.facebook.com\/BeitalhikmaTunisie\/","article_modified_time":"2026-03-14T12:29:13+00:00","og_image":[{"width":250,"height":250,"url":"https:\/\/www.beitalhikma.tn\/wp-content\/uploads\/2022\/02\/LOGO-1-250x250-1.jpg","type":"image\/jpeg"}],"twitter_card":"summary_large_image","twitter_site":"@Beit_alhikma_TN","twitter_misc":{"Dur\u00e9e de lecture estim\u00e9e":"1 minute"},"schema":{"@context":"https:\/\/schema.org","@graph":[{"@type":"WebPage","@id":"https:\/\/www.beitalhikma.tn\/fr\/departement-des-lettres\/","url":"https:\/\/www.beitalhikma.tn\/fr\/departement-des-lettres\/","name":"D\u00e9partement des Lettres - Beit al-Hikma","isPartOf":{"@id":"https:\/\/www.beitalhikma.tn\/#website"},"datePublished":"2024-12-04T13:00:09+00:00","dateModified":"2026-03-14T12:29:13+00:00","breadcrumb":{"@id":"https:\/\/www.beitalhikma.tn\/fr\/departement-des-lettres\/#breadcrumb"},"inLanguage":"fr-FR","potentialAction":[{"@type":"ReadAction","target":["https:\/\/www.beitalhikma.tn\/fr\/departement-des-lettres\/"]}]},{"@type":"BreadcrumbList","@id":"https:\/\/www.beitalhikma.tn\/fr\/departement-des-lettres\/#breadcrumb","itemListElement":[{"@type":"ListItem","position":1,"name":"Accueil","item":"https:\/\/www.beitalhikma.tn\/fr\/"},{"@type":"ListItem","position":2,"name":"D\u00e9partement des Lettres"}]},{"@type":"WebSite","@id":"https:\/\/www.beitalhikma.tn\/#website","url":"https:\/\/www.beitalhikma.tn\/","name":"Beit al-Hikma","description":"L&#039;Acad\u00e9mie Tunisienne des Sciences, des Lettres  et des Arts","publisher":{"@id":"https:\/\/www.beitalhikma.tn\/#organization"},"potentialAction":[{"@type":"SearchAction","target":{"@type":"EntryPoint","urlTemplate":"https:\/\/www.beitalhikma.tn\/?s={search_term_string}"},"query-input":{"@type":"PropertyValueSpecification","valueRequired":true,"valueName":"search_term_string"}}],"inLanguage":"fr-FR"},{"@type":"Organization","@id":"https:\/\/www.beitalhikma.tn\/#organization","name":"Beit Al Hikma","url":"https:\/\/www.beitalhikma.tn\/","logo":{"@type":"ImageObject","inLanguage":"fr-FR","@id":"https:\/\/www.beitalhikma.tn\/#\/schema\/logo\/image\/","url":"https:\/\/www.beitalhikma.tn\/wp-content\/uploads\/2014\/11\/logo.png","contentUrl":"https:\/\/www.beitalhikma.tn\/wp-content\/uploads\/2014\/11\/logo.png","width":288,"height":109,"caption":"Beit Al Hikma"},"image":{"@id":"https:\/\/www.beitalhikma.tn\/#\/schema\/logo\/image\/"},"sameAs":["https:\/\/www.facebook.com\/BeitalhikmaTunisie\/","https:\/\/x.com\/Beit_alhikma_TN","https:\/\/www.youtube.com\/channel\/UCl8EfDXqt5MFfcEY0UYhevg"]}]}},"uagb_featured_image_src":{"full":false,"thumbnail":false,"medium":false,"medium_large":false,"large":false,"thumblist":false,"meccarouselthumb":false,"gridsquare":false,"tileview":false,"1536x1536":false,"2048x2048":false,"post-thumbnail":false,"50x50":false,"portfolio-list":false,"portfolio-fs":false,"portfolio-slider":false,"blog":false,"blog-single":false,"blog-item":false,"blog-widget":false,"features":false,"clients-slider":false,"offer-slider":false,"offer-slider-pg":false,"woocommerce_thumbnail":false,"woocommerce_single":false,"woocommerce_gallery_thumbnail":false},"uagb_author_info":{"display_name":"admin","author_link":"https:\/\/www.beitalhikma.tn\/fr\/author\/admin\/"},"uagb_comment_info":0,"uagb_excerpt":"Le Chef de D\u00e9partement Nom et Pr\u00e9nom Sp\u00e9cialit\u00e9 Biographie Hamadi Ben Jaballah Philosophie Biographie Membres actifs r\u00e9sidents en Tunisie Nom et Pr\u00e9nom Sp\u00e9cialit\u00e9 Biographie Raja Bahri [&hellip;]","_links":{"self":[{"href":"https:\/\/www.beitalhikma.tn\/fr\/wp-json\/wp\/v2\/pages\/117250","targetHints":{"allow":["GET"]}}],"collection":[{"href":"https:\/\/www.beitalhikma.tn\/fr\/wp-json\/wp\/v2\/pages"}],"about":[{"href":"https:\/\/www.beitalhikma.tn\/fr\/wp-json\/wp\/v2\/types\/page"}],"author":[{"embeddable":true,"href":"https:\/\/www.beitalhikma.tn\/fr\/wp-json\/wp\/v2\/users\/1"}],"replies":[{"embeddable":true,"href":"https:\/\/www.beitalhikma.tn\/fr\/wp-json\/wp\/v2\/comments?post=117250"}],"version-history":[{"count":2,"href":"https:\/\/www.beitalhikma.tn\/fr\/wp-json\/wp\/v2\/pages\/117250\/revisions"}],"predecessor-version":[{"id":128177,"href":"https:\/\/www.beitalhikma.tn\/fr\/wp-json\/wp\/v2\/pages\/117250\/revisions\/128177"}],"wp:attachment":[{"href":"https:\/\/www.beitalhikma.tn\/fr\/wp-json\/wp\/v2\/media?parent=117250"}],"curies":[{"name":"wp","href":"https:\/\/api.w.org\/{rel}","templated":true}]}}