{"id":117519,"date":"2024-12-09T13:14:35","date_gmt":"2024-12-09T12:14:35","guid":{"rendered":"https:\/\/www.beitalhikma.tn\/?page_id=117519"},"modified":"2026-02-16T13:53:53","modified_gmt":"2026-02-16T12:53:53","slug":"departement-des-arts","status":"publish","type":"page","link":"https:\/\/www.beitalhikma.tn\/fr\/departement-des-arts\/","title":{"rendered":"D\u00e9partement des Arts"},"content":{"rendered":"\n<p class=\"has-text-color has-background has-link-color wp-elements-ec3778a905569597c8e7f93fbd5b9763\" style=\"color:#fed082;background-color:#6f96a7;font-size:24px\"><strong>Le Chef de D\u00e9partement<\/strong><\/p>\n\n\n\n<figure style=\"font-size:22px\" class=\"wp-block-table\"><table class=\"has-fixed-layout\"><tbody><tr><td class=\"has-text-align-center\" data-align=\"center\"><strong>Nom et Pr\u00e9nom<\/strong><\/td><td class=\"has-text-align-center\" data-align=\"center\"><strong>Sp\u00e9cialit\u00e9<\/strong><\/td><td class=\"has-text-align-center\" data-align=\"center\"><strong>Biographie<\/strong><\/td><\/tr><tr><td class=\"has-text-align-center\" data-align=\"center\">Samir Triki<\/td><td class=\"has-text-align-center\" data-align=\"center\">Arts plastiques<\/td><td class=\"has-text-align-center\" data-align=\"center\"><a href=\"https:\/\/www.beitalhikma.tn\/wp-content\/uploads\/2017\/04\/CV.pdf\">Biographie<\/a><\/td><\/tr><\/tbody><\/table><\/figure>\n\n\n\n<p class=\"has-text-color has-background has-link-color wp-elements-165a11a2f75a2a863f43e51856fe19cd\" style=\"color:#fed082;background-color:#6f96a7;font-size:24px\"><strong>Membres actifs r\u00e9sidents en Tunisie<\/strong><\/p>\n\n\n\n<figure style=\"font-size:22px\" class=\"wp-block-table\"><table class=\"has-fixed-layout\"><tbody><tr><td class=\"has-text-align-center\" data-align=\"center\"><strong>Nom et Pr\u00e9nom<\/strong><\/td><td class=\"has-text-align-center\" data-align=\"center\"><strong>Sp\u00e9cialit\u00e9<\/strong><\/td><td class=\"has-text-align-center\" data-align=\"center\"><strong>Biographie<\/strong><\/td><\/tr><tr><td class=\"has-text-align-center\" data-align=\"center\">Kah\u00e9na Attia<\/td><td class=\"has-text-align-center\" data-align=\"center\">Cin\u00e9ma<\/td><td class=\"has-text-align-center\" data-align=\"center\">&#8212;<\/td><\/tr><tr><td class=\"has-text-align-center\" data-align=\"center\">Jalila Baccar<\/td><td class=\"has-text-align-center\" data-align=\"center\">Th\u00e9\u00e2tre<\/td><td class=\"has-text-align-center\" data-align=\"center\">&#8212;<\/td><\/tr><tr><td class=\"has-text-align-center\" data-align=\"center\">Samir Becha<\/td><td class=\"has-text-align-center\" data-align=\"center\">Musique<\/td><td class=\"has-text-align-center\" data-align=\"center\"><a href=\"https:\/\/www.beitalhikma.tn\/wp-content\/uploads\/2017\/01\/CV-samir-Besha-Fran%C3%A7ais1.pdf\">Biographie<\/a><\/td><\/tr><tr><td class=\"has-text-align-center\" data-align=\"center\">Faika Bejaoui<\/td><td class=\"has-text-align-center\" data-align=\"center\">Architecture<\/td><td class=\"has-text-align-center\" data-align=\"center\"><a href=\"https:\/\/www.beitalhikma.tn\/wp-content\/uploads\/2019\/07\/Biographie-1.pdf\">Biographie<\/a><\/td><\/tr><tr><td class=\"has-text-align-center\" data-align=\"center\">Hichem Ben Ammar<\/td><td class=\"has-text-align-center\" data-align=\"center\">Cin\u00e9ma<\/td><td class=\"has-text-align-center\" data-align=\"center\"><a href=\"https:\/\/www.beitalhikma.tn\/wp-content\/uploads\/2020\/02\/Hichem-Ben-Ammar.pdf\">Biographie<\/a><\/td><\/tr><tr><td class=\"has-text-align-center\" data-align=\"center\">Kamel Ben ouan\u00e8s<\/td><td class=\"has-text-align-center\" data-align=\"center\">Critique de cin\u00e9ma<\/td><td class=\"has-text-align-center\" data-align=\"center\"><a href=\"https:\/\/www.beitalhikma.tn\/wp-content\/uploads\/2020\/06\/Kamel-Ben-Wannes.pdf\">Biographie<\/a><\/td><\/tr><tr><td class=\"has-text-align-center\" data-align=\"center\">Habib Bida<\/td><td class=\"has-text-align-center\" data-align=\"center\">Arts plastiques<\/td><td class=\"has-text-align-center\" data-align=\"center\"><a href=\"https:\/\/www.beitalhikma.tn\/wp-content\/uploads\/2020\/02\/Biographie.pdf\">Biographie<\/a><\/td><\/tr><tr><td class=\"has-text-align-center\" data-align=\"center\">Ferid Boughedir<\/td><td class=\"has-text-align-center\" data-align=\"center\">Cin\u00e9ma<\/td><td class=\"has-text-align-center\" data-align=\"center\">&#8212;<\/td><\/tr><tr><td class=\"has-text-align-center\" data-align=\"center\">Faten Chouba<\/td><td class=\"has-text-align-center\" data-align=\"center\">Arts plastiques<\/td><td class=\"has-text-align-center\" data-align=\"center\"><a href=\"https:\/\/www.beitalhikma.tn\/wp-content\/uploads\/2020\/09\/Notice-biographique.pdf\">Biographie<\/a><\/td><\/tr><tr><td class=\"has-text-align-center\" data-align=\"center\">Mehdi Mahmoud Dellagi<\/td><td class=\"has-text-align-center\" data-align=\"center\">Architecture<\/td><td class=\"has-text-align-center\" data-align=\"center\"><a href=\"https:\/\/www.beitalhikma.tn\/wp-content\/uploads\/2020\/02\/mehdi-mahmoud-dellagi.pdf\">Biographie<\/a><\/td><\/tr><tr><td class=\"has-text-align-center\" data-align=\"center\">Mahmoud Guetat<\/td><td class=\"has-text-align-center\" data-align=\"center\">Musique<\/td><td class=\"has-text-align-center\" data-align=\"center\"><a href=\"https:\/\/www.beitalhikma.tn\/wp-content\/uploads\/2017\/02\/CV-Mahmoud-Guettat.pdf\">Biographie<\/a><\/td><\/tr><tr><td class=\"has-text-align-center\" data-align=\"center\">Fadhel Ja\u00efbi<\/td><td class=\"has-text-align-center\" data-align=\"center\">Th\u00e9\u00e2tre<\/td><td class=\"has-text-align-center\" data-align=\"center\">&#8212;<\/td><\/tr><tr><td class=\"has-text-align-center\" data-align=\"center\">Anis Meddeb<\/td><td class=\"has-text-align-center\" data-align=\"center\">Histoire de la musique<\/td><td class=\"has-text-align-center\" data-align=\"center\"><a href=\"https:\/\/www.beitalhikma.tn\/wp-content\/uploads\/2024\/05\/CV-Pr-Anis-Meddeb-2024-en-francais.pdf\">Biographie<\/a><\/td><\/tr><tr><td class=\"has-text-align-center\" data-align=\"center\">Moez Mrabet<\/td><td class=\"has-text-align-center\" data-align=\"center\">Th\u00e9\u00e2tre<\/td><td class=\"has-text-align-center\" data-align=\"center\"><a href=\"https:\/\/www.beitalhikma.tn\/wp-content\/uploads\/2019\/07\/CV-1.pdf\">Biographie<\/a><\/td><\/tr><tr><td class=\"has-text-align-center\" data-align=\"center\">Le\u00efla seba\u00ef<\/td><td class=\"has-text-align-center\" data-align=\"center\">Chor\u00e9graphie et arch\u00e9ologie<\/td><td class=\"has-text-align-center\" data-align=\"center\"><a href=\"https:\/\/www.beitalhikma.tn\/wp-content\/uploads\/2020\/06\/Leila-Sebai.pdf\">Biographie<\/a><\/td><\/tr><tr><td class=\"has-text-align-center\" data-align=\"center\">Rachida Triki<\/td><td class=\"has-text-align-center\" data-align=\"center\"> Philosophie et esth\u00e8tique<\/td><td class=\"has-text-align-center\" data-align=\"center\"><a href=\"https:\/\/www.beitalhikma.tn\/wp-content\/uploads\/2020\/02\/Rachida-Triki.pdf\">Biographie<\/a><\/td><\/tr><\/tbody><\/table><\/figure>\n\n\n\n<p class=\"has-text-color has-background has-link-color wp-elements-04c30e4a2c914a7b33dff9b61375d23f\" style=\"color:#fed082;background-color:#6f96a7;font-size:24px\"><strong>Membres associ\u00e9s<\/strong><\/p>\n\n\n\n<figure style=\"font-size:22px\" class=\"wp-block-table\"><table class=\"has-fixed-layout\"><tbody><tr><td class=\"has-text-align-center\" data-align=\"center\"><strong>Nom et Pr\u00e9nom<\/strong><\/td><td class=\"has-text-align-center\" data-align=\"center\"><strong>Sp\u00e9cialit\u00e9<\/strong><\/td><td class=\"has-text-align-center\" data-align=\"center\"><strong>Biographie<\/strong><\/td><\/tr><tr><td class=\"has-text-align-center\" data-align=\"center\">Anouar Braham<\/td><td class=\"has-text-align-center\" data-align=\"center\">Musique<\/td><td class=\"has-text-align-center\" data-align=\"center\"><a href=\"https:\/\/www.beitalhikma.tn\/wp-content\/uploads\/2016\/07\/Biographie-ANOUAR-BARHEM-FRANC%CC%A7AIS.pdf\">Biographie<\/a><\/td><\/tr><\/tbody><\/table><\/figure>\n\n\n\n<p class=\"has-text-color has-background has-link-color wp-elements-08b70cc4ec771c74d3b7e1f3717ee7e1\" style=\"color:#fed082;background-color:#6f96a7;font-size:24px\"><strong>Membres Correspondants<\/strong><\/p>\n\n\n\n<figure style=\"font-size:22px\" class=\"wp-block-table\"><table class=\"has-fixed-layout\"><tbody><tr><td class=\"has-text-align-center\" data-align=\"center\"><strong>Nom et Pr\u00e9nom<\/strong><\/td><td class=\"has-text-align-center\" data-align=\"center\"><strong>Sp\u00e9cialit\u00e9<\/strong><\/td><td class=\"has-text-align-center\" data-align=\"center\"><strong>Biographie<\/strong><\/td><\/tr><tr><td class=\"has-text-align-center\" data-align=\"center\">Ridha Behi<\/td><td class=\"has-text-align-center\" data-align=\"center\">Cin\u00e9ma<\/td><td class=\"has-text-align-center\" data-align=\"center\"><a href=\"https:\/\/www.beitalhikma.tn\/wp-content\/uploads\/2020\/02\/Ridha-Behi.pdf\">Biographie<\/a><\/td><\/tr><\/tbody><\/table><\/figure>\n","protected":false},"excerpt":{"rendered":"<p>Le Chef de D\u00e9partement Nom et Pr\u00e9nom Sp\u00e9cialit\u00e9 Biographie Samir Triki Arts plastiques Biographie Membres actifs r\u00e9sidents en Tunisie Nom et Pr\u00e9nom Sp\u00e9cialit\u00e9 Biographie Kah\u00e9na Attia [&hellip;]<\/p>\n","protected":false},"author":1,"featured_media":0,"parent":0,"menu_order":0,"comment_status":"closed","ping_status":"closed","template":"","meta":{"_uag_custom_page_level_css":"","footnotes":""},"class_list":["post-117519","page","type-page","status-publish","hentry"],"featured_image_src":null,"yoast_head":"<!-- This site is optimized with the Yoast SEO plugin v27.4 - https:\/\/yoast.com\/product\/yoast-seo-wordpress\/ -->\n<title>D\u00e9partement des Arts - Beit al-Hikma<\/title>\n<meta name=\"robots\" content=\"index, follow, max-snippet:-1, max-image-preview:large, max-video-preview:-1\" \/>\n<link rel=\"canonical\" href=\"https:\/\/www.beitalhikma.tn\/fr\/departement-des-arts\/\" \/>\n<meta property=\"og:locale\" content=\"fr_FR\" \/>\n<meta property=\"og:type\" content=\"article\" \/>\n<meta property=\"og:title\" content=\"D\u00e9partement des Arts - Beit al-Hikma\" \/>\n<meta property=\"og:description\" content=\"Le Chef de D\u00e9partement Nom et Pr\u00e9nom Sp\u00e9cialit\u00e9 Biographie Samir Triki Arts plastiques Biographie Membres actifs r\u00e9sidents en Tunisie Nom et Pr\u00e9nom Sp\u00e9cialit\u00e9 Biographie Kah\u00e9na Attia [&hellip;]\" \/>\n<meta property=\"og:url\" content=\"https:\/\/www.beitalhikma.tn\/fr\/departement-des-arts\/\" \/>\n<meta property=\"og:site_name\" content=\"Beit al-Hikma\" \/>\n<meta property=\"article:publisher\" content=\"https:\/\/www.facebook.com\/BeitalhikmaTunisie\/\" \/>\n<meta property=\"article:modified_time\" content=\"2026-02-16T12:53:53+00:00\" \/>\n<meta property=\"og:image\" content=\"https:\/\/www.beitalhikma.tn\/wp-content\/uploads\/2022\/02\/LOGO-1-250x250-1.jpg\" \/>\n\t<meta property=\"og:image:width\" content=\"250\" \/>\n\t<meta property=\"og:image:height\" content=\"250\" \/>\n\t<meta property=\"og:image:type\" content=\"image\/jpeg\" \/>\n<meta name=\"twitter:card\" content=\"summary_large_image\" \/>\n<meta name=\"twitter:site\" content=\"@Beit_alhikma_TN\" \/>\n<meta name=\"twitter:label1\" content=\"Dur\u00e9e de lecture estim\u00e9e\" \/>\n\t<meta name=\"twitter:data1\" content=\"1 minute\" \/>\n<script type=\"application\/ld+json\" class=\"yoast-schema-graph\">{\"@context\":\"https:\\\/\\\/schema.org\",\"@graph\":[{\"@type\":\"WebPage\",\"@id\":\"https:\\\/\\\/www.beitalhikma.tn\\\/fr\\\/departement-des-arts\\\/\",\"url\":\"https:\\\/\\\/www.beitalhikma.tn\\\/fr\\\/departement-des-arts\\\/\",\"name\":\"D\u00e9partement des Arts - Beit al-Hikma\",\"isPartOf\":{\"@id\":\"https:\\\/\\\/www.beitalhikma.tn\\\/#website\"},\"datePublished\":\"2024-12-09T12:14:35+00:00\",\"dateModified\":\"2026-02-16T12:53:53+00:00\",\"breadcrumb\":{\"@id\":\"https:\\\/\\\/www.beitalhikma.tn\\\/fr\\\/departement-des-arts\\\/#breadcrumb\"},\"inLanguage\":\"fr-FR\",\"potentialAction\":[{\"@type\":\"ReadAction\",\"target\":[\"https:\\\/\\\/www.beitalhikma.tn\\\/fr\\\/departement-des-arts\\\/\"]}]},{\"@type\":\"BreadcrumbList\",\"@id\":\"https:\\\/\\\/www.beitalhikma.tn\\\/fr\\\/departement-des-arts\\\/#breadcrumb\",\"itemListElement\":[{\"@type\":\"ListItem\",\"position\":1,\"name\":\"Accueil\",\"item\":\"https:\\\/\\\/www.beitalhikma.tn\\\/fr\\\/\"},{\"@type\":\"ListItem\",\"position\":2,\"name\":\"D\u00e9partement des Arts\"}]},{\"@type\":\"WebSite\",\"@id\":\"https:\\\/\\\/www.beitalhikma.tn\\\/#website\",\"url\":\"https:\\\/\\\/www.beitalhikma.tn\\\/\",\"name\":\"Beit al-Hikma\",\"description\":\"L&#039;Acad\u00e9mie Tunisienne des Sciences, des Lettres  et des Arts\",\"publisher\":{\"@id\":\"https:\\\/\\\/www.beitalhikma.tn\\\/#organization\"},\"potentialAction\":[{\"@type\":\"SearchAction\",\"target\":{\"@type\":\"EntryPoint\",\"urlTemplate\":\"https:\\\/\\\/www.beitalhikma.tn\\\/?s={search_term_string}\"},\"query-input\":{\"@type\":\"PropertyValueSpecification\",\"valueRequired\":true,\"valueName\":\"search_term_string\"}}],\"inLanguage\":\"fr-FR\"},{\"@type\":\"Organization\",\"@id\":\"https:\\\/\\\/www.beitalhikma.tn\\\/#organization\",\"name\":\"Beit Al Hikma\",\"url\":\"https:\\\/\\\/www.beitalhikma.tn\\\/\",\"logo\":{\"@type\":\"ImageObject\",\"inLanguage\":\"fr-FR\",\"@id\":\"https:\\\/\\\/www.beitalhikma.tn\\\/#\\\/schema\\\/logo\\\/image\\\/\",\"url\":\"https:\\\/\\\/www.beitalhikma.tn\\\/wp-content\\\/uploads\\\/2014\\\/11\\\/logo.png\",\"contentUrl\":\"https:\\\/\\\/www.beitalhikma.tn\\\/wp-content\\\/uploads\\\/2014\\\/11\\\/logo.png\",\"width\":288,\"height\":109,\"caption\":\"Beit Al Hikma\"},\"image\":{\"@id\":\"https:\\\/\\\/www.beitalhikma.tn\\\/#\\\/schema\\\/logo\\\/image\\\/\"},\"sameAs\":[\"https:\\\/\\\/www.facebook.com\\\/BeitalhikmaTunisie\\\/\",\"https:\\\/\\\/x.com\\\/Beit_alhikma_TN\",\"https:\\\/\\\/www.youtube.com\\\/channel\\\/UCl8EfDXqt5MFfcEY0UYhevg\"]}]}<\/script>\n<!-- \/ Yoast SEO plugin. -->","yoast_head_json":{"title":"D\u00e9partement des Arts - Beit al-Hikma","robots":{"index":"index","follow":"follow","max-snippet":"max-snippet:-1","max-image-preview":"max-image-preview:large","max-video-preview":"max-video-preview:-1"},"canonical":"https:\/\/www.beitalhikma.tn\/fr\/departement-des-arts\/","og_locale":"fr_FR","og_type":"article","og_title":"D\u00e9partement des Arts - Beit al-Hikma","og_description":"Le Chef de D\u00e9partement Nom et Pr\u00e9nom Sp\u00e9cialit\u00e9 Biographie Samir Triki Arts plastiques Biographie Membres actifs r\u00e9sidents en Tunisie Nom et Pr\u00e9nom Sp\u00e9cialit\u00e9 Biographie Kah\u00e9na Attia [&hellip;]","og_url":"https:\/\/www.beitalhikma.tn\/fr\/departement-des-arts\/","og_site_name":"Beit al-Hikma","article_publisher":"https:\/\/www.facebook.com\/BeitalhikmaTunisie\/","article_modified_time":"2026-02-16T12:53:53+00:00","og_image":[{"width":250,"height":250,"url":"https:\/\/www.beitalhikma.tn\/wp-content\/uploads\/2022\/02\/LOGO-1-250x250-1.jpg","type":"image\/jpeg"}],"twitter_card":"summary_large_image","twitter_site":"@Beit_alhikma_TN","twitter_misc":{"Dur\u00e9e de lecture estim\u00e9e":"1 minute"},"schema":{"@context":"https:\/\/schema.org","@graph":[{"@type":"WebPage","@id":"https:\/\/www.beitalhikma.tn\/fr\/departement-des-arts\/","url":"https:\/\/www.beitalhikma.tn\/fr\/departement-des-arts\/","name":"D\u00e9partement des Arts - Beit al-Hikma","isPartOf":{"@id":"https:\/\/www.beitalhikma.tn\/#website"},"datePublished":"2024-12-09T12:14:35+00:00","dateModified":"2026-02-16T12:53:53+00:00","breadcrumb":{"@id":"https:\/\/www.beitalhikma.tn\/fr\/departement-des-arts\/#breadcrumb"},"inLanguage":"fr-FR","potentialAction":[{"@type":"ReadAction","target":["https:\/\/www.beitalhikma.tn\/fr\/departement-des-arts\/"]}]},{"@type":"BreadcrumbList","@id":"https:\/\/www.beitalhikma.tn\/fr\/departement-des-arts\/#breadcrumb","itemListElement":[{"@type":"ListItem","position":1,"name":"Accueil","item":"https:\/\/www.beitalhikma.tn\/fr\/"},{"@type":"ListItem","position":2,"name":"D\u00e9partement des Arts"}]},{"@type":"WebSite","@id":"https:\/\/www.beitalhikma.tn\/#website","url":"https:\/\/www.beitalhikma.tn\/","name":"Beit al-Hikma","description":"L&#039;Acad\u00e9mie Tunisienne des Sciences, des Lettres  et des Arts","publisher":{"@id":"https:\/\/www.beitalhikma.tn\/#organization"},"potentialAction":[{"@type":"SearchAction","target":{"@type":"EntryPoint","urlTemplate":"https:\/\/www.beitalhikma.tn\/?s={search_term_string}"},"query-input":{"@type":"PropertyValueSpecification","valueRequired":true,"valueName":"search_term_string"}}],"inLanguage":"fr-FR"},{"@type":"Organization","@id":"https:\/\/www.beitalhikma.tn\/#organization","name":"Beit Al Hikma","url":"https:\/\/www.beitalhikma.tn\/","logo":{"@type":"ImageObject","inLanguage":"fr-FR","@id":"https:\/\/www.beitalhikma.tn\/#\/schema\/logo\/image\/","url":"https:\/\/www.beitalhikma.tn\/wp-content\/uploads\/2014\/11\/logo.png","contentUrl":"https:\/\/www.beitalhikma.tn\/wp-content\/uploads\/2014\/11\/logo.png","width":288,"height":109,"caption":"Beit Al Hikma"},"image":{"@id":"https:\/\/www.beitalhikma.tn\/#\/schema\/logo\/image\/"},"sameAs":["https:\/\/www.facebook.com\/BeitalhikmaTunisie\/","https:\/\/x.com\/Beit_alhikma_TN","https:\/\/www.youtube.com\/channel\/UCl8EfDXqt5MFfcEY0UYhevg"]}]}},"uagb_featured_image_src":{"full":false,"thumbnail":false,"medium":false,"medium_large":false,"large":false,"thumblist":false,"meccarouselthumb":false,"gridsquare":false,"tileview":false,"1536x1536":false,"2048x2048":false,"post-thumbnail":false,"50x50":false,"portfolio-list":false,"portfolio-fs":false,"portfolio-slider":false,"blog":false,"blog-single":false,"blog-item":false,"blog-widget":false,"features":false,"clients-slider":false,"offer-slider":false,"offer-slider-pg":false,"woocommerce_thumbnail":false,"woocommerce_single":false,"woocommerce_gallery_thumbnail":false},"uagb_author_info":{"display_name":"admin","author_link":"https:\/\/www.beitalhikma.tn\/fr\/author\/admin\/"},"uagb_comment_info":0,"uagb_excerpt":"Le Chef de D\u00e9partement Nom et Pr\u00e9nom Sp\u00e9cialit\u00e9 Biographie Samir Triki Arts plastiques Biographie Membres actifs r\u00e9sidents en Tunisie Nom et Pr\u00e9nom Sp\u00e9cialit\u00e9 Biographie Kah\u00e9na Attia [&hellip;]","_links":{"self":[{"href":"https:\/\/www.beitalhikma.tn\/fr\/wp-json\/wp\/v2\/pages\/117519","targetHints":{"allow":["GET"]}}],"collection":[{"href":"https:\/\/www.beitalhikma.tn\/fr\/wp-json\/wp\/v2\/pages"}],"about":[{"href":"https:\/\/www.beitalhikma.tn\/fr\/wp-json\/wp\/v2\/types\/page"}],"author":[{"embeddable":true,"href":"https:\/\/www.beitalhikma.tn\/fr\/wp-json\/wp\/v2\/users\/1"}],"replies":[{"embeddable":true,"href":"https:\/\/www.beitalhikma.tn\/fr\/wp-json\/wp\/v2\/comments?post=117519"}],"version-history":[{"count":3,"href":"https:\/\/www.beitalhikma.tn\/fr\/wp-json\/wp\/v2\/pages\/117519\/revisions"}],"predecessor-version":[{"id":127894,"href":"https:\/\/www.beitalhikma.tn\/fr\/wp-json\/wp\/v2\/pages\/117519\/revisions\/127894"}],"wp:attachment":[{"href":"https:\/\/www.beitalhikma.tn\/fr\/wp-json\/wp\/v2\/media?parent=117519"}],"curies":[{"name":"wp","href":"https:\/\/api.w.org\/{rel}","templated":true}]}}