{"id":1955,"date":"2015-10-09T11:29:47","date_gmt":"2015-10-09T10:29:47","guid":{"rendered":"http:\/\/www.beitalhikma.tn\/?page_id=1955"},"modified":"2022-05-26T09:46:18","modified_gmt":"2022-05-26T08:46:18","slug":"guide-des-publications-de-beit-al-hikma-breve-idee-sur-le-contenu-des-livres","status":"publish","type":"page","link":"https:\/\/www.beitalhikma.tn\/fr\/guide-des-publications-de-beit-al-hikma-breve-idee-sur-le-contenu-des-livres\/","title":{"rendered":"Guide des publications de Be\u00eft al-Hikma ( Br\u00e8ve id\u00e9e sur le contenu des livres)"},"content":{"rendered":"\n<p class=\"has-text-align-center\"><strong><em><a rel=\"noreferrer noopener\" aria-label=\"Dossier de presse sur les publications de l'Acad\u00e9mie 2019 (s\u2019ouvre dans un nouvel onglet)\" href=\"https:\/\/www.beitalhikma.tn\/fr\/dossier-de-presse-sur-les-publications-de-lacademie-2019\/\" target=\"_blank\">Dossier de presse sur les publications de l&#8217;Acad\u00e9mie <\/a><\/em><\/strong><\/p>\n\n\n\n<p class=\"has-text-align-center has-vivid-red-color has-text-color\" style=\"font-size:22px\"><strong>Guide des publications 2021<\/strong><\/p>\n\n\n\n<object class=\"vanilla-pdf-embed\" data=\"https:\/\/www.beitalhikma.tn\/wp-content\/uploads\/2022\/05\/Guide-des-publications-2021-1.pdf#page=1&view=FitH\" type=\"application\/pdf\" width=\"100%\" height=\"500em\">\n    <p><a href=\"https:\/\/www.beitalhikma.tn\/wp-content\/uploads\/2022\/05\/Guide-des-publications-2021-1.pdf\">Download the PDF file .<\/a><\/p>\n<\/object>\n\n\n\n<p class=\"has-text-align-center has-vivid-red-color has-text-color has-medium-font-size\"><strong>Guide des publications 2019-2020<\/strong><\/p>\n\n\n\n<object class=\"vanilla-pdf-embed\" data=\"https:\/\/www.beitalhikma.tn\/wp-content\/uploads\/2020\/12\/guide-des-publications-2019-2020-2.pdf#page=1&view=FitH\" type=\"application\/pdf\" width=\"100%\" height=\"500em\">\n    <p><a href=\"https:\/\/www.beitalhikma.tn\/wp-content\/uploads\/2020\/12\/guide-des-publications-2019-2020-2.pdf\">Download the PDF file .<\/a><\/p>\n<\/object>\n\n\n\n<p class=\"has-text-align-center has-vivid-cyan-blue-color has-text-color\" style=\"font-size:18px\"><strong>Guide des publications (2016-2018)<\/strong><\/p>\n\n\n\n<h5 class=\"wp-block-heading\"><object class=\"vanilla-pdf-embed\" data=\"https:\/\/www.beitalhikma.tn\/wp-content\/uploads\/2019\/09\/Guide-des-publications-de-lAcad\u00e9mie-2016-2018.pdf#page=1&view=FitH\" type=\"application\/pdf\" width=\"100%\" height=\"500em\">\n    <p><a href=\"https:\/\/www.beitalhikma.tn\/wp-content\/uploads\/2019\/09\/Guide-des-publications-de-lAcad\u00e9mie-2016-2018.pdf\">Download the PDF file .<\/a><\/p>\n<\/object><\/h5>\n\n\n\n<p class=\"has-text-align-center has-vivid-red-color has-text-color has-medium-font-size\"><strong>Guide des publications (2011-2015)<\/strong><\/p>\n\n\n<object class=\"vanilla-pdf-embed\" data=\"https:\/\/www.beitalhikma.tn\/wp-content\/uploads\/2016\/06\/guide-de-Publication-fr_ang-2011-2015.pdf#page=1&view=FitH\" type=\"application\/pdf\" width=\"100%\" height=\"500em\">\n    <p><a href=\"https:\/\/www.beitalhikma.tn\/wp-content\/uploads\/2016\/06\/guide-de-Publication-fr_ang-2011-2015.pdf\">Download the PDF file .<\/a><\/p>\n<\/object>\n\n\n<h4 style=\"text-align: center;\"><strong>Guide des publications (1983-2010)<\/strong><\/h4>\n<object class=\"vanilla-pdf-embed\" data=\"https:\/\/www.beitalhikma.tn\/wp-content\/uploads\/2016\/06\/Publication-fr-83-2010.pdf#page=1&view=FitH\" type=\"application\/pdf\" width=\"100%\" height=\"500em\">\n    <p><a href=\"https:\/\/www.beitalhikma.tn\/wp-content\/uploads\/2016\/06\/Publication-fr-83-2010.pdf\">Download the PDF file .<\/a><\/p>\n<\/object>\n<hr>\n<h4 style=\"text-align: center;\">&nbsp;<\/h4>\n<h4 style=\"text-align: center;\"><object class=\"vanilla-pdf-embed\" data=\"https:\/\/www.beitalhikma.tn\/wp-content\/uploads\/2021\/12\/Des-publications-commemoratives.pdf#page=1&view=FitH\" type=\"application\/pdf\" width=\"100%\" height=\"500em\">\n    <p><a href=\"https:\/\/www.beitalhikma.tn\/wp-content\/uploads\/2021\/12\/Des-publications-commemoratives.pdf\">Download the PDF file .<\/a><\/p>\n<\/object><\/h4>\n<hr>\n<h4 style=\"text-align: center;\">&nbsp;<\/h4>\n<h4 style=\"text-align: center;\">&nbsp;<\/h4>\n<p><\/p>\n<hr>\n<h4 style=\"text-align: center;\">&nbsp;<\/h4>\n<p><\/p>\n<p style=\"text-align: center;\"><strong>&nbsp;<\/strong><\/p>\n\n\n<p><\/p>\n\n\n\n<p><\/p>\n","protected":false},"excerpt":{"rendered":"<p>Dossier de presse sur les publications de l&#8217;Acad\u00e9mie Guide des publications 2021 Guide des publications 2019-2020 Guide des publications (2016-2018) Guide des publications (2011-2015) Guide des [&hellip;]<\/p>\n","protected":false},"author":1,"featured_media":0,"parent":0,"menu_order":0,"comment_status":"closed","ping_status":"closed","template":"","meta":{"_uag_custom_page_level_css":"","footnotes":""},"class_list":["post-1955","page","type-page","status-publish","hentry"],"featured_image_src":null,"yoast_head":"<!-- This site is optimized with the Yoast SEO plugin v27.3 - https:\/\/yoast.com\/product\/yoast-seo-wordpress\/ -->\n<title>Guide des publications de Be\u00eft al-Hikma ( Br\u00e8ve id\u00e9e sur le contenu des livres) - Beit al-Hikma<\/title>\n<meta name=\"robots\" content=\"index, follow, max-snippet:-1, max-image-preview:large, max-video-preview:-1\" \/>\n<link rel=\"canonical\" href=\"https:\/\/www.beitalhikma.tn\/\u062f\u0644\u064a\u0644-\u0627\u0644\u0645\u0646\u0634\u0648\u0631\u0627\u062a\/\" \/>\n<meta property=\"og:locale\" content=\"fr_FR\" \/>\n<meta property=\"og:type\" content=\"article\" \/>\n<meta property=\"og:title\" content=\"Guide des publications de Be\u00eft al-Hikma ( Br\u00e8ve id\u00e9e sur le contenu des livres) - Beit al-Hikma\" \/>\n<meta property=\"og:description\" content=\"Dossier de presse sur les publications de l&#8217;Acad\u00e9mie Guide des publications 2021 Guide des publications 2019-2020 Guide des publications (2016-2018) Guide des publications (2011-2015) Guide des [&hellip;]\" \/>\n<meta property=\"og:url\" content=\"https:\/\/www.beitalhikma.tn\/\u062f\u0644\u064a\u0644-\u0627\u0644\u0645\u0646\u0634\u0648\u0631\u0627\u062a\/\" \/>\n<meta property=\"og:site_name\" content=\"Beit al-Hikma\" \/>\n<meta property=\"article:publisher\" content=\"https:\/\/www.facebook.com\/BeitalhikmaTunisie\/\" \/>\n<meta property=\"article:modified_time\" content=\"2022-05-26T08:46:18+00:00\" \/>\n<meta property=\"og:image\" content=\"https:\/\/www.beitalhikma.tn\/wp-content\/uploads\/2022\/02\/LOGO-1-250x250-1.jpg\" \/>\n\t<meta property=\"og:image:width\" content=\"250\" \/>\n\t<meta property=\"og:image:height\" content=\"250\" \/>\n\t<meta property=\"og:image:type\" content=\"image\/jpeg\" \/>\n<meta name=\"twitter:card\" content=\"summary_large_image\" \/>\n<meta name=\"twitter:site\" content=\"@Beit_alhikma_TN\" \/>\n<meta name=\"twitter:label1\" content=\"Dur\u00e9e de lecture estim\u00e9e\" \/>\n\t<meta name=\"twitter:data1\" content=\"1 minute\" \/>\n<script type=\"application\/ld+json\" class=\"yoast-schema-graph\">{\"@context\":\"https:\\\/\\\/schema.org\",\"@graph\":[{\"@type\":\"WebPage\",\"@id\":\"https:\\\/\\\/www.beitalhikma.tn\\\/%d8%af%d9%84%d9%8a%d9%84-%d8%a7%d9%84%d9%85%d9%86%d8%b4%d9%88%d8%b1%d8%a7%d8%aa\\\/\",\"url\":\"https:\\\/\\\/www.beitalhikma.tn\\\/%d8%af%d9%84%d9%8a%d9%84-%d8%a7%d9%84%d9%85%d9%86%d8%b4%d9%88%d8%b1%d8%a7%d8%aa\\\/\",\"name\":\"Guide des publications de Be\u00eft al-Hikma ( Br\u00e8ve id\u00e9e sur le contenu des livres) - Beit al-Hikma\",\"isPartOf\":{\"@id\":\"https:\\\/\\\/www.beitalhikma.tn\\\/#website\"},\"datePublished\":\"2015-10-09T10:29:47+00:00\",\"dateModified\":\"2022-05-26T08:46:18+00:00\",\"breadcrumb\":{\"@id\":\"https:\\\/\\\/www.beitalhikma.tn\\\/%d8%af%d9%84%d9%8a%d9%84-%d8%a7%d9%84%d9%85%d9%86%d8%b4%d9%88%d8%b1%d8%a7%d8%aa\\\/#breadcrumb\"},\"inLanguage\":\"fr-FR\",\"potentialAction\":[{\"@type\":\"ReadAction\",\"target\":[\"https:\\\/\\\/www.beitalhikma.tn\\\/%d8%af%d9%84%d9%8a%d9%84-%d8%a7%d9%84%d9%85%d9%86%d8%b4%d9%88%d8%b1%d8%a7%d8%aa\\\/\"]}]},{\"@type\":\"BreadcrumbList\",\"@id\":\"https:\\\/\\\/www.beitalhikma.tn\\\/%d8%af%d9%84%d9%8a%d9%84-%d8%a7%d9%84%d9%85%d9%86%d8%b4%d9%88%d8%b1%d8%a7%d8%aa\\\/#breadcrumb\",\"itemListElement\":[{\"@type\":\"ListItem\",\"position\":1,\"name\":\"Accueil\",\"item\":\"https:\\\/\\\/www.beitalhikma.tn\\\/fr\\\/\"},{\"@type\":\"ListItem\",\"position\":2,\"name\":\"Guide des publications de Be\u00eft al-Hikma ( Br\u00e8ve id\u00e9e sur le contenu des livres)\"}]},{\"@type\":\"WebSite\",\"@id\":\"https:\\\/\\\/www.beitalhikma.tn\\\/#website\",\"url\":\"https:\\\/\\\/www.beitalhikma.tn\\\/\",\"name\":\"Beit al-Hikma\",\"description\":\"L&#039;Acad\u00e9mie Tunisienne des Sciences, des Lettres  et des Arts\",\"publisher\":{\"@id\":\"https:\\\/\\\/www.beitalhikma.tn\\\/#organization\"},\"potentialAction\":[{\"@type\":\"SearchAction\",\"target\":{\"@type\":\"EntryPoint\",\"urlTemplate\":\"https:\\\/\\\/www.beitalhikma.tn\\\/?s={search_term_string}\"},\"query-input\":{\"@type\":\"PropertyValueSpecification\",\"valueRequired\":true,\"valueName\":\"search_term_string\"}}],\"inLanguage\":\"fr-FR\"},{\"@type\":\"Organization\",\"@id\":\"https:\\\/\\\/www.beitalhikma.tn\\\/#organization\",\"name\":\"Beit Al Hikma\",\"url\":\"https:\\\/\\\/www.beitalhikma.tn\\\/\",\"logo\":{\"@type\":\"ImageObject\",\"inLanguage\":\"fr-FR\",\"@id\":\"https:\\\/\\\/www.beitalhikma.tn\\\/#\\\/schema\\\/logo\\\/image\\\/\",\"url\":\"https:\\\/\\\/www.beitalhikma.tn\\\/wp-content\\\/uploads\\\/2014\\\/11\\\/logo.png\",\"contentUrl\":\"https:\\\/\\\/www.beitalhikma.tn\\\/wp-content\\\/uploads\\\/2014\\\/11\\\/logo.png\",\"width\":288,\"height\":109,\"caption\":\"Beit Al Hikma\"},\"image\":{\"@id\":\"https:\\\/\\\/www.beitalhikma.tn\\\/#\\\/schema\\\/logo\\\/image\\\/\"},\"sameAs\":[\"https:\\\/\\\/www.facebook.com\\\/BeitalhikmaTunisie\\\/\",\"https:\\\/\\\/x.com\\\/Beit_alhikma_TN\",\"https:\\\/\\\/www.youtube.com\\\/channel\\\/UCl8EfDXqt5MFfcEY0UYhevg\"]}]}<\/script>\n<!-- \/ Yoast SEO plugin. -->","yoast_head_json":{"title":"Guide des publications de Be\u00eft al-Hikma ( Br\u00e8ve id\u00e9e sur le contenu des livres) - Beit al-Hikma","robots":{"index":"index","follow":"follow","max-snippet":"max-snippet:-1","max-image-preview":"max-image-preview:large","max-video-preview":"max-video-preview:-1"},"canonical":"https:\/\/www.beitalhikma.tn\/\u062f\u0644\u064a\u0644-\u0627\u0644\u0645\u0646\u0634\u0648\u0631\u0627\u062a\/","og_locale":"fr_FR","og_type":"article","og_title":"Guide des publications de Be\u00eft al-Hikma ( Br\u00e8ve id\u00e9e sur le contenu des livres) - Beit al-Hikma","og_description":"Dossier de presse sur les publications de l&#8217;Acad\u00e9mie Guide des publications 2021 Guide des publications 2019-2020 Guide des publications (2016-2018) Guide des publications (2011-2015) Guide des [&hellip;]","og_url":"https:\/\/www.beitalhikma.tn\/\u062f\u0644\u064a\u0644-\u0627\u0644\u0645\u0646\u0634\u0648\u0631\u0627\u062a\/","og_site_name":"Beit al-Hikma","article_publisher":"https:\/\/www.facebook.com\/BeitalhikmaTunisie\/","article_modified_time":"2022-05-26T08:46:18+00:00","og_image":[{"width":250,"height":250,"url":"https:\/\/www.beitalhikma.tn\/wp-content\/uploads\/2022\/02\/LOGO-1-250x250-1.jpg","type":"image\/jpeg"}],"twitter_card":"summary_large_image","twitter_site":"@Beit_alhikma_TN","twitter_misc":{"Dur\u00e9e de lecture estim\u00e9e":"1 minute"},"schema":{"@context":"https:\/\/schema.org","@graph":[{"@type":"WebPage","@id":"https:\/\/www.beitalhikma.tn\/%d8%af%d9%84%d9%8a%d9%84-%d8%a7%d9%84%d9%85%d9%86%d8%b4%d9%88%d8%b1%d8%a7%d8%aa\/","url":"https:\/\/www.beitalhikma.tn\/%d8%af%d9%84%d9%8a%d9%84-%d8%a7%d9%84%d9%85%d9%86%d8%b4%d9%88%d8%b1%d8%a7%d8%aa\/","name":"Guide des publications de Be\u00eft al-Hikma ( Br\u00e8ve id\u00e9e sur le contenu des livres) - Beit al-Hikma","isPartOf":{"@id":"https:\/\/www.beitalhikma.tn\/#website"},"datePublished":"2015-10-09T10:29:47+00:00","dateModified":"2022-05-26T08:46:18+00:00","breadcrumb":{"@id":"https:\/\/www.beitalhikma.tn\/%d8%af%d9%84%d9%8a%d9%84-%d8%a7%d9%84%d9%85%d9%86%d8%b4%d9%88%d8%b1%d8%a7%d8%aa\/#breadcrumb"},"inLanguage":"fr-FR","potentialAction":[{"@type":"ReadAction","target":["https:\/\/www.beitalhikma.tn\/%d8%af%d9%84%d9%8a%d9%84-%d8%a7%d9%84%d9%85%d9%86%d8%b4%d9%88%d8%b1%d8%a7%d8%aa\/"]}]},{"@type":"BreadcrumbList","@id":"https:\/\/www.beitalhikma.tn\/%d8%af%d9%84%d9%8a%d9%84-%d8%a7%d9%84%d9%85%d9%86%d8%b4%d9%88%d8%b1%d8%a7%d8%aa\/#breadcrumb","itemListElement":[{"@type":"ListItem","position":1,"name":"Accueil","item":"https:\/\/www.beitalhikma.tn\/fr\/"},{"@type":"ListItem","position":2,"name":"Guide des publications de Be\u00eft al-Hikma ( Br\u00e8ve id\u00e9e sur le contenu des livres)"}]},{"@type":"WebSite","@id":"https:\/\/www.beitalhikma.tn\/#website","url":"https:\/\/www.beitalhikma.tn\/","name":"Beit al-Hikma","description":"L&#039;Acad\u00e9mie Tunisienne des Sciences, des Lettres  et des Arts","publisher":{"@id":"https:\/\/www.beitalhikma.tn\/#organization"},"potentialAction":[{"@type":"SearchAction","target":{"@type":"EntryPoint","urlTemplate":"https:\/\/www.beitalhikma.tn\/?s={search_term_string}"},"query-input":{"@type":"PropertyValueSpecification","valueRequired":true,"valueName":"search_term_string"}}],"inLanguage":"fr-FR"},{"@type":"Organization","@id":"https:\/\/www.beitalhikma.tn\/#organization","name":"Beit Al Hikma","url":"https:\/\/www.beitalhikma.tn\/","logo":{"@type":"ImageObject","inLanguage":"fr-FR","@id":"https:\/\/www.beitalhikma.tn\/#\/schema\/logo\/image\/","url":"https:\/\/www.beitalhikma.tn\/wp-content\/uploads\/2014\/11\/logo.png","contentUrl":"https:\/\/www.beitalhikma.tn\/wp-content\/uploads\/2014\/11\/logo.png","width":288,"height":109,"caption":"Beit Al Hikma"},"image":{"@id":"https:\/\/www.beitalhikma.tn\/#\/schema\/logo\/image\/"},"sameAs":["https:\/\/www.facebook.com\/BeitalhikmaTunisie\/","https:\/\/x.com\/Beit_alhikma_TN","https:\/\/www.youtube.com\/channel\/UCl8EfDXqt5MFfcEY0UYhevg"]}]}},"uagb_featured_image_src":{"full":false,"thumbnail":false,"medium":false,"medium_large":false,"large":false,"thumblist":false,"meccarouselthumb":false,"gridsquare":false,"tileview":false,"1536x1536":false,"2048x2048":false,"post-thumbnail":false,"50x50":false,"portfolio-list":false,"portfolio-fs":false,"portfolio-slider":false,"blog":false,"blog-single":false,"blog-item":false,"blog-widget":false,"features":false,"clients-slider":false,"offer-slider":false,"offer-slider-pg":false,"woocommerce_thumbnail":false,"woocommerce_single":false,"woocommerce_gallery_thumbnail":false},"uagb_author_info":{"display_name":"admin","author_link":"https:\/\/www.beitalhikma.tn\/fr\/author\/admin\/"},"uagb_comment_info":0,"uagb_excerpt":"Dossier de presse sur les publications de l&#8217;Acad\u00e9mie Guide des publications 2021 Guide des publications 2019-2020 Guide des publications (2016-2018) Guide des publications (2011-2015) Guide des [&hellip;]","_links":{"self":[{"href":"https:\/\/www.beitalhikma.tn\/fr\/wp-json\/wp\/v2\/pages\/1955","targetHints":{"allow":["GET"]}}],"collection":[{"href":"https:\/\/www.beitalhikma.tn\/fr\/wp-json\/wp\/v2\/pages"}],"about":[{"href":"https:\/\/www.beitalhikma.tn\/fr\/wp-json\/wp\/v2\/types\/page"}],"author":[{"embeddable":true,"href":"https:\/\/www.beitalhikma.tn\/fr\/wp-json\/wp\/v2\/users\/1"}],"replies":[{"embeddable":true,"href":"https:\/\/www.beitalhikma.tn\/fr\/wp-json\/wp\/v2\/comments?post=1955"}],"version-history":[{"count":0,"href":"https:\/\/www.beitalhikma.tn\/fr\/wp-json\/wp\/v2\/pages\/1955\/revisions"}],"wp:attachment":[{"href":"https:\/\/www.beitalhikma.tn\/fr\/wp-json\/wp\/v2\/media?parent=1955"}],"curies":[{"name":"wp","href":"https:\/\/api.w.org\/{rel}","templated":true}]}}