{"id":20692,"date":"2018-04-19T10:34:48","date_gmt":"2018-04-19T09:34:48","guid":{"rendered":"http:\/\/www.beitalhikma.tn\/?page_id=20692&#038;lang=fr"},"modified":"2025-10-22T13:08:48","modified_gmt":"2025-10-22T12:08:48","slug":"les-presidents-de-lacademie","status":"publish","type":"page","link":"https:\/\/www.beitalhikma.tn\/fr\/les-presidents-de-lacademie\/","title":{"rendered":"Les Pr\u00e9sidents de l&#8217;Acad\u00e9mie"},"content":{"rendered":"\n<p class=\"has-text-align-center\"><\/p>\n\n\n\n<div class=\"wp-block-uagb-container uagb-block-f2a9794a alignfull uagb-is-root-container\"><div class=\"uagb-container-inner-blocks-wrap\">\n<div class=\"wp-block-uagb-container uagb-block-bda111a5\">\n<figure class=\"wp-block-image size-full\"><img loading=\"lazy\" decoding=\"async\" width=\"895\" height=\"655\" src=\"https:\/\/www.beitalhikma.tn\/wp-content\/uploads\/2025\/05\/Photo3-2.jpg\" alt=\"\" class=\"wp-image-122485\" srcset=\"https:\/\/www.beitalhikma.tn\/wp-content\/uploads\/2025\/05\/Photo3-2.jpg 895w, https:\/\/www.beitalhikma.tn\/wp-content\/uploads\/2025\/05\/Photo3-2-300x220.jpg 300w, https:\/\/www.beitalhikma.tn\/wp-content\/uploads\/2025\/05\/Photo3-2-768x562.jpg 768w, https:\/\/www.beitalhikma.tn\/wp-content\/uploads\/2025\/05\/Photo3-2-199x146.jpg 199w, https:\/\/www.beitalhikma.tn\/wp-content\/uploads\/2025\/05\/Photo3-2-50x37.jpg 50w, https:\/\/www.beitalhikma.tn\/wp-content\/uploads\/2025\/05\/Photo3-2-80x60.jpg 80w, https:\/\/www.beitalhikma.tn\/wp-content\/uploads\/2025\/05\/Photo3-2-109x80.jpg 109w, https:\/\/www.beitalhikma.tn\/wp-content\/uploads\/2025\/05\/Photo3-2-250x183.jpg 250w\" sizes=\"auto, (max-width: 895px) 100vw, 895px\" \/><\/figure>\n<\/div>\n\n\n\n<div class=\"wp-block-uagb-container uagb-block-a76b0a20\">\n<p style=\"font-size:23px\"><a href=\"https:\/\/www.beitalhikma.tn\/wp-content\/uploads\/2022\/04\/CV-Mahmoud-Ben-Romdhane.pdf\"><strong>Le Pr\u00e9sident actuel: Pr Mahmoud Ben Romdhane<\/strong><\/a><\/p>\n<\/div>\n<\/div><\/div>\n\n\n\n<div class=\"wp-block-uagb-container uagb-block-c70abbb9 alignfull uagb-is-root-container\"><div class=\"uagb-container-inner-blocks-wrap\">\n<div class=\"wp-block-uagb-container uagb-block-620b99eb\">\n<figure class=\"wp-block-image size-large\"><img loading=\"lazy\" decoding=\"async\" width=\"1200\" height=\"1417\" src=\"https:\/\/www.beitalhikma.tn\/wp-content\/uploads\/2025\/05\/\u0639\u0628\u062f-\u0627\u0644\u0645\u062c\u064a\u062f-\u0627\u0644\u0634\u0631\u0641\u064a.jpg\" alt=\"\" class=\"wp-image-122428\" srcset=\"https:\/\/www.beitalhikma.tn\/wp-content\/uploads\/2025\/05\/\u0639\u0628\u062f-\u0627\u0644\u0645\u062c\u064a\u062f-\u0627\u0644\u0634\u0631\u0641\u064a.jpg 1200w, https:\/\/www.beitalhikma.tn\/wp-content\/uploads\/2025\/05\/\u0639\u0628\u062f-\u0627\u0644\u0645\u062c\u064a\u062f-\u0627\u0644\u0634\u0631\u0641\u064a-254x300.jpg 254w, https:\/\/www.beitalhikma.tn\/wp-content\/uploads\/2025\/05\/\u0639\u0628\u062f-\u0627\u0644\u0645\u062c\u064a\u062f-\u0627\u0644\u0634\u0631\u0641\u064a-867x1024.jpg 867w, https:\/\/www.beitalhikma.tn\/wp-content\/uploads\/2025\/05\/\u0639\u0628\u062f-\u0627\u0644\u0645\u062c\u064a\u062f-\u0627\u0644\u0634\u0631\u0641\u064a-768x907.jpg 768w, https:\/\/www.beitalhikma.tn\/wp-content\/uploads\/2025\/05\/\u0639\u0628\u062f-\u0627\u0644\u0645\u062c\u064a\u062f-\u0627\u0644\u0634\u0631\u0641\u064a-124x146.jpg 124w, https:\/\/www.beitalhikma.tn\/wp-content\/uploads\/2025\/05\/\u0639\u0628\u062f-\u0627\u0644\u0645\u062c\u064a\u062f-\u0627\u0644\u0634\u0631\u0641\u064a-42x50.jpg 42w, https:\/\/www.beitalhikma.tn\/wp-content\/uploads\/2025\/05\/\u0639\u0628\u062f-\u0627\u0644\u0645\u062c\u064a\u062f-\u0627\u0644\u0634\u0631\u0641\u064a-68x80.jpg 68w, https:\/\/www.beitalhikma.tn\/wp-content\/uploads\/2025\/05\/\u0639\u0628\u062f-\u0627\u0644\u0645\u062c\u064a\u062f-\u0627\u0644\u0634\u0631\u0641\u064a-250x295.jpg 250w\" sizes=\"auto, (max-width: 1200px) 100vw, 1200px\" \/><\/figure>\n<\/div>\n\n\n\n<div class=\"wp-block-uagb-container uagb-block-a15d0f2c\">\n<p class=\"has-text-align-center\" style=\"font-size:23px\"><strong><a href=\"https:\/\/www.beitalhikma.tn\/wp-content\/uploads\/2016\/08\/CV-Fran%C3%A7ais-charfi-bon.pdf\"> Pr  Abdelmajid Charfi<\/a><\/strong><\/p>\n\n\n\n<p class=\"has-text-align-center\"><strong>(2016-2021)<\/strong><\/p>\n<\/div>\n<\/div><\/div>\n\n\n\n<div class=\"wp-block-uagb-container uagb-block-23d29a4b alignfull uagb-is-root-container\"><div class=\"uagb-container-inner-blocks-wrap\">\n<div class=\"wp-block-uagb-container uagb-block-d294cd53\">\n<figure class=\"wp-block-image size-large\"><img loading=\"lazy\" decoding=\"async\" width=\"1200\" height=\"977\" src=\"https:\/\/www.beitalhikma.tn\/wp-content\/uploads\/2025\/05\/\u0647\u0634\u0627\u0645-\u062c\u0639\u064a\u0637-1.png\" alt=\"\" class=\"wp-image-122465\" srcset=\"https:\/\/www.beitalhikma.tn\/wp-content\/uploads\/2025\/05\/\u0647\u0634\u0627\u0645-\u062c\u0639\u064a\u0637-1.png 1200w, https:\/\/www.beitalhikma.tn\/wp-content\/uploads\/2025\/05\/\u0647\u0634\u0627\u0645-\u062c\u0639\u064a\u0637-1-300x244.png 300w, https:\/\/www.beitalhikma.tn\/wp-content\/uploads\/2025\/05\/\u0647\u0634\u0627\u0645-\u062c\u0639\u064a\u0637-1-1024x834.png 1024w, https:\/\/www.beitalhikma.tn\/wp-content\/uploads\/2025\/05\/\u0647\u0634\u0627\u0645-\u062c\u0639\u064a\u0637-1-768x625.png 768w, https:\/\/www.beitalhikma.tn\/wp-content\/uploads\/2025\/05\/\u0647\u0634\u0627\u0645-\u062c\u0639\u064a\u0637-1-179x146.png 179w, https:\/\/www.beitalhikma.tn\/wp-content\/uploads\/2025\/05\/\u0647\u0634\u0627\u0645-\u062c\u0639\u064a\u0637-1-50x41.png 50w, https:\/\/www.beitalhikma.tn\/wp-content\/uploads\/2025\/05\/\u0647\u0634\u0627\u0645-\u062c\u0639\u064a\u0637-1-98x80.png 98w, https:\/\/www.beitalhikma.tn\/wp-content\/uploads\/2025\/05\/\u0647\u0634\u0627\u0645-\u062c\u0639\u064a\u0637-1-250x204.png 250w\" sizes=\"auto, (max-width: 1200px) 100vw, 1200px\" \/><\/figure>\n<\/div>\n\n\n\n<div class=\"wp-block-uagb-container uagb-block-b6b13fbe\">\n<p class=\"has-text-align-center\" style=\"font-size:23px\"><strong><a href=\"https:\/\/www.beitalhikma.tn\/wp-content\/uploads\/2020\/01\/CV-Hichem-Dja%C3%AFt-1.pdf\">Pr  Hichem Dja\u00eft<\/a><\/strong><\/p>\n\n\n\n<p class=\"has-text-align-center\"><strong>(2012-2015) <\/strong><\/p>\n<\/div>\n<\/div><\/div>\n\n\n\n<div class=\"wp-block-uagb-container uagb-block-01e8328b alignfull uagb-is-root-container\"><div class=\"uagb-container-inner-blocks-wrap\">\n<div class=\"wp-block-uagb-container uagb-block-164c2e8d\">\n<figure class=\"wp-block-image size-large\"><img loading=\"lazy\" decoding=\"async\" width=\"1200\" height=\"1320\" src=\"https:\/\/www.beitalhikma.tn\/wp-content\/uploads\/2025\/05\/\u0639\u0628\u062f-\u0627\u0644\u0648\u0647\u0627\u0628-\u0628\u0648\u062d\u062f\u064a\u0628\u0629-1.jpg\" alt=\"\" class=\"wp-image-122469\" srcset=\"https:\/\/www.beitalhikma.tn\/wp-content\/uploads\/2025\/05\/\u0639\u0628\u062f-\u0627\u0644\u0648\u0647\u0627\u0628-\u0628\u0648\u062d\u062f\u064a\u0628\u0629-1.jpg 1200w, https:\/\/www.beitalhikma.tn\/wp-content\/uploads\/2025\/05\/\u0639\u0628\u062f-\u0627\u0644\u0648\u0647\u0627\u0628-\u0628\u0648\u062d\u062f\u064a\u0628\u0629-1-273x300.jpg 273w, https:\/\/www.beitalhikma.tn\/wp-content\/uploads\/2025\/05\/\u0639\u0628\u062f-\u0627\u0644\u0648\u0647\u0627\u0628-\u0628\u0648\u062d\u062f\u064a\u0628\u0629-1-931x1024.jpg 931w, https:\/\/www.beitalhikma.tn\/wp-content\/uploads\/2025\/05\/\u0639\u0628\u062f-\u0627\u0644\u0648\u0647\u0627\u0628-\u0628\u0648\u062d\u062f\u064a\u0628\u0629-1-768x845.jpg 768w, https:\/\/www.beitalhikma.tn\/wp-content\/uploads\/2025\/05\/\u0639\u0628\u062f-\u0627\u0644\u0648\u0647\u0627\u0628-\u0628\u0648\u062d\u062f\u064a\u0628\u0629-1-133x146.jpg 133w, https:\/\/www.beitalhikma.tn\/wp-content\/uploads\/2025\/05\/\u0639\u0628\u062f-\u0627\u0644\u0648\u0647\u0627\u0628-\u0628\u0648\u062d\u062f\u064a\u0628\u0629-1-45x50.jpg 45w, https:\/\/www.beitalhikma.tn\/wp-content\/uploads\/2025\/05\/\u0639\u0628\u062f-\u0627\u0644\u0648\u0647\u0627\u0628-\u0628\u0648\u062d\u062f\u064a\u0628\u0629-1-73x80.jpg 73w, https:\/\/www.beitalhikma.tn\/wp-content\/uploads\/2025\/05\/\u0639\u0628\u062f-\u0627\u0644\u0648\u0647\u0627\u0628-\u0628\u0648\u062d\u062f\u064a\u0628\u0629-1-250x275.jpg 250w\" sizes=\"auto, (max-width: 1200px) 100vw, 1200px\" \/><\/figure>\n<\/div>\n\n\n\n<div class=\"wp-block-uagb-container uagb-block-6aa68413\">\n<p class=\"has-text-align-center\" style=\"font-size:23px\"><strong><a href=\"https:\/\/fr.wikipedia.org\/wiki\/Abdelwahab_Bouhdiba\"> Pr  Abdelwaheb Bouhdiba<\/a><\/strong><\/p>\n\n\n\n<p class=\"has-text-align-center\"><strong>(1995-2011)<\/strong><\/p>\n<\/div>\n<\/div><\/div>\n\n\n\n<div class=\"wp-block-uagb-container uagb-block-95effdc5 alignfull uagb-is-root-container\"><div class=\"uagb-container-inner-blocks-wrap\">\n<div class=\"wp-block-uagb-container uagb-block-30db63da\">\n<figure class=\"wp-block-image size-large\"><img loading=\"lazy\" decoding=\"async\" width=\"867\" height=\"1417\" src=\"https:\/\/www.beitalhikma.tn\/wp-content\/uploads\/2025\/05\/\u0633\u0639\u062f-\u063a\u0631\u0627\u0628-1.png\" alt=\"\" class=\"wp-image-122473\" srcset=\"https:\/\/www.beitalhikma.tn\/wp-content\/uploads\/2025\/05\/\u0633\u0639\u062f-\u063a\u0631\u0627\u0628-1.png 867w, https:\/\/www.beitalhikma.tn\/wp-content\/uploads\/2025\/05\/\u0633\u0639\u062f-\u063a\u0631\u0627\u0628-1-184x300.png 184w, https:\/\/www.beitalhikma.tn\/wp-content\/uploads\/2025\/05\/\u0633\u0639\u062f-\u063a\u0631\u0627\u0628-1-627x1024.png 627w, https:\/\/www.beitalhikma.tn\/wp-content\/uploads\/2025\/05\/\u0633\u0639\u062f-\u063a\u0631\u0627\u0628-1-768x1255.png 768w, https:\/\/www.beitalhikma.tn\/wp-content\/uploads\/2025\/05\/\u0633\u0639\u062f-\u063a\u0631\u0627\u0628-1-89x146.png 89w, https:\/\/www.beitalhikma.tn\/wp-content\/uploads\/2025\/05\/\u0633\u0639\u062f-\u063a\u0631\u0627\u0628-1-31x50.png 31w, https:\/\/www.beitalhikma.tn\/wp-content\/uploads\/2025\/05\/\u0633\u0639\u062f-\u063a\u0631\u0627\u0628-1-49x80.png 49w, https:\/\/www.beitalhikma.tn\/wp-content\/uploads\/2025\/05\/\u0633\u0639\u062f-\u063a\u0631\u0627\u0628-1-250x409.png 250w\" sizes=\"auto, (max-width: 867px) 100vw, 867px\" \/><\/figure>\n<\/div>\n\n\n\n<div class=\"wp-block-uagb-container uagb-block-1ef4aef4\">\n<p class=\"has-text-align-center\" style=\"font-size:23px\"><strong><a href=\"http:\/\/saad.ghrab.tn\/\"> Pr  Sa\u00e2d Ghrab <\/a>\u00a0<\/strong><\/p>\n\n\n\n<p class=\"has-text-align-center\"><strong>(1991-1995)<\/strong><\/p>\n<\/div>\n<\/div><\/div>\n\n\n\n<div class=\"wp-block-uagb-container uagb-block-df563858 alignfull uagb-is-root-container\"><div class=\"uagb-container-inner-blocks-wrap\">\n<div class=\"wp-block-uagb-container uagb-block-b8819b4f\">\n<figure class=\"wp-block-image size-large\"><img loading=\"lazy\" decoding=\"async\" width=\"1200\" height=\"1344\" src=\"https:\/\/www.beitalhikma.tn\/wp-content\/uploads\/2025\/05\/\u0639\u0632\u0627\u0644\u062f\u064a\u0646-\u0628\u0627\u0634-\u0634\u0627\u0648\u0634-1.jpg\" alt=\"\" class=\"wp-image-122476\" srcset=\"https:\/\/www.beitalhikma.tn\/wp-content\/uploads\/2025\/05\/\u0639\u0632\u0627\u0644\u062f\u064a\u0646-\u0628\u0627\u0634-\u0634\u0627\u0648\u0634-1.jpg 1200w, https:\/\/www.beitalhikma.tn\/wp-content\/uploads\/2025\/05\/\u0639\u0632\u0627\u0644\u062f\u064a\u0646-\u0628\u0627\u0634-\u0634\u0627\u0648\u0634-1-268x300.jpg 268w, https:\/\/www.beitalhikma.tn\/wp-content\/uploads\/2025\/05\/\u0639\u0632\u0627\u0644\u062f\u064a\u0646-\u0628\u0627\u0634-\u0634\u0627\u0648\u0634-1-914x1024.jpg 914w, https:\/\/www.beitalhikma.tn\/wp-content\/uploads\/2025\/05\/\u0639\u0632\u0627\u0644\u062f\u064a\u0646-\u0628\u0627\u0634-\u0634\u0627\u0648\u0634-1-768x860.jpg 768w, https:\/\/www.beitalhikma.tn\/wp-content\/uploads\/2025\/05\/\u0639\u0632\u0627\u0644\u062f\u064a\u0646-\u0628\u0627\u0634-\u0634\u0627\u0648\u0634-1-130x146.jpg 130w, https:\/\/www.beitalhikma.tn\/wp-content\/uploads\/2025\/05\/\u0639\u0632\u0627\u0644\u062f\u064a\u0646-\u0628\u0627\u0634-\u0634\u0627\u0648\u0634-1-45x50.jpg 45w, https:\/\/www.beitalhikma.tn\/wp-content\/uploads\/2025\/05\/\u0639\u0632\u0627\u0644\u062f\u064a\u0646-\u0628\u0627\u0634-\u0634\u0627\u0648\u0634-1-71x80.jpg 71w, https:\/\/www.beitalhikma.tn\/wp-content\/uploads\/2025\/05\/\u0639\u0632\u0627\u0644\u062f\u064a\u0646-\u0628\u0627\u0634-\u0634\u0627\u0648\u0634-1-250x280.jpg 250w\" sizes=\"auto, (max-width: 1200px) 100vw, 1200px\" \/><\/figure>\n<\/div>\n\n\n\n<div class=\"wp-block-uagb-container uagb-block-91757f20\">\n<p class=\"has-text-align-center\" style=\"font-size:23px\"><strong><a href=\"https:\/\/fr.wikipedia.org\/wiki\/Azedine_Beschaouch\"> Pr  Ezzeddine Beschaouch<\/a><\/strong><\/p>\n\n\n\n<p class=\"has-text-align-center\"><strong>(1987-1991)<\/strong><\/p>\n<\/div>\n<\/div><\/div>\n\n\n\n<div class=\"wp-block-uagb-container uagb-block-9677e2b6 alignfull uagb-is-root-container\"><div class=\"uagb-container-inner-blocks-wrap\">\n<div class=\"wp-block-uagb-container uagb-block-ff278d97\">\n<figure class=\"wp-block-image size-large\"><img loading=\"lazy\" decoding=\"async\" width=\"1200\" height=\"732\" src=\"https:\/\/www.beitalhikma.tn\/wp-content\/uploads\/2025\/05\/\u0623\u062d\u0645\u062f-\u0639\u0628\u062f-\u0627\u0644\u0633\u0644\u0627\u0645-1.jpg\" alt=\"\" class=\"wp-image-122479\" srcset=\"https:\/\/www.beitalhikma.tn\/wp-content\/uploads\/2025\/05\/\u0623\u062d\u0645\u062f-\u0639\u0628\u062f-\u0627\u0644\u0633\u0644\u0627\u0645-1.jpg 1200w, https:\/\/www.beitalhikma.tn\/wp-content\/uploads\/2025\/05\/\u0623\u062d\u0645\u062f-\u0639\u0628\u062f-\u0627\u0644\u0633\u0644\u0627\u0645-1-300x183.jpg 300w, https:\/\/www.beitalhikma.tn\/wp-content\/uploads\/2025\/05\/\u0623\u062d\u0645\u062f-\u0639\u0628\u062f-\u0627\u0644\u0633\u0644\u0627\u0645-1-1024x625.jpg 1024w, https:\/\/www.beitalhikma.tn\/wp-content\/uploads\/2025\/05\/\u0623\u062d\u0645\u062f-\u0639\u0628\u062f-\u0627\u0644\u0633\u0644\u0627\u0645-1-768x468.jpg 768w, https:\/\/www.beitalhikma.tn\/wp-content\/uploads\/2025\/05\/\u0623\u062d\u0645\u062f-\u0639\u0628\u062f-\u0627\u0644\u0633\u0644\u0627\u0645-1-239x146.jpg 239w, https:\/\/www.beitalhikma.tn\/wp-content\/uploads\/2025\/05\/\u0623\u062d\u0645\u062f-\u0639\u0628\u062f-\u0627\u0644\u0633\u0644\u0627\u0645-1-50x31.jpg 50w, https:\/\/www.beitalhikma.tn\/wp-content\/uploads\/2025\/05\/\u0623\u062d\u0645\u062f-\u0639\u0628\u062f-\u0627\u0644\u0633\u0644\u0627\u0645-1-131x80.jpg 131w, https:\/\/www.beitalhikma.tn\/wp-content\/uploads\/2025\/05\/\u0623\u062d\u0645\u062f-\u0639\u0628\u062f-\u0627\u0644\u0633\u0644\u0627\u0645-1-250x153.jpg 250w\" sizes=\"auto, (max-width: 1200px) 100vw, 1200px\" \/><\/figure>\n<\/div>\n\n\n\n<div class=\"wp-block-uagb-container uagb-block-db746a2f\">\n<p class=\"has-text-align-center\" style=\"font-size:23px\"><strong><a href=\"https:\/\/ar.wikipedia.org\/wiki\/%D8%A3%D8%AD%D9%85%D8%AF_%D8%B9%D8%A8%D8%AF_%D8%A7%D9%84%D8%B3%D9%84%D8%A7%D9%85\"> Pr  Ahmed Abdessalem<\/a><\/strong><\/p>\n\n\n\n<p class=\"has-text-align-center\"><strong>(1983-1987)<\/strong><\/p>\n<\/div>\n<\/div><\/div>\n","protected":false},"excerpt":{"rendered":"<p>Le Pr\u00e9sident actuel: Pr Mahmoud Ben Romdhane Pr Abdelmajid Charfi (2016-2021) Pr Hichem Dja\u00eft (2012-2015) Pr Abdelwaheb Bouhdiba (1995-2011) Pr Sa\u00e2d Ghrab \u00a0 (1991-1995) Pr Ezzeddine [&hellip;]<\/p>\n","protected":false},"author":1,"featured_media":0,"parent":0,"menu_order":0,"comment_status":"closed","ping_status":"closed","template":"","meta":{"_uag_custom_page_level_css":"","footnotes":""},"class_list":["post-20692","page","type-page","status-publish","hentry"],"featured_image_src":null,"yoast_head":"<!-- This site is optimized with the Yoast SEO plugin v27.3 - https:\/\/yoast.com\/product\/yoast-seo-wordpress\/ -->\n<title>Les Pr\u00e9sidents de l&#8217;Acad\u00e9mie - Beit al-Hikma<\/title>\n<meta name=\"robots\" content=\"index, follow, max-snippet:-1, max-image-preview:large, max-video-preview:-1\" \/>\n<link rel=\"canonical\" href=\"https:\/\/www.beitalhikma.tn\/fr\/les-presidents-de-lacademie\/\" \/>\n<meta property=\"og:locale\" content=\"fr_FR\" \/>\n<meta property=\"og:type\" content=\"article\" \/>\n<meta property=\"og:title\" content=\"Les Pr\u00e9sidents de l&#8217;Acad\u00e9mie - Beit al-Hikma\" \/>\n<meta property=\"og:description\" content=\"Le Pr\u00e9sident actuel: Pr Mahmoud Ben Romdhane Pr Abdelmajid Charfi (2016-2021) Pr Hichem Dja\u00eft (2012-2015) Pr Abdelwaheb Bouhdiba (1995-2011) Pr Sa\u00e2d Ghrab \u00a0 (1991-1995) Pr Ezzeddine [&hellip;]\" \/>\n<meta property=\"og:url\" content=\"https:\/\/www.beitalhikma.tn\/fr\/les-presidents-de-lacademie\/\" \/>\n<meta property=\"og:site_name\" content=\"Beit al-Hikma\" \/>\n<meta property=\"article:publisher\" content=\"https:\/\/www.facebook.com\/BeitalhikmaTunisie\/\" \/>\n<meta property=\"article:modified_time\" content=\"2025-10-22T12:08:48+00:00\" \/>\n<meta property=\"og:image\" content=\"https:\/\/www.beitalhikma.tn\/wp-content\/uploads\/2025\/05\/Photo3-2.jpg\" \/>\n\t<meta property=\"og:image:width\" content=\"895\" \/>\n\t<meta property=\"og:image:height\" content=\"655\" \/>\n\t<meta property=\"og:image:type\" content=\"image\/jpeg\" \/>\n<meta name=\"twitter:card\" content=\"summary_large_image\" \/>\n<meta name=\"twitter:site\" content=\"@Beit_alhikma_TN\" \/>\n<meta name=\"twitter:label1\" content=\"Dur\u00e9e de lecture estim\u00e9e\" \/>\n\t<meta name=\"twitter:data1\" content=\"2 minutes\" \/>\n<script type=\"application\/ld+json\" class=\"yoast-schema-graph\">{\"@context\":\"https:\\\/\\\/schema.org\",\"@graph\":[{\"@type\":\"WebPage\",\"@id\":\"https:\\\/\\\/www.beitalhikma.tn\\\/fr\\\/les-presidents-de-lacademie\\\/\",\"url\":\"https:\\\/\\\/www.beitalhikma.tn\\\/fr\\\/les-presidents-de-lacademie\\\/\",\"name\":\"Les Pr\u00e9sidents de l&#8217;Acad\u00e9mie - Beit al-Hikma\",\"isPartOf\":{\"@id\":\"https:\\\/\\\/www.beitalhikma.tn\\\/#website\"},\"primaryImageOfPage\":{\"@id\":\"https:\\\/\\\/www.beitalhikma.tn\\\/fr\\\/les-presidents-de-lacademie\\\/#primaryimage\"},\"image\":{\"@id\":\"https:\\\/\\\/www.beitalhikma.tn\\\/fr\\\/les-presidents-de-lacademie\\\/#primaryimage\"},\"thumbnailUrl\":\"https:\\\/\\\/www.beitalhikma.tn\\\/wp-content\\\/uploads\\\/2025\\\/05\\\/Photo3-2.jpg\",\"datePublished\":\"2018-04-19T09:34:48+00:00\",\"dateModified\":\"2025-10-22T12:08:48+00:00\",\"breadcrumb\":{\"@id\":\"https:\\\/\\\/www.beitalhikma.tn\\\/fr\\\/les-presidents-de-lacademie\\\/#breadcrumb\"},\"inLanguage\":\"fr-FR\",\"potentialAction\":[{\"@type\":\"ReadAction\",\"target\":[\"https:\\\/\\\/www.beitalhikma.tn\\\/fr\\\/les-presidents-de-lacademie\\\/\"]}]},{\"@type\":\"ImageObject\",\"inLanguage\":\"fr-FR\",\"@id\":\"https:\\\/\\\/www.beitalhikma.tn\\\/fr\\\/les-presidents-de-lacademie\\\/#primaryimage\",\"url\":\"https:\\\/\\\/www.beitalhikma.tn\\\/wp-content\\\/uploads\\\/2025\\\/05\\\/Photo3-2.jpg\",\"contentUrl\":\"https:\\\/\\\/www.beitalhikma.tn\\\/wp-content\\\/uploads\\\/2025\\\/05\\\/Photo3-2.jpg\"},{\"@type\":\"BreadcrumbList\",\"@id\":\"https:\\\/\\\/www.beitalhikma.tn\\\/fr\\\/les-presidents-de-lacademie\\\/#breadcrumb\",\"itemListElement\":[{\"@type\":\"ListItem\",\"position\":1,\"name\":\"Accueil\",\"item\":\"https:\\\/\\\/www.beitalhikma.tn\\\/fr\\\/\"},{\"@type\":\"ListItem\",\"position\":2,\"name\":\"Les Pr\u00e9sidents de l&#8217;Acad\u00e9mie\"}]},{\"@type\":\"WebSite\",\"@id\":\"https:\\\/\\\/www.beitalhikma.tn\\\/#website\",\"url\":\"https:\\\/\\\/www.beitalhikma.tn\\\/\",\"name\":\"Beit al-Hikma\",\"description\":\"L&#039;Acad\u00e9mie Tunisienne des Sciences, des Lettres  et des Arts\",\"publisher\":{\"@id\":\"https:\\\/\\\/www.beitalhikma.tn\\\/#organization\"},\"potentialAction\":[{\"@type\":\"SearchAction\",\"target\":{\"@type\":\"EntryPoint\",\"urlTemplate\":\"https:\\\/\\\/www.beitalhikma.tn\\\/?s={search_term_string}\"},\"query-input\":{\"@type\":\"PropertyValueSpecification\",\"valueRequired\":true,\"valueName\":\"search_term_string\"}}],\"inLanguage\":\"fr-FR\"},{\"@type\":\"Organization\",\"@id\":\"https:\\\/\\\/www.beitalhikma.tn\\\/#organization\",\"name\":\"Beit Al Hikma\",\"url\":\"https:\\\/\\\/www.beitalhikma.tn\\\/\",\"logo\":{\"@type\":\"ImageObject\",\"inLanguage\":\"fr-FR\",\"@id\":\"https:\\\/\\\/www.beitalhikma.tn\\\/#\\\/schema\\\/logo\\\/image\\\/\",\"url\":\"https:\\\/\\\/www.beitalhikma.tn\\\/wp-content\\\/uploads\\\/2014\\\/11\\\/logo.png\",\"contentUrl\":\"https:\\\/\\\/www.beitalhikma.tn\\\/wp-content\\\/uploads\\\/2014\\\/11\\\/logo.png\",\"width\":288,\"height\":109,\"caption\":\"Beit Al Hikma\"},\"image\":{\"@id\":\"https:\\\/\\\/www.beitalhikma.tn\\\/#\\\/schema\\\/logo\\\/image\\\/\"},\"sameAs\":[\"https:\\\/\\\/www.facebook.com\\\/BeitalhikmaTunisie\\\/\",\"https:\\\/\\\/x.com\\\/Beit_alhikma_TN\",\"https:\\\/\\\/www.youtube.com\\\/channel\\\/UCl8EfDXqt5MFfcEY0UYhevg\"]}]}<\/script>\n<!-- \/ Yoast SEO plugin. -->","yoast_head_json":{"title":"Les Pr\u00e9sidents de l&#8217;Acad\u00e9mie - Beit al-Hikma","robots":{"index":"index","follow":"follow","max-snippet":"max-snippet:-1","max-image-preview":"max-image-preview:large","max-video-preview":"max-video-preview:-1"},"canonical":"https:\/\/www.beitalhikma.tn\/fr\/les-presidents-de-lacademie\/","og_locale":"fr_FR","og_type":"article","og_title":"Les Pr\u00e9sidents de l&#8217;Acad\u00e9mie - Beit al-Hikma","og_description":"Le Pr\u00e9sident actuel: Pr Mahmoud Ben Romdhane Pr Abdelmajid Charfi (2016-2021) Pr Hichem Dja\u00eft (2012-2015) Pr Abdelwaheb Bouhdiba (1995-2011) Pr Sa\u00e2d Ghrab \u00a0 (1991-1995) Pr Ezzeddine [&hellip;]","og_url":"https:\/\/www.beitalhikma.tn\/fr\/les-presidents-de-lacademie\/","og_site_name":"Beit al-Hikma","article_publisher":"https:\/\/www.facebook.com\/BeitalhikmaTunisie\/","article_modified_time":"2025-10-22T12:08:48+00:00","og_image":[{"width":895,"height":655,"url":"https:\/\/www.beitalhikma.tn\/wp-content\/uploads\/2025\/05\/Photo3-2.jpg","type":"image\/jpeg"}],"twitter_card":"summary_large_image","twitter_site":"@Beit_alhikma_TN","twitter_misc":{"Dur\u00e9e de lecture estim\u00e9e":"2 minutes"},"schema":{"@context":"https:\/\/schema.org","@graph":[{"@type":"WebPage","@id":"https:\/\/www.beitalhikma.tn\/fr\/les-presidents-de-lacademie\/","url":"https:\/\/www.beitalhikma.tn\/fr\/les-presidents-de-lacademie\/","name":"Les Pr\u00e9sidents de l&#8217;Acad\u00e9mie - Beit al-Hikma","isPartOf":{"@id":"https:\/\/www.beitalhikma.tn\/#website"},"primaryImageOfPage":{"@id":"https:\/\/www.beitalhikma.tn\/fr\/les-presidents-de-lacademie\/#primaryimage"},"image":{"@id":"https:\/\/www.beitalhikma.tn\/fr\/les-presidents-de-lacademie\/#primaryimage"},"thumbnailUrl":"https:\/\/www.beitalhikma.tn\/wp-content\/uploads\/2025\/05\/Photo3-2.jpg","datePublished":"2018-04-19T09:34:48+00:00","dateModified":"2025-10-22T12:08:48+00:00","breadcrumb":{"@id":"https:\/\/www.beitalhikma.tn\/fr\/les-presidents-de-lacademie\/#breadcrumb"},"inLanguage":"fr-FR","potentialAction":[{"@type":"ReadAction","target":["https:\/\/www.beitalhikma.tn\/fr\/les-presidents-de-lacademie\/"]}]},{"@type":"ImageObject","inLanguage":"fr-FR","@id":"https:\/\/www.beitalhikma.tn\/fr\/les-presidents-de-lacademie\/#primaryimage","url":"https:\/\/www.beitalhikma.tn\/wp-content\/uploads\/2025\/05\/Photo3-2.jpg","contentUrl":"https:\/\/www.beitalhikma.tn\/wp-content\/uploads\/2025\/05\/Photo3-2.jpg"},{"@type":"BreadcrumbList","@id":"https:\/\/www.beitalhikma.tn\/fr\/les-presidents-de-lacademie\/#breadcrumb","itemListElement":[{"@type":"ListItem","position":1,"name":"Accueil","item":"https:\/\/www.beitalhikma.tn\/fr\/"},{"@type":"ListItem","position":2,"name":"Les Pr\u00e9sidents de l&#8217;Acad\u00e9mie"}]},{"@type":"WebSite","@id":"https:\/\/www.beitalhikma.tn\/#website","url":"https:\/\/www.beitalhikma.tn\/","name":"Beit al-Hikma","description":"L&#039;Acad\u00e9mie Tunisienne des Sciences, des Lettres  et des Arts","publisher":{"@id":"https:\/\/www.beitalhikma.tn\/#organization"},"potentialAction":[{"@type":"SearchAction","target":{"@type":"EntryPoint","urlTemplate":"https:\/\/www.beitalhikma.tn\/?s={search_term_string}"},"query-input":{"@type":"PropertyValueSpecification","valueRequired":true,"valueName":"search_term_string"}}],"inLanguage":"fr-FR"},{"@type":"Organization","@id":"https:\/\/www.beitalhikma.tn\/#organization","name":"Beit Al Hikma","url":"https:\/\/www.beitalhikma.tn\/","logo":{"@type":"ImageObject","inLanguage":"fr-FR","@id":"https:\/\/www.beitalhikma.tn\/#\/schema\/logo\/image\/","url":"https:\/\/www.beitalhikma.tn\/wp-content\/uploads\/2014\/11\/logo.png","contentUrl":"https:\/\/www.beitalhikma.tn\/wp-content\/uploads\/2014\/11\/logo.png","width":288,"height":109,"caption":"Beit Al Hikma"},"image":{"@id":"https:\/\/www.beitalhikma.tn\/#\/schema\/logo\/image\/"},"sameAs":["https:\/\/www.facebook.com\/BeitalhikmaTunisie\/","https:\/\/x.com\/Beit_alhikma_TN","https:\/\/www.youtube.com\/channel\/UCl8EfDXqt5MFfcEY0UYhevg"]}]}},"uagb_featured_image_src":{"full":false,"thumbnail":false,"medium":false,"medium_large":false,"large":false,"thumblist":false,"meccarouselthumb":false,"gridsquare":false,"tileview":false,"1536x1536":false,"2048x2048":false,"post-thumbnail":false,"50x50":false,"portfolio-list":false,"portfolio-fs":false,"portfolio-slider":false,"blog":false,"blog-single":false,"blog-item":false,"blog-widget":false,"features":false,"clients-slider":false,"offer-slider":false,"offer-slider-pg":false,"woocommerce_thumbnail":false,"woocommerce_single":false,"woocommerce_gallery_thumbnail":false},"uagb_author_info":{"display_name":"admin","author_link":"https:\/\/www.beitalhikma.tn\/fr\/author\/admin\/"},"uagb_comment_info":0,"uagb_excerpt":"Le Pr\u00e9sident actuel: Pr Mahmoud Ben Romdhane Pr Abdelmajid Charfi (2016-2021) Pr Hichem Dja\u00eft (2012-2015) Pr Abdelwaheb Bouhdiba (1995-2011) Pr Sa\u00e2d Ghrab \u00a0 (1991-1995) Pr Ezzeddine [&hellip;]","_links":{"self":[{"href":"https:\/\/www.beitalhikma.tn\/fr\/wp-json\/wp\/v2\/pages\/20692","targetHints":{"allow":["GET"]}}],"collection":[{"href":"https:\/\/www.beitalhikma.tn\/fr\/wp-json\/wp\/v2\/pages"}],"about":[{"href":"https:\/\/www.beitalhikma.tn\/fr\/wp-json\/wp\/v2\/types\/page"}],"author":[{"embeddable":true,"href":"https:\/\/www.beitalhikma.tn\/fr\/wp-json\/wp\/v2\/users\/1"}],"replies":[{"embeddable":true,"href":"https:\/\/www.beitalhikma.tn\/fr\/wp-json\/wp\/v2\/comments?post=20692"}],"version-history":[{"count":0,"href":"https:\/\/www.beitalhikma.tn\/fr\/wp-json\/wp\/v2\/pages\/20692\/revisions"}],"wp:attachment":[{"href":"https:\/\/www.beitalhikma.tn\/fr\/wp-json\/wp\/v2\/media?parent=20692"}],"curies":[{"name":"wp","href":"https:\/\/api.w.org\/{rel}","templated":true}]}}