{"id":4625,"date":"2016-06-14T09:33:51","date_gmt":"2016-06-14T08:33:51","guid":{"rendered":"http:\/\/www.beitalhikma.tn\/?page_id=4625"},"modified":"2026-01-06T08:43:11","modified_gmt":"2026-01-06T07:43:11","slug":"le-palais-3","status":"publish","type":"page","link":"https:\/\/www.beitalhikma.tn\/fr\/le-palais-3\/","title":{"rendered":"Aper\u00e7u sur l&#8217;Acad\u00e9mie"},"content":{"rendered":"\n<p class=\"has-text-align-center has-vivid-cyan-blue-color has-text-color\" style=\"font-size:18px\"><strong>Aper\u00e7u historique sur le palais abritant l\u2019Acad\u00e9mie<\/strong><\/p>\n\n\n\n<p class=\"has-text-align-center has-vivid-cyan-blue-color has-text-color\" style=\"font-size:18px\"><strong>tunisienne des sciences, <br>des lettres et des arts <\/strong><\/p>\n\n\n\n<p class=\"has-text-align-center has-vivid-cyan-blue-color has-text-color\" style=\"font-size:18px\"><em><strong>Be\u00eft al-Hikma<\/strong><\/em><\/p>\n\n\n<p style=\"text-align: justify;\"><span style=\"color: #000000;\">Le palais abritant l\u2019Acad\u00e9mie tunisienne Be\u00eft al-Hikma a \u00e9t\u00e9 construit au milieu du XIX\u00e8me si\u00e8cle et s\u2019appelait, \u00e0 l\u2019\u00e9poque husseinite, Palais Zarrouk.<\/span><\/p>\n<p style=\"text-align: justify;\"><span style=\"color: #000000;\">Edifi\u00e9 sur un site arch\u00e9ologique tr\u00e8s ancien, il est situ\u00e9 au pied de la colline de Carthage, ouvre directement sur la mer et jouxte les Thermes d\u2019Antonin. C\u2019est d\u2019ailleurs l\u2019inscription latine Thermis qui donnera le mot Dermech en arabe et d\u00e9signera le site proprement dit, puis tout le quartier o\u00f9 fut \u00e9difi\u00e9 le futur s\u00e9rail.<\/span><\/p>\n<p style=\"text-align: justify;\"><span style=\"color: #000000;\">Lors d\u2019une mission arch\u00e9ologique, E. De Sainte Marie affirmait avoir localis\u00e9, en 1873-1874, entre la mer et la colline dite Byrsa, deux palais : celui de Mustapha Ben Sma\u00efl et celui d\u2019Ahmed Zarrouk. Ils auraient \u00e9t\u00e9 \u00e9difi\u00e9s sur le cardo XVIII qui repr\u00e9sente la limite maritime de la cit\u00e9 august\u00e9enne. A une vingtaine de m\u00e8tres de l\u00e0, au lieu dit quartier Magon, une communaut\u00e9 ph\u00e9nicienne s\u2019\u00e9tait d\u2019ailleurs implant\u00e9e au V\u00e8me si\u00e8cle av. J.C. Lors de cette m\u00eame mission, De Sainte Marie avait d\u00e9couvert une statue colossale repr\u00e9sentant l\u2019imp\u00e9ratrice Sabine et datant du 1er si\u00e8cle ap. J.C, ainsi que des inscriptions votives \u00e0 Jupiter Serapis.<\/span><\/p>\n<p style=\"text-align: justify;\"><span style=\"color: #000000;\">Le palais actuel, au style architectural italianisant, fut construit par le g\u00e9n\u00e9ral Ahmed Zarrouk, gendre d\u2019Ali Bey et ministre de la guerre, qui en fit sa r\u00e9sidence personnelle. L\u2019historien Ahmed Ibn Abi Dhiaf note dans sa correspondance \u00e0 Kh\u00e9reddine : \u00abM\u2019hamed Bey a donn\u00e9 un terrain avec des makhzen et un puits au g\u00e9n\u00e9ral de brigade (Emir liwa) Sidi Ahmed Zarrouk, pr\u00e8s de Saniet Sidi Lamine Bey, fr\u00e8re d\u2019Ahmed Pacha 1er et l\u2019a incit\u00e9 \u00e0 construire un borj\u00bb.<\/span><\/p>\n<p style=\"text-align: justify;\"><span style=\"color: #000000;\">Charg\u00e9 de mettre fin aux r\u00e9voltes des habitants du Sahel qui s\u2019\u00e9taient soulev\u00e9s contre les nouvelle r\u00e9formes et l\u2019augmentation de la mejba, Ahmed Zarrouk a laiss\u00e9 le souvenir de r\u00e9pressions impitoyables. A la mort du bey Mohamed Sadok en 1882, il tomba en disgr\u00e2ce, puis d\u00e9c\u00e9da en 1889. Son fils Mohamed dilapida l\u2019h\u00e9ritage. Un tuteur fut charg\u00e9 de vendre sa r\u00e9sidence qui \u00e9chut \u00e0 Hai Bessis. C\u2019est ainsi que se constitua petit \u00e0 petit le domaine des Bessis sur la c\u00f4te de Carthage. Plusieurs r\u00e9ceptions officielles y furent organis\u00e9es, notamment \u00e0 l\u2019occasion du voyage de Jules Ferry en Tunisie, accompagn\u00e9 d\u2019une d\u00e9l\u00e9gation de s\u00e9nateurs et d\u00e9put\u00e9s.<\/span><\/p>\n<p style=\"text-align: justify;\"><span style=\"color: #000000;\">Le Bey Mohamed-El-Habib fit l\u2019acquisition, en 1922, du palais Zarrouk et le laissa \u00e0 son fils Lamine Bey, dernier souverain de la dynastie husseinite (1943-1957), qui y apporta certaines modifications: il fit recouvrir d\u2019un toit le grand patio int\u00e9rieur qui \u00e9tait jusque-l\u00e0 \u00e0 ciel ouvert, transforma la haute fa\u00e7ade et l\u2019entr\u00e9e, les orna d\u2019un moucharabieh et d\u2019embl\u00e8mes beylicaux et renouvela la d\u00e9coration des plafonds. Il construisit dans les jardins alentour de nouveaux b\u00e2timents d\u2019habitation destin\u00e9s \u00e0 loger sa famille et sa suite et d\u00e9rogea \u00e0 la r\u00e8gle husseinite en d\u00e9pla\u00e7ant la salle du tr\u00f4ne de l\u2019\u00e9tage au rez-de-chauss\u00e9e.<\/span><\/p>\n<p style=\"text-align: justify;\"><span style=\"color: #000000;\">C\u2019est dans ce palais que l\u2019autonomie interne de la Tunisie fut solennellement proclam\u00e9e par le Pr\u00e9sident du Conseil fran\u00e7ais Pierre Mend\u00e8s France (31\/7\/1954), que fut sign\u00e9 le Code du Statut Personnel (13\/08\/1956) et que fut concr\u00e9tis\u00e9e la R\u00e9publique (25\/7\/1957).<\/span><\/p>\n<p style=\"text-align: justify;\"><span style=\"color: #000000;\">La splendide avenue descendant vers la mer \u00e9tait bord\u00e9e de majestueux palmiers. On l\u2019aurait baptis\u00e9e d\u2019abord avenue des palmiers puis avenue Roustan. Elle devint ensuite avenue Lamine Bey, lorsque celui-ci s\u2019appropria d\u2019autres terrains jouxtant le s\u00e9rail. Son carrosse, tir\u00e9 par des chevaux bretons, sillonnait tous les jours, en grande pompe, la belle art\u00e8re qui porta apr\u00e8s l\u2019ind\u00e9pendance son nom actuel : avenue de la R\u00e9publique.<\/span><\/p>\n<p style=\"text-align: justify;\"><span style=\"color: #000000;\">Apr\u00e8s l\u2019ind\u00e9pendance, le palais abrita l\u2019Office national de l\u2019artisanat, puis l\u2019Institut national d\u2019arch\u00e9ologie (devenu Institut national du patrimoine), puis en 1983, la Fondation nationale pour la traduction, l\u2019\u00e9tablissement des textes et les \u00e9tudes Be\u00eft al-Hikma. Celle-ci devait devenir, en 1992, l\u2019Acad\u00e9mie tunisienne des sciences, des lettres et des arts.<\/span><\/p>\n\n\n<p class=\"has-text-align-center has-vivid-cyan-blue-color has-text-color\" style=\"font-size:18px\"><strong>L\u2019Acad\u00e9mie tunisienne<br>des sciences, des lettres et des arts <\/strong><\/p>\n\n\n\n<p class=\"has-text-align-center has-vivid-cyan-blue-color has-text-color\" style=\"font-size:18px\"><em><strong>Be\u00eft al-Hikma<\/strong><\/em><\/p>\n\n\n\n<p><br><\/p>\n\n\n<p style=\"text-align: justify;\"><span style=\"color: #000000;\"><em>Be\u00eft al-Hikma<\/em> a \u00e9t\u00e9 cr\u00e9\u00e9e conform\u00e9ment \u00e0 la loi n\u00b0116-92 du 30 novembre 1992 pour prendre la suite de la Fondation nationale pour la traduction, l\u2019\u00e9tablissement des textes et des \u00e9tudes cr\u00e9\u00e9e elle-m\u00eame en 1983.<\/span><\/p>\n<p style=\"text-align: justify;\"><span style=\"color: #000000;\">L\u2019Acad\u00e9mie a \u00e9t\u00e9 restructur\u00e9e par<\/span><strong><span style=\"color: #000000;\"><a href=\"https:\/\/www.beitalhikma.tn\/wp-content\/uploads\/2024\/10\/Decret-N\u00b0-315.pdf\"><u>le d\u00e9cret gouvernemental n<sup>o<\/sup> 315 du 21 Mars 2019 relatif \u00e0 la gestion administrative et financi\u00e8re et les modalit\u00e9s de fonctionnement de l\u2019Acad\u00e9mie.<\/u><\/a><\/span><\/strong><\/p>\n<p style=\"text-align: justify;\"><span style=\"color: #000000;\">\u00a0Elle a pour missions :<\/span><\/p>\n<ul>\n<li><span style=\"color: #000000;\">Soutenir la culture tunisienne dans les divers domaines et \u0153uvrer \u00e0 son rayonnement.<\/span><\/li>\n<li><span style=\"color: #000000;\">\u00a0De r\u00e9unir les grands hommes de culture et leur permettre de poursuivre le d\u00e9veloppement de la recherche dans les diff\u00e9rents domaines d\u2019activit\u00e9 de l\u2019esprit et de la science et d\u2019\u00e9changer leur savoir.<\/span><\/li>\n<li><span style=\"color: #000000;\">De contribuer, en coordination avec les institutions similaires dans le monde, \u00e0 l\u2019enrichissement de la langue arabe, de veiller \u00e0 son bon usage, de regrouper et de d\u00e9velopper ses potentialit\u00e9s afin qu\u2019elle aille de pair avec les sciences et les arts.<\/span><\/li>\n<li><span style=\"color: #000000;\">\u00a0De contribuer \u00e0 la sauvegarde du patrimoine dans les domaines de la recherche et de l\u2019\u00e9dition.<\/span><\/li>\n<li><span style=\"color: #000000;\">D\u2019\u00e9laborer des dictionnaires et des encyclop\u00e9dies et de traduire des ouvrages.<\/span><\/li>\n<li><span style=\"color: #000000;\">\u00a0D\u2019organiser des colloques et des conf\u00e9rences dans les diff\u00e9rents domaines relevant des attributions de l\u2019Acad\u00e9mie.<\/span><\/li>\n<li><span style=\"color: #000000;\">D\u2019encourager la cr\u00e9ation et la diffusion d\u2019oeuvres de l\u2019esprit et de l\u2019art.<\/span><\/li>\n<li><span style=\"color: #000000;\">De pr\u00e9senter des avis sur les questions relevant de ses attributions et dont elle serait saisie par l\u2019autorit\u00e9 de tutelle ainsi que par les autres d\u00e9partements minist\u00e9riels et par toute autre institution.<\/span><\/li>\n<\/ul>\n\n\n<p class=\"has-text-align-center\" style=\"font-size:18px\"><\/p>\n\n\n\n<div class=\"wp-block-uagb-container uagb-block-abcb6883 alignfull uagb-is-root-container\"><div class=\"uagb-container-inner-blocks-wrap\">\n<p style=\"font-size:22px\"><strong><a href=\"https:\/\/www.beitalhikma.tn\/wp-content\/uploads\/2024\/10\/Decret-N\u00b0-315.pdf\">Le d\u00e9cret gouvernemental n\u00b0 315 du 21 Mars 2019 relatif \u00e0 la gestion administrative et financi\u00e8re et les modalit\u00e9s de fonctionnement de l\u2019Acad\u00e9mie.<\/a><\/strong><\/p>\n<\/div><\/div>\n\n\n\n<p class=\"has-text-align-center\" style=\"font-size:18px\"><\/p>\n\n\n\n<div class=\"wp-block-uagb-container uagb-block-c3972f19 alignfull uagb-is-root-container\"><div class=\"uagb-container-inner-blocks-wrap\">\n<p class=\"has-text-align-center has-background\" style=\"background-color:#d5e2ec;font-size:25px\"><strong>Organigramme<\/strong><\/p>\n<\/div><\/div>\n\n\n\n<p class=\"has-text-align-center\" style=\"font-size:20px\"><\/p>\n\n\n\n<div class=\"wp-block-uagb-container uagb-block-5e05da2e alignfull uagb-is-root-container\"><div class=\"uagb-container-inner-blocks-wrap\">\n<p style=\"font-size:22px\"><a href=\"https:\/\/www.beitalhikma.tn\/wp-content\/uploads\/2024\/10\/\u0627\u0644\u0623\u0645\u0631-\u0639\u062f\u062f-837.pdf\"><strong>Le d\u00e9cret gouvernemental n\u00b0837 du 3 septembre 2019 relatif \u00e0 l&#8217;organigramme de l&#8217;Acad\u00e9mie <\/strong>.<\/a><\/p>\n<\/div><\/div>\n\n\n\n<p class=\"has-text-align-center has-medium-font-size\"><a href=\"https:\/\/www.beitalhikma.tn\/fr\/le-palais-3\/\"><strong>Voir plus<\/strong><\/a><\/p>\n","protected":false},"excerpt":{"rendered":"<p>Aper\u00e7u historique sur le palais abritant l\u2019Acad\u00e9mie tunisienne des sciences, des lettres et des arts Be\u00eft al-Hikma Le palais abritant l\u2019Acad\u00e9mie tunisienne Be\u00eft al-Hikma a \u00e9t\u00e9 [&hellip;]<\/p>\n","protected":false},"author":1,"featured_media":0,"parent":0,"menu_order":0,"comment_status":"closed","ping_status":"closed","template":"","meta":{"_uag_custom_page_level_css":"","footnotes":""},"class_list":["post-4625","page","type-page","status-publish","hentry"],"featured_image_src":null,"yoast_head":"<!-- This site is optimized with the Yoast SEO plugin v27.3 - https:\/\/yoast.com\/product\/yoast-seo-wordpress\/ -->\n<title>Aper\u00e7u sur l&#8217;Acad\u00e9mie - Beit al-Hikma<\/title>\n<meta name=\"robots\" content=\"index, follow, max-snippet:-1, max-image-preview:large, max-video-preview:-1\" \/>\n<link rel=\"canonical\" href=\"https:\/\/www.beitalhikma.tn\/fr\/le-palais-3\/\" \/>\n<meta property=\"og:locale\" content=\"fr_FR\" \/>\n<meta property=\"og:type\" content=\"article\" \/>\n<meta property=\"og:title\" content=\"Aper\u00e7u sur l&#8217;Acad\u00e9mie - Beit al-Hikma\" \/>\n<meta property=\"og:description\" content=\"Aper\u00e7u historique sur le palais abritant l\u2019Acad\u00e9mie tunisienne des sciences, des lettres et des arts Be\u00eft al-Hikma Le palais abritant l\u2019Acad\u00e9mie tunisienne Be\u00eft al-Hikma a \u00e9t\u00e9 [&hellip;]\" \/>\n<meta property=\"og:url\" content=\"https:\/\/www.beitalhikma.tn\/fr\/le-palais-3\/\" \/>\n<meta property=\"og:site_name\" content=\"Beit al-Hikma\" \/>\n<meta property=\"article:publisher\" content=\"https:\/\/www.facebook.com\/BeitalhikmaTunisie\/\" \/>\n<meta property=\"article:modified_time\" content=\"2026-01-06T07:43:11+00:00\" \/>\n<meta property=\"og:image\" content=\"https:\/\/www.beitalhikma.tn\/wp-content\/uploads\/2022\/02\/LOGO-1-250x250-1.jpg\" \/>\n\t<meta property=\"og:image:width\" content=\"250\" \/>\n\t<meta property=\"og:image:height\" content=\"250\" \/>\n\t<meta property=\"og:image:type\" content=\"image\/jpeg\" \/>\n<meta name=\"twitter:card\" content=\"summary_large_image\" \/>\n<meta name=\"twitter:site\" content=\"@Beit_alhikma_TN\" \/>\n<meta name=\"twitter:label1\" content=\"Dur\u00e9e de lecture estim\u00e9e\" \/>\n\t<meta name=\"twitter:data1\" content=\"5 minutes\" \/>\n<script type=\"application\/ld+json\" class=\"yoast-schema-graph\">{\"@context\":\"https:\\\/\\\/schema.org\",\"@graph\":[{\"@type\":\"WebPage\",\"@id\":\"https:\\\/\\\/www.beitalhikma.tn\\\/fr\\\/le-palais-3\\\/\",\"url\":\"https:\\\/\\\/www.beitalhikma.tn\\\/fr\\\/le-palais-3\\\/\",\"name\":\"Aper\u00e7u sur l&#8217;Acad\u00e9mie - Beit al-Hikma\",\"isPartOf\":{\"@id\":\"https:\\\/\\\/www.beitalhikma.tn\\\/#website\"},\"datePublished\":\"2016-06-14T08:33:51+00:00\",\"dateModified\":\"2026-01-06T07:43:11+00:00\",\"breadcrumb\":{\"@id\":\"https:\\\/\\\/www.beitalhikma.tn\\\/fr\\\/le-palais-3\\\/#breadcrumb\"},\"inLanguage\":\"fr-FR\",\"potentialAction\":[{\"@type\":\"ReadAction\",\"target\":[\"https:\\\/\\\/www.beitalhikma.tn\\\/fr\\\/le-palais-3\\\/\"]}]},{\"@type\":\"BreadcrumbList\",\"@id\":\"https:\\\/\\\/www.beitalhikma.tn\\\/fr\\\/le-palais-3\\\/#breadcrumb\",\"itemListElement\":[{\"@type\":\"ListItem\",\"position\":1,\"name\":\"Accueil\",\"item\":\"https:\\\/\\\/www.beitalhikma.tn\\\/fr\\\/\"},{\"@type\":\"ListItem\",\"position\":2,\"name\":\"Aper\u00e7u sur l&#8217;Acad\u00e9mie\"}]},{\"@type\":\"WebSite\",\"@id\":\"https:\\\/\\\/www.beitalhikma.tn\\\/#website\",\"url\":\"https:\\\/\\\/www.beitalhikma.tn\\\/\",\"name\":\"Beit al-Hikma\",\"description\":\"L&#039;Acad\u00e9mie Tunisienne des Sciences, des Lettres  et des Arts\",\"publisher\":{\"@id\":\"https:\\\/\\\/www.beitalhikma.tn\\\/#organization\"},\"potentialAction\":[{\"@type\":\"SearchAction\",\"target\":{\"@type\":\"EntryPoint\",\"urlTemplate\":\"https:\\\/\\\/www.beitalhikma.tn\\\/?s={search_term_string}\"},\"query-input\":{\"@type\":\"PropertyValueSpecification\",\"valueRequired\":true,\"valueName\":\"search_term_string\"}}],\"inLanguage\":\"fr-FR\"},{\"@type\":\"Organization\",\"@id\":\"https:\\\/\\\/www.beitalhikma.tn\\\/#organization\",\"name\":\"Beit Al Hikma\",\"url\":\"https:\\\/\\\/www.beitalhikma.tn\\\/\",\"logo\":{\"@type\":\"ImageObject\",\"inLanguage\":\"fr-FR\",\"@id\":\"https:\\\/\\\/www.beitalhikma.tn\\\/#\\\/schema\\\/logo\\\/image\\\/\",\"url\":\"https:\\\/\\\/www.beitalhikma.tn\\\/wp-content\\\/uploads\\\/2014\\\/11\\\/logo.png\",\"contentUrl\":\"https:\\\/\\\/www.beitalhikma.tn\\\/wp-content\\\/uploads\\\/2014\\\/11\\\/logo.png\",\"width\":288,\"height\":109,\"caption\":\"Beit Al Hikma\"},\"image\":{\"@id\":\"https:\\\/\\\/www.beitalhikma.tn\\\/#\\\/schema\\\/logo\\\/image\\\/\"},\"sameAs\":[\"https:\\\/\\\/www.facebook.com\\\/BeitalhikmaTunisie\\\/\",\"https:\\\/\\\/x.com\\\/Beit_alhikma_TN\",\"https:\\\/\\\/www.youtube.com\\\/channel\\\/UCl8EfDXqt5MFfcEY0UYhevg\"]}]}<\/script>\n<!-- \/ Yoast SEO plugin. -->","yoast_head_json":{"title":"Aper\u00e7u sur l&#8217;Acad\u00e9mie - Beit al-Hikma","robots":{"index":"index","follow":"follow","max-snippet":"max-snippet:-1","max-image-preview":"max-image-preview:large","max-video-preview":"max-video-preview:-1"},"canonical":"https:\/\/www.beitalhikma.tn\/fr\/le-palais-3\/","og_locale":"fr_FR","og_type":"article","og_title":"Aper\u00e7u sur l&#8217;Acad\u00e9mie - Beit al-Hikma","og_description":"Aper\u00e7u historique sur le palais abritant l\u2019Acad\u00e9mie tunisienne des sciences, des lettres et des arts Be\u00eft al-Hikma Le palais abritant l\u2019Acad\u00e9mie tunisienne Be\u00eft al-Hikma a \u00e9t\u00e9 [&hellip;]","og_url":"https:\/\/www.beitalhikma.tn\/fr\/le-palais-3\/","og_site_name":"Beit al-Hikma","article_publisher":"https:\/\/www.facebook.com\/BeitalhikmaTunisie\/","article_modified_time":"2026-01-06T07:43:11+00:00","og_image":[{"width":250,"height":250,"url":"https:\/\/www.beitalhikma.tn\/wp-content\/uploads\/2022\/02\/LOGO-1-250x250-1.jpg","type":"image\/jpeg"}],"twitter_card":"summary_large_image","twitter_site":"@Beit_alhikma_TN","twitter_misc":{"Dur\u00e9e de lecture estim\u00e9e":"5 minutes"},"schema":{"@context":"https:\/\/schema.org","@graph":[{"@type":"WebPage","@id":"https:\/\/www.beitalhikma.tn\/fr\/le-palais-3\/","url":"https:\/\/www.beitalhikma.tn\/fr\/le-palais-3\/","name":"Aper\u00e7u sur l&#8217;Acad\u00e9mie - Beit al-Hikma","isPartOf":{"@id":"https:\/\/www.beitalhikma.tn\/#website"},"datePublished":"2016-06-14T08:33:51+00:00","dateModified":"2026-01-06T07:43:11+00:00","breadcrumb":{"@id":"https:\/\/www.beitalhikma.tn\/fr\/le-palais-3\/#breadcrumb"},"inLanguage":"fr-FR","potentialAction":[{"@type":"ReadAction","target":["https:\/\/www.beitalhikma.tn\/fr\/le-palais-3\/"]}]},{"@type":"BreadcrumbList","@id":"https:\/\/www.beitalhikma.tn\/fr\/le-palais-3\/#breadcrumb","itemListElement":[{"@type":"ListItem","position":1,"name":"Accueil","item":"https:\/\/www.beitalhikma.tn\/fr\/"},{"@type":"ListItem","position":2,"name":"Aper\u00e7u sur l&#8217;Acad\u00e9mie"}]},{"@type":"WebSite","@id":"https:\/\/www.beitalhikma.tn\/#website","url":"https:\/\/www.beitalhikma.tn\/","name":"Beit al-Hikma","description":"L&#039;Acad\u00e9mie Tunisienne des Sciences, des Lettres  et des Arts","publisher":{"@id":"https:\/\/www.beitalhikma.tn\/#organization"},"potentialAction":[{"@type":"SearchAction","target":{"@type":"EntryPoint","urlTemplate":"https:\/\/www.beitalhikma.tn\/?s={search_term_string}"},"query-input":{"@type":"PropertyValueSpecification","valueRequired":true,"valueName":"search_term_string"}}],"inLanguage":"fr-FR"},{"@type":"Organization","@id":"https:\/\/www.beitalhikma.tn\/#organization","name":"Beit Al Hikma","url":"https:\/\/www.beitalhikma.tn\/","logo":{"@type":"ImageObject","inLanguage":"fr-FR","@id":"https:\/\/www.beitalhikma.tn\/#\/schema\/logo\/image\/","url":"https:\/\/www.beitalhikma.tn\/wp-content\/uploads\/2014\/11\/logo.png","contentUrl":"https:\/\/www.beitalhikma.tn\/wp-content\/uploads\/2014\/11\/logo.png","width":288,"height":109,"caption":"Beit Al Hikma"},"image":{"@id":"https:\/\/www.beitalhikma.tn\/#\/schema\/logo\/image\/"},"sameAs":["https:\/\/www.facebook.com\/BeitalhikmaTunisie\/","https:\/\/x.com\/Beit_alhikma_TN","https:\/\/www.youtube.com\/channel\/UCl8EfDXqt5MFfcEY0UYhevg"]}]}},"uagb_featured_image_src":{"full":false,"thumbnail":false,"medium":false,"medium_large":false,"large":false,"thumblist":false,"meccarouselthumb":false,"gridsquare":false,"tileview":false,"1536x1536":false,"2048x2048":false,"post-thumbnail":false,"50x50":false,"portfolio-list":false,"portfolio-fs":false,"portfolio-slider":false,"blog":false,"blog-single":false,"blog-item":false,"blog-widget":false,"features":false,"clients-slider":false,"offer-slider":false,"offer-slider-pg":false,"woocommerce_thumbnail":false,"woocommerce_single":false,"woocommerce_gallery_thumbnail":false},"uagb_author_info":{"display_name":"admin","author_link":"https:\/\/www.beitalhikma.tn\/fr\/author\/admin\/"},"uagb_comment_info":0,"uagb_excerpt":"Aper\u00e7u historique sur le palais abritant l\u2019Acad\u00e9mie tunisienne des sciences, des lettres et des arts Be\u00eft al-Hikma Le palais abritant l\u2019Acad\u00e9mie tunisienne Be\u00eft al-Hikma a \u00e9t\u00e9 [&hellip;]","_links":{"self":[{"href":"https:\/\/www.beitalhikma.tn\/fr\/wp-json\/wp\/v2\/pages\/4625","targetHints":{"allow":["GET"]}}],"collection":[{"href":"https:\/\/www.beitalhikma.tn\/fr\/wp-json\/wp\/v2\/pages"}],"about":[{"href":"https:\/\/www.beitalhikma.tn\/fr\/wp-json\/wp\/v2\/types\/page"}],"author":[{"embeddable":true,"href":"https:\/\/www.beitalhikma.tn\/fr\/wp-json\/wp\/v2\/users\/1"}],"replies":[{"embeddable":true,"href":"https:\/\/www.beitalhikma.tn\/fr\/wp-json\/wp\/v2\/comments?post=4625"}],"version-history":[{"count":4,"href":"https:\/\/www.beitalhikma.tn\/fr\/wp-json\/wp\/v2\/pages\/4625\/revisions"}],"predecessor-version":[{"id":126779,"href":"https:\/\/www.beitalhikma.tn\/fr\/wp-json\/wp\/v2\/pages\/4625\/revisions\/126779"}],"wp:attachment":[{"href":"https:\/\/www.beitalhikma.tn\/fr\/wp-json\/wp\/v2\/media?parent=4625"}],"curies":[{"name":"wp","href":"https:\/\/api.w.org\/{rel}","templated":true}]}}