{"id":101477,"date":"2023-02-09T09:41:43","date_gmt":"2023-02-09T08:41:43","guid":{"rendered":"https:\/\/www.beitalhikma.tn\/?post_type=product&#038;p=101477"},"modified":"2023-03-08T11:15:08","modified_gmt":"2023-03-08T10:15:08","slug":"une-nouvelle-lecture-de-la-crise-de-la-dette-publique-des-annees-1860-en-tunisie","status":"publish","type":"product","link":"https:\/\/www.beitalhikma.tn\/fr\/publication\/acces-boutique\/livres-en-vente\/une-nouvelle-lecture-de-la-crise-de-la-dette-publique-des-annees-1860-en-tunisie\/","title":{"rendered":"Une nouvelle lecture de la crise de la dette publique des ann\u00e9es 1860 en Tunisie"},"content":{"rendered":"<p>L\u2019ouvrage fait partie de la s\u00e9rie de publications de l\u2019Acad\u00e9mie tunisienne des sciences, des lettres et des arts, \u00ab\u00a0Beit al-Hikma\u00a0\u00bb pour l\u2019ann\u00e9e 2022.<\/p>\n<p>L\u2019expert en \u00e9conomie Mustapha Kamel Ennabli y traite de la nature de la dette publique durant les ann\u00e9es 60 du 19<sup>\u00e8me<\/sup> si\u00e8cle en \u00e9non\u00e7ant les causes majeures qui ont conduit \u00e0 l\u2019\u00e9mergence de cette crise. L\u2019auteur analyse, \u00e9galement, la port\u00e9e de ses r\u00e9percussions.<\/p>\n<p>Dans son approche d\u2019analyse, l\u2019auteur a recours \u00e0 plusieurs concepts et outils analytiques actuels pour d\u00e9cortiquer une crise qui a eu lieu au 19<sup>\u00e8me<\/sup> si\u00e8cle. Ce qui confirme sa dimension novatrice pour faire l\u2019examen d\u2019une crise dans laquelle le politique et l\u2019\u00e9conomique se chevauchent et qui est, \u00e0 la fois, impact\u00e9e par des consid\u00e9rations nationales, r\u00e9gionales et internationales.<\/p>\n<p>L\u2019auteur s\u2019attache, ainsi, dans son ouvrage \u00e0 une approche comparative avec les crises r\u00e9gionales et mondiales.<\/p>\n<p style=\"text-align: right;\">\n","protected":false},"excerpt":{"rendered":"<ul>\n<li><strong>Titre : une nouvelle lecture de la crise de la dette publique des ann\u00e9es 1860 en Tunisie<\/strong><\/li>\n<li><b>Auteur : Mustapha Kamel Nabli<\/b><\/li>\n<li><strong>Langue : <\/strong>Fran\u00e7aise<\/li>\n<li><strong>Date de publication<\/strong> : 2022<\/li>\n<li><strong>Format\u00a0:<\/strong> 24 x 16<\/li>\n<li><strong>Nombre de pages :<\/strong>127<\/li>\n<li><strong>Th\u00e8me:<\/strong>\u00e9conomie<\/li>\n<li><strong>ISBN :<\/strong> 978-9973-49-241-8<\/li>\n<li><strong>Poids :350<\/strong>\u00a0gr<\/li>\n<li><strong>Situation:<\/strong>disponible<\/li>\n<\/ul>\n","protected":false},"featured_media":101478,"template":"","meta":{"_uag_custom_page_level_css":""},"product_brand":[],"product_cat":[11],"product_tag":[],"class_list":{"0":"post-101477","1":"product","2":"type-product","3":"status-publish","4":"has-post-thumbnail","6":"product_cat-livres-en-vente","8":"first","9":"instock","10":"sale","11":"shipping-taxable","12":"purchasable","13":"product-type-simple"},"yoast_head":"<!-- This site is optimized with the Yoast SEO plugin v27.3 - https:\/\/yoast.com\/product\/yoast-seo-wordpress\/ -->\n<title>Une nouvelle lecture de la crise de la dette publique des ann\u00e9es 1860 en Tunisie - Beit al-Hikma<\/title>\n<meta name=\"robots\" content=\"index, follow, max-snippet:-1, max-image-preview:large, max-video-preview:-1\" \/>\n<link rel=\"canonical\" href=\"https:\/\/www.beitalhikma.tn\/fr\/publication\/acces-boutique\/livres-en-vente\/une-nouvelle-lecture-de-la-crise-de-la-dette-publique-des-annees-1860-en-tunisie\/\" \/>\n<meta property=\"og:locale\" content=\"fr_FR\" \/>\n<meta property=\"og:type\" content=\"article\" \/>\n<meta property=\"og:title\" content=\"Une nouvelle lecture de la crise de la dette publique des ann\u00e9es 1860 en Tunisie - Beit al-Hikma\" \/>\n<meta property=\"og:description\" content=\"Titre : une nouvelle lecture de la crise de la dette publique des ann\u00e9es 1860 en Tunisie  Auteur : Mustapha Kamel Nabli  Langue : Fran\u00e7aise  Date de publication : 2022  Format\u00a0: 24 x 16  Nombre de pages :127  Th\u00e8me:\u00e9conomie  ISBN : 978-9973-49-241-8  Poids :350\u00a0gr  Situation:disponible\" \/>\n<meta property=\"og:url\" content=\"https:\/\/www.beitalhikma.tn\/fr\/publication\/acces-boutique\/livres-en-vente\/une-nouvelle-lecture-de-la-crise-de-la-dette-publique-des-annees-1860-en-tunisie\/\" \/>\n<meta property=\"og:site_name\" content=\"Beit al-Hikma\" \/>\n<meta property=\"article:publisher\" content=\"https:\/\/www.facebook.com\/BeitalhikmaTunisie\/\" \/>\n<meta property=\"article:modified_time\" content=\"2023-03-08T10:15:08+00:00\" \/>\n<meta property=\"og:image\" content=\"https:\/\/www.beitalhikma.tn\/wp-content\/uploads\/2023\/02\/Couv-La-crise-de-la-Dette-Publique.jpg\" \/>\n\t<meta property=\"og:image:width\" content=\"916\" \/>\n\t<meta property=\"og:image:height\" content=\"1388\" \/>\n\t<meta property=\"og:image:type\" content=\"image\/jpeg\" \/>\n<meta name=\"twitter:card\" content=\"summary_large_image\" \/>\n<meta name=\"twitter:site\" content=\"@Beit_alhikma_TN\" \/>\n<meta name=\"twitter:label1\" content=\"Dur\u00e9e de lecture estim\u00e9e\" \/>\n\t<meta name=\"twitter:data1\" content=\"1 minute\" \/>\n<script type=\"application\/ld+json\" class=\"yoast-schema-graph\">{\"@context\":\"https:\\\/\\\/schema.org\",\"@graph\":[{\"@type\":\"WebPage\",\"@id\":\"https:\\\/\\\/www.beitalhikma.tn\\\/fr\\\/publication\\\/acces-boutique\\\/livres-en-vente\\\/une-nouvelle-lecture-de-la-crise-de-la-dette-publique-des-annees-1860-en-tunisie\\\/\",\"url\":\"https:\\\/\\\/www.beitalhikma.tn\\\/fr\\\/publication\\\/acces-boutique\\\/livres-en-vente\\\/une-nouvelle-lecture-de-la-crise-de-la-dette-publique-des-annees-1860-en-tunisie\\\/\",\"name\":\"Une nouvelle lecture de la crise de la dette publique des ann\u00e9es 1860 en Tunisie - Beit al-Hikma\",\"isPartOf\":{\"@id\":\"https:\\\/\\\/www.beitalhikma.tn\\\/#website\"},\"primaryImageOfPage\":{\"@id\":\"https:\\\/\\\/www.beitalhikma.tn\\\/fr\\\/publication\\\/acces-boutique\\\/livres-en-vente\\\/une-nouvelle-lecture-de-la-crise-de-la-dette-publique-des-annees-1860-en-tunisie\\\/#primaryimage\"},\"image\":{\"@id\":\"https:\\\/\\\/www.beitalhikma.tn\\\/fr\\\/publication\\\/acces-boutique\\\/livres-en-vente\\\/une-nouvelle-lecture-de-la-crise-de-la-dette-publique-des-annees-1860-en-tunisie\\\/#primaryimage\"},\"thumbnailUrl\":\"https:\\\/\\\/www.beitalhikma.tn\\\/wp-content\\\/uploads\\\/2023\\\/02\\\/Couv-La-crise-de-la-Dette-Publique.jpg\",\"datePublished\":\"2023-02-09T08:41:43+00:00\",\"dateModified\":\"2023-03-08T10:15:08+00:00\",\"breadcrumb\":{\"@id\":\"https:\\\/\\\/www.beitalhikma.tn\\\/fr\\\/publication\\\/acces-boutique\\\/livres-en-vente\\\/une-nouvelle-lecture-de-la-crise-de-la-dette-publique-des-annees-1860-en-tunisie\\\/#breadcrumb\"},\"inLanguage\":\"fr-FR\",\"potentialAction\":[{\"@type\":\"ReadAction\",\"target\":[\"https:\\\/\\\/www.beitalhikma.tn\\\/fr\\\/publication\\\/acces-boutique\\\/livres-en-vente\\\/une-nouvelle-lecture-de-la-crise-de-la-dette-publique-des-annees-1860-en-tunisie\\\/\"]}]},{\"@type\":\"ImageObject\",\"inLanguage\":\"fr-FR\",\"@id\":\"https:\\\/\\\/www.beitalhikma.tn\\\/fr\\\/publication\\\/acces-boutique\\\/livres-en-vente\\\/une-nouvelle-lecture-de-la-crise-de-la-dette-publique-des-annees-1860-en-tunisie\\\/#primaryimage\",\"url\":\"https:\\\/\\\/www.beitalhikma.tn\\\/wp-content\\\/uploads\\\/2023\\\/02\\\/Couv-La-crise-de-la-Dette-Publique.jpg\",\"contentUrl\":\"https:\\\/\\\/www.beitalhikma.tn\\\/wp-content\\\/uploads\\\/2023\\\/02\\\/Couv-La-crise-de-la-Dette-Publique.jpg\",\"width\":916,\"height\":1388},{\"@type\":\"BreadcrumbList\",\"@id\":\"https:\\\/\\\/www.beitalhikma.tn\\\/fr\\\/publication\\\/acces-boutique\\\/livres-en-vente\\\/une-nouvelle-lecture-de-la-crise-de-la-dette-publique-des-annees-1860-en-tunisie\\\/#breadcrumb\",\"itemListElement\":[{\"@type\":\"ListItem\",\"position\":1,\"name\":\"Accueil\",\"item\":\"https:\\\/\\\/www.beitalhikma.tn\\\/fr\\\/\"},{\"@type\":\"ListItem\",\"position\":2,\"name\":\"Boutique\",\"item\":\"https:\\\/\\\/www.beitalhikma.tn\\\/fr\\\/boutique\\\/\"},{\"@type\":\"ListItem\",\"position\":3,\"name\":\"Une nouvelle lecture de la crise de la dette publique des ann\u00e9es 1860 en Tunisie\"}]},{\"@type\":\"WebSite\",\"@id\":\"https:\\\/\\\/www.beitalhikma.tn\\\/#website\",\"url\":\"https:\\\/\\\/www.beitalhikma.tn\\\/\",\"name\":\"Beit al-Hikma\",\"description\":\"L&#039;Acad\u00e9mie Tunisienne des Sciences, des Lettres  et des Arts\",\"publisher\":{\"@id\":\"https:\\\/\\\/www.beitalhikma.tn\\\/#organization\"},\"potentialAction\":[{\"@type\":\"SearchAction\",\"target\":{\"@type\":\"EntryPoint\",\"urlTemplate\":\"https:\\\/\\\/www.beitalhikma.tn\\\/?s={search_term_string}\"},\"query-input\":{\"@type\":\"PropertyValueSpecification\",\"valueRequired\":true,\"valueName\":\"search_term_string\"}}],\"inLanguage\":\"fr-FR\"},{\"@type\":\"Organization\",\"@id\":\"https:\\\/\\\/www.beitalhikma.tn\\\/#organization\",\"name\":\"Beit Al Hikma\",\"url\":\"https:\\\/\\\/www.beitalhikma.tn\\\/\",\"logo\":{\"@type\":\"ImageObject\",\"inLanguage\":\"fr-FR\",\"@id\":\"https:\\\/\\\/www.beitalhikma.tn\\\/#\\\/schema\\\/logo\\\/image\\\/\",\"url\":\"https:\\\/\\\/www.beitalhikma.tn\\\/wp-content\\\/uploads\\\/2014\\\/11\\\/logo.png\",\"contentUrl\":\"https:\\\/\\\/www.beitalhikma.tn\\\/wp-content\\\/uploads\\\/2014\\\/11\\\/logo.png\",\"width\":288,\"height\":109,\"caption\":\"Beit Al Hikma\"},\"image\":{\"@id\":\"https:\\\/\\\/www.beitalhikma.tn\\\/#\\\/schema\\\/logo\\\/image\\\/\"},\"sameAs\":[\"https:\\\/\\\/www.facebook.com\\\/BeitalhikmaTunisie\\\/\",\"https:\\\/\\\/x.com\\\/Beit_alhikma_TN\",\"https:\\\/\\\/www.youtube.com\\\/channel\\\/UCl8EfDXqt5MFfcEY0UYhevg\"]}]}<\/script>\n<!-- \/ Yoast SEO plugin. -->","yoast_head_json":{"title":"Une nouvelle lecture de la crise de la dette publique des ann\u00e9es 1860 en Tunisie - Beit al-Hikma","robots":{"index":"index","follow":"follow","max-snippet":"max-snippet:-1","max-image-preview":"max-image-preview:large","max-video-preview":"max-video-preview:-1"},"canonical":"https:\/\/www.beitalhikma.tn\/fr\/publication\/acces-boutique\/livres-en-vente\/une-nouvelle-lecture-de-la-crise-de-la-dette-publique-des-annees-1860-en-tunisie\/","og_locale":"fr_FR","og_type":"article","og_title":"Une nouvelle lecture de la crise de la dette publique des ann\u00e9es 1860 en Tunisie - Beit al-Hikma","og_description":"Titre : une nouvelle lecture de la crise de la dette publique des ann\u00e9es 1860 en Tunisie  Auteur : Mustapha Kamel Nabli  Langue : Fran\u00e7aise  Date de publication : 2022  Format\u00a0: 24 x 16  Nombre de pages :127  Th\u00e8me:\u00e9conomie  ISBN : 978-9973-49-241-8  Poids :350\u00a0gr  Situation:disponible","og_url":"https:\/\/www.beitalhikma.tn\/fr\/publication\/acces-boutique\/livres-en-vente\/une-nouvelle-lecture-de-la-crise-de-la-dette-publique-des-annees-1860-en-tunisie\/","og_site_name":"Beit al-Hikma","article_publisher":"https:\/\/www.facebook.com\/BeitalhikmaTunisie\/","article_modified_time":"2023-03-08T10:15:08+00:00","og_image":[{"width":916,"height":1388,"url":"https:\/\/www.beitalhikma.tn\/wp-content\/uploads\/2023\/02\/Couv-La-crise-de-la-Dette-Publique.jpg","type":"image\/jpeg"}],"twitter_card":"summary_large_image","twitter_site":"@Beit_alhikma_TN","twitter_misc":{"Dur\u00e9e de lecture estim\u00e9e":"1 minute"},"schema":{"@context":"https:\/\/schema.org","@graph":[{"@type":"WebPage","@id":"https:\/\/www.beitalhikma.tn\/fr\/publication\/acces-boutique\/livres-en-vente\/une-nouvelle-lecture-de-la-crise-de-la-dette-publique-des-annees-1860-en-tunisie\/","url":"https:\/\/www.beitalhikma.tn\/fr\/publication\/acces-boutique\/livres-en-vente\/une-nouvelle-lecture-de-la-crise-de-la-dette-publique-des-annees-1860-en-tunisie\/","name":"Une nouvelle lecture de la crise de la dette publique des ann\u00e9es 1860 en Tunisie - Beit al-Hikma","isPartOf":{"@id":"https:\/\/www.beitalhikma.tn\/#website"},"primaryImageOfPage":{"@id":"https:\/\/www.beitalhikma.tn\/fr\/publication\/acces-boutique\/livres-en-vente\/une-nouvelle-lecture-de-la-crise-de-la-dette-publique-des-annees-1860-en-tunisie\/#primaryimage"},"image":{"@id":"https:\/\/www.beitalhikma.tn\/fr\/publication\/acces-boutique\/livres-en-vente\/une-nouvelle-lecture-de-la-crise-de-la-dette-publique-des-annees-1860-en-tunisie\/#primaryimage"},"thumbnailUrl":"https:\/\/www.beitalhikma.tn\/wp-content\/uploads\/2023\/02\/Couv-La-crise-de-la-Dette-Publique.jpg","datePublished":"2023-02-09T08:41:43+00:00","dateModified":"2023-03-08T10:15:08+00:00","breadcrumb":{"@id":"https:\/\/www.beitalhikma.tn\/fr\/publication\/acces-boutique\/livres-en-vente\/une-nouvelle-lecture-de-la-crise-de-la-dette-publique-des-annees-1860-en-tunisie\/#breadcrumb"},"inLanguage":"fr-FR","potentialAction":[{"@type":"ReadAction","target":["https:\/\/www.beitalhikma.tn\/fr\/publication\/acces-boutique\/livres-en-vente\/une-nouvelle-lecture-de-la-crise-de-la-dette-publique-des-annees-1860-en-tunisie\/"]}]},{"@type":"ImageObject","inLanguage":"fr-FR","@id":"https:\/\/www.beitalhikma.tn\/fr\/publication\/acces-boutique\/livres-en-vente\/une-nouvelle-lecture-de-la-crise-de-la-dette-publique-des-annees-1860-en-tunisie\/#primaryimage","url":"https:\/\/www.beitalhikma.tn\/wp-content\/uploads\/2023\/02\/Couv-La-crise-de-la-Dette-Publique.jpg","contentUrl":"https:\/\/www.beitalhikma.tn\/wp-content\/uploads\/2023\/02\/Couv-La-crise-de-la-Dette-Publique.jpg","width":916,"height":1388},{"@type":"BreadcrumbList","@id":"https:\/\/www.beitalhikma.tn\/fr\/publication\/acces-boutique\/livres-en-vente\/une-nouvelle-lecture-de-la-crise-de-la-dette-publique-des-annees-1860-en-tunisie\/#breadcrumb","itemListElement":[{"@type":"ListItem","position":1,"name":"Accueil","item":"https:\/\/www.beitalhikma.tn\/fr\/"},{"@type":"ListItem","position":2,"name":"Boutique","item":"https:\/\/www.beitalhikma.tn\/fr\/boutique\/"},{"@type":"ListItem","position":3,"name":"Une nouvelle lecture de la crise de la dette publique des ann\u00e9es 1860 en Tunisie"}]},{"@type":"WebSite","@id":"https:\/\/www.beitalhikma.tn\/#website","url":"https:\/\/www.beitalhikma.tn\/","name":"Beit al-Hikma","description":"L&#039;Acad\u00e9mie Tunisienne des Sciences, des Lettres  et des Arts","publisher":{"@id":"https:\/\/www.beitalhikma.tn\/#organization"},"potentialAction":[{"@type":"SearchAction","target":{"@type":"EntryPoint","urlTemplate":"https:\/\/www.beitalhikma.tn\/?s={search_term_string}"},"query-input":{"@type":"PropertyValueSpecification","valueRequired":true,"valueName":"search_term_string"}}],"inLanguage":"fr-FR"},{"@type":"Organization","@id":"https:\/\/www.beitalhikma.tn\/#organization","name":"Beit Al Hikma","url":"https:\/\/www.beitalhikma.tn\/","logo":{"@type":"ImageObject","inLanguage":"fr-FR","@id":"https:\/\/www.beitalhikma.tn\/#\/schema\/logo\/image\/","url":"https:\/\/www.beitalhikma.tn\/wp-content\/uploads\/2014\/11\/logo.png","contentUrl":"https:\/\/www.beitalhikma.tn\/wp-content\/uploads\/2014\/11\/logo.png","width":288,"height":109,"caption":"Beit Al Hikma"},"image":{"@id":"https:\/\/www.beitalhikma.tn\/#\/schema\/logo\/image\/"},"sameAs":["https:\/\/www.facebook.com\/BeitalhikmaTunisie\/","https:\/\/x.com\/Beit_alhikma_TN","https:\/\/www.youtube.com\/channel\/UCl8EfDXqt5MFfcEY0UYhevg"]}]}},"uagb_featured_image_src":{"full":["https:\/\/www.beitalhikma.tn\/wp-content\/uploads\/2023\/02\/Couv-La-crise-de-la-Dette-Publique.jpg",916,1388,false],"thumbnail":["https:\/\/www.beitalhikma.tn\/wp-content\/uploads\/2023\/02\/Couv-La-crise-de-la-Dette-Publique-250x300.jpg",250,300,true],"medium":["https:\/\/www.beitalhikma.tn\/wp-content\/uploads\/2023\/02\/Couv-La-crise-de-la-Dette-Publique-198x300.jpg",198,300,true],"medium_large":["https:\/\/www.beitalhikma.tn\/wp-content\/uploads\/2023\/02\/Couv-La-crise-de-la-Dette-Publique-768x1164.jpg",768,1164,true],"large":["https:\/\/www.beitalhikma.tn\/wp-content\/uploads\/2023\/02\/Couv-La-crise-de-la-Dette-Publique-676x1024.jpg",676,1024,true],"thumblist":["https:\/\/www.beitalhikma.tn\/wp-content\/uploads\/2023\/02\/Couv-La-crise-de-la-Dette-Publique-300x300.jpg",300,300,true],"meccarouselthumb":["https:\/\/www.beitalhikma.tn\/wp-content\/uploads\/2023\/02\/Couv-La-crise-de-la-Dette-Publique-474x324.jpg",474,324,true],"gridsquare":["https:\/\/www.beitalhikma.tn\/wp-content\/uploads\/2023\/02\/Couv-La-crise-de-la-Dette-Publique-391x260.jpg",391,260,true],"tileview":["https:\/\/www.beitalhikma.tn\/wp-content\/uploads\/2023\/02\/Couv-La-crise-de-la-Dette-Publique-300x400.jpg",300,400,true],"1536x1536":["https:\/\/www.beitalhikma.tn\/wp-content\/uploads\/2023\/02\/Couv-La-crise-de-la-Dette-Publique.jpg",916,1388,false],"2048x2048":["https:\/\/www.beitalhikma.tn\/wp-content\/uploads\/2023\/02\/Couv-La-crise-de-la-Dette-Publique.jpg",916,1388,false],"post-thumbnail":["https:\/\/www.beitalhikma.tn\/wp-content\/uploads\/2023\/02\/Couv-La-crise-de-la-Dette-Publique-96x146.jpg",96,146,true],"50x50":["https:\/\/www.beitalhikma.tn\/wp-content\/uploads\/2023\/02\/Couv-La-crise-de-la-Dette-Publique-33x50.jpg",33,50,true],"portfolio-list":["https:\/\/www.beitalhikma.tn\/wp-content\/uploads\/2023\/02\/Couv-La-crise-de-la-Dette-Publique-600x400.jpg",600,400,true],"portfolio-fs":["https:\/\/www.beitalhikma.tn\/wp-content\/uploads\/2023\/02\/Couv-La-crise-de-la-Dette-Publique-815x543.jpg",815,543,true],"portfolio-slider":["https:\/\/www.beitalhikma.tn\/wp-content\/uploads\/2023\/02\/Couv-La-crise-de-la-Dette-Publique-380x380.jpg",380,380,true],"blog":["https:\/\/www.beitalhikma.tn\/wp-content\/uploads\/2023\/02\/Couv-La-crise-de-la-Dette-Publique-564x341.jpg",564,341,true],"blog-single":["https:\/\/www.beitalhikma.tn\/wp-content\/uploads\/2023\/02\/Couv-La-crise-de-la-Dette-Publique-916x445.jpg",916,445,true],"blog-item":["https:\/\/www.beitalhikma.tn\/wp-content\/uploads\/2023\/02\/Couv-La-crise-de-la-Dette-Publique-504x224.jpg",504,224,true],"blog-widget":["https:\/\/www.beitalhikma.tn\/wp-content\/uploads\/2023\/02\/Couv-La-crise-de-la-Dette-Publique-80x60.jpg",80,60,true],"features":["https:\/\/www.beitalhikma.tn\/wp-content\/uploads\/2023\/02\/Couv-La-crise-de-la-Dette-Publique-90x90.jpg",90,90,true],"clients-slider":["https:\/\/www.beitalhikma.tn\/wp-content\/uploads\/2023\/02\/Couv-La-crise-de-la-Dette-Publique-53x80.jpg",53,80,true],"offer-slider":["https:\/\/www.beitalhikma.tn\/wp-content\/uploads\/2023\/02\/Couv-La-crise-de-la-Dette-Publique-776x438.jpg",776,438,true],"offer-slider-pg":["https:\/\/www.beitalhikma.tn\/wp-content\/uploads\/2023\/02\/Couv-La-crise-de-la-Dette-Publique-42x42.jpg",42,42,true],"woocommerce_thumbnail":["https:\/\/www.beitalhikma.tn\/wp-content\/uploads\/2023\/02\/Couv-La-crise-de-la-Dette-Publique-250x300.jpg",250,300,true],"woocommerce_single":["https:\/\/www.beitalhikma.tn\/wp-content\/uploads\/2023\/02\/Couv-La-crise-de-la-Dette-Publique-250x379.jpg",250,379,true],"woocommerce_gallery_thumbnail":["https:\/\/www.beitalhikma.tn\/wp-content\/uploads\/2023\/02\/Couv-La-crise-de-la-Dette-Publique-100x100.jpg",100,100,true]},"uagb_author_info":{"display_name":"admin","author_link":"https:\/\/www.beitalhikma.tn\/fr\/author\/"},"uagb_comment_info":0,"uagb_excerpt":"Titre : une nouvelle lecture de la crise de la dette publique des ann\u00e9es 1860 en Tunisie Auteur : Mustapha Kamel Nabli Langue : Fran\u00e7aise Date de publication : 2022 Format\u00a0: 24 x 16 Nombre de pages :127 Th\u00e8me:\u00e9conomie ISBN : 978-9973-49-241-8 Poids :350\u00a0gr Situation:disponible","_links":{"self":[{"href":"https:\/\/www.beitalhikma.tn\/fr\/wp-json\/wp\/v2\/product\/101477","targetHints":{"allow":["GET"]}}],"collection":[{"href":"https:\/\/www.beitalhikma.tn\/fr\/wp-json\/wp\/v2\/product"}],"about":[{"href":"https:\/\/www.beitalhikma.tn\/fr\/wp-json\/wp\/v2\/types\/product"}],"wp:featuredmedia":[{"embeddable":true,"href":"https:\/\/www.beitalhikma.tn\/fr\/wp-json\/wp\/v2\/media\/101478"}],"wp:attachment":[{"href":"https:\/\/www.beitalhikma.tn\/fr\/wp-json\/wp\/v2\/media?parent=101477"}],"wp:term":[{"taxonomy":"product_brand","embeddable":true,"href":"https:\/\/www.beitalhikma.tn\/fr\/wp-json\/wp\/v2\/product_brand?post=101477"},{"taxonomy":"product_cat","embeddable":true,"href":"https:\/\/www.beitalhikma.tn\/fr\/wp-json\/wp\/v2\/product_cat?post=101477"},{"taxonomy":"product_tag","embeddable":true,"href":"https:\/\/www.beitalhikma.tn\/fr\/wp-json\/wp\/v2\/product_tag?post=101477"}],"curies":[{"name":"wp","href":"https:\/\/api.w.org\/{rel}","templated":true}]}}