{"id":10167,"date":"2016-10-19T11:46:39","date_gmt":"2016-10-19T10:47:48","guid":{"rendered":"http:\/\/www.beitalhikma.tn\/?post_type=product&#038;p=10167&#038;lang=en"},"modified":"2022-09-19T12:59:47","modified_gmt":"2022-09-19T11:59:47","slug":"la-musique-tunisienne-et-les-defis-du-nouveau-siecle","status":"publish","type":"product","link":"https:\/\/www.beitalhikma.tn\/fr\/publication\/acces-boutique\/livres-en-vente\/la-musique-tunisienne-et-les-defis-du-nouveau-siecle\/","title":{"rendered":"La Musique tunisienne et les d\u00e9fis du nouveau si\u00e8cle"},"content":{"rendered":"<p><img loading=\"lazy\" decoding=\"async\" class=\"aligncenter size-full wp-image-10160\" src=\"http:\/\/www.beitalhikma.tn\/wp-content\/uploads\/2016\/10\/pf33.png\" alt=\"pf\" width=\"727\" height=\"554\" srcset=\"https:\/\/www.beitalhikma.tn\/wp-content\/uploads\/2016\/10\/pf33.png 727w, https:\/\/www.beitalhikma.tn\/wp-content\/uploads\/2016\/10\/pf33-250x191.png 250w, https:\/\/www.beitalhikma.tn\/wp-content\/uploads\/2016\/10\/pf33-300x229.png 300w, https:\/\/www.beitalhikma.tn\/wp-content\/uploads\/2016\/10\/pf33-192x146.png 192w, https:\/\/www.beitalhikma.tn\/wp-content\/uploads\/2016\/10\/pf33-50x38.png 50w, https:\/\/www.beitalhikma.tn\/wp-content\/uploads\/2016\/10\/pf33-80x60.png 80w, https:\/\/www.beitalhikma.tn\/wp-content\/uploads\/2016\/10\/pf33-105x80.png 105w\" sizes=\"auto, (max-width: 727px) 100vw, 727px\" \/><\/p>\n","protected":false},"excerpt":{"rendered":"<p><strong>Titre de l\u2019ouvrage<\/strong> :La Musique tunisienne<br \/>\net les d\u00e9fis du nouveau si\u00e8cle<br \/>\n<strong>Auteur :<\/strong> Mourad Sakli<br \/>\n<strong>Th\u00e8me<\/strong> : Arts<br \/>\n<strong>Dimensions :<\/strong> 16&#215;24<br \/>\n<strong>Nombre de pages :<\/strong> 84<br \/>\n<strong>Langue :<\/strong> arabe<br \/>\n<strong>Date de parution :<\/strong> 2008<br \/>\n<strong>Prix de vente :<\/strong> 7 D.T.<\/p>\n<p><strong>I.S.B.N<\/strong> : 978-9973-49-051-3<\/p>\n","protected":false},"featured_media":10164,"template":"","meta":{"_uag_custom_page_level_css":""},"product_brand":[],"product_cat":[11],"product_tag":[],"class_list":{"0":"post-10167","1":"product","2":"type-product","3":"status-publish","4":"has-post-thumbnail","6":"product_cat-livres-en-vente","8":"first","9":"instock","10":"sale","11":"shipping-taxable","12":"purchasable","13":"product-type-simple"},"yoast_head":"<!-- This site is optimized with the Yoast SEO plugin v27.3 - https:\/\/yoast.com\/product\/yoast-seo-wordpress\/ -->\n<title>La Musique tunisienne et les d\u00e9fis du nouveau si\u00e8cle - Beit al-Hikma<\/title>\n<meta name=\"robots\" content=\"index, follow, max-snippet:-1, max-image-preview:large, max-video-preview:-1\" \/>\n<link rel=\"canonical\" href=\"https:\/\/www.beitalhikma.tn\/fr\/publication\/acces-boutique\/livres-en-vente\/la-musique-tunisienne-et-les-defis-du-nouveau-siecle\/\" \/>\n<meta property=\"og:locale\" content=\"fr_FR\" \/>\n<meta property=\"og:type\" content=\"article\" \/>\n<meta property=\"og:title\" content=\"La Musique tunisienne et les d\u00e9fis du nouveau si\u00e8cle - Beit al-Hikma\" \/>\n<meta property=\"og:description\" content=\"Titre de l\u2019ouvrage :La Musique tunisienne et les d\u00e9fis du nouveau si\u00e8cle Auteur : Mourad Sakli Th\u00e8me : Arts Dimensions : 16x24 Nombre de pages : 84 Langue : arabe Date de parution : 2008 Prix de vente : 7 D.T.  I.S.B.N : 978-9973-49-051-3\" \/>\n<meta property=\"og:url\" content=\"https:\/\/www.beitalhikma.tn\/fr\/publication\/acces-boutique\/livres-en-vente\/la-musique-tunisienne-et-les-defis-du-nouveau-siecle\/\" \/>\n<meta property=\"og:site_name\" content=\"Beit al-Hikma\" \/>\n<meta property=\"article:publisher\" content=\"https:\/\/www.facebook.com\/BeitalhikmaTunisie\/\" \/>\n<meta property=\"article:modified_time\" content=\"2022-09-19T11:59:47+00:00\" \/>\n<meta property=\"og:image\" content=\"https:\/\/www.beitalhikma.tn\/wp-content\/uploads\/2016\/10\/couverture32.png\" \/>\n\t<meta property=\"og:image:width\" content=\"263\" \/>\n\t<meta property=\"og:image:height\" content=\"397\" \/>\n\t<meta property=\"og:image:type\" content=\"image\/png\" \/>\n<meta name=\"twitter:card\" content=\"summary_large_image\" \/>\n<meta name=\"twitter:site\" content=\"@Beit_alhikma_TN\" \/>\n<script type=\"application\/ld+json\" class=\"yoast-schema-graph\">{\"@context\":\"https:\\\/\\\/schema.org\",\"@graph\":[{\"@type\":\"WebPage\",\"@id\":\"https:\\\/\\\/www.beitalhikma.tn\\\/fr\\\/publication\\\/acces-boutique\\\/livres-en-vente\\\/la-musique-tunisienne-et-les-defis-du-nouveau-siecle\\\/\",\"url\":\"https:\\\/\\\/www.beitalhikma.tn\\\/fr\\\/publication\\\/acces-boutique\\\/livres-en-vente\\\/la-musique-tunisienne-et-les-defis-du-nouveau-siecle\\\/\",\"name\":\"La Musique tunisienne et les d\u00e9fis du nouveau si\u00e8cle - Beit al-Hikma\",\"isPartOf\":{\"@id\":\"https:\\\/\\\/www.beitalhikma.tn\\\/#website\"},\"primaryImageOfPage\":{\"@id\":\"https:\\\/\\\/www.beitalhikma.tn\\\/fr\\\/publication\\\/acces-boutique\\\/livres-en-vente\\\/la-musique-tunisienne-et-les-defis-du-nouveau-siecle\\\/#primaryimage\"},\"image\":{\"@id\":\"https:\\\/\\\/www.beitalhikma.tn\\\/fr\\\/publication\\\/acces-boutique\\\/livres-en-vente\\\/la-musique-tunisienne-et-les-defis-du-nouveau-siecle\\\/#primaryimage\"},\"thumbnailUrl\":\"https:\\\/\\\/www.beitalhikma.tn\\\/wp-content\\\/uploads\\\/2016\\\/10\\\/couverture32.png\",\"datePublished\":\"2016-10-19T10:47:48+00:00\",\"dateModified\":\"2022-09-19T11:59:47+00:00\",\"breadcrumb\":{\"@id\":\"https:\\\/\\\/www.beitalhikma.tn\\\/fr\\\/publication\\\/acces-boutique\\\/livres-en-vente\\\/la-musique-tunisienne-et-les-defis-du-nouveau-siecle\\\/#breadcrumb\"},\"inLanguage\":\"fr-FR\",\"potentialAction\":[{\"@type\":\"ReadAction\",\"target\":[\"https:\\\/\\\/www.beitalhikma.tn\\\/fr\\\/publication\\\/acces-boutique\\\/livres-en-vente\\\/la-musique-tunisienne-et-les-defis-du-nouveau-siecle\\\/\"]}]},{\"@type\":\"ImageObject\",\"inLanguage\":\"fr-FR\",\"@id\":\"https:\\\/\\\/www.beitalhikma.tn\\\/fr\\\/publication\\\/acces-boutique\\\/livres-en-vente\\\/la-musique-tunisienne-et-les-defis-du-nouveau-siecle\\\/#primaryimage\",\"url\":\"https:\\\/\\\/www.beitalhikma.tn\\\/wp-content\\\/uploads\\\/2016\\\/10\\\/couverture32.png\",\"contentUrl\":\"https:\\\/\\\/www.beitalhikma.tn\\\/wp-content\\\/uploads\\\/2016\\\/10\\\/couverture32.png\",\"width\":263,\"height\":397},{\"@type\":\"BreadcrumbList\",\"@id\":\"https:\\\/\\\/www.beitalhikma.tn\\\/fr\\\/publication\\\/acces-boutique\\\/livres-en-vente\\\/la-musique-tunisienne-et-les-defis-du-nouveau-siecle\\\/#breadcrumb\",\"itemListElement\":[{\"@type\":\"ListItem\",\"position\":1,\"name\":\"Accueil\",\"item\":\"https:\\\/\\\/www.beitalhikma.tn\\\/fr\\\/\"},{\"@type\":\"ListItem\",\"position\":2,\"name\":\"Boutique\",\"item\":\"https:\\\/\\\/www.beitalhikma.tn\\\/fr\\\/boutique\\\/\"},{\"@type\":\"ListItem\",\"position\":3,\"name\":\"La Musique tunisienne et les d\u00e9fis du nouveau si\u00e8cle\"}]},{\"@type\":\"WebSite\",\"@id\":\"https:\\\/\\\/www.beitalhikma.tn\\\/#website\",\"url\":\"https:\\\/\\\/www.beitalhikma.tn\\\/\",\"name\":\"Beit al-Hikma\",\"description\":\"L&#039;Acad\u00e9mie Tunisienne des Sciences, des Lettres  et des Arts\",\"publisher\":{\"@id\":\"https:\\\/\\\/www.beitalhikma.tn\\\/#organization\"},\"potentialAction\":[{\"@type\":\"SearchAction\",\"target\":{\"@type\":\"EntryPoint\",\"urlTemplate\":\"https:\\\/\\\/www.beitalhikma.tn\\\/?s={search_term_string}\"},\"query-input\":{\"@type\":\"PropertyValueSpecification\",\"valueRequired\":true,\"valueName\":\"search_term_string\"}}],\"inLanguage\":\"fr-FR\"},{\"@type\":\"Organization\",\"@id\":\"https:\\\/\\\/www.beitalhikma.tn\\\/#organization\",\"name\":\"Beit Al Hikma\",\"url\":\"https:\\\/\\\/www.beitalhikma.tn\\\/\",\"logo\":{\"@type\":\"ImageObject\",\"inLanguage\":\"fr-FR\",\"@id\":\"https:\\\/\\\/www.beitalhikma.tn\\\/#\\\/schema\\\/logo\\\/image\\\/\",\"url\":\"https:\\\/\\\/www.beitalhikma.tn\\\/wp-content\\\/uploads\\\/2014\\\/11\\\/logo.png\",\"contentUrl\":\"https:\\\/\\\/www.beitalhikma.tn\\\/wp-content\\\/uploads\\\/2014\\\/11\\\/logo.png\",\"width\":288,\"height\":109,\"caption\":\"Beit Al Hikma\"},\"image\":{\"@id\":\"https:\\\/\\\/www.beitalhikma.tn\\\/#\\\/schema\\\/logo\\\/image\\\/\"},\"sameAs\":[\"https:\\\/\\\/www.facebook.com\\\/BeitalhikmaTunisie\\\/\",\"https:\\\/\\\/x.com\\\/Beit_alhikma_TN\",\"https:\\\/\\\/www.youtube.com\\\/channel\\\/UCl8EfDXqt5MFfcEY0UYhevg\"]}]}<\/script>\n<!-- \/ Yoast SEO plugin. -->","yoast_head_json":{"title":"La Musique tunisienne et les d\u00e9fis du nouveau si\u00e8cle - Beit al-Hikma","robots":{"index":"index","follow":"follow","max-snippet":"max-snippet:-1","max-image-preview":"max-image-preview:large","max-video-preview":"max-video-preview:-1"},"canonical":"https:\/\/www.beitalhikma.tn\/fr\/publication\/acces-boutique\/livres-en-vente\/la-musique-tunisienne-et-les-defis-du-nouveau-siecle\/","og_locale":"fr_FR","og_type":"article","og_title":"La Musique tunisienne et les d\u00e9fis du nouveau si\u00e8cle - Beit al-Hikma","og_description":"Titre de l\u2019ouvrage :La Musique tunisienne et les d\u00e9fis du nouveau si\u00e8cle Auteur : Mourad Sakli Th\u00e8me : Arts Dimensions : 16x24 Nombre de pages : 84 Langue : arabe Date de parution : 2008 Prix de vente : 7 D.T.  I.S.B.N : 978-9973-49-051-3","og_url":"https:\/\/www.beitalhikma.tn\/fr\/publication\/acces-boutique\/livres-en-vente\/la-musique-tunisienne-et-les-defis-du-nouveau-siecle\/","og_site_name":"Beit al-Hikma","article_publisher":"https:\/\/www.facebook.com\/BeitalhikmaTunisie\/","article_modified_time":"2022-09-19T11:59:47+00:00","og_image":[{"width":263,"height":397,"url":"https:\/\/www.beitalhikma.tn\/wp-content\/uploads\/2016\/10\/couverture32.png","type":"image\/png"}],"twitter_card":"summary_large_image","twitter_site":"@Beit_alhikma_TN","schema":{"@context":"https:\/\/schema.org","@graph":[{"@type":"WebPage","@id":"https:\/\/www.beitalhikma.tn\/fr\/publication\/acces-boutique\/livres-en-vente\/la-musique-tunisienne-et-les-defis-du-nouveau-siecle\/","url":"https:\/\/www.beitalhikma.tn\/fr\/publication\/acces-boutique\/livres-en-vente\/la-musique-tunisienne-et-les-defis-du-nouveau-siecle\/","name":"La Musique tunisienne et les d\u00e9fis du nouveau si\u00e8cle - Beit al-Hikma","isPartOf":{"@id":"https:\/\/www.beitalhikma.tn\/#website"},"primaryImageOfPage":{"@id":"https:\/\/www.beitalhikma.tn\/fr\/publication\/acces-boutique\/livres-en-vente\/la-musique-tunisienne-et-les-defis-du-nouveau-siecle\/#primaryimage"},"image":{"@id":"https:\/\/www.beitalhikma.tn\/fr\/publication\/acces-boutique\/livres-en-vente\/la-musique-tunisienne-et-les-defis-du-nouveau-siecle\/#primaryimage"},"thumbnailUrl":"https:\/\/www.beitalhikma.tn\/wp-content\/uploads\/2016\/10\/couverture32.png","datePublished":"2016-10-19T10:47:48+00:00","dateModified":"2022-09-19T11:59:47+00:00","breadcrumb":{"@id":"https:\/\/www.beitalhikma.tn\/fr\/publication\/acces-boutique\/livres-en-vente\/la-musique-tunisienne-et-les-defis-du-nouveau-siecle\/#breadcrumb"},"inLanguage":"fr-FR","potentialAction":[{"@type":"ReadAction","target":["https:\/\/www.beitalhikma.tn\/fr\/publication\/acces-boutique\/livres-en-vente\/la-musique-tunisienne-et-les-defis-du-nouveau-siecle\/"]}]},{"@type":"ImageObject","inLanguage":"fr-FR","@id":"https:\/\/www.beitalhikma.tn\/fr\/publication\/acces-boutique\/livres-en-vente\/la-musique-tunisienne-et-les-defis-du-nouveau-siecle\/#primaryimage","url":"https:\/\/www.beitalhikma.tn\/wp-content\/uploads\/2016\/10\/couverture32.png","contentUrl":"https:\/\/www.beitalhikma.tn\/wp-content\/uploads\/2016\/10\/couverture32.png","width":263,"height":397},{"@type":"BreadcrumbList","@id":"https:\/\/www.beitalhikma.tn\/fr\/publication\/acces-boutique\/livres-en-vente\/la-musique-tunisienne-et-les-defis-du-nouveau-siecle\/#breadcrumb","itemListElement":[{"@type":"ListItem","position":1,"name":"Accueil","item":"https:\/\/www.beitalhikma.tn\/fr\/"},{"@type":"ListItem","position":2,"name":"Boutique","item":"https:\/\/www.beitalhikma.tn\/fr\/boutique\/"},{"@type":"ListItem","position":3,"name":"La Musique tunisienne et les d\u00e9fis du nouveau si\u00e8cle"}]},{"@type":"WebSite","@id":"https:\/\/www.beitalhikma.tn\/#website","url":"https:\/\/www.beitalhikma.tn\/","name":"Beit al-Hikma","description":"L&#039;Acad\u00e9mie Tunisienne des Sciences, des Lettres  et des Arts","publisher":{"@id":"https:\/\/www.beitalhikma.tn\/#organization"},"potentialAction":[{"@type":"SearchAction","target":{"@type":"EntryPoint","urlTemplate":"https:\/\/www.beitalhikma.tn\/?s={search_term_string}"},"query-input":{"@type":"PropertyValueSpecification","valueRequired":true,"valueName":"search_term_string"}}],"inLanguage":"fr-FR"},{"@type":"Organization","@id":"https:\/\/www.beitalhikma.tn\/#organization","name":"Beit Al Hikma","url":"https:\/\/www.beitalhikma.tn\/","logo":{"@type":"ImageObject","inLanguage":"fr-FR","@id":"https:\/\/www.beitalhikma.tn\/#\/schema\/logo\/image\/","url":"https:\/\/www.beitalhikma.tn\/wp-content\/uploads\/2014\/11\/logo.png","contentUrl":"https:\/\/www.beitalhikma.tn\/wp-content\/uploads\/2014\/11\/logo.png","width":288,"height":109,"caption":"Beit Al Hikma"},"image":{"@id":"https:\/\/www.beitalhikma.tn\/#\/schema\/logo\/image\/"},"sameAs":["https:\/\/www.facebook.com\/BeitalhikmaTunisie\/","https:\/\/x.com\/Beit_alhikma_TN","https:\/\/www.youtube.com\/channel\/UCl8EfDXqt5MFfcEY0UYhevg"]}]}},"uagb_featured_image_src":{"full":["https:\/\/www.beitalhikma.tn\/wp-content\/uploads\/2016\/10\/couverture32.png",263,397,false],"thumbnail":["https:\/\/www.beitalhikma.tn\/wp-content\/uploads\/2016\/10\/couverture32-250x300.png",250,300,true],"medium":["https:\/\/www.beitalhikma.tn\/wp-content\/uploads\/2016\/10\/couverture32-199x300.png",199,300,true],"medium_large":["https:\/\/www.beitalhikma.tn\/wp-content\/uploads\/2016\/10\/couverture32.png",263,397,false],"large":["https:\/\/www.beitalhikma.tn\/wp-content\/uploads\/2016\/10\/couverture32.png",263,397,false],"thumblist":["https:\/\/www.beitalhikma.tn\/wp-content\/uploads\/2016\/10\/couverture32.png",199,300,false],"meccarouselthumb":["https:\/\/www.beitalhikma.tn\/wp-content\/uploads\/2016\/10\/couverture32.png",215,324,false],"gridsquare":["https:\/\/www.beitalhikma.tn\/wp-content\/uploads\/2016\/10\/couverture32.png",172,260,false],"tileview":["https:\/\/www.beitalhikma.tn\/wp-content\/uploads\/2016\/10\/couverture32.png",263,397,false],"1536x1536":["https:\/\/www.beitalhikma.tn\/wp-content\/uploads\/2016\/10\/couverture32.png",263,397,false],"2048x2048":["https:\/\/www.beitalhikma.tn\/wp-content\/uploads\/2016\/10\/couverture32.png",263,397,false],"post-thumbnail":["https:\/\/www.beitalhikma.tn\/wp-content\/uploads\/2016\/10\/couverture32-97x146.png",97,146,true],"50x50":["https:\/\/www.beitalhikma.tn\/wp-content\/uploads\/2016\/10\/couverture32-33x50.png",33,50,true],"portfolio-list":["https:\/\/www.beitalhikma.tn\/wp-content\/uploads\/2016\/10\/couverture32.png",263,397,false],"portfolio-fs":["https:\/\/www.beitalhikma.tn\/wp-content\/uploads\/2016\/10\/couverture32.png",263,397,false],"portfolio-slider":["https:\/\/www.beitalhikma.tn\/wp-content\/uploads\/2016\/10\/couverture32-263x380.png",263,380,true],"blog":["https:\/\/www.beitalhikma.tn\/wp-content\/uploads\/2016\/10\/couverture32-263x341.png",263,341,true],"blog-single":["https:\/\/www.beitalhikma.tn\/wp-content\/uploads\/2016\/10\/couverture32.png",263,397,false],"blog-item":["https:\/\/www.beitalhikma.tn\/wp-content\/uploads\/2016\/10\/couverture32-263x224.png",263,224,true],"blog-widget":["https:\/\/www.beitalhikma.tn\/wp-content\/uploads\/2016\/10\/couverture32-80x60.png",80,60,true],"features":["https:\/\/www.beitalhikma.tn\/wp-content\/uploads\/2016\/10\/couverture32-90x90.png",90,90,true],"clients-slider":["https:\/\/www.beitalhikma.tn\/wp-content\/uploads\/2016\/10\/couverture32-53x80.png",53,80,true],"offer-slider":["https:\/\/www.beitalhikma.tn\/wp-content\/uploads\/2016\/10\/couverture32.png",263,397,false],"offer-slider-pg":["https:\/\/www.beitalhikma.tn\/wp-content\/uploads\/2016\/10\/couverture32-42x42.png",42,42,true],"woocommerce_thumbnail":["https:\/\/www.beitalhikma.tn\/wp-content\/uploads\/2016\/10\/couverture32-250x300.png",250,300,true],"woocommerce_single":["https:\/\/www.beitalhikma.tn\/wp-content\/uploads\/2016\/10\/couverture32-250x377.png",250,377,true],"woocommerce_gallery_thumbnail":["https:\/\/www.beitalhikma.tn\/wp-content\/uploads\/2016\/10\/couverture32-100x100.png",100,100,true]},"uagb_author_info":{"display_name":"admin","author_link":"https:\/\/www.beitalhikma.tn\/fr\/author\/"},"uagb_comment_info":0,"uagb_excerpt":"Titre de l\u2019ouvrage :La Musique tunisienne et les d\u00e9fis du nouveau si\u00e8cle Auteur : Mourad Sakli Th\u00e8me : Arts Dimensions : 16x24 Nombre de pages : 84 Langue : arabe Date de parution : 2008 Prix de vente : 7 D.T. I.S.B.N : 978-9973-49-051-3","_links":{"self":[{"href":"https:\/\/www.beitalhikma.tn\/fr\/wp-json\/wp\/v2\/product\/10167","targetHints":{"allow":["GET"]}}],"collection":[{"href":"https:\/\/www.beitalhikma.tn\/fr\/wp-json\/wp\/v2\/product"}],"about":[{"href":"https:\/\/www.beitalhikma.tn\/fr\/wp-json\/wp\/v2\/types\/product"}],"wp:featuredmedia":[{"embeddable":true,"href":"https:\/\/www.beitalhikma.tn\/fr\/wp-json\/wp\/v2\/media\/10164"}],"wp:attachment":[{"href":"https:\/\/www.beitalhikma.tn\/fr\/wp-json\/wp\/v2\/media?parent=10167"}],"wp:term":[{"taxonomy":"product_brand","embeddable":true,"href":"https:\/\/www.beitalhikma.tn\/fr\/wp-json\/wp\/v2\/product_brand?post=10167"},{"taxonomy":"product_cat","embeddable":true,"href":"https:\/\/www.beitalhikma.tn\/fr\/wp-json\/wp\/v2\/product_cat?post=10167"},{"taxonomy":"product_tag","embeddable":true,"href":"https:\/\/www.beitalhikma.tn\/fr\/wp-json\/wp\/v2\/product_tag?post=10167"}],"curies":[{"name":"wp","href":"https:\/\/api.w.org\/{rel}","templated":true}]}}