{"id":102224,"date":"2023-03-08T10:03:48","date_gmt":"2023-03-08T09:03:48","guid":{"rendered":"https:\/\/www.beitalhikma.tn\/?post_type=product&#038;p=102224"},"modified":"2023-03-08T10:09:33","modified_gmt":"2023-03-08T09:09:33","slug":"at-takmil-a-chafi-lil-ghalil-ala-kitab-al-ibar-li-ibn-khaldoun","status":"publish","type":"product","link":"https:\/\/www.beitalhikma.tn\/fr\/publication\/acces-boutique\/livres-en-vente\/at-takmil-a-chafi-lil-ghalil-ala-kitab-al-ibar-li-ibn-khaldoun\/","title":{"rendered":"At-takmil a-chafi lil ghalil \u00e2la Kitab al-\u2018Ibar li-Ibn Khaldoun"},"content":{"rendered":"<p>Le livre s\u2019int\u00e9resse \u00e0 la nature de la relation entre l\u2019approche d\u2019Ibn Khaldoun dans les \u00e9tudes historiques et les travaux d\u2019historisation durant la p\u00e9riode hafside, ainsi qu\u2019aux narrateurs des XVIIe et XVIIIe si\u00e8cles.<\/p>\n<p>Le livre s\u2019inscrit dans la s\u00e9rie d\u2019ouvrages compl\u00e9mentaires de publications ant\u00e9rieures, tr\u00e8s courants dans la culture de l\u2019information arabe et occidentale. Il documente, par ailleurs, le recours de l\u2019\u00e9crivain aux sources bibliographiques majeures, orientales et occidentales, disponibles dans les biblioth\u00e8ques tunisiennes.<\/p>\n","protected":false},"excerpt":{"rendered":"<ul>\n<li><strong><strong>Titre :<\/strong><\/strong>At-takmil a-chafi lil ghalil\u00a0 \u00e2la Kitab al-\u2018Ibar li-Ibn Khaldoun<\/li>\n<li><strong>Auteur :<\/strong>Mohamed Sgha\u00efer Ben Youssef<\/li>\n<li><strong>Enqu\u00eate de\u00a0<\/strong>: Mohamed Faouzi Mestghanmi<\/li>\n<li><strong>R\u00e9vision par\u00a0:<\/strong>\u00a0Mounira Chapoutot Remadi<\/li>\n<li><strong>Langue : <\/strong>Arabe<\/li>\n<li><strong>Date de publication<\/strong> : 2022<\/li>\n<li><strong>Format\u00a0:<\/strong> 24 x 16<\/li>\n<li><strong>Nombre de pages\u00a0: Tome I\u00a0: <\/strong>378 p.\u00a0 \u00a0\/ <strong>Tome II<\/strong> :411 p.<\/li>\n<li><strong>Th\u00e8me:<\/strong>Histoire<\/li>\n<li><strong>ISBN\u00a0: Tome I\u00a0: <\/strong>978-9973-49-230-92<\/li>\n<li>\u00a0\u00a0\u00a0\u00a0\u00a0\u00a0\u00a0\u00a0\u00a0\u00a0\u00a0 \u00a0<strong>Tome II\u00a0: <\/strong>978-9973-49-231-9<\/li>\n<li><strong>Poids :<\/strong>1400 gr<\/li>\n<li><strong>Situation:<\/strong>disponible<\/li>\n<li><\/li>\n<\/ul>\n","protected":false},"featured_media":101485,"template":"","meta":{"_uag_custom_page_level_css":""},"product_brand":[],"product_cat":[11],"product_tag":[],"class_list":{"0":"post-102224","1":"product","2":"type-product","3":"status-publish","4":"has-post-thumbnail","6":"product_cat-livres-en-vente","8":"first","9":"instock","10":"sale","11":"shipping-taxable","12":"purchasable","13":"product-type-simple"},"yoast_head":"<!-- This site is optimized with the Yoast SEO plugin v27.5 - https:\/\/yoast.com\/product\/yoast-seo-wordpress\/ -->\n<title>At-takmil a-chafi lil ghalil \u00e2la Kitab al-\u2018Ibar li-Ibn Khaldoun - Beit al-Hikma<\/title>\n<meta name=\"robots\" content=\"index, follow, max-snippet:-1, max-image-preview:large, max-video-preview:-1\" \/>\n<link rel=\"canonical\" href=\"https:\/\/www.beitalhikma.tn\/fr\/publication\/acces-boutique\/livres-en-vente\/at-takmil-a-chafi-lil-ghalil-ala-kitab-al-ibar-li-ibn-khaldoun\/\" \/>\n<meta property=\"og:locale\" content=\"fr_FR\" \/>\n<meta property=\"og:type\" content=\"article\" \/>\n<meta property=\"og:title\" content=\"At-takmil a-chafi lil ghalil \u00e2la Kitab al-\u2018Ibar li-Ibn Khaldoun - Beit al-Hikma\" \/>\n<meta property=\"og:description\" content=\"Titre :At-takmil a-chafi lil ghalil\u00a0 \u00e2la Kitab al-\u2018Ibar li-Ibn Khaldoun  Auteur :Mohamed Sgha\u00efer Ben Youssef  Enqu\u00eate de\u00a0: Mohamed Faouzi Mestghanmi  R\u00e9vision par\u00a0:\u00a0Mounira Chapoutot Remadi  Langue : Arabe  Date de publication : 2022  Format\u00a0: 24 x 16  Nombre de pages\u00a0: Tome I\u00a0: 378 p.\u00a0 \u00a0\/ Tome II :411 p.  Th\u00e8me:Histoire  ISBN\u00a0: Tome I\u00a0: 978-9973-49-230-92  \u00a0\u00a0\u00a0\u00a0\u00a0\u00a0\u00a0\u00a0\u00a0\u00a0\u00a0 \u00a0Tome II\u00a0: 978-9973-49-231-9  Poids :1400 gr  Situation:disponible\" \/>\n<meta property=\"og:url\" content=\"https:\/\/www.beitalhikma.tn\/fr\/publication\/acces-boutique\/livres-en-vente\/at-takmil-a-chafi-lil-ghalil-ala-kitab-al-ibar-li-ibn-khaldoun\/\" \/>\n<meta property=\"og:site_name\" content=\"Beit al-Hikma\" \/>\n<meta property=\"article:publisher\" content=\"https:\/\/www.facebook.com\/BeitalhikmaTunisie\/\" \/>\n<meta property=\"article:modified_time\" content=\"2023-03-08T09:09:33+00:00\" \/>\n<meta property=\"og:image\" content=\"https:\/\/www.beitalhikma.tn\/wp-content\/uploads\/2023\/02\/Couv-Attakmil-tome-1-scaled.jpg\" \/>\n\t<meta property=\"og:image:width\" content=\"1712\" \/>\n\t<meta property=\"og:image:height\" content=\"2560\" \/>\n\t<meta property=\"og:image:type\" content=\"image\/jpeg\" \/>\n<meta name=\"twitter:card\" content=\"summary_large_image\" \/>\n<meta name=\"twitter:site\" content=\"@Beit_alhikma_TN\" \/>\n<meta name=\"twitter:label1\" content=\"Dur\u00e9e de lecture estim\u00e9e\" \/>\n\t<meta name=\"twitter:data1\" content=\"1 minute\" \/>\n<script type=\"application\/ld+json\" class=\"yoast-schema-graph\">{\"@context\":\"https:\\\/\\\/schema.org\",\"@graph\":[{\"@type\":\"WebPage\",\"@id\":\"https:\\\/\\\/www.beitalhikma.tn\\\/fr\\\/publication\\\/acces-boutique\\\/livres-en-vente\\\/at-takmil-a-chafi-lil-ghalil-ala-kitab-al-ibar-li-ibn-khaldoun\\\/\",\"url\":\"https:\\\/\\\/www.beitalhikma.tn\\\/fr\\\/publication\\\/acces-boutique\\\/livres-en-vente\\\/at-takmil-a-chafi-lil-ghalil-ala-kitab-al-ibar-li-ibn-khaldoun\\\/\",\"name\":\"At-takmil a-chafi lil ghalil \u00e2la Kitab al-\u2018Ibar li-Ibn Khaldoun - Beit al-Hikma\",\"isPartOf\":{\"@id\":\"https:\\\/\\\/www.beitalhikma.tn\\\/#website\"},\"primaryImageOfPage\":{\"@id\":\"https:\\\/\\\/www.beitalhikma.tn\\\/fr\\\/publication\\\/acces-boutique\\\/livres-en-vente\\\/at-takmil-a-chafi-lil-ghalil-ala-kitab-al-ibar-li-ibn-khaldoun\\\/#primaryimage\"},\"image\":{\"@id\":\"https:\\\/\\\/www.beitalhikma.tn\\\/fr\\\/publication\\\/acces-boutique\\\/livres-en-vente\\\/at-takmil-a-chafi-lil-ghalil-ala-kitab-al-ibar-li-ibn-khaldoun\\\/#primaryimage\"},\"thumbnailUrl\":\"https:\\\/\\\/www.beitalhikma.tn\\\/wp-content\\\/uploads\\\/2023\\\/02\\\/Couv-Attakmil-tome-1-scaled.jpg\",\"datePublished\":\"2023-03-08T09:03:48+00:00\",\"dateModified\":\"2023-03-08T09:09:33+00:00\",\"breadcrumb\":{\"@id\":\"https:\\\/\\\/www.beitalhikma.tn\\\/fr\\\/publication\\\/acces-boutique\\\/livres-en-vente\\\/at-takmil-a-chafi-lil-ghalil-ala-kitab-al-ibar-li-ibn-khaldoun\\\/#breadcrumb\"},\"inLanguage\":\"fr-FR\",\"potentialAction\":[{\"@type\":\"ReadAction\",\"target\":[\"https:\\\/\\\/www.beitalhikma.tn\\\/fr\\\/publication\\\/acces-boutique\\\/livres-en-vente\\\/at-takmil-a-chafi-lil-ghalil-ala-kitab-al-ibar-li-ibn-khaldoun\\\/\"]}]},{\"@type\":\"ImageObject\",\"inLanguage\":\"fr-FR\",\"@id\":\"https:\\\/\\\/www.beitalhikma.tn\\\/fr\\\/publication\\\/acces-boutique\\\/livres-en-vente\\\/at-takmil-a-chafi-lil-ghalil-ala-kitab-al-ibar-li-ibn-khaldoun\\\/#primaryimage\",\"url\":\"https:\\\/\\\/www.beitalhikma.tn\\\/wp-content\\\/uploads\\\/2023\\\/02\\\/Couv-Attakmil-tome-1-scaled.jpg\",\"contentUrl\":\"https:\\\/\\\/www.beitalhikma.tn\\\/wp-content\\\/uploads\\\/2023\\\/02\\\/Couv-Attakmil-tome-1-scaled.jpg\",\"width\":1712,\"height\":2560},{\"@type\":\"BreadcrumbList\",\"@id\":\"https:\\\/\\\/www.beitalhikma.tn\\\/fr\\\/publication\\\/acces-boutique\\\/livres-en-vente\\\/at-takmil-a-chafi-lil-ghalil-ala-kitab-al-ibar-li-ibn-khaldoun\\\/#breadcrumb\",\"itemListElement\":[{\"@type\":\"ListItem\",\"position\":1,\"name\":\"Accueil\",\"item\":\"https:\\\/\\\/www.beitalhikma.tn\\\/fr\\\/\"},{\"@type\":\"ListItem\",\"position\":2,\"name\":\"Boutique\",\"item\":\"https:\\\/\\\/www.beitalhikma.tn\\\/fr\\\/boutique\\\/\"},{\"@type\":\"ListItem\",\"position\":3,\"name\":\"At-takmil a-chafi lil ghalil \u00e2la Kitab al-\u2018Ibar li-Ibn Khaldoun\"}]},{\"@type\":\"WebSite\",\"@id\":\"https:\\\/\\\/www.beitalhikma.tn\\\/#website\",\"url\":\"https:\\\/\\\/www.beitalhikma.tn\\\/\",\"name\":\"Beit al-Hikma\",\"description\":\"L&#039;Acad\u00e9mie Tunisienne des Sciences, des Lettres  et des Arts\",\"publisher\":{\"@id\":\"https:\\\/\\\/www.beitalhikma.tn\\\/#organization\"},\"potentialAction\":[{\"@type\":\"SearchAction\",\"target\":{\"@type\":\"EntryPoint\",\"urlTemplate\":\"https:\\\/\\\/www.beitalhikma.tn\\\/?s={search_term_string}\"},\"query-input\":{\"@type\":\"PropertyValueSpecification\",\"valueRequired\":true,\"valueName\":\"search_term_string\"}}],\"inLanguage\":\"fr-FR\"},{\"@type\":\"Organization\",\"@id\":\"https:\\\/\\\/www.beitalhikma.tn\\\/#organization\",\"name\":\"Beit Al Hikma\",\"url\":\"https:\\\/\\\/www.beitalhikma.tn\\\/\",\"logo\":{\"@type\":\"ImageObject\",\"inLanguage\":\"fr-FR\",\"@id\":\"https:\\\/\\\/www.beitalhikma.tn\\\/#\\\/schema\\\/logo\\\/image\\\/\",\"url\":\"https:\\\/\\\/www.beitalhikma.tn\\\/wp-content\\\/uploads\\\/2014\\\/11\\\/logo.png\",\"contentUrl\":\"https:\\\/\\\/www.beitalhikma.tn\\\/wp-content\\\/uploads\\\/2014\\\/11\\\/logo.png\",\"width\":288,\"height\":109,\"caption\":\"Beit Al Hikma\"},\"image\":{\"@id\":\"https:\\\/\\\/www.beitalhikma.tn\\\/#\\\/schema\\\/logo\\\/image\\\/\"},\"sameAs\":[\"https:\\\/\\\/www.facebook.com\\\/BeitalhikmaTunisie\\\/\",\"https:\\\/\\\/x.com\\\/Beit_alhikma_TN\",\"https:\\\/\\\/www.youtube.com\\\/channel\\\/UCl8EfDXqt5MFfcEY0UYhevg\"]}]}<\/script>\n<!-- \/ Yoast SEO plugin. -->","yoast_head_json":{"title":"At-takmil a-chafi lil ghalil \u00e2la Kitab al-\u2018Ibar li-Ibn Khaldoun - Beit al-Hikma","robots":{"index":"index","follow":"follow","max-snippet":"max-snippet:-1","max-image-preview":"max-image-preview:large","max-video-preview":"max-video-preview:-1"},"canonical":"https:\/\/www.beitalhikma.tn\/fr\/publication\/acces-boutique\/livres-en-vente\/at-takmil-a-chafi-lil-ghalil-ala-kitab-al-ibar-li-ibn-khaldoun\/","og_locale":"fr_FR","og_type":"article","og_title":"At-takmil a-chafi lil ghalil \u00e2la Kitab al-\u2018Ibar li-Ibn Khaldoun - Beit al-Hikma","og_description":"Titre :At-takmil a-chafi lil ghalil\u00a0 \u00e2la Kitab al-\u2018Ibar li-Ibn Khaldoun  Auteur :Mohamed Sgha\u00efer Ben Youssef  Enqu\u00eate de\u00a0: Mohamed Faouzi Mestghanmi  R\u00e9vision par\u00a0:\u00a0Mounira Chapoutot Remadi  Langue : Arabe  Date de publication : 2022  Format\u00a0: 24 x 16  Nombre de pages\u00a0: Tome I\u00a0: 378 p.\u00a0 \u00a0\/ Tome II :411 p.  Th\u00e8me:Histoire  ISBN\u00a0: Tome I\u00a0: 978-9973-49-230-92  \u00a0\u00a0\u00a0\u00a0\u00a0\u00a0\u00a0\u00a0\u00a0\u00a0\u00a0 \u00a0Tome II\u00a0: 978-9973-49-231-9  Poids :1400 gr  Situation:disponible","og_url":"https:\/\/www.beitalhikma.tn\/fr\/publication\/acces-boutique\/livres-en-vente\/at-takmil-a-chafi-lil-ghalil-ala-kitab-al-ibar-li-ibn-khaldoun\/","og_site_name":"Beit al-Hikma","article_publisher":"https:\/\/www.facebook.com\/BeitalhikmaTunisie\/","article_modified_time":"2023-03-08T09:09:33+00:00","og_image":[{"width":1712,"height":2560,"url":"https:\/\/www.beitalhikma.tn\/wp-content\/uploads\/2023\/02\/Couv-Attakmil-tome-1-scaled.jpg","type":"image\/jpeg"}],"twitter_card":"summary_large_image","twitter_site":"@Beit_alhikma_TN","twitter_misc":{"Dur\u00e9e de lecture estim\u00e9e":"1 minute"},"schema":{"@context":"https:\/\/schema.org","@graph":[{"@type":"WebPage","@id":"https:\/\/www.beitalhikma.tn\/fr\/publication\/acces-boutique\/livres-en-vente\/at-takmil-a-chafi-lil-ghalil-ala-kitab-al-ibar-li-ibn-khaldoun\/","url":"https:\/\/www.beitalhikma.tn\/fr\/publication\/acces-boutique\/livres-en-vente\/at-takmil-a-chafi-lil-ghalil-ala-kitab-al-ibar-li-ibn-khaldoun\/","name":"At-takmil a-chafi lil ghalil \u00e2la Kitab al-\u2018Ibar li-Ibn Khaldoun - Beit al-Hikma","isPartOf":{"@id":"https:\/\/www.beitalhikma.tn\/#website"},"primaryImageOfPage":{"@id":"https:\/\/www.beitalhikma.tn\/fr\/publication\/acces-boutique\/livres-en-vente\/at-takmil-a-chafi-lil-ghalil-ala-kitab-al-ibar-li-ibn-khaldoun\/#primaryimage"},"image":{"@id":"https:\/\/www.beitalhikma.tn\/fr\/publication\/acces-boutique\/livres-en-vente\/at-takmil-a-chafi-lil-ghalil-ala-kitab-al-ibar-li-ibn-khaldoun\/#primaryimage"},"thumbnailUrl":"https:\/\/www.beitalhikma.tn\/wp-content\/uploads\/2023\/02\/Couv-Attakmil-tome-1-scaled.jpg","datePublished":"2023-03-08T09:03:48+00:00","dateModified":"2023-03-08T09:09:33+00:00","breadcrumb":{"@id":"https:\/\/www.beitalhikma.tn\/fr\/publication\/acces-boutique\/livres-en-vente\/at-takmil-a-chafi-lil-ghalil-ala-kitab-al-ibar-li-ibn-khaldoun\/#breadcrumb"},"inLanguage":"fr-FR","potentialAction":[{"@type":"ReadAction","target":["https:\/\/www.beitalhikma.tn\/fr\/publication\/acces-boutique\/livres-en-vente\/at-takmil-a-chafi-lil-ghalil-ala-kitab-al-ibar-li-ibn-khaldoun\/"]}]},{"@type":"ImageObject","inLanguage":"fr-FR","@id":"https:\/\/www.beitalhikma.tn\/fr\/publication\/acces-boutique\/livres-en-vente\/at-takmil-a-chafi-lil-ghalil-ala-kitab-al-ibar-li-ibn-khaldoun\/#primaryimage","url":"https:\/\/www.beitalhikma.tn\/wp-content\/uploads\/2023\/02\/Couv-Attakmil-tome-1-scaled.jpg","contentUrl":"https:\/\/www.beitalhikma.tn\/wp-content\/uploads\/2023\/02\/Couv-Attakmil-tome-1-scaled.jpg","width":1712,"height":2560},{"@type":"BreadcrumbList","@id":"https:\/\/www.beitalhikma.tn\/fr\/publication\/acces-boutique\/livres-en-vente\/at-takmil-a-chafi-lil-ghalil-ala-kitab-al-ibar-li-ibn-khaldoun\/#breadcrumb","itemListElement":[{"@type":"ListItem","position":1,"name":"Accueil","item":"https:\/\/www.beitalhikma.tn\/fr\/"},{"@type":"ListItem","position":2,"name":"Boutique","item":"https:\/\/www.beitalhikma.tn\/fr\/boutique\/"},{"@type":"ListItem","position":3,"name":"At-takmil a-chafi lil ghalil \u00e2la Kitab al-\u2018Ibar li-Ibn Khaldoun"}]},{"@type":"WebSite","@id":"https:\/\/www.beitalhikma.tn\/#website","url":"https:\/\/www.beitalhikma.tn\/","name":"Beit al-Hikma","description":"L&#039;Acad\u00e9mie Tunisienne des Sciences, des Lettres  et des Arts","publisher":{"@id":"https:\/\/www.beitalhikma.tn\/#organization"},"potentialAction":[{"@type":"SearchAction","target":{"@type":"EntryPoint","urlTemplate":"https:\/\/www.beitalhikma.tn\/?s={search_term_string}"},"query-input":{"@type":"PropertyValueSpecification","valueRequired":true,"valueName":"search_term_string"}}],"inLanguage":"fr-FR"},{"@type":"Organization","@id":"https:\/\/www.beitalhikma.tn\/#organization","name":"Beit Al Hikma","url":"https:\/\/www.beitalhikma.tn\/","logo":{"@type":"ImageObject","inLanguage":"fr-FR","@id":"https:\/\/www.beitalhikma.tn\/#\/schema\/logo\/image\/","url":"https:\/\/www.beitalhikma.tn\/wp-content\/uploads\/2014\/11\/logo.png","contentUrl":"https:\/\/www.beitalhikma.tn\/wp-content\/uploads\/2014\/11\/logo.png","width":288,"height":109,"caption":"Beit Al Hikma"},"image":{"@id":"https:\/\/www.beitalhikma.tn\/#\/schema\/logo\/image\/"},"sameAs":["https:\/\/www.facebook.com\/BeitalhikmaTunisie\/","https:\/\/x.com\/Beit_alhikma_TN","https:\/\/www.youtube.com\/channel\/UCl8EfDXqt5MFfcEY0UYhevg"]}]}},"uagb_featured_image_src":{"full":["https:\/\/www.beitalhikma.tn\/wp-content\/uploads\/2023\/02\/Couv-Attakmil-tome-1-scaled.jpg",1712,2560,false],"thumbnail":["https:\/\/www.beitalhikma.tn\/wp-content\/uploads\/2023\/02\/Couv-Attakmil-tome-1-250x300.jpg",250,300,true],"medium":["https:\/\/www.beitalhikma.tn\/wp-content\/uploads\/2023\/02\/Couv-Attakmil-tome-1-201x300.jpg",201,300,true],"medium_large":["https:\/\/www.beitalhikma.tn\/wp-content\/uploads\/2023\/02\/Couv-Attakmil-tome-1-768x1149.jpg",768,1149,true],"large":["https:\/\/www.beitalhikma.tn\/wp-content\/uploads\/2023\/02\/Couv-Attakmil-tome-1-685x1024.jpg",685,1024,true],"thumblist":["https:\/\/www.beitalhikma.tn\/wp-content\/uploads\/2023\/02\/Couv-Attakmil-tome-1-300x300.jpg",300,300,true],"meccarouselthumb":["https:\/\/www.beitalhikma.tn\/wp-content\/uploads\/2023\/02\/Couv-Attakmil-tome-1-474x324.jpg",474,324,true],"gridsquare":["https:\/\/www.beitalhikma.tn\/wp-content\/uploads\/2023\/02\/Couv-Attakmil-tome-1-391x260.jpg",391,260,true],"tileview":["https:\/\/www.beitalhikma.tn\/wp-content\/uploads\/2023\/02\/Couv-Attakmil-tome-1-300x400.jpg",300,400,true],"1536x1536":["https:\/\/www.beitalhikma.tn\/wp-content\/uploads\/2023\/02\/Couv-Attakmil-tome-1-1027x1536.jpg",1027,1536,true],"2048x2048":["https:\/\/www.beitalhikma.tn\/wp-content\/uploads\/2023\/02\/Couv-Attakmil-tome-1-1369x2048.jpg",1369,2048,true],"post-thumbnail":["https:\/\/www.beitalhikma.tn\/wp-content\/uploads\/2023\/02\/Couv-Attakmil-tome-1-98x146.jpg",98,146,true],"50x50":["https:\/\/www.beitalhikma.tn\/wp-content\/uploads\/2023\/02\/Couv-Attakmil-tome-1-33x50.jpg",33,50,true],"portfolio-list":["https:\/\/www.beitalhikma.tn\/wp-content\/uploads\/2023\/02\/Couv-Attakmil-tome-1-600x400.jpg",600,400,true],"portfolio-fs":["https:\/\/www.beitalhikma.tn\/wp-content\/uploads\/2023\/02\/Couv-Attakmil-tome-1-815x543.jpg",815,543,true],"portfolio-slider":["https:\/\/www.beitalhikma.tn\/wp-content\/uploads\/2023\/02\/Couv-Attakmil-tome-1-380x380.jpg",380,380,true],"blog":["https:\/\/www.beitalhikma.tn\/wp-content\/uploads\/2023\/02\/Couv-Attakmil-tome-1-564x341.jpg",564,341,true],"blog-single":["https:\/\/www.beitalhikma.tn\/wp-content\/uploads\/2023\/02\/Couv-Attakmil-tome-1-1176x445.jpg",1176,445,true],"blog-item":["https:\/\/www.beitalhikma.tn\/wp-content\/uploads\/2023\/02\/Couv-Attakmil-tome-1-504x224.jpg",504,224,true],"blog-widget":["https:\/\/www.beitalhikma.tn\/wp-content\/uploads\/2023\/02\/Couv-Attakmil-tome-1-80x60.jpg",80,60,true],"features":["https:\/\/www.beitalhikma.tn\/wp-content\/uploads\/2023\/02\/Couv-Attakmil-tome-1-90x90.jpg",90,90,true],"clients-slider":["https:\/\/www.beitalhikma.tn\/wp-content\/uploads\/2023\/02\/Couv-Attakmil-tome-1-53x80.jpg",53,80,true],"offer-slider":["https:\/\/www.beitalhikma.tn\/wp-content\/uploads\/2023\/02\/Couv-Attakmil-tome-1-776x438.jpg",776,438,true],"offer-slider-pg":["https:\/\/www.beitalhikma.tn\/wp-content\/uploads\/2023\/02\/Couv-Attakmil-tome-1-42x42.jpg",42,42,true],"woocommerce_thumbnail":["https:\/\/www.beitalhikma.tn\/wp-content\/uploads\/2023\/02\/Couv-Attakmil-tome-1-250x300.jpg",250,300,true],"woocommerce_single":["https:\/\/www.beitalhikma.tn\/wp-content\/uploads\/2023\/02\/Couv-Attakmil-tome-1-250x374.jpg",250,374,true],"woocommerce_gallery_thumbnail":["https:\/\/www.beitalhikma.tn\/wp-content\/uploads\/2023\/02\/Couv-Attakmil-tome-1-100x100.jpg",100,100,true]},"uagb_author_info":{"display_name":"admin","author_link":"https:\/\/www.beitalhikma.tn\/fr\/author\/"},"uagb_comment_info":0,"uagb_excerpt":"Titre :At-takmil a-chafi lil ghalil\u00a0 \u00e2la Kitab al-\u2018Ibar li-Ibn Khaldoun Auteur :Mohamed Sgha\u00efer Ben Youssef Enqu\u00eate de\u00a0: Mohamed Faouzi Mestghanmi R\u00e9vision par\u00a0:\u00a0Mounira Chapoutot Remadi Langue : Arabe Date de publication : 2022 Format\u00a0: 24 x 16 Nombre de pages\u00a0: Tome I\u00a0: 378 p.\u00a0 \u00a0\/ Tome II :411 p. Th\u00e8me:Histoire ISBN\u00a0: Tome I\u00a0: 978-9973-49-230-92 \u00a0\u00a0\u00a0\u00a0\u00a0\u00a0\u00a0\u00a0\u00a0\u00a0\u00a0 \u00a0Tome\u2026","_links":{"self":[{"href":"https:\/\/www.beitalhikma.tn\/fr\/wp-json\/wp\/v2\/product\/102224","targetHints":{"allow":["GET"]}}],"collection":[{"href":"https:\/\/www.beitalhikma.tn\/fr\/wp-json\/wp\/v2\/product"}],"about":[{"href":"https:\/\/www.beitalhikma.tn\/fr\/wp-json\/wp\/v2\/types\/product"}],"wp:featuredmedia":[{"embeddable":true,"href":"https:\/\/www.beitalhikma.tn\/fr\/wp-json\/wp\/v2\/media\/101485"}],"wp:attachment":[{"href":"https:\/\/www.beitalhikma.tn\/fr\/wp-json\/wp\/v2\/media?parent=102224"}],"wp:term":[{"taxonomy":"product_brand","embeddable":true,"href":"https:\/\/www.beitalhikma.tn\/fr\/wp-json\/wp\/v2\/product_brand?post=102224"},{"taxonomy":"product_cat","embeddable":true,"href":"https:\/\/www.beitalhikma.tn\/fr\/wp-json\/wp\/v2\/product_cat?post=102224"},{"taxonomy":"product_tag","embeddable":true,"href":"https:\/\/www.beitalhikma.tn\/fr\/wp-json\/wp\/v2\/product_tag?post=102224"}],"curies":[{"name":"wp","href":"https:\/\/api.w.org\/{rel}","templated":true}]}}