{"id":102229,"date":"2023-03-08T11:01:35","date_gmt":"2023-03-08T10:01:35","guid":{"rendered":"https:\/\/www.beitalhikma.tn\/?post_type=product&#038;p=102229"},"modified":"2023-07-17T10:56:39","modified_gmt":"2023-07-17T09:56:39","slug":"patrimoine-mondial-et-paysages-urbains-historiques","status":"publish","type":"product","link":"https:\/\/www.beitalhikma.tn\/fr\/publication\/acces-boutique\/livres-en-vente\/patrimoine-mondial-et-paysages-urbains-historiques\/","title":{"rendered":"patrimoine mondial et paysages urbains historiques"},"content":{"rendered":"<p>L\u2019ouvrage comprend des points de vue d&#8217;experts ainsi que des th\u00e8ses \u00e9labor\u00e9es par des acad\u00e9miciens et des chercheurs qui s\u2019int\u00e9ressent aux questions du patrimoine mondial, qui ont d\u00e9battu des facteurs mena\u00e7ant les monuments du patrimoine mondial, durant les 21 et 22 octobre 2019, \u00e0 l&#8217;Acad\u00e9mie tunisienne des sciences, des lettres et des arts, \u00ab\u00a0Beit al-Hikma\u00a0\u00bb.<\/p>\n<p>Ce d\u00e9bat s\u2019est tenu au cours d&#8217;un colloque international organis\u00e9 par le D\u00e9partement des Arts de l\u2019Acad\u00e9mie \u00ab\u00a0Beit al-Hikma\u00a0\u00bb, en marge de la r\u00e9union annuelle du Comit\u00e9 International des Villes et Villages Historiques (CIVVIH).<\/p>\n<p>Les actes du colloque, rapport\u00e9s dans l\u2019ouvrage, traitent de la pertinence des conventions et des lois adopt\u00e9es par l&#8217;UNESCO pour la sauvegarde le patrimoine mondial. La plupart des interventions insistent sur la n\u00e9cessit\u00e9 d&#8217;avoir pleinement conscience des facteurs qui menacent les sites du patrimoine humain pour concerter les efforts \u00e0 l\u2019\u00e9chelle mondiale en vue d\u2019assurer leur protection et leur sauvegarde. Ce patrimoine renferme l\u2019identit\u00e9 et la m\u00e9moire de l\u2019humanit\u00e9.<\/p>\n","protected":false},"excerpt":{"rendered":"<ul>\n<li><strong>Titre : Patrimoine mondial et paysages urbains historiques<\/strong><\/li>\n<li><strong>Ouvrage collectif sous la direction de la Pre Faika B\u00e9jaoui<\/strong><\/li>\n<li><strong>Langue : <\/strong>Fran\u00e7aise + Anglais<\/li>\n<li><strong>Date de publication<\/strong> : 2022<\/li>\n<li><strong>Format\u00a0:<\/strong> 24 x 16<\/li>\n<li><strong>Nombre de pages :<\/strong>218<\/li>\n<li><strong>Th\u00e8me:<\/strong>science<\/li>\n<li><strong>ISBN :<\/strong> 978-9973-49-243-2<\/li>\n<li><strong>Poids :<\/strong>400\u00a0gr<\/li>\n<li><strong>Situation:<\/strong>disponible<\/li>\n<\/ul>\n","protected":false},"featured_media":102231,"template":"","meta":{"_uag_custom_page_level_css":""},"product_brand":[],"product_cat":[11],"product_tag":[],"class_list":{"0":"post-102229","1":"product","2":"type-product","3":"status-publish","4":"has-post-thumbnail","6":"product_cat-livres-en-vente","8":"first","9":"instock","10":"sale","11":"shipping-taxable","12":"purchasable","13":"product-type-simple"},"yoast_head":"<!-- This site is optimized with the Yoast SEO plugin v27.5 - https:\/\/yoast.com\/product\/yoast-seo-wordpress\/ -->\n<title>patrimoine mondial et paysages urbains historiques - Beit al-Hikma<\/title>\n<meta name=\"robots\" content=\"index, follow, max-snippet:-1, max-image-preview:large, max-video-preview:-1\" \/>\n<link rel=\"canonical\" href=\"https:\/\/www.beitalhikma.tn\/fr\/publication\/acces-boutique\/livres-en-vente\/patrimoine-mondial-et-paysages-urbains-historiques\/\" \/>\n<meta property=\"og:locale\" content=\"fr_FR\" \/>\n<meta property=\"og:type\" content=\"article\" \/>\n<meta property=\"og:title\" content=\"patrimoine mondial et paysages urbains historiques - Beit al-Hikma\" \/>\n<meta property=\"og:description\" content=\"Titre : Patrimoine mondial et paysages urbains historiques  Ouvrage collectif sous la direction de la Pre Faika B\u00e9jaoui  Langue : Fran\u00e7aise + Anglais  Date de publication : 2022  Format\u00a0: 24 x 16  Nombre de pages :218  Th\u00e8me:science  ISBN : 978-9973-49-243-2  Poids :400\u00a0gr  Situation:disponible\" \/>\n<meta property=\"og:url\" content=\"https:\/\/www.beitalhikma.tn\/fr\/publication\/acces-boutique\/livres-en-vente\/patrimoine-mondial-et-paysages-urbains-historiques\/\" \/>\n<meta property=\"og:site_name\" content=\"Beit al-Hikma\" \/>\n<meta property=\"article:publisher\" content=\"https:\/\/www.facebook.com\/BeitalhikmaTunisie\/\" \/>\n<meta property=\"article:modified_time\" content=\"2023-07-17T09:56:39+00:00\" \/>\n<meta property=\"og:image\" content=\"https:\/\/www.beitalhikma.tn\/wp-content\/uploads\/2023\/03\/1ere-couv-Patrimoine-mondial-scaled.jpg\" \/>\n\t<meta property=\"og:image:width\" content=\"1717\" \/>\n\t<meta property=\"og:image:height\" content=\"2560\" \/>\n\t<meta property=\"og:image:type\" content=\"image\/jpeg\" \/>\n<meta name=\"twitter:card\" content=\"summary_large_image\" \/>\n<meta name=\"twitter:site\" content=\"@Beit_alhikma_TN\" \/>\n<meta name=\"twitter:label1\" content=\"Dur\u00e9e de lecture estim\u00e9e\" \/>\n\t<meta name=\"twitter:data1\" content=\"1 minute\" \/>\n<script type=\"application\/ld+json\" class=\"yoast-schema-graph\">{\"@context\":\"https:\\\/\\\/schema.org\",\"@graph\":[{\"@type\":\"WebPage\",\"@id\":\"https:\\\/\\\/www.beitalhikma.tn\\\/fr\\\/publication\\\/acces-boutique\\\/livres-en-vente\\\/patrimoine-mondial-et-paysages-urbains-historiques\\\/\",\"url\":\"https:\\\/\\\/www.beitalhikma.tn\\\/fr\\\/publication\\\/acces-boutique\\\/livres-en-vente\\\/patrimoine-mondial-et-paysages-urbains-historiques\\\/\",\"name\":\"patrimoine mondial et paysages urbains historiques - Beit al-Hikma\",\"isPartOf\":{\"@id\":\"https:\\\/\\\/www.beitalhikma.tn\\\/#website\"},\"primaryImageOfPage\":{\"@id\":\"https:\\\/\\\/www.beitalhikma.tn\\\/fr\\\/publication\\\/acces-boutique\\\/livres-en-vente\\\/patrimoine-mondial-et-paysages-urbains-historiques\\\/#primaryimage\"},\"image\":{\"@id\":\"https:\\\/\\\/www.beitalhikma.tn\\\/fr\\\/publication\\\/acces-boutique\\\/livres-en-vente\\\/patrimoine-mondial-et-paysages-urbains-historiques\\\/#primaryimage\"},\"thumbnailUrl\":\"https:\\\/\\\/www.beitalhikma.tn\\\/wp-content\\\/uploads\\\/2023\\\/03\\\/1ere-couv-Patrimoine-mondial-scaled.jpg\",\"datePublished\":\"2023-03-08T10:01:35+00:00\",\"dateModified\":\"2023-07-17T09:56:39+00:00\",\"breadcrumb\":{\"@id\":\"https:\\\/\\\/www.beitalhikma.tn\\\/fr\\\/publication\\\/acces-boutique\\\/livres-en-vente\\\/patrimoine-mondial-et-paysages-urbains-historiques\\\/#breadcrumb\"},\"inLanguage\":\"fr-FR\",\"potentialAction\":[{\"@type\":\"ReadAction\",\"target\":[\"https:\\\/\\\/www.beitalhikma.tn\\\/fr\\\/publication\\\/acces-boutique\\\/livres-en-vente\\\/patrimoine-mondial-et-paysages-urbains-historiques\\\/\"]}]},{\"@type\":\"ImageObject\",\"inLanguage\":\"fr-FR\",\"@id\":\"https:\\\/\\\/www.beitalhikma.tn\\\/fr\\\/publication\\\/acces-boutique\\\/livres-en-vente\\\/patrimoine-mondial-et-paysages-urbains-historiques\\\/#primaryimage\",\"url\":\"https:\\\/\\\/www.beitalhikma.tn\\\/wp-content\\\/uploads\\\/2023\\\/03\\\/1ere-couv-Patrimoine-mondial-scaled.jpg\",\"contentUrl\":\"https:\\\/\\\/www.beitalhikma.tn\\\/wp-content\\\/uploads\\\/2023\\\/03\\\/1ere-couv-Patrimoine-mondial-scaled.jpg\",\"width\":1717,\"height\":2560},{\"@type\":\"BreadcrumbList\",\"@id\":\"https:\\\/\\\/www.beitalhikma.tn\\\/fr\\\/publication\\\/acces-boutique\\\/livres-en-vente\\\/patrimoine-mondial-et-paysages-urbains-historiques\\\/#breadcrumb\",\"itemListElement\":[{\"@type\":\"ListItem\",\"position\":1,\"name\":\"Accueil\",\"item\":\"https:\\\/\\\/www.beitalhikma.tn\\\/fr\\\/\"},{\"@type\":\"ListItem\",\"position\":2,\"name\":\"Boutique\",\"item\":\"https:\\\/\\\/www.beitalhikma.tn\\\/fr\\\/boutique\\\/\"},{\"@type\":\"ListItem\",\"position\":3,\"name\":\"patrimoine mondial et paysages urbains historiques\"}]},{\"@type\":\"WebSite\",\"@id\":\"https:\\\/\\\/www.beitalhikma.tn\\\/#website\",\"url\":\"https:\\\/\\\/www.beitalhikma.tn\\\/\",\"name\":\"Beit al-Hikma\",\"description\":\"L&#039;Acad\u00e9mie Tunisienne des Sciences, des Lettres  et des Arts\",\"publisher\":{\"@id\":\"https:\\\/\\\/www.beitalhikma.tn\\\/#organization\"},\"potentialAction\":[{\"@type\":\"SearchAction\",\"target\":{\"@type\":\"EntryPoint\",\"urlTemplate\":\"https:\\\/\\\/www.beitalhikma.tn\\\/?s={search_term_string}\"},\"query-input\":{\"@type\":\"PropertyValueSpecification\",\"valueRequired\":true,\"valueName\":\"search_term_string\"}}],\"inLanguage\":\"fr-FR\"},{\"@type\":\"Organization\",\"@id\":\"https:\\\/\\\/www.beitalhikma.tn\\\/#organization\",\"name\":\"Beit Al Hikma\",\"url\":\"https:\\\/\\\/www.beitalhikma.tn\\\/\",\"logo\":{\"@type\":\"ImageObject\",\"inLanguage\":\"fr-FR\",\"@id\":\"https:\\\/\\\/www.beitalhikma.tn\\\/#\\\/schema\\\/logo\\\/image\\\/\",\"url\":\"https:\\\/\\\/www.beitalhikma.tn\\\/wp-content\\\/uploads\\\/2014\\\/11\\\/logo.png\",\"contentUrl\":\"https:\\\/\\\/www.beitalhikma.tn\\\/wp-content\\\/uploads\\\/2014\\\/11\\\/logo.png\",\"width\":288,\"height\":109,\"caption\":\"Beit Al Hikma\"},\"image\":{\"@id\":\"https:\\\/\\\/www.beitalhikma.tn\\\/#\\\/schema\\\/logo\\\/image\\\/\"},\"sameAs\":[\"https:\\\/\\\/www.facebook.com\\\/BeitalhikmaTunisie\\\/\",\"https:\\\/\\\/x.com\\\/Beit_alhikma_TN\",\"https:\\\/\\\/www.youtube.com\\\/channel\\\/UCl8EfDXqt5MFfcEY0UYhevg\"]}]}<\/script>\n<!-- \/ Yoast SEO plugin. -->","yoast_head_json":{"title":"patrimoine mondial et paysages urbains historiques - Beit al-Hikma","robots":{"index":"index","follow":"follow","max-snippet":"max-snippet:-1","max-image-preview":"max-image-preview:large","max-video-preview":"max-video-preview:-1"},"canonical":"https:\/\/www.beitalhikma.tn\/fr\/publication\/acces-boutique\/livres-en-vente\/patrimoine-mondial-et-paysages-urbains-historiques\/","og_locale":"fr_FR","og_type":"article","og_title":"patrimoine mondial et paysages urbains historiques - Beit al-Hikma","og_description":"Titre : Patrimoine mondial et paysages urbains historiques  Ouvrage collectif sous la direction de la Pre Faika B\u00e9jaoui  Langue : Fran\u00e7aise + Anglais  Date de publication : 2022  Format\u00a0: 24 x 16  Nombre de pages :218  Th\u00e8me:science  ISBN : 978-9973-49-243-2  Poids :400\u00a0gr  Situation:disponible","og_url":"https:\/\/www.beitalhikma.tn\/fr\/publication\/acces-boutique\/livres-en-vente\/patrimoine-mondial-et-paysages-urbains-historiques\/","og_site_name":"Beit al-Hikma","article_publisher":"https:\/\/www.facebook.com\/BeitalhikmaTunisie\/","article_modified_time":"2023-07-17T09:56:39+00:00","og_image":[{"width":1717,"height":2560,"url":"https:\/\/www.beitalhikma.tn\/wp-content\/uploads\/2023\/03\/1ere-couv-Patrimoine-mondial-scaled.jpg","type":"image\/jpeg"}],"twitter_card":"summary_large_image","twitter_site":"@Beit_alhikma_TN","twitter_misc":{"Dur\u00e9e de lecture estim\u00e9e":"1 minute"},"schema":{"@context":"https:\/\/schema.org","@graph":[{"@type":"WebPage","@id":"https:\/\/www.beitalhikma.tn\/fr\/publication\/acces-boutique\/livres-en-vente\/patrimoine-mondial-et-paysages-urbains-historiques\/","url":"https:\/\/www.beitalhikma.tn\/fr\/publication\/acces-boutique\/livres-en-vente\/patrimoine-mondial-et-paysages-urbains-historiques\/","name":"patrimoine mondial et paysages urbains historiques - Beit al-Hikma","isPartOf":{"@id":"https:\/\/www.beitalhikma.tn\/#website"},"primaryImageOfPage":{"@id":"https:\/\/www.beitalhikma.tn\/fr\/publication\/acces-boutique\/livres-en-vente\/patrimoine-mondial-et-paysages-urbains-historiques\/#primaryimage"},"image":{"@id":"https:\/\/www.beitalhikma.tn\/fr\/publication\/acces-boutique\/livres-en-vente\/patrimoine-mondial-et-paysages-urbains-historiques\/#primaryimage"},"thumbnailUrl":"https:\/\/www.beitalhikma.tn\/wp-content\/uploads\/2023\/03\/1ere-couv-Patrimoine-mondial-scaled.jpg","datePublished":"2023-03-08T10:01:35+00:00","dateModified":"2023-07-17T09:56:39+00:00","breadcrumb":{"@id":"https:\/\/www.beitalhikma.tn\/fr\/publication\/acces-boutique\/livres-en-vente\/patrimoine-mondial-et-paysages-urbains-historiques\/#breadcrumb"},"inLanguage":"fr-FR","potentialAction":[{"@type":"ReadAction","target":["https:\/\/www.beitalhikma.tn\/fr\/publication\/acces-boutique\/livres-en-vente\/patrimoine-mondial-et-paysages-urbains-historiques\/"]}]},{"@type":"ImageObject","inLanguage":"fr-FR","@id":"https:\/\/www.beitalhikma.tn\/fr\/publication\/acces-boutique\/livres-en-vente\/patrimoine-mondial-et-paysages-urbains-historiques\/#primaryimage","url":"https:\/\/www.beitalhikma.tn\/wp-content\/uploads\/2023\/03\/1ere-couv-Patrimoine-mondial-scaled.jpg","contentUrl":"https:\/\/www.beitalhikma.tn\/wp-content\/uploads\/2023\/03\/1ere-couv-Patrimoine-mondial-scaled.jpg","width":1717,"height":2560},{"@type":"BreadcrumbList","@id":"https:\/\/www.beitalhikma.tn\/fr\/publication\/acces-boutique\/livres-en-vente\/patrimoine-mondial-et-paysages-urbains-historiques\/#breadcrumb","itemListElement":[{"@type":"ListItem","position":1,"name":"Accueil","item":"https:\/\/www.beitalhikma.tn\/fr\/"},{"@type":"ListItem","position":2,"name":"Boutique","item":"https:\/\/www.beitalhikma.tn\/fr\/boutique\/"},{"@type":"ListItem","position":3,"name":"patrimoine mondial et paysages urbains historiques"}]},{"@type":"WebSite","@id":"https:\/\/www.beitalhikma.tn\/#website","url":"https:\/\/www.beitalhikma.tn\/","name":"Beit al-Hikma","description":"L&#039;Acad\u00e9mie Tunisienne des Sciences, des Lettres  et des Arts","publisher":{"@id":"https:\/\/www.beitalhikma.tn\/#organization"},"potentialAction":[{"@type":"SearchAction","target":{"@type":"EntryPoint","urlTemplate":"https:\/\/www.beitalhikma.tn\/?s={search_term_string}"},"query-input":{"@type":"PropertyValueSpecification","valueRequired":true,"valueName":"search_term_string"}}],"inLanguage":"fr-FR"},{"@type":"Organization","@id":"https:\/\/www.beitalhikma.tn\/#organization","name":"Beit Al Hikma","url":"https:\/\/www.beitalhikma.tn\/","logo":{"@type":"ImageObject","inLanguage":"fr-FR","@id":"https:\/\/www.beitalhikma.tn\/#\/schema\/logo\/image\/","url":"https:\/\/www.beitalhikma.tn\/wp-content\/uploads\/2014\/11\/logo.png","contentUrl":"https:\/\/www.beitalhikma.tn\/wp-content\/uploads\/2014\/11\/logo.png","width":288,"height":109,"caption":"Beit Al Hikma"},"image":{"@id":"https:\/\/www.beitalhikma.tn\/#\/schema\/logo\/image\/"},"sameAs":["https:\/\/www.facebook.com\/BeitalhikmaTunisie\/","https:\/\/x.com\/Beit_alhikma_TN","https:\/\/www.youtube.com\/channel\/UCl8EfDXqt5MFfcEY0UYhevg"]}]}},"uagb_featured_image_src":{"full":["https:\/\/www.beitalhikma.tn\/wp-content\/uploads\/2023\/03\/1ere-couv-Patrimoine-mondial-scaled.jpg",1717,2560,false],"thumbnail":["https:\/\/www.beitalhikma.tn\/wp-content\/uploads\/2023\/03\/1ere-couv-Patrimoine-mondial-250x300.jpg",250,300,true],"medium":["https:\/\/www.beitalhikma.tn\/wp-content\/uploads\/2023\/03\/1ere-couv-Patrimoine-mondial-201x300.jpg",201,300,true],"medium_large":["https:\/\/www.beitalhikma.tn\/wp-content\/uploads\/2023\/03\/1ere-couv-Patrimoine-mondial-768x1145.jpg",768,1145,true],"large":["https:\/\/www.beitalhikma.tn\/wp-content\/uploads\/2023\/03\/1ere-couv-Patrimoine-mondial-687x1024.jpg",687,1024,true],"thumblist":["https:\/\/www.beitalhikma.tn\/wp-content\/uploads\/2023\/03\/1ere-couv-Patrimoine-mondial-300x300.jpg",300,300,true],"meccarouselthumb":["https:\/\/www.beitalhikma.tn\/wp-content\/uploads\/2023\/03\/1ere-couv-Patrimoine-mondial-474x324.jpg",474,324,true],"gridsquare":["https:\/\/www.beitalhikma.tn\/wp-content\/uploads\/2023\/03\/1ere-couv-Patrimoine-mondial-391x260.jpg",391,260,true],"tileview":["https:\/\/www.beitalhikma.tn\/wp-content\/uploads\/2023\/03\/1ere-couv-Patrimoine-mondial-300x400.jpg",300,400,true],"1536x1536":["https:\/\/www.beitalhikma.tn\/wp-content\/uploads\/2023\/03\/1ere-couv-Patrimoine-mondial-1030x1536.jpg",1030,1536,true],"2048x2048":["https:\/\/www.beitalhikma.tn\/wp-content\/uploads\/2023\/03\/1ere-couv-Patrimoine-mondial-1374x2048.jpg",1374,2048,true],"post-thumbnail":["https:\/\/www.beitalhikma.tn\/wp-content\/uploads\/2023\/03\/1ere-couv-Patrimoine-mondial-98x146.jpg",98,146,true],"50x50":["https:\/\/www.beitalhikma.tn\/wp-content\/uploads\/2023\/03\/1ere-couv-Patrimoine-mondial-34x50.jpg",34,50,true],"portfolio-list":["https:\/\/www.beitalhikma.tn\/wp-content\/uploads\/2023\/03\/1ere-couv-Patrimoine-mondial-600x400.jpg",600,400,true],"portfolio-fs":["https:\/\/www.beitalhikma.tn\/wp-content\/uploads\/2023\/03\/1ere-couv-Patrimoine-mondial-815x543.jpg",815,543,true],"portfolio-slider":["https:\/\/www.beitalhikma.tn\/wp-content\/uploads\/2023\/03\/1ere-couv-Patrimoine-mondial-380x380.jpg",380,380,true],"blog":["https:\/\/www.beitalhikma.tn\/wp-content\/uploads\/2023\/03\/1ere-couv-Patrimoine-mondial-564x341.jpg",564,341,true],"blog-single":["https:\/\/www.beitalhikma.tn\/wp-content\/uploads\/2023\/03\/1ere-couv-Patrimoine-mondial-1176x445.jpg",1176,445,true],"blog-item":["https:\/\/www.beitalhikma.tn\/wp-content\/uploads\/2023\/03\/1ere-couv-Patrimoine-mondial-504x224.jpg",504,224,true],"blog-widget":["https:\/\/www.beitalhikma.tn\/wp-content\/uploads\/2023\/03\/1ere-couv-Patrimoine-mondial-80x60.jpg",80,60,true],"features":["https:\/\/www.beitalhikma.tn\/wp-content\/uploads\/2023\/03\/1ere-couv-Patrimoine-mondial-90x90.jpg",90,90,true],"clients-slider":["https:\/\/www.beitalhikma.tn\/wp-content\/uploads\/2023\/03\/1ere-couv-Patrimoine-mondial-54x80.jpg",54,80,true],"offer-slider":["https:\/\/www.beitalhikma.tn\/wp-content\/uploads\/2023\/03\/1ere-couv-Patrimoine-mondial-776x438.jpg",776,438,true],"offer-slider-pg":["https:\/\/www.beitalhikma.tn\/wp-content\/uploads\/2023\/03\/1ere-couv-Patrimoine-mondial-42x42.jpg",42,42,true],"woocommerce_thumbnail":["https:\/\/www.beitalhikma.tn\/wp-content\/uploads\/2023\/03\/1ere-couv-Patrimoine-mondial-250x300.jpg",250,300,true],"woocommerce_single":["https:\/\/www.beitalhikma.tn\/wp-content\/uploads\/2023\/03\/1ere-couv-Patrimoine-mondial-250x373.jpg",250,373,true],"woocommerce_gallery_thumbnail":["https:\/\/www.beitalhikma.tn\/wp-content\/uploads\/2023\/03\/1ere-couv-Patrimoine-mondial-100x100.jpg",100,100,true]},"uagb_author_info":{"display_name":"admin","author_link":"https:\/\/www.beitalhikma.tn\/fr\/author\/"},"uagb_comment_info":0,"uagb_excerpt":"Titre : Patrimoine mondial et paysages urbains historiques Ouvrage collectif sous la direction de la Pre Faika B\u00e9jaoui Langue : Fran\u00e7aise + Anglais Date de publication : 2022 Format\u00a0: 24 x 16 Nombre de pages :218 Th\u00e8me:science ISBN : 978-9973-49-243-2 Poids :400\u00a0gr Situation:disponible","_links":{"self":[{"href":"https:\/\/www.beitalhikma.tn\/fr\/wp-json\/wp\/v2\/product\/102229","targetHints":{"allow":["GET"]}}],"collection":[{"href":"https:\/\/www.beitalhikma.tn\/fr\/wp-json\/wp\/v2\/product"}],"about":[{"href":"https:\/\/www.beitalhikma.tn\/fr\/wp-json\/wp\/v2\/types\/product"}],"wp:featuredmedia":[{"embeddable":true,"href":"https:\/\/www.beitalhikma.tn\/fr\/wp-json\/wp\/v2\/media\/102231"}],"wp:attachment":[{"href":"https:\/\/www.beitalhikma.tn\/fr\/wp-json\/wp\/v2\/media?parent=102229"}],"wp:term":[{"taxonomy":"product_brand","embeddable":true,"href":"https:\/\/www.beitalhikma.tn\/fr\/wp-json\/wp\/v2\/product_brand?post=102229"},{"taxonomy":"product_cat","embeddable":true,"href":"https:\/\/www.beitalhikma.tn\/fr\/wp-json\/wp\/v2\/product_cat?post=102229"},{"taxonomy":"product_tag","embeddable":true,"href":"https:\/\/www.beitalhikma.tn\/fr\/wp-json\/wp\/v2\/product_tag?post=102229"}],"curies":[{"name":"wp","href":"https:\/\/api.w.org\/{rel}","templated":true}]}}