{"id":102466,"date":"2023-03-15T10:22:43","date_gmt":"2023-03-15T09:22:43","guid":{"rendered":"https:\/\/www.beitalhikma.tn\/?post_type=product&#038;p=102466"},"modified":"2024-03-16T21:24:44","modified_gmt":"2024-03-16T20:24:44","slug":"i-ilem-al-aayen-bi-takhfifet-a-charaa-aan-al-aabid-w-as-sibyen","status":"publish","type":"product","link":"https:\/\/www.beitalhikma.tn\/fr\/publication\/acces-boutique\/livres-en-vente\/i-ilem-al-aayen-bi-takhfifet-a-charaa-aan-al-aabid-w-as-sibyen\/","title":{"rendered":"I-\u00eelem al-a\u00e2yen bi takhfif\u00e8t a-chara\u00e2 a\u00e2n al-a\u00e2bid w as-sibyen"},"content":{"rendered":"<p>Le livre s&#8217;inscrit dans la lign\u00e9e des ouvrages qui s\u2019int\u00e9ressent aux questions de l\u2019\u00e9ducation et aux processus \u00e9ducatifs intrafamiliaux, et au sein de la soci\u00e9t\u00e9 en g\u00e9n\u00e9ral. Il met la lumi\u00e8re sur les limites l\u00e9gales (dans la Charia\u00e2) de la discipline et sur les formes de punition telles que les repr\u00e9sailles vindicatives.<\/p>\n<p>L&#8217;\u0153uvre s\u2019appuie sur une approche critique \u00e0 travers laquelle Ahmad Bornaz (1664-1726) cristallise les risques que courent les droits de l&#8217;homme dans le cadre des th\u00e8ses traditionnelles qui pr\u00e9valent dans la soci\u00e9t\u00e9 tunisienne aux XVIIe et XVIIIe si\u00e8cles. Des th\u00e8ses qui oppriment des groupes sociaux comme les femmes, souvent r\u00e9duites, par le biais d\u2019une vision abaissante, aux fonctions sensuelles.<\/p>\n<p>L&#8217;ouvrage \u00e9claire sur la pens\u00e9e progressiste de Ahmed Bornaz, qui refuse la r\u00e9partition hi\u00e9rarchique de la soci\u00e9t\u00e9 et qui critique, avec audace, toutes les formes de discrimination qui contredisent la logique des droits de l&#8217;Homme.<\/p>\n","protected":false},"excerpt":{"rendered":"<p>&nbsp;<\/p>\n<ul>\n<li><b>Titre : <\/b> I-\u00eelem al-a\u00e2yen bi takhfif\u00e8t a-chara\u00e2 a\u00e2n al-a\u00e2bid w as-sibyen<\/li>\n<li style=\"text-align: left;\"><strong>Auteur<\/strong>\u00a0 : <strong>: <\/strong>Ahmed Bornaz<\/li>\n<li style=\"text-align: left;\"><strong>Langue :<\/strong>Arabe<\/li>\n<li style=\"text-align: left;\"><strong>Date de publication<\/strong> : 2022<\/li>\n<li style=\"text-align: left;\"><strong>Format\u00a0:<\/strong> 24 x 16<\/li>\n<li style=\"text-align: left;\"><strong>Nombre de pages :<\/strong>638<\/li>\n<li style=\"text-align: left;\"><strong><strong>Th\u00e8me:<\/strong><\/strong>Intellectuel<\/li>\n<li style=\"text-align: left;\"><strong>Poids :<\/strong>1050 gr<\/li>\n<li style=\"text-align: left;\"><strong>Situation:<\/strong>disponible<\/li>\n<li style=\"text-align: left;\"><\/li>\n<\/ul>\n","protected":false},"featured_media":102388,"template":"","meta":{"_uag_custom_page_level_css":""},"product_brand":[],"product_cat":[11],"product_tag":[],"class_list":{"0":"post-102466","1":"product","2":"type-product","3":"status-publish","4":"has-post-thumbnail","6":"product_cat-livres-en-vente","8":"first","9":"instock","10":"sale","11":"shipping-taxable","12":"purchasable","13":"product-type-simple"},"yoast_head":"<!-- This site is optimized with the Yoast SEO plugin v27.4 - https:\/\/yoast.com\/product\/yoast-seo-wordpress\/ -->\n<title>I-\u00eelem al-a\u00e2yen bi takhfif\u00e8t a-chara\u00e2 a\u00e2n al-a\u00e2bid w as-sibyen - Beit al-Hikma<\/title>\n<meta name=\"robots\" content=\"index, follow, max-snippet:-1, max-image-preview:large, max-video-preview:-1\" \/>\n<link rel=\"canonical\" href=\"https:\/\/www.beitalhikma.tn\/fr\/publication\/acces-boutique\/livres-en-vente\/i-ilem-al-aayen-bi-takhfifet-a-charaa-aan-al-aabid-w-as-sibyen\/\" \/>\n<meta property=\"og:locale\" content=\"fr_FR\" \/>\n<meta property=\"og:type\" content=\"article\" \/>\n<meta property=\"og:title\" content=\"I-\u00eelem al-a\u00e2yen bi takhfif\u00e8t a-chara\u00e2 a\u00e2n al-a\u00e2bid w as-sibyen - Beit al-Hikma\" \/>\n<meta property=\"og:description\" content=\"&nbsp;   Titre : I-\u00eelem al-a\u00e2yen bi takhfif\u00e8t a-chara\u00e2 a\u00e2n al-a\u00e2bid w as-sibyen  Auteur\u00a0 : : Ahmed Bornaz  Langue :Arabe  Date de publication : 2022  Format\u00a0: 24 x 16  Nombre de pages :638  Th\u00e8me:Intellectuel  Poids :1050 gr  Situation:disponible\" \/>\n<meta property=\"og:url\" content=\"https:\/\/www.beitalhikma.tn\/fr\/publication\/acces-boutique\/livres-en-vente\/i-ilem-al-aayen-bi-takhfifet-a-charaa-aan-al-aabid-w-as-sibyen\/\" \/>\n<meta property=\"og:site_name\" content=\"Beit al-Hikma\" \/>\n<meta property=\"article:publisher\" content=\"https:\/\/www.facebook.com\/BeitalhikmaTunisie\/\" \/>\n<meta property=\"article:modified_time\" content=\"2024-03-16T20:24:44+00:00\" \/>\n<meta property=\"og:image\" content=\"https:\/\/www.beitalhikma.tn\/wp-content\/uploads\/2023\/03\/Couv-livre-\u0625\u0639\u0644\u0627\u0645-\u0627\u0644\u0623\u0639\u064a\u0627\u0646.jpg\" \/>\n\t<meta property=\"og:image:width\" content=\"944\" \/>\n\t<meta property=\"og:image:height\" content=\"1388\" \/>\n\t<meta property=\"og:image:type\" content=\"image\/jpeg\" \/>\n<meta name=\"twitter:card\" content=\"summary_large_image\" \/>\n<meta name=\"twitter:site\" content=\"@Beit_alhikma_TN\" \/>\n<meta name=\"twitter:label1\" content=\"Dur\u00e9e de lecture estim\u00e9e\" \/>\n\t<meta name=\"twitter:data1\" content=\"1 minute\" \/>\n<script type=\"application\/ld+json\" class=\"yoast-schema-graph\">{\"@context\":\"https:\\\/\\\/schema.org\",\"@graph\":[{\"@type\":\"WebPage\",\"@id\":\"https:\\\/\\\/www.beitalhikma.tn\\\/fr\\\/publication\\\/acces-boutique\\\/livres-en-vente\\\/i-ilem-al-aayen-bi-takhfifet-a-charaa-aan-al-aabid-w-as-sibyen\\\/\",\"url\":\"https:\\\/\\\/www.beitalhikma.tn\\\/fr\\\/publication\\\/acces-boutique\\\/livres-en-vente\\\/i-ilem-al-aayen-bi-takhfifet-a-charaa-aan-al-aabid-w-as-sibyen\\\/\",\"name\":\"I-\u00eelem al-a\u00e2yen bi takhfif\u00e8t a-chara\u00e2 a\u00e2n al-a\u00e2bid w as-sibyen - Beit al-Hikma\",\"isPartOf\":{\"@id\":\"https:\\\/\\\/www.beitalhikma.tn\\\/#website\"},\"primaryImageOfPage\":{\"@id\":\"https:\\\/\\\/www.beitalhikma.tn\\\/fr\\\/publication\\\/acces-boutique\\\/livres-en-vente\\\/i-ilem-al-aayen-bi-takhfifet-a-charaa-aan-al-aabid-w-as-sibyen\\\/#primaryimage\"},\"image\":{\"@id\":\"https:\\\/\\\/www.beitalhikma.tn\\\/fr\\\/publication\\\/acces-boutique\\\/livres-en-vente\\\/i-ilem-al-aayen-bi-takhfifet-a-charaa-aan-al-aabid-w-as-sibyen\\\/#primaryimage\"},\"thumbnailUrl\":\"https:\\\/\\\/www.beitalhikma.tn\\\/wp-content\\\/uploads\\\/2023\\\/03\\\/Couv-livre-\u0625\u0639\u0644\u0627\u0645-\u0627\u0644\u0623\u0639\u064a\u0627\u0646.jpg\",\"datePublished\":\"2023-03-15T09:22:43+00:00\",\"dateModified\":\"2024-03-16T20:24:44+00:00\",\"breadcrumb\":{\"@id\":\"https:\\\/\\\/www.beitalhikma.tn\\\/fr\\\/publication\\\/acces-boutique\\\/livres-en-vente\\\/i-ilem-al-aayen-bi-takhfifet-a-charaa-aan-al-aabid-w-as-sibyen\\\/#breadcrumb\"},\"inLanguage\":\"fr-FR\",\"potentialAction\":[{\"@type\":\"ReadAction\",\"target\":[\"https:\\\/\\\/www.beitalhikma.tn\\\/fr\\\/publication\\\/acces-boutique\\\/livres-en-vente\\\/i-ilem-al-aayen-bi-takhfifet-a-charaa-aan-al-aabid-w-as-sibyen\\\/\"]}]},{\"@type\":\"ImageObject\",\"inLanguage\":\"fr-FR\",\"@id\":\"https:\\\/\\\/www.beitalhikma.tn\\\/fr\\\/publication\\\/acces-boutique\\\/livres-en-vente\\\/i-ilem-al-aayen-bi-takhfifet-a-charaa-aan-al-aabid-w-as-sibyen\\\/#primaryimage\",\"url\":\"https:\\\/\\\/www.beitalhikma.tn\\\/wp-content\\\/uploads\\\/2023\\\/03\\\/Couv-livre-\u0625\u0639\u0644\u0627\u0645-\u0627\u0644\u0623\u0639\u064a\u0627\u0646.jpg\",\"contentUrl\":\"https:\\\/\\\/www.beitalhikma.tn\\\/wp-content\\\/uploads\\\/2023\\\/03\\\/Couv-livre-\u0625\u0639\u0644\u0627\u0645-\u0627\u0644\u0623\u0639\u064a\u0627\u0646.jpg\",\"width\":944,\"height\":1388},{\"@type\":\"BreadcrumbList\",\"@id\":\"https:\\\/\\\/www.beitalhikma.tn\\\/fr\\\/publication\\\/acces-boutique\\\/livres-en-vente\\\/i-ilem-al-aayen-bi-takhfifet-a-charaa-aan-al-aabid-w-as-sibyen\\\/#breadcrumb\",\"itemListElement\":[{\"@type\":\"ListItem\",\"position\":1,\"name\":\"Accueil\",\"item\":\"https:\\\/\\\/www.beitalhikma.tn\\\/fr\\\/\"},{\"@type\":\"ListItem\",\"position\":2,\"name\":\"Boutique\",\"item\":\"https:\\\/\\\/www.beitalhikma.tn\\\/fr\\\/boutique\\\/\"},{\"@type\":\"ListItem\",\"position\":3,\"name\":\"I-\u00eelem al-a\u00e2yen bi takhfif\u00e8t a-chara\u00e2 a\u00e2n al-a\u00e2bid w as-sibyen\"}]},{\"@type\":\"WebSite\",\"@id\":\"https:\\\/\\\/www.beitalhikma.tn\\\/#website\",\"url\":\"https:\\\/\\\/www.beitalhikma.tn\\\/\",\"name\":\"Beit al-Hikma\",\"description\":\"L&#039;Acad\u00e9mie Tunisienne des Sciences, des Lettres  et des Arts\",\"publisher\":{\"@id\":\"https:\\\/\\\/www.beitalhikma.tn\\\/#organization\"},\"potentialAction\":[{\"@type\":\"SearchAction\",\"target\":{\"@type\":\"EntryPoint\",\"urlTemplate\":\"https:\\\/\\\/www.beitalhikma.tn\\\/?s={search_term_string}\"},\"query-input\":{\"@type\":\"PropertyValueSpecification\",\"valueRequired\":true,\"valueName\":\"search_term_string\"}}],\"inLanguage\":\"fr-FR\"},{\"@type\":\"Organization\",\"@id\":\"https:\\\/\\\/www.beitalhikma.tn\\\/#organization\",\"name\":\"Beit Al Hikma\",\"url\":\"https:\\\/\\\/www.beitalhikma.tn\\\/\",\"logo\":{\"@type\":\"ImageObject\",\"inLanguage\":\"fr-FR\",\"@id\":\"https:\\\/\\\/www.beitalhikma.tn\\\/#\\\/schema\\\/logo\\\/image\\\/\",\"url\":\"https:\\\/\\\/www.beitalhikma.tn\\\/wp-content\\\/uploads\\\/2014\\\/11\\\/logo.png\",\"contentUrl\":\"https:\\\/\\\/www.beitalhikma.tn\\\/wp-content\\\/uploads\\\/2014\\\/11\\\/logo.png\",\"width\":288,\"height\":109,\"caption\":\"Beit Al Hikma\"},\"image\":{\"@id\":\"https:\\\/\\\/www.beitalhikma.tn\\\/#\\\/schema\\\/logo\\\/image\\\/\"},\"sameAs\":[\"https:\\\/\\\/www.facebook.com\\\/BeitalhikmaTunisie\\\/\",\"https:\\\/\\\/x.com\\\/Beit_alhikma_TN\",\"https:\\\/\\\/www.youtube.com\\\/channel\\\/UCl8EfDXqt5MFfcEY0UYhevg\"]}]}<\/script>\n<!-- \/ Yoast SEO plugin. -->","yoast_head_json":{"title":"I-\u00eelem al-a\u00e2yen bi takhfif\u00e8t a-chara\u00e2 a\u00e2n al-a\u00e2bid w as-sibyen - Beit al-Hikma","robots":{"index":"index","follow":"follow","max-snippet":"max-snippet:-1","max-image-preview":"max-image-preview:large","max-video-preview":"max-video-preview:-1"},"canonical":"https:\/\/www.beitalhikma.tn\/fr\/publication\/acces-boutique\/livres-en-vente\/i-ilem-al-aayen-bi-takhfifet-a-charaa-aan-al-aabid-w-as-sibyen\/","og_locale":"fr_FR","og_type":"article","og_title":"I-\u00eelem al-a\u00e2yen bi takhfif\u00e8t a-chara\u00e2 a\u00e2n al-a\u00e2bid w as-sibyen - Beit al-Hikma","og_description":"&nbsp;   Titre : I-\u00eelem al-a\u00e2yen bi takhfif\u00e8t a-chara\u00e2 a\u00e2n al-a\u00e2bid w as-sibyen  Auteur\u00a0 : : Ahmed Bornaz  Langue :Arabe  Date de publication : 2022  Format\u00a0: 24 x 16  Nombre de pages :638  Th\u00e8me:Intellectuel  Poids :1050 gr  Situation:disponible","og_url":"https:\/\/www.beitalhikma.tn\/fr\/publication\/acces-boutique\/livres-en-vente\/i-ilem-al-aayen-bi-takhfifet-a-charaa-aan-al-aabid-w-as-sibyen\/","og_site_name":"Beit al-Hikma","article_publisher":"https:\/\/www.facebook.com\/BeitalhikmaTunisie\/","article_modified_time":"2024-03-16T20:24:44+00:00","og_image":[{"width":944,"height":1388,"url":"https:\/\/www.beitalhikma.tn\/wp-content\/uploads\/2023\/03\/Couv-livre-\u0625\u0639\u0644\u0627\u0645-\u0627\u0644\u0623\u0639\u064a\u0627\u0646.jpg","type":"image\/jpeg"}],"twitter_card":"summary_large_image","twitter_site":"@Beit_alhikma_TN","twitter_misc":{"Dur\u00e9e de lecture estim\u00e9e":"1 minute"},"schema":{"@context":"https:\/\/schema.org","@graph":[{"@type":"WebPage","@id":"https:\/\/www.beitalhikma.tn\/fr\/publication\/acces-boutique\/livres-en-vente\/i-ilem-al-aayen-bi-takhfifet-a-charaa-aan-al-aabid-w-as-sibyen\/","url":"https:\/\/www.beitalhikma.tn\/fr\/publication\/acces-boutique\/livres-en-vente\/i-ilem-al-aayen-bi-takhfifet-a-charaa-aan-al-aabid-w-as-sibyen\/","name":"I-\u00eelem al-a\u00e2yen bi takhfif\u00e8t a-chara\u00e2 a\u00e2n al-a\u00e2bid w as-sibyen - Beit al-Hikma","isPartOf":{"@id":"https:\/\/www.beitalhikma.tn\/#website"},"primaryImageOfPage":{"@id":"https:\/\/www.beitalhikma.tn\/fr\/publication\/acces-boutique\/livres-en-vente\/i-ilem-al-aayen-bi-takhfifet-a-charaa-aan-al-aabid-w-as-sibyen\/#primaryimage"},"image":{"@id":"https:\/\/www.beitalhikma.tn\/fr\/publication\/acces-boutique\/livres-en-vente\/i-ilem-al-aayen-bi-takhfifet-a-charaa-aan-al-aabid-w-as-sibyen\/#primaryimage"},"thumbnailUrl":"https:\/\/www.beitalhikma.tn\/wp-content\/uploads\/2023\/03\/Couv-livre-\u0625\u0639\u0644\u0627\u0645-\u0627\u0644\u0623\u0639\u064a\u0627\u0646.jpg","datePublished":"2023-03-15T09:22:43+00:00","dateModified":"2024-03-16T20:24:44+00:00","breadcrumb":{"@id":"https:\/\/www.beitalhikma.tn\/fr\/publication\/acces-boutique\/livres-en-vente\/i-ilem-al-aayen-bi-takhfifet-a-charaa-aan-al-aabid-w-as-sibyen\/#breadcrumb"},"inLanguage":"fr-FR","potentialAction":[{"@type":"ReadAction","target":["https:\/\/www.beitalhikma.tn\/fr\/publication\/acces-boutique\/livres-en-vente\/i-ilem-al-aayen-bi-takhfifet-a-charaa-aan-al-aabid-w-as-sibyen\/"]}]},{"@type":"ImageObject","inLanguage":"fr-FR","@id":"https:\/\/www.beitalhikma.tn\/fr\/publication\/acces-boutique\/livres-en-vente\/i-ilem-al-aayen-bi-takhfifet-a-charaa-aan-al-aabid-w-as-sibyen\/#primaryimage","url":"https:\/\/www.beitalhikma.tn\/wp-content\/uploads\/2023\/03\/Couv-livre-\u0625\u0639\u0644\u0627\u0645-\u0627\u0644\u0623\u0639\u064a\u0627\u0646.jpg","contentUrl":"https:\/\/www.beitalhikma.tn\/wp-content\/uploads\/2023\/03\/Couv-livre-\u0625\u0639\u0644\u0627\u0645-\u0627\u0644\u0623\u0639\u064a\u0627\u0646.jpg","width":944,"height":1388},{"@type":"BreadcrumbList","@id":"https:\/\/www.beitalhikma.tn\/fr\/publication\/acces-boutique\/livres-en-vente\/i-ilem-al-aayen-bi-takhfifet-a-charaa-aan-al-aabid-w-as-sibyen\/#breadcrumb","itemListElement":[{"@type":"ListItem","position":1,"name":"Accueil","item":"https:\/\/www.beitalhikma.tn\/fr\/"},{"@type":"ListItem","position":2,"name":"Boutique","item":"https:\/\/www.beitalhikma.tn\/fr\/boutique\/"},{"@type":"ListItem","position":3,"name":"I-\u00eelem al-a\u00e2yen bi takhfif\u00e8t a-chara\u00e2 a\u00e2n al-a\u00e2bid w as-sibyen"}]},{"@type":"WebSite","@id":"https:\/\/www.beitalhikma.tn\/#website","url":"https:\/\/www.beitalhikma.tn\/","name":"Beit al-Hikma","description":"L&#039;Acad\u00e9mie Tunisienne des Sciences, des Lettres  et des Arts","publisher":{"@id":"https:\/\/www.beitalhikma.tn\/#organization"},"potentialAction":[{"@type":"SearchAction","target":{"@type":"EntryPoint","urlTemplate":"https:\/\/www.beitalhikma.tn\/?s={search_term_string}"},"query-input":{"@type":"PropertyValueSpecification","valueRequired":true,"valueName":"search_term_string"}}],"inLanguage":"fr-FR"},{"@type":"Organization","@id":"https:\/\/www.beitalhikma.tn\/#organization","name":"Beit Al Hikma","url":"https:\/\/www.beitalhikma.tn\/","logo":{"@type":"ImageObject","inLanguage":"fr-FR","@id":"https:\/\/www.beitalhikma.tn\/#\/schema\/logo\/image\/","url":"https:\/\/www.beitalhikma.tn\/wp-content\/uploads\/2014\/11\/logo.png","contentUrl":"https:\/\/www.beitalhikma.tn\/wp-content\/uploads\/2014\/11\/logo.png","width":288,"height":109,"caption":"Beit Al Hikma"},"image":{"@id":"https:\/\/www.beitalhikma.tn\/#\/schema\/logo\/image\/"},"sameAs":["https:\/\/www.facebook.com\/BeitalhikmaTunisie\/","https:\/\/x.com\/Beit_alhikma_TN","https:\/\/www.youtube.com\/channel\/UCl8EfDXqt5MFfcEY0UYhevg"]}]}},"uagb_featured_image_src":{"full":["https:\/\/www.beitalhikma.tn\/wp-content\/uploads\/2023\/03\/Couv-livre-\u0625\u0639\u0644\u0627\u0645-\u0627\u0644\u0623\u0639\u064a\u0627\u0646.jpg",944,1388,false],"thumbnail":["https:\/\/www.beitalhikma.tn\/wp-content\/uploads\/2023\/03\/Couv-livre-\u0625\u0639\u0644\u0627\u0645-\u0627\u0644\u0623\u0639\u064a\u0627\u0646-250x300.jpg",250,300,true],"medium":["https:\/\/www.beitalhikma.tn\/wp-content\/uploads\/2023\/03\/Couv-livre-\u0625\u0639\u0644\u0627\u0645-\u0627\u0644\u0623\u0639\u064a\u0627\u0646-204x300.jpg",204,300,true],"medium_large":["https:\/\/www.beitalhikma.tn\/wp-content\/uploads\/2023\/03\/Couv-livre-\u0625\u0639\u0644\u0627\u0645-\u0627\u0644\u0623\u0639\u064a\u0627\u0646-768x1129.jpg",768,1129,true],"large":["https:\/\/www.beitalhikma.tn\/wp-content\/uploads\/2023\/03\/Couv-livre-\u0625\u0639\u0644\u0627\u0645-\u0627\u0644\u0623\u0639\u064a\u0627\u0646-696x1024.jpg",696,1024,true],"thumblist":["https:\/\/www.beitalhikma.tn\/wp-content\/uploads\/2023\/03\/Couv-livre-\u0625\u0639\u0644\u0627\u0645-\u0627\u0644\u0623\u0639\u064a\u0627\u0646-300x300.jpg",300,300,true],"meccarouselthumb":["https:\/\/www.beitalhikma.tn\/wp-content\/uploads\/2023\/03\/Couv-livre-\u0625\u0639\u0644\u0627\u0645-\u0627\u0644\u0623\u0639\u064a\u0627\u0646-474x324.jpg",474,324,true],"gridsquare":["https:\/\/www.beitalhikma.tn\/wp-content\/uploads\/2023\/03\/Couv-livre-\u0625\u0639\u0644\u0627\u0645-\u0627\u0644\u0623\u0639\u064a\u0627\u0646-391x260.jpg",391,260,true],"tileview":["https:\/\/www.beitalhikma.tn\/wp-content\/uploads\/2023\/03\/Couv-livre-\u0625\u0639\u0644\u0627\u0645-\u0627\u0644\u0623\u0639\u064a\u0627\u0646-300x400.jpg",300,400,true],"1536x1536":["https:\/\/www.beitalhikma.tn\/wp-content\/uploads\/2023\/03\/Couv-livre-\u0625\u0639\u0644\u0627\u0645-\u0627\u0644\u0623\u0639\u064a\u0627\u0646.jpg",944,1388,false],"2048x2048":["https:\/\/www.beitalhikma.tn\/wp-content\/uploads\/2023\/03\/Couv-livre-\u0625\u0639\u0644\u0627\u0645-\u0627\u0644\u0623\u0639\u064a\u0627\u0646.jpg",944,1388,false],"post-thumbnail":["https:\/\/www.beitalhikma.tn\/wp-content\/uploads\/2023\/03\/Couv-livre-\u0625\u0639\u0644\u0627\u0645-\u0627\u0644\u0623\u0639\u064a\u0627\u0646-99x146.jpg",99,146,true],"50x50":["https:\/\/www.beitalhikma.tn\/wp-content\/uploads\/2023\/03\/Couv-livre-\u0625\u0639\u0644\u0627\u0645-\u0627\u0644\u0623\u0639\u064a\u0627\u0646-34x50.jpg",34,50,true],"portfolio-list":["https:\/\/www.beitalhikma.tn\/wp-content\/uploads\/2023\/03\/Couv-livre-\u0625\u0639\u0644\u0627\u0645-\u0627\u0644\u0623\u0639\u064a\u0627\u0646-600x400.jpg",600,400,true],"portfolio-fs":["https:\/\/www.beitalhikma.tn\/wp-content\/uploads\/2023\/03\/Couv-livre-\u0625\u0639\u0644\u0627\u0645-\u0627\u0644\u0623\u0639\u064a\u0627\u0646-815x543.jpg",815,543,true],"portfolio-slider":["https:\/\/www.beitalhikma.tn\/wp-content\/uploads\/2023\/03\/Couv-livre-\u0625\u0639\u0644\u0627\u0645-\u0627\u0644\u0623\u0639\u064a\u0627\u0646-380x380.jpg",380,380,true],"blog":["https:\/\/www.beitalhikma.tn\/wp-content\/uploads\/2023\/03\/Couv-livre-\u0625\u0639\u0644\u0627\u0645-\u0627\u0644\u0623\u0639\u064a\u0627\u0646-564x341.jpg",564,341,true],"blog-single":["https:\/\/www.beitalhikma.tn\/wp-content\/uploads\/2023\/03\/Couv-livre-\u0625\u0639\u0644\u0627\u0645-\u0627\u0644\u0623\u0639\u064a\u0627\u0646-944x445.jpg",944,445,true],"blog-item":["https:\/\/www.beitalhikma.tn\/wp-content\/uploads\/2023\/03\/Couv-livre-\u0625\u0639\u0644\u0627\u0645-\u0627\u0644\u0623\u0639\u064a\u0627\u0646-504x224.jpg",504,224,true],"blog-widget":["https:\/\/www.beitalhikma.tn\/wp-content\/uploads\/2023\/03\/Couv-livre-\u0625\u0639\u0644\u0627\u0645-\u0627\u0644\u0623\u0639\u064a\u0627\u0646-80x60.jpg",80,60,true],"features":["https:\/\/www.beitalhikma.tn\/wp-content\/uploads\/2023\/03\/Couv-livre-\u0625\u0639\u0644\u0627\u0645-\u0627\u0644\u0623\u0639\u064a\u0627\u0646-90x90.jpg",90,90,true],"clients-slider":["https:\/\/www.beitalhikma.tn\/wp-content\/uploads\/2023\/03\/Couv-livre-\u0625\u0639\u0644\u0627\u0645-\u0627\u0644\u0623\u0639\u064a\u0627\u0646-54x80.jpg",54,80,true],"offer-slider":["https:\/\/www.beitalhikma.tn\/wp-content\/uploads\/2023\/03\/Couv-livre-\u0625\u0639\u0644\u0627\u0645-\u0627\u0644\u0623\u0639\u064a\u0627\u0646-776x438.jpg",776,438,true],"offer-slider-pg":["https:\/\/www.beitalhikma.tn\/wp-content\/uploads\/2023\/03\/Couv-livre-\u0625\u0639\u0644\u0627\u0645-\u0627\u0644\u0623\u0639\u064a\u0627\u0646-42x42.jpg",42,42,true],"woocommerce_thumbnail":["https:\/\/www.beitalhikma.tn\/wp-content\/uploads\/2023\/03\/Couv-livre-\u0625\u0639\u0644\u0627\u0645-\u0627\u0644\u0623\u0639\u064a\u0627\u0646-250x300.jpg",250,300,true],"woocommerce_single":["https:\/\/www.beitalhikma.tn\/wp-content\/uploads\/2023\/03\/Couv-livre-\u0625\u0639\u0644\u0627\u0645-\u0627\u0644\u0623\u0639\u064a\u0627\u0646-250x368.jpg",250,368,true],"woocommerce_gallery_thumbnail":["https:\/\/www.beitalhikma.tn\/wp-content\/uploads\/2023\/03\/Couv-livre-\u0625\u0639\u0644\u0627\u0645-\u0627\u0644\u0623\u0639\u064a\u0627\u0646-100x100.jpg",100,100,true]},"uagb_author_info":{"display_name":"admin","author_link":"https:\/\/www.beitalhikma.tn\/fr\/author\/"},"uagb_comment_info":0,"uagb_excerpt":"&nbsp; Titre : I-\u00eelem al-a\u00e2yen bi takhfif\u00e8t a-chara\u00e2 a\u00e2n al-a\u00e2bid w as-sibyen Auteur\u00a0 : : Ahmed Bornaz Langue :Arabe Date de publication : 2022 Format\u00a0: 24 x 16 Nombre de pages :638 Th\u00e8me:Intellectuel Poids :1050 gr Situation:disponible","_links":{"self":[{"href":"https:\/\/www.beitalhikma.tn\/fr\/wp-json\/wp\/v2\/product\/102466","targetHints":{"allow":["GET"]}}],"collection":[{"href":"https:\/\/www.beitalhikma.tn\/fr\/wp-json\/wp\/v2\/product"}],"about":[{"href":"https:\/\/www.beitalhikma.tn\/fr\/wp-json\/wp\/v2\/types\/product"}],"wp:featuredmedia":[{"embeddable":true,"href":"https:\/\/www.beitalhikma.tn\/fr\/wp-json\/wp\/v2\/media\/102388"}],"wp:attachment":[{"href":"https:\/\/www.beitalhikma.tn\/fr\/wp-json\/wp\/v2\/media?parent=102466"}],"wp:term":[{"taxonomy":"product_brand","embeddable":true,"href":"https:\/\/www.beitalhikma.tn\/fr\/wp-json\/wp\/v2\/product_brand?post=102466"},{"taxonomy":"product_cat","embeddable":true,"href":"https:\/\/www.beitalhikma.tn\/fr\/wp-json\/wp\/v2\/product_cat?post=102466"},{"taxonomy":"product_tag","embeddable":true,"href":"https:\/\/www.beitalhikma.tn\/fr\/wp-json\/wp\/v2\/product_tag?post=102466"}],"curies":[{"name":"wp","href":"https:\/\/api.w.org\/{rel}","templated":true}]}}