{"id":103570,"date":"2023-05-04T11:52:48","date_gmt":"2023-05-04T10:52:48","guid":{"rendered":"https:\/\/www.beitalhikma.tn\/?post_type=product&#038;p=103570"},"modified":"2023-07-17T11:04:26","modified_gmt":"2023-07-17T10:04:26","slug":"societe-civile-et-democratie-dans-les-pays-du-sud-de-la-mediterranee-quelle-solidarite-en-temps-de-crise","status":"publish","type":"product","link":"https:\/\/www.beitalhikma.tn\/fr\/publication\/acces-boutique\/livres-en-vente\/societe-civile-et-democratie-dans-les-pays-du-sud-de-la-mediterranee-quelle-solidarite-en-temps-de-crise\/","title":{"rendered":"Soci\u00e9t\u00e9 civile et d\u00e9mocratie dans les pays du sud de la m\u00e9diterran\u00e9e: Quelle solidarit\u00e9 en temps de crise?"},"content":{"rendered":"<p>La d\u00e9mocratie peut-elle se limiter \u00e0 une d\u00e9finition unique ? Ou bien y a-t-il des d\u00e9mocraties ? Quel impact de l\u2019h\u00e9g\u00e9monie des lobbies sur les processus d\u00e9mocratiques ? Quels r\u00f4les des forces de la soci\u00e9t\u00e9 civile peuvent-ils jouer pour consolider la d\u00e9mocratie ? Qu&#8217;entend-on par d\u00e9mocratie participative ? Qu&#8217;est-ce qu&#8217;une d\u00e9mocratie non lib\u00e9rale ?<\/p>\n<p>Telles sont les probl\u00e9matiques abord\u00e9es par cet ouvrage collectif, qui comprend les travaux d&#8217;une table ronde, organis\u00e9e par le D\u00e9partement des Lettres de l&#8217;Acad\u00e9mie tunisienne des sciences, des lettres et des arts \u00ab\u00a0Beit al-Hikma\u00a0\u00bb, le 30 mars 2021, en coop\u00e9ration avec la \u00ab Chaire Sicile pour le dialogue de Cultures et de Civilisations \u00bb, autour du th\u00e8me \u00ab\u00a0Soci\u00e9t\u00e9 civile et d\u00e9mocratie dans les pays du sud de la M\u00e9diterran\u00e9e : quelle solidarit\u00e9 en temps de crise ?\u00a0\u00bb.<\/p>\n<p>&nbsp;<\/p>\n","protected":false},"excerpt":{"rendered":"<ul>\n<li><strong>Titre : Soci\u00e9t\u00e9 civile et d\u00e9mocratie dans les pays du sud de la m\u00e9diterran\u00e9e:<\/strong><\/li>\n<li><strong>Quelle solidarit\u00e9 en temps de crise?<\/strong><\/li>\n<li><strong>Ouvrage collectif sous la direction de Raja Yassine Bahri<\/strong><\/li>\n<li><strong>Langue : <\/strong>Fran\u00e7aise<\/li>\n<li><strong>Date de publication<\/strong> : 2023<\/li>\n<li><strong>Format\u00a0:<\/strong> 24 x 16<\/li>\n<li><strong>Nombre de pages :<\/strong>81<\/li>\n<li><strong>Th\u00e8me:<\/strong>ouvrage intellectuel<\/li>\n<li><strong>ISBN :<\/strong> 978-9973-49-244-9<\/li>\n<li><strong>Poids :<\/strong>100 gr<\/li>\n<li><strong>Situation:<\/strong>disponible<\/li>\n<\/ul>\n","protected":false},"featured_media":103573,"template":"","meta":{"_uag_custom_page_level_css":""},"product_brand":[],"product_cat":[11],"product_tag":[],"class_list":{"0":"post-103570","1":"product","2":"type-product","3":"status-publish","4":"has-post-thumbnail","6":"product_cat-livres-en-vente","8":"first","9":"instock","10":"sale","11":"shipping-taxable","12":"purchasable","13":"product-type-simple"},"yoast_head":"<!-- This site is optimized with the Yoast SEO plugin v27.3 - https:\/\/yoast.com\/product\/yoast-seo-wordpress\/ -->\n<title>Soci\u00e9t\u00e9 civile et d\u00e9mocratie dans les pays du sud de la m\u00e9diterran\u00e9e: Quelle solidarit\u00e9 en temps de crise? - Beit al-Hikma<\/title>\n<meta name=\"robots\" content=\"index, follow, max-snippet:-1, max-image-preview:large, max-video-preview:-1\" \/>\n<link rel=\"canonical\" href=\"https:\/\/www.beitalhikma.tn\/fr\/publication\/acces-boutique\/livres-en-vente\/societe-civile-et-democratie-dans-les-pays-du-sud-de-la-mediterranee-quelle-solidarite-en-temps-de-crise\/\" \/>\n<meta property=\"og:locale\" content=\"fr_FR\" \/>\n<meta property=\"og:type\" content=\"article\" \/>\n<meta property=\"og:title\" content=\"Soci\u00e9t\u00e9 civile et d\u00e9mocratie dans les pays du sud de la m\u00e9diterran\u00e9e: Quelle solidarit\u00e9 en temps de crise? - Beit al-Hikma\" \/>\n<meta property=\"og:description\" content=\"Titre : Soci\u00e9t\u00e9 civile et d\u00e9mocratie dans les pays du sud de la m\u00e9diterran\u00e9e:  Quelle solidarit\u00e9 en temps de crise?  Ouvrage collectif sous la direction de Raja Yassine Bahri  Langue : Fran\u00e7aise  Date de publication : 2023  Format\u00a0: 24 x 16  Nombre de pages :81  Th\u00e8me:ouvrage intellectuel  ISBN : 978-9973-49-244-9  Poids :100 gr  Situation:disponible\" \/>\n<meta property=\"og:url\" content=\"https:\/\/www.beitalhikma.tn\/fr\/publication\/acces-boutique\/livres-en-vente\/societe-civile-et-democratie-dans-les-pays-du-sud-de-la-mediterranee-quelle-solidarite-en-temps-de-crise\/\" \/>\n<meta property=\"og:site_name\" content=\"Beit al-Hikma\" \/>\n<meta property=\"article:publisher\" content=\"https:\/\/www.facebook.com\/BeitalhikmaTunisie\/\" \/>\n<meta property=\"article:modified_time\" content=\"2023-07-17T10:04:26+00:00\" \/>\n<meta property=\"og:image\" content=\"https:\/\/www.beitalhikma.tn\/wp-content\/uploads\/2023\/05\/Retenue1eredecouv-Societe-civile-et-democrtaie-scaled.jpg\" \/>\n\t<meta property=\"og:image:width\" content=\"1706\" \/>\n\t<meta property=\"og:image:height\" content=\"2560\" \/>\n\t<meta property=\"og:image:type\" content=\"image\/jpeg\" \/>\n<meta name=\"twitter:card\" content=\"summary_large_image\" \/>\n<meta name=\"twitter:site\" content=\"@Beit_alhikma_TN\" \/>\n<meta name=\"twitter:label1\" content=\"Dur\u00e9e de lecture estim\u00e9e\" \/>\n\t<meta name=\"twitter:data1\" content=\"1 minute\" \/>\n<script type=\"application\/ld+json\" class=\"yoast-schema-graph\">{\"@context\":\"https:\\\/\\\/schema.org\",\"@graph\":[{\"@type\":\"WebPage\",\"@id\":\"https:\\\/\\\/www.beitalhikma.tn\\\/fr\\\/publication\\\/acces-boutique\\\/livres-en-vente\\\/societe-civile-et-democratie-dans-les-pays-du-sud-de-la-mediterranee-quelle-solidarite-en-temps-de-crise\\\/\",\"url\":\"https:\\\/\\\/www.beitalhikma.tn\\\/fr\\\/publication\\\/acces-boutique\\\/livres-en-vente\\\/societe-civile-et-democratie-dans-les-pays-du-sud-de-la-mediterranee-quelle-solidarite-en-temps-de-crise\\\/\",\"name\":\"Soci\u00e9t\u00e9 civile et d\u00e9mocratie dans les pays du sud de la m\u00e9diterran\u00e9e: Quelle solidarit\u00e9 en temps de crise? - Beit al-Hikma\",\"isPartOf\":{\"@id\":\"https:\\\/\\\/www.beitalhikma.tn\\\/#website\"},\"primaryImageOfPage\":{\"@id\":\"https:\\\/\\\/www.beitalhikma.tn\\\/fr\\\/publication\\\/acces-boutique\\\/livres-en-vente\\\/societe-civile-et-democratie-dans-les-pays-du-sud-de-la-mediterranee-quelle-solidarite-en-temps-de-crise\\\/#primaryimage\"},\"image\":{\"@id\":\"https:\\\/\\\/www.beitalhikma.tn\\\/fr\\\/publication\\\/acces-boutique\\\/livres-en-vente\\\/societe-civile-et-democratie-dans-les-pays-du-sud-de-la-mediterranee-quelle-solidarite-en-temps-de-crise\\\/#primaryimage\"},\"thumbnailUrl\":\"https:\\\/\\\/www.beitalhikma.tn\\\/wp-content\\\/uploads\\\/2023\\\/05\\\/Retenue1eredecouv-Societe-civile-et-democrtaie-scaled.jpg\",\"datePublished\":\"2023-05-04T10:52:48+00:00\",\"dateModified\":\"2023-07-17T10:04:26+00:00\",\"breadcrumb\":{\"@id\":\"https:\\\/\\\/www.beitalhikma.tn\\\/fr\\\/publication\\\/acces-boutique\\\/livres-en-vente\\\/societe-civile-et-democratie-dans-les-pays-du-sud-de-la-mediterranee-quelle-solidarite-en-temps-de-crise\\\/#breadcrumb\"},\"inLanguage\":\"fr-FR\",\"potentialAction\":[{\"@type\":\"ReadAction\",\"target\":[\"https:\\\/\\\/www.beitalhikma.tn\\\/fr\\\/publication\\\/acces-boutique\\\/livres-en-vente\\\/societe-civile-et-democratie-dans-les-pays-du-sud-de-la-mediterranee-quelle-solidarite-en-temps-de-crise\\\/\"]}]},{\"@type\":\"ImageObject\",\"inLanguage\":\"fr-FR\",\"@id\":\"https:\\\/\\\/www.beitalhikma.tn\\\/fr\\\/publication\\\/acces-boutique\\\/livres-en-vente\\\/societe-civile-et-democratie-dans-les-pays-du-sud-de-la-mediterranee-quelle-solidarite-en-temps-de-crise\\\/#primaryimage\",\"url\":\"https:\\\/\\\/www.beitalhikma.tn\\\/wp-content\\\/uploads\\\/2023\\\/05\\\/Retenue1eredecouv-Societe-civile-et-democrtaie-scaled.jpg\",\"contentUrl\":\"https:\\\/\\\/www.beitalhikma.tn\\\/wp-content\\\/uploads\\\/2023\\\/05\\\/Retenue1eredecouv-Societe-civile-et-democrtaie-scaled.jpg\",\"width\":1706,\"height\":2560},{\"@type\":\"BreadcrumbList\",\"@id\":\"https:\\\/\\\/www.beitalhikma.tn\\\/fr\\\/publication\\\/acces-boutique\\\/livres-en-vente\\\/societe-civile-et-democratie-dans-les-pays-du-sud-de-la-mediterranee-quelle-solidarite-en-temps-de-crise\\\/#breadcrumb\",\"itemListElement\":[{\"@type\":\"ListItem\",\"position\":1,\"name\":\"Accueil\",\"item\":\"https:\\\/\\\/www.beitalhikma.tn\\\/fr\\\/\"},{\"@type\":\"ListItem\",\"position\":2,\"name\":\"Boutique\",\"item\":\"https:\\\/\\\/www.beitalhikma.tn\\\/fr\\\/boutique\\\/\"},{\"@type\":\"ListItem\",\"position\":3,\"name\":\"Soci\u00e9t\u00e9 civile et d\u00e9mocratie dans les pays du sud de la m\u00e9diterran\u00e9e: Quelle solidarit\u00e9 en temps de crise?\"}]},{\"@type\":\"WebSite\",\"@id\":\"https:\\\/\\\/www.beitalhikma.tn\\\/#website\",\"url\":\"https:\\\/\\\/www.beitalhikma.tn\\\/\",\"name\":\"Beit al-Hikma\",\"description\":\"L&#039;Acad\u00e9mie Tunisienne des Sciences, des Lettres  et des Arts\",\"publisher\":{\"@id\":\"https:\\\/\\\/www.beitalhikma.tn\\\/#organization\"},\"potentialAction\":[{\"@type\":\"SearchAction\",\"target\":{\"@type\":\"EntryPoint\",\"urlTemplate\":\"https:\\\/\\\/www.beitalhikma.tn\\\/?s={search_term_string}\"},\"query-input\":{\"@type\":\"PropertyValueSpecification\",\"valueRequired\":true,\"valueName\":\"search_term_string\"}}],\"inLanguage\":\"fr-FR\"},{\"@type\":\"Organization\",\"@id\":\"https:\\\/\\\/www.beitalhikma.tn\\\/#organization\",\"name\":\"Beit Al Hikma\",\"url\":\"https:\\\/\\\/www.beitalhikma.tn\\\/\",\"logo\":{\"@type\":\"ImageObject\",\"inLanguage\":\"fr-FR\",\"@id\":\"https:\\\/\\\/www.beitalhikma.tn\\\/#\\\/schema\\\/logo\\\/image\\\/\",\"url\":\"https:\\\/\\\/www.beitalhikma.tn\\\/wp-content\\\/uploads\\\/2014\\\/11\\\/logo.png\",\"contentUrl\":\"https:\\\/\\\/www.beitalhikma.tn\\\/wp-content\\\/uploads\\\/2014\\\/11\\\/logo.png\",\"width\":288,\"height\":109,\"caption\":\"Beit Al Hikma\"},\"image\":{\"@id\":\"https:\\\/\\\/www.beitalhikma.tn\\\/#\\\/schema\\\/logo\\\/image\\\/\"},\"sameAs\":[\"https:\\\/\\\/www.facebook.com\\\/BeitalhikmaTunisie\\\/\",\"https:\\\/\\\/x.com\\\/Beit_alhikma_TN\",\"https:\\\/\\\/www.youtube.com\\\/channel\\\/UCl8EfDXqt5MFfcEY0UYhevg\"]}]}<\/script>\n<!-- \/ Yoast SEO plugin. -->","yoast_head_json":{"title":"Soci\u00e9t\u00e9 civile et d\u00e9mocratie dans les pays du sud de la m\u00e9diterran\u00e9e: Quelle solidarit\u00e9 en temps de crise? - Beit al-Hikma","robots":{"index":"index","follow":"follow","max-snippet":"max-snippet:-1","max-image-preview":"max-image-preview:large","max-video-preview":"max-video-preview:-1"},"canonical":"https:\/\/www.beitalhikma.tn\/fr\/publication\/acces-boutique\/livres-en-vente\/societe-civile-et-democratie-dans-les-pays-du-sud-de-la-mediterranee-quelle-solidarite-en-temps-de-crise\/","og_locale":"fr_FR","og_type":"article","og_title":"Soci\u00e9t\u00e9 civile et d\u00e9mocratie dans les pays du sud de la m\u00e9diterran\u00e9e: Quelle solidarit\u00e9 en temps de crise? - Beit al-Hikma","og_description":"Titre : Soci\u00e9t\u00e9 civile et d\u00e9mocratie dans les pays du sud de la m\u00e9diterran\u00e9e:  Quelle solidarit\u00e9 en temps de crise?  Ouvrage collectif sous la direction de Raja Yassine Bahri  Langue : Fran\u00e7aise  Date de publication : 2023  Format\u00a0: 24 x 16  Nombre de pages :81  Th\u00e8me:ouvrage intellectuel  ISBN : 978-9973-49-244-9  Poids :100 gr  Situation:disponible","og_url":"https:\/\/www.beitalhikma.tn\/fr\/publication\/acces-boutique\/livres-en-vente\/societe-civile-et-democratie-dans-les-pays-du-sud-de-la-mediterranee-quelle-solidarite-en-temps-de-crise\/","og_site_name":"Beit al-Hikma","article_publisher":"https:\/\/www.facebook.com\/BeitalhikmaTunisie\/","article_modified_time":"2023-07-17T10:04:26+00:00","og_image":[{"width":1706,"height":2560,"url":"https:\/\/www.beitalhikma.tn\/wp-content\/uploads\/2023\/05\/Retenue1eredecouv-Societe-civile-et-democrtaie-scaled.jpg","type":"image\/jpeg"}],"twitter_card":"summary_large_image","twitter_site":"@Beit_alhikma_TN","twitter_misc":{"Dur\u00e9e de lecture estim\u00e9e":"1 minute"},"schema":{"@context":"https:\/\/schema.org","@graph":[{"@type":"WebPage","@id":"https:\/\/www.beitalhikma.tn\/fr\/publication\/acces-boutique\/livres-en-vente\/societe-civile-et-democratie-dans-les-pays-du-sud-de-la-mediterranee-quelle-solidarite-en-temps-de-crise\/","url":"https:\/\/www.beitalhikma.tn\/fr\/publication\/acces-boutique\/livres-en-vente\/societe-civile-et-democratie-dans-les-pays-du-sud-de-la-mediterranee-quelle-solidarite-en-temps-de-crise\/","name":"Soci\u00e9t\u00e9 civile et d\u00e9mocratie dans les pays du sud de la m\u00e9diterran\u00e9e: Quelle solidarit\u00e9 en temps de crise? - Beit al-Hikma","isPartOf":{"@id":"https:\/\/www.beitalhikma.tn\/#website"},"primaryImageOfPage":{"@id":"https:\/\/www.beitalhikma.tn\/fr\/publication\/acces-boutique\/livres-en-vente\/societe-civile-et-democratie-dans-les-pays-du-sud-de-la-mediterranee-quelle-solidarite-en-temps-de-crise\/#primaryimage"},"image":{"@id":"https:\/\/www.beitalhikma.tn\/fr\/publication\/acces-boutique\/livres-en-vente\/societe-civile-et-democratie-dans-les-pays-du-sud-de-la-mediterranee-quelle-solidarite-en-temps-de-crise\/#primaryimage"},"thumbnailUrl":"https:\/\/www.beitalhikma.tn\/wp-content\/uploads\/2023\/05\/Retenue1eredecouv-Societe-civile-et-democrtaie-scaled.jpg","datePublished":"2023-05-04T10:52:48+00:00","dateModified":"2023-07-17T10:04:26+00:00","breadcrumb":{"@id":"https:\/\/www.beitalhikma.tn\/fr\/publication\/acces-boutique\/livres-en-vente\/societe-civile-et-democratie-dans-les-pays-du-sud-de-la-mediterranee-quelle-solidarite-en-temps-de-crise\/#breadcrumb"},"inLanguage":"fr-FR","potentialAction":[{"@type":"ReadAction","target":["https:\/\/www.beitalhikma.tn\/fr\/publication\/acces-boutique\/livres-en-vente\/societe-civile-et-democratie-dans-les-pays-du-sud-de-la-mediterranee-quelle-solidarite-en-temps-de-crise\/"]}]},{"@type":"ImageObject","inLanguage":"fr-FR","@id":"https:\/\/www.beitalhikma.tn\/fr\/publication\/acces-boutique\/livres-en-vente\/societe-civile-et-democratie-dans-les-pays-du-sud-de-la-mediterranee-quelle-solidarite-en-temps-de-crise\/#primaryimage","url":"https:\/\/www.beitalhikma.tn\/wp-content\/uploads\/2023\/05\/Retenue1eredecouv-Societe-civile-et-democrtaie-scaled.jpg","contentUrl":"https:\/\/www.beitalhikma.tn\/wp-content\/uploads\/2023\/05\/Retenue1eredecouv-Societe-civile-et-democrtaie-scaled.jpg","width":1706,"height":2560},{"@type":"BreadcrumbList","@id":"https:\/\/www.beitalhikma.tn\/fr\/publication\/acces-boutique\/livres-en-vente\/societe-civile-et-democratie-dans-les-pays-du-sud-de-la-mediterranee-quelle-solidarite-en-temps-de-crise\/#breadcrumb","itemListElement":[{"@type":"ListItem","position":1,"name":"Accueil","item":"https:\/\/www.beitalhikma.tn\/fr\/"},{"@type":"ListItem","position":2,"name":"Boutique","item":"https:\/\/www.beitalhikma.tn\/fr\/boutique\/"},{"@type":"ListItem","position":3,"name":"Soci\u00e9t\u00e9 civile et d\u00e9mocratie dans les pays du sud de la m\u00e9diterran\u00e9e: Quelle solidarit\u00e9 en temps de crise?"}]},{"@type":"WebSite","@id":"https:\/\/www.beitalhikma.tn\/#website","url":"https:\/\/www.beitalhikma.tn\/","name":"Beit al-Hikma","description":"L&#039;Acad\u00e9mie Tunisienne des Sciences, des Lettres  et des Arts","publisher":{"@id":"https:\/\/www.beitalhikma.tn\/#organization"},"potentialAction":[{"@type":"SearchAction","target":{"@type":"EntryPoint","urlTemplate":"https:\/\/www.beitalhikma.tn\/?s={search_term_string}"},"query-input":{"@type":"PropertyValueSpecification","valueRequired":true,"valueName":"search_term_string"}}],"inLanguage":"fr-FR"},{"@type":"Organization","@id":"https:\/\/www.beitalhikma.tn\/#organization","name":"Beit Al Hikma","url":"https:\/\/www.beitalhikma.tn\/","logo":{"@type":"ImageObject","inLanguage":"fr-FR","@id":"https:\/\/www.beitalhikma.tn\/#\/schema\/logo\/image\/","url":"https:\/\/www.beitalhikma.tn\/wp-content\/uploads\/2014\/11\/logo.png","contentUrl":"https:\/\/www.beitalhikma.tn\/wp-content\/uploads\/2014\/11\/logo.png","width":288,"height":109,"caption":"Beit Al Hikma"},"image":{"@id":"https:\/\/www.beitalhikma.tn\/#\/schema\/logo\/image\/"},"sameAs":["https:\/\/www.facebook.com\/BeitalhikmaTunisie\/","https:\/\/x.com\/Beit_alhikma_TN","https:\/\/www.youtube.com\/channel\/UCl8EfDXqt5MFfcEY0UYhevg"]}]}},"uagb_featured_image_src":{"full":["https:\/\/www.beitalhikma.tn\/wp-content\/uploads\/2023\/05\/Retenue1eredecouv-Societe-civile-et-democrtaie-scaled.jpg",1706,2560,false],"thumbnail":["https:\/\/www.beitalhikma.tn\/wp-content\/uploads\/2023\/05\/Retenue1eredecouv-Societe-civile-et-democrtaie-250x300.jpg",250,300,true],"medium":["https:\/\/www.beitalhikma.tn\/wp-content\/uploads\/2023\/05\/Retenue1eredecouv-Societe-civile-et-democrtaie-200x300.jpg",200,300,true],"medium_large":["https:\/\/www.beitalhikma.tn\/wp-content\/uploads\/2023\/05\/Retenue1eredecouv-Societe-civile-et-democrtaie-768x1153.jpg",768,1153,true],"large":["https:\/\/www.beitalhikma.tn\/wp-content\/uploads\/2023\/05\/Retenue1eredecouv-Societe-civile-et-democrtaie-682x1024.jpg",682,1024,true],"thumblist":["https:\/\/www.beitalhikma.tn\/wp-content\/uploads\/2023\/05\/Retenue1eredecouv-Societe-civile-et-democrtaie-300x300.jpg",300,300,true],"meccarouselthumb":["https:\/\/www.beitalhikma.tn\/wp-content\/uploads\/2023\/05\/Retenue1eredecouv-Societe-civile-et-democrtaie-474x324.jpg",474,324,true],"gridsquare":["https:\/\/www.beitalhikma.tn\/wp-content\/uploads\/2023\/05\/Retenue1eredecouv-Societe-civile-et-democrtaie-391x260.jpg",391,260,true],"tileview":["https:\/\/www.beitalhikma.tn\/wp-content\/uploads\/2023\/05\/Retenue1eredecouv-Societe-civile-et-democrtaie-300x400.jpg",300,400,true],"1536x1536":["https:\/\/www.beitalhikma.tn\/wp-content\/uploads\/2023\/05\/Retenue1eredecouv-Societe-civile-et-democrtaie-1023x1536.jpg",1023,1536,true],"2048x2048":["https:\/\/www.beitalhikma.tn\/wp-content\/uploads\/2023\/05\/Retenue1eredecouv-Societe-civile-et-democrtaie-1365x2048.jpg",1365,2048,true],"post-thumbnail":["https:\/\/www.beitalhikma.tn\/wp-content\/uploads\/2023\/05\/Retenue1eredecouv-Societe-civile-et-democrtaie-97x146.jpg",97,146,true],"50x50":["https:\/\/www.beitalhikma.tn\/wp-content\/uploads\/2023\/05\/Retenue1eredecouv-Societe-civile-et-democrtaie-33x50.jpg",33,50,true],"portfolio-list":["https:\/\/www.beitalhikma.tn\/wp-content\/uploads\/2023\/05\/Retenue1eredecouv-Societe-civile-et-democrtaie-600x400.jpg",600,400,true],"portfolio-fs":["https:\/\/www.beitalhikma.tn\/wp-content\/uploads\/2023\/05\/Retenue1eredecouv-Societe-civile-et-democrtaie-815x543.jpg",815,543,true],"portfolio-slider":["https:\/\/www.beitalhikma.tn\/wp-content\/uploads\/2023\/05\/Retenue1eredecouv-Societe-civile-et-democrtaie-380x380.jpg",380,380,true],"blog":["https:\/\/www.beitalhikma.tn\/wp-content\/uploads\/2023\/05\/Retenue1eredecouv-Societe-civile-et-democrtaie-564x341.jpg",564,341,true],"blog-single":["https:\/\/www.beitalhikma.tn\/wp-content\/uploads\/2023\/05\/Retenue1eredecouv-Societe-civile-et-democrtaie-1176x445.jpg",1176,445,true],"blog-item":["https:\/\/www.beitalhikma.tn\/wp-content\/uploads\/2023\/05\/Retenue1eredecouv-Societe-civile-et-democrtaie-504x224.jpg",504,224,true],"blog-widget":["https:\/\/www.beitalhikma.tn\/wp-content\/uploads\/2023\/05\/Retenue1eredecouv-Societe-civile-et-democrtaie-80x60.jpg",80,60,true],"features":["https:\/\/www.beitalhikma.tn\/wp-content\/uploads\/2023\/05\/Retenue1eredecouv-Societe-civile-et-democrtaie-90x90.jpg",90,90,true],"clients-slider":["https:\/\/www.beitalhikma.tn\/wp-content\/uploads\/2023\/05\/Retenue1eredecouv-Societe-civile-et-democrtaie-53x80.jpg",53,80,true],"offer-slider":["https:\/\/www.beitalhikma.tn\/wp-content\/uploads\/2023\/05\/Retenue1eredecouv-Societe-civile-et-democrtaie-776x438.jpg",776,438,true],"offer-slider-pg":["https:\/\/www.beitalhikma.tn\/wp-content\/uploads\/2023\/05\/Retenue1eredecouv-Societe-civile-et-democrtaie-42x42.jpg",42,42,true],"woocommerce_thumbnail":["https:\/\/www.beitalhikma.tn\/wp-content\/uploads\/2023\/05\/Retenue1eredecouv-Societe-civile-et-democrtaie-250x300.jpg",250,300,true],"woocommerce_single":["https:\/\/www.beitalhikma.tn\/wp-content\/uploads\/2023\/05\/Retenue1eredecouv-Societe-civile-et-democrtaie-250x375.jpg",250,375,true],"woocommerce_gallery_thumbnail":["https:\/\/www.beitalhikma.tn\/wp-content\/uploads\/2023\/05\/Retenue1eredecouv-Societe-civile-et-democrtaie-100x100.jpg",100,100,true]},"uagb_author_info":{"display_name":"admin","author_link":"https:\/\/www.beitalhikma.tn\/fr\/author\/"},"uagb_comment_info":0,"uagb_excerpt":"Titre : Soci\u00e9t\u00e9 civile et d\u00e9mocratie dans les pays du sud de la m\u00e9diterran\u00e9e: Quelle solidarit\u00e9 en temps de crise? Ouvrage collectif sous la direction de Raja Yassine Bahri Langue : Fran\u00e7aise Date de publication : 2023 Format\u00a0: 24 x 16 Nombre de pages :81 Th\u00e8me:ouvrage intellectuel ISBN : 978-9973-49-244-9 Poids :100 gr Situation:disponible","_links":{"self":[{"href":"https:\/\/www.beitalhikma.tn\/fr\/wp-json\/wp\/v2\/product\/103570","targetHints":{"allow":["GET"]}}],"collection":[{"href":"https:\/\/www.beitalhikma.tn\/fr\/wp-json\/wp\/v2\/product"}],"about":[{"href":"https:\/\/www.beitalhikma.tn\/fr\/wp-json\/wp\/v2\/types\/product"}],"wp:featuredmedia":[{"embeddable":true,"href":"https:\/\/www.beitalhikma.tn\/fr\/wp-json\/wp\/v2\/media\/103573"}],"wp:attachment":[{"href":"https:\/\/www.beitalhikma.tn\/fr\/wp-json\/wp\/v2\/media?parent=103570"}],"wp:term":[{"taxonomy":"product_brand","embeddable":true,"href":"https:\/\/www.beitalhikma.tn\/fr\/wp-json\/wp\/v2\/product_brand?post=103570"},{"taxonomy":"product_cat","embeddable":true,"href":"https:\/\/www.beitalhikma.tn\/fr\/wp-json\/wp\/v2\/product_cat?post=103570"},{"taxonomy":"product_tag","embeddable":true,"href":"https:\/\/www.beitalhikma.tn\/fr\/wp-json\/wp\/v2\/product_tag?post=103570"}],"curies":[{"name":"wp","href":"https:\/\/api.w.org\/{rel}","templated":true}]}}