{"id":103576,"date":"2023-05-04T12:14:47","date_gmt":"2023-05-04T11:14:47","guid":{"rendered":"https:\/\/www.beitalhikma.tn\/?post_type=product&#038;p=103576"},"modified":"2024-01-11T12:19:00","modified_gmt":"2024-01-11T11:19:00","slug":"la-pensee-libre-au-present-hommage-a-abdelwaheb-meddeb","status":"publish","type":"product","link":"https:\/\/www.beitalhikma.tn\/fr\/publication\/acces-boutique\/livres-en-vente\/la-pensee-libre-au-present-hommage-a-abdelwaheb-meddeb\/","title":{"rendered":"La pens\u00e9e libre au pr\u00e9sent hommage \u00e0 Abdelwaheb Meddeb"},"content":{"rendered":"<p>L\u2019ouvrage fait partie de la collection \u00ab\u00a0Hommages\u00a0\u00bb qui met \u00e0 l\u2019honneur des penseurs et des cr\u00e9ateurs ayant \u0153uvr\u00e9 dans le domaine du savoir et qui se sont, principalement, int\u00e9ress\u00e9s aux questions relevant des affaires publiques. Le contenu rassemble les actes d&#8217;un colloque international organis\u00e9 \u00e0 l\u2019honneur de l&#8217;\u00e9crivain tunisien Abdelwaheb Meddeb (1946-2014), par le D\u00e9partement des Sciences Humaines et Sociales de l&#8217;Acad\u00e9mie tunisienne des sciences, des lettres et des arts, \u00ab Beit al-Hikma \u00bb, les 21-22 novembre 2019.<\/p>\n<p>Les interventions du colloque portent sur la probl\u00e9matique de la libre pens\u00e9e \u00e0 la lumi\u00e8re des nouveaux contextes, ainsi que sur les principaux \u00e9crits de feu Abdelwaheb Meddeb autour des raisons de la &#8220;maladie de l&#8217;Islam&#8221; et les travaux que l\u2019\u00e9crivain a men\u00e9s sur la litt\u00e9rature compar\u00e9e et sur la double g\u00e9n\u00e9alogie de l&#8217;\u00e9criture. L\u2019ouvrage revient, \u00e9galement, sur les apports de Abdelwaheb Meddeb dans le domaine de la traduction, qu&#8217;il consid\u00e9rait comme un m\u00e9canisme n\u00e9cessaire pour r\u00e9sister au choc des civilisations et au choc des cultures.<\/p>\n<p>De mani\u00e8re g\u00e9n\u00e9rale, l&#8217;accent est mis sur la tendance modernisatrice de l\u2019\u00e9crivain, qui rejette les formes d&#8217;intol\u00e9rance intellectuelle et qu\u2019il n\u2019a cess\u00e9 de v\u00e9hiculer, \u00e0 travers ses interventions vigoureuses dans les m\u00e9dias fran\u00e7ais, pour d\u00e9fendre le courant progressiste qui r\u00e9siste \u00e0 la stagnation intellectuelle et au (faux) conflit entre les cultures.<\/p>\n","protected":false},"excerpt":{"rendered":"<ul>\n<li><strong>Titre : La pens\u00e9e libre au pr\u00e9sent hommage \u00e0 Abdelwaheb Meddeb<\/strong><\/li>\n<li><strong>Ouvrage collectif sous la direction de B\u00e9chir Ben AISSA<\/strong><\/li>\n<li><strong>Langue : <\/strong>Fran\u00e7aise<\/li>\n<li><strong>Date de publication<\/strong> : 2023<\/li>\n<li><strong>Format\u00a0:<\/strong> 24 x 16<\/li>\n<li><strong>Nombre de pages :<\/strong>266<\/li>\n<li><strong>Th\u00e8me:<\/strong>ouvrage intellectuel<\/li>\n<li><strong>ISBN :<\/strong> 978-9973-49-246-3<\/li>\n<li><strong>Poids :<\/strong>400\u00a0gr<\/li>\n<li><strong>Situation:<\/strong>disponible<\/li>\n<\/ul>\n","protected":false},"featured_media":103591,"template":"","meta":{"_uag_custom_page_level_css":""},"product_brand":[],"product_cat":[11],"product_tag":[],"class_list":{"0":"post-103576","1":"product","2":"type-product","3":"status-publish","4":"has-post-thumbnail","6":"product_cat-livres-en-vente","8":"first","9":"instock","10":"sale","11":"shipping-taxable","12":"purchasable","13":"product-type-simple"},"yoast_head":"<!-- This site is optimized with the Yoast SEO plugin v27.4 - https:\/\/yoast.com\/product\/yoast-seo-wordpress\/ -->\n<title>La pens\u00e9e libre au pr\u00e9sent hommage \u00e0 Abdelwaheb Meddeb - Beit al-Hikma<\/title>\n<meta name=\"robots\" content=\"index, follow, max-snippet:-1, max-image-preview:large, max-video-preview:-1\" \/>\n<link rel=\"canonical\" href=\"https:\/\/www.beitalhikma.tn\/fr\/publication\/acces-boutique\/livres-en-vente\/la-pensee-libre-au-present-hommage-a-abdelwaheb-meddeb\/\" \/>\n<meta property=\"og:locale\" content=\"fr_FR\" \/>\n<meta property=\"og:type\" content=\"article\" \/>\n<meta property=\"og:title\" content=\"La pens\u00e9e libre au pr\u00e9sent hommage \u00e0 Abdelwaheb Meddeb - Beit al-Hikma\" \/>\n<meta property=\"og:description\" content=\"Titre : La pens\u00e9e libre au pr\u00e9sent hommage \u00e0 Abdelwaheb Meddeb  Ouvrage collectif sous la direction de B\u00e9chir Ben AISSA  Langue : Fran\u00e7aise  Date de publication : 2023  Format\u00a0: 24 x 16  Nombre de pages :266  Th\u00e8me:ouvrage intellectuel  ISBN : 978-9973-49-246-3  Poids :400\u00a0gr  Situation:disponible\" \/>\n<meta property=\"og:url\" content=\"https:\/\/www.beitalhikma.tn\/fr\/publication\/acces-boutique\/livres-en-vente\/la-pensee-libre-au-present-hommage-a-abdelwaheb-meddeb\/\" \/>\n<meta property=\"og:site_name\" content=\"Beit al-Hikma\" \/>\n<meta property=\"article:publisher\" content=\"https:\/\/www.facebook.com\/BeitalhikmaTunisie\/\" \/>\n<meta property=\"article:modified_time\" content=\"2024-01-11T11:19:00+00:00\" \/>\n<meta property=\"og:image\" content=\"https:\/\/www.beitalhikma.tn\/wp-content\/uploads\/2023\/05\/1ereCouv-La-penseeLibreAu-PResent.jpg\" \/>\n\t<meta property=\"og:image:width\" content=\"917\" \/>\n\t<meta property=\"og:image:height\" content=\"1316\" \/>\n\t<meta property=\"og:image:type\" content=\"image\/jpeg\" \/>\n<meta name=\"twitter:card\" content=\"summary_large_image\" \/>\n<meta name=\"twitter:site\" content=\"@Beit_alhikma_TN\" \/>\n<meta name=\"twitter:label1\" content=\"Dur\u00e9e de lecture estim\u00e9e\" \/>\n\t<meta name=\"twitter:data1\" content=\"2 minutes\" \/>\n<script type=\"application\/ld+json\" class=\"yoast-schema-graph\">{\"@context\":\"https:\\\/\\\/schema.org\",\"@graph\":[{\"@type\":\"WebPage\",\"@id\":\"https:\\\/\\\/www.beitalhikma.tn\\\/fr\\\/publication\\\/acces-boutique\\\/livres-en-vente\\\/la-pensee-libre-au-present-hommage-a-abdelwaheb-meddeb\\\/\",\"url\":\"https:\\\/\\\/www.beitalhikma.tn\\\/fr\\\/publication\\\/acces-boutique\\\/livres-en-vente\\\/la-pensee-libre-au-present-hommage-a-abdelwaheb-meddeb\\\/\",\"name\":\"La pens\u00e9e libre au pr\u00e9sent hommage \u00e0 Abdelwaheb Meddeb - Beit al-Hikma\",\"isPartOf\":{\"@id\":\"https:\\\/\\\/www.beitalhikma.tn\\\/#website\"},\"primaryImageOfPage\":{\"@id\":\"https:\\\/\\\/www.beitalhikma.tn\\\/fr\\\/publication\\\/acces-boutique\\\/livres-en-vente\\\/la-pensee-libre-au-present-hommage-a-abdelwaheb-meddeb\\\/#primaryimage\"},\"image\":{\"@id\":\"https:\\\/\\\/www.beitalhikma.tn\\\/fr\\\/publication\\\/acces-boutique\\\/livres-en-vente\\\/la-pensee-libre-au-present-hommage-a-abdelwaheb-meddeb\\\/#primaryimage\"},\"thumbnailUrl\":\"https:\\\/\\\/www.beitalhikma.tn\\\/wp-content\\\/uploads\\\/2023\\\/05\\\/1ereCouv-La-penseeLibreAu-PResent.jpg\",\"datePublished\":\"2023-05-04T11:14:47+00:00\",\"dateModified\":\"2024-01-11T11:19:00+00:00\",\"breadcrumb\":{\"@id\":\"https:\\\/\\\/www.beitalhikma.tn\\\/fr\\\/publication\\\/acces-boutique\\\/livres-en-vente\\\/la-pensee-libre-au-present-hommage-a-abdelwaheb-meddeb\\\/#breadcrumb\"},\"inLanguage\":\"fr-FR\",\"potentialAction\":[{\"@type\":\"ReadAction\",\"target\":[\"https:\\\/\\\/www.beitalhikma.tn\\\/fr\\\/publication\\\/acces-boutique\\\/livres-en-vente\\\/la-pensee-libre-au-present-hommage-a-abdelwaheb-meddeb\\\/\"]}]},{\"@type\":\"ImageObject\",\"inLanguage\":\"fr-FR\",\"@id\":\"https:\\\/\\\/www.beitalhikma.tn\\\/fr\\\/publication\\\/acces-boutique\\\/livres-en-vente\\\/la-pensee-libre-au-present-hommage-a-abdelwaheb-meddeb\\\/#primaryimage\",\"url\":\"https:\\\/\\\/www.beitalhikma.tn\\\/wp-content\\\/uploads\\\/2023\\\/05\\\/1ereCouv-La-penseeLibreAu-PResent.jpg\",\"contentUrl\":\"https:\\\/\\\/www.beitalhikma.tn\\\/wp-content\\\/uploads\\\/2023\\\/05\\\/1ereCouv-La-penseeLibreAu-PResent.jpg\",\"width\":917,\"height\":1316},{\"@type\":\"BreadcrumbList\",\"@id\":\"https:\\\/\\\/www.beitalhikma.tn\\\/fr\\\/publication\\\/acces-boutique\\\/livres-en-vente\\\/la-pensee-libre-au-present-hommage-a-abdelwaheb-meddeb\\\/#breadcrumb\",\"itemListElement\":[{\"@type\":\"ListItem\",\"position\":1,\"name\":\"Accueil\",\"item\":\"https:\\\/\\\/www.beitalhikma.tn\\\/fr\\\/\"},{\"@type\":\"ListItem\",\"position\":2,\"name\":\"Boutique\",\"item\":\"https:\\\/\\\/www.beitalhikma.tn\\\/fr\\\/boutique\\\/\"},{\"@type\":\"ListItem\",\"position\":3,\"name\":\"La pens\u00e9e libre au pr\u00e9sent hommage \u00e0 Abdelwaheb Meddeb\"}]},{\"@type\":\"WebSite\",\"@id\":\"https:\\\/\\\/www.beitalhikma.tn\\\/#website\",\"url\":\"https:\\\/\\\/www.beitalhikma.tn\\\/\",\"name\":\"Beit al-Hikma\",\"description\":\"L&#039;Acad\u00e9mie Tunisienne des Sciences, des Lettres  et des Arts\",\"publisher\":{\"@id\":\"https:\\\/\\\/www.beitalhikma.tn\\\/#organization\"},\"potentialAction\":[{\"@type\":\"SearchAction\",\"target\":{\"@type\":\"EntryPoint\",\"urlTemplate\":\"https:\\\/\\\/www.beitalhikma.tn\\\/?s={search_term_string}\"},\"query-input\":{\"@type\":\"PropertyValueSpecification\",\"valueRequired\":true,\"valueName\":\"search_term_string\"}}],\"inLanguage\":\"fr-FR\"},{\"@type\":\"Organization\",\"@id\":\"https:\\\/\\\/www.beitalhikma.tn\\\/#organization\",\"name\":\"Beit Al Hikma\",\"url\":\"https:\\\/\\\/www.beitalhikma.tn\\\/\",\"logo\":{\"@type\":\"ImageObject\",\"inLanguage\":\"fr-FR\",\"@id\":\"https:\\\/\\\/www.beitalhikma.tn\\\/#\\\/schema\\\/logo\\\/image\\\/\",\"url\":\"https:\\\/\\\/www.beitalhikma.tn\\\/wp-content\\\/uploads\\\/2014\\\/11\\\/logo.png\",\"contentUrl\":\"https:\\\/\\\/www.beitalhikma.tn\\\/wp-content\\\/uploads\\\/2014\\\/11\\\/logo.png\",\"width\":288,\"height\":109,\"caption\":\"Beit Al Hikma\"},\"image\":{\"@id\":\"https:\\\/\\\/www.beitalhikma.tn\\\/#\\\/schema\\\/logo\\\/image\\\/\"},\"sameAs\":[\"https:\\\/\\\/www.facebook.com\\\/BeitalhikmaTunisie\\\/\",\"https:\\\/\\\/x.com\\\/Beit_alhikma_TN\",\"https:\\\/\\\/www.youtube.com\\\/channel\\\/UCl8EfDXqt5MFfcEY0UYhevg\"]}]}<\/script>\n<!-- \/ Yoast SEO plugin. -->","yoast_head_json":{"title":"La pens\u00e9e libre au pr\u00e9sent hommage \u00e0 Abdelwaheb Meddeb - Beit al-Hikma","robots":{"index":"index","follow":"follow","max-snippet":"max-snippet:-1","max-image-preview":"max-image-preview:large","max-video-preview":"max-video-preview:-1"},"canonical":"https:\/\/www.beitalhikma.tn\/fr\/publication\/acces-boutique\/livres-en-vente\/la-pensee-libre-au-present-hommage-a-abdelwaheb-meddeb\/","og_locale":"fr_FR","og_type":"article","og_title":"La pens\u00e9e libre au pr\u00e9sent hommage \u00e0 Abdelwaheb Meddeb - Beit al-Hikma","og_description":"Titre : La pens\u00e9e libre au pr\u00e9sent hommage \u00e0 Abdelwaheb Meddeb  Ouvrage collectif sous la direction de B\u00e9chir Ben AISSA  Langue : Fran\u00e7aise  Date de publication : 2023  Format\u00a0: 24 x 16  Nombre de pages :266  Th\u00e8me:ouvrage intellectuel  ISBN : 978-9973-49-246-3  Poids :400\u00a0gr  Situation:disponible","og_url":"https:\/\/www.beitalhikma.tn\/fr\/publication\/acces-boutique\/livres-en-vente\/la-pensee-libre-au-present-hommage-a-abdelwaheb-meddeb\/","og_site_name":"Beit al-Hikma","article_publisher":"https:\/\/www.facebook.com\/BeitalhikmaTunisie\/","article_modified_time":"2024-01-11T11:19:00+00:00","og_image":[{"width":917,"height":1316,"url":"https:\/\/www.beitalhikma.tn\/wp-content\/uploads\/2023\/05\/1ereCouv-La-penseeLibreAu-PResent.jpg","type":"image\/jpeg"}],"twitter_card":"summary_large_image","twitter_site":"@Beit_alhikma_TN","twitter_misc":{"Dur\u00e9e de lecture estim\u00e9e":"2 minutes"},"schema":{"@context":"https:\/\/schema.org","@graph":[{"@type":"WebPage","@id":"https:\/\/www.beitalhikma.tn\/fr\/publication\/acces-boutique\/livres-en-vente\/la-pensee-libre-au-present-hommage-a-abdelwaheb-meddeb\/","url":"https:\/\/www.beitalhikma.tn\/fr\/publication\/acces-boutique\/livres-en-vente\/la-pensee-libre-au-present-hommage-a-abdelwaheb-meddeb\/","name":"La pens\u00e9e libre au pr\u00e9sent hommage \u00e0 Abdelwaheb Meddeb - Beit al-Hikma","isPartOf":{"@id":"https:\/\/www.beitalhikma.tn\/#website"},"primaryImageOfPage":{"@id":"https:\/\/www.beitalhikma.tn\/fr\/publication\/acces-boutique\/livres-en-vente\/la-pensee-libre-au-present-hommage-a-abdelwaheb-meddeb\/#primaryimage"},"image":{"@id":"https:\/\/www.beitalhikma.tn\/fr\/publication\/acces-boutique\/livres-en-vente\/la-pensee-libre-au-present-hommage-a-abdelwaheb-meddeb\/#primaryimage"},"thumbnailUrl":"https:\/\/www.beitalhikma.tn\/wp-content\/uploads\/2023\/05\/1ereCouv-La-penseeLibreAu-PResent.jpg","datePublished":"2023-05-04T11:14:47+00:00","dateModified":"2024-01-11T11:19:00+00:00","breadcrumb":{"@id":"https:\/\/www.beitalhikma.tn\/fr\/publication\/acces-boutique\/livres-en-vente\/la-pensee-libre-au-present-hommage-a-abdelwaheb-meddeb\/#breadcrumb"},"inLanguage":"fr-FR","potentialAction":[{"@type":"ReadAction","target":["https:\/\/www.beitalhikma.tn\/fr\/publication\/acces-boutique\/livres-en-vente\/la-pensee-libre-au-present-hommage-a-abdelwaheb-meddeb\/"]}]},{"@type":"ImageObject","inLanguage":"fr-FR","@id":"https:\/\/www.beitalhikma.tn\/fr\/publication\/acces-boutique\/livres-en-vente\/la-pensee-libre-au-present-hommage-a-abdelwaheb-meddeb\/#primaryimage","url":"https:\/\/www.beitalhikma.tn\/wp-content\/uploads\/2023\/05\/1ereCouv-La-penseeLibreAu-PResent.jpg","contentUrl":"https:\/\/www.beitalhikma.tn\/wp-content\/uploads\/2023\/05\/1ereCouv-La-penseeLibreAu-PResent.jpg","width":917,"height":1316},{"@type":"BreadcrumbList","@id":"https:\/\/www.beitalhikma.tn\/fr\/publication\/acces-boutique\/livres-en-vente\/la-pensee-libre-au-present-hommage-a-abdelwaheb-meddeb\/#breadcrumb","itemListElement":[{"@type":"ListItem","position":1,"name":"Accueil","item":"https:\/\/www.beitalhikma.tn\/fr\/"},{"@type":"ListItem","position":2,"name":"Boutique","item":"https:\/\/www.beitalhikma.tn\/fr\/boutique\/"},{"@type":"ListItem","position":3,"name":"La pens\u00e9e libre au pr\u00e9sent hommage \u00e0 Abdelwaheb Meddeb"}]},{"@type":"WebSite","@id":"https:\/\/www.beitalhikma.tn\/#website","url":"https:\/\/www.beitalhikma.tn\/","name":"Beit al-Hikma","description":"L&#039;Acad\u00e9mie Tunisienne des Sciences, des Lettres  et des Arts","publisher":{"@id":"https:\/\/www.beitalhikma.tn\/#organization"},"potentialAction":[{"@type":"SearchAction","target":{"@type":"EntryPoint","urlTemplate":"https:\/\/www.beitalhikma.tn\/?s={search_term_string}"},"query-input":{"@type":"PropertyValueSpecification","valueRequired":true,"valueName":"search_term_string"}}],"inLanguage":"fr-FR"},{"@type":"Organization","@id":"https:\/\/www.beitalhikma.tn\/#organization","name":"Beit Al Hikma","url":"https:\/\/www.beitalhikma.tn\/","logo":{"@type":"ImageObject","inLanguage":"fr-FR","@id":"https:\/\/www.beitalhikma.tn\/#\/schema\/logo\/image\/","url":"https:\/\/www.beitalhikma.tn\/wp-content\/uploads\/2014\/11\/logo.png","contentUrl":"https:\/\/www.beitalhikma.tn\/wp-content\/uploads\/2014\/11\/logo.png","width":288,"height":109,"caption":"Beit Al Hikma"},"image":{"@id":"https:\/\/www.beitalhikma.tn\/#\/schema\/logo\/image\/"},"sameAs":["https:\/\/www.facebook.com\/BeitalhikmaTunisie\/","https:\/\/x.com\/Beit_alhikma_TN","https:\/\/www.youtube.com\/channel\/UCl8EfDXqt5MFfcEY0UYhevg"]}]}},"uagb_featured_image_src":{"full":["https:\/\/www.beitalhikma.tn\/wp-content\/uploads\/2023\/05\/1ereCouv-La-penseeLibreAu-PResent.jpg",917,1316,false],"thumbnail":["https:\/\/www.beitalhikma.tn\/wp-content\/uploads\/2023\/05\/1ereCouv-La-penseeLibreAu-PResent-250x300.jpg",250,300,true],"medium":["https:\/\/www.beitalhikma.tn\/wp-content\/uploads\/2023\/05\/1ereCouv-La-penseeLibreAu-PResent-209x300.jpg",209,300,true],"medium_large":["https:\/\/www.beitalhikma.tn\/wp-content\/uploads\/2023\/05\/1ereCouv-La-penseeLibreAu-PResent-768x1102.jpg",768,1102,true],"large":["https:\/\/www.beitalhikma.tn\/wp-content\/uploads\/2023\/05\/1ereCouv-La-penseeLibreAu-PResent-714x1024.jpg",714,1024,true],"thumblist":["https:\/\/www.beitalhikma.tn\/wp-content\/uploads\/2023\/05\/1ereCouv-La-penseeLibreAu-PResent-300x300.jpg",300,300,true],"meccarouselthumb":["https:\/\/www.beitalhikma.tn\/wp-content\/uploads\/2023\/05\/1ereCouv-La-penseeLibreAu-PResent-474x324.jpg",474,324,true],"gridsquare":["https:\/\/www.beitalhikma.tn\/wp-content\/uploads\/2023\/05\/1ereCouv-La-penseeLibreAu-PResent-391x260.jpg",391,260,true],"tileview":["https:\/\/www.beitalhikma.tn\/wp-content\/uploads\/2023\/05\/1ereCouv-La-penseeLibreAu-PResent-300x400.jpg",300,400,true],"1536x1536":["https:\/\/www.beitalhikma.tn\/wp-content\/uploads\/2023\/05\/1ereCouv-La-penseeLibreAu-PResent.jpg",917,1316,false],"2048x2048":["https:\/\/www.beitalhikma.tn\/wp-content\/uploads\/2023\/05\/1ereCouv-La-penseeLibreAu-PResent.jpg",917,1316,false],"post-thumbnail":["https:\/\/www.beitalhikma.tn\/wp-content\/uploads\/2023\/05\/1ereCouv-La-penseeLibreAu-PResent-102x146.jpg",102,146,true],"50x50":["https:\/\/www.beitalhikma.tn\/wp-content\/uploads\/2023\/05\/1ereCouv-La-penseeLibreAu-PResent-35x50.jpg",35,50,true],"portfolio-list":["https:\/\/www.beitalhikma.tn\/wp-content\/uploads\/2023\/05\/1ereCouv-La-penseeLibreAu-PResent-600x400.jpg",600,400,true],"portfolio-fs":["https:\/\/www.beitalhikma.tn\/wp-content\/uploads\/2023\/05\/1ereCouv-La-penseeLibreAu-PResent-815x543.jpg",815,543,true],"portfolio-slider":["https:\/\/www.beitalhikma.tn\/wp-content\/uploads\/2023\/05\/1ereCouv-La-penseeLibreAu-PResent-380x380.jpg",380,380,true],"blog":["https:\/\/www.beitalhikma.tn\/wp-content\/uploads\/2023\/05\/1ereCouv-La-penseeLibreAu-PResent-564x341.jpg",564,341,true],"blog-single":["https:\/\/www.beitalhikma.tn\/wp-content\/uploads\/2023\/05\/1ereCouv-La-penseeLibreAu-PResent-917x445.jpg",917,445,true],"blog-item":["https:\/\/www.beitalhikma.tn\/wp-content\/uploads\/2023\/05\/1ereCouv-La-penseeLibreAu-PResent-504x224.jpg",504,224,true],"blog-widget":["https:\/\/www.beitalhikma.tn\/wp-content\/uploads\/2023\/05\/1ereCouv-La-penseeLibreAu-PResent-80x60.jpg",80,60,true],"features":["https:\/\/www.beitalhikma.tn\/wp-content\/uploads\/2023\/05\/1ereCouv-La-penseeLibreAu-PResent-90x90.jpg",90,90,true],"clients-slider":["https:\/\/www.beitalhikma.tn\/wp-content\/uploads\/2023\/05\/1ereCouv-La-penseeLibreAu-PResent-56x80.jpg",56,80,true],"offer-slider":["https:\/\/www.beitalhikma.tn\/wp-content\/uploads\/2023\/05\/1ereCouv-La-penseeLibreAu-PResent-776x438.jpg",776,438,true],"offer-slider-pg":["https:\/\/www.beitalhikma.tn\/wp-content\/uploads\/2023\/05\/1ereCouv-La-penseeLibreAu-PResent-42x42.jpg",42,42,true],"woocommerce_thumbnail":["https:\/\/www.beitalhikma.tn\/wp-content\/uploads\/2023\/05\/1ereCouv-La-penseeLibreAu-PResent-250x300.jpg",250,300,true],"woocommerce_single":["https:\/\/www.beitalhikma.tn\/wp-content\/uploads\/2023\/05\/1ereCouv-La-penseeLibreAu-PResent-250x359.jpg",250,359,true],"woocommerce_gallery_thumbnail":["https:\/\/www.beitalhikma.tn\/wp-content\/uploads\/2023\/05\/1ereCouv-La-penseeLibreAu-PResent-100x100.jpg",100,100,true]},"uagb_author_info":{"display_name":"admin","author_link":"https:\/\/www.beitalhikma.tn\/fr\/author\/"},"uagb_comment_info":0,"uagb_excerpt":"Titre : La pens\u00e9e libre au pr\u00e9sent hommage \u00e0 Abdelwaheb Meddeb Ouvrage collectif sous la direction de B\u00e9chir Ben AISSA Langue : Fran\u00e7aise Date de publication : 2023 Format\u00a0: 24 x 16 Nombre de pages :266 Th\u00e8me:ouvrage intellectuel ISBN : 978-9973-49-246-3 Poids :400\u00a0gr Situation:disponible","_links":{"self":[{"href":"https:\/\/www.beitalhikma.tn\/fr\/wp-json\/wp\/v2\/product\/103576","targetHints":{"allow":["GET"]}}],"collection":[{"href":"https:\/\/www.beitalhikma.tn\/fr\/wp-json\/wp\/v2\/product"}],"about":[{"href":"https:\/\/www.beitalhikma.tn\/fr\/wp-json\/wp\/v2\/types\/product"}],"wp:featuredmedia":[{"embeddable":true,"href":"https:\/\/www.beitalhikma.tn\/fr\/wp-json\/wp\/v2\/media\/103591"}],"wp:attachment":[{"href":"https:\/\/www.beitalhikma.tn\/fr\/wp-json\/wp\/v2\/media?parent=103576"}],"wp:term":[{"taxonomy":"product_brand","embeddable":true,"href":"https:\/\/www.beitalhikma.tn\/fr\/wp-json\/wp\/v2\/product_brand?post=103576"},{"taxonomy":"product_cat","embeddable":true,"href":"https:\/\/www.beitalhikma.tn\/fr\/wp-json\/wp\/v2\/product_cat?post=103576"},{"taxonomy":"product_tag","embeddable":true,"href":"https:\/\/www.beitalhikma.tn\/fr\/wp-json\/wp\/v2\/product_tag?post=103576"}],"curies":[{"name":"wp","href":"https:\/\/api.w.org\/{rel}","templated":true}]}}