{"id":103594,"date":"2023-05-04T12:26:18","date_gmt":"2023-05-04T11:26:18","guid":{"rendered":"https:\/\/www.beitalhikma.tn\/?post_type=product&#038;p=103594"},"modified":"2024-03-11T16:18:40","modified_gmt":"2024-03-11T15:18:40","slug":"les-seminaires-du-departement-des-arts-revue-annuelle-2022-n1","status":"publish","type":"product","link":"https:\/\/www.beitalhikma.tn\/fr\/publication\/acces-boutique\/livres-en-vente\/les-seminaires-du-departement-des-arts-revue-annuelle-2022-n1\/","title":{"rendered":"Les s\u00e9minaires du d\u00e9partement des arts revue annuelle 2022 N\u00b01"},"content":{"rendered":"<p>Le livre comprend une s\u00e9rie de s\u00e9minaires, de conf\u00e9rences et de s\u00e9minaires de recherche organis\u00e9s par le D\u00e9partement des Arts de l&#8217;Acad\u00e9mie tunisienne des sciences, des lettres et des arts, \u00ab\u00a0Beit al-Hikma\u00a0\u00bb, durant la saison acad\u00e9mique 2022.<\/p>\n<p>L&#8217;ensemble des \u00e9tudes et des interventions publi\u00e9es dans le livre portent sur les approches intellectuelles et les recherches acad\u00e9miques sp\u00e9cialis\u00e9es li\u00e9es aux \u0153uvres d&#8217;art th\u00e9\u00e2trales, cin\u00e9matographiques et plastiques\u00a0; ainsi que sur les formes de discours et les fonctions relatives aux cr\u00e9ations artistiques en mati\u00e8re de communication. Des th\u00e8ses critiques figurent, \u00e9galement, parmi les publications.<\/p>\n<p>Cet ouvrage collectif met, par ailleurs, en valeur, le patrimoine mat\u00e9riel et immat\u00e9riel des arts et les valeurs qu\u2019il repr\u00e9sente et qu\u2019il v\u00e9hicule.<\/p>\n<p>&nbsp;<\/p>\n","protected":false},"excerpt":{"rendered":"<ul>\n<li><strong>Titre : Les s\u00e9minaires du d\u00e9partement des arts revue annuelle 2022 N\u00b01<\/strong><\/li>\n<li><strong>Ouvrage collectif sous la direction de Samir Becha<\/strong><\/li>\n<li><strong>Langue :<\/strong>Fran\u00e7ais &#8211; Arabe<\/li>\n<li><strong>Date de publication<\/strong> : 2023<\/li>\n<li><strong>Format\u00a0:<\/strong> 24 x 16<\/li>\n<li><strong>Nombre de pages :<\/strong>118<\/li>\n<li><strong>Th\u00e8me:<\/strong>Arts<\/li>\n<li><b>ISSN: <\/b>2811-6623<\/li>\n<li><strong>Poids :<\/strong>400\u00a0gr<\/li>\n<li><strong>Situation:<\/strong>disponible<\/li>\n<\/ul>\n","protected":false},"featured_media":103598,"template":"","meta":{"_uag_custom_page_level_css":""},"product_brand":[],"product_cat":[11],"product_tag":[],"class_list":{"0":"post-103594","1":"product","2":"type-product","3":"status-publish","4":"has-post-thumbnail","6":"product_cat-livres-en-vente","8":"first","9":"instock","10":"sale","11":"shipping-taxable","12":"purchasable","13":"product-type-simple"},"yoast_head":"<!-- This site is optimized with the Yoast SEO plugin v27.4 - https:\/\/yoast.com\/product\/yoast-seo-wordpress\/ -->\n<title>Les s\u00e9minaires du d\u00e9partement des arts revue annuelle 2022 N\u00b01 - Beit al-Hikma<\/title>\n<meta name=\"robots\" content=\"index, follow, max-snippet:-1, max-image-preview:large, max-video-preview:-1\" \/>\n<link rel=\"canonical\" href=\"https:\/\/www.beitalhikma.tn\/fr\/publication\/acces-boutique\/livres-en-vente\/les-seminaires-du-departement-des-arts-revue-annuelle-2022-n1\/\" \/>\n<meta property=\"og:locale\" content=\"fr_FR\" \/>\n<meta property=\"og:type\" content=\"article\" \/>\n<meta property=\"og:title\" content=\"Les s\u00e9minaires du d\u00e9partement des arts revue annuelle 2022 N\u00b01 - Beit al-Hikma\" \/>\n<meta property=\"og:description\" content=\"Titre : Les s\u00e9minaires du d\u00e9partement des arts revue annuelle 2022 N\u00b01  Ouvrage collectif sous la direction de Samir Becha  Langue :Fran\u00e7ais - Arabe  Date de publication : 2023  Format\u00a0: 24 x 16  Nombre de pages :118  Th\u00e8me:Arts  ISSN: 2811-6623  Poids :400\u00a0gr  Situation:disponible\" \/>\n<meta property=\"og:url\" content=\"https:\/\/www.beitalhikma.tn\/fr\/publication\/acces-boutique\/livres-en-vente\/les-seminaires-du-departement-des-arts-revue-annuelle-2022-n1\/\" \/>\n<meta property=\"og:site_name\" content=\"Beit al-Hikma\" \/>\n<meta property=\"article:publisher\" content=\"https:\/\/www.facebook.com\/BeitalhikmaTunisie\/\" \/>\n<meta property=\"article:modified_time\" content=\"2024-03-11T15:18:40+00:00\" \/>\n<meta property=\"og:image\" content=\"https:\/\/www.beitalhikma.tn\/wp-content\/uploads\/2023\/05\/1ere-deCouvRevueAnnuelleSemDepArts.jpg\" \/>\n\t<meta property=\"og:image:width\" content=\"949\" \/>\n\t<meta property=\"og:image:height\" content=\"1388\" \/>\n\t<meta property=\"og:image:type\" content=\"image\/jpeg\" \/>\n<meta name=\"twitter:card\" content=\"summary_large_image\" \/>\n<meta name=\"twitter:site\" content=\"@Beit_alhikma_TN\" \/>\n<meta name=\"twitter:label1\" content=\"Dur\u00e9e de lecture estim\u00e9e\" \/>\n\t<meta name=\"twitter:data1\" content=\"1 minute\" \/>\n<script type=\"application\/ld+json\" class=\"yoast-schema-graph\">{\"@context\":\"https:\\\/\\\/schema.org\",\"@graph\":[{\"@type\":\"WebPage\",\"@id\":\"https:\\\/\\\/www.beitalhikma.tn\\\/fr\\\/publication\\\/acces-boutique\\\/livres-en-vente\\\/les-seminaires-du-departement-des-arts-revue-annuelle-2022-n1\\\/\",\"url\":\"https:\\\/\\\/www.beitalhikma.tn\\\/fr\\\/publication\\\/acces-boutique\\\/livres-en-vente\\\/les-seminaires-du-departement-des-arts-revue-annuelle-2022-n1\\\/\",\"name\":\"Les s\u00e9minaires du d\u00e9partement des arts revue annuelle 2022 N\u00b01 - Beit al-Hikma\",\"isPartOf\":{\"@id\":\"https:\\\/\\\/www.beitalhikma.tn\\\/#website\"},\"primaryImageOfPage\":{\"@id\":\"https:\\\/\\\/www.beitalhikma.tn\\\/fr\\\/publication\\\/acces-boutique\\\/livres-en-vente\\\/les-seminaires-du-departement-des-arts-revue-annuelle-2022-n1\\\/#primaryimage\"},\"image\":{\"@id\":\"https:\\\/\\\/www.beitalhikma.tn\\\/fr\\\/publication\\\/acces-boutique\\\/livres-en-vente\\\/les-seminaires-du-departement-des-arts-revue-annuelle-2022-n1\\\/#primaryimage\"},\"thumbnailUrl\":\"https:\\\/\\\/www.beitalhikma.tn\\\/wp-content\\\/uploads\\\/2023\\\/05\\\/1ere-deCouvRevueAnnuelleSemDepArts.jpg\",\"datePublished\":\"2023-05-04T11:26:18+00:00\",\"dateModified\":\"2024-03-11T15:18:40+00:00\",\"breadcrumb\":{\"@id\":\"https:\\\/\\\/www.beitalhikma.tn\\\/fr\\\/publication\\\/acces-boutique\\\/livres-en-vente\\\/les-seminaires-du-departement-des-arts-revue-annuelle-2022-n1\\\/#breadcrumb\"},\"inLanguage\":\"fr-FR\",\"potentialAction\":[{\"@type\":\"ReadAction\",\"target\":[\"https:\\\/\\\/www.beitalhikma.tn\\\/fr\\\/publication\\\/acces-boutique\\\/livres-en-vente\\\/les-seminaires-du-departement-des-arts-revue-annuelle-2022-n1\\\/\"]}]},{\"@type\":\"ImageObject\",\"inLanguage\":\"fr-FR\",\"@id\":\"https:\\\/\\\/www.beitalhikma.tn\\\/fr\\\/publication\\\/acces-boutique\\\/livres-en-vente\\\/les-seminaires-du-departement-des-arts-revue-annuelle-2022-n1\\\/#primaryimage\",\"url\":\"https:\\\/\\\/www.beitalhikma.tn\\\/wp-content\\\/uploads\\\/2023\\\/05\\\/1ere-deCouvRevueAnnuelleSemDepArts.jpg\",\"contentUrl\":\"https:\\\/\\\/www.beitalhikma.tn\\\/wp-content\\\/uploads\\\/2023\\\/05\\\/1ere-deCouvRevueAnnuelleSemDepArts.jpg\",\"width\":949,\"height\":1388},{\"@type\":\"BreadcrumbList\",\"@id\":\"https:\\\/\\\/www.beitalhikma.tn\\\/fr\\\/publication\\\/acces-boutique\\\/livres-en-vente\\\/les-seminaires-du-departement-des-arts-revue-annuelle-2022-n1\\\/#breadcrumb\",\"itemListElement\":[{\"@type\":\"ListItem\",\"position\":1,\"name\":\"Accueil\",\"item\":\"https:\\\/\\\/www.beitalhikma.tn\\\/fr\\\/\"},{\"@type\":\"ListItem\",\"position\":2,\"name\":\"Boutique\",\"item\":\"https:\\\/\\\/www.beitalhikma.tn\\\/fr\\\/boutique\\\/\"},{\"@type\":\"ListItem\",\"position\":3,\"name\":\"Les s\u00e9minaires du d\u00e9partement des arts revue annuelle 2022 N\u00b01\"}]},{\"@type\":\"WebSite\",\"@id\":\"https:\\\/\\\/www.beitalhikma.tn\\\/#website\",\"url\":\"https:\\\/\\\/www.beitalhikma.tn\\\/\",\"name\":\"Beit al-Hikma\",\"description\":\"L&#039;Acad\u00e9mie Tunisienne des Sciences, des Lettres  et des Arts\",\"publisher\":{\"@id\":\"https:\\\/\\\/www.beitalhikma.tn\\\/#organization\"},\"potentialAction\":[{\"@type\":\"SearchAction\",\"target\":{\"@type\":\"EntryPoint\",\"urlTemplate\":\"https:\\\/\\\/www.beitalhikma.tn\\\/?s={search_term_string}\"},\"query-input\":{\"@type\":\"PropertyValueSpecification\",\"valueRequired\":true,\"valueName\":\"search_term_string\"}}],\"inLanguage\":\"fr-FR\"},{\"@type\":\"Organization\",\"@id\":\"https:\\\/\\\/www.beitalhikma.tn\\\/#organization\",\"name\":\"Beit Al Hikma\",\"url\":\"https:\\\/\\\/www.beitalhikma.tn\\\/\",\"logo\":{\"@type\":\"ImageObject\",\"inLanguage\":\"fr-FR\",\"@id\":\"https:\\\/\\\/www.beitalhikma.tn\\\/#\\\/schema\\\/logo\\\/image\\\/\",\"url\":\"https:\\\/\\\/www.beitalhikma.tn\\\/wp-content\\\/uploads\\\/2014\\\/11\\\/logo.png\",\"contentUrl\":\"https:\\\/\\\/www.beitalhikma.tn\\\/wp-content\\\/uploads\\\/2014\\\/11\\\/logo.png\",\"width\":288,\"height\":109,\"caption\":\"Beit Al Hikma\"},\"image\":{\"@id\":\"https:\\\/\\\/www.beitalhikma.tn\\\/#\\\/schema\\\/logo\\\/image\\\/\"},\"sameAs\":[\"https:\\\/\\\/www.facebook.com\\\/BeitalhikmaTunisie\\\/\",\"https:\\\/\\\/x.com\\\/Beit_alhikma_TN\",\"https:\\\/\\\/www.youtube.com\\\/channel\\\/UCl8EfDXqt5MFfcEY0UYhevg\"]}]}<\/script>\n<!-- \/ Yoast SEO plugin. -->","yoast_head_json":{"title":"Les s\u00e9minaires du d\u00e9partement des arts revue annuelle 2022 N\u00b01 - Beit al-Hikma","robots":{"index":"index","follow":"follow","max-snippet":"max-snippet:-1","max-image-preview":"max-image-preview:large","max-video-preview":"max-video-preview:-1"},"canonical":"https:\/\/www.beitalhikma.tn\/fr\/publication\/acces-boutique\/livres-en-vente\/les-seminaires-du-departement-des-arts-revue-annuelle-2022-n1\/","og_locale":"fr_FR","og_type":"article","og_title":"Les s\u00e9minaires du d\u00e9partement des arts revue annuelle 2022 N\u00b01 - Beit al-Hikma","og_description":"Titre : Les s\u00e9minaires du d\u00e9partement des arts revue annuelle 2022 N\u00b01  Ouvrage collectif sous la direction de Samir Becha  Langue :Fran\u00e7ais - Arabe  Date de publication : 2023  Format\u00a0: 24 x 16  Nombre de pages :118  Th\u00e8me:Arts  ISSN: 2811-6623  Poids :400\u00a0gr  Situation:disponible","og_url":"https:\/\/www.beitalhikma.tn\/fr\/publication\/acces-boutique\/livres-en-vente\/les-seminaires-du-departement-des-arts-revue-annuelle-2022-n1\/","og_site_name":"Beit al-Hikma","article_publisher":"https:\/\/www.facebook.com\/BeitalhikmaTunisie\/","article_modified_time":"2024-03-11T15:18:40+00:00","og_image":[{"width":949,"height":1388,"url":"https:\/\/www.beitalhikma.tn\/wp-content\/uploads\/2023\/05\/1ere-deCouvRevueAnnuelleSemDepArts.jpg","type":"image\/jpeg"}],"twitter_card":"summary_large_image","twitter_site":"@Beit_alhikma_TN","twitter_misc":{"Dur\u00e9e de lecture estim\u00e9e":"1 minute"},"schema":{"@context":"https:\/\/schema.org","@graph":[{"@type":"WebPage","@id":"https:\/\/www.beitalhikma.tn\/fr\/publication\/acces-boutique\/livres-en-vente\/les-seminaires-du-departement-des-arts-revue-annuelle-2022-n1\/","url":"https:\/\/www.beitalhikma.tn\/fr\/publication\/acces-boutique\/livres-en-vente\/les-seminaires-du-departement-des-arts-revue-annuelle-2022-n1\/","name":"Les s\u00e9minaires du d\u00e9partement des arts revue annuelle 2022 N\u00b01 - Beit al-Hikma","isPartOf":{"@id":"https:\/\/www.beitalhikma.tn\/#website"},"primaryImageOfPage":{"@id":"https:\/\/www.beitalhikma.tn\/fr\/publication\/acces-boutique\/livres-en-vente\/les-seminaires-du-departement-des-arts-revue-annuelle-2022-n1\/#primaryimage"},"image":{"@id":"https:\/\/www.beitalhikma.tn\/fr\/publication\/acces-boutique\/livres-en-vente\/les-seminaires-du-departement-des-arts-revue-annuelle-2022-n1\/#primaryimage"},"thumbnailUrl":"https:\/\/www.beitalhikma.tn\/wp-content\/uploads\/2023\/05\/1ere-deCouvRevueAnnuelleSemDepArts.jpg","datePublished":"2023-05-04T11:26:18+00:00","dateModified":"2024-03-11T15:18:40+00:00","breadcrumb":{"@id":"https:\/\/www.beitalhikma.tn\/fr\/publication\/acces-boutique\/livres-en-vente\/les-seminaires-du-departement-des-arts-revue-annuelle-2022-n1\/#breadcrumb"},"inLanguage":"fr-FR","potentialAction":[{"@type":"ReadAction","target":["https:\/\/www.beitalhikma.tn\/fr\/publication\/acces-boutique\/livres-en-vente\/les-seminaires-du-departement-des-arts-revue-annuelle-2022-n1\/"]}]},{"@type":"ImageObject","inLanguage":"fr-FR","@id":"https:\/\/www.beitalhikma.tn\/fr\/publication\/acces-boutique\/livres-en-vente\/les-seminaires-du-departement-des-arts-revue-annuelle-2022-n1\/#primaryimage","url":"https:\/\/www.beitalhikma.tn\/wp-content\/uploads\/2023\/05\/1ere-deCouvRevueAnnuelleSemDepArts.jpg","contentUrl":"https:\/\/www.beitalhikma.tn\/wp-content\/uploads\/2023\/05\/1ere-deCouvRevueAnnuelleSemDepArts.jpg","width":949,"height":1388},{"@type":"BreadcrumbList","@id":"https:\/\/www.beitalhikma.tn\/fr\/publication\/acces-boutique\/livres-en-vente\/les-seminaires-du-departement-des-arts-revue-annuelle-2022-n1\/#breadcrumb","itemListElement":[{"@type":"ListItem","position":1,"name":"Accueil","item":"https:\/\/www.beitalhikma.tn\/fr\/"},{"@type":"ListItem","position":2,"name":"Boutique","item":"https:\/\/www.beitalhikma.tn\/fr\/boutique\/"},{"@type":"ListItem","position":3,"name":"Les s\u00e9minaires du d\u00e9partement des arts revue annuelle 2022 N\u00b01"}]},{"@type":"WebSite","@id":"https:\/\/www.beitalhikma.tn\/#website","url":"https:\/\/www.beitalhikma.tn\/","name":"Beit al-Hikma","description":"L&#039;Acad\u00e9mie Tunisienne des Sciences, des Lettres  et des Arts","publisher":{"@id":"https:\/\/www.beitalhikma.tn\/#organization"},"potentialAction":[{"@type":"SearchAction","target":{"@type":"EntryPoint","urlTemplate":"https:\/\/www.beitalhikma.tn\/?s={search_term_string}"},"query-input":{"@type":"PropertyValueSpecification","valueRequired":true,"valueName":"search_term_string"}}],"inLanguage":"fr-FR"},{"@type":"Organization","@id":"https:\/\/www.beitalhikma.tn\/#organization","name":"Beit Al Hikma","url":"https:\/\/www.beitalhikma.tn\/","logo":{"@type":"ImageObject","inLanguage":"fr-FR","@id":"https:\/\/www.beitalhikma.tn\/#\/schema\/logo\/image\/","url":"https:\/\/www.beitalhikma.tn\/wp-content\/uploads\/2014\/11\/logo.png","contentUrl":"https:\/\/www.beitalhikma.tn\/wp-content\/uploads\/2014\/11\/logo.png","width":288,"height":109,"caption":"Beit Al Hikma"},"image":{"@id":"https:\/\/www.beitalhikma.tn\/#\/schema\/logo\/image\/"},"sameAs":["https:\/\/www.facebook.com\/BeitalhikmaTunisie\/","https:\/\/x.com\/Beit_alhikma_TN","https:\/\/www.youtube.com\/channel\/UCl8EfDXqt5MFfcEY0UYhevg"]}]}},"uagb_featured_image_src":{"full":["https:\/\/www.beitalhikma.tn\/wp-content\/uploads\/2023\/05\/1ere-deCouvRevueAnnuelleSemDepArts.jpg",949,1388,false],"thumbnail":["https:\/\/www.beitalhikma.tn\/wp-content\/uploads\/2023\/05\/1ere-deCouvRevueAnnuelleSemDepArts-250x300.jpg",250,300,true],"medium":["https:\/\/www.beitalhikma.tn\/wp-content\/uploads\/2023\/05\/1ere-deCouvRevueAnnuelleSemDepArts-205x300.jpg",205,300,true],"medium_large":["https:\/\/www.beitalhikma.tn\/wp-content\/uploads\/2023\/05\/1ere-deCouvRevueAnnuelleSemDepArts-768x1123.jpg",768,1123,true],"large":["https:\/\/www.beitalhikma.tn\/wp-content\/uploads\/2023\/05\/1ere-deCouvRevueAnnuelleSemDepArts-700x1024.jpg",700,1024,true],"thumblist":["https:\/\/www.beitalhikma.tn\/wp-content\/uploads\/2023\/05\/1ere-deCouvRevueAnnuelleSemDepArts-300x300.jpg",300,300,true],"meccarouselthumb":["https:\/\/www.beitalhikma.tn\/wp-content\/uploads\/2023\/05\/1ere-deCouvRevueAnnuelleSemDepArts-474x324.jpg",474,324,true],"gridsquare":["https:\/\/www.beitalhikma.tn\/wp-content\/uploads\/2023\/05\/1ere-deCouvRevueAnnuelleSemDepArts-391x260.jpg",391,260,true],"tileview":["https:\/\/www.beitalhikma.tn\/wp-content\/uploads\/2023\/05\/1ere-deCouvRevueAnnuelleSemDepArts-300x400.jpg",300,400,true],"1536x1536":["https:\/\/www.beitalhikma.tn\/wp-content\/uploads\/2023\/05\/1ere-deCouvRevueAnnuelleSemDepArts.jpg",949,1388,false],"2048x2048":["https:\/\/www.beitalhikma.tn\/wp-content\/uploads\/2023\/05\/1ere-deCouvRevueAnnuelleSemDepArts.jpg",949,1388,false],"post-thumbnail":["https:\/\/www.beitalhikma.tn\/wp-content\/uploads\/2023\/05\/1ere-deCouvRevueAnnuelleSemDepArts-100x146.jpg",100,146,true],"50x50":["https:\/\/www.beitalhikma.tn\/wp-content\/uploads\/2023\/05\/1ere-deCouvRevueAnnuelleSemDepArts-34x50.jpg",34,50,true],"portfolio-list":["https:\/\/www.beitalhikma.tn\/wp-content\/uploads\/2023\/05\/1ere-deCouvRevueAnnuelleSemDepArts-600x400.jpg",600,400,true],"portfolio-fs":["https:\/\/www.beitalhikma.tn\/wp-content\/uploads\/2023\/05\/1ere-deCouvRevueAnnuelleSemDepArts-815x543.jpg",815,543,true],"portfolio-slider":["https:\/\/www.beitalhikma.tn\/wp-content\/uploads\/2023\/05\/1ere-deCouvRevueAnnuelleSemDepArts-380x380.jpg",380,380,true],"blog":["https:\/\/www.beitalhikma.tn\/wp-content\/uploads\/2023\/05\/1ere-deCouvRevueAnnuelleSemDepArts-564x341.jpg",564,341,true],"blog-single":["https:\/\/www.beitalhikma.tn\/wp-content\/uploads\/2023\/05\/1ere-deCouvRevueAnnuelleSemDepArts-949x445.jpg",949,445,true],"blog-item":["https:\/\/www.beitalhikma.tn\/wp-content\/uploads\/2023\/05\/1ere-deCouvRevueAnnuelleSemDepArts-504x224.jpg",504,224,true],"blog-widget":["https:\/\/www.beitalhikma.tn\/wp-content\/uploads\/2023\/05\/1ere-deCouvRevueAnnuelleSemDepArts-80x60.jpg",80,60,true],"features":["https:\/\/www.beitalhikma.tn\/wp-content\/uploads\/2023\/05\/1ere-deCouvRevueAnnuelleSemDepArts-90x90.jpg",90,90,true],"clients-slider":["https:\/\/www.beitalhikma.tn\/wp-content\/uploads\/2023\/05\/1ere-deCouvRevueAnnuelleSemDepArts-55x80.jpg",55,80,true],"offer-slider":["https:\/\/www.beitalhikma.tn\/wp-content\/uploads\/2023\/05\/1ere-deCouvRevueAnnuelleSemDepArts-776x438.jpg",776,438,true],"offer-slider-pg":["https:\/\/www.beitalhikma.tn\/wp-content\/uploads\/2023\/05\/1ere-deCouvRevueAnnuelleSemDepArts-42x42.jpg",42,42,true],"woocommerce_thumbnail":["https:\/\/www.beitalhikma.tn\/wp-content\/uploads\/2023\/05\/1ere-deCouvRevueAnnuelleSemDepArts-250x300.jpg",250,300,true],"woocommerce_single":["https:\/\/www.beitalhikma.tn\/wp-content\/uploads\/2023\/05\/1ere-deCouvRevueAnnuelleSemDepArts-250x366.jpg",250,366,true],"woocommerce_gallery_thumbnail":["https:\/\/www.beitalhikma.tn\/wp-content\/uploads\/2023\/05\/1ere-deCouvRevueAnnuelleSemDepArts-100x100.jpg",100,100,true]},"uagb_author_info":{"display_name":"admin","author_link":"https:\/\/www.beitalhikma.tn\/fr\/author\/"},"uagb_comment_info":0,"uagb_excerpt":"Titre : Les s\u00e9minaires du d\u00e9partement des arts revue annuelle 2022 N\u00b01 Ouvrage collectif sous la direction de Samir Becha Langue :Fran\u00e7ais - Arabe Date de publication : 2023 Format\u00a0: 24 x 16 Nombre de pages :118 Th\u00e8me:Arts ISSN: 2811-6623 Poids :400\u00a0gr Situation:disponible","_links":{"self":[{"href":"https:\/\/www.beitalhikma.tn\/fr\/wp-json\/wp\/v2\/product\/103594","targetHints":{"allow":["GET"]}}],"collection":[{"href":"https:\/\/www.beitalhikma.tn\/fr\/wp-json\/wp\/v2\/product"}],"about":[{"href":"https:\/\/www.beitalhikma.tn\/fr\/wp-json\/wp\/v2\/types\/product"}],"wp:featuredmedia":[{"embeddable":true,"href":"https:\/\/www.beitalhikma.tn\/fr\/wp-json\/wp\/v2\/media\/103598"}],"wp:attachment":[{"href":"https:\/\/www.beitalhikma.tn\/fr\/wp-json\/wp\/v2\/media?parent=103594"}],"wp:term":[{"taxonomy":"product_brand","embeddable":true,"href":"https:\/\/www.beitalhikma.tn\/fr\/wp-json\/wp\/v2\/product_brand?post=103594"},{"taxonomy":"product_cat","embeddable":true,"href":"https:\/\/www.beitalhikma.tn\/fr\/wp-json\/wp\/v2\/product_cat?post=103594"},{"taxonomy":"product_tag","embeddable":true,"href":"https:\/\/www.beitalhikma.tn\/fr\/wp-json\/wp\/v2\/product_tag?post=103594"}],"curies":[{"name":"wp","href":"https:\/\/api.w.org\/{rel}","templated":true}]}}