{"id":105572,"date":"2023-07-13T08:49:18","date_gmt":"2023-07-13T07:49:18","guid":{"rendered":"https:\/\/www.beitalhikma.tn\/?post_type=product&#038;p=105572"},"modified":"2023-07-17T11:15:33","modified_gmt":"2023-07-17T10:15:33","slug":"la-voie-la-plus-sure-pour-connaitre-letat-des-royaumes-2-volumes-2","status":"publish","type":"product","link":"https:\/\/www.beitalhikma.tn\/fr\/publication\/acces-boutique\/livres-en-vente\/la-voie-la-plus-sure-pour-connaitre-letat-des-royaumes-2-volumes-2\/","title":{"rendered":"La voie la plus s\u00fbre pour conna\u00eetre l\u2019\u00e9tat des Royaumes , (2 volumes)"},"content":{"rendered":"<p>Il s&#8217;agit de la quatri\u00e8me \u00e9dition de l&#8217;int\u00e9gralit\u00e9 du livre \u00ab Aqwam al-massalik \u00bb apr\u00e8s l&#8217;\u00e9dition originale, parue en Tunisie en 1867. Elle suit la troisi\u00e8me \u00e9dition publi\u00e9e par \u00ab\u00a0Beit al-Hikma\u00a0\u00bb en 1990.<\/p>\n<p>La r\u00e9\u00e9dition de cet ouvrage r\u00e9pond \u00e0 des fins scientifiques et instructives importantes, car il comprend une \u00e9tude analytique sur Kheireddine renfermant un calendrier complet de ses traductions publi\u00e9es \u00e0 son \u00e9poque, ainsi qu\u2019un deuxi\u00e8me tableau qui montre clairement son impact sur le d\u00e9veloppement de la prose politique et de l&#8217;art de voyager au XIXe si\u00e8cle.<\/p>\n<p>L\u2019ouvrage comprend, par ailleurs, une pr\u00e9face de l\u2019\u0153uvre int\u00e9grale \u00ab\u00a0Aqwam al-massalik\u00a0\u00bb (l\u2019Introduction, le Livre I \u2013 contenant la description de vingt pays, le Livre II \u2013 l\u2019Epilogue et les Notes).<\/p>\n<p>Il figure, \u00e9galement, dans l\u2019ouvrage, une bibliographie traitant de la traduction de Kheireddine, de sa doctrine r\u00e9formiste, de ses \u0153uvres et de son \u00e9poque, en s\u2019appuyant sur les nouvelles \u00e9tudes.<\/p>\n<p>On y retrouve, aussi, des index pour des versets coraniques, des hadiths du Proph\u00e8te, des grandes figures, des po\u00e8mes, des lieux, et des livres mentionn\u00e9s, ainsi qu\u2019une terminologie.<\/p>\n<p>Quand on examine de pr\u00e8s l\u2019exp\u00e9rience de Kheireddine \u00e0 travers \u00ab\u00a0Aqwam al-massalik\u00a0\u00bb, on per\u00e7oit son appel au renouveau et \u00e0 la r\u00e9forme au niveau de tous les plans de la vie sociale, politique et \u00e9conomique en Tunisie.<\/p>\n<p>Il est bien connu que Kheireddine n&#8217;a pas pu mettre en application l&#8217;int\u00e9gralit\u00e9 des id\u00e9es lib\u00e9rales et des visions politiques qu\u2019il a pr\u00e9sent\u00e9 dans son livre, et ce, en raison des multiples man\u0153uvres politiques et du grand nombre d&#8217;opposants \u00e0 cette conception r\u00e9formiste.<\/p>\n<p>Mais en d\u00e9pit de ces entraves, le livre a attir\u00e9 l&#8217;attention de l&#8217;\u00e9lite intellectuelle et politique de l&#8217;\u00e9poque\u00a0; et il est encore consid\u00e9r\u00e9, jusqu\u2019\u00e0 nos jours, comme l&#8217;un des ouvrages les plus importants dans le domaine de la r\u00e9forme des syst\u00e8mes de gouvernement et de par son incitation \u00e0 profiter des r\u00e9alisations civilisationnelles<\/p>\n","protected":false},"excerpt":{"rendered":"<ul>\n<li><strong>Titre de l\u2019ouvrage :<\/strong> Aqwam al-masalik fi ma&#8217;rifat ahwal al mamalik (02 volumes)<br \/>\n<strong>Auteur :<\/strong> Kh\u00e9r\u00e9dine Pacha<br \/>\n<strong>Texte \u00e9tabli et annot\u00e9 par : <\/strong>Moncef Chenoufi<\/li>\n<li><strong>Langue :<\/strong> arabe<\/li>\n<li><strong> Edition : <\/strong>2\u00e9me \u00e9dition<\/li>\n<li><strong>Date de parution :<\/strong> 2000<\/li>\n<li><strong>Format :<\/strong> 16&#215;24<\/li>\n<li><strong>ISBN :<\/strong> 9789973929616\/9789973929624<\/li>\n<li><strong>Nombre de pages :<\/strong> T1 : 541, T2 : 524<br \/>\n<strong>Th\u00e8me :<\/strong> relation de voyage<\/li>\n<li><strong>Poids :<\/strong> 1700 gr<br \/>\n<b>Situation : <\/b>disponible<\/li>\n<\/ul>\n","protected":false},"featured_media":105570,"template":"","meta":{"_uag_custom_page_level_css":""},"product_brand":[],"product_cat":[11],"product_tag":[],"class_list":{"0":"post-105572","1":"product","2":"type-product","3":"status-publish","4":"has-post-thumbnail","6":"product_cat-livres-en-vente","8":"first","9":"instock","10":"sale","11":"shipping-taxable","12":"purchasable","13":"product-type-simple"},"yoast_head":"<!-- This site is optimized with the Yoast SEO plugin v27.5 - https:\/\/yoast.com\/product\/yoast-seo-wordpress\/ -->\n<title>La voie la plus s\u00fbre pour conna\u00eetre l\u2019\u00e9tat des Royaumes , (2 volumes) - Beit al-Hikma<\/title>\n<meta name=\"robots\" content=\"index, follow, max-snippet:-1, max-image-preview:large, max-video-preview:-1\" \/>\n<link rel=\"canonical\" href=\"https:\/\/www.beitalhikma.tn\/fr\/publication\/acces-boutique\/livres-en-vente\/la-voie-la-plus-sure-pour-connaitre-letat-des-royaumes-2-volumes-2\/\" \/>\n<meta property=\"og:locale\" content=\"fr_FR\" \/>\n<meta property=\"og:type\" content=\"article\" \/>\n<meta property=\"og:title\" content=\"La voie la plus s\u00fbre pour conna\u00eetre l\u2019\u00e9tat des Royaumes , (2 volumes) - Beit al-Hikma\" \/>\n<meta property=\"og:description\" content=\"Titre de l\u2019ouvrage : Aqwam al-masalik fi ma&#039;rifat ahwal al mamalik (02 volumes) Auteur : Kh\u00e9r\u00e9dine Pacha Texte \u00e9tabli et annot\u00e9 par : Moncef Chenoufi  Langue : arabe   Edition : 2\u00e9me \u00e9dition  Date de parution : 2000  Format : 16x24  ISBN : 9789973929616\/9789973929624  Nombre de pages : T1 : 541, T2 : 524 Th\u00e8me : relation de voyage  Poids : 1700 gr Situation : disponible\" \/>\n<meta property=\"og:url\" content=\"https:\/\/www.beitalhikma.tn\/fr\/publication\/acces-boutique\/livres-en-vente\/la-voie-la-plus-sure-pour-connaitre-letat-des-royaumes-2-volumes-2\/\" \/>\n<meta property=\"og:site_name\" content=\"Beit al-Hikma\" \/>\n<meta property=\"article:publisher\" content=\"https:\/\/www.facebook.com\/BeitalhikmaTunisie\/\" \/>\n<meta property=\"article:modified_time\" content=\"2023-07-17T10:15:33+00:00\" \/>\n<meta property=\"og:image\" content=\"https:\/\/www.beitalhikma.tn\/wp-content\/uploads\/2023\/07\/Couv-T1-\u0623\u0642\u0648\u0645-\u0627\u0644\u0645\u0633\u0627\u0644\u0643-scaled.jpg\" \/>\n\t<meta property=\"og:image:width\" content=\"1600\" \/>\n\t<meta property=\"og:image:height\" content=\"2560\" \/>\n\t<meta property=\"og:image:type\" content=\"image\/jpeg\" \/>\n<meta name=\"twitter:card\" content=\"summary_large_image\" \/>\n<meta name=\"twitter:site\" content=\"@Beit_alhikma_TN\" \/>\n<meta name=\"twitter:label1\" content=\"Dur\u00e9e de lecture estim\u00e9e\" \/>\n\t<meta name=\"twitter:data1\" content=\"2 minutes\" \/>\n<script type=\"application\/ld+json\" class=\"yoast-schema-graph\">{\"@context\":\"https:\\\/\\\/schema.org\",\"@graph\":[{\"@type\":\"WebPage\",\"@id\":\"https:\\\/\\\/www.beitalhikma.tn\\\/fr\\\/publication\\\/acces-boutique\\\/livres-en-vente\\\/la-voie-la-plus-sure-pour-connaitre-letat-des-royaumes-2-volumes-2\\\/\",\"url\":\"https:\\\/\\\/www.beitalhikma.tn\\\/fr\\\/publication\\\/acces-boutique\\\/livres-en-vente\\\/la-voie-la-plus-sure-pour-connaitre-letat-des-royaumes-2-volumes-2\\\/\",\"name\":\"La voie la plus s\u00fbre pour conna\u00eetre l\u2019\u00e9tat des Royaumes , (2 volumes) - Beit al-Hikma\",\"isPartOf\":{\"@id\":\"https:\\\/\\\/www.beitalhikma.tn\\\/#website\"},\"primaryImageOfPage\":{\"@id\":\"https:\\\/\\\/www.beitalhikma.tn\\\/fr\\\/publication\\\/acces-boutique\\\/livres-en-vente\\\/la-voie-la-plus-sure-pour-connaitre-letat-des-royaumes-2-volumes-2\\\/#primaryimage\"},\"image\":{\"@id\":\"https:\\\/\\\/www.beitalhikma.tn\\\/fr\\\/publication\\\/acces-boutique\\\/livres-en-vente\\\/la-voie-la-plus-sure-pour-connaitre-letat-des-royaumes-2-volumes-2\\\/#primaryimage\"},\"thumbnailUrl\":\"https:\\\/\\\/www.beitalhikma.tn\\\/wp-content\\\/uploads\\\/2023\\\/07\\\/Couv-T1-\u0623\u0642\u0648\u0645-\u0627\u0644\u0645\u0633\u0627\u0644\u0643-scaled.jpg\",\"datePublished\":\"2023-07-13T07:49:18+00:00\",\"dateModified\":\"2023-07-17T10:15:33+00:00\",\"breadcrumb\":{\"@id\":\"https:\\\/\\\/www.beitalhikma.tn\\\/fr\\\/publication\\\/acces-boutique\\\/livres-en-vente\\\/la-voie-la-plus-sure-pour-connaitre-letat-des-royaumes-2-volumes-2\\\/#breadcrumb\"},\"inLanguage\":\"fr-FR\",\"potentialAction\":[{\"@type\":\"ReadAction\",\"target\":[\"https:\\\/\\\/www.beitalhikma.tn\\\/fr\\\/publication\\\/acces-boutique\\\/livres-en-vente\\\/la-voie-la-plus-sure-pour-connaitre-letat-des-royaumes-2-volumes-2\\\/\"]}]},{\"@type\":\"ImageObject\",\"inLanguage\":\"fr-FR\",\"@id\":\"https:\\\/\\\/www.beitalhikma.tn\\\/fr\\\/publication\\\/acces-boutique\\\/livres-en-vente\\\/la-voie-la-plus-sure-pour-connaitre-letat-des-royaumes-2-volumes-2\\\/#primaryimage\",\"url\":\"https:\\\/\\\/www.beitalhikma.tn\\\/wp-content\\\/uploads\\\/2023\\\/07\\\/Couv-T1-\u0623\u0642\u0648\u0645-\u0627\u0644\u0645\u0633\u0627\u0644\u0643-scaled.jpg\",\"contentUrl\":\"https:\\\/\\\/www.beitalhikma.tn\\\/wp-content\\\/uploads\\\/2023\\\/07\\\/Couv-T1-\u0623\u0642\u0648\u0645-\u0627\u0644\u0645\u0633\u0627\u0644\u0643-scaled.jpg\",\"width\":1600,\"height\":2560},{\"@type\":\"BreadcrumbList\",\"@id\":\"https:\\\/\\\/www.beitalhikma.tn\\\/fr\\\/publication\\\/acces-boutique\\\/livres-en-vente\\\/la-voie-la-plus-sure-pour-connaitre-letat-des-royaumes-2-volumes-2\\\/#breadcrumb\",\"itemListElement\":[{\"@type\":\"ListItem\",\"position\":1,\"name\":\"Accueil\",\"item\":\"https:\\\/\\\/www.beitalhikma.tn\\\/fr\\\/\"},{\"@type\":\"ListItem\",\"position\":2,\"name\":\"Boutique\",\"item\":\"https:\\\/\\\/www.beitalhikma.tn\\\/fr\\\/boutique\\\/\"},{\"@type\":\"ListItem\",\"position\":3,\"name\":\"La voie la plus s\u00fbre pour conna\u00eetre l\u2019\u00e9tat des Royaumes , (2 volumes)\"}]},{\"@type\":\"WebSite\",\"@id\":\"https:\\\/\\\/www.beitalhikma.tn\\\/#website\",\"url\":\"https:\\\/\\\/www.beitalhikma.tn\\\/\",\"name\":\"Beit al-Hikma\",\"description\":\"L&#039;Acad\u00e9mie Tunisienne des Sciences, des Lettres  et des Arts\",\"publisher\":{\"@id\":\"https:\\\/\\\/www.beitalhikma.tn\\\/#organization\"},\"potentialAction\":[{\"@type\":\"SearchAction\",\"target\":{\"@type\":\"EntryPoint\",\"urlTemplate\":\"https:\\\/\\\/www.beitalhikma.tn\\\/?s={search_term_string}\"},\"query-input\":{\"@type\":\"PropertyValueSpecification\",\"valueRequired\":true,\"valueName\":\"search_term_string\"}}],\"inLanguage\":\"fr-FR\"},{\"@type\":\"Organization\",\"@id\":\"https:\\\/\\\/www.beitalhikma.tn\\\/#organization\",\"name\":\"Beit Al Hikma\",\"url\":\"https:\\\/\\\/www.beitalhikma.tn\\\/\",\"logo\":{\"@type\":\"ImageObject\",\"inLanguage\":\"fr-FR\",\"@id\":\"https:\\\/\\\/www.beitalhikma.tn\\\/#\\\/schema\\\/logo\\\/image\\\/\",\"url\":\"https:\\\/\\\/www.beitalhikma.tn\\\/wp-content\\\/uploads\\\/2014\\\/11\\\/logo.png\",\"contentUrl\":\"https:\\\/\\\/www.beitalhikma.tn\\\/wp-content\\\/uploads\\\/2014\\\/11\\\/logo.png\",\"width\":288,\"height\":109,\"caption\":\"Beit Al Hikma\"},\"image\":{\"@id\":\"https:\\\/\\\/www.beitalhikma.tn\\\/#\\\/schema\\\/logo\\\/image\\\/\"},\"sameAs\":[\"https:\\\/\\\/www.facebook.com\\\/BeitalhikmaTunisie\\\/\",\"https:\\\/\\\/x.com\\\/Beit_alhikma_TN\",\"https:\\\/\\\/www.youtube.com\\\/channel\\\/UCl8EfDXqt5MFfcEY0UYhevg\"]}]}<\/script>\n<!-- \/ Yoast SEO plugin. -->","yoast_head_json":{"title":"La voie la plus s\u00fbre pour conna\u00eetre l\u2019\u00e9tat des Royaumes , (2 volumes) - Beit al-Hikma","robots":{"index":"index","follow":"follow","max-snippet":"max-snippet:-1","max-image-preview":"max-image-preview:large","max-video-preview":"max-video-preview:-1"},"canonical":"https:\/\/www.beitalhikma.tn\/fr\/publication\/acces-boutique\/livres-en-vente\/la-voie-la-plus-sure-pour-connaitre-letat-des-royaumes-2-volumes-2\/","og_locale":"fr_FR","og_type":"article","og_title":"La voie la plus s\u00fbre pour conna\u00eetre l\u2019\u00e9tat des Royaumes , (2 volumes) - Beit al-Hikma","og_description":"Titre de l\u2019ouvrage : Aqwam al-masalik fi ma'rifat ahwal al mamalik (02 volumes) Auteur : Kh\u00e9r\u00e9dine Pacha Texte \u00e9tabli et annot\u00e9 par : Moncef Chenoufi  Langue : arabe   Edition : 2\u00e9me \u00e9dition  Date de parution : 2000  Format : 16x24  ISBN : 9789973929616\/9789973929624  Nombre de pages : T1 : 541, T2 : 524 Th\u00e8me : relation de voyage  Poids : 1700 gr Situation : disponible","og_url":"https:\/\/www.beitalhikma.tn\/fr\/publication\/acces-boutique\/livres-en-vente\/la-voie-la-plus-sure-pour-connaitre-letat-des-royaumes-2-volumes-2\/","og_site_name":"Beit al-Hikma","article_publisher":"https:\/\/www.facebook.com\/BeitalhikmaTunisie\/","article_modified_time":"2023-07-17T10:15:33+00:00","og_image":[{"width":1600,"height":2560,"url":"https:\/\/www.beitalhikma.tn\/wp-content\/uploads\/2023\/07\/Couv-T1-\u0623\u0642\u0648\u0645-\u0627\u0644\u0645\u0633\u0627\u0644\u0643-scaled.jpg","type":"image\/jpeg"}],"twitter_card":"summary_large_image","twitter_site":"@Beit_alhikma_TN","twitter_misc":{"Dur\u00e9e de lecture estim\u00e9e":"2 minutes"},"schema":{"@context":"https:\/\/schema.org","@graph":[{"@type":"WebPage","@id":"https:\/\/www.beitalhikma.tn\/fr\/publication\/acces-boutique\/livres-en-vente\/la-voie-la-plus-sure-pour-connaitre-letat-des-royaumes-2-volumes-2\/","url":"https:\/\/www.beitalhikma.tn\/fr\/publication\/acces-boutique\/livres-en-vente\/la-voie-la-plus-sure-pour-connaitre-letat-des-royaumes-2-volumes-2\/","name":"La voie la plus s\u00fbre pour conna\u00eetre l\u2019\u00e9tat des Royaumes , (2 volumes) - Beit al-Hikma","isPartOf":{"@id":"https:\/\/www.beitalhikma.tn\/#website"},"primaryImageOfPage":{"@id":"https:\/\/www.beitalhikma.tn\/fr\/publication\/acces-boutique\/livres-en-vente\/la-voie-la-plus-sure-pour-connaitre-letat-des-royaumes-2-volumes-2\/#primaryimage"},"image":{"@id":"https:\/\/www.beitalhikma.tn\/fr\/publication\/acces-boutique\/livres-en-vente\/la-voie-la-plus-sure-pour-connaitre-letat-des-royaumes-2-volumes-2\/#primaryimage"},"thumbnailUrl":"https:\/\/www.beitalhikma.tn\/wp-content\/uploads\/2023\/07\/Couv-T1-\u0623\u0642\u0648\u0645-\u0627\u0644\u0645\u0633\u0627\u0644\u0643-scaled.jpg","datePublished":"2023-07-13T07:49:18+00:00","dateModified":"2023-07-17T10:15:33+00:00","breadcrumb":{"@id":"https:\/\/www.beitalhikma.tn\/fr\/publication\/acces-boutique\/livres-en-vente\/la-voie-la-plus-sure-pour-connaitre-letat-des-royaumes-2-volumes-2\/#breadcrumb"},"inLanguage":"fr-FR","potentialAction":[{"@type":"ReadAction","target":["https:\/\/www.beitalhikma.tn\/fr\/publication\/acces-boutique\/livres-en-vente\/la-voie-la-plus-sure-pour-connaitre-letat-des-royaumes-2-volumes-2\/"]}]},{"@type":"ImageObject","inLanguage":"fr-FR","@id":"https:\/\/www.beitalhikma.tn\/fr\/publication\/acces-boutique\/livres-en-vente\/la-voie-la-plus-sure-pour-connaitre-letat-des-royaumes-2-volumes-2\/#primaryimage","url":"https:\/\/www.beitalhikma.tn\/wp-content\/uploads\/2023\/07\/Couv-T1-\u0623\u0642\u0648\u0645-\u0627\u0644\u0645\u0633\u0627\u0644\u0643-scaled.jpg","contentUrl":"https:\/\/www.beitalhikma.tn\/wp-content\/uploads\/2023\/07\/Couv-T1-\u0623\u0642\u0648\u0645-\u0627\u0644\u0645\u0633\u0627\u0644\u0643-scaled.jpg","width":1600,"height":2560},{"@type":"BreadcrumbList","@id":"https:\/\/www.beitalhikma.tn\/fr\/publication\/acces-boutique\/livres-en-vente\/la-voie-la-plus-sure-pour-connaitre-letat-des-royaumes-2-volumes-2\/#breadcrumb","itemListElement":[{"@type":"ListItem","position":1,"name":"Accueil","item":"https:\/\/www.beitalhikma.tn\/fr\/"},{"@type":"ListItem","position":2,"name":"Boutique","item":"https:\/\/www.beitalhikma.tn\/fr\/boutique\/"},{"@type":"ListItem","position":3,"name":"La voie la plus s\u00fbre pour conna\u00eetre l\u2019\u00e9tat des Royaumes , (2 volumes)"}]},{"@type":"WebSite","@id":"https:\/\/www.beitalhikma.tn\/#website","url":"https:\/\/www.beitalhikma.tn\/","name":"Beit al-Hikma","description":"L&#039;Acad\u00e9mie Tunisienne des Sciences, des Lettres  et des Arts","publisher":{"@id":"https:\/\/www.beitalhikma.tn\/#organization"},"potentialAction":[{"@type":"SearchAction","target":{"@type":"EntryPoint","urlTemplate":"https:\/\/www.beitalhikma.tn\/?s={search_term_string}"},"query-input":{"@type":"PropertyValueSpecification","valueRequired":true,"valueName":"search_term_string"}}],"inLanguage":"fr-FR"},{"@type":"Organization","@id":"https:\/\/www.beitalhikma.tn\/#organization","name":"Beit Al Hikma","url":"https:\/\/www.beitalhikma.tn\/","logo":{"@type":"ImageObject","inLanguage":"fr-FR","@id":"https:\/\/www.beitalhikma.tn\/#\/schema\/logo\/image\/","url":"https:\/\/www.beitalhikma.tn\/wp-content\/uploads\/2014\/11\/logo.png","contentUrl":"https:\/\/www.beitalhikma.tn\/wp-content\/uploads\/2014\/11\/logo.png","width":288,"height":109,"caption":"Beit Al Hikma"},"image":{"@id":"https:\/\/www.beitalhikma.tn\/#\/schema\/logo\/image\/"},"sameAs":["https:\/\/www.facebook.com\/BeitalhikmaTunisie\/","https:\/\/x.com\/Beit_alhikma_TN","https:\/\/www.youtube.com\/channel\/UCl8EfDXqt5MFfcEY0UYhevg"]}]}},"uagb_featured_image_src":{"full":["https:\/\/www.beitalhikma.tn\/wp-content\/uploads\/2023\/07\/Couv-T1-\u0623\u0642\u0648\u0645-\u0627\u0644\u0645\u0633\u0627\u0644\u0643-scaled.jpg",1600,2560,false],"thumbnail":["https:\/\/www.beitalhikma.tn\/wp-content\/uploads\/2023\/07\/Couv-T1-\u0623\u0642\u0648\u0645-\u0627\u0644\u0645\u0633\u0627\u0644\u0643-250x300.jpg",250,300,true],"medium":["https:\/\/www.beitalhikma.tn\/wp-content\/uploads\/2023\/07\/Couv-T1-\u0623\u0642\u0648\u0645-\u0627\u0644\u0645\u0633\u0627\u0644\u0643-187x300.jpg",187,300,true],"medium_large":["https:\/\/www.beitalhikma.tn\/wp-content\/uploads\/2023\/07\/Couv-T1-\u0623\u0642\u0648\u0645-\u0627\u0644\u0645\u0633\u0627\u0644\u0643-768x1229.jpg",768,1229,true],"large":["https:\/\/www.beitalhikma.tn\/wp-content\/uploads\/2023\/07\/Couv-T1-\u0623\u0642\u0648\u0645-\u0627\u0644\u0645\u0633\u0627\u0644\u0643-640x1024.jpg",640,1024,true],"thumblist":["https:\/\/www.beitalhikma.tn\/wp-content\/uploads\/2023\/07\/Couv-T1-\u0623\u0642\u0648\u0645-\u0627\u0644\u0645\u0633\u0627\u0644\u0643-300x300.jpg",300,300,true],"meccarouselthumb":["https:\/\/www.beitalhikma.tn\/wp-content\/uploads\/2023\/07\/Couv-T1-\u0623\u0642\u0648\u0645-\u0627\u0644\u0645\u0633\u0627\u0644\u0643-474x324.jpg",474,324,true],"gridsquare":["https:\/\/www.beitalhikma.tn\/wp-content\/uploads\/2023\/07\/Couv-T1-\u0623\u0642\u0648\u0645-\u0627\u0644\u0645\u0633\u0627\u0644\u0643-391x260.jpg",391,260,true],"tileview":["https:\/\/www.beitalhikma.tn\/wp-content\/uploads\/2023\/07\/Couv-T1-\u0623\u0642\u0648\u0645-\u0627\u0644\u0645\u0633\u0627\u0644\u0643-300x400.jpg",300,400,true],"1536x1536":["https:\/\/www.beitalhikma.tn\/wp-content\/uploads\/2023\/07\/Couv-T1-\u0623\u0642\u0648\u0645-\u0627\u0644\u0645\u0633\u0627\u0644\u0643-960x1536.jpg",960,1536,true],"2048x2048":["https:\/\/www.beitalhikma.tn\/wp-content\/uploads\/2023\/07\/Couv-T1-\u0623\u0642\u0648\u0645-\u0627\u0644\u0645\u0633\u0627\u0644\u0643-1280x2048.jpg",1280,2048,true],"post-thumbnail":["https:\/\/www.beitalhikma.tn\/wp-content\/uploads\/2023\/07\/Couv-T1-\u0623\u0642\u0648\u0645-\u0627\u0644\u0645\u0633\u0627\u0644\u0643-91x146.jpg",91,146,true],"50x50":["https:\/\/www.beitalhikma.tn\/wp-content\/uploads\/2023\/07\/Couv-T1-\u0623\u0642\u0648\u0645-\u0627\u0644\u0645\u0633\u0627\u0644\u0643-31x50.jpg",31,50,true],"portfolio-list":["https:\/\/www.beitalhikma.tn\/wp-content\/uploads\/2023\/07\/Couv-T1-\u0623\u0642\u0648\u0645-\u0627\u0644\u0645\u0633\u0627\u0644\u0643-600x400.jpg",600,400,true],"portfolio-fs":["https:\/\/www.beitalhikma.tn\/wp-content\/uploads\/2023\/07\/Couv-T1-\u0623\u0642\u0648\u0645-\u0627\u0644\u0645\u0633\u0627\u0644\u0643-815x543.jpg",815,543,true],"portfolio-slider":["https:\/\/www.beitalhikma.tn\/wp-content\/uploads\/2023\/07\/Couv-T1-\u0623\u0642\u0648\u0645-\u0627\u0644\u0645\u0633\u0627\u0644\u0643-380x380.jpg",380,380,true],"blog":["https:\/\/www.beitalhikma.tn\/wp-content\/uploads\/2023\/07\/Couv-T1-\u0623\u0642\u0648\u0645-\u0627\u0644\u0645\u0633\u0627\u0644\u0643-564x341.jpg",564,341,true],"blog-single":["https:\/\/www.beitalhikma.tn\/wp-content\/uploads\/2023\/07\/Couv-T1-\u0623\u0642\u0648\u0645-\u0627\u0644\u0645\u0633\u0627\u0644\u0643-1176x445.jpg",1176,445,true],"blog-item":["https:\/\/www.beitalhikma.tn\/wp-content\/uploads\/2023\/07\/Couv-T1-\u0623\u0642\u0648\u0645-\u0627\u0644\u0645\u0633\u0627\u0644\u0643-504x224.jpg",504,224,true],"blog-widget":["https:\/\/www.beitalhikma.tn\/wp-content\/uploads\/2023\/07\/Couv-T1-\u0623\u0642\u0648\u0645-\u0627\u0644\u0645\u0633\u0627\u0644\u0643-80x60.jpg",80,60,true],"features":["https:\/\/www.beitalhikma.tn\/wp-content\/uploads\/2023\/07\/Couv-T1-\u0623\u0642\u0648\u0645-\u0627\u0644\u0645\u0633\u0627\u0644\u0643-90x90.jpg",90,90,true],"clients-slider":["https:\/\/www.beitalhikma.tn\/wp-content\/uploads\/2023\/07\/Couv-T1-\u0623\u0642\u0648\u0645-\u0627\u0644\u0645\u0633\u0627\u0644\u0643-50x80.jpg",50,80,true],"offer-slider":["https:\/\/www.beitalhikma.tn\/wp-content\/uploads\/2023\/07\/Couv-T1-\u0623\u0642\u0648\u0645-\u0627\u0644\u0645\u0633\u0627\u0644\u0643-776x438.jpg",776,438,true],"offer-slider-pg":["https:\/\/www.beitalhikma.tn\/wp-content\/uploads\/2023\/07\/Couv-T1-\u0623\u0642\u0648\u0645-\u0627\u0644\u0645\u0633\u0627\u0644\u0643-42x42.jpg",42,42,true],"woocommerce_thumbnail":["https:\/\/www.beitalhikma.tn\/wp-content\/uploads\/2023\/07\/Couv-T1-\u0623\u0642\u0648\u0645-\u0627\u0644\u0645\u0633\u0627\u0644\u0643-250x300.jpg",250,300,true],"woocommerce_single":["https:\/\/www.beitalhikma.tn\/wp-content\/uploads\/2023\/07\/Couv-T1-\u0623\u0642\u0648\u0645-\u0627\u0644\u0645\u0633\u0627\u0644\u0643-250x400.jpg",250,400,true],"woocommerce_gallery_thumbnail":["https:\/\/www.beitalhikma.tn\/wp-content\/uploads\/2023\/07\/Couv-T1-\u0623\u0642\u0648\u0645-\u0627\u0644\u0645\u0633\u0627\u0644\u0643-100x100.jpg",100,100,true]},"uagb_author_info":{"display_name":"admin","author_link":"https:\/\/www.beitalhikma.tn\/fr\/author\/"},"uagb_comment_info":0,"uagb_excerpt":"Titre de l\u2019ouvrage : Aqwam al-masalik fi ma'rifat ahwal al mamalik (02 volumes) Auteur : Kh\u00e9r\u00e9dine Pacha Texte \u00e9tabli et annot\u00e9 par : Moncef Chenoufi Langue : arabe Edition : 2\u00e9me \u00e9dition Date de parution : 2000 Format : 16x24 ISBN : 9789973929616\/9789973929624 Nombre de pages : T1 : 541, T2 : 524 Th\u00e8me :\u2026","_links":{"self":[{"href":"https:\/\/www.beitalhikma.tn\/fr\/wp-json\/wp\/v2\/product\/105572","targetHints":{"allow":["GET"]}}],"collection":[{"href":"https:\/\/www.beitalhikma.tn\/fr\/wp-json\/wp\/v2\/product"}],"about":[{"href":"https:\/\/www.beitalhikma.tn\/fr\/wp-json\/wp\/v2\/types\/product"}],"wp:featuredmedia":[{"embeddable":true,"href":"https:\/\/www.beitalhikma.tn\/fr\/wp-json\/wp\/v2\/media\/105570"}],"wp:attachment":[{"href":"https:\/\/www.beitalhikma.tn\/fr\/wp-json\/wp\/v2\/media?parent=105572"}],"wp:term":[{"taxonomy":"product_brand","embeddable":true,"href":"https:\/\/www.beitalhikma.tn\/fr\/wp-json\/wp\/v2\/product_brand?post=105572"},{"taxonomy":"product_cat","embeddable":true,"href":"https:\/\/www.beitalhikma.tn\/fr\/wp-json\/wp\/v2\/product_cat?post=105572"},{"taxonomy":"product_tag","embeddable":true,"href":"https:\/\/www.beitalhikma.tn\/fr\/wp-json\/wp\/v2\/product_tag?post=105572"}],"curies":[{"name":"wp","href":"https:\/\/api.w.org\/{rel}","templated":true}]}}