{"id":10597,"date":"2016-11-10T10:26:35","date_gmt":"2016-11-10T09:26:35","guid":{"rendered":"http:\/\/www.beitalhikma.tn\/?post_type=product&#038;p=10597"},"modified":"2022-09-08T14:00:34","modified_gmt":"2022-09-08T13:00:34","slug":"ibn-rushdaverroesla-decouverte-des-methodedemonstrative-des-dogmes-religieux","status":"publish","type":"product","link":"https:\/\/www.beitalhikma.tn\/fr\/publication\/acces-boutique\/livres-en-vente\/ibn-rushdaverroesla-decouverte-des-methodedemonstrative-des-dogmes-religieux\/","title":{"rendered":"La d\u00e9couverte des m\u00e9thodes d\u00e9monstratives des dogmes religieux, et l\u2019expos\u00e9 des ambigu\u00eft\u00e9s d\u00e9viatrices et des innovations d\u00e9routantes r\u00e9sultant de l\u2019interpr\u00e9tation de ces dogme (Ibn Rushd)"},"content":{"rendered":"<p><center><strong>Lectures interpr\u00e9tatives du texte coranique et des choses sacr\u00e9es, arguments coraniques en faveur de l&#8217;existence de Dieu, th\u00e9ologie islamique, pr\u00e9ceptes religieux, Dieu et ses attributs, cr\u00e9ation de l&#8217;univers, conflits entre sectes, tels sont les plus importants th\u00e8mes \u00e9voqu\u00e9s dans l&#8217;ouvrage d&#8217;Ibn Rushd intitul\u00e9: &#8220;La d\u00e9couverte des m\u00e9thodes d\u00e9monstratives des dogmes religieux&#8221;.<\/strong><br \/>\n<strong> L&#8217;auteur \u00e9tudie dans son ouvrage certains th\u00e8mes se rapportant au Ilm al-kalam et aux conflits des mutakallimun autour de principes de base touchant la religion. Il critique en outre certaines m\u00e9thodes d\u00e9monstratives chez plusieurs sectes, qui ont engendr\u00e9 &#8221; conflits et guerres&#8221; , port\u00e9 pr\u00e9judice \u00e0 la loi islamique, sem\u00e9 la discorde entre les musulmans; alors qu&#8217;une harmonie attest\u00e9e par une &#8221; \u00e9vidence rationnelle&#8221; rassemble selon Ibn Rushd la charia et la philosophie. Cependant il ne faut jamais annoncer au public des v\u00e9rit\u00e9s ayant trait \u00e0 des th\u00e8mes m\u00e9taphysiques tr\u00e8s complexes.<\/strong><\/center><\/p>\n","protected":false},"excerpt":{"rendered":"<ul>\n<li><strong>Titre de l\u2019ouvrage :<\/strong> La d\u00e9couverte des m\u00e9thodes d\u00e9monstratives des dogmes religieux , et l&#8217;expos\u00e9 des ambigu\u00eft\u00e9s d\u00e9viatrices et des<\/li>\n<li>innovations d\u00e9routantes r\u00e9sultant de l&#8217;interpr\u00e9tation de ces dogmes<br \/>\n<strong>Auteur :<\/strong> Ibn Rushd (Averro\u00e8s)<br \/>\n<strong>Etude et Traduction :<\/strong> Abdelmajid El Ghannouchi<\/li>\n<li><strong>Ouvrage revu et pr\u00e9sent\u00e9<\/strong> par Mokdad Arfa-Mensia<\/li>\n<li><strong>Langue :<\/strong> fran\u00e7ais<\/li>\n<li><strong>Date de parution :<\/strong> 2016<\/li>\n<li><strong>Format :<\/strong> 16&#215;24<\/li>\n<li><strong>ISBN :<\/strong> 9789973491725<\/li>\n<li><strong>Nombre de pages :<\/strong> 279<br \/>\n<strong>Th\u00e8me :<\/strong> philosophie<\/li>\n<li><strong>Poids :<\/strong> 400 gr<br \/>\n<b>Situation : <\/b>disponible<\/li>\n<\/ul>\n","protected":false},"featured_media":10604,"template":"","meta":{"_uag_custom_page_level_css":""},"product_brand":[],"product_cat":[11],"product_tag":[],"class_list":{"0":"post-10597","1":"product","2":"type-product","3":"status-publish","4":"has-post-thumbnail","6":"product_cat-livres-en-vente","8":"first","9":"instock","10":"sale","11":"shipping-taxable","12":"purchasable","13":"product-type-simple"},"yoast_head":"<!-- This site is optimized with the Yoast SEO plugin v27.4 - https:\/\/yoast.com\/product\/yoast-seo-wordpress\/ -->\n<title>La d\u00e9couverte des m\u00e9thodes d\u00e9monstratives des dogmes religieux, et l\u2019expos\u00e9 des ambigu\u00eft\u00e9s d\u00e9viatrices et des innovations d\u00e9routantes r\u00e9sultant de l\u2019interpr\u00e9tation de ces dogme (Ibn Rushd) - Beit al-Hikma<\/title>\n<meta name=\"robots\" content=\"index, follow, max-snippet:-1, max-image-preview:large, max-video-preview:-1\" \/>\n<link rel=\"canonical\" href=\"https:\/\/www.beitalhikma.tn\/fr\/publication\/acces-boutique\/livres-en-vente\/ibn-rushdaverroesla-decouverte-des-methodedemonstrative-des-dogmes-religieux\/\" \/>\n<meta property=\"og:locale\" content=\"fr_FR\" \/>\n<meta property=\"og:type\" content=\"article\" \/>\n<meta property=\"og:title\" content=\"La d\u00e9couverte des m\u00e9thodes d\u00e9monstratives des dogmes religieux, et l\u2019expos\u00e9 des ambigu\u00eft\u00e9s d\u00e9viatrices et des innovations d\u00e9routantes r\u00e9sultant de l\u2019interpr\u00e9tation de ces dogme (Ibn Rushd) - Beit al-Hikma\" \/>\n<meta property=\"og:description\" content=\"Titre de l\u2019ouvrage : La d\u00e9couverte des m\u00e9thodes d\u00e9monstratives des dogmes religieux , et l&#039;expos\u00e9 des ambigu\u00eft\u00e9s d\u00e9viatrices et des  innovations d\u00e9routantes r\u00e9sultant de l&#039;interpr\u00e9tation de ces dogmes Auteur : Ibn Rushd (Averro\u00e8s) Etude et Traduction : Abdelmajid El Ghannouchi  Ouvrage revu et pr\u00e9sent\u00e9 par Mokdad Arfa-Mensia  Langue : fran\u00e7ais  Date de parution : 2016  Format : 16x24  ISBN : 9789973491725  Nombre de pages : 279 Th\u00e8me : philosophie  Poids : 400 gr Situation : disponible\" \/>\n<meta property=\"og:url\" content=\"https:\/\/www.beitalhikma.tn\/fr\/publication\/acces-boutique\/livres-en-vente\/ibn-rushdaverroesla-decouverte-des-methodedemonstrative-des-dogmes-religieux\/\" \/>\n<meta property=\"og:site_name\" content=\"Beit al-Hikma\" \/>\n<meta property=\"article:publisher\" content=\"https:\/\/www.facebook.com\/BeitalhikmaTunisie\/\" \/>\n<meta property=\"article:modified_time\" content=\"2022-09-08T13:00:34+00:00\" \/>\n<meta property=\"og:image\" content=\"https:\/\/www.beitalhikma.tn\/wp-content\/uploads\/2016\/11\/Sans-titre2-e1478770334583.png\" \/>\n\t<meta property=\"og:image:width\" content=\"120\" \/>\n\t<meta property=\"og:image:height\" content=\"185\" \/>\n\t<meta property=\"og:image:type\" content=\"image\/png\" \/>\n<meta name=\"twitter:card\" content=\"summary_large_image\" \/>\n<meta name=\"twitter:site\" content=\"@Beit_alhikma_TN\" \/>\n<meta name=\"twitter:label1\" content=\"Dur\u00e9e de lecture estim\u00e9e\" \/>\n\t<meta name=\"twitter:data1\" content=\"1 minute\" \/>\n<script type=\"application\/ld+json\" class=\"yoast-schema-graph\">{\"@context\":\"https:\\\/\\\/schema.org\",\"@graph\":[{\"@type\":\"WebPage\",\"@id\":\"https:\\\/\\\/www.beitalhikma.tn\\\/fr\\\/publication\\\/acces-boutique\\\/livres-en-vente\\\/ibn-rushdaverroesla-decouverte-des-methodedemonstrative-des-dogmes-religieux\\\/\",\"url\":\"https:\\\/\\\/www.beitalhikma.tn\\\/fr\\\/publication\\\/acces-boutique\\\/livres-en-vente\\\/ibn-rushdaverroesla-decouverte-des-methodedemonstrative-des-dogmes-religieux\\\/\",\"name\":\"La d\u00e9couverte des m\u00e9thodes d\u00e9monstratives des dogmes religieux, et l\u2019expos\u00e9 des ambigu\u00eft\u00e9s d\u00e9viatrices et des innovations d\u00e9routantes r\u00e9sultant de l\u2019interpr\u00e9tation de ces dogme (Ibn Rushd) - Beit al-Hikma\",\"isPartOf\":{\"@id\":\"https:\\\/\\\/www.beitalhikma.tn\\\/#website\"},\"primaryImageOfPage\":{\"@id\":\"https:\\\/\\\/www.beitalhikma.tn\\\/fr\\\/publication\\\/acces-boutique\\\/livres-en-vente\\\/ibn-rushdaverroesla-decouverte-des-methodedemonstrative-des-dogmes-religieux\\\/#primaryimage\"},\"image\":{\"@id\":\"https:\\\/\\\/www.beitalhikma.tn\\\/fr\\\/publication\\\/acces-boutique\\\/livres-en-vente\\\/ibn-rushdaverroesla-decouverte-des-methodedemonstrative-des-dogmes-religieux\\\/#primaryimage\"},\"thumbnailUrl\":\"https:\\\/\\\/www.beitalhikma.tn\\\/wp-content\\\/uploads\\\/2016\\\/11\\\/Sans-titre2-e1478770334583.png\",\"datePublished\":\"2016-11-10T09:26:35+00:00\",\"dateModified\":\"2022-09-08T13:00:34+00:00\",\"breadcrumb\":{\"@id\":\"https:\\\/\\\/www.beitalhikma.tn\\\/fr\\\/publication\\\/acces-boutique\\\/livres-en-vente\\\/ibn-rushdaverroesla-decouverte-des-methodedemonstrative-des-dogmes-religieux\\\/#breadcrumb\"},\"inLanguage\":\"fr-FR\",\"potentialAction\":[{\"@type\":\"ReadAction\",\"target\":[\"https:\\\/\\\/www.beitalhikma.tn\\\/fr\\\/publication\\\/acces-boutique\\\/livres-en-vente\\\/ibn-rushdaverroesla-decouverte-des-methodedemonstrative-des-dogmes-religieux\\\/\"]}]},{\"@type\":\"ImageObject\",\"inLanguage\":\"fr-FR\",\"@id\":\"https:\\\/\\\/www.beitalhikma.tn\\\/fr\\\/publication\\\/acces-boutique\\\/livres-en-vente\\\/ibn-rushdaverroesla-decouverte-des-methodedemonstrative-des-dogmes-religieux\\\/#primaryimage\",\"url\":\"https:\\\/\\\/www.beitalhikma.tn\\\/wp-content\\\/uploads\\\/2016\\\/11\\\/Sans-titre2-e1478770334583.png\",\"contentUrl\":\"https:\\\/\\\/www.beitalhikma.tn\\\/wp-content\\\/uploads\\\/2016\\\/11\\\/Sans-titre2-e1478770334583.png\",\"width\":120,\"height\":185},{\"@type\":\"BreadcrumbList\",\"@id\":\"https:\\\/\\\/www.beitalhikma.tn\\\/fr\\\/publication\\\/acces-boutique\\\/livres-en-vente\\\/ibn-rushdaverroesla-decouverte-des-methodedemonstrative-des-dogmes-religieux\\\/#breadcrumb\",\"itemListElement\":[{\"@type\":\"ListItem\",\"position\":1,\"name\":\"Accueil\",\"item\":\"https:\\\/\\\/www.beitalhikma.tn\\\/fr\\\/\"},{\"@type\":\"ListItem\",\"position\":2,\"name\":\"Boutique\",\"item\":\"https:\\\/\\\/www.beitalhikma.tn\\\/fr\\\/boutique\\\/\"},{\"@type\":\"ListItem\",\"position\":3,\"name\":\"La d\u00e9couverte des m\u00e9thodes d\u00e9monstratives des dogmes religieux, et l\u2019expos\u00e9 des ambigu\u00eft\u00e9s d\u00e9viatrices et des innovations d\u00e9routantes r\u00e9sultant de l\u2019interpr\u00e9tation de ces dogme (Ibn Rushd)\"}]},{\"@type\":\"WebSite\",\"@id\":\"https:\\\/\\\/www.beitalhikma.tn\\\/#website\",\"url\":\"https:\\\/\\\/www.beitalhikma.tn\\\/\",\"name\":\"Beit al-Hikma\",\"description\":\"L&#039;Acad\u00e9mie Tunisienne des Sciences, des Lettres  et des Arts\",\"publisher\":{\"@id\":\"https:\\\/\\\/www.beitalhikma.tn\\\/#organization\"},\"potentialAction\":[{\"@type\":\"SearchAction\",\"target\":{\"@type\":\"EntryPoint\",\"urlTemplate\":\"https:\\\/\\\/www.beitalhikma.tn\\\/?s={search_term_string}\"},\"query-input\":{\"@type\":\"PropertyValueSpecification\",\"valueRequired\":true,\"valueName\":\"search_term_string\"}}],\"inLanguage\":\"fr-FR\"},{\"@type\":\"Organization\",\"@id\":\"https:\\\/\\\/www.beitalhikma.tn\\\/#organization\",\"name\":\"Beit Al Hikma\",\"url\":\"https:\\\/\\\/www.beitalhikma.tn\\\/\",\"logo\":{\"@type\":\"ImageObject\",\"inLanguage\":\"fr-FR\",\"@id\":\"https:\\\/\\\/www.beitalhikma.tn\\\/#\\\/schema\\\/logo\\\/image\\\/\",\"url\":\"https:\\\/\\\/www.beitalhikma.tn\\\/wp-content\\\/uploads\\\/2014\\\/11\\\/logo.png\",\"contentUrl\":\"https:\\\/\\\/www.beitalhikma.tn\\\/wp-content\\\/uploads\\\/2014\\\/11\\\/logo.png\",\"width\":288,\"height\":109,\"caption\":\"Beit Al Hikma\"},\"image\":{\"@id\":\"https:\\\/\\\/www.beitalhikma.tn\\\/#\\\/schema\\\/logo\\\/image\\\/\"},\"sameAs\":[\"https:\\\/\\\/www.facebook.com\\\/BeitalhikmaTunisie\\\/\",\"https:\\\/\\\/x.com\\\/Beit_alhikma_TN\",\"https:\\\/\\\/www.youtube.com\\\/channel\\\/UCl8EfDXqt5MFfcEY0UYhevg\"]}]}<\/script>\n<!-- \/ Yoast SEO plugin. -->","yoast_head_json":{"title":"La d\u00e9couverte des m\u00e9thodes d\u00e9monstratives des dogmes religieux, et l\u2019expos\u00e9 des ambigu\u00eft\u00e9s d\u00e9viatrices et des innovations d\u00e9routantes r\u00e9sultant de l\u2019interpr\u00e9tation de ces dogme (Ibn Rushd) - Beit al-Hikma","robots":{"index":"index","follow":"follow","max-snippet":"max-snippet:-1","max-image-preview":"max-image-preview:large","max-video-preview":"max-video-preview:-1"},"canonical":"https:\/\/www.beitalhikma.tn\/fr\/publication\/acces-boutique\/livres-en-vente\/ibn-rushdaverroesla-decouverte-des-methodedemonstrative-des-dogmes-religieux\/","og_locale":"fr_FR","og_type":"article","og_title":"La d\u00e9couverte des m\u00e9thodes d\u00e9monstratives des dogmes religieux, et l\u2019expos\u00e9 des ambigu\u00eft\u00e9s d\u00e9viatrices et des innovations d\u00e9routantes r\u00e9sultant de l\u2019interpr\u00e9tation de ces dogme (Ibn Rushd) - Beit al-Hikma","og_description":"Titre de l\u2019ouvrage : La d\u00e9couverte des m\u00e9thodes d\u00e9monstratives des dogmes religieux , et l'expos\u00e9 des ambigu\u00eft\u00e9s d\u00e9viatrices et des  innovations d\u00e9routantes r\u00e9sultant de l'interpr\u00e9tation de ces dogmes Auteur : Ibn Rushd (Averro\u00e8s) Etude et Traduction : Abdelmajid El Ghannouchi  Ouvrage revu et pr\u00e9sent\u00e9 par Mokdad Arfa-Mensia  Langue : fran\u00e7ais  Date de parution : 2016  Format : 16x24  ISBN : 9789973491725  Nombre de pages : 279 Th\u00e8me : philosophie  Poids : 400 gr Situation : disponible","og_url":"https:\/\/www.beitalhikma.tn\/fr\/publication\/acces-boutique\/livres-en-vente\/ibn-rushdaverroesla-decouverte-des-methodedemonstrative-des-dogmes-religieux\/","og_site_name":"Beit al-Hikma","article_publisher":"https:\/\/www.facebook.com\/BeitalhikmaTunisie\/","article_modified_time":"2022-09-08T13:00:34+00:00","og_image":[{"width":120,"height":185,"url":"https:\/\/www.beitalhikma.tn\/wp-content\/uploads\/2016\/11\/Sans-titre2-e1478770334583.png","type":"image\/png"}],"twitter_card":"summary_large_image","twitter_site":"@Beit_alhikma_TN","twitter_misc":{"Dur\u00e9e de lecture estim\u00e9e":"1 minute"},"schema":{"@context":"https:\/\/schema.org","@graph":[{"@type":"WebPage","@id":"https:\/\/www.beitalhikma.tn\/fr\/publication\/acces-boutique\/livres-en-vente\/ibn-rushdaverroesla-decouverte-des-methodedemonstrative-des-dogmes-religieux\/","url":"https:\/\/www.beitalhikma.tn\/fr\/publication\/acces-boutique\/livres-en-vente\/ibn-rushdaverroesla-decouverte-des-methodedemonstrative-des-dogmes-religieux\/","name":"La d\u00e9couverte des m\u00e9thodes d\u00e9monstratives des dogmes religieux, et l\u2019expos\u00e9 des ambigu\u00eft\u00e9s d\u00e9viatrices et des innovations d\u00e9routantes r\u00e9sultant de l\u2019interpr\u00e9tation de ces dogme (Ibn Rushd) - Beit al-Hikma","isPartOf":{"@id":"https:\/\/www.beitalhikma.tn\/#website"},"primaryImageOfPage":{"@id":"https:\/\/www.beitalhikma.tn\/fr\/publication\/acces-boutique\/livres-en-vente\/ibn-rushdaverroesla-decouverte-des-methodedemonstrative-des-dogmes-religieux\/#primaryimage"},"image":{"@id":"https:\/\/www.beitalhikma.tn\/fr\/publication\/acces-boutique\/livres-en-vente\/ibn-rushdaverroesla-decouverte-des-methodedemonstrative-des-dogmes-religieux\/#primaryimage"},"thumbnailUrl":"https:\/\/www.beitalhikma.tn\/wp-content\/uploads\/2016\/11\/Sans-titre2-e1478770334583.png","datePublished":"2016-11-10T09:26:35+00:00","dateModified":"2022-09-08T13:00:34+00:00","breadcrumb":{"@id":"https:\/\/www.beitalhikma.tn\/fr\/publication\/acces-boutique\/livres-en-vente\/ibn-rushdaverroesla-decouverte-des-methodedemonstrative-des-dogmes-religieux\/#breadcrumb"},"inLanguage":"fr-FR","potentialAction":[{"@type":"ReadAction","target":["https:\/\/www.beitalhikma.tn\/fr\/publication\/acces-boutique\/livres-en-vente\/ibn-rushdaverroesla-decouverte-des-methodedemonstrative-des-dogmes-religieux\/"]}]},{"@type":"ImageObject","inLanguage":"fr-FR","@id":"https:\/\/www.beitalhikma.tn\/fr\/publication\/acces-boutique\/livres-en-vente\/ibn-rushdaverroesla-decouverte-des-methodedemonstrative-des-dogmes-religieux\/#primaryimage","url":"https:\/\/www.beitalhikma.tn\/wp-content\/uploads\/2016\/11\/Sans-titre2-e1478770334583.png","contentUrl":"https:\/\/www.beitalhikma.tn\/wp-content\/uploads\/2016\/11\/Sans-titre2-e1478770334583.png","width":120,"height":185},{"@type":"BreadcrumbList","@id":"https:\/\/www.beitalhikma.tn\/fr\/publication\/acces-boutique\/livres-en-vente\/ibn-rushdaverroesla-decouverte-des-methodedemonstrative-des-dogmes-religieux\/#breadcrumb","itemListElement":[{"@type":"ListItem","position":1,"name":"Accueil","item":"https:\/\/www.beitalhikma.tn\/fr\/"},{"@type":"ListItem","position":2,"name":"Boutique","item":"https:\/\/www.beitalhikma.tn\/fr\/boutique\/"},{"@type":"ListItem","position":3,"name":"La d\u00e9couverte des m\u00e9thodes d\u00e9monstratives des dogmes religieux, et l\u2019expos\u00e9 des ambigu\u00eft\u00e9s d\u00e9viatrices et des innovations d\u00e9routantes r\u00e9sultant de l\u2019interpr\u00e9tation de ces dogme (Ibn Rushd)"}]},{"@type":"WebSite","@id":"https:\/\/www.beitalhikma.tn\/#website","url":"https:\/\/www.beitalhikma.tn\/","name":"Beit al-Hikma","description":"L&#039;Acad\u00e9mie Tunisienne des Sciences, des Lettres  et des Arts","publisher":{"@id":"https:\/\/www.beitalhikma.tn\/#organization"},"potentialAction":[{"@type":"SearchAction","target":{"@type":"EntryPoint","urlTemplate":"https:\/\/www.beitalhikma.tn\/?s={search_term_string}"},"query-input":{"@type":"PropertyValueSpecification","valueRequired":true,"valueName":"search_term_string"}}],"inLanguage":"fr-FR"},{"@type":"Organization","@id":"https:\/\/www.beitalhikma.tn\/#organization","name":"Beit Al Hikma","url":"https:\/\/www.beitalhikma.tn\/","logo":{"@type":"ImageObject","inLanguage":"fr-FR","@id":"https:\/\/www.beitalhikma.tn\/#\/schema\/logo\/image\/","url":"https:\/\/www.beitalhikma.tn\/wp-content\/uploads\/2014\/11\/logo.png","contentUrl":"https:\/\/www.beitalhikma.tn\/wp-content\/uploads\/2014\/11\/logo.png","width":288,"height":109,"caption":"Beit Al Hikma"},"image":{"@id":"https:\/\/www.beitalhikma.tn\/#\/schema\/logo\/image\/"},"sameAs":["https:\/\/www.facebook.com\/BeitalhikmaTunisie\/","https:\/\/x.com\/Beit_alhikma_TN","https:\/\/www.youtube.com\/channel\/UCl8EfDXqt5MFfcEY0UYhevg"]}]}},"uagb_featured_image_src":{"full":["https:\/\/www.beitalhikma.tn\/wp-content\/uploads\/2016\/11\/Sans-titre2-e1478770334583.png",120,185,false],"thumbnail":["https:\/\/www.beitalhikma.tn\/wp-content\/uploads\/2016\/11\/Sans-titre2-250x300.png",250,300,true],"medium":["https:\/\/www.beitalhikma.tn\/wp-content\/uploads\/2016\/11\/Sans-titre2-195x300.png",195,300,true],"medium_large":["https:\/\/www.beitalhikma.tn\/wp-content\/uploads\/2016\/11\/Sans-titre2-e1478770334583.png",120,185,false],"large":["https:\/\/www.beitalhikma.tn\/wp-content\/uploads\/2016\/11\/Sans-titre2-e1478770334583.png",120,185,false],"thumblist":["https:\/\/www.beitalhikma.tn\/wp-content\/uploads\/2016\/11\/Sans-titre2-e1478770334583.png",120,185,false],"meccarouselthumb":["https:\/\/www.beitalhikma.tn\/wp-content\/uploads\/2016\/11\/Sans-titre2-e1478770334583.png",120,185,false],"gridsquare":["https:\/\/www.beitalhikma.tn\/wp-content\/uploads\/2016\/11\/Sans-titre2-e1478770334583.png",120,185,false],"tileview":["https:\/\/www.beitalhikma.tn\/wp-content\/uploads\/2016\/11\/Sans-titre2-e1478770334583.png",120,185,false],"1536x1536":["https:\/\/www.beitalhikma.tn\/wp-content\/uploads\/2016\/11\/Sans-titre2-e1478770334583.png",120,185,false],"2048x2048":["https:\/\/www.beitalhikma.tn\/wp-content\/uploads\/2016\/11\/Sans-titre2-e1478770334583.png",120,185,false],"post-thumbnail":["https:\/\/www.beitalhikma.tn\/wp-content\/uploads\/2016\/11\/Sans-titre2-95x146.png",95,146,true],"50x50":["https:\/\/www.beitalhikma.tn\/wp-content\/uploads\/2016\/11\/Sans-titre2-32x50.png",32,50,true],"portfolio-list":["https:\/\/www.beitalhikma.tn\/wp-content\/uploads\/2016\/11\/Sans-titre2-308x400.png",308,400,true],"portfolio-fs":["https:\/\/www.beitalhikma.tn\/wp-content\/uploads\/2016\/11\/Sans-titre2-e1478770334583.png",120,185,false],"portfolio-slider":["https:\/\/www.beitalhikma.tn\/wp-content\/uploads\/2016\/11\/Sans-titre2-308x380.png",308,380,true],"blog":["https:\/\/www.beitalhikma.tn\/wp-content\/uploads\/2016\/11\/Sans-titre2-308x341.png",308,341,true],"blog-single":["https:\/\/www.beitalhikma.tn\/wp-content\/uploads\/2016\/11\/Sans-titre2-308x445.png",308,445,true],"blog-item":["https:\/\/www.beitalhikma.tn\/wp-content\/uploads\/2016\/11\/Sans-titre2-308x224.png",308,224,true],"blog-widget":["https:\/\/www.beitalhikma.tn\/wp-content\/uploads\/2016\/11\/Sans-titre2-80x60.png",80,60,true],"features":["https:\/\/www.beitalhikma.tn\/wp-content\/uploads\/2016\/11\/Sans-titre2-90x90.png",90,90,true],"clients-slider":["https:\/\/www.beitalhikma.tn\/wp-content\/uploads\/2016\/11\/Sans-titre2-52x80.png",52,80,true],"offer-slider":["https:\/\/www.beitalhikma.tn\/wp-content\/uploads\/2016\/11\/Sans-titre2-308x438.png",308,438,true],"offer-slider-pg":["https:\/\/www.beitalhikma.tn\/wp-content\/uploads\/2016\/11\/Sans-titre2-42x42.png",42,42,true],"woocommerce_thumbnail":["https:\/\/www.beitalhikma.tn\/wp-content\/uploads\/2016\/11\/Sans-titre2-e1478770334583.png",120,185,false],"woocommerce_single":["https:\/\/www.beitalhikma.tn\/wp-content\/uploads\/2016\/11\/Sans-titre2-e1478770334583.png",120,185,false],"woocommerce_gallery_thumbnail":["https:\/\/www.beitalhikma.tn\/wp-content\/uploads\/2016\/11\/Sans-titre2-e1478770334583-100x100.png",100,100,true]},"uagb_author_info":{"display_name":"admin","author_link":"https:\/\/www.beitalhikma.tn\/fr\/author\/"},"uagb_comment_info":0,"uagb_excerpt":"Titre de l\u2019ouvrage : La d\u00e9couverte des m\u00e9thodes d\u00e9monstratives des dogmes religieux , et l'expos\u00e9 des ambigu\u00eft\u00e9s d\u00e9viatrices et des innovations d\u00e9routantes r\u00e9sultant de l'interpr\u00e9tation de ces dogmes Auteur : Ibn Rushd (Averro\u00e8s) Etude et Traduction : Abdelmajid El Ghannouchi Ouvrage revu et pr\u00e9sent\u00e9 par Mokdad Arfa-Mensia Langue : fran\u00e7ais Date de parution : 2016\u2026","_links":{"self":[{"href":"https:\/\/www.beitalhikma.tn\/fr\/wp-json\/wp\/v2\/product\/10597","targetHints":{"allow":["GET"]}}],"collection":[{"href":"https:\/\/www.beitalhikma.tn\/fr\/wp-json\/wp\/v2\/product"}],"about":[{"href":"https:\/\/www.beitalhikma.tn\/fr\/wp-json\/wp\/v2\/types\/product"}],"wp:featuredmedia":[{"embeddable":true,"href":"https:\/\/www.beitalhikma.tn\/fr\/wp-json\/wp\/v2\/media\/10604"}],"wp:attachment":[{"href":"https:\/\/www.beitalhikma.tn\/fr\/wp-json\/wp\/v2\/media?parent=10597"}],"wp:term":[{"taxonomy":"product_brand","embeddable":true,"href":"https:\/\/www.beitalhikma.tn\/fr\/wp-json\/wp\/v2\/product_brand?post=10597"},{"taxonomy":"product_cat","embeddable":true,"href":"https:\/\/www.beitalhikma.tn\/fr\/wp-json\/wp\/v2\/product_cat?post=10597"},{"taxonomy":"product_tag","embeddable":true,"href":"https:\/\/www.beitalhikma.tn\/fr\/wp-json\/wp\/v2\/product_tag?post=10597"}],"curies":[{"name":"wp","href":"https:\/\/api.w.org\/{rel}","templated":true}]}}