{"id":108694,"date":"2023-12-13T13:06:10","date_gmt":"2023-12-13T12:06:10","guid":{"rendered":"https:\/\/www.beitalhikma.tn\/?post_type=product&#038;p=108694"},"modified":"2023-12-13T13:06:11","modified_gmt":"2023-12-13T12:06:11","slug":"mohamed-salah-mzali-au-fil-de-ma-vie","status":"publish","type":"product","link":"https:\/\/www.beitalhikma.tn\/fr\/publication\/acces-boutique\/livres-en-vente\/mohamed-salah-mzali-au-fil-de-ma-vie\/","title":{"rendered":"Mohamed-Salah Mzali Au Fil De Ma Vie"},"content":{"rendered":"","protected":false},"excerpt":{"rendered":"<ul>\n<li><strong>Titre : Mohamed-Salah Mzali Au Fil De Ma Vie<\/strong><\/li>\n<li><strong>Suvi\u00a0 de <\/strong>Ely\u00e9s Jouini<\/li>\n<li><strong>pr\u00e9face de<\/strong> Kmar Bendana<\/li>\n<li><strong>Langue : <\/strong>Fran\u00e7aise<\/li>\n<li><strong>Date de publication<\/strong> : 2023<\/li>\n<li><strong>Format\u00a0:<\/strong> 24 x 16<\/li>\n<li><strong>Nombre de pages :<\/strong>768<\/li>\n<li><strong>Th\u00e8me:<\/strong>ouvrage intellectuel<\/li>\n<li><strong>ISBN :<\/strong> 978-9973-49-249-4<\/li>\n<li><strong>Poids :<\/strong>500 gr<\/li>\n<li><strong>Situation:<\/strong>disponible<\/li>\n<\/ul>\n","protected":false},"featured_media":108695,"template":"","meta":{"_uag_custom_page_level_css":""},"product_brand":[],"product_cat":[11],"product_tag":[],"class_list":{"0":"post-108694","1":"product","2":"type-product","3":"status-publish","4":"has-post-thumbnail","6":"product_cat-livres-en-vente","8":"first","9":"instock","10":"sale","11":"shipping-taxable","12":"purchasable","13":"product-type-simple"},"yoast_head":"<!-- This site is optimized with the Yoast SEO plugin v27.5 - https:\/\/yoast.com\/product\/yoast-seo-wordpress\/ -->\n<title>Mohamed-Salah Mzali Au Fil De Ma Vie - Beit al-Hikma<\/title>\n<meta name=\"robots\" content=\"index, follow, max-snippet:-1, max-image-preview:large, max-video-preview:-1\" \/>\n<link rel=\"canonical\" href=\"https:\/\/www.beitalhikma.tn\/fr\/publication\/acces-boutique\/livres-en-vente\/mohamed-salah-mzali-au-fil-de-ma-vie\/\" \/>\n<meta property=\"og:locale\" content=\"fr_FR\" \/>\n<meta property=\"og:type\" content=\"article\" \/>\n<meta property=\"og:title\" content=\"Mohamed-Salah Mzali Au Fil De Ma Vie - Beit al-Hikma\" \/>\n<meta property=\"og:description\" content=\"Titre : Mohamed-Salah Mzali Au Fil De Ma Vie  Suvi\u00a0 de Ely\u00e9s Jouini  pr\u00e9face de Kmar Bendana  Langue : Fran\u00e7aise  Date de publication : 2023  Format\u00a0: 24 x 16  Nombre de pages :768  Th\u00e8me:ouvrage intellectuel  ISBN : 978-9973-49-249-4  Poids :500 gr  Situation:disponible\" \/>\n<meta property=\"og:url\" content=\"https:\/\/www.beitalhikma.tn\/fr\/publication\/acces-boutique\/livres-en-vente\/mohamed-salah-mzali-au-fil-de-ma-vie\/\" \/>\n<meta property=\"og:site_name\" content=\"Beit al-Hikma\" \/>\n<meta property=\"article:publisher\" content=\"https:\/\/www.facebook.com\/BeitalhikmaTunisie\/\" \/>\n<meta property=\"article:modified_time\" content=\"2023-12-13T12:06:11+00:00\" \/>\n<meta property=\"og:image\" content=\"https:\/\/www.beitalhikma.tn\/wp-content\/uploads\/2023\/12\/406482704_1145263846885898_4118451348817371459_n.jpg\" \/>\n\t<meta property=\"og:image:width\" content=\"158\" \/>\n\t<meta property=\"og:image:height\" content=\"240\" \/>\n\t<meta property=\"og:image:type\" content=\"image\/jpeg\" \/>\n<meta name=\"twitter:card\" content=\"summary_large_image\" \/>\n<meta name=\"twitter:site\" content=\"@Beit_alhikma_TN\" \/>\n<meta name=\"twitter:label1\" content=\"Dur\u00e9e de lecture estim\u00e9e\" \/>\n\t<meta name=\"twitter:data1\" content=\"1 minute\" \/>\n<script type=\"application\/ld+json\" class=\"yoast-schema-graph\">{\"@context\":\"https:\\\/\\\/schema.org\",\"@graph\":[{\"@type\":\"WebPage\",\"@id\":\"https:\\\/\\\/www.beitalhikma.tn\\\/fr\\\/publication\\\/acces-boutique\\\/livres-en-vente\\\/mohamed-salah-mzali-au-fil-de-ma-vie\\\/\",\"url\":\"https:\\\/\\\/www.beitalhikma.tn\\\/fr\\\/publication\\\/acces-boutique\\\/livres-en-vente\\\/mohamed-salah-mzali-au-fil-de-ma-vie\\\/\",\"name\":\"Mohamed-Salah Mzali Au Fil De Ma Vie - Beit al-Hikma\",\"isPartOf\":{\"@id\":\"https:\\\/\\\/www.beitalhikma.tn\\\/#website\"},\"primaryImageOfPage\":{\"@id\":\"https:\\\/\\\/www.beitalhikma.tn\\\/fr\\\/publication\\\/acces-boutique\\\/livres-en-vente\\\/mohamed-salah-mzali-au-fil-de-ma-vie\\\/#primaryimage\"},\"image\":{\"@id\":\"https:\\\/\\\/www.beitalhikma.tn\\\/fr\\\/publication\\\/acces-boutique\\\/livres-en-vente\\\/mohamed-salah-mzali-au-fil-de-ma-vie\\\/#primaryimage\"},\"thumbnailUrl\":\"https:\\\/\\\/www.beitalhikma.tn\\\/wp-content\\\/uploads\\\/2023\\\/12\\\/406482704_1145263846885898_4118451348817371459_n.jpg\",\"datePublished\":\"2023-12-13T12:06:10+00:00\",\"dateModified\":\"2023-12-13T12:06:11+00:00\",\"breadcrumb\":{\"@id\":\"https:\\\/\\\/www.beitalhikma.tn\\\/fr\\\/publication\\\/acces-boutique\\\/livres-en-vente\\\/mohamed-salah-mzali-au-fil-de-ma-vie\\\/#breadcrumb\"},\"inLanguage\":\"fr-FR\",\"potentialAction\":[{\"@type\":\"ReadAction\",\"target\":[\"https:\\\/\\\/www.beitalhikma.tn\\\/fr\\\/publication\\\/acces-boutique\\\/livres-en-vente\\\/mohamed-salah-mzali-au-fil-de-ma-vie\\\/\"]}]},{\"@type\":\"ImageObject\",\"inLanguage\":\"fr-FR\",\"@id\":\"https:\\\/\\\/www.beitalhikma.tn\\\/fr\\\/publication\\\/acces-boutique\\\/livres-en-vente\\\/mohamed-salah-mzali-au-fil-de-ma-vie\\\/#primaryimage\",\"url\":\"https:\\\/\\\/www.beitalhikma.tn\\\/wp-content\\\/uploads\\\/2023\\\/12\\\/406482704_1145263846885898_4118451348817371459_n.jpg\",\"contentUrl\":\"https:\\\/\\\/www.beitalhikma.tn\\\/wp-content\\\/uploads\\\/2023\\\/12\\\/406482704_1145263846885898_4118451348817371459_n.jpg\",\"width\":158,\"height\":240},{\"@type\":\"BreadcrumbList\",\"@id\":\"https:\\\/\\\/www.beitalhikma.tn\\\/fr\\\/publication\\\/acces-boutique\\\/livres-en-vente\\\/mohamed-salah-mzali-au-fil-de-ma-vie\\\/#breadcrumb\",\"itemListElement\":[{\"@type\":\"ListItem\",\"position\":1,\"name\":\"Accueil\",\"item\":\"https:\\\/\\\/www.beitalhikma.tn\\\/fr\\\/\"},{\"@type\":\"ListItem\",\"position\":2,\"name\":\"Boutique\",\"item\":\"https:\\\/\\\/www.beitalhikma.tn\\\/fr\\\/boutique\\\/\"},{\"@type\":\"ListItem\",\"position\":3,\"name\":\"Mohamed-Salah Mzali Au Fil De Ma Vie\"}]},{\"@type\":\"WebSite\",\"@id\":\"https:\\\/\\\/www.beitalhikma.tn\\\/#website\",\"url\":\"https:\\\/\\\/www.beitalhikma.tn\\\/\",\"name\":\"Beit al-Hikma\",\"description\":\"L&#039;Acad\u00e9mie Tunisienne des Sciences, des Lettres  et des Arts\",\"publisher\":{\"@id\":\"https:\\\/\\\/www.beitalhikma.tn\\\/#organization\"},\"potentialAction\":[{\"@type\":\"SearchAction\",\"target\":{\"@type\":\"EntryPoint\",\"urlTemplate\":\"https:\\\/\\\/www.beitalhikma.tn\\\/?s={search_term_string}\"},\"query-input\":{\"@type\":\"PropertyValueSpecification\",\"valueRequired\":true,\"valueName\":\"search_term_string\"}}],\"inLanguage\":\"fr-FR\"},{\"@type\":\"Organization\",\"@id\":\"https:\\\/\\\/www.beitalhikma.tn\\\/#organization\",\"name\":\"Beit Al Hikma\",\"url\":\"https:\\\/\\\/www.beitalhikma.tn\\\/\",\"logo\":{\"@type\":\"ImageObject\",\"inLanguage\":\"fr-FR\",\"@id\":\"https:\\\/\\\/www.beitalhikma.tn\\\/#\\\/schema\\\/logo\\\/image\\\/\",\"url\":\"https:\\\/\\\/www.beitalhikma.tn\\\/wp-content\\\/uploads\\\/2014\\\/11\\\/logo.png\",\"contentUrl\":\"https:\\\/\\\/www.beitalhikma.tn\\\/wp-content\\\/uploads\\\/2014\\\/11\\\/logo.png\",\"width\":288,\"height\":109,\"caption\":\"Beit Al Hikma\"},\"image\":{\"@id\":\"https:\\\/\\\/www.beitalhikma.tn\\\/#\\\/schema\\\/logo\\\/image\\\/\"},\"sameAs\":[\"https:\\\/\\\/www.facebook.com\\\/BeitalhikmaTunisie\\\/\",\"https:\\\/\\\/x.com\\\/Beit_alhikma_TN\",\"https:\\\/\\\/www.youtube.com\\\/channel\\\/UCl8EfDXqt5MFfcEY0UYhevg\"]}]}<\/script>\n<!-- \/ Yoast SEO plugin. -->","yoast_head_json":{"title":"Mohamed-Salah Mzali Au Fil De Ma Vie - Beit al-Hikma","robots":{"index":"index","follow":"follow","max-snippet":"max-snippet:-1","max-image-preview":"max-image-preview:large","max-video-preview":"max-video-preview:-1"},"canonical":"https:\/\/www.beitalhikma.tn\/fr\/publication\/acces-boutique\/livres-en-vente\/mohamed-salah-mzali-au-fil-de-ma-vie\/","og_locale":"fr_FR","og_type":"article","og_title":"Mohamed-Salah Mzali Au Fil De Ma Vie - Beit al-Hikma","og_description":"Titre : Mohamed-Salah Mzali Au Fil De Ma Vie  Suvi\u00a0 de Ely\u00e9s Jouini  pr\u00e9face de Kmar Bendana  Langue : Fran\u00e7aise  Date de publication : 2023  Format\u00a0: 24 x 16  Nombre de pages :768  Th\u00e8me:ouvrage intellectuel  ISBN : 978-9973-49-249-4  Poids :500 gr  Situation:disponible","og_url":"https:\/\/www.beitalhikma.tn\/fr\/publication\/acces-boutique\/livres-en-vente\/mohamed-salah-mzali-au-fil-de-ma-vie\/","og_site_name":"Beit al-Hikma","article_publisher":"https:\/\/www.facebook.com\/BeitalhikmaTunisie\/","article_modified_time":"2023-12-13T12:06:11+00:00","og_image":[{"width":158,"height":240,"url":"https:\/\/www.beitalhikma.tn\/wp-content\/uploads\/2023\/12\/406482704_1145263846885898_4118451348817371459_n.jpg","type":"image\/jpeg"}],"twitter_card":"summary_large_image","twitter_site":"@Beit_alhikma_TN","twitter_misc":{"Dur\u00e9e de lecture estim\u00e9e":"1 minute"},"schema":{"@context":"https:\/\/schema.org","@graph":[{"@type":"WebPage","@id":"https:\/\/www.beitalhikma.tn\/fr\/publication\/acces-boutique\/livres-en-vente\/mohamed-salah-mzali-au-fil-de-ma-vie\/","url":"https:\/\/www.beitalhikma.tn\/fr\/publication\/acces-boutique\/livres-en-vente\/mohamed-salah-mzali-au-fil-de-ma-vie\/","name":"Mohamed-Salah Mzali Au Fil De Ma Vie - Beit al-Hikma","isPartOf":{"@id":"https:\/\/www.beitalhikma.tn\/#website"},"primaryImageOfPage":{"@id":"https:\/\/www.beitalhikma.tn\/fr\/publication\/acces-boutique\/livres-en-vente\/mohamed-salah-mzali-au-fil-de-ma-vie\/#primaryimage"},"image":{"@id":"https:\/\/www.beitalhikma.tn\/fr\/publication\/acces-boutique\/livres-en-vente\/mohamed-salah-mzali-au-fil-de-ma-vie\/#primaryimage"},"thumbnailUrl":"https:\/\/www.beitalhikma.tn\/wp-content\/uploads\/2023\/12\/406482704_1145263846885898_4118451348817371459_n.jpg","datePublished":"2023-12-13T12:06:10+00:00","dateModified":"2023-12-13T12:06:11+00:00","breadcrumb":{"@id":"https:\/\/www.beitalhikma.tn\/fr\/publication\/acces-boutique\/livres-en-vente\/mohamed-salah-mzali-au-fil-de-ma-vie\/#breadcrumb"},"inLanguage":"fr-FR","potentialAction":[{"@type":"ReadAction","target":["https:\/\/www.beitalhikma.tn\/fr\/publication\/acces-boutique\/livres-en-vente\/mohamed-salah-mzali-au-fil-de-ma-vie\/"]}]},{"@type":"ImageObject","inLanguage":"fr-FR","@id":"https:\/\/www.beitalhikma.tn\/fr\/publication\/acces-boutique\/livres-en-vente\/mohamed-salah-mzali-au-fil-de-ma-vie\/#primaryimage","url":"https:\/\/www.beitalhikma.tn\/wp-content\/uploads\/2023\/12\/406482704_1145263846885898_4118451348817371459_n.jpg","contentUrl":"https:\/\/www.beitalhikma.tn\/wp-content\/uploads\/2023\/12\/406482704_1145263846885898_4118451348817371459_n.jpg","width":158,"height":240},{"@type":"BreadcrumbList","@id":"https:\/\/www.beitalhikma.tn\/fr\/publication\/acces-boutique\/livres-en-vente\/mohamed-salah-mzali-au-fil-de-ma-vie\/#breadcrumb","itemListElement":[{"@type":"ListItem","position":1,"name":"Accueil","item":"https:\/\/www.beitalhikma.tn\/fr\/"},{"@type":"ListItem","position":2,"name":"Boutique","item":"https:\/\/www.beitalhikma.tn\/fr\/boutique\/"},{"@type":"ListItem","position":3,"name":"Mohamed-Salah Mzali Au Fil De Ma Vie"}]},{"@type":"WebSite","@id":"https:\/\/www.beitalhikma.tn\/#website","url":"https:\/\/www.beitalhikma.tn\/","name":"Beit al-Hikma","description":"L&#039;Acad\u00e9mie Tunisienne des Sciences, des Lettres  et des Arts","publisher":{"@id":"https:\/\/www.beitalhikma.tn\/#organization"},"potentialAction":[{"@type":"SearchAction","target":{"@type":"EntryPoint","urlTemplate":"https:\/\/www.beitalhikma.tn\/?s={search_term_string}"},"query-input":{"@type":"PropertyValueSpecification","valueRequired":true,"valueName":"search_term_string"}}],"inLanguage":"fr-FR"},{"@type":"Organization","@id":"https:\/\/www.beitalhikma.tn\/#organization","name":"Beit Al Hikma","url":"https:\/\/www.beitalhikma.tn\/","logo":{"@type":"ImageObject","inLanguage":"fr-FR","@id":"https:\/\/www.beitalhikma.tn\/#\/schema\/logo\/image\/","url":"https:\/\/www.beitalhikma.tn\/wp-content\/uploads\/2014\/11\/logo.png","contentUrl":"https:\/\/www.beitalhikma.tn\/wp-content\/uploads\/2014\/11\/logo.png","width":288,"height":109,"caption":"Beit Al Hikma"},"image":{"@id":"https:\/\/www.beitalhikma.tn\/#\/schema\/logo\/image\/"},"sameAs":["https:\/\/www.facebook.com\/BeitalhikmaTunisie\/","https:\/\/x.com\/Beit_alhikma_TN","https:\/\/www.youtube.com\/channel\/UCl8EfDXqt5MFfcEY0UYhevg"]}]}},"uagb_featured_image_src":{"full":["https:\/\/www.beitalhikma.tn\/wp-content\/uploads\/2023\/12\/406482704_1145263846885898_4118451348817371459_n.jpg",158,240,false],"thumbnail":["https:\/\/www.beitalhikma.tn\/wp-content\/uploads\/2023\/12\/406482704_1145263846885898_4118451348817371459_n.jpg",158,240,false],"medium":["https:\/\/www.beitalhikma.tn\/wp-content\/uploads\/2023\/12\/406482704_1145263846885898_4118451348817371459_n.jpg",158,240,false],"medium_large":["https:\/\/www.beitalhikma.tn\/wp-content\/uploads\/2023\/12\/406482704_1145263846885898_4118451348817371459_n.jpg",158,240,false],"large":["https:\/\/www.beitalhikma.tn\/wp-content\/uploads\/2023\/12\/406482704_1145263846885898_4118451348817371459_n.jpg",158,240,false],"thumblist":["https:\/\/www.beitalhikma.tn\/wp-content\/uploads\/2023\/12\/406482704_1145263846885898_4118451348817371459_n.jpg",158,240,false],"meccarouselthumb":["https:\/\/www.beitalhikma.tn\/wp-content\/uploads\/2023\/12\/406482704_1145263846885898_4118451348817371459_n.jpg",158,240,false],"gridsquare":["https:\/\/www.beitalhikma.tn\/wp-content\/uploads\/2023\/12\/406482704_1145263846885898_4118451348817371459_n.jpg",158,240,false],"tileview":["https:\/\/www.beitalhikma.tn\/wp-content\/uploads\/2023\/12\/406482704_1145263846885898_4118451348817371459_n.jpg",158,240,false],"1536x1536":["https:\/\/www.beitalhikma.tn\/wp-content\/uploads\/2023\/12\/406482704_1145263846885898_4118451348817371459_n.jpg",158,240,false],"2048x2048":["https:\/\/www.beitalhikma.tn\/wp-content\/uploads\/2023\/12\/406482704_1145263846885898_4118451348817371459_n.jpg",158,240,false],"post-thumbnail":["https:\/\/www.beitalhikma.tn\/wp-content\/uploads\/2023\/12\/406482704_1145263846885898_4118451348817371459_n-96x146.jpg",96,146,true],"50x50":["https:\/\/www.beitalhikma.tn\/wp-content\/uploads\/2023\/12\/406482704_1145263846885898_4118451348817371459_n-33x50.jpg",33,50,true],"portfolio-list":["https:\/\/www.beitalhikma.tn\/wp-content\/uploads\/2023\/12\/406482704_1145263846885898_4118451348817371459_n.jpg",158,240,false],"portfolio-fs":["https:\/\/www.beitalhikma.tn\/wp-content\/uploads\/2023\/12\/406482704_1145263846885898_4118451348817371459_n.jpg",158,240,false],"portfolio-slider":["https:\/\/www.beitalhikma.tn\/wp-content\/uploads\/2023\/12\/406482704_1145263846885898_4118451348817371459_n.jpg",158,240,false],"blog":["https:\/\/www.beitalhikma.tn\/wp-content\/uploads\/2023\/12\/406482704_1145263846885898_4118451348817371459_n.jpg",158,240,false],"blog-single":["https:\/\/www.beitalhikma.tn\/wp-content\/uploads\/2023\/12\/406482704_1145263846885898_4118451348817371459_n.jpg",158,240,false],"blog-item":["https:\/\/www.beitalhikma.tn\/wp-content\/uploads\/2023\/12\/406482704_1145263846885898_4118451348817371459_n-158x224.jpg",158,224,true],"blog-widget":["https:\/\/www.beitalhikma.tn\/wp-content\/uploads\/2023\/12\/406482704_1145263846885898_4118451348817371459_n-80x60.jpg",80,60,true],"features":["https:\/\/www.beitalhikma.tn\/wp-content\/uploads\/2023\/12\/406482704_1145263846885898_4118451348817371459_n-90x90.jpg",90,90,true],"clients-slider":["https:\/\/www.beitalhikma.tn\/wp-content\/uploads\/2023\/12\/406482704_1145263846885898_4118451348817371459_n-53x80.jpg",53,80,true],"offer-slider":["https:\/\/www.beitalhikma.tn\/wp-content\/uploads\/2023\/12\/406482704_1145263846885898_4118451348817371459_n.jpg",158,240,false],"offer-slider-pg":["https:\/\/www.beitalhikma.tn\/wp-content\/uploads\/2023\/12\/406482704_1145263846885898_4118451348817371459_n-42x42.jpg",42,42,true],"woocommerce_thumbnail":["https:\/\/www.beitalhikma.tn\/wp-content\/uploads\/2023\/12\/406482704_1145263846885898_4118451348817371459_n.jpg",158,240,false],"woocommerce_single":["https:\/\/www.beitalhikma.tn\/wp-content\/uploads\/2023\/12\/406482704_1145263846885898_4118451348817371459_n.jpg",158,240,false],"woocommerce_gallery_thumbnail":["https:\/\/www.beitalhikma.tn\/wp-content\/uploads\/2023\/12\/406482704_1145263846885898_4118451348817371459_n-100x100.jpg",100,100,true]},"uagb_author_info":{"display_name":"admin","author_link":"https:\/\/www.beitalhikma.tn\/fr\/author\/"},"uagb_comment_info":0,"uagb_excerpt":"Titre : Mohamed-Salah Mzali Au Fil De Ma Vie Suvi\u00a0 de Ely\u00e9s Jouini pr\u00e9face de Kmar Bendana Langue : Fran\u00e7aise Date de publication : 2023 Format\u00a0: 24 x 16 Nombre de pages :768 Th\u00e8me:ouvrage intellectuel ISBN : 978-9973-49-249-4 Poids :500 gr Situation:disponible","_links":{"self":[{"href":"https:\/\/www.beitalhikma.tn\/fr\/wp-json\/wp\/v2\/product\/108694","targetHints":{"allow":["GET"]}}],"collection":[{"href":"https:\/\/www.beitalhikma.tn\/fr\/wp-json\/wp\/v2\/product"}],"about":[{"href":"https:\/\/www.beitalhikma.tn\/fr\/wp-json\/wp\/v2\/types\/product"}],"wp:featuredmedia":[{"embeddable":true,"href":"https:\/\/www.beitalhikma.tn\/fr\/wp-json\/wp\/v2\/media\/108695"}],"wp:attachment":[{"href":"https:\/\/www.beitalhikma.tn\/fr\/wp-json\/wp\/v2\/media?parent=108694"}],"wp:term":[{"taxonomy":"product_brand","embeddable":true,"href":"https:\/\/www.beitalhikma.tn\/fr\/wp-json\/wp\/v2\/product_brand?post=108694"},{"taxonomy":"product_cat","embeddable":true,"href":"https:\/\/www.beitalhikma.tn\/fr\/wp-json\/wp\/v2\/product_cat?post=108694"},{"taxonomy":"product_tag","embeddable":true,"href":"https:\/\/www.beitalhikma.tn\/fr\/wp-json\/wp\/v2\/product_tag?post=108694"}],"curies":[{"name":"wp","href":"https:\/\/api.w.org\/{rel}","templated":true}]}}