{"id":113890,"date":"2024-06-19T10:07:36","date_gmt":"2024-06-19T09:07:36","guid":{"rendered":"https:\/\/www.beitalhikma.tn\/?post_type=product&#038;p=113890"},"modified":"2025-01-21T13:07:52","modified_gmt":"2025-01-21T12:07:52","slug":"les-tunisiens-qui-sont-ils-dou-viennent-ilsles-revelations-de-la-genetique-2eme-editions","status":"publish","type":"product","link":"https:\/\/www.beitalhikma.tn\/fr\/publication\/acces-boutique\/livres-en-vente\/les-tunisiens-qui-sont-ils-dou-viennent-ilsles-revelations-de-la-genetique-2eme-editions\/","title":{"rendered":"Les tunisiens qui sont -ils? d\u2019o\u00f9 viennent -ils?les r\u00e9v\u00e9lations de la g\u00e9n\u00e9tique (2\u00e9me \u00e9dition)"},"content":{"rendered":"","protected":false},"excerpt":{"rendered":"<ul>\n<li><strong>Titre de l\u2019ouvrage<\/strong> : Les tunisiens qui sont-ils ?d&#8217;o\u00f9 viennent -ils? les r\u00e9v\u00e9lations de la g\u00e9n\u00e9tique (2\u00e9me \u00e9dition)<br \/>\n<strong>Auteur : Amel Benammar Elgaa\u00efed<\/strong><\/li>\n<li><strong>Langue :<\/strong>\u00a0fran\u00e7ais<\/li>\n<li><strong>Date de parution :<\/strong> 2024<\/li>\n<li><strong>Format :<\/strong>\u00a016\u00d724<\/li>\n<li><strong>ISBN :<\/strong> 9789973492401<\/li>\n<li><strong>Nombre de pages :<\/strong>255<br \/>\n<strong>Th\u00e8me :<\/strong> scientifique<\/li>\n<li><strong>Poids :<\/strong> 300 gr<br \/>\n<b>Situation :\u00a0<\/b>disponible<\/li>\n<\/ul>\n","protected":false},"featured_media":115883,"template":"","meta":{"_uag_custom_page_level_css":""},"product_brand":[],"product_cat":[11],"product_tag":[],"class_list":{"0":"post-113890","1":"product","2":"type-product","3":"status-publish","4":"has-post-thumbnail","6":"product_cat-livres-en-vente","8":"first","9":"instock","10":"sale","11":"shipping-taxable","12":"purchasable","13":"product-type-simple"},"yoast_head":"<!-- This site is optimized with the Yoast SEO plugin v27.3 - https:\/\/yoast.com\/product\/yoast-seo-wordpress\/ -->\n<title>Les tunisiens qui sont -ils? d\u2019o\u00f9 viennent -ils?les r\u00e9v\u00e9lations de la g\u00e9n\u00e9tique (2\u00e9me \u00e9dition) - Beit al-Hikma<\/title>\n<meta name=\"robots\" content=\"index, follow, max-snippet:-1, max-image-preview:large, max-video-preview:-1\" \/>\n<link rel=\"canonical\" href=\"https:\/\/www.beitalhikma.tn\/fr\/publication\/acces-boutique\/livres-en-vente\/les-tunisiens-qui-sont-ils-dou-viennent-ilsles-revelations-de-la-genetique-2eme-editions\/\" \/>\n<meta property=\"og:locale\" content=\"fr_FR\" \/>\n<meta property=\"og:type\" content=\"article\" \/>\n<meta property=\"og:title\" content=\"Les tunisiens qui sont -ils? d\u2019o\u00f9 viennent -ils?les r\u00e9v\u00e9lations de la g\u00e9n\u00e9tique (2\u00e9me \u00e9dition) - Beit al-Hikma\" \/>\n<meta property=\"og:description\" content=\"Titre de l\u2019ouvrage : Les tunisiens qui sont-ils ?d&#039;o\u00f9 viennent -ils? les r\u00e9v\u00e9lations de la g\u00e9n\u00e9tique (2\u00e9me \u00e9dition) Auteur : Amel Benammar Elgaa\u00efed  Langue :\u00a0fran\u00e7ais  Date de parution : 2024  Format :\u00a016\u00d724  ISBN : 9789973492401  Nombre de pages :255 Th\u00e8me : scientifique  Poids : 300 gr Situation :\u00a0disponible\" \/>\n<meta property=\"og:url\" content=\"https:\/\/www.beitalhikma.tn\/fr\/publication\/acces-boutique\/livres-en-vente\/les-tunisiens-qui-sont-ils-dou-viennent-ilsles-revelations-de-la-genetique-2eme-editions\/\" \/>\n<meta property=\"og:site_name\" content=\"Beit al-Hikma\" \/>\n<meta property=\"article:publisher\" content=\"https:\/\/www.facebook.com\/BeitalhikmaTunisie\/\" \/>\n<meta property=\"article:modified_time\" content=\"2025-01-21T12:07:52+00:00\" \/>\n<meta property=\"og:image\" content=\"https:\/\/www.beitalhikma.tn\/wp-content\/uploads\/2024\/06\/1ere-de-couv-les-tunisiens-1.jpg\" \/>\n\t<meta property=\"og:image:width\" content=\"1788\" \/>\n\t<meta property=\"og:image:height\" content=\"2552\" \/>\n\t<meta property=\"og:image:type\" content=\"image\/jpeg\" \/>\n<meta name=\"twitter:card\" content=\"summary_large_image\" \/>\n<meta name=\"twitter:site\" content=\"@Beit_alhikma_TN\" \/>\n<meta name=\"twitter:label1\" content=\"Dur\u00e9e de lecture estim\u00e9e\" \/>\n\t<meta name=\"twitter:data1\" content=\"1 minute\" \/>\n<script type=\"application\/ld+json\" class=\"yoast-schema-graph\">{\"@context\":\"https:\\\/\\\/schema.org\",\"@graph\":[{\"@type\":\"WebPage\",\"@id\":\"https:\\\/\\\/www.beitalhikma.tn\\\/fr\\\/publication\\\/acces-boutique\\\/livres-en-vente\\\/les-tunisiens-qui-sont-ils-dou-viennent-ilsles-revelations-de-la-genetique-2eme-editions\\\/\",\"url\":\"https:\\\/\\\/www.beitalhikma.tn\\\/fr\\\/publication\\\/acces-boutique\\\/livres-en-vente\\\/les-tunisiens-qui-sont-ils-dou-viennent-ilsles-revelations-de-la-genetique-2eme-editions\\\/\",\"name\":\"Les tunisiens qui sont -ils? d\u2019o\u00f9 viennent -ils?les r\u00e9v\u00e9lations de la g\u00e9n\u00e9tique (2\u00e9me \u00e9dition) - Beit al-Hikma\",\"isPartOf\":{\"@id\":\"https:\\\/\\\/www.beitalhikma.tn\\\/#website\"},\"primaryImageOfPage\":{\"@id\":\"https:\\\/\\\/www.beitalhikma.tn\\\/fr\\\/publication\\\/acces-boutique\\\/livres-en-vente\\\/les-tunisiens-qui-sont-ils-dou-viennent-ilsles-revelations-de-la-genetique-2eme-editions\\\/#primaryimage\"},\"image\":{\"@id\":\"https:\\\/\\\/www.beitalhikma.tn\\\/fr\\\/publication\\\/acces-boutique\\\/livres-en-vente\\\/les-tunisiens-qui-sont-ils-dou-viennent-ilsles-revelations-de-la-genetique-2eme-editions\\\/#primaryimage\"},\"thumbnailUrl\":\"https:\\\/\\\/www.beitalhikma.tn\\\/wp-content\\\/uploads\\\/2024\\\/06\\\/1ere-de-couv-les-tunisiens-1.jpg\",\"datePublished\":\"2024-06-19T09:07:36+00:00\",\"dateModified\":\"2025-01-21T12:07:52+00:00\",\"breadcrumb\":{\"@id\":\"https:\\\/\\\/www.beitalhikma.tn\\\/fr\\\/publication\\\/acces-boutique\\\/livres-en-vente\\\/les-tunisiens-qui-sont-ils-dou-viennent-ilsles-revelations-de-la-genetique-2eme-editions\\\/#breadcrumb\"},\"inLanguage\":\"fr-FR\",\"potentialAction\":[{\"@type\":\"ReadAction\",\"target\":[\"https:\\\/\\\/www.beitalhikma.tn\\\/fr\\\/publication\\\/acces-boutique\\\/livres-en-vente\\\/les-tunisiens-qui-sont-ils-dou-viennent-ilsles-revelations-de-la-genetique-2eme-editions\\\/\"]}]},{\"@type\":\"ImageObject\",\"inLanguage\":\"fr-FR\",\"@id\":\"https:\\\/\\\/www.beitalhikma.tn\\\/fr\\\/publication\\\/acces-boutique\\\/livres-en-vente\\\/les-tunisiens-qui-sont-ils-dou-viennent-ilsles-revelations-de-la-genetique-2eme-editions\\\/#primaryimage\",\"url\":\"https:\\\/\\\/www.beitalhikma.tn\\\/wp-content\\\/uploads\\\/2024\\\/06\\\/1ere-de-couv-les-tunisiens-1.jpg\",\"contentUrl\":\"https:\\\/\\\/www.beitalhikma.tn\\\/wp-content\\\/uploads\\\/2024\\\/06\\\/1ere-de-couv-les-tunisiens-1.jpg\",\"width\":1788,\"height\":2552},{\"@type\":\"BreadcrumbList\",\"@id\":\"https:\\\/\\\/www.beitalhikma.tn\\\/fr\\\/publication\\\/acces-boutique\\\/livres-en-vente\\\/les-tunisiens-qui-sont-ils-dou-viennent-ilsles-revelations-de-la-genetique-2eme-editions\\\/#breadcrumb\",\"itemListElement\":[{\"@type\":\"ListItem\",\"position\":1,\"name\":\"Accueil\",\"item\":\"https:\\\/\\\/www.beitalhikma.tn\\\/fr\\\/\"},{\"@type\":\"ListItem\",\"position\":2,\"name\":\"Boutique\",\"item\":\"https:\\\/\\\/www.beitalhikma.tn\\\/fr\\\/boutique\\\/\"},{\"@type\":\"ListItem\",\"position\":3,\"name\":\"Les tunisiens qui sont -ils? d\u2019o\u00f9 viennent -ils?les r\u00e9v\u00e9lations de la g\u00e9n\u00e9tique (2\u00e9me \u00e9dition)\"}]},{\"@type\":\"WebSite\",\"@id\":\"https:\\\/\\\/www.beitalhikma.tn\\\/#website\",\"url\":\"https:\\\/\\\/www.beitalhikma.tn\\\/\",\"name\":\"Beit al-Hikma\",\"description\":\"L&#039;Acad\u00e9mie Tunisienne des Sciences, des Lettres  et des Arts\",\"publisher\":{\"@id\":\"https:\\\/\\\/www.beitalhikma.tn\\\/#organization\"},\"potentialAction\":[{\"@type\":\"SearchAction\",\"target\":{\"@type\":\"EntryPoint\",\"urlTemplate\":\"https:\\\/\\\/www.beitalhikma.tn\\\/?s={search_term_string}\"},\"query-input\":{\"@type\":\"PropertyValueSpecification\",\"valueRequired\":true,\"valueName\":\"search_term_string\"}}],\"inLanguage\":\"fr-FR\"},{\"@type\":\"Organization\",\"@id\":\"https:\\\/\\\/www.beitalhikma.tn\\\/#organization\",\"name\":\"Beit Al Hikma\",\"url\":\"https:\\\/\\\/www.beitalhikma.tn\\\/\",\"logo\":{\"@type\":\"ImageObject\",\"inLanguage\":\"fr-FR\",\"@id\":\"https:\\\/\\\/www.beitalhikma.tn\\\/#\\\/schema\\\/logo\\\/image\\\/\",\"url\":\"https:\\\/\\\/www.beitalhikma.tn\\\/wp-content\\\/uploads\\\/2014\\\/11\\\/logo.png\",\"contentUrl\":\"https:\\\/\\\/www.beitalhikma.tn\\\/wp-content\\\/uploads\\\/2014\\\/11\\\/logo.png\",\"width\":288,\"height\":109,\"caption\":\"Beit Al Hikma\"},\"image\":{\"@id\":\"https:\\\/\\\/www.beitalhikma.tn\\\/#\\\/schema\\\/logo\\\/image\\\/\"},\"sameAs\":[\"https:\\\/\\\/www.facebook.com\\\/BeitalhikmaTunisie\\\/\",\"https:\\\/\\\/x.com\\\/Beit_alhikma_TN\",\"https:\\\/\\\/www.youtube.com\\\/channel\\\/UCl8EfDXqt5MFfcEY0UYhevg\"]}]}<\/script>\n<!-- \/ Yoast SEO plugin. -->","yoast_head_json":{"title":"Les tunisiens qui sont -ils? d\u2019o\u00f9 viennent -ils?les r\u00e9v\u00e9lations de la g\u00e9n\u00e9tique (2\u00e9me \u00e9dition) - Beit al-Hikma","robots":{"index":"index","follow":"follow","max-snippet":"max-snippet:-1","max-image-preview":"max-image-preview:large","max-video-preview":"max-video-preview:-1"},"canonical":"https:\/\/www.beitalhikma.tn\/fr\/publication\/acces-boutique\/livres-en-vente\/les-tunisiens-qui-sont-ils-dou-viennent-ilsles-revelations-de-la-genetique-2eme-editions\/","og_locale":"fr_FR","og_type":"article","og_title":"Les tunisiens qui sont -ils? d\u2019o\u00f9 viennent -ils?les r\u00e9v\u00e9lations de la g\u00e9n\u00e9tique (2\u00e9me \u00e9dition) - Beit al-Hikma","og_description":"Titre de l\u2019ouvrage : Les tunisiens qui sont-ils ?d'o\u00f9 viennent -ils? les r\u00e9v\u00e9lations de la g\u00e9n\u00e9tique (2\u00e9me \u00e9dition) Auteur : Amel Benammar Elgaa\u00efed  Langue :\u00a0fran\u00e7ais  Date de parution : 2024  Format :\u00a016\u00d724  ISBN : 9789973492401  Nombre de pages :255 Th\u00e8me : scientifique  Poids : 300 gr Situation :\u00a0disponible","og_url":"https:\/\/www.beitalhikma.tn\/fr\/publication\/acces-boutique\/livres-en-vente\/les-tunisiens-qui-sont-ils-dou-viennent-ilsles-revelations-de-la-genetique-2eme-editions\/","og_site_name":"Beit al-Hikma","article_publisher":"https:\/\/www.facebook.com\/BeitalhikmaTunisie\/","article_modified_time":"2025-01-21T12:07:52+00:00","og_image":[{"width":1788,"height":2552,"url":"https:\/\/www.beitalhikma.tn\/wp-content\/uploads\/2024\/06\/1ere-de-couv-les-tunisiens-1.jpg","type":"image\/jpeg"}],"twitter_card":"summary_large_image","twitter_site":"@Beit_alhikma_TN","twitter_misc":{"Dur\u00e9e de lecture estim\u00e9e":"1 minute"},"schema":{"@context":"https:\/\/schema.org","@graph":[{"@type":"WebPage","@id":"https:\/\/www.beitalhikma.tn\/fr\/publication\/acces-boutique\/livres-en-vente\/les-tunisiens-qui-sont-ils-dou-viennent-ilsles-revelations-de-la-genetique-2eme-editions\/","url":"https:\/\/www.beitalhikma.tn\/fr\/publication\/acces-boutique\/livres-en-vente\/les-tunisiens-qui-sont-ils-dou-viennent-ilsles-revelations-de-la-genetique-2eme-editions\/","name":"Les tunisiens qui sont -ils? d\u2019o\u00f9 viennent -ils?les r\u00e9v\u00e9lations de la g\u00e9n\u00e9tique (2\u00e9me \u00e9dition) - Beit al-Hikma","isPartOf":{"@id":"https:\/\/www.beitalhikma.tn\/#website"},"primaryImageOfPage":{"@id":"https:\/\/www.beitalhikma.tn\/fr\/publication\/acces-boutique\/livres-en-vente\/les-tunisiens-qui-sont-ils-dou-viennent-ilsles-revelations-de-la-genetique-2eme-editions\/#primaryimage"},"image":{"@id":"https:\/\/www.beitalhikma.tn\/fr\/publication\/acces-boutique\/livres-en-vente\/les-tunisiens-qui-sont-ils-dou-viennent-ilsles-revelations-de-la-genetique-2eme-editions\/#primaryimage"},"thumbnailUrl":"https:\/\/www.beitalhikma.tn\/wp-content\/uploads\/2024\/06\/1ere-de-couv-les-tunisiens-1.jpg","datePublished":"2024-06-19T09:07:36+00:00","dateModified":"2025-01-21T12:07:52+00:00","breadcrumb":{"@id":"https:\/\/www.beitalhikma.tn\/fr\/publication\/acces-boutique\/livres-en-vente\/les-tunisiens-qui-sont-ils-dou-viennent-ilsles-revelations-de-la-genetique-2eme-editions\/#breadcrumb"},"inLanguage":"fr-FR","potentialAction":[{"@type":"ReadAction","target":["https:\/\/www.beitalhikma.tn\/fr\/publication\/acces-boutique\/livres-en-vente\/les-tunisiens-qui-sont-ils-dou-viennent-ilsles-revelations-de-la-genetique-2eme-editions\/"]}]},{"@type":"ImageObject","inLanguage":"fr-FR","@id":"https:\/\/www.beitalhikma.tn\/fr\/publication\/acces-boutique\/livres-en-vente\/les-tunisiens-qui-sont-ils-dou-viennent-ilsles-revelations-de-la-genetique-2eme-editions\/#primaryimage","url":"https:\/\/www.beitalhikma.tn\/wp-content\/uploads\/2024\/06\/1ere-de-couv-les-tunisiens-1.jpg","contentUrl":"https:\/\/www.beitalhikma.tn\/wp-content\/uploads\/2024\/06\/1ere-de-couv-les-tunisiens-1.jpg","width":1788,"height":2552},{"@type":"BreadcrumbList","@id":"https:\/\/www.beitalhikma.tn\/fr\/publication\/acces-boutique\/livres-en-vente\/les-tunisiens-qui-sont-ils-dou-viennent-ilsles-revelations-de-la-genetique-2eme-editions\/#breadcrumb","itemListElement":[{"@type":"ListItem","position":1,"name":"Accueil","item":"https:\/\/www.beitalhikma.tn\/fr\/"},{"@type":"ListItem","position":2,"name":"Boutique","item":"https:\/\/www.beitalhikma.tn\/fr\/boutique\/"},{"@type":"ListItem","position":3,"name":"Les tunisiens qui sont -ils? d\u2019o\u00f9 viennent -ils?les r\u00e9v\u00e9lations de la g\u00e9n\u00e9tique (2\u00e9me \u00e9dition)"}]},{"@type":"WebSite","@id":"https:\/\/www.beitalhikma.tn\/#website","url":"https:\/\/www.beitalhikma.tn\/","name":"Beit al-Hikma","description":"L&#039;Acad\u00e9mie Tunisienne des Sciences, des Lettres  et des Arts","publisher":{"@id":"https:\/\/www.beitalhikma.tn\/#organization"},"potentialAction":[{"@type":"SearchAction","target":{"@type":"EntryPoint","urlTemplate":"https:\/\/www.beitalhikma.tn\/?s={search_term_string}"},"query-input":{"@type":"PropertyValueSpecification","valueRequired":true,"valueName":"search_term_string"}}],"inLanguage":"fr-FR"},{"@type":"Organization","@id":"https:\/\/www.beitalhikma.tn\/#organization","name":"Beit Al Hikma","url":"https:\/\/www.beitalhikma.tn\/","logo":{"@type":"ImageObject","inLanguage":"fr-FR","@id":"https:\/\/www.beitalhikma.tn\/#\/schema\/logo\/image\/","url":"https:\/\/www.beitalhikma.tn\/wp-content\/uploads\/2014\/11\/logo.png","contentUrl":"https:\/\/www.beitalhikma.tn\/wp-content\/uploads\/2014\/11\/logo.png","width":288,"height":109,"caption":"Beit Al Hikma"},"image":{"@id":"https:\/\/www.beitalhikma.tn\/#\/schema\/logo\/image\/"},"sameAs":["https:\/\/www.facebook.com\/BeitalhikmaTunisie\/","https:\/\/x.com\/Beit_alhikma_TN","https:\/\/www.youtube.com\/channel\/UCl8EfDXqt5MFfcEY0UYhevg"]}]}},"uagb_featured_image_src":{"full":["https:\/\/www.beitalhikma.tn\/wp-content\/uploads\/2024\/06\/1ere-de-couv-les-tunisiens-1.jpg",1788,2552,false],"thumbnail":["https:\/\/www.beitalhikma.tn\/wp-content\/uploads\/2024\/06\/1ere-de-couv-les-tunisiens-1-250x300.jpg",250,300,true],"medium":["https:\/\/www.beitalhikma.tn\/wp-content\/uploads\/2024\/06\/1ere-de-couv-les-tunisiens-1-210x300.jpg",210,300,true],"medium_large":["https:\/\/www.beitalhikma.tn\/wp-content\/uploads\/2024\/06\/1ere-de-couv-les-tunisiens-1-768x1096.jpg",768,1096,true],"large":["https:\/\/www.beitalhikma.tn\/wp-content\/uploads\/2024\/06\/1ere-de-couv-les-tunisiens-1-717x1024.jpg",717,1024,true],"thumblist":["https:\/\/www.beitalhikma.tn\/wp-content\/uploads\/2024\/06\/1ere-de-couv-les-tunisiens-1-300x300.jpg",300,300,true],"meccarouselthumb":["https:\/\/www.beitalhikma.tn\/wp-content\/uploads\/2024\/06\/1ere-de-couv-les-tunisiens-1-474x324.jpg",474,324,true],"gridsquare":["https:\/\/www.beitalhikma.tn\/wp-content\/uploads\/2024\/06\/1ere-de-couv-les-tunisiens-1-391x260.jpg",391,260,true],"tileview":["https:\/\/www.beitalhikma.tn\/wp-content\/uploads\/2024\/06\/1ere-de-couv-les-tunisiens-1-300x400.jpg",300,400,true],"1536x1536":["https:\/\/www.beitalhikma.tn\/wp-content\/uploads\/2024\/06\/1ere-de-couv-les-tunisiens-1-1076x1536.jpg",1076,1536,true],"2048x2048":["https:\/\/www.beitalhikma.tn\/wp-content\/uploads\/2024\/06\/1ere-de-couv-les-tunisiens-1-1435x2048.jpg",1435,2048,true],"post-thumbnail":["https:\/\/www.beitalhikma.tn\/wp-content\/uploads\/2024\/06\/1ere-de-couv-les-tunisiens-1-102x146.jpg",102,146,true],"50x50":["https:\/\/www.beitalhikma.tn\/wp-content\/uploads\/2024\/06\/1ere-de-couv-les-tunisiens-1-35x50.jpg",35,50,true],"portfolio-list":["https:\/\/www.beitalhikma.tn\/wp-content\/uploads\/2024\/06\/1ere-de-couv-les-tunisiens-1-600x400.jpg",600,400,true],"portfolio-fs":["https:\/\/www.beitalhikma.tn\/wp-content\/uploads\/2024\/06\/1ere-de-couv-les-tunisiens-1-815x543.jpg",815,543,true],"portfolio-slider":["https:\/\/www.beitalhikma.tn\/wp-content\/uploads\/2024\/06\/1ere-de-couv-les-tunisiens-1-380x380.jpg",380,380,true],"blog":["https:\/\/www.beitalhikma.tn\/wp-content\/uploads\/2024\/06\/1ere-de-couv-les-tunisiens-1-564x341.jpg",564,341,true],"blog-single":["https:\/\/www.beitalhikma.tn\/wp-content\/uploads\/2024\/06\/1ere-de-couv-les-tunisiens-1-1176x445.jpg",1176,445,true],"blog-item":["https:\/\/www.beitalhikma.tn\/wp-content\/uploads\/2024\/06\/1ere-de-couv-les-tunisiens-1-504x224.jpg",504,224,true],"blog-widget":["https:\/\/www.beitalhikma.tn\/wp-content\/uploads\/2024\/06\/1ere-de-couv-les-tunisiens-1-80x60.jpg",80,60,true],"features":["https:\/\/www.beitalhikma.tn\/wp-content\/uploads\/2024\/06\/1ere-de-couv-les-tunisiens-1-90x90.jpg",90,90,true],"clients-slider":["https:\/\/www.beitalhikma.tn\/wp-content\/uploads\/2024\/06\/1ere-de-couv-les-tunisiens-1-56x80.jpg",56,80,true],"offer-slider":["https:\/\/www.beitalhikma.tn\/wp-content\/uploads\/2024\/06\/1ere-de-couv-les-tunisiens-1-776x438.jpg",776,438,true],"offer-slider-pg":["https:\/\/www.beitalhikma.tn\/wp-content\/uploads\/2024\/06\/1ere-de-couv-les-tunisiens-1-42x42.jpg",42,42,true],"woocommerce_thumbnail":["https:\/\/www.beitalhikma.tn\/wp-content\/uploads\/2024\/06\/1ere-de-couv-les-tunisiens-1-250x300.jpg",250,300,true],"woocommerce_single":["https:\/\/www.beitalhikma.tn\/wp-content\/uploads\/2024\/06\/1ere-de-couv-les-tunisiens-1-250x357.jpg",250,357,true],"woocommerce_gallery_thumbnail":["https:\/\/www.beitalhikma.tn\/wp-content\/uploads\/2024\/06\/1ere-de-couv-les-tunisiens-1-100x100.jpg",100,100,true]},"uagb_author_info":{"display_name":"admin","author_link":"https:\/\/www.beitalhikma.tn\/fr\/author\/"},"uagb_comment_info":0,"uagb_excerpt":"Titre de l\u2019ouvrage : Les tunisiens qui sont-ils ?d'o\u00f9 viennent -ils? les r\u00e9v\u00e9lations de la g\u00e9n\u00e9tique (2\u00e9me \u00e9dition) Auteur : Amel Benammar Elgaa\u00efed Langue :\u00a0fran\u00e7ais Date de parution : 2024 Format :\u00a016\u00d724 ISBN : 9789973492401 Nombre de pages :255 Th\u00e8me : scientifique Poids : 300 gr Situation :\u00a0disponible","_links":{"self":[{"href":"https:\/\/www.beitalhikma.tn\/fr\/wp-json\/wp\/v2\/product\/113890","targetHints":{"allow":["GET"]}}],"collection":[{"href":"https:\/\/www.beitalhikma.tn\/fr\/wp-json\/wp\/v2\/product"}],"about":[{"href":"https:\/\/www.beitalhikma.tn\/fr\/wp-json\/wp\/v2\/types\/product"}],"wp:featuredmedia":[{"embeddable":true,"href":"https:\/\/www.beitalhikma.tn\/fr\/wp-json\/wp\/v2\/media\/115883"}],"wp:attachment":[{"href":"https:\/\/www.beitalhikma.tn\/fr\/wp-json\/wp\/v2\/media?parent=113890"}],"wp:term":[{"taxonomy":"product_brand","embeddable":true,"href":"https:\/\/www.beitalhikma.tn\/fr\/wp-json\/wp\/v2\/product_brand?post=113890"},{"taxonomy":"product_cat","embeddable":true,"href":"https:\/\/www.beitalhikma.tn\/fr\/wp-json\/wp\/v2\/product_cat?post=113890"},{"taxonomy":"product_tag","embeddable":true,"href":"https:\/\/www.beitalhikma.tn\/fr\/wp-json\/wp\/v2\/product_tag?post=113890"}],"curies":[{"name":"wp","href":"https:\/\/api.w.org\/{rel}","templated":true}]}}