{"id":117180,"date":"2024-12-05T11:37:09","date_gmt":"2024-12-05T10:37:09","guid":{"rendered":"https:\/\/www.beitalhikma.tn\/?post_type=product&#038;p=117180"},"modified":"2025-07-04T11:55:38","modified_gmt":"2025-07-04T10:55:38","slug":"la-litterature-tunisienne-de-langue-francaise-litteratur-imagination-et-histoire","status":"publish","type":"product","link":"https:\/\/www.beitalhikma.tn\/fr\/publication\/acces-boutique\/livres-en-vente\/la-litterature-tunisienne-de-langue-francaise-litteratur-imagination-et-histoire\/","title":{"rendered":"La litt\u00e9rature Tunisienne de langue fran\u00e7aise : litt\u00e9ratur, imagination et histoire"},"content":{"rendered":"<p>&nbsp;<\/p>\n<p>&nbsp;<\/p>\n","protected":false},"excerpt":{"rendered":"<ul>\n<li><strong>Titre de l\u2019ouvrage<\/strong> : La litt\u00e9rature Tunisienne de langue fran\u00e7aise : litt\u00e9ratur, imagination et histoire<\/li>\n<li><strong>ouvrage collectif sous la direction d<\/strong>e Mohamed Kameleddine<\/li>\n<li><strong>Langue :<\/strong>\u00a0fran\u00e7ais<\/li>\n<li><strong>Date de parution :<\/strong> 2024<\/li>\n<li><strong>Format :<\/strong>\u00a016\u00d724<\/li>\n<li><strong>ISBN :<\/strong> 9789973492555<\/li>\n<li><strong>Nombre de pages :<\/strong>277<br \/>\n<strong>Th\u00e8me :<\/strong> litt\u00e9rature<\/li>\n<li><strong>Poids :<\/strong> 400 gr<br \/>\n<b>Situation :\u00a0<\/b>disponible<\/li>\n<\/ul>\n","protected":false},"featured_media":117317,"template":"","meta":{"_uag_custom_page_level_css":""},"product_brand":[],"product_cat":[11],"product_tag":[],"class_list":{"0":"post-117180","1":"product","2":"type-product","3":"status-publish","4":"has-post-thumbnail","6":"product_cat-livres-en-vente","8":"first","9":"instock","10":"sale","11":"shipping-taxable","12":"purchasable","13":"product-type-simple"},"yoast_head":"<!-- This site is optimized with the Yoast SEO plugin v27.3 - https:\/\/yoast.com\/product\/yoast-seo-wordpress\/ -->\n<title>La litt\u00e9rature Tunisienne de langue fran\u00e7aise : litt\u00e9ratur, imagination et histoire - Beit al-Hikma<\/title>\n<meta name=\"robots\" content=\"index, follow, max-snippet:-1, max-image-preview:large, max-video-preview:-1\" \/>\n<link rel=\"canonical\" href=\"https:\/\/www.beitalhikma.tn\/fr\/publication\/acces-boutique\/livres-en-vente\/la-litterature-tunisienne-de-langue-francaise-litteratur-imagination-et-histoire\/\" \/>\n<meta property=\"og:locale\" content=\"fr_FR\" \/>\n<meta property=\"og:type\" content=\"article\" \/>\n<meta property=\"og:title\" content=\"La litt\u00e9rature Tunisienne de langue fran\u00e7aise : litt\u00e9ratur, imagination et histoire - Beit al-Hikma\" \/>\n<meta property=\"og:description\" content=\"Titre de l\u2019ouvrage : La litt\u00e9rature Tunisienne de langue fran\u00e7aise : litt\u00e9ratur, imagination et histoire  ouvrage collectif sous la direction de Mohamed Kameleddine  Langue :\u00a0fran\u00e7ais  Date de parution : 2024  Format :\u00a016\u00d724  ISBN : 9789973492555  Nombre de pages :277 Th\u00e8me : litt\u00e9rature  Poids : 400 gr Situation :\u00a0disponible\" \/>\n<meta property=\"og:url\" content=\"https:\/\/www.beitalhikma.tn\/fr\/publication\/acces-boutique\/livres-en-vente\/la-litterature-tunisienne-de-langue-francaise-litteratur-imagination-et-histoire\/\" \/>\n<meta property=\"og:site_name\" content=\"Beit al-Hikma\" \/>\n<meta property=\"article:publisher\" content=\"https:\/\/www.facebook.com\/BeitalhikmaTunisie\/\" \/>\n<meta property=\"article:modified_time\" content=\"2025-07-04T10:55:38+00:00\" \/>\n<meta property=\"og:image\" content=\"https:\/\/www.beitalhikma.tn\/wp-content\/uploads\/2024\/12\/1ereCouv-LitteraturesTunisienneJourneeDetudesK-222.jpg\" \/>\n\t<meta property=\"og:image:width\" content=\"921\" \/>\n\t<meta property=\"og:image:height\" content=\"1393\" \/>\n\t<meta property=\"og:image:type\" content=\"image\/jpeg\" \/>\n<meta name=\"twitter:card\" content=\"summary_large_image\" \/>\n<meta name=\"twitter:site\" content=\"@Beit_alhikma_TN\" \/>\n<meta name=\"twitter:label1\" content=\"Dur\u00e9e de lecture estim\u00e9e\" \/>\n\t<meta name=\"twitter:data1\" content=\"1 minute\" \/>\n<script type=\"application\/ld+json\" class=\"yoast-schema-graph\">{\"@context\":\"https:\\\/\\\/schema.org\",\"@graph\":[{\"@type\":\"WebPage\",\"@id\":\"https:\\\/\\\/www.beitalhikma.tn\\\/fr\\\/publication\\\/acces-boutique\\\/livres-en-vente\\\/la-litterature-tunisienne-de-langue-francaise-litteratur-imagination-et-histoire\\\/\",\"url\":\"https:\\\/\\\/www.beitalhikma.tn\\\/fr\\\/publication\\\/acces-boutique\\\/livres-en-vente\\\/la-litterature-tunisienne-de-langue-francaise-litteratur-imagination-et-histoire\\\/\",\"name\":\"La litt\u00e9rature Tunisienne de langue fran\u00e7aise : litt\u00e9ratur, imagination et histoire - Beit al-Hikma\",\"isPartOf\":{\"@id\":\"https:\\\/\\\/www.beitalhikma.tn\\\/#website\"},\"primaryImageOfPage\":{\"@id\":\"https:\\\/\\\/www.beitalhikma.tn\\\/fr\\\/publication\\\/acces-boutique\\\/livres-en-vente\\\/la-litterature-tunisienne-de-langue-francaise-litteratur-imagination-et-histoire\\\/#primaryimage\"},\"image\":{\"@id\":\"https:\\\/\\\/www.beitalhikma.tn\\\/fr\\\/publication\\\/acces-boutique\\\/livres-en-vente\\\/la-litterature-tunisienne-de-langue-francaise-litteratur-imagination-et-histoire\\\/#primaryimage\"},\"thumbnailUrl\":\"https:\\\/\\\/www.beitalhikma.tn\\\/wp-content\\\/uploads\\\/2024\\\/12\\\/1ereCouv-LitteraturesTunisienneJourneeDetudesK-222.jpg\",\"datePublished\":\"2024-12-05T10:37:09+00:00\",\"dateModified\":\"2025-07-04T10:55:38+00:00\",\"breadcrumb\":{\"@id\":\"https:\\\/\\\/www.beitalhikma.tn\\\/fr\\\/publication\\\/acces-boutique\\\/livres-en-vente\\\/la-litterature-tunisienne-de-langue-francaise-litteratur-imagination-et-histoire\\\/#breadcrumb\"},\"inLanguage\":\"fr-FR\",\"potentialAction\":[{\"@type\":\"ReadAction\",\"target\":[\"https:\\\/\\\/www.beitalhikma.tn\\\/fr\\\/publication\\\/acces-boutique\\\/livres-en-vente\\\/la-litterature-tunisienne-de-langue-francaise-litteratur-imagination-et-histoire\\\/\"]}]},{\"@type\":\"ImageObject\",\"inLanguage\":\"fr-FR\",\"@id\":\"https:\\\/\\\/www.beitalhikma.tn\\\/fr\\\/publication\\\/acces-boutique\\\/livres-en-vente\\\/la-litterature-tunisienne-de-langue-francaise-litteratur-imagination-et-histoire\\\/#primaryimage\",\"url\":\"https:\\\/\\\/www.beitalhikma.tn\\\/wp-content\\\/uploads\\\/2024\\\/12\\\/1ereCouv-LitteraturesTunisienneJourneeDetudesK-222.jpg\",\"contentUrl\":\"https:\\\/\\\/www.beitalhikma.tn\\\/wp-content\\\/uploads\\\/2024\\\/12\\\/1ereCouv-LitteraturesTunisienneJourneeDetudesK-222.jpg\",\"width\":921,\"height\":1393},{\"@type\":\"BreadcrumbList\",\"@id\":\"https:\\\/\\\/www.beitalhikma.tn\\\/fr\\\/publication\\\/acces-boutique\\\/livres-en-vente\\\/la-litterature-tunisienne-de-langue-francaise-litteratur-imagination-et-histoire\\\/#breadcrumb\",\"itemListElement\":[{\"@type\":\"ListItem\",\"position\":1,\"name\":\"Accueil\",\"item\":\"https:\\\/\\\/www.beitalhikma.tn\\\/fr\\\/\"},{\"@type\":\"ListItem\",\"position\":2,\"name\":\"Boutique\",\"item\":\"https:\\\/\\\/www.beitalhikma.tn\\\/fr\\\/boutique\\\/\"},{\"@type\":\"ListItem\",\"position\":3,\"name\":\"La litt\u00e9rature Tunisienne de langue fran\u00e7aise : litt\u00e9ratur, imagination et histoire\"}]},{\"@type\":\"WebSite\",\"@id\":\"https:\\\/\\\/www.beitalhikma.tn\\\/#website\",\"url\":\"https:\\\/\\\/www.beitalhikma.tn\\\/\",\"name\":\"Beit al-Hikma\",\"description\":\"L&#039;Acad\u00e9mie Tunisienne des Sciences, des Lettres  et des Arts\",\"publisher\":{\"@id\":\"https:\\\/\\\/www.beitalhikma.tn\\\/#organization\"},\"potentialAction\":[{\"@type\":\"SearchAction\",\"target\":{\"@type\":\"EntryPoint\",\"urlTemplate\":\"https:\\\/\\\/www.beitalhikma.tn\\\/?s={search_term_string}\"},\"query-input\":{\"@type\":\"PropertyValueSpecification\",\"valueRequired\":true,\"valueName\":\"search_term_string\"}}],\"inLanguage\":\"fr-FR\"},{\"@type\":\"Organization\",\"@id\":\"https:\\\/\\\/www.beitalhikma.tn\\\/#organization\",\"name\":\"Beit Al Hikma\",\"url\":\"https:\\\/\\\/www.beitalhikma.tn\\\/\",\"logo\":{\"@type\":\"ImageObject\",\"inLanguage\":\"fr-FR\",\"@id\":\"https:\\\/\\\/www.beitalhikma.tn\\\/#\\\/schema\\\/logo\\\/image\\\/\",\"url\":\"https:\\\/\\\/www.beitalhikma.tn\\\/wp-content\\\/uploads\\\/2014\\\/11\\\/logo.png\",\"contentUrl\":\"https:\\\/\\\/www.beitalhikma.tn\\\/wp-content\\\/uploads\\\/2014\\\/11\\\/logo.png\",\"width\":288,\"height\":109,\"caption\":\"Beit Al Hikma\"},\"image\":{\"@id\":\"https:\\\/\\\/www.beitalhikma.tn\\\/#\\\/schema\\\/logo\\\/image\\\/\"},\"sameAs\":[\"https:\\\/\\\/www.facebook.com\\\/BeitalhikmaTunisie\\\/\",\"https:\\\/\\\/x.com\\\/Beit_alhikma_TN\",\"https:\\\/\\\/www.youtube.com\\\/channel\\\/UCl8EfDXqt5MFfcEY0UYhevg\"]}]}<\/script>\n<!-- \/ Yoast SEO plugin. -->","yoast_head_json":{"title":"La litt\u00e9rature Tunisienne de langue fran\u00e7aise : litt\u00e9ratur, imagination et histoire - Beit al-Hikma","robots":{"index":"index","follow":"follow","max-snippet":"max-snippet:-1","max-image-preview":"max-image-preview:large","max-video-preview":"max-video-preview:-1"},"canonical":"https:\/\/www.beitalhikma.tn\/fr\/publication\/acces-boutique\/livres-en-vente\/la-litterature-tunisienne-de-langue-francaise-litteratur-imagination-et-histoire\/","og_locale":"fr_FR","og_type":"article","og_title":"La litt\u00e9rature Tunisienne de langue fran\u00e7aise : litt\u00e9ratur, imagination et histoire - Beit al-Hikma","og_description":"Titre de l\u2019ouvrage : La litt\u00e9rature Tunisienne de langue fran\u00e7aise : litt\u00e9ratur, imagination et histoire  ouvrage collectif sous la direction de Mohamed Kameleddine  Langue :\u00a0fran\u00e7ais  Date de parution : 2024  Format :\u00a016\u00d724  ISBN : 9789973492555  Nombre de pages :277 Th\u00e8me : litt\u00e9rature  Poids : 400 gr Situation :\u00a0disponible","og_url":"https:\/\/www.beitalhikma.tn\/fr\/publication\/acces-boutique\/livres-en-vente\/la-litterature-tunisienne-de-langue-francaise-litteratur-imagination-et-histoire\/","og_site_name":"Beit al-Hikma","article_publisher":"https:\/\/www.facebook.com\/BeitalhikmaTunisie\/","article_modified_time":"2025-07-04T10:55:38+00:00","og_image":[{"width":921,"height":1393,"url":"https:\/\/www.beitalhikma.tn\/wp-content\/uploads\/2024\/12\/1ereCouv-LitteraturesTunisienneJourneeDetudesK-222.jpg","type":"image\/jpeg"}],"twitter_card":"summary_large_image","twitter_site":"@Beit_alhikma_TN","twitter_misc":{"Dur\u00e9e de lecture estim\u00e9e":"1 minute"},"schema":{"@context":"https:\/\/schema.org","@graph":[{"@type":"WebPage","@id":"https:\/\/www.beitalhikma.tn\/fr\/publication\/acces-boutique\/livres-en-vente\/la-litterature-tunisienne-de-langue-francaise-litteratur-imagination-et-histoire\/","url":"https:\/\/www.beitalhikma.tn\/fr\/publication\/acces-boutique\/livres-en-vente\/la-litterature-tunisienne-de-langue-francaise-litteratur-imagination-et-histoire\/","name":"La litt\u00e9rature Tunisienne de langue fran\u00e7aise : litt\u00e9ratur, imagination et histoire - Beit al-Hikma","isPartOf":{"@id":"https:\/\/www.beitalhikma.tn\/#website"},"primaryImageOfPage":{"@id":"https:\/\/www.beitalhikma.tn\/fr\/publication\/acces-boutique\/livres-en-vente\/la-litterature-tunisienne-de-langue-francaise-litteratur-imagination-et-histoire\/#primaryimage"},"image":{"@id":"https:\/\/www.beitalhikma.tn\/fr\/publication\/acces-boutique\/livres-en-vente\/la-litterature-tunisienne-de-langue-francaise-litteratur-imagination-et-histoire\/#primaryimage"},"thumbnailUrl":"https:\/\/www.beitalhikma.tn\/wp-content\/uploads\/2024\/12\/1ereCouv-LitteraturesTunisienneJourneeDetudesK-222.jpg","datePublished":"2024-12-05T10:37:09+00:00","dateModified":"2025-07-04T10:55:38+00:00","breadcrumb":{"@id":"https:\/\/www.beitalhikma.tn\/fr\/publication\/acces-boutique\/livres-en-vente\/la-litterature-tunisienne-de-langue-francaise-litteratur-imagination-et-histoire\/#breadcrumb"},"inLanguage":"fr-FR","potentialAction":[{"@type":"ReadAction","target":["https:\/\/www.beitalhikma.tn\/fr\/publication\/acces-boutique\/livres-en-vente\/la-litterature-tunisienne-de-langue-francaise-litteratur-imagination-et-histoire\/"]}]},{"@type":"ImageObject","inLanguage":"fr-FR","@id":"https:\/\/www.beitalhikma.tn\/fr\/publication\/acces-boutique\/livres-en-vente\/la-litterature-tunisienne-de-langue-francaise-litteratur-imagination-et-histoire\/#primaryimage","url":"https:\/\/www.beitalhikma.tn\/wp-content\/uploads\/2024\/12\/1ereCouv-LitteraturesTunisienneJourneeDetudesK-222.jpg","contentUrl":"https:\/\/www.beitalhikma.tn\/wp-content\/uploads\/2024\/12\/1ereCouv-LitteraturesTunisienneJourneeDetudesK-222.jpg","width":921,"height":1393},{"@type":"BreadcrumbList","@id":"https:\/\/www.beitalhikma.tn\/fr\/publication\/acces-boutique\/livres-en-vente\/la-litterature-tunisienne-de-langue-francaise-litteratur-imagination-et-histoire\/#breadcrumb","itemListElement":[{"@type":"ListItem","position":1,"name":"Accueil","item":"https:\/\/www.beitalhikma.tn\/fr\/"},{"@type":"ListItem","position":2,"name":"Boutique","item":"https:\/\/www.beitalhikma.tn\/fr\/boutique\/"},{"@type":"ListItem","position":3,"name":"La litt\u00e9rature Tunisienne de langue fran\u00e7aise : litt\u00e9ratur, imagination et histoire"}]},{"@type":"WebSite","@id":"https:\/\/www.beitalhikma.tn\/#website","url":"https:\/\/www.beitalhikma.tn\/","name":"Beit al-Hikma","description":"L&#039;Acad\u00e9mie Tunisienne des Sciences, des Lettres  et des Arts","publisher":{"@id":"https:\/\/www.beitalhikma.tn\/#organization"},"potentialAction":[{"@type":"SearchAction","target":{"@type":"EntryPoint","urlTemplate":"https:\/\/www.beitalhikma.tn\/?s={search_term_string}"},"query-input":{"@type":"PropertyValueSpecification","valueRequired":true,"valueName":"search_term_string"}}],"inLanguage":"fr-FR"},{"@type":"Organization","@id":"https:\/\/www.beitalhikma.tn\/#organization","name":"Beit Al Hikma","url":"https:\/\/www.beitalhikma.tn\/","logo":{"@type":"ImageObject","inLanguage":"fr-FR","@id":"https:\/\/www.beitalhikma.tn\/#\/schema\/logo\/image\/","url":"https:\/\/www.beitalhikma.tn\/wp-content\/uploads\/2014\/11\/logo.png","contentUrl":"https:\/\/www.beitalhikma.tn\/wp-content\/uploads\/2014\/11\/logo.png","width":288,"height":109,"caption":"Beit Al Hikma"},"image":{"@id":"https:\/\/www.beitalhikma.tn\/#\/schema\/logo\/image\/"},"sameAs":["https:\/\/www.facebook.com\/BeitalhikmaTunisie\/","https:\/\/x.com\/Beit_alhikma_TN","https:\/\/www.youtube.com\/channel\/UCl8EfDXqt5MFfcEY0UYhevg"]}]}},"uagb_featured_image_src":{"full":["https:\/\/www.beitalhikma.tn\/wp-content\/uploads\/2024\/12\/1ereCouv-LitteraturesTunisienneJourneeDetudesK-222.jpg",921,1393,false],"thumbnail":["https:\/\/www.beitalhikma.tn\/wp-content\/uploads\/2024\/12\/1ereCouv-LitteraturesTunisienneJourneeDetudesK-222-250x300.jpg",250,300,true],"medium":["https:\/\/www.beitalhikma.tn\/wp-content\/uploads\/2024\/12\/1ereCouv-LitteraturesTunisienneJourneeDetudesK-222-198x300.jpg",198,300,true],"medium_large":["https:\/\/www.beitalhikma.tn\/wp-content\/uploads\/2024\/12\/1ereCouv-LitteraturesTunisienneJourneeDetudesK-222-768x1162.jpg",768,1162,true],"large":["https:\/\/www.beitalhikma.tn\/wp-content\/uploads\/2024\/12\/1ereCouv-LitteraturesTunisienneJourneeDetudesK-222-677x1024.jpg",677,1024,true],"thumblist":["https:\/\/www.beitalhikma.tn\/wp-content\/uploads\/2024\/12\/1ereCouv-LitteraturesTunisienneJourneeDetudesK-222-300x300.jpg",300,300,true],"meccarouselthumb":["https:\/\/www.beitalhikma.tn\/wp-content\/uploads\/2024\/12\/1ereCouv-LitteraturesTunisienneJourneeDetudesK-222-474x324.jpg",474,324,true],"gridsquare":["https:\/\/www.beitalhikma.tn\/wp-content\/uploads\/2024\/12\/1ereCouv-LitteraturesTunisienneJourneeDetudesK-222-391x260.jpg",391,260,true],"tileview":["https:\/\/www.beitalhikma.tn\/wp-content\/uploads\/2024\/12\/1ereCouv-LitteraturesTunisienneJourneeDetudesK-222-300x400.jpg",300,400,true],"1536x1536":["https:\/\/www.beitalhikma.tn\/wp-content\/uploads\/2024\/12\/1ereCouv-LitteraturesTunisienneJourneeDetudesK-222.jpg",921,1393,false],"2048x2048":["https:\/\/www.beitalhikma.tn\/wp-content\/uploads\/2024\/12\/1ereCouv-LitteraturesTunisienneJourneeDetudesK-222.jpg",921,1393,false],"post-thumbnail":["https:\/\/www.beitalhikma.tn\/wp-content\/uploads\/2024\/12\/1ereCouv-LitteraturesTunisienneJourneeDetudesK-222-97x146.jpg",97,146,true],"50x50":["https:\/\/www.beitalhikma.tn\/wp-content\/uploads\/2024\/12\/1ereCouv-LitteraturesTunisienneJourneeDetudesK-222-33x50.jpg",33,50,true],"portfolio-list":["https:\/\/www.beitalhikma.tn\/wp-content\/uploads\/2024\/12\/1ereCouv-LitteraturesTunisienneJourneeDetudesK-222-600x400.jpg",600,400,true],"portfolio-fs":["https:\/\/www.beitalhikma.tn\/wp-content\/uploads\/2024\/12\/1ereCouv-LitteraturesTunisienneJourneeDetudesK-222-815x543.jpg",815,543,true],"portfolio-slider":["https:\/\/www.beitalhikma.tn\/wp-content\/uploads\/2024\/12\/1ereCouv-LitteraturesTunisienneJourneeDetudesK-222-380x380.jpg",380,380,true],"blog":["https:\/\/www.beitalhikma.tn\/wp-content\/uploads\/2024\/12\/1ereCouv-LitteraturesTunisienneJourneeDetudesK-222-564x341.jpg",564,341,true],"blog-single":["https:\/\/www.beitalhikma.tn\/wp-content\/uploads\/2024\/12\/1ereCouv-LitteraturesTunisienneJourneeDetudesK-222-921x445.jpg",921,445,true],"blog-item":["https:\/\/www.beitalhikma.tn\/wp-content\/uploads\/2024\/12\/1ereCouv-LitteraturesTunisienneJourneeDetudesK-222-504x224.jpg",504,224,true],"blog-widget":["https:\/\/www.beitalhikma.tn\/wp-content\/uploads\/2024\/12\/1ereCouv-LitteraturesTunisienneJourneeDetudesK-222-80x60.jpg",80,60,true],"features":["https:\/\/www.beitalhikma.tn\/wp-content\/uploads\/2024\/12\/1ereCouv-LitteraturesTunisienneJourneeDetudesK-222-90x90.jpg",90,90,true],"clients-slider":["https:\/\/www.beitalhikma.tn\/wp-content\/uploads\/2024\/12\/1ereCouv-LitteraturesTunisienneJourneeDetudesK-222-53x80.jpg",53,80,true],"offer-slider":["https:\/\/www.beitalhikma.tn\/wp-content\/uploads\/2024\/12\/1ereCouv-LitteraturesTunisienneJourneeDetudesK-222-776x438.jpg",776,438,true],"offer-slider-pg":["https:\/\/www.beitalhikma.tn\/wp-content\/uploads\/2024\/12\/1ereCouv-LitteraturesTunisienneJourneeDetudesK-222-42x42.jpg",42,42,true],"woocommerce_thumbnail":["https:\/\/www.beitalhikma.tn\/wp-content\/uploads\/2024\/12\/1ereCouv-LitteraturesTunisienneJourneeDetudesK-222-250x300.jpg",250,300,true],"woocommerce_single":["https:\/\/www.beitalhikma.tn\/wp-content\/uploads\/2024\/12\/1ereCouv-LitteraturesTunisienneJourneeDetudesK-222-250x378.jpg",250,378,true],"woocommerce_gallery_thumbnail":["https:\/\/www.beitalhikma.tn\/wp-content\/uploads\/2024\/12\/1ereCouv-LitteraturesTunisienneJourneeDetudesK-222-100x100.jpg",100,100,true]},"uagb_author_info":{"display_name":"admin","author_link":"https:\/\/www.beitalhikma.tn\/fr\/author\/"},"uagb_comment_info":0,"uagb_excerpt":"Titre de l\u2019ouvrage : La litt\u00e9rature Tunisienne de langue fran\u00e7aise : litt\u00e9ratur, imagination et histoire ouvrage collectif sous la direction de Mohamed Kameleddine Langue :\u00a0fran\u00e7ais Date de parution : 2024 Format :\u00a016\u00d724 ISBN : 9789973492555 Nombre de pages :277 Th\u00e8me : litt\u00e9rature Poids : 400 gr Situation :\u00a0disponible","_links":{"self":[{"href":"https:\/\/www.beitalhikma.tn\/fr\/wp-json\/wp\/v2\/product\/117180","targetHints":{"allow":["GET"]}}],"collection":[{"href":"https:\/\/www.beitalhikma.tn\/fr\/wp-json\/wp\/v2\/product"}],"about":[{"href":"https:\/\/www.beitalhikma.tn\/fr\/wp-json\/wp\/v2\/types\/product"}],"wp:featuredmedia":[{"embeddable":true,"href":"https:\/\/www.beitalhikma.tn\/fr\/wp-json\/wp\/v2\/media\/117317"}],"wp:attachment":[{"href":"https:\/\/www.beitalhikma.tn\/fr\/wp-json\/wp\/v2\/media?parent=117180"}],"wp:term":[{"taxonomy":"product_brand","embeddable":true,"href":"https:\/\/www.beitalhikma.tn\/fr\/wp-json\/wp\/v2\/product_brand?post=117180"},{"taxonomy":"product_cat","embeddable":true,"href":"https:\/\/www.beitalhikma.tn\/fr\/wp-json\/wp\/v2\/product_cat?post=117180"},{"taxonomy":"product_tag","embeddable":true,"href":"https:\/\/www.beitalhikma.tn\/fr\/wp-json\/wp\/v2\/product_tag?post=117180"}],"curies":[{"name":"wp","href":"https:\/\/api.w.org\/{rel}","templated":true}]}}