{"id":118649,"date":"2025-01-21T12:13:33","date_gmt":"2025-01-21T11:13:33","guid":{"rendered":"https:\/\/www.beitalhikma.tn\/?post_type=product&#038;p=118649"},"modified":"2025-07-04T11:47:10","modified_gmt":"2025-07-04T10:47:10","slug":"memoires-de-kheredine-pacha-2","status":"publish","type":"product","link":"https:\/\/www.beitalhikma.tn\/fr\/publication\/acces-boutique\/livres-en-vente\/memoires-de-kheredine-pacha-2\/","title":{"rendered":"M\u00e9moires de Kh\u00e9r\u00e9dine Pacha"},"content":{"rendered":"<p>Ouvrage de r\u00e9f\u00e9rence de la litt\u00e9rature de voyage, ce livre d\u00e9passe les limites du r\u00e9cit autobiographique. Y sont en effet consign\u00e9s les \u00e9v\u00e9nements historiques de cette \u00e9poque, avec leurs arri\u00e8re-plans politiques, \u00e9conomiques et sociaux, en m\u00eame temps que s\u2019y trouve confirm\u00e9e la tradition selon laquelle les p\u00e8lerinages par voie terrestre s\u2019\u00e9taient intensifi\u00e9s, \u00e0 cette \u00e9poque, en raison des conflits opposant sur les c\u00f4tes maghr\u00e9bines Ottomans et Espagnols pour la domination du d\u00e9troit de Sicile.<br \/>\nLe Voyage d\u2019Al Youssi (1690-1691) constitue \u00e0 cet \u00e9gard une mine d\u2019informations pour les chercheurs en histoire, en anthropologie, en sciences politiques, etc. C\u2019est un document qui apporte de pr\u00e9cieux \u00e9clairages sur le contexte \u00e0 la fois g\u00e9ographique (l\u2019ouvrage pouvant \u00eatre lu comme un guide touristique) et historique (compte-tenu des \u00e9v\u00e9nements document\u00e9s par l\u2019auteur) de cette p\u00e9riode de l\u2019histoire. Et c\u2019est pourquoi l\u2019\u00e9diteur, Ahmed B\u00e9hi, le consid\u00e8re comme une des \u0153uvres litt\u00e9raires les plus marquantes que le Maghreb nous ait donn\u00e9es depuis le Moyen-\u00e2ge. \u00ab Cet ouvrage repr\u00e9sente, affirme-t-il, un important rep\u00e8re dans la succession de r\u00e9cits de voyages \u00e0 la Mecque et au Hedjaz \u00e9crits par les Maghr\u00e9bins, \u00e0 l\u2019occasion des p\u00e9riples qui les ont men\u00e9s jusqu\u2019aux lieux saints \u00e0 la recherche du savoir ou pour accomplir les rites du p\u00e8lerinage. \u00bb<\/p>\n","protected":false},"excerpt":{"rendered":"<ul>\n<li><strong>Titre : M\u00e9moires<br \/>\nde Kh\u00e9r\u00e9dine Pacha<\/strong><\/li>\n<li><strong>Texte \u00e9tabli et traduit par<\/strong>\u00a0: Mohamed Larbi Senoussi<\/li>\n<li><strong>Langue : <\/strong>Fran\u00e7aise<\/li>\n<li><strong>Date de publication<\/strong> : 2024<\/li>\n<li><strong>Format\u00a0:<\/strong> 24 x 16<\/li>\n<li><strong>Nombre de pages :<\/strong>324<\/li>\n<li><strong>Th\u00e8me: <\/strong>Historique<\/li>\n<li><strong>ISBN :<\/strong> 9789973490643<\/li>\n<li><strong>Poids :<\/strong>500 gr<\/li>\n<li><strong>Situation:<\/strong>disponible<\/li>\n<\/ul>\n","protected":false},"featured_media":118653,"template":"","meta":{"_uag_custom_page_level_css":""},"product_brand":[],"product_cat":[11],"product_tag":[],"class_list":{"0":"post-118649","1":"product","2":"type-product","3":"status-publish","4":"has-post-thumbnail","6":"product_cat-livres-en-vente","8":"first","9":"instock","10":"sale","11":"shipping-taxable","12":"purchasable","13":"product-type-simple"},"yoast_head":"<!-- This site is optimized with the Yoast SEO plugin v27.3 - https:\/\/yoast.com\/product\/yoast-seo-wordpress\/ -->\n<title>M\u00e9moires de Kh\u00e9r\u00e9dine Pacha - Beit al-Hikma<\/title>\n<meta name=\"robots\" content=\"index, follow, max-snippet:-1, max-image-preview:large, max-video-preview:-1\" \/>\n<link rel=\"canonical\" href=\"https:\/\/www.beitalhikma.tn\/fr\/publication\/acces-boutique\/livres-en-vente\/memoires-de-kheredine-pacha-2\/\" \/>\n<meta property=\"og:locale\" content=\"fr_FR\" \/>\n<meta property=\"og:type\" content=\"article\" \/>\n<meta property=\"og:title\" content=\"M\u00e9moires de Kh\u00e9r\u00e9dine Pacha - Beit al-Hikma\" \/>\n<meta property=\"og:description\" content=\"Titre : M\u00e9moires de Kh\u00e9r\u00e9dine Pacha  Texte \u00e9tabli et traduit par\u00a0: Mohamed Larbi Senoussi  Langue : Fran\u00e7aise  Date de publication : 2024  Format\u00a0: 24 x 16  Nombre de pages :324  Th\u00e8me: Historique  ISBN : 9789973490643  Poids :500 gr  Situation:disponible\" \/>\n<meta property=\"og:url\" content=\"https:\/\/www.beitalhikma.tn\/fr\/publication\/acces-boutique\/livres-en-vente\/memoires-de-kheredine-pacha-2\/\" \/>\n<meta property=\"og:site_name\" content=\"Beit al-Hikma\" \/>\n<meta property=\"article:publisher\" content=\"https:\/\/www.facebook.com\/BeitalhikmaTunisie\/\" \/>\n<meta property=\"article:modified_time\" content=\"2025-07-04T10:47:10+00:00\" \/>\n<meta property=\"og:image\" content=\"https:\/\/www.beitalhikma.tn\/wp-content\/uploads\/2025\/01\/1erecouvMoudhakaratKheireddineCouvReimpression-scaled.jpg\" \/>\n\t<meta property=\"og:image:width\" content=\"1634\" \/>\n\t<meta property=\"og:image:height\" content=\"2560\" \/>\n\t<meta property=\"og:image:type\" content=\"image\/jpeg\" \/>\n<meta name=\"twitter:card\" content=\"summary_large_image\" \/>\n<meta name=\"twitter:site\" content=\"@Beit_alhikma_TN\" \/>\n<meta name=\"twitter:label1\" content=\"Dur\u00e9e de lecture estim\u00e9e\" \/>\n\t<meta name=\"twitter:data1\" content=\"2 minutes\" \/>\n<script type=\"application\/ld+json\" class=\"yoast-schema-graph\">{\"@context\":\"https:\\\/\\\/schema.org\",\"@graph\":[{\"@type\":\"WebPage\",\"@id\":\"https:\\\/\\\/www.beitalhikma.tn\\\/fr\\\/publication\\\/acces-boutique\\\/livres-en-vente\\\/memoires-de-kheredine-pacha-2\\\/\",\"url\":\"https:\\\/\\\/www.beitalhikma.tn\\\/fr\\\/publication\\\/acces-boutique\\\/livres-en-vente\\\/memoires-de-kheredine-pacha-2\\\/\",\"name\":\"M\u00e9moires de Kh\u00e9r\u00e9dine Pacha - Beit al-Hikma\",\"isPartOf\":{\"@id\":\"https:\\\/\\\/www.beitalhikma.tn\\\/#website\"},\"primaryImageOfPage\":{\"@id\":\"https:\\\/\\\/www.beitalhikma.tn\\\/fr\\\/publication\\\/acces-boutique\\\/livres-en-vente\\\/memoires-de-kheredine-pacha-2\\\/#primaryimage\"},\"image\":{\"@id\":\"https:\\\/\\\/www.beitalhikma.tn\\\/fr\\\/publication\\\/acces-boutique\\\/livres-en-vente\\\/memoires-de-kheredine-pacha-2\\\/#primaryimage\"},\"thumbnailUrl\":\"https:\\\/\\\/www.beitalhikma.tn\\\/wp-content\\\/uploads\\\/2025\\\/01\\\/1erecouvMoudhakaratKheireddineCouvReimpression-scaled.jpg\",\"datePublished\":\"2025-01-21T11:13:33+00:00\",\"dateModified\":\"2025-07-04T10:47:10+00:00\",\"breadcrumb\":{\"@id\":\"https:\\\/\\\/www.beitalhikma.tn\\\/fr\\\/publication\\\/acces-boutique\\\/livres-en-vente\\\/memoires-de-kheredine-pacha-2\\\/#breadcrumb\"},\"inLanguage\":\"fr-FR\",\"potentialAction\":[{\"@type\":\"ReadAction\",\"target\":[\"https:\\\/\\\/www.beitalhikma.tn\\\/fr\\\/publication\\\/acces-boutique\\\/livres-en-vente\\\/memoires-de-kheredine-pacha-2\\\/\"]}]},{\"@type\":\"ImageObject\",\"inLanguage\":\"fr-FR\",\"@id\":\"https:\\\/\\\/www.beitalhikma.tn\\\/fr\\\/publication\\\/acces-boutique\\\/livres-en-vente\\\/memoires-de-kheredine-pacha-2\\\/#primaryimage\",\"url\":\"https:\\\/\\\/www.beitalhikma.tn\\\/wp-content\\\/uploads\\\/2025\\\/01\\\/1erecouvMoudhakaratKheireddineCouvReimpression-scaled.jpg\",\"contentUrl\":\"https:\\\/\\\/www.beitalhikma.tn\\\/wp-content\\\/uploads\\\/2025\\\/01\\\/1erecouvMoudhakaratKheireddineCouvReimpression-scaled.jpg\",\"width\":1634,\"height\":2560},{\"@type\":\"BreadcrumbList\",\"@id\":\"https:\\\/\\\/www.beitalhikma.tn\\\/fr\\\/publication\\\/acces-boutique\\\/livres-en-vente\\\/memoires-de-kheredine-pacha-2\\\/#breadcrumb\",\"itemListElement\":[{\"@type\":\"ListItem\",\"position\":1,\"name\":\"Accueil\",\"item\":\"https:\\\/\\\/www.beitalhikma.tn\\\/fr\\\/\"},{\"@type\":\"ListItem\",\"position\":2,\"name\":\"Boutique\",\"item\":\"https:\\\/\\\/www.beitalhikma.tn\\\/fr\\\/boutique\\\/\"},{\"@type\":\"ListItem\",\"position\":3,\"name\":\"M\u00e9moires de Kh\u00e9r\u00e9dine Pacha\"}]},{\"@type\":\"WebSite\",\"@id\":\"https:\\\/\\\/www.beitalhikma.tn\\\/#website\",\"url\":\"https:\\\/\\\/www.beitalhikma.tn\\\/\",\"name\":\"Beit al-Hikma\",\"description\":\"L&#039;Acad\u00e9mie Tunisienne des Sciences, des Lettres  et des Arts\",\"publisher\":{\"@id\":\"https:\\\/\\\/www.beitalhikma.tn\\\/#organization\"},\"potentialAction\":[{\"@type\":\"SearchAction\",\"target\":{\"@type\":\"EntryPoint\",\"urlTemplate\":\"https:\\\/\\\/www.beitalhikma.tn\\\/?s={search_term_string}\"},\"query-input\":{\"@type\":\"PropertyValueSpecification\",\"valueRequired\":true,\"valueName\":\"search_term_string\"}}],\"inLanguage\":\"fr-FR\"},{\"@type\":\"Organization\",\"@id\":\"https:\\\/\\\/www.beitalhikma.tn\\\/#organization\",\"name\":\"Beit Al Hikma\",\"url\":\"https:\\\/\\\/www.beitalhikma.tn\\\/\",\"logo\":{\"@type\":\"ImageObject\",\"inLanguage\":\"fr-FR\",\"@id\":\"https:\\\/\\\/www.beitalhikma.tn\\\/#\\\/schema\\\/logo\\\/image\\\/\",\"url\":\"https:\\\/\\\/www.beitalhikma.tn\\\/wp-content\\\/uploads\\\/2014\\\/11\\\/logo.png\",\"contentUrl\":\"https:\\\/\\\/www.beitalhikma.tn\\\/wp-content\\\/uploads\\\/2014\\\/11\\\/logo.png\",\"width\":288,\"height\":109,\"caption\":\"Beit Al Hikma\"},\"image\":{\"@id\":\"https:\\\/\\\/www.beitalhikma.tn\\\/#\\\/schema\\\/logo\\\/image\\\/\"},\"sameAs\":[\"https:\\\/\\\/www.facebook.com\\\/BeitalhikmaTunisie\\\/\",\"https:\\\/\\\/x.com\\\/Beit_alhikma_TN\",\"https:\\\/\\\/www.youtube.com\\\/channel\\\/UCl8EfDXqt5MFfcEY0UYhevg\"]}]}<\/script>\n<!-- \/ Yoast SEO plugin. -->","yoast_head_json":{"title":"M\u00e9moires de Kh\u00e9r\u00e9dine Pacha - Beit al-Hikma","robots":{"index":"index","follow":"follow","max-snippet":"max-snippet:-1","max-image-preview":"max-image-preview:large","max-video-preview":"max-video-preview:-1"},"canonical":"https:\/\/www.beitalhikma.tn\/fr\/publication\/acces-boutique\/livres-en-vente\/memoires-de-kheredine-pacha-2\/","og_locale":"fr_FR","og_type":"article","og_title":"M\u00e9moires de Kh\u00e9r\u00e9dine Pacha - Beit al-Hikma","og_description":"Titre : M\u00e9moires de Kh\u00e9r\u00e9dine Pacha  Texte \u00e9tabli et traduit par\u00a0: Mohamed Larbi Senoussi  Langue : Fran\u00e7aise  Date de publication : 2024  Format\u00a0: 24 x 16  Nombre de pages :324  Th\u00e8me: Historique  ISBN : 9789973490643  Poids :500 gr  Situation:disponible","og_url":"https:\/\/www.beitalhikma.tn\/fr\/publication\/acces-boutique\/livres-en-vente\/memoires-de-kheredine-pacha-2\/","og_site_name":"Beit al-Hikma","article_publisher":"https:\/\/www.facebook.com\/BeitalhikmaTunisie\/","article_modified_time":"2025-07-04T10:47:10+00:00","og_image":[{"width":1634,"height":2560,"url":"https:\/\/www.beitalhikma.tn\/wp-content\/uploads\/2025\/01\/1erecouvMoudhakaratKheireddineCouvReimpression-scaled.jpg","type":"image\/jpeg"}],"twitter_card":"summary_large_image","twitter_site":"@Beit_alhikma_TN","twitter_misc":{"Dur\u00e9e de lecture estim\u00e9e":"2 minutes"},"schema":{"@context":"https:\/\/schema.org","@graph":[{"@type":"WebPage","@id":"https:\/\/www.beitalhikma.tn\/fr\/publication\/acces-boutique\/livres-en-vente\/memoires-de-kheredine-pacha-2\/","url":"https:\/\/www.beitalhikma.tn\/fr\/publication\/acces-boutique\/livres-en-vente\/memoires-de-kheredine-pacha-2\/","name":"M\u00e9moires de Kh\u00e9r\u00e9dine Pacha - Beit al-Hikma","isPartOf":{"@id":"https:\/\/www.beitalhikma.tn\/#website"},"primaryImageOfPage":{"@id":"https:\/\/www.beitalhikma.tn\/fr\/publication\/acces-boutique\/livres-en-vente\/memoires-de-kheredine-pacha-2\/#primaryimage"},"image":{"@id":"https:\/\/www.beitalhikma.tn\/fr\/publication\/acces-boutique\/livres-en-vente\/memoires-de-kheredine-pacha-2\/#primaryimage"},"thumbnailUrl":"https:\/\/www.beitalhikma.tn\/wp-content\/uploads\/2025\/01\/1erecouvMoudhakaratKheireddineCouvReimpression-scaled.jpg","datePublished":"2025-01-21T11:13:33+00:00","dateModified":"2025-07-04T10:47:10+00:00","breadcrumb":{"@id":"https:\/\/www.beitalhikma.tn\/fr\/publication\/acces-boutique\/livres-en-vente\/memoires-de-kheredine-pacha-2\/#breadcrumb"},"inLanguage":"fr-FR","potentialAction":[{"@type":"ReadAction","target":["https:\/\/www.beitalhikma.tn\/fr\/publication\/acces-boutique\/livres-en-vente\/memoires-de-kheredine-pacha-2\/"]}]},{"@type":"ImageObject","inLanguage":"fr-FR","@id":"https:\/\/www.beitalhikma.tn\/fr\/publication\/acces-boutique\/livres-en-vente\/memoires-de-kheredine-pacha-2\/#primaryimage","url":"https:\/\/www.beitalhikma.tn\/wp-content\/uploads\/2025\/01\/1erecouvMoudhakaratKheireddineCouvReimpression-scaled.jpg","contentUrl":"https:\/\/www.beitalhikma.tn\/wp-content\/uploads\/2025\/01\/1erecouvMoudhakaratKheireddineCouvReimpression-scaled.jpg","width":1634,"height":2560},{"@type":"BreadcrumbList","@id":"https:\/\/www.beitalhikma.tn\/fr\/publication\/acces-boutique\/livres-en-vente\/memoires-de-kheredine-pacha-2\/#breadcrumb","itemListElement":[{"@type":"ListItem","position":1,"name":"Accueil","item":"https:\/\/www.beitalhikma.tn\/fr\/"},{"@type":"ListItem","position":2,"name":"Boutique","item":"https:\/\/www.beitalhikma.tn\/fr\/boutique\/"},{"@type":"ListItem","position":3,"name":"M\u00e9moires de Kh\u00e9r\u00e9dine Pacha"}]},{"@type":"WebSite","@id":"https:\/\/www.beitalhikma.tn\/#website","url":"https:\/\/www.beitalhikma.tn\/","name":"Beit al-Hikma","description":"L&#039;Acad\u00e9mie Tunisienne des Sciences, des Lettres  et des Arts","publisher":{"@id":"https:\/\/www.beitalhikma.tn\/#organization"},"potentialAction":[{"@type":"SearchAction","target":{"@type":"EntryPoint","urlTemplate":"https:\/\/www.beitalhikma.tn\/?s={search_term_string}"},"query-input":{"@type":"PropertyValueSpecification","valueRequired":true,"valueName":"search_term_string"}}],"inLanguage":"fr-FR"},{"@type":"Organization","@id":"https:\/\/www.beitalhikma.tn\/#organization","name":"Beit Al Hikma","url":"https:\/\/www.beitalhikma.tn\/","logo":{"@type":"ImageObject","inLanguage":"fr-FR","@id":"https:\/\/www.beitalhikma.tn\/#\/schema\/logo\/image\/","url":"https:\/\/www.beitalhikma.tn\/wp-content\/uploads\/2014\/11\/logo.png","contentUrl":"https:\/\/www.beitalhikma.tn\/wp-content\/uploads\/2014\/11\/logo.png","width":288,"height":109,"caption":"Beit Al Hikma"},"image":{"@id":"https:\/\/www.beitalhikma.tn\/#\/schema\/logo\/image\/"},"sameAs":["https:\/\/www.facebook.com\/BeitalhikmaTunisie\/","https:\/\/x.com\/Beit_alhikma_TN","https:\/\/www.youtube.com\/channel\/UCl8EfDXqt5MFfcEY0UYhevg"]}]}},"uagb_featured_image_src":{"full":["https:\/\/www.beitalhikma.tn\/wp-content\/uploads\/2025\/01\/1erecouvMoudhakaratKheireddineCouvReimpression-scaled.jpg",1634,2560,false],"thumbnail":["https:\/\/www.beitalhikma.tn\/wp-content\/uploads\/2025\/01\/1erecouvMoudhakaratKheireddineCouvReimpression-250x300.jpg",250,300,true],"medium":["https:\/\/www.beitalhikma.tn\/wp-content\/uploads\/2025\/01\/1erecouvMoudhakaratKheireddineCouvReimpression-191x300.jpg",191,300,true],"medium_large":["https:\/\/www.beitalhikma.tn\/wp-content\/uploads\/2025\/01\/1erecouvMoudhakaratKheireddineCouvReimpression-768x1203.jpg",768,1203,true],"large":["https:\/\/www.beitalhikma.tn\/wp-content\/uploads\/2025\/01\/1erecouvMoudhakaratKheireddineCouvReimpression-654x1024.jpg",654,1024,true],"thumblist":["https:\/\/www.beitalhikma.tn\/wp-content\/uploads\/2025\/01\/1erecouvMoudhakaratKheireddineCouvReimpression-300x300.jpg",300,300,true],"meccarouselthumb":["https:\/\/www.beitalhikma.tn\/wp-content\/uploads\/2025\/01\/1erecouvMoudhakaratKheireddineCouvReimpression-474x324.jpg",474,324,true],"gridsquare":["https:\/\/www.beitalhikma.tn\/wp-content\/uploads\/2025\/01\/1erecouvMoudhakaratKheireddineCouvReimpression-391x260.jpg",391,260,true],"tileview":["https:\/\/www.beitalhikma.tn\/wp-content\/uploads\/2025\/01\/1erecouvMoudhakaratKheireddineCouvReimpression-300x400.jpg",300,400,true],"1536x1536":["https:\/\/www.beitalhikma.tn\/wp-content\/uploads\/2025\/01\/1erecouvMoudhakaratKheireddineCouvReimpression-980x1536.jpg",980,1536,true],"2048x2048":["https:\/\/www.beitalhikma.tn\/wp-content\/uploads\/2025\/01\/1erecouvMoudhakaratKheireddineCouvReimpression-1307x2048.jpg",1307,2048,true],"post-thumbnail":["https:\/\/www.beitalhikma.tn\/wp-content\/uploads\/2025\/01\/1erecouvMoudhakaratKheireddineCouvReimpression-93x146.jpg",93,146,true],"50x50":["https:\/\/www.beitalhikma.tn\/wp-content\/uploads\/2025\/01\/1erecouvMoudhakaratKheireddineCouvReimpression-32x50.jpg",32,50,true],"portfolio-list":["https:\/\/www.beitalhikma.tn\/wp-content\/uploads\/2025\/01\/1erecouvMoudhakaratKheireddineCouvReimpression-600x400.jpg",600,400,true],"portfolio-fs":["https:\/\/www.beitalhikma.tn\/wp-content\/uploads\/2025\/01\/1erecouvMoudhakaratKheireddineCouvReimpression-815x543.jpg",815,543,true],"portfolio-slider":["https:\/\/www.beitalhikma.tn\/wp-content\/uploads\/2025\/01\/1erecouvMoudhakaratKheireddineCouvReimpression-380x380.jpg",380,380,true],"blog":["https:\/\/www.beitalhikma.tn\/wp-content\/uploads\/2025\/01\/1erecouvMoudhakaratKheireddineCouvReimpression-564x341.jpg",564,341,true],"blog-single":["https:\/\/www.beitalhikma.tn\/wp-content\/uploads\/2025\/01\/1erecouvMoudhakaratKheireddineCouvReimpression-1176x445.jpg",1176,445,true],"blog-item":["https:\/\/www.beitalhikma.tn\/wp-content\/uploads\/2025\/01\/1erecouvMoudhakaratKheireddineCouvReimpression-504x224.jpg",504,224,true],"blog-widget":["https:\/\/www.beitalhikma.tn\/wp-content\/uploads\/2025\/01\/1erecouvMoudhakaratKheireddineCouvReimpression-80x60.jpg",80,60,true],"features":["https:\/\/www.beitalhikma.tn\/wp-content\/uploads\/2025\/01\/1erecouvMoudhakaratKheireddineCouvReimpression-90x90.jpg",90,90,true],"clients-slider":["https:\/\/www.beitalhikma.tn\/wp-content\/uploads\/2025\/01\/1erecouvMoudhakaratKheireddineCouvReimpression-51x80.jpg",51,80,true],"offer-slider":["https:\/\/www.beitalhikma.tn\/wp-content\/uploads\/2025\/01\/1erecouvMoudhakaratKheireddineCouvReimpression-776x438.jpg",776,438,true],"offer-slider-pg":["https:\/\/www.beitalhikma.tn\/wp-content\/uploads\/2025\/01\/1erecouvMoudhakaratKheireddineCouvReimpression-42x42.jpg",42,42,true],"woocommerce_thumbnail":["https:\/\/www.beitalhikma.tn\/wp-content\/uploads\/2025\/01\/1erecouvMoudhakaratKheireddineCouvReimpression-250x300.jpg",250,300,true],"woocommerce_single":["https:\/\/www.beitalhikma.tn\/wp-content\/uploads\/2025\/01\/1erecouvMoudhakaratKheireddineCouvReimpression-250x392.jpg",250,392,true],"woocommerce_gallery_thumbnail":["https:\/\/www.beitalhikma.tn\/wp-content\/uploads\/2025\/01\/1erecouvMoudhakaratKheireddineCouvReimpression-100x100.jpg",100,100,true]},"uagb_author_info":{"display_name":"admin","author_link":"https:\/\/www.beitalhikma.tn\/fr\/author\/"},"uagb_comment_info":0,"uagb_excerpt":"Titre : M\u00e9moires de Kh\u00e9r\u00e9dine Pacha Texte \u00e9tabli et traduit par\u00a0: Mohamed Larbi Senoussi Langue : Fran\u00e7aise Date de publication : 2024 Format\u00a0: 24 x 16 Nombre de pages :324 Th\u00e8me: Historique ISBN : 9789973490643 Poids :500 gr Situation:disponible","_links":{"self":[{"href":"https:\/\/www.beitalhikma.tn\/fr\/wp-json\/wp\/v2\/product\/118649","targetHints":{"allow":["GET"]}}],"collection":[{"href":"https:\/\/www.beitalhikma.tn\/fr\/wp-json\/wp\/v2\/product"}],"about":[{"href":"https:\/\/www.beitalhikma.tn\/fr\/wp-json\/wp\/v2\/types\/product"}],"wp:featuredmedia":[{"embeddable":true,"href":"https:\/\/www.beitalhikma.tn\/fr\/wp-json\/wp\/v2\/media\/118653"}],"wp:attachment":[{"href":"https:\/\/www.beitalhikma.tn\/fr\/wp-json\/wp\/v2\/media?parent=118649"}],"wp:term":[{"taxonomy":"product_brand","embeddable":true,"href":"https:\/\/www.beitalhikma.tn\/fr\/wp-json\/wp\/v2\/product_brand?post=118649"},{"taxonomy":"product_cat","embeddable":true,"href":"https:\/\/www.beitalhikma.tn\/fr\/wp-json\/wp\/v2\/product_cat?post=118649"},{"taxonomy":"product_tag","embeddable":true,"href":"https:\/\/www.beitalhikma.tn\/fr\/wp-json\/wp\/v2\/product_tag?post=118649"}],"curies":[{"name":"wp","href":"https:\/\/api.w.org\/{rel}","templated":true}]}}