{"id":118670,"date":"2025-01-21T12:36:28","date_gmt":"2025-01-21T11:36:28","guid":{"rendered":"https:\/\/www.beitalhikma.tn\/?post_type=product&#038;p=118670"},"modified":"2025-07-04T11:45:30","modified_gmt":"2025-07-04T10:45:30","slug":"lheritage-andalou-en-tunisie-du-xiiie-siecle-a-nos-jours","status":"publish","type":"product","link":"https:\/\/www.beitalhikma.tn\/fr\/publication\/acces-boutique\/livres-en-vente\/lheritage-andalou-en-tunisie-du-xiiie-siecle-a-nos-jours\/","title":{"rendered":"L\u2019h\u00e9ritage andalou en Tunisie du XIIIe si\u00e8cle \u00e0 nos jours"},"content":{"rendered":"<p>L\u2019ouvrage comprend les actes du colloque international intitul\u00e9 \u00ab L\u2019h\u00e9ritage andalou en Tunisie du XIIIe si\u00e8cle \u00e0 nos jours \u00bb, qui s\u2019est tenu au si\u00e8ge de l\u2019Acad\u00e9mie tunisienne des sciences, des lettres et des arts, \u00ab Be\u00eft al-Hikma \u00bb, les 25 et 26 novembre 2021.<br \/>\nCe colloque a \u00e9t\u00e9 organis\u00e9 par le D\u00e9partement des Lettres de l\u2019Acad\u00e9mie, en collaboration avec l\u2019ambassade d\u2019Espagne en Tunisie, l\u2019Institut Cervantes de Tunis, l\u2019Institut Sup\u00e9rieur de Musique et la Biblioth\u00e8que nationale de Tunisie.<br \/>\nLes intervenants, d\u2019\u00e9minents penseurs arabes, fran\u00e7ais et espagnols, ont abord\u00e9 des sujets portant sur des champs d\u2019\u00e9tude, souvent n\u00e9glig\u00e9s, en relation avec des questions politiques, \u00e9conomiques, linguistiques, religieuses, patrimoniales et musicales dans le contexte de l\u2019h\u00e9ritage andalou en Tunisie.<br \/>\nL\u2019ouvrage est une publication conjointe entre l\u2019Acad\u00e9mie \u00ab Be\u00eft al-Hikma \u00bb, l\u2019ambassade d\u2019Espagne et l\u2019Institut Cervantes.<\/p>\n","protected":false},"excerpt":{"rendered":"<ul>\n<li><strong>Titre : L\u2019h\u00e9ritage andalou en Tunisie du XIIIe si\u00e8cle \u00e0 nos jours<\/strong><\/li>\n<li>Ouvrage collectif sous la direction de Pre Raja Yassine Bahri<\/li>\n<li><strong>Langue :Arabe \u2013 Fran\u00e7ais \u2013 Espagnol<\/strong><\/li>\n<li><strong>Date de publication<\/strong> : 2024<\/li>\n<li><strong>Format\u00a0:<\/strong> 24 x 16<\/li>\n<li><strong>Nombre de pages :<\/strong>294<\/li>\n<li><strong>Th\u00e8me:<\/strong>patrimoine<\/li>\n<li><strong>ISBN :<\/strong> 978-9973-49-253-1<\/li>\n<li><strong>Poids :<\/strong>600 gr<\/li>\n<li><strong>Situation:<\/strong>disponible<\/li>\n<\/ul>\n","protected":false},"featured_media":117786,"template":"","meta":{"_uag_custom_page_level_css":""},"product_brand":[],"product_cat":[11],"product_tag":[],"class_list":{"0":"post-118670","1":"product","2":"type-product","3":"status-publish","4":"has-post-thumbnail","6":"product_cat-livres-en-vente","8":"first","9":"instock","10":"sale","11":"shipping-taxable","12":"purchasable","13":"product-type-simple"},"yoast_head":"<!-- This site is optimized with the Yoast SEO plugin v27.3 - https:\/\/yoast.com\/product\/yoast-seo-wordpress\/ -->\n<title>L\u2019h\u00e9ritage andalou en Tunisie du XIIIe si\u00e8cle \u00e0 nos jours - Beit al-Hikma<\/title>\n<meta name=\"robots\" content=\"index, follow, max-snippet:-1, max-image-preview:large, max-video-preview:-1\" \/>\n<link rel=\"canonical\" href=\"https:\/\/www.beitalhikma.tn\/fr\/publication\/acces-boutique\/livres-en-vente\/lheritage-andalou-en-tunisie-du-xiiie-siecle-a-nos-jours\/\" \/>\n<meta property=\"og:locale\" content=\"fr_FR\" \/>\n<meta property=\"og:type\" content=\"article\" \/>\n<meta property=\"og:title\" content=\"L\u2019h\u00e9ritage andalou en Tunisie du XIIIe si\u00e8cle \u00e0 nos jours - Beit al-Hikma\" \/>\n<meta property=\"og:description\" content=\"Titre : L\u2019h\u00e9ritage andalou en Tunisie du XIIIe si\u00e8cle \u00e0 nos jours  Ouvrage collectif sous la direction de Pre Raja Yassine Bahri  Langue :Arabe \u2013 Fran\u00e7ais \u2013 Espagnol  Date de publication : 2024  Format\u00a0: 24 x 16  Nombre de pages :294  Th\u00e8me:patrimoine  ISBN : 978-9973-49-253-1  Poids :600 gr  Situation:disponible\" \/>\n<meta property=\"og:url\" content=\"https:\/\/www.beitalhikma.tn\/fr\/publication\/acces-boutique\/livres-en-vente\/lheritage-andalou-en-tunisie-du-xiiie-siecle-a-nos-jours\/\" \/>\n<meta property=\"og:site_name\" content=\"Beit al-Hikma\" \/>\n<meta property=\"article:publisher\" content=\"https:\/\/www.facebook.com\/BeitalhikmaTunisie\/\" \/>\n<meta property=\"article:modified_time\" content=\"2025-07-04T10:45:30+00:00\" \/>\n<meta property=\"og:image\" content=\"https:\/\/www.beitalhikma.tn\/wp-content\/uploads\/2024\/12\/Couverture-scaled.jpg\" \/>\n\t<meta property=\"og:image:width\" content=\"1792\" \/>\n\t<meta property=\"og:image:height\" content=\"2560\" \/>\n\t<meta property=\"og:image:type\" content=\"image\/jpeg\" \/>\n<meta name=\"twitter:card\" content=\"summary_large_image\" \/>\n<meta name=\"twitter:site\" content=\"@Beit_alhikma_TN\" \/>\n<meta name=\"twitter:label1\" content=\"Dur\u00e9e de lecture estim\u00e9e\" \/>\n\t<meta name=\"twitter:data1\" content=\"1 minute\" \/>\n<script type=\"application\/ld+json\" class=\"yoast-schema-graph\">{\"@context\":\"https:\\\/\\\/schema.org\",\"@graph\":[{\"@type\":\"WebPage\",\"@id\":\"https:\\\/\\\/www.beitalhikma.tn\\\/fr\\\/publication\\\/acces-boutique\\\/livres-en-vente\\\/lheritage-andalou-en-tunisie-du-xiiie-siecle-a-nos-jours\\\/\",\"url\":\"https:\\\/\\\/www.beitalhikma.tn\\\/fr\\\/publication\\\/acces-boutique\\\/livres-en-vente\\\/lheritage-andalou-en-tunisie-du-xiiie-siecle-a-nos-jours\\\/\",\"name\":\"L\u2019h\u00e9ritage andalou en Tunisie du XIIIe si\u00e8cle \u00e0 nos jours - Beit al-Hikma\",\"isPartOf\":{\"@id\":\"https:\\\/\\\/www.beitalhikma.tn\\\/#website\"},\"primaryImageOfPage\":{\"@id\":\"https:\\\/\\\/www.beitalhikma.tn\\\/fr\\\/publication\\\/acces-boutique\\\/livres-en-vente\\\/lheritage-andalou-en-tunisie-du-xiiie-siecle-a-nos-jours\\\/#primaryimage\"},\"image\":{\"@id\":\"https:\\\/\\\/www.beitalhikma.tn\\\/fr\\\/publication\\\/acces-boutique\\\/livres-en-vente\\\/lheritage-andalou-en-tunisie-du-xiiie-siecle-a-nos-jours\\\/#primaryimage\"},\"thumbnailUrl\":\"https:\\\/\\\/www.beitalhikma.tn\\\/wp-content\\\/uploads\\\/2024\\\/12\\\/Couverture-scaled.jpg\",\"datePublished\":\"2025-01-21T11:36:28+00:00\",\"dateModified\":\"2025-07-04T10:45:30+00:00\",\"breadcrumb\":{\"@id\":\"https:\\\/\\\/www.beitalhikma.tn\\\/fr\\\/publication\\\/acces-boutique\\\/livres-en-vente\\\/lheritage-andalou-en-tunisie-du-xiiie-siecle-a-nos-jours\\\/#breadcrumb\"},\"inLanguage\":\"fr-FR\",\"potentialAction\":[{\"@type\":\"ReadAction\",\"target\":[\"https:\\\/\\\/www.beitalhikma.tn\\\/fr\\\/publication\\\/acces-boutique\\\/livres-en-vente\\\/lheritage-andalou-en-tunisie-du-xiiie-siecle-a-nos-jours\\\/\"]}]},{\"@type\":\"ImageObject\",\"inLanguage\":\"fr-FR\",\"@id\":\"https:\\\/\\\/www.beitalhikma.tn\\\/fr\\\/publication\\\/acces-boutique\\\/livres-en-vente\\\/lheritage-andalou-en-tunisie-du-xiiie-siecle-a-nos-jours\\\/#primaryimage\",\"url\":\"https:\\\/\\\/www.beitalhikma.tn\\\/wp-content\\\/uploads\\\/2024\\\/12\\\/Couverture-scaled.jpg\",\"contentUrl\":\"https:\\\/\\\/www.beitalhikma.tn\\\/wp-content\\\/uploads\\\/2024\\\/12\\\/Couverture-scaled.jpg\",\"width\":1792,\"height\":2560,\"caption\":\"Couverture modifi\u00e9e - Impression 02 - fond beige opacit\u00e9 modifi\u00e9e\"},{\"@type\":\"BreadcrumbList\",\"@id\":\"https:\\\/\\\/www.beitalhikma.tn\\\/fr\\\/publication\\\/acces-boutique\\\/livres-en-vente\\\/lheritage-andalou-en-tunisie-du-xiiie-siecle-a-nos-jours\\\/#breadcrumb\",\"itemListElement\":[{\"@type\":\"ListItem\",\"position\":1,\"name\":\"Accueil\",\"item\":\"https:\\\/\\\/www.beitalhikma.tn\\\/fr\\\/\"},{\"@type\":\"ListItem\",\"position\":2,\"name\":\"Boutique\",\"item\":\"https:\\\/\\\/www.beitalhikma.tn\\\/fr\\\/boutique\\\/\"},{\"@type\":\"ListItem\",\"position\":3,\"name\":\"L\u2019h\u00e9ritage andalou en Tunisie du XIIIe si\u00e8cle \u00e0 nos jours\"}]},{\"@type\":\"WebSite\",\"@id\":\"https:\\\/\\\/www.beitalhikma.tn\\\/#website\",\"url\":\"https:\\\/\\\/www.beitalhikma.tn\\\/\",\"name\":\"Beit al-Hikma\",\"description\":\"L&#039;Acad\u00e9mie Tunisienne des Sciences, des Lettres  et des Arts\",\"publisher\":{\"@id\":\"https:\\\/\\\/www.beitalhikma.tn\\\/#organization\"},\"potentialAction\":[{\"@type\":\"SearchAction\",\"target\":{\"@type\":\"EntryPoint\",\"urlTemplate\":\"https:\\\/\\\/www.beitalhikma.tn\\\/?s={search_term_string}\"},\"query-input\":{\"@type\":\"PropertyValueSpecification\",\"valueRequired\":true,\"valueName\":\"search_term_string\"}}],\"inLanguage\":\"fr-FR\"},{\"@type\":\"Organization\",\"@id\":\"https:\\\/\\\/www.beitalhikma.tn\\\/#organization\",\"name\":\"Beit Al Hikma\",\"url\":\"https:\\\/\\\/www.beitalhikma.tn\\\/\",\"logo\":{\"@type\":\"ImageObject\",\"inLanguage\":\"fr-FR\",\"@id\":\"https:\\\/\\\/www.beitalhikma.tn\\\/#\\\/schema\\\/logo\\\/image\\\/\",\"url\":\"https:\\\/\\\/www.beitalhikma.tn\\\/wp-content\\\/uploads\\\/2014\\\/11\\\/logo.png\",\"contentUrl\":\"https:\\\/\\\/www.beitalhikma.tn\\\/wp-content\\\/uploads\\\/2014\\\/11\\\/logo.png\",\"width\":288,\"height\":109,\"caption\":\"Beit Al Hikma\"},\"image\":{\"@id\":\"https:\\\/\\\/www.beitalhikma.tn\\\/#\\\/schema\\\/logo\\\/image\\\/\"},\"sameAs\":[\"https:\\\/\\\/www.facebook.com\\\/BeitalhikmaTunisie\\\/\",\"https:\\\/\\\/x.com\\\/Beit_alhikma_TN\",\"https:\\\/\\\/www.youtube.com\\\/channel\\\/UCl8EfDXqt5MFfcEY0UYhevg\"]}]}<\/script>\n<!-- \/ Yoast SEO plugin. -->","yoast_head_json":{"title":"L\u2019h\u00e9ritage andalou en Tunisie du XIIIe si\u00e8cle \u00e0 nos jours - Beit al-Hikma","robots":{"index":"index","follow":"follow","max-snippet":"max-snippet:-1","max-image-preview":"max-image-preview:large","max-video-preview":"max-video-preview:-1"},"canonical":"https:\/\/www.beitalhikma.tn\/fr\/publication\/acces-boutique\/livres-en-vente\/lheritage-andalou-en-tunisie-du-xiiie-siecle-a-nos-jours\/","og_locale":"fr_FR","og_type":"article","og_title":"L\u2019h\u00e9ritage andalou en Tunisie du XIIIe si\u00e8cle \u00e0 nos jours - Beit al-Hikma","og_description":"Titre : L\u2019h\u00e9ritage andalou en Tunisie du XIIIe si\u00e8cle \u00e0 nos jours  Ouvrage collectif sous la direction de Pre Raja Yassine Bahri  Langue :Arabe \u2013 Fran\u00e7ais \u2013 Espagnol  Date de publication : 2024  Format\u00a0: 24 x 16  Nombre de pages :294  Th\u00e8me:patrimoine  ISBN : 978-9973-49-253-1  Poids :600 gr  Situation:disponible","og_url":"https:\/\/www.beitalhikma.tn\/fr\/publication\/acces-boutique\/livres-en-vente\/lheritage-andalou-en-tunisie-du-xiiie-siecle-a-nos-jours\/","og_site_name":"Beit al-Hikma","article_publisher":"https:\/\/www.facebook.com\/BeitalhikmaTunisie\/","article_modified_time":"2025-07-04T10:45:30+00:00","og_image":[{"width":1792,"height":2560,"url":"https:\/\/www.beitalhikma.tn\/wp-content\/uploads\/2024\/12\/Couverture-scaled.jpg","type":"image\/jpeg"}],"twitter_card":"summary_large_image","twitter_site":"@Beit_alhikma_TN","twitter_misc":{"Dur\u00e9e de lecture estim\u00e9e":"1 minute"},"schema":{"@context":"https:\/\/schema.org","@graph":[{"@type":"WebPage","@id":"https:\/\/www.beitalhikma.tn\/fr\/publication\/acces-boutique\/livres-en-vente\/lheritage-andalou-en-tunisie-du-xiiie-siecle-a-nos-jours\/","url":"https:\/\/www.beitalhikma.tn\/fr\/publication\/acces-boutique\/livres-en-vente\/lheritage-andalou-en-tunisie-du-xiiie-siecle-a-nos-jours\/","name":"L\u2019h\u00e9ritage andalou en Tunisie du XIIIe si\u00e8cle \u00e0 nos jours - Beit al-Hikma","isPartOf":{"@id":"https:\/\/www.beitalhikma.tn\/#website"},"primaryImageOfPage":{"@id":"https:\/\/www.beitalhikma.tn\/fr\/publication\/acces-boutique\/livres-en-vente\/lheritage-andalou-en-tunisie-du-xiiie-siecle-a-nos-jours\/#primaryimage"},"image":{"@id":"https:\/\/www.beitalhikma.tn\/fr\/publication\/acces-boutique\/livres-en-vente\/lheritage-andalou-en-tunisie-du-xiiie-siecle-a-nos-jours\/#primaryimage"},"thumbnailUrl":"https:\/\/www.beitalhikma.tn\/wp-content\/uploads\/2024\/12\/Couverture-scaled.jpg","datePublished":"2025-01-21T11:36:28+00:00","dateModified":"2025-07-04T10:45:30+00:00","breadcrumb":{"@id":"https:\/\/www.beitalhikma.tn\/fr\/publication\/acces-boutique\/livres-en-vente\/lheritage-andalou-en-tunisie-du-xiiie-siecle-a-nos-jours\/#breadcrumb"},"inLanguage":"fr-FR","potentialAction":[{"@type":"ReadAction","target":["https:\/\/www.beitalhikma.tn\/fr\/publication\/acces-boutique\/livres-en-vente\/lheritage-andalou-en-tunisie-du-xiiie-siecle-a-nos-jours\/"]}]},{"@type":"ImageObject","inLanguage":"fr-FR","@id":"https:\/\/www.beitalhikma.tn\/fr\/publication\/acces-boutique\/livres-en-vente\/lheritage-andalou-en-tunisie-du-xiiie-siecle-a-nos-jours\/#primaryimage","url":"https:\/\/www.beitalhikma.tn\/wp-content\/uploads\/2024\/12\/Couverture-scaled.jpg","contentUrl":"https:\/\/www.beitalhikma.tn\/wp-content\/uploads\/2024\/12\/Couverture-scaled.jpg","width":1792,"height":2560,"caption":"Couverture modifi\u00e9e - Impression 02 - fond beige opacit\u00e9 modifi\u00e9e"},{"@type":"BreadcrumbList","@id":"https:\/\/www.beitalhikma.tn\/fr\/publication\/acces-boutique\/livres-en-vente\/lheritage-andalou-en-tunisie-du-xiiie-siecle-a-nos-jours\/#breadcrumb","itemListElement":[{"@type":"ListItem","position":1,"name":"Accueil","item":"https:\/\/www.beitalhikma.tn\/fr\/"},{"@type":"ListItem","position":2,"name":"Boutique","item":"https:\/\/www.beitalhikma.tn\/fr\/boutique\/"},{"@type":"ListItem","position":3,"name":"L\u2019h\u00e9ritage andalou en Tunisie du XIIIe si\u00e8cle \u00e0 nos jours"}]},{"@type":"WebSite","@id":"https:\/\/www.beitalhikma.tn\/#website","url":"https:\/\/www.beitalhikma.tn\/","name":"Beit al-Hikma","description":"L&#039;Acad\u00e9mie Tunisienne des Sciences, des Lettres  et des Arts","publisher":{"@id":"https:\/\/www.beitalhikma.tn\/#organization"},"potentialAction":[{"@type":"SearchAction","target":{"@type":"EntryPoint","urlTemplate":"https:\/\/www.beitalhikma.tn\/?s={search_term_string}"},"query-input":{"@type":"PropertyValueSpecification","valueRequired":true,"valueName":"search_term_string"}}],"inLanguage":"fr-FR"},{"@type":"Organization","@id":"https:\/\/www.beitalhikma.tn\/#organization","name":"Beit Al Hikma","url":"https:\/\/www.beitalhikma.tn\/","logo":{"@type":"ImageObject","inLanguage":"fr-FR","@id":"https:\/\/www.beitalhikma.tn\/#\/schema\/logo\/image\/","url":"https:\/\/www.beitalhikma.tn\/wp-content\/uploads\/2014\/11\/logo.png","contentUrl":"https:\/\/www.beitalhikma.tn\/wp-content\/uploads\/2014\/11\/logo.png","width":288,"height":109,"caption":"Beit Al Hikma"},"image":{"@id":"https:\/\/www.beitalhikma.tn\/#\/schema\/logo\/image\/"},"sameAs":["https:\/\/www.facebook.com\/BeitalhikmaTunisie\/","https:\/\/x.com\/Beit_alhikma_TN","https:\/\/www.youtube.com\/channel\/UCl8EfDXqt5MFfcEY0UYhevg"]}]}},"uagb_featured_image_src":{"full":["https:\/\/www.beitalhikma.tn\/wp-content\/uploads\/2024\/12\/Couverture-scaled.jpg",1792,2560,false],"thumbnail":["https:\/\/www.beitalhikma.tn\/wp-content\/uploads\/2024\/12\/Couverture-250x300.jpg",250,300,true],"medium":["https:\/\/www.beitalhikma.tn\/wp-content\/uploads\/2024\/12\/Couverture-210x300.jpg",210,300,true],"medium_large":["https:\/\/www.beitalhikma.tn\/wp-content\/uploads\/2024\/12\/Couverture-768x1097.jpg",768,1097,true],"large":["https:\/\/www.beitalhikma.tn\/wp-content\/uploads\/2024\/12\/Couverture-717x1024.jpg",717,1024,true],"thumblist":["https:\/\/www.beitalhikma.tn\/wp-content\/uploads\/2024\/12\/Couverture-300x300.jpg",300,300,true],"meccarouselthumb":["https:\/\/www.beitalhikma.tn\/wp-content\/uploads\/2024\/12\/Couverture-474x324.jpg",474,324,true],"gridsquare":["https:\/\/www.beitalhikma.tn\/wp-content\/uploads\/2024\/12\/Couverture-391x260.jpg",391,260,true],"tileview":["https:\/\/www.beitalhikma.tn\/wp-content\/uploads\/2024\/12\/Couverture-300x400.jpg",300,400,true],"1536x1536":["https:\/\/www.beitalhikma.tn\/wp-content\/uploads\/2024\/12\/Couverture-1075x1536.jpg",1075,1536,true],"2048x2048":["https:\/\/www.beitalhikma.tn\/wp-content\/uploads\/2024\/12\/Couverture-1434x2048.jpg",1434,2048,true],"post-thumbnail":["https:\/\/www.beitalhikma.tn\/wp-content\/uploads\/2024\/12\/Couverture-102x146.jpg",102,146,true],"50x50":["https:\/\/www.beitalhikma.tn\/wp-content\/uploads\/2024\/12\/Couverture-35x50.jpg",35,50,true],"portfolio-list":["https:\/\/www.beitalhikma.tn\/wp-content\/uploads\/2024\/12\/Couverture-600x400.jpg",600,400,true],"portfolio-fs":["https:\/\/www.beitalhikma.tn\/wp-content\/uploads\/2024\/12\/Couverture-815x543.jpg",815,543,true],"portfolio-slider":["https:\/\/www.beitalhikma.tn\/wp-content\/uploads\/2024\/12\/Couverture-380x380.jpg",380,380,true],"blog":["https:\/\/www.beitalhikma.tn\/wp-content\/uploads\/2024\/12\/Couverture-564x341.jpg",564,341,true],"blog-single":["https:\/\/www.beitalhikma.tn\/wp-content\/uploads\/2024\/12\/Couverture-1176x445.jpg",1176,445,true],"blog-item":["https:\/\/www.beitalhikma.tn\/wp-content\/uploads\/2024\/12\/Couverture-504x224.jpg",504,224,true],"blog-widget":["https:\/\/www.beitalhikma.tn\/wp-content\/uploads\/2024\/12\/Couverture-80x60.jpg",80,60,true],"features":["https:\/\/www.beitalhikma.tn\/wp-content\/uploads\/2024\/12\/Couverture-90x90.jpg",90,90,true],"clients-slider":["https:\/\/www.beitalhikma.tn\/wp-content\/uploads\/2024\/12\/Couverture-56x80.jpg",56,80,true],"offer-slider":["https:\/\/www.beitalhikma.tn\/wp-content\/uploads\/2024\/12\/Couverture-776x438.jpg",776,438,true],"offer-slider-pg":["https:\/\/www.beitalhikma.tn\/wp-content\/uploads\/2024\/12\/Couverture-42x42.jpg",42,42,true],"woocommerce_thumbnail":["https:\/\/www.beitalhikma.tn\/wp-content\/uploads\/2024\/12\/Couverture-250x300.jpg",250,300,true],"woocommerce_single":["https:\/\/www.beitalhikma.tn\/wp-content\/uploads\/2024\/12\/Couverture-250x357.jpg",250,357,true],"woocommerce_gallery_thumbnail":["https:\/\/www.beitalhikma.tn\/wp-content\/uploads\/2024\/12\/Couverture-100x100.jpg",100,100,true]},"uagb_author_info":{"display_name":"admin","author_link":"https:\/\/www.beitalhikma.tn\/fr\/author\/"},"uagb_comment_info":0,"uagb_excerpt":"Titre : L\u2019h\u00e9ritage andalou en Tunisie du XIIIe si\u00e8cle \u00e0 nos jours Ouvrage collectif sous la direction de Pre Raja Yassine Bahri Langue :Arabe \u2013 Fran\u00e7ais \u2013 Espagnol Date de publication : 2024 Format\u00a0: 24 x 16 Nombre de pages :294 Th\u00e8me:patrimoine ISBN : 978-9973-49-253-1 Poids :600 gr Situation:disponible","_links":{"self":[{"href":"https:\/\/www.beitalhikma.tn\/fr\/wp-json\/wp\/v2\/product\/118670","targetHints":{"allow":["GET"]}}],"collection":[{"href":"https:\/\/www.beitalhikma.tn\/fr\/wp-json\/wp\/v2\/product"}],"about":[{"href":"https:\/\/www.beitalhikma.tn\/fr\/wp-json\/wp\/v2\/types\/product"}],"wp:featuredmedia":[{"embeddable":true,"href":"https:\/\/www.beitalhikma.tn\/fr\/wp-json\/wp\/v2\/media\/117786"}],"wp:attachment":[{"href":"https:\/\/www.beitalhikma.tn\/fr\/wp-json\/wp\/v2\/media?parent=118670"}],"wp:term":[{"taxonomy":"product_brand","embeddable":true,"href":"https:\/\/www.beitalhikma.tn\/fr\/wp-json\/wp\/v2\/product_brand?post=118670"},{"taxonomy":"product_cat","embeddable":true,"href":"https:\/\/www.beitalhikma.tn\/fr\/wp-json\/wp\/v2\/product_cat?post=118670"},{"taxonomy":"product_tag","embeddable":true,"href":"https:\/\/www.beitalhikma.tn\/fr\/wp-json\/wp\/v2\/product_tag?post=118670"}],"curies":[{"name":"wp","href":"https:\/\/api.w.org\/{rel}","templated":true}]}}