{"id":121242,"date":"2025-04-22T13:09:38","date_gmt":"2025-04-22T12:09:38","guid":{"rendered":"https:\/\/www.beitalhikma.tn\/?post_type=product&#038;p=121242"},"modified":"2025-07-04T11:28:15","modified_gmt":"2025-07-04T10:28:15","slug":"perinatalite-parents-bebes-et-familles-a-travers-les-cultures","status":"publish","type":"product","link":"https:\/\/www.beitalhikma.tn\/fr\/publication\/acces-boutique\/livres-en-vente\/perinatalite-parents-bebes-et-familles-a-travers-les-cultures\/","title":{"rendered":"P\u00e9rinatalit\u00e9 : Parents, b\u00e9b\u00e9s et familles \u00e0 travers les cultures"},"content":{"rendered":"<p>L\u2019ouvrage traite des questions scientifiques portant sur les difficult\u00e9s et les probl\u00e8mes li\u00e9s \u00e0 la p\u00e9rinatalit\u00e9. Les auteurs s\u2019interrogent sur l\u2019influence des rapports \u00e0 l\u2019int\u00e9rieur du tissu social sur le d\u00e9veloppement de l\u2019enfant \u00e0 travers les diverses cultures.\u00a0 Des sp\u00e9cialistes tunisiens et internationaux en psychologie, psychopathologie, anthropologie, p\u00e9diatrie et obst\u00e9trique se sont pench\u00e9s sur les\u00a0 principales questions li\u00e9es \u00e0 la p\u00e9rinatalit\u00e9 en rapport avec la physiologie, la psychologie, la famille et la soci\u00e9t\u00e9.<\/p>\n<p>Sont \u00e9galement abord\u00e9s les probl\u00e8mes que pose dans des contextes culturels pr\u00e9cis la grossesse de la femme c\u00e9libataire, qu\u2019il s\u2019agisse de violence, d\u2019humiliations, d\u2019isolement au sein de la soci\u00e9t\u00e9 ou de culpabilit\u00e9 face aux r\u00e9actions sociales.\u00a0 L\u2019ensemble des intervenants ont insist\u00e9 sur la n\u00e9cessit\u00e9 d\u2019un v\u00e9ritable suivi m\u00e9dical dans le respect de l\u2019\u00e9thique de la protection de la sant\u00e9 de l\u2019enfant.<\/p>\n<p>&nbsp;<\/p>\n<p>&nbsp;<\/p>\n<p>&nbsp;<\/p>\n<p>&nbsp;<\/p>\n<p>&nbsp;<\/p>\n","protected":false},"excerpt":{"rendered":"<ul>\n<li><strong>Titre\u00a0: <\/strong>P\u00e9rinatalit\u00e9\u00a0: Parents, b\u00e9b\u00e9s et familles \u00e0 travers le cultures<\/li>\n<li><strong>Ouvrage collectif sous la direction du Pr Khouloud ben Mohamed Gharbi<\/strong><\/li>\n<li><strong>Langue\u00a0: <\/strong>Fran\u00e7aise<\/li>\n<li><strong>Date de parution<\/strong>\u00a0: 2019<\/li>\n<li><strong>Format\u00a0: <\/strong>24 x 16<\/li>\n<li><strong>ISBN\u00a0: <\/strong>9789973492005<\/li>\n<li><b>Nombre de pages :<\/b>344<\/li>\n<li><strong>Th\u00e8me:<\/strong> scientifique<\/li>\n<li><strong>Poids:<\/strong>600 gr<\/li>\n<li><strong>Situation:<\/strong> disponible<\/li>\n<\/ul>\n","protected":false},"featured_media":121243,"template":"","meta":{"_uag_custom_page_level_css":""},"product_brand":[],"product_cat":[11],"product_tag":[],"class_list":{"0":"post-121242","1":"product","2":"type-product","3":"status-publish","4":"has-post-thumbnail","6":"product_cat-livres-en-vente","8":"first","9":"instock","10":"sale","11":"shipping-taxable","12":"purchasable","13":"product-type-simple"},"yoast_head":"<!-- This site is optimized with the Yoast SEO plugin v27.3 - https:\/\/yoast.com\/product\/yoast-seo-wordpress\/ -->\n<title>P\u00e9rinatalit\u00e9 : Parents, b\u00e9b\u00e9s et familles \u00e0 travers les cultures - Beit al-Hikma<\/title>\n<meta name=\"robots\" content=\"index, follow, max-snippet:-1, max-image-preview:large, max-video-preview:-1\" \/>\n<link rel=\"canonical\" href=\"https:\/\/www.beitalhikma.tn\/fr\/publication\/acces-boutique\/livres-en-vente\/perinatalite-parents-bebes-et-familles-a-travers-les-cultures\/\" \/>\n<meta property=\"og:locale\" content=\"fr_FR\" \/>\n<meta property=\"og:type\" content=\"article\" \/>\n<meta property=\"og:title\" content=\"P\u00e9rinatalit\u00e9 : Parents, b\u00e9b\u00e9s et familles \u00e0 travers les cultures - Beit al-Hikma\" \/>\n<meta property=\"og:description\" content=\"Titre\u00a0: P\u00e9rinatalit\u00e9\u00a0: Parents, b\u00e9b\u00e9s et familles \u00e0 travers le cultures  Ouvrage collectif sous la direction du Pr Khouloud ben Mohamed Gharbi  Langue\u00a0: Fran\u00e7aise  Date de parution\u00a0: 2019  Format\u00a0: 24 x 16  ISBN\u00a0: 9789973492005  Nombre de pages :344  Th\u00e8me: scientifique  Poids:600 gr  Situation: disponible\" \/>\n<meta property=\"og:url\" content=\"https:\/\/www.beitalhikma.tn\/fr\/publication\/acces-boutique\/livres-en-vente\/perinatalite-parents-bebes-et-familles-a-travers-les-cultures\/\" \/>\n<meta property=\"og:site_name\" content=\"Beit al-Hikma\" \/>\n<meta property=\"article:publisher\" content=\"https:\/\/www.facebook.com\/BeitalhikmaTunisie\/\" \/>\n<meta property=\"article:modified_time\" content=\"2025-07-04T10:28:15+00:00\" \/>\n<meta property=\"og:image\" content=\"https:\/\/www.beitalhikma.tn\/wp-content\/uploads\/2025\/04\/perinatalite-miniature-189x300-1.jpg\" \/>\n\t<meta property=\"og:image:width\" content=\"189\" \/>\n\t<meta property=\"og:image:height\" content=\"300\" \/>\n\t<meta property=\"og:image:type\" content=\"image\/jpeg\" \/>\n<meta name=\"twitter:card\" content=\"summary_large_image\" \/>\n<meta name=\"twitter:site\" content=\"@Beit_alhikma_TN\" \/>\n<meta name=\"twitter:label1\" content=\"Dur\u00e9e de lecture estim\u00e9e\" \/>\n\t<meta name=\"twitter:data1\" content=\"1 minute\" \/>\n<script type=\"application\/ld+json\" class=\"yoast-schema-graph\">{\"@context\":\"https:\\\/\\\/schema.org\",\"@graph\":[{\"@type\":\"WebPage\",\"@id\":\"https:\\\/\\\/www.beitalhikma.tn\\\/fr\\\/publication\\\/acces-boutique\\\/livres-en-vente\\\/perinatalite-parents-bebes-et-familles-a-travers-les-cultures\\\/\",\"url\":\"https:\\\/\\\/www.beitalhikma.tn\\\/fr\\\/publication\\\/acces-boutique\\\/livres-en-vente\\\/perinatalite-parents-bebes-et-familles-a-travers-les-cultures\\\/\",\"name\":\"P\u00e9rinatalit\u00e9 : Parents, b\u00e9b\u00e9s et familles \u00e0 travers les cultures - Beit al-Hikma\",\"isPartOf\":{\"@id\":\"https:\\\/\\\/www.beitalhikma.tn\\\/#website\"},\"primaryImageOfPage\":{\"@id\":\"https:\\\/\\\/www.beitalhikma.tn\\\/fr\\\/publication\\\/acces-boutique\\\/livres-en-vente\\\/perinatalite-parents-bebes-et-familles-a-travers-les-cultures\\\/#primaryimage\"},\"image\":{\"@id\":\"https:\\\/\\\/www.beitalhikma.tn\\\/fr\\\/publication\\\/acces-boutique\\\/livres-en-vente\\\/perinatalite-parents-bebes-et-familles-a-travers-les-cultures\\\/#primaryimage\"},\"thumbnailUrl\":\"https:\\\/\\\/www.beitalhikma.tn\\\/wp-content\\\/uploads\\\/2025\\\/04\\\/perinatalite-miniature-189x300-1.jpg\",\"datePublished\":\"2025-04-22T12:09:38+00:00\",\"dateModified\":\"2025-07-04T10:28:15+00:00\",\"breadcrumb\":{\"@id\":\"https:\\\/\\\/www.beitalhikma.tn\\\/fr\\\/publication\\\/acces-boutique\\\/livres-en-vente\\\/perinatalite-parents-bebes-et-familles-a-travers-les-cultures\\\/#breadcrumb\"},\"inLanguage\":\"fr-FR\",\"potentialAction\":[{\"@type\":\"ReadAction\",\"target\":[\"https:\\\/\\\/www.beitalhikma.tn\\\/fr\\\/publication\\\/acces-boutique\\\/livres-en-vente\\\/perinatalite-parents-bebes-et-familles-a-travers-les-cultures\\\/\"]}]},{\"@type\":\"ImageObject\",\"inLanguage\":\"fr-FR\",\"@id\":\"https:\\\/\\\/www.beitalhikma.tn\\\/fr\\\/publication\\\/acces-boutique\\\/livres-en-vente\\\/perinatalite-parents-bebes-et-familles-a-travers-les-cultures\\\/#primaryimage\",\"url\":\"https:\\\/\\\/www.beitalhikma.tn\\\/wp-content\\\/uploads\\\/2025\\\/04\\\/perinatalite-miniature-189x300-1.jpg\",\"contentUrl\":\"https:\\\/\\\/www.beitalhikma.tn\\\/wp-content\\\/uploads\\\/2025\\\/04\\\/perinatalite-miniature-189x300-1.jpg\",\"width\":189,\"height\":300},{\"@type\":\"BreadcrumbList\",\"@id\":\"https:\\\/\\\/www.beitalhikma.tn\\\/fr\\\/publication\\\/acces-boutique\\\/livres-en-vente\\\/perinatalite-parents-bebes-et-familles-a-travers-les-cultures\\\/#breadcrumb\",\"itemListElement\":[{\"@type\":\"ListItem\",\"position\":1,\"name\":\"Accueil\",\"item\":\"https:\\\/\\\/www.beitalhikma.tn\\\/fr\\\/\"},{\"@type\":\"ListItem\",\"position\":2,\"name\":\"Boutique\",\"item\":\"https:\\\/\\\/www.beitalhikma.tn\\\/fr\\\/boutique\\\/\"},{\"@type\":\"ListItem\",\"position\":3,\"name\":\"P\u00e9rinatalit\u00e9 : Parents, b\u00e9b\u00e9s et familles \u00e0 travers les cultures\"}]},{\"@type\":\"WebSite\",\"@id\":\"https:\\\/\\\/www.beitalhikma.tn\\\/#website\",\"url\":\"https:\\\/\\\/www.beitalhikma.tn\\\/\",\"name\":\"Beit al-Hikma\",\"description\":\"L&#039;Acad\u00e9mie Tunisienne des Sciences, des Lettres  et des Arts\",\"publisher\":{\"@id\":\"https:\\\/\\\/www.beitalhikma.tn\\\/#organization\"},\"potentialAction\":[{\"@type\":\"SearchAction\",\"target\":{\"@type\":\"EntryPoint\",\"urlTemplate\":\"https:\\\/\\\/www.beitalhikma.tn\\\/?s={search_term_string}\"},\"query-input\":{\"@type\":\"PropertyValueSpecification\",\"valueRequired\":true,\"valueName\":\"search_term_string\"}}],\"inLanguage\":\"fr-FR\"},{\"@type\":\"Organization\",\"@id\":\"https:\\\/\\\/www.beitalhikma.tn\\\/#organization\",\"name\":\"Beit Al Hikma\",\"url\":\"https:\\\/\\\/www.beitalhikma.tn\\\/\",\"logo\":{\"@type\":\"ImageObject\",\"inLanguage\":\"fr-FR\",\"@id\":\"https:\\\/\\\/www.beitalhikma.tn\\\/#\\\/schema\\\/logo\\\/image\\\/\",\"url\":\"https:\\\/\\\/www.beitalhikma.tn\\\/wp-content\\\/uploads\\\/2014\\\/11\\\/logo.png\",\"contentUrl\":\"https:\\\/\\\/www.beitalhikma.tn\\\/wp-content\\\/uploads\\\/2014\\\/11\\\/logo.png\",\"width\":288,\"height\":109,\"caption\":\"Beit Al Hikma\"},\"image\":{\"@id\":\"https:\\\/\\\/www.beitalhikma.tn\\\/#\\\/schema\\\/logo\\\/image\\\/\"},\"sameAs\":[\"https:\\\/\\\/www.facebook.com\\\/BeitalhikmaTunisie\\\/\",\"https:\\\/\\\/x.com\\\/Beit_alhikma_TN\",\"https:\\\/\\\/www.youtube.com\\\/channel\\\/UCl8EfDXqt5MFfcEY0UYhevg\"]}]}<\/script>\n<!-- \/ Yoast SEO plugin. -->","yoast_head_json":{"title":"P\u00e9rinatalit\u00e9 : Parents, b\u00e9b\u00e9s et familles \u00e0 travers les cultures - Beit al-Hikma","robots":{"index":"index","follow":"follow","max-snippet":"max-snippet:-1","max-image-preview":"max-image-preview:large","max-video-preview":"max-video-preview:-1"},"canonical":"https:\/\/www.beitalhikma.tn\/fr\/publication\/acces-boutique\/livres-en-vente\/perinatalite-parents-bebes-et-familles-a-travers-les-cultures\/","og_locale":"fr_FR","og_type":"article","og_title":"P\u00e9rinatalit\u00e9 : Parents, b\u00e9b\u00e9s et familles \u00e0 travers les cultures - Beit al-Hikma","og_description":"Titre\u00a0: P\u00e9rinatalit\u00e9\u00a0: Parents, b\u00e9b\u00e9s et familles \u00e0 travers le cultures  Ouvrage collectif sous la direction du Pr Khouloud ben Mohamed Gharbi  Langue\u00a0: Fran\u00e7aise  Date de parution\u00a0: 2019  Format\u00a0: 24 x 16  ISBN\u00a0: 9789973492005  Nombre de pages :344  Th\u00e8me: scientifique  Poids:600 gr  Situation: disponible","og_url":"https:\/\/www.beitalhikma.tn\/fr\/publication\/acces-boutique\/livres-en-vente\/perinatalite-parents-bebes-et-familles-a-travers-les-cultures\/","og_site_name":"Beit al-Hikma","article_publisher":"https:\/\/www.facebook.com\/BeitalhikmaTunisie\/","article_modified_time":"2025-07-04T10:28:15+00:00","og_image":[{"width":189,"height":300,"url":"https:\/\/www.beitalhikma.tn\/wp-content\/uploads\/2025\/04\/perinatalite-miniature-189x300-1.jpg","type":"image\/jpeg"}],"twitter_card":"summary_large_image","twitter_site":"@Beit_alhikma_TN","twitter_misc":{"Dur\u00e9e de lecture estim\u00e9e":"1 minute"},"schema":{"@context":"https:\/\/schema.org","@graph":[{"@type":"WebPage","@id":"https:\/\/www.beitalhikma.tn\/fr\/publication\/acces-boutique\/livres-en-vente\/perinatalite-parents-bebes-et-familles-a-travers-les-cultures\/","url":"https:\/\/www.beitalhikma.tn\/fr\/publication\/acces-boutique\/livres-en-vente\/perinatalite-parents-bebes-et-familles-a-travers-les-cultures\/","name":"P\u00e9rinatalit\u00e9 : Parents, b\u00e9b\u00e9s et familles \u00e0 travers les cultures - Beit al-Hikma","isPartOf":{"@id":"https:\/\/www.beitalhikma.tn\/#website"},"primaryImageOfPage":{"@id":"https:\/\/www.beitalhikma.tn\/fr\/publication\/acces-boutique\/livres-en-vente\/perinatalite-parents-bebes-et-familles-a-travers-les-cultures\/#primaryimage"},"image":{"@id":"https:\/\/www.beitalhikma.tn\/fr\/publication\/acces-boutique\/livres-en-vente\/perinatalite-parents-bebes-et-familles-a-travers-les-cultures\/#primaryimage"},"thumbnailUrl":"https:\/\/www.beitalhikma.tn\/wp-content\/uploads\/2025\/04\/perinatalite-miniature-189x300-1.jpg","datePublished":"2025-04-22T12:09:38+00:00","dateModified":"2025-07-04T10:28:15+00:00","breadcrumb":{"@id":"https:\/\/www.beitalhikma.tn\/fr\/publication\/acces-boutique\/livres-en-vente\/perinatalite-parents-bebes-et-familles-a-travers-les-cultures\/#breadcrumb"},"inLanguage":"fr-FR","potentialAction":[{"@type":"ReadAction","target":["https:\/\/www.beitalhikma.tn\/fr\/publication\/acces-boutique\/livres-en-vente\/perinatalite-parents-bebes-et-familles-a-travers-les-cultures\/"]}]},{"@type":"ImageObject","inLanguage":"fr-FR","@id":"https:\/\/www.beitalhikma.tn\/fr\/publication\/acces-boutique\/livres-en-vente\/perinatalite-parents-bebes-et-familles-a-travers-les-cultures\/#primaryimage","url":"https:\/\/www.beitalhikma.tn\/wp-content\/uploads\/2025\/04\/perinatalite-miniature-189x300-1.jpg","contentUrl":"https:\/\/www.beitalhikma.tn\/wp-content\/uploads\/2025\/04\/perinatalite-miniature-189x300-1.jpg","width":189,"height":300},{"@type":"BreadcrumbList","@id":"https:\/\/www.beitalhikma.tn\/fr\/publication\/acces-boutique\/livres-en-vente\/perinatalite-parents-bebes-et-familles-a-travers-les-cultures\/#breadcrumb","itemListElement":[{"@type":"ListItem","position":1,"name":"Accueil","item":"https:\/\/www.beitalhikma.tn\/fr\/"},{"@type":"ListItem","position":2,"name":"Boutique","item":"https:\/\/www.beitalhikma.tn\/fr\/boutique\/"},{"@type":"ListItem","position":3,"name":"P\u00e9rinatalit\u00e9 : Parents, b\u00e9b\u00e9s et familles \u00e0 travers les cultures"}]},{"@type":"WebSite","@id":"https:\/\/www.beitalhikma.tn\/#website","url":"https:\/\/www.beitalhikma.tn\/","name":"Beit al-Hikma","description":"L&#039;Acad\u00e9mie Tunisienne des Sciences, des Lettres  et des Arts","publisher":{"@id":"https:\/\/www.beitalhikma.tn\/#organization"},"potentialAction":[{"@type":"SearchAction","target":{"@type":"EntryPoint","urlTemplate":"https:\/\/www.beitalhikma.tn\/?s={search_term_string}"},"query-input":{"@type":"PropertyValueSpecification","valueRequired":true,"valueName":"search_term_string"}}],"inLanguage":"fr-FR"},{"@type":"Organization","@id":"https:\/\/www.beitalhikma.tn\/#organization","name":"Beit Al Hikma","url":"https:\/\/www.beitalhikma.tn\/","logo":{"@type":"ImageObject","inLanguage":"fr-FR","@id":"https:\/\/www.beitalhikma.tn\/#\/schema\/logo\/image\/","url":"https:\/\/www.beitalhikma.tn\/wp-content\/uploads\/2014\/11\/logo.png","contentUrl":"https:\/\/www.beitalhikma.tn\/wp-content\/uploads\/2014\/11\/logo.png","width":288,"height":109,"caption":"Beit Al Hikma"},"image":{"@id":"https:\/\/www.beitalhikma.tn\/#\/schema\/logo\/image\/"},"sameAs":["https:\/\/www.facebook.com\/BeitalhikmaTunisie\/","https:\/\/x.com\/Beit_alhikma_TN","https:\/\/www.youtube.com\/channel\/UCl8EfDXqt5MFfcEY0UYhevg"]}]}},"uagb_featured_image_src":{"full":["https:\/\/www.beitalhikma.tn\/wp-content\/uploads\/2025\/04\/perinatalite-miniature-189x300-1.jpg",189,300,false],"thumbnail":["https:\/\/www.beitalhikma.tn\/wp-content\/uploads\/2025\/04\/perinatalite-miniature-189x300-1.jpg",189,300,false],"medium":["https:\/\/www.beitalhikma.tn\/wp-content\/uploads\/2025\/04\/perinatalite-miniature-189x300-1.jpg",189,300,false],"medium_large":["https:\/\/www.beitalhikma.tn\/wp-content\/uploads\/2025\/04\/perinatalite-miniature-189x300-1.jpg",189,300,false],"large":["https:\/\/www.beitalhikma.tn\/wp-content\/uploads\/2025\/04\/perinatalite-miniature-189x300-1.jpg",189,300,false],"thumblist":["https:\/\/www.beitalhikma.tn\/wp-content\/uploads\/2025\/04\/perinatalite-miniature-189x300-1.jpg",189,300,false],"meccarouselthumb":["https:\/\/www.beitalhikma.tn\/wp-content\/uploads\/2025\/04\/perinatalite-miniature-189x300-1.jpg",189,300,false],"gridsquare":["https:\/\/www.beitalhikma.tn\/wp-content\/uploads\/2025\/04\/perinatalite-miniature-189x300-1-189x260.jpg",189,260,true],"tileview":["https:\/\/www.beitalhikma.tn\/wp-content\/uploads\/2025\/04\/perinatalite-miniature-189x300-1.jpg",189,300,false],"1536x1536":["https:\/\/www.beitalhikma.tn\/wp-content\/uploads\/2025\/04\/perinatalite-miniature-189x300-1.jpg",189,300,false],"2048x2048":["https:\/\/www.beitalhikma.tn\/wp-content\/uploads\/2025\/04\/perinatalite-miniature-189x300-1.jpg",189,300,false],"post-thumbnail":["https:\/\/www.beitalhikma.tn\/wp-content\/uploads\/2025\/04\/perinatalite-miniature-189x300-1-92x146.jpg",92,146,true],"50x50":["https:\/\/www.beitalhikma.tn\/wp-content\/uploads\/2025\/04\/perinatalite-miniature-189x300-1-32x50.jpg",32,50,true],"portfolio-list":["https:\/\/www.beitalhikma.tn\/wp-content\/uploads\/2025\/04\/perinatalite-miniature-189x300-1.jpg",189,300,false],"portfolio-fs":["https:\/\/www.beitalhikma.tn\/wp-content\/uploads\/2025\/04\/perinatalite-miniature-189x300-1.jpg",189,300,false],"portfolio-slider":["https:\/\/www.beitalhikma.tn\/wp-content\/uploads\/2025\/04\/perinatalite-miniature-189x300-1.jpg",189,300,false],"blog":["https:\/\/www.beitalhikma.tn\/wp-content\/uploads\/2025\/04\/perinatalite-miniature-189x300-1.jpg",189,300,false],"blog-single":["https:\/\/www.beitalhikma.tn\/wp-content\/uploads\/2025\/04\/perinatalite-miniature-189x300-1.jpg",189,300,false],"blog-item":["https:\/\/www.beitalhikma.tn\/wp-content\/uploads\/2025\/04\/perinatalite-miniature-189x300-1-189x224.jpg",189,224,true],"blog-widget":["https:\/\/www.beitalhikma.tn\/wp-content\/uploads\/2025\/04\/perinatalite-miniature-189x300-1-80x60.jpg",80,60,true],"features":["https:\/\/www.beitalhikma.tn\/wp-content\/uploads\/2025\/04\/perinatalite-miniature-189x300-1-90x90.jpg",90,90,true],"clients-slider":["https:\/\/www.beitalhikma.tn\/wp-content\/uploads\/2025\/04\/perinatalite-miniature-189x300-1-50x80.jpg",50,80,true],"offer-slider":["https:\/\/www.beitalhikma.tn\/wp-content\/uploads\/2025\/04\/perinatalite-miniature-189x300-1.jpg",189,300,false],"offer-slider-pg":["https:\/\/www.beitalhikma.tn\/wp-content\/uploads\/2025\/04\/perinatalite-miniature-189x300-1-42x42.jpg",42,42,true],"woocommerce_thumbnail":["https:\/\/www.beitalhikma.tn\/wp-content\/uploads\/2025\/04\/perinatalite-miniature-189x300-1.jpg",189,300,false],"woocommerce_single":["https:\/\/www.beitalhikma.tn\/wp-content\/uploads\/2025\/04\/perinatalite-miniature-189x300-1.jpg",189,300,false],"woocommerce_gallery_thumbnail":["https:\/\/www.beitalhikma.tn\/wp-content\/uploads\/2025\/04\/perinatalite-miniature-189x300-1-100x100.jpg",100,100,true]},"uagb_author_info":{"display_name":"admin","author_link":"https:\/\/www.beitalhikma.tn\/fr\/author\/"},"uagb_comment_info":0,"uagb_excerpt":"Titre\u00a0: P\u00e9rinatalit\u00e9\u00a0: Parents, b\u00e9b\u00e9s et familles \u00e0 travers le cultures Ouvrage collectif sous la direction du Pr Khouloud ben Mohamed Gharbi Langue\u00a0: Fran\u00e7aise Date de parution\u00a0: 2019 Format\u00a0: 24 x 16 ISBN\u00a0: 9789973492005 Nombre de pages :344 Th\u00e8me: scientifique Poids:600 gr Situation: disponible","_links":{"self":[{"href":"https:\/\/www.beitalhikma.tn\/fr\/wp-json\/wp\/v2\/product\/121242","targetHints":{"allow":["GET"]}}],"collection":[{"href":"https:\/\/www.beitalhikma.tn\/fr\/wp-json\/wp\/v2\/product"}],"about":[{"href":"https:\/\/www.beitalhikma.tn\/fr\/wp-json\/wp\/v2\/types\/product"}],"wp:featuredmedia":[{"embeddable":true,"href":"https:\/\/www.beitalhikma.tn\/fr\/wp-json\/wp\/v2\/media\/121243"}],"wp:attachment":[{"href":"https:\/\/www.beitalhikma.tn\/fr\/wp-json\/wp\/v2\/media?parent=121242"}],"wp:term":[{"taxonomy":"product_brand","embeddable":true,"href":"https:\/\/www.beitalhikma.tn\/fr\/wp-json\/wp\/v2\/product_brand?post=121242"},{"taxonomy":"product_cat","embeddable":true,"href":"https:\/\/www.beitalhikma.tn\/fr\/wp-json\/wp\/v2\/product_cat?post=121242"},{"taxonomy":"product_tag","embeddable":true,"href":"https:\/\/www.beitalhikma.tn\/fr\/wp-json\/wp\/v2\/product_tag?post=121242"}],"curies":[{"name":"wp","href":"https:\/\/api.w.org\/{rel}","templated":true}]}}