{"id":121905,"date":"2025-05-08T13:09:31","date_gmt":"2025-05-08T12:09:31","guid":{"rendered":"https:\/\/www.beitalhikma.tn\/?post_type=product&#038;p=121905"},"modified":"2025-08-01T09:48:42","modified_gmt":"2025-08-01T08:48:42","slug":"enjeux-de-la-modernite","status":"publish","type":"product","link":"https:\/\/www.beitalhikma.tn\/fr\/publication\/acces-boutique\/livres-en-vente\/enjeux-de-la-modernite\/","title":{"rendered":"Enjeux de la mod\u00e9rnit\u00e9"},"content":{"rendered":"<p>Cet ouvrage s\u2019inscrit dans le cadre de la collection en hommage aux penseurs et cr\u00e9ateurs. Publi\u00e9 par l\u2019Acad\u00e9mie tunisienne des sciences, des lettres et des arts, \u00ab Be\u00eft al-Hikma \u00bb, sous la direction du Pr Moncef Ben Abdeljelil, il met \u00e0 l\u2019honneur le professeur Abdelmajid Charfi, ancien pr\u00e9sident de l\u2019Acad\u00e9mie (2016-2021).<br \/>\nL\u2019ouvrage rassemble les actes du colloque, organis\u00e9 par \u00ab Be\u00eft al-Hikma \u00bb, les 23 et 24 mai 2022, retra\u00e7ant le parcours d\u2019un penseur moderniste qui s\u2019est engag\u00e9 \u00e0 combattre toute forme de pens\u00e9e dogmatique. Cet engagement constant a plac\u00e9 Pr Abdelmajid Charfi parmi les principales figures de la modernit\u00e9 en Tunisie et dans le monde arabe, en vertu des \u00e9tudes et t\u00e9moignages qui le pr\u00e9sentent comme le fondateur d\u2019une v\u00e9ritable \u00e9cole de pens\u00e9e dont l\u2019influence d\u00e9passe les fronti\u00e8res tunisiennes.<\/p>\n","protected":false},"excerpt":{"rendered":"<ul>\n<li><strong>Titre : Enjeux de la mod\u00e9rnit\u00e9 <\/strong><\/li>\n<li><b>Ouvrage Collectif sous la direction de: <\/b>Moncef Ben Abdeljelil<\/li>\n<li><strong>Langue : <\/strong>Fran\u00e7aise<\/li>\n<li><strong>Date de publication<\/strong> : 2025<\/li>\n<li><strong>Format\u00a0:<\/strong> 24 x 16<\/li>\n<li><strong>Nombre de pages :<\/strong>682<\/li>\n<li><strong>Th\u00e8me: Biographie<\/strong><\/li>\n<li><strong>ISBN :<\/strong> 978-9973-49-267-8<\/li>\n<li><strong>Poids :<\/strong>700 gr<\/li>\n<li><strong>Situation:<\/strong>disponible<\/li>\n<\/ul>\n","protected":false},"featured_media":121784,"template":"","meta":{"_uag_custom_page_level_css":""},"product_brand":[],"product_cat":[11],"product_tag":[],"class_list":{"0":"post-121905","1":"product","2":"type-product","3":"status-publish","4":"has-post-thumbnail","6":"product_cat-livres-en-vente","8":"first","9":"instock","10":"sale","11":"shipping-taxable","12":"purchasable","13":"product-type-simple"},"yoast_head":"<!-- This site is optimized with the Yoast SEO plugin v27.4 - https:\/\/yoast.com\/product\/yoast-seo-wordpress\/ -->\n<title>Enjeux de la mod\u00e9rnit\u00e9 - Beit al-Hikma<\/title>\n<meta name=\"robots\" content=\"index, follow, max-snippet:-1, max-image-preview:large, max-video-preview:-1\" \/>\n<link rel=\"canonical\" href=\"https:\/\/www.beitalhikma.tn\/fr\/publication\/acces-boutique\/livres-en-vente\/enjeux-de-la-modernite\/\" \/>\n<meta property=\"og:locale\" content=\"fr_FR\" \/>\n<meta property=\"og:type\" content=\"article\" \/>\n<meta property=\"og:title\" content=\"Enjeux de la mod\u00e9rnit\u00e9 - Beit al-Hikma\" \/>\n<meta property=\"og:description\" content=\"Titre : Enjeux de la mod\u00e9rnit\u00e9   Ouvrage Collectif sous la direction de: Moncef Ben Abdeljelil  Langue : Fran\u00e7aise  Date de publication : 2025  Format\u00a0: 24 x 16  Nombre de pages :682  Th\u00e8me: Biographie  ISBN : 978-9973-49-267-8  Poids :700 gr  Situation:disponible\" \/>\n<meta property=\"og:url\" content=\"https:\/\/www.beitalhikma.tn\/fr\/publication\/acces-boutique\/livres-en-vente\/enjeux-de-la-modernite\/\" \/>\n<meta property=\"og:site_name\" content=\"Beit al-Hikma\" \/>\n<meta property=\"article:publisher\" content=\"https:\/\/www.facebook.com\/BeitalhikmaTunisie\/\" \/>\n<meta property=\"article:modified_time\" content=\"2025-08-01T08:48:42+00:00\" \/>\n<meta property=\"og:image\" content=\"https:\/\/www.beitalhikma.tn\/wp-content\/uploads\/2025\/05\/site-abdlmjid.jpg\" \/>\n\t<meta property=\"og:image:width\" content=\"864\" \/>\n\t<meta property=\"og:image:height\" content=\"1342\" \/>\n\t<meta property=\"og:image:type\" content=\"image\/jpeg\" \/>\n<meta name=\"twitter:card\" content=\"summary_large_image\" \/>\n<meta name=\"twitter:site\" content=\"@Beit_alhikma_TN\" \/>\n<meta name=\"twitter:label1\" content=\"Dur\u00e9e de lecture estim\u00e9e\" \/>\n\t<meta name=\"twitter:data1\" content=\"1 minute\" \/>\n<script type=\"application\/ld+json\" class=\"yoast-schema-graph\">{\"@context\":\"https:\\\/\\\/schema.org\",\"@graph\":[{\"@type\":\"WebPage\",\"@id\":\"https:\\\/\\\/www.beitalhikma.tn\\\/fr\\\/publication\\\/acces-boutique\\\/livres-en-vente\\\/enjeux-de-la-modernite\\\/\",\"url\":\"https:\\\/\\\/www.beitalhikma.tn\\\/fr\\\/publication\\\/acces-boutique\\\/livres-en-vente\\\/enjeux-de-la-modernite\\\/\",\"name\":\"Enjeux de la mod\u00e9rnit\u00e9 - Beit al-Hikma\",\"isPartOf\":{\"@id\":\"https:\\\/\\\/www.beitalhikma.tn\\\/#website\"},\"primaryImageOfPage\":{\"@id\":\"https:\\\/\\\/www.beitalhikma.tn\\\/fr\\\/publication\\\/acces-boutique\\\/livres-en-vente\\\/enjeux-de-la-modernite\\\/#primaryimage\"},\"image\":{\"@id\":\"https:\\\/\\\/www.beitalhikma.tn\\\/fr\\\/publication\\\/acces-boutique\\\/livres-en-vente\\\/enjeux-de-la-modernite\\\/#primaryimage\"},\"thumbnailUrl\":\"https:\\\/\\\/www.beitalhikma.tn\\\/wp-content\\\/uploads\\\/2025\\\/05\\\/site-abdlmjid.jpg\",\"datePublished\":\"2025-05-08T12:09:31+00:00\",\"dateModified\":\"2025-08-01T08:48:42+00:00\",\"breadcrumb\":{\"@id\":\"https:\\\/\\\/www.beitalhikma.tn\\\/fr\\\/publication\\\/acces-boutique\\\/livres-en-vente\\\/enjeux-de-la-modernite\\\/#breadcrumb\"},\"inLanguage\":\"fr-FR\",\"potentialAction\":[{\"@type\":\"ReadAction\",\"target\":[\"https:\\\/\\\/www.beitalhikma.tn\\\/fr\\\/publication\\\/acces-boutique\\\/livres-en-vente\\\/enjeux-de-la-modernite\\\/\"]}]},{\"@type\":\"ImageObject\",\"inLanguage\":\"fr-FR\",\"@id\":\"https:\\\/\\\/www.beitalhikma.tn\\\/fr\\\/publication\\\/acces-boutique\\\/livres-en-vente\\\/enjeux-de-la-modernite\\\/#primaryimage\",\"url\":\"https:\\\/\\\/www.beitalhikma.tn\\\/wp-content\\\/uploads\\\/2025\\\/05\\\/site-abdlmjid.jpg\",\"contentUrl\":\"https:\\\/\\\/www.beitalhikma.tn\\\/wp-content\\\/uploads\\\/2025\\\/05\\\/site-abdlmjid.jpg\",\"width\":864,\"height\":1342},{\"@type\":\"BreadcrumbList\",\"@id\":\"https:\\\/\\\/www.beitalhikma.tn\\\/fr\\\/publication\\\/acces-boutique\\\/livres-en-vente\\\/enjeux-de-la-modernite\\\/#breadcrumb\",\"itemListElement\":[{\"@type\":\"ListItem\",\"position\":1,\"name\":\"Accueil\",\"item\":\"https:\\\/\\\/www.beitalhikma.tn\\\/fr\\\/\"},{\"@type\":\"ListItem\",\"position\":2,\"name\":\"Boutique\",\"item\":\"https:\\\/\\\/www.beitalhikma.tn\\\/fr\\\/boutique\\\/\"},{\"@type\":\"ListItem\",\"position\":3,\"name\":\"Enjeux de la mod\u00e9rnit\u00e9\"}]},{\"@type\":\"WebSite\",\"@id\":\"https:\\\/\\\/www.beitalhikma.tn\\\/#website\",\"url\":\"https:\\\/\\\/www.beitalhikma.tn\\\/\",\"name\":\"Beit al-Hikma\",\"description\":\"L&#039;Acad\u00e9mie Tunisienne des Sciences, des Lettres  et des Arts\",\"publisher\":{\"@id\":\"https:\\\/\\\/www.beitalhikma.tn\\\/#organization\"},\"potentialAction\":[{\"@type\":\"SearchAction\",\"target\":{\"@type\":\"EntryPoint\",\"urlTemplate\":\"https:\\\/\\\/www.beitalhikma.tn\\\/?s={search_term_string}\"},\"query-input\":{\"@type\":\"PropertyValueSpecification\",\"valueRequired\":true,\"valueName\":\"search_term_string\"}}],\"inLanguage\":\"fr-FR\"},{\"@type\":\"Organization\",\"@id\":\"https:\\\/\\\/www.beitalhikma.tn\\\/#organization\",\"name\":\"Beit Al Hikma\",\"url\":\"https:\\\/\\\/www.beitalhikma.tn\\\/\",\"logo\":{\"@type\":\"ImageObject\",\"inLanguage\":\"fr-FR\",\"@id\":\"https:\\\/\\\/www.beitalhikma.tn\\\/#\\\/schema\\\/logo\\\/image\\\/\",\"url\":\"https:\\\/\\\/www.beitalhikma.tn\\\/wp-content\\\/uploads\\\/2014\\\/11\\\/logo.png\",\"contentUrl\":\"https:\\\/\\\/www.beitalhikma.tn\\\/wp-content\\\/uploads\\\/2014\\\/11\\\/logo.png\",\"width\":288,\"height\":109,\"caption\":\"Beit Al Hikma\"},\"image\":{\"@id\":\"https:\\\/\\\/www.beitalhikma.tn\\\/#\\\/schema\\\/logo\\\/image\\\/\"},\"sameAs\":[\"https:\\\/\\\/www.facebook.com\\\/BeitalhikmaTunisie\\\/\",\"https:\\\/\\\/x.com\\\/Beit_alhikma_TN\",\"https:\\\/\\\/www.youtube.com\\\/channel\\\/UCl8EfDXqt5MFfcEY0UYhevg\"]}]}<\/script>\n<!-- \/ Yoast SEO plugin. -->","yoast_head_json":{"title":"Enjeux de la mod\u00e9rnit\u00e9 - Beit al-Hikma","robots":{"index":"index","follow":"follow","max-snippet":"max-snippet:-1","max-image-preview":"max-image-preview:large","max-video-preview":"max-video-preview:-1"},"canonical":"https:\/\/www.beitalhikma.tn\/fr\/publication\/acces-boutique\/livres-en-vente\/enjeux-de-la-modernite\/","og_locale":"fr_FR","og_type":"article","og_title":"Enjeux de la mod\u00e9rnit\u00e9 - Beit al-Hikma","og_description":"Titre : Enjeux de la mod\u00e9rnit\u00e9   Ouvrage Collectif sous la direction de: Moncef Ben Abdeljelil  Langue : Fran\u00e7aise  Date de publication : 2025  Format\u00a0: 24 x 16  Nombre de pages :682  Th\u00e8me: Biographie  ISBN : 978-9973-49-267-8  Poids :700 gr  Situation:disponible","og_url":"https:\/\/www.beitalhikma.tn\/fr\/publication\/acces-boutique\/livres-en-vente\/enjeux-de-la-modernite\/","og_site_name":"Beit al-Hikma","article_publisher":"https:\/\/www.facebook.com\/BeitalhikmaTunisie\/","article_modified_time":"2025-08-01T08:48:42+00:00","og_image":[{"width":864,"height":1342,"url":"https:\/\/www.beitalhikma.tn\/wp-content\/uploads\/2025\/05\/site-abdlmjid.jpg","type":"image\/jpeg"}],"twitter_card":"summary_large_image","twitter_site":"@Beit_alhikma_TN","twitter_misc":{"Dur\u00e9e de lecture estim\u00e9e":"1 minute"},"schema":{"@context":"https:\/\/schema.org","@graph":[{"@type":"WebPage","@id":"https:\/\/www.beitalhikma.tn\/fr\/publication\/acces-boutique\/livres-en-vente\/enjeux-de-la-modernite\/","url":"https:\/\/www.beitalhikma.tn\/fr\/publication\/acces-boutique\/livres-en-vente\/enjeux-de-la-modernite\/","name":"Enjeux de la mod\u00e9rnit\u00e9 - Beit al-Hikma","isPartOf":{"@id":"https:\/\/www.beitalhikma.tn\/#website"},"primaryImageOfPage":{"@id":"https:\/\/www.beitalhikma.tn\/fr\/publication\/acces-boutique\/livres-en-vente\/enjeux-de-la-modernite\/#primaryimage"},"image":{"@id":"https:\/\/www.beitalhikma.tn\/fr\/publication\/acces-boutique\/livres-en-vente\/enjeux-de-la-modernite\/#primaryimage"},"thumbnailUrl":"https:\/\/www.beitalhikma.tn\/wp-content\/uploads\/2025\/05\/site-abdlmjid.jpg","datePublished":"2025-05-08T12:09:31+00:00","dateModified":"2025-08-01T08:48:42+00:00","breadcrumb":{"@id":"https:\/\/www.beitalhikma.tn\/fr\/publication\/acces-boutique\/livres-en-vente\/enjeux-de-la-modernite\/#breadcrumb"},"inLanguage":"fr-FR","potentialAction":[{"@type":"ReadAction","target":["https:\/\/www.beitalhikma.tn\/fr\/publication\/acces-boutique\/livres-en-vente\/enjeux-de-la-modernite\/"]}]},{"@type":"ImageObject","inLanguage":"fr-FR","@id":"https:\/\/www.beitalhikma.tn\/fr\/publication\/acces-boutique\/livres-en-vente\/enjeux-de-la-modernite\/#primaryimage","url":"https:\/\/www.beitalhikma.tn\/wp-content\/uploads\/2025\/05\/site-abdlmjid.jpg","contentUrl":"https:\/\/www.beitalhikma.tn\/wp-content\/uploads\/2025\/05\/site-abdlmjid.jpg","width":864,"height":1342},{"@type":"BreadcrumbList","@id":"https:\/\/www.beitalhikma.tn\/fr\/publication\/acces-boutique\/livres-en-vente\/enjeux-de-la-modernite\/#breadcrumb","itemListElement":[{"@type":"ListItem","position":1,"name":"Accueil","item":"https:\/\/www.beitalhikma.tn\/fr\/"},{"@type":"ListItem","position":2,"name":"Boutique","item":"https:\/\/www.beitalhikma.tn\/fr\/boutique\/"},{"@type":"ListItem","position":3,"name":"Enjeux de la mod\u00e9rnit\u00e9"}]},{"@type":"WebSite","@id":"https:\/\/www.beitalhikma.tn\/#website","url":"https:\/\/www.beitalhikma.tn\/","name":"Beit al-Hikma","description":"L&#039;Acad\u00e9mie Tunisienne des Sciences, des Lettres  et des Arts","publisher":{"@id":"https:\/\/www.beitalhikma.tn\/#organization"},"potentialAction":[{"@type":"SearchAction","target":{"@type":"EntryPoint","urlTemplate":"https:\/\/www.beitalhikma.tn\/?s={search_term_string}"},"query-input":{"@type":"PropertyValueSpecification","valueRequired":true,"valueName":"search_term_string"}}],"inLanguage":"fr-FR"},{"@type":"Organization","@id":"https:\/\/www.beitalhikma.tn\/#organization","name":"Beit Al Hikma","url":"https:\/\/www.beitalhikma.tn\/","logo":{"@type":"ImageObject","inLanguage":"fr-FR","@id":"https:\/\/www.beitalhikma.tn\/#\/schema\/logo\/image\/","url":"https:\/\/www.beitalhikma.tn\/wp-content\/uploads\/2014\/11\/logo.png","contentUrl":"https:\/\/www.beitalhikma.tn\/wp-content\/uploads\/2014\/11\/logo.png","width":288,"height":109,"caption":"Beit Al Hikma"},"image":{"@id":"https:\/\/www.beitalhikma.tn\/#\/schema\/logo\/image\/"},"sameAs":["https:\/\/www.facebook.com\/BeitalhikmaTunisie\/","https:\/\/x.com\/Beit_alhikma_TN","https:\/\/www.youtube.com\/channel\/UCl8EfDXqt5MFfcEY0UYhevg"]}]}},"uagb_featured_image_src":{"full":["https:\/\/www.beitalhikma.tn\/wp-content\/uploads\/2025\/05\/site-abdlmjid.jpg",864,1342,false],"thumbnail":["https:\/\/www.beitalhikma.tn\/wp-content\/uploads\/2025\/05\/site-abdlmjid-250x300.jpg",250,300,true],"medium":["https:\/\/www.beitalhikma.tn\/wp-content\/uploads\/2025\/05\/site-abdlmjid-193x300.jpg",193,300,true],"medium_large":["https:\/\/www.beitalhikma.tn\/wp-content\/uploads\/2025\/05\/site-abdlmjid-768x1193.jpg",768,1193,true],"large":["https:\/\/www.beitalhikma.tn\/wp-content\/uploads\/2025\/05\/site-abdlmjid-659x1024.jpg",659,1024,true],"thumblist":["https:\/\/www.beitalhikma.tn\/wp-content\/uploads\/2025\/05\/site-abdlmjid-300x300.jpg",300,300,true],"meccarouselthumb":["https:\/\/www.beitalhikma.tn\/wp-content\/uploads\/2025\/05\/site-abdlmjid-474x324.jpg",474,324,true],"gridsquare":["https:\/\/www.beitalhikma.tn\/wp-content\/uploads\/2025\/05\/site-abdlmjid-391x260.jpg",391,260,true],"tileview":["https:\/\/www.beitalhikma.tn\/wp-content\/uploads\/2025\/05\/site-abdlmjid-300x400.jpg",300,400,true],"1536x1536":["https:\/\/www.beitalhikma.tn\/wp-content\/uploads\/2025\/05\/site-abdlmjid.jpg",864,1342,false],"2048x2048":["https:\/\/www.beitalhikma.tn\/wp-content\/uploads\/2025\/05\/site-abdlmjid.jpg",864,1342,false],"post-thumbnail":["https:\/\/www.beitalhikma.tn\/wp-content\/uploads\/2025\/05\/site-abdlmjid-94x146.jpg",94,146,true],"50x50":["https:\/\/www.beitalhikma.tn\/wp-content\/uploads\/2025\/05\/site-abdlmjid-32x50.jpg",32,50,true],"portfolio-list":["https:\/\/www.beitalhikma.tn\/wp-content\/uploads\/2025\/05\/site-abdlmjid-600x400.jpg",600,400,true],"portfolio-fs":["https:\/\/www.beitalhikma.tn\/wp-content\/uploads\/2025\/05\/site-abdlmjid-815x543.jpg",815,543,true],"portfolio-slider":["https:\/\/www.beitalhikma.tn\/wp-content\/uploads\/2025\/05\/site-abdlmjid-380x380.jpg",380,380,true],"blog":["https:\/\/www.beitalhikma.tn\/wp-content\/uploads\/2025\/05\/site-abdlmjid-564x341.jpg",564,341,true],"blog-single":["https:\/\/www.beitalhikma.tn\/wp-content\/uploads\/2025\/05\/site-abdlmjid-864x445.jpg",864,445,true],"blog-item":["https:\/\/www.beitalhikma.tn\/wp-content\/uploads\/2025\/05\/site-abdlmjid-504x224.jpg",504,224,true],"blog-widget":["https:\/\/www.beitalhikma.tn\/wp-content\/uploads\/2025\/05\/site-abdlmjid-80x60.jpg",80,60,true],"features":["https:\/\/www.beitalhikma.tn\/wp-content\/uploads\/2025\/05\/site-abdlmjid-90x90.jpg",90,90,true],"clients-slider":["https:\/\/www.beitalhikma.tn\/wp-content\/uploads\/2025\/05\/site-abdlmjid-52x80.jpg",52,80,true],"offer-slider":["https:\/\/www.beitalhikma.tn\/wp-content\/uploads\/2025\/05\/site-abdlmjid-776x438.jpg",776,438,true],"offer-slider-pg":["https:\/\/www.beitalhikma.tn\/wp-content\/uploads\/2025\/05\/site-abdlmjid-42x42.jpg",42,42,true],"woocommerce_thumbnail":["https:\/\/www.beitalhikma.tn\/wp-content\/uploads\/2025\/05\/site-abdlmjid-250x300.jpg",250,300,true],"woocommerce_single":["https:\/\/www.beitalhikma.tn\/wp-content\/uploads\/2025\/05\/site-abdlmjid-250x388.jpg",250,388,true],"woocommerce_gallery_thumbnail":["https:\/\/www.beitalhikma.tn\/wp-content\/uploads\/2025\/05\/site-abdlmjid-100x100.jpg",100,100,true]},"uagb_author_info":{"display_name":"admin","author_link":"https:\/\/www.beitalhikma.tn\/fr\/author\/"},"uagb_comment_info":0,"uagb_excerpt":"Titre : Enjeux de la mod\u00e9rnit\u00e9 Ouvrage Collectif sous la direction de: Moncef Ben Abdeljelil Langue : Fran\u00e7aise Date de publication : 2025 Format\u00a0: 24 x 16 Nombre de pages :682 Th\u00e8me: Biographie ISBN : 978-9973-49-267-8 Poids :700 gr Situation:disponible","_links":{"self":[{"href":"https:\/\/www.beitalhikma.tn\/fr\/wp-json\/wp\/v2\/product\/121905","targetHints":{"allow":["GET"]}}],"collection":[{"href":"https:\/\/www.beitalhikma.tn\/fr\/wp-json\/wp\/v2\/product"}],"about":[{"href":"https:\/\/www.beitalhikma.tn\/fr\/wp-json\/wp\/v2\/types\/product"}],"wp:featuredmedia":[{"embeddable":true,"href":"https:\/\/www.beitalhikma.tn\/fr\/wp-json\/wp\/v2\/media\/121784"}],"wp:attachment":[{"href":"https:\/\/www.beitalhikma.tn\/fr\/wp-json\/wp\/v2\/media?parent=121905"}],"wp:term":[{"taxonomy":"product_brand","embeddable":true,"href":"https:\/\/www.beitalhikma.tn\/fr\/wp-json\/wp\/v2\/product_brand?post=121905"},{"taxonomy":"product_cat","embeddable":true,"href":"https:\/\/www.beitalhikma.tn\/fr\/wp-json\/wp\/v2\/product_cat?post=121905"},{"taxonomy":"product_tag","embeddable":true,"href":"https:\/\/www.beitalhikma.tn\/fr\/wp-json\/wp\/v2\/product_tag?post=121905"}],"curies":[{"name":"wp","href":"https:\/\/api.w.org\/{rel}","templated":true}]}}