{"id":123030,"date":"2025-06-17T13:44:35","date_gmt":"2025-06-17T12:44:35","guid":{"rendered":"https:\/\/www.beitalhikma.tn\/?post_type=product&#038;p=123030"},"modified":"2025-07-04T11:26:22","modified_gmt":"2025-07-04T10:26:22","slug":"mediterranee-occidentale-des-liens-millenaires-a-reinventer","status":"publish","type":"product","link":"https:\/\/www.beitalhikma.tn\/fr\/publication\/acces-boutique\/livres-en-vente\/mediterranee-occidentale-des-liens-millenaires-a-reinventer\/","title":{"rendered":"M\u00e9diterran\u00e9e occidentale : des liens mill\u00e9naires \u00e0 r\u00e9inventer"},"content":{"rendered":"","protected":false},"excerpt":{"rendered":"<ul>\n<li><strong>Titre :<\/strong> M\u00e9diterran\u00e9e occidentale : des liens mill\u00e9naires \u00e0 r\u00e9inventer<\/li>\n<li><b>Ouvrage Collectif sous la direction de: <\/b>Abdelhamid Henia et Genevi\u00e8ve Nihoul<\/li>\n<li><strong>Langue : <\/strong>Fran\u00e7aise<\/li>\n<li><strong>Date de publication<\/strong> : 2025<\/li>\n<li><strong>Format\u00a0:<\/strong> 24 x 16<\/li>\n<li><strong>Nombre de pages : <\/strong>264<\/li>\n<li><strong>Th\u00e8me: <\/strong>Intellectuel<\/li>\n<li><strong>ISBN :<\/strong> 978-9973-49-269-2<\/li>\n<li><strong>Poids : <\/strong>400 gr<\/li>\n<li><strong>Situation: <\/strong>Disponible<\/li>\n<\/ul>\n","protected":false},"featured_media":123031,"template":"","meta":{"_uag_custom_page_level_css":""},"product_brand":[],"product_cat":[11],"product_tag":[],"class_list":{"0":"post-123030","1":"product","2":"type-product","3":"status-publish","4":"has-post-thumbnail","6":"product_cat-livres-en-vente","8":"first","9":"instock","10":"sale","11":"shipping-taxable","12":"purchasable","13":"product-type-simple"},"yoast_head":"<!-- This site is optimized with the Yoast SEO plugin v27.3 - https:\/\/yoast.com\/product\/yoast-seo-wordpress\/ -->\n<title>M\u00e9diterran\u00e9e occidentale : des liens mill\u00e9naires \u00e0 r\u00e9inventer - Beit al-Hikma<\/title>\n<meta name=\"robots\" content=\"index, follow, max-snippet:-1, max-image-preview:large, max-video-preview:-1\" \/>\n<link rel=\"canonical\" href=\"https:\/\/www.beitalhikma.tn\/fr\/publication\/acces-boutique\/livres-en-vente\/mediterranee-occidentale-des-liens-millenaires-a-reinventer\/\" \/>\n<meta property=\"og:locale\" content=\"fr_FR\" \/>\n<meta property=\"og:type\" content=\"article\" \/>\n<meta property=\"og:title\" content=\"M\u00e9diterran\u00e9e occidentale : des liens mill\u00e9naires \u00e0 r\u00e9inventer - Beit al-Hikma\" \/>\n<meta property=\"og:description\" content=\"Titre : M\u00e9diterran\u00e9e occidentale : des liens mill\u00e9naires \u00e0 r\u00e9inventer  Ouvrage Collectif sous la direction de: Abdelhamid Henia et Genevi\u00e8ve Nihoul  Langue : Fran\u00e7aise  Date de publication : 2025  Format\u00a0: 24 x 16  Nombre de pages : 264  Th\u00e8me: Intellectuel  ISBN : 978-9973-49-269-2  Poids : 400 gr  Situation: Disponible\" \/>\n<meta property=\"og:url\" content=\"https:\/\/www.beitalhikma.tn\/fr\/publication\/acces-boutique\/livres-en-vente\/mediterranee-occidentale-des-liens-millenaires-a-reinventer\/\" \/>\n<meta property=\"og:site_name\" content=\"Beit al-Hikma\" \/>\n<meta property=\"article:publisher\" content=\"https:\/\/www.facebook.com\/BeitalhikmaTunisie\/\" \/>\n<meta property=\"article:modified_time\" content=\"2025-07-04T10:26:22+00:00\" \/>\n<meta property=\"og:image\" content=\"https:\/\/www.beitalhikma.tn\/wp-content\/uploads\/2025\/06\/1ereCouv-Mediterranee-occidentale27mai2025-scaled.jpg\" \/>\n\t<meta property=\"og:image:width\" content=\"1731\" \/>\n\t<meta property=\"og:image:height\" content=\"2560\" \/>\n\t<meta property=\"og:image:type\" content=\"image\/jpeg\" \/>\n<meta name=\"twitter:card\" content=\"summary_large_image\" \/>\n<meta name=\"twitter:site\" content=\"@Beit_alhikma_TN\" \/>\n<meta name=\"twitter:label1\" content=\"Dur\u00e9e de lecture estim\u00e9e\" \/>\n\t<meta name=\"twitter:data1\" content=\"1 minute\" \/>\n<script type=\"application\/ld+json\" class=\"yoast-schema-graph\">{\"@context\":\"https:\\\/\\\/schema.org\",\"@graph\":[{\"@type\":\"WebPage\",\"@id\":\"https:\\\/\\\/www.beitalhikma.tn\\\/fr\\\/publication\\\/acces-boutique\\\/livres-en-vente\\\/mediterranee-occidentale-des-liens-millenaires-a-reinventer\\\/\",\"url\":\"https:\\\/\\\/www.beitalhikma.tn\\\/fr\\\/publication\\\/acces-boutique\\\/livres-en-vente\\\/mediterranee-occidentale-des-liens-millenaires-a-reinventer\\\/\",\"name\":\"M\u00e9diterran\u00e9e occidentale : des liens mill\u00e9naires \u00e0 r\u00e9inventer - Beit al-Hikma\",\"isPartOf\":{\"@id\":\"https:\\\/\\\/www.beitalhikma.tn\\\/#website\"},\"primaryImageOfPage\":{\"@id\":\"https:\\\/\\\/www.beitalhikma.tn\\\/fr\\\/publication\\\/acces-boutique\\\/livres-en-vente\\\/mediterranee-occidentale-des-liens-millenaires-a-reinventer\\\/#primaryimage\"},\"image\":{\"@id\":\"https:\\\/\\\/www.beitalhikma.tn\\\/fr\\\/publication\\\/acces-boutique\\\/livres-en-vente\\\/mediterranee-occidentale-des-liens-millenaires-a-reinventer\\\/#primaryimage\"},\"thumbnailUrl\":\"https:\\\/\\\/www.beitalhikma.tn\\\/wp-content\\\/uploads\\\/2025\\\/06\\\/1ereCouv-Mediterranee-occidentale27mai2025-scaled.jpg\",\"datePublished\":\"2025-06-17T12:44:35+00:00\",\"dateModified\":\"2025-07-04T10:26:22+00:00\",\"breadcrumb\":{\"@id\":\"https:\\\/\\\/www.beitalhikma.tn\\\/fr\\\/publication\\\/acces-boutique\\\/livres-en-vente\\\/mediterranee-occidentale-des-liens-millenaires-a-reinventer\\\/#breadcrumb\"},\"inLanguage\":\"fr-FR\",\"potentialAction\":[{\"@type\":\"ReadAction\",\"target\":[\"https:\\\/\\\/www.beitalhikma.tn\\\/fr\\\/publication\\\/acces-boutique\\\/livres-en-vente\\\/mediterranee-occidentale-des-liens-millenaires-a-reinventer\\\/\"]}]},{\"@type\":\"ImageObject\",\"inLanguage\":\"fr-FR\",\"@id\":\"https:\\\/\\\/www.beitalhikma.tn\\\/fr\\\/publication\\\/acces-boutique\\\/livres-en-vente\\\/mediterranee-occidentale-des-liens-millenaires-a-reinventer\\\/#primaryimage\",\"url\":\"https:\\\/\\\/www.beitalhikma.tn\\\/wp-content\\\/uploads\\\/2025\\\/06\\\/1ereCouv-Mediterranee-occidentale27mai2025-scaled.jpg\",\"contentUrl\":\"https:\\\/\\\/www.beitalhikma.tn\\\/wp-content\\\/uploads\\\/2025\\\/06\\\/1ereCouv-Mediterranee-occidentale27mai2025-scaled.jpg\",\"width\":1731,\"height\":2560},{\"@type\":\"BreadcrumbList\",\"@id\":\"https:\\\/\\\/www.beitalhikma.tn\\\/fr\\\/publication\\\/acces-boutique\\\/livres-en-vente\\\/mediterranee-occidentale-des-liens-millenaires-a-reinventer\\\/#breadcrumb\",\"itemListElement\":[{\"@type\":\"ListItem\",\"position\":1,\"name\":\"Accueil\",\"item\":\"https:\\\/\\\/www.beitalhikma.tn\\\/fr\\\/\"},{\"@type\":\"ListItem\",\"position\":2,\"name\":\"Boutique\",\"item\":\"https:\\\/\\\/www.beitalhikma.tn\\\/fr\\\/boutique\\\/\"},{\"@type\":\"ListItem\",\"position\":3,\"name\":\"M\u00e9diterran\u00e9e occidentale : des liens mill\u00e9naires \u00e0 r\u00e9inventer\"}]},{\"@type\":\"WebSite\",\"@id\":\"https:\\\/\\\/www.beitalhikma.tn\\\/#website\",\"url\":\"https:\\\/\\\/www.beitalhikma.tn\\\/\",\"name\":\"Beit al-Hikma\",\"description\":\"L&#039;Acad\u00e9mie Tunisienne des Sciences, des Lettres  et des Arts\",\"publisher\":{\"@id\":\"https:\\\/\\\/www.beitalhikma.tn\\\/#organization\"},\"potentialAction\":[{\"@type\":\"SearchAction\",\"target\":{\"@type\":\"EntryPoint\",\"urlTemplate\":\"https:\\\/\\\/www.beitalhikma.tn\\\/?s={search_term_string}\"},\"query-input\":{\"@type\":\"PropertyValueSpecification\",\"valueRequired\":true,\"valueName\":\"search_term_string\"}}],\"inLanguage\":\"fr-FR\"},{\"@type\":\"Organization\",\"@id\":\"https:\\\/\\\/www.beitalhikma.tn\\\/#organization\",\"name\":\"Beit Al Hikma\",\"url\":\"https:\\\/\\\/www.beitalhikma.tn\\\/\",\"logo\":{\"@type\":\"ImageObject\",\"inLanguage\":\"fr-FR\",\"@id\":\"https:\\\/\\\/www.beitalhikma.tn\\\/#\\\/schema\\\/logo\\\/image\\\/\",\"url\":\"https:\\\/\\\/www.beitalhikma.tn\\\/wp-content\\\/uploads\\\/2014\\\/11\\\/logo.png\",\"contentUrl\":\"https:\\\/\\\/www.beitalhikma.tn\\\/wp-content\\\/uploads\\\/2014\\\/11\\\/logo.png\",\"width\":288,\"height\":109,\"caption\":\"Beit Al Hikma\"},\"image\":{\"@id\":\"https:\\\/\\\/www.beitalhikma.tn\\\/#\\\/schema\\\/logo\\\/image\\\/\"},\"sameAs\":[\"https:\\\/\\\/www.facebook.com\\\/BeitalhikmaTunisie\\\/\",\"https:\\\/\\\/x.com\\\/Beit_alhikma_TN\",\"https:\\\/\\\/www.youtube.com\\\/channel\\\/UCl8EfDXqt5MFfcEY0UYhevg\"]}]}<\/script>\n<!-- \/ Yoast SEO plugin. -->","yoast_head_json":{"title":"M\u00e9diterran\u00e9e occidentale : des liens mill\u00e9naires \u00e0 r\u00e9inventer - Beit al-Hikma","robots":{"index":"index","follow":"follow","max-snippet":"max-snippet:-1","max-image-preview":"max-image-preview:large","max-video-preview":"max-video-preview:-1"},"canonical":"https:\/\/www.beitalhikma.tn\/fr\/publication\/acces-boutique\/livres-en-vente\/mediterranee-occidentale-des-liens-millenaires-a-reinventer\/","og_locale":"fr_FR","og_type":"article","og_title":"M\u00e9diterran\u00e9e occidentale : des liens mill\u00e9naires \u00e0 r\u00e9inventer - Beit al-Hikma","og_description":"Titre : M\u00e9diterran\u00e9e occidentale : des liens mill\u00e9naires \u00e0 r\u00e9inventer  Ouvrage Collectif sous la direction de: Abdelhamid Henia et Genevi\u00e8ve Nihoul  Langue : Fran\u00e7aise  Date de publication : 2025  Format\u00a0: 24 x 16  Nombre de pages : 264  Th\u00e8me: Intellectuel  ISBN : 978-9973-49-269-2  Poids : 400 gr  Situation: Disponible","og_url":"https:\/\/www.beitalhikma.tn\/fr\/publication\/acces-boutique\/livres-en-vente\/mediterranee-occidentale-des-liens-millenaires-a-reinventer\/","og_site_name":"Beit al-Hikma","article_publisher":"https:\/\/www.facebook.com\/BeitalhikmaTunisie\/","article_modified_time":"2025-07-04T10:26:22+00:00","og_image":[{"width":1731,"height":2560,"url":"https:\/\/www.beitalhikma.tn\/wp-content\/uploads\/2025\/06\/1ereCouv-Mediterranee-occidentale27mai2025-scaled.jpg","type":"image\/jpeg"}],"twitter_card":"summary_large_image","twitter_site":"@Beit_alhikma_TN","twitter_misc":{"Dur\u00e9e de lecture estim\u00e9e":"1 minute"},"schema":{"@context":"https:\/\/schema.org","@graph":[{"@type":"WebPage","@id":"https:\/\/www.beitalhikma.tn\/fr\/publication\/acces-boutique\/livres-en-vente\/mediterranee-occidentale-des-liens-millenaires-a-reinventer\/","url":"https:\/\/www.beitalhikma.tn\/fr\/publication\/acces-boutique\/livres-en-vente\/mediterranee-occidentale-des-liens-millenaires-a-reinventer\/","name":"M\u00e9diterran\u00e9e occidentale : des liens mill\u00e9naires \u00e0 r\u00e9inventer - Beit al-Hikma","isPartOf":{"@id":"https:\/\/www.beitalhikma.tn\/#website"},"primaryImageOfPage":{"@id":"https:\/\/www.beitalhikma.tn\/fr\/publication\/acces-boutique\/livres-en-vente\/mediterranee-occidentale-des-liens-millenaires-a-reinventer\/#primaryimage"},"image":{"@id":"https:\/\/www.beitalhikma.tn\/fr\/publication\/acces-boutique\/livres-en-vente\/mediterranee-occidentale-des-liens-millenaires-a-reinventer\/#primaryimage"},"thumbnailUrl":"https:\/\/www.beitalhikma.tn\/wp-content\/uploads\/2025\/06\/1ereCouv-Mediterranee-occidentale27mai2025-scaled.jpg","datePublished":"2025-06-17T12:44:35+00:00","dateModified":"2025-07-04T10:26:22+00:00","breadcrumb":{"@id":"https:\/\/www.beitalhikma.tn\/fr\/publication\/acces-boutique\/livres-en-vente\/mediterranee-occidentale-des-liens-millenaires-a-reinventer\/#breadcrumb"},"inLanguage":"fr-FR","potentialAction":[{"@type":"ReadAction","target":["https:\/\/www.beitalhikma.tn\/fr\/publication\/acces-boutique\/livres-en-vente\/mediterranee-occidentale-des-liens-millenaires-a-reinventer\/"]}]},{"@type":"ImageObject","inLanguage":"fr-FR","@id":"https:\/\/www.beitalhikma.tn\/fr\/publication\/acces-boutique\/livres-en-vente\/mediterranee-occidentale-des-liens-millenaires-a-reinventer\/#primaryimage","url":"https:\/\/www.beitalhikma.tn\/wp-content\/uploads\/2025\/06\/1ereCouv-Mediterranee-occidentale27mai2025-scaled.jpg","contentUrl":"https:\/\/www.beitalhikma.tn\/wp-content\/uploads\/2025\/06\/1ereCouv-Mediterranee-occidentale27mai2025-scaled.jpg","width":1731,"height":2560},{"@type":"BreadcrumbList","@id":"https:\/\/www.beitalhikma.tn\/fr\/publication\/acces-boutique\/livres-en-vente\/mediterranee-occidentale-des-liens-millenaires-a-reinventer\/#breadcrumb","itemListElement":[{"@type":"ListItem","position":1,"name":"Accueil","item":"https:\/\/www.beitalhikma.tn\/fr\/"},{"@type":"ListItem","position":2,"name":"Boutique","item":"https:\/\/www.beitalhikma.tn\/fr\/boutique\/"},{"@type":"ListItem","position":3,"name":"M\u00e9diterran\u00e9e occidentale : des liens mill\u00e9naires \u00e0 r\u00e9inventer"}]},{"@type":"WebSite","@id":"https:\/\/www.beitalhikma.tn\/#website","url":"https:\/\/www.beitalhikma.tn\/","name":"Beit al-Hikma","description":"L&#039;Acad\u00e9mie Tunisienne des Sciences, des Lettres  et des Arts","publisher":{"@id":"https:\/\/www.beitalhikma.tn\/#organization"},"potentialAction":[{"@type":"SearchAction","target":{"@type":"EntryPoint","urlTemplate":"https:\/\/www.beitalhikma.tn\/?s={search_term_string}"},"query-input":{"@type":"PropertyValueSpecification","valueRequired":true,"valueName":"search_term_string"}}],"inLanguage":"fr-FR"},{"@type":"Organization","@id":"https:\/\/www.beitalhikma.tn\/#organization","name":"Beit Al Hikma","url":"https:\/\/www.beitalhikma.tn\/","logo":{"@type":"ImageObject","inLanguage":"fr-FR","@id":"https:\/\/www.beitalhikma.tn\/#\/schema\/logo\/image\/","url":"https:\/\/www.beitalhikma.tn\/wp-content\/uploads\/2014\/11\/logo.png","contentUrl":"https:\/\/www.beitalhikma.tn\/wp-content\/uploads\/2014\/11\/logo.png","width":288,"height":109,"caption":"Beit Al Hikma"},"image":{"@id":"https:\/\/www.beitalhikma.tn\/#\/schema\/logo\/image\/"},"sameAs":["https:\/\/www.facebook.com\/BeitalhikmaTunisie\/","https:\/\/x.com\/Beit_alhikma_TN","https:\/\/www.youtube.com\/channel\/UCl8EfDXqt5MFfcEY0UYhevg"]}]}},"uagb_featured_image_src":{"full":["https:\/\/www.beitalhikma.tn\/wp-content\/uploads\/2025\/06\/1ereCouv-Mediterranee-occidentale27mai2025-scaled.jpg",1731,2560,false],"thumbnail":["https:\/\/www.beitalhikma.tn\/wp-content\/uploads\/2025\/06\/1ereCouv-Mediterranee-occidentale27mai2025-250x300.jpg",250,300,true],"medium":["https:\/\/www.beitalhikma.tn\/wp-content\/uploads\/2025\/06\/1ereCouv-Mediterranee-occidentale27mai2025-203x300.jpg",203,300,true],"medium_large":["https:\/\/www.beitalhikma.tn\/wp-content\/uploads\/2025\/06\/1ereCouv-Mediterranee-occidentale27mai2025-768x1136.jpg",768,1136,true],"large":["https:\/\/www.beitalhikma.tn\/wp-content\/uploads\/2025\/06\/1ereCouv-Mediterranee-occidentale27mai2025-692x1024.jpg",692,1024,true],"thumblist":["https:\/\/www.beitalhikma.tn\/wp-content\/uploads\/2025\/06\/1ereCouv-Mediterranee-occidentale27mai2025-300x300.jpg",300,300,true],"meccarouselthumb":["https:\/\/www.beitalhikma.tn\/wp-content\/uploads\/2025\/06\/1ereCouv-Mediterranee-occidentale27mai2025-474x324.jpg",474,324,true],"gridsquare":["https:\/\/www.beitalhikma.tn\/wp-content\/uploads\/2025\/06\/1ereCouv-Mediterranee-occidentale27mai2025-391x260.jpg",391,260,true],"tileview":["https:\/\/www.beitalhikma.tn\/wp-content\/uploads\/2025\/06\/1ereCouv-Mediterranee-occidentale27mai2025-300x400.jpg",300,400,true],"1536x1536":["https:\/\/www.beitalhikma.tn\/wp-content\/uploads\/2025\/06\/1ereCouv-Mediterranee-occidentale27mai2025-1039x1536.jpg",1039,1536,true],"2048x2048":["https:\/\/www.beitalhikma.tn\/wp-content\/uploads\/2025\/06\/1ereCouv-Mediterranee-occidentale27mai2025-1385x2048.jpg",1385,2048,true],"post-thumbnail":["https:\/\/www.beitalhikma.tn\/wp-content\/uploads\/2025\/06\/1ereCouv-Mediterranee-occidentale27mai2025-99x146.jpg",99,146,true],"50x50":["https:\/\/www.beitalhikma.tn\/wp-content\/uploads\/2025\/06\/1ereCouv-Mediterranee-occidentale27mai2025-34x50.jpg",34,50,true],"portfolio-list":["https:\/\/www.beitalhikma.tn\/wp-content\/uploads\/2025\/06\/1ereCouv-Mediterranee-occidentale27mai2025-600x400.jpg",600,400,true],"portfolio-fs":["https:\/\/www.beitalhikma.tn\/wp-content\/uploads\/2025\/06\/1ereCouv-Mediterranee-occidentale27mai2025-815x543.jpg",815,543,true],"portfolio-slider":["https:\/\/www.beitalhikma.tn\/wp-content\/uploads\/2025\/06\/1ereCouv-Mediterranee-occidentale27mai2025-380x380.jpg",380,380,true],"blog":["https:\/\/www.beitalhikma.tn\/wp-content\/uploads\/2025\/06\/1ereCouv-Mediterranee-occidentale27mai2025-564x341.jpg",564,341,true],"blog-single":["https:\/\/www.beitalhikma.tn\/wp-content\/uploads\/2025\/06\/1ereCouv-Mediterranee-occidentale27mai2025-1176x445.jpg",1176,445,true],"blog-item":["https:\/\/www.beitalhikma.tn\/wp-content\/uploads\/2025\/06\/1ereCouv-Mediterranee-occidentale27mai2025-504x224.jpg",504,224,true],"blog-widget":["https:\/\/www.beitalhikma.tn\/wp-content\/uploads\/2025\/06\/1ereCouv-Mediterranee-occidentale27mai2025-80x60.jpg",80,60,true],"features":["https:\/\/www.beitalhikma.tn\/wp-content\/uploads\/2025\/06\/1ereCouv-Mediterranee-occidentale27mai2025-90x90.jpg",90,90,true],"clients-slider":["https:\/\/www.beitalhikma.tn\/wp-content\/uploads\/2025\/06\/1ereCouv-Mediterranee-occidentale27mai2025-54x80.jpg",54,80,true],"offer-slider":["https:\/\/www.beitalhikma.tn\/wp-content\/uploads\/2025\/06\/1ereCouv-Mediterranee-occidentale27mai2025-776x438.jpg",776,438,true],"offer-slider-pg":["https:\/\/www.beitalhikma.tn\/wp-content\/uploads\/2025\/06\/1ereCouv-Mediterranee-occidentale27mai2025-42x42.jpg",42,42,true],"woocommerce_thumbnail":["https:\/\/www.beitalhikma.tn\/wp-content\/uploads\/2025\/06\/1ereCouv-Mediterranee-occidentale27mai2025-250x300.jpg",250,300,true],"woocommerce_single":["https:\/\/www.beitalhikma.tn\/wp-content\/uploads\/2025\/06\/1ereCouv-Mediterranee-occidentale27mai2025-250x370.jpg",250,370,true],"woocommerce_gallery_thumbnail":["https:\/\/www.beitalhikma.tn\/wp-content\/uploads\/2025\/06\/1ereCouv-Mediterranee-occidentale27mai2025-100x100.jpg",100,100,true]},"uagb_author_info":{"display_name":"admin","author_link":"https:\/\/www.beitalhikma.tn\/fr\/author\/"},"uagb_comment_info":0,"uagb_excerpt":"Titre : M\u00e9diterran\u00e9e occidentale : des liens mill\u00e9naires \u00e0 r\u00e9inventer Ouvrage Collectif sous la direction de: Abdelhamid Henia et Genevi\u00e8ve Nihoul Langue : Fran\u00e7aise Date de publication : 2025 Format\u00a0: 24 x 16 Nombre de pages : 264 Th\u00e8me: Intellectuel ISBN : 978-9973-49-269-2 Poids : 400 gr Situation: Disponible","_links":{"self":[{"href":"https:\/\/www.beitalhikma.tn\/fr\/wp-json\/wp\/v2\/product\/123030","targetHints":{"allow":["GET"]}}],"collection":[{"href":"https:\/\/www.beitalhikma.tn\/fr\/wp-json\/wp\/v2\/product"}],"about":[{"href":"https:\/\/www.beitalhikma.tn\/fr\/wp-json\/wp\/v2\/types\/product"}],"wp:featuredmedia":[{"embeddable":true,"href":"https:\/\/www.beitalhikma.tn\/fr\/wp-json\/wp\/v2\/media\/123031"}],"wp:attachment":[{"href":"https:\/\/www.beitalhikma.tn\/fr\/wp-json\/wp\/v2\/media?parent=123030"}],"wp:term":[{"taxonomy":"product_brand","embeddable":true,"href":"https:\/\/www.beitalhikma.tn\/fr\/wp-json\/wp\/v2\/product_brand?post=123030"},{"taxonomy":"product_cat","embeddable":true,"href":"https:\/\/www.beitalhikma.tn\/fr\/wp-json\/wp\/v2\/product_cat?post=123030"},{"taxonomy":"product_tag","embeddable":true,"href":"https:\/\/www.beitalhikma.tn\/fr\/wp-json\/wp\/v2\/product_tag?post=123030"}],"curies":[{"name":"wp","href":"https:\/\/api.w.org\/{rel}","templated":true}]}}