{"id":123630,"date":"2025-07-01T13:32:13","date_gmt":"2025-07-01T12:32:13","guid":{"rendered":"https:\/\/www.beitalhikma.tn\/?post_type=product&#038;p=123630"},"modified":"2025-07-04T11:25:59","modified_gmt":"2025-07-04T10:25:59","slug":"sous-les-voutes-sacrees-les-lieux-de-cultes-musulmans-de-la-tunisie-medievale","status":"publish","type":"product","link":"https:\/\/www.beitalhikma.tn\/fr\/publication\/acces-boutique\/livres-en-vente\/sous-les-voutes-sacrees-les-lieux-de-cultes-musulmans-de-la-tunisie-medievale\/","title":{"rendered":"Sous les vo\u00fbtes sacr\u00e9es : Les lieux de cultes musulmans de la Tunisie m\u00e9di\u00e9vale"},"content":{"rendered":"","protected":false},"excerpt":{"rendered":"<ul>\n<li><strong>Titre : Sous les vo\u00fbtes sacr\u00e9es : Les lieux de cultes musulmans de la Tunisie m\u00e9di\u00e9vale<\/strong><\/li>\n<li><b>Ouvrage Collectif sous la direction de: Faouzi Mahfoudh<\/b><\/li>\n<li><strong>Langue : <\/strong>Fran\u00e7aise<\/li>\n<li><strong>Date de publication<\/strong> : 2025<\/li>\n<li><strong>Format\u00a0:<\/strong> 24 x 16<\/li>\n<li><strong>Nombre de pages :<\/strong>251<\/li>\n<li><strong>Th\u00e8me: Histoire<\/strong><\/li>\n<li><strong>ISBN :<\/strong> 978-9973-49-268-5<\/li>\n<li><strong>Poids :<\/strong>500 gr<\/li>\n<li><strong>Situation:<\/strong>disponible<\/li>\n<\/ul>\n","protected":false},"featured_media":123627,"template":"","meta":{"_uag_custom_page_level_css":""},"product_brand":[],"product_cat":[11],"product_tag":[],"class_list":{"0":"post-123630","1":"product","2":"type-product","3":"status-publish","4":"has-post-thumbnail","6":"product_cat-livres-en-vente","8":"first","9":"instock","10":"sale","11":"shipping-taxable","12":"purchasable","13":"product-type-simple"},"yoast_head":"<!-- This site is optimized with the Yoast SEO plugin v27.3 - https:\/\/yoast.com\/product\/yoast-seo-wordpress\/ -->\n<title>Sous les vo\u00fbtes sacr\u00e9es : Les lieux de cultes musulmans de la Tunisie m\u00e9di\u00e9vale - Beit al-Hikma<\/title>\n<meta name=\"robots\" content=\"index, follow, max-snippet:-1, max-image-preview:large, max-video-preview:-1\" \/>\n<link rel=\"canonical\" href=\"https:\/\/www.beitalhikma.tn\/fr\/publication\/acces-boutique\/livres-en-vente\/sous-les-voutes-sacrees-les-lieux-de-cultes-musulmans-de-la-tunisie-medievale\/\" \/>\n<meta property=\"og:locale\" content=\"fr_FR\" \/>\n<meta property=\"og:type\" content=\"article\" \/>\n<meta property=\"og:title\" content=\"Sous les vo\u00fbtes sacr\u00e9es : Les lieux de cultes musulmans de la Tunisie m\u00e9di\u00e9vale - Beit al-Hikma\" \/>\n<meta property=\"og:description\" content=\"Titre : Sous les vo\u00fbtes sacr\u00e9es : Les lieux de cultes musulmans de la Tunisie m\u00e9di\u00e9vale  Ouvrage Collectif sous la direction de: Faouzi Mahfoudh  Langue : Fran\u00e7aise  Date de publication : 2025  Format\u00a0: 24 x 16  Nombre de pages :251  Th\u00e8me: Histoire  ISBN : 978-9973-49-268-5  Poids :500 gr  Situation:disponible\" \/>\n<meta property=\"og:url\" content=\"https:\/\/www.beitalhikma.tn\/fr\/publication\/acces-boutique\/livres-en-vente\/sous-les-voutes-sacrees-les-lieux-de-cultes-musulmans-de-la-tunisie-medievale\/\" \/>\n<meta property=\"og:site_name\" content=\"Beit al-Hikma\" \/>\n<meta property=\"article:publisher\" content=\"https:\/\/www.facebook.com\/BeitalhikmaTunisie\/\" \/>\n<meta property=\"article:modified_time\" content=\"2025-07-04T10:25:59+00:00\" \/>\n<meta property=\"og:image\" content=\"https:\/\/www.beitalhikma.tn\/wp-content\/uploads\/2025\/07\/COUV2-sous-les-voutes-sacrees-scaled.jpg\" \/>\n\t<meta property=\"og:image:width\" content=\"1704\" \/>\n\t<meta property=\"og:image:height\" content=\"2560\" \/>\n\t<meta property=\"og:image:type\" content=\"image\/jpeg\" \/>\n<meta name=\"twitter:card\" content=\"summary_large_image\" \/>\n<meta name=\"twitter:site\" content=\"@Beit_alhikma_TN\" \/>\n<meta name=\"twitter:label1\" content=\"Dur\u00e9e de lecture estim\u00e9e\" \/>\n\t<meta name=\"twitter:data1\" content=\"1 minute\" \/>\n<script type=\"application\/ld+json\" class=\"yoast-schema-graph\">{\"@context\":\"https:\\\/\\\/schema.org\",\"@graph\":[{\"@type\":\"WebPage\",\"@id\":\"https:\\\/\\\/www.beitalhikma.tn\\\/fr\\\/publication\\\/acces-boutique\\\/livres-en-vente\\\/sous-les-voutes-sacrees-les-lieux-de-cultes-musulmans-de-la-tunisie-medievale\\\/\",\"url\":\"https:\\\/\\\/www.beitalhikma.tn\\\/fr\\\/publication\\\/acces-boutique\\\/livres-en-vente\\\/sous-les-voutes-sacrees-les-lieux-de-cultes-musulmans-de-la-tunisie-medievale\\\/\",\"name\":\"Sous les vo\u00fbtes sacr\u00e9es : Les lieux de cultes musulmans de la Tunisie m\u00e9di\u00e9vale - Beit al-Hikma\",\"isPartOf\":{\"@id\":\"https:\\\/\\\/www.beitalhikma.tn\\\/#website\"},\"primaryImageOfPage\":{\"@id\":\"https:\\\/\\\/www.beitalhikma.tn\\\/fr\\\/publication\\\/acces-boutique\\\/livres-en-vente\\\/sous-les-voutes-sacrees-les-lieux-de-cultes-musulmans-de-la-tunisie-medievale\\\/#primaryimage\"},\"image\":{\"@id\":\"https:\\\/\\\/www.beitalhikma.tn\\\/fr\\\/publication\\\/acces-boutique\\\/livres-en-vente\\\/sous-les-voutes-sacrees-les-lieux-de-cultes-musulmans-de-la-tunisie-medievale\\\/#primaryimage\"},\"thumbnailUrl\":\"https:\\\/\\\/www.beitalhikma.tn\\\/wp-content\\\/uploads\\\/2025\\\/07\\\/COUV2-sous-les-voutes-sacrees-scaled.jpg\",\"datePublished\":\"2025-07-01T12:32:13+00:00\",\"dateModified\":\"2025-07-04T10:25:59+00:00\",\"breadcrumb\":{\"@id\":\"https:\\\/\\\/www.beitalhikma.tn\\\/fr\\\/publication\\\/acces-boutique\\\/livres-en-vente\\\/sous-les-voutes-sacrees-les-lieux-de-cultes-musulmans-de-la-tunisie-medievale\\\/#breadcrumb\"},\"inLanguage\":\"fr-FR\",\"potentialAction\":[{\"@type\":\"ReadAction\",\"target\":[\"https:\\\/\\\/www.beitalhikma.tn\\\/fr\\\/publication\\\/acces-boutique\\\/livres-en-vente\\\/sous-les-voutes-sacrees-les-lieux-de-cultes-musulmans-de-la-tunisie-medievale\\\/\"]}]},{\"@type\":\"ImageObject\",\"inLanguage\":\"fr-FR\",\"@id\":\"https:\\\/\\\/www.beitalhikma.tn\\\/fr\\\/publication\\\/acces-boutique\\\/livres-en-vente\\\/sous-les-voutes-sacrees-les-lieux-de-cultes-musulmans-de-la-tunisie-medievale\\\/#primaryimage\",\"url\":\"https:\\\/\\\/www.beitalhikma.tn\\\/wp-content\\\/uploads\\\/2025\\\/07\\\/COUV2-sous-les-voutes-sacrees-scaled.jpg\",\"contentUrl\":\"https:\\\/\\\/www.beitalhikma.tn\\\/wp-content\\\/uploads\\\/2025\\\/07\\\/COUV2-sous-les-voutes-sacrees-scaled.jpg\",\"width\":1704,\"height\":2560},{\"@type\":\"BreadcrumbList\",\"@id\":\"https:\\\/\\\/www.beitalhikma.tn\\\/fr\\\/publication\\\/acces-boutique\\\/livres-en-vente\\\/sous-les-voutes-sacrees-les-lieux-de-cultes-musulmans-de-la-tunisie-medievale\\\/#breadcrumb\",\"itemListElement\":[{\"@type\":\"ListItem\",\"position\":1,\"name\":\"Accueil\",\"item\":\"https:\\\/\\\/www.beitalhikma.tn\\\/fr\\\/\"},{\"@type\":\"ListItem\",\"position\":2,\"name\":\"Boutique\",\"item\":\"https:\\\/\\\/www.beitalhikma.tn\\\/fr\\\/boutique\\\/\"},{\"@type\":\"ListItem\",\"position\":3,\"name\":\"Sous les vo\u00fbtes sacr\u00e9es : Les lieux de cultes musulmans de la Tunisie m\u00e9di\u00e9vale\"}]},{\"@type\":\"WebSite\",\"@id\":\"https:\\\/\\\/www.beitalhikma.tn\\\/#website\",\"url\":\"https:\\\/\\\/www.beitalhikma.tn\\\/\",\"name\":\"Beit al-Hikma\",\"description\":\"L&#039;Acad\u00e9mie Tunisienne des Sciences, des Lettres  et des Arts\",\"publisher\":{\"@id\":\"https:\\\/\\\/www.beitalhikma.tn\\\/#organization\"},\"potentialAction\":[{\"@type\":\"SearchAction\",\"target\":{\"@type\":\"EntryPoint\",\"urlTemplate\":\"https:\\\/\\\/www.beitalhikma.tn\\\/?s={search_term_string}\"},\"query-input\":{\"@type\":\"PropertyValueSpecification\",\"valueRequired\":true,\"valueName\":\"search_term_string\"}}],\"inLanguage\":\"fr-FR\"},{\"@type\":\"Organization\",\"@id\":\"https:\\\/\\\/www.beitalhikma.tn\\\/#organization\",\"name\":\"Beit Al Hikma\",\"url\":\"https:\\\/\\\/www.beitalhikma.tn\\\/\",\"logo\":{\"@type\":\"ImageObject\",\"inLanguage\":\"fr-FR\",\"@id\":\"https:\\\/\\\/www.beitalhikma.tn\\\/#\\\/schema\\\/logo\\\/image\\\/\",\"url\":\"https:\\\/\\\/www.beitalhikma.tn\\\/wp-content\\\/uploads\\\/2014\\\/11\\\/logo.png\",\"contentUrl\":\"https:\\\/\\\/www.beitalhikma.tn\\\/wp-content\\\/uploads\\\/2014\\\/11\\\/logo.png\",\"width\":288,\"height\":109,\"caption\":\"Beit Al Hikma\"},\"image\":{\"@id\":\"https:\\\/\\\/www.beitalhikma.tn\\\/#\\\/schema\\\/logo\\\/image\\\/\"},\"sameAs\":[\"https:\\\/\\\/www.facebook.com\\\/BeitalhikmaTunisie\\\/\",\"https:\\\/\\\/x.com\\\/Beit_alhikma_TN\",\"https:\\\/\\\/www.youtube.com\\\/channel\\\/UCl8EfDXqt5MFfcEY0UYhevg\"]}]}<\/script>\n<!-- \/ Yoast SEO plugin. -->","yoast_head_json":{"title":"Sous les vo\u00fbtes sacr\u00e9es : Les lieux de cultes musulmans de la Tunisie m\u00e9di\u00e9vale - Beit al-Hikma","robots":{"index":"index","follow":"follow","max-snippet":"max-snippet:-1","max-image-preview":"max-image-preview:large","max-video-preview":"max-video-preview:-1"},"canonical":"https:\/\/www.beitalhikma.tn\/fr\/publication\/acces-boutique\/livres-en-vente\/sous-les-voutes-sacrees-les-lieux-de-cultes-musulmans-de-la-tunisie-medievale\/","og_locale":"fr_FR","og_type":"article","og_title":"Sous les vo\u00fbtes sacr\u00e9es : Les lieux de cultes musulmans de la Tunisie m\u00e9di\u00e9vale - Beit al-Hikma","og_description":"Titre : Sous les vo\u00fbtes sacr\u00e9es : Les lieux de cultes musulmans de la Tunisie m\u00e9di\u00e9vale  Ouvrage Collectif sous la direction de: Faouzi Mahfoudh  Langue : Fran\u00e7aise  Date de publication : 2025  Format\u00a0: 24 x 16  Nombre de pages :251  Th\u00e8me: Histoire  ISBN : 978-9973-49-268-5  Poids :500 gr  Situation:disponible","og_url":"https:\/\/www.beitalhikma.tn\/fr\/publication\/acces-boutique\/livres-en-vente\/sous-les-voutes-sacrees-les-lieux-de-cultes-musulmans-de-la-tunisie-medievale\/","og_site_name":"Beit al-Hikma","article_publisher":"https:\/\/www.facebook.com\/BeitalhikmaTunisie\/","article_modified_time":"2025-07-04T10:25:59+00:00","og_image":[{"width":1704,"height":2560,"url":"https:\/\/www.beitalhikma.tn\/wp-content\/uploads\/2025\/07\/COUV2-sous-les-voutes-sacrees-scaled.jpg","type":"image\/jpeg"}],"twitter_card":"summary_large_image","twitter_site":"@Beit_alhikma_TN","twitter_misc":{"Dur\u00e9e de lecture estim\u00e9e":"1 minute"},"schema":{"@context":"https:\/\/schema.org","@graph":[{"@type":"WebPage","@id":"https:\/\/www.beitalhikma.tn\/fr\/publication\/acces-boutique\/livres-en-vente\/sous-les-voutes-sacrees-les-lieux-de-cultes-musulmans-de-la-tunisie-medievale\/","url":"https:\/\/www.beitalhikma.tn\/fr\/publication\/acces-boutique\/livres-en-vente\/sous-les-voutes-sacrees-les-lieux-de-cultes-musulmans-de-la-tunisie-medievale\/","name":"Sous les vo\u00fbtes sacr\u00e9es : Les lieux de cultes musulmans de la Tunisie m\u00e9di\u00e9vale - Beit al-Hikma","isPartOf":{"@id":"https:\/\/www.beitalhikma.tn\/#website"},"primaryImageOfPage":{"@id":"https:\/\/www.beitalhikma.tn\/fr\/publication\/acces-boutique\/livres-en-vente\/sous-les-voutes-sacrees-les-lieux-de-cultes-musulmans-de-la-tunisie-medievale\/#primaryimage"},"image":{"@id":"https:\/\/www.beitalhikma.tn\/fr\/publication\/acces-boutique\/livres-en-vente\/sous-les-voutes-sacrees-les-lieux-de-cultes-musulmans-de-la-tunisie-medievale\/#primaryimage"},"thumbnailUrl":"https:\/\/www.beitalhikma.tn\/wp-content\/uploads\/2025\/07\/COUV2-sous-les-voutes-sacrees-scaled.jpg","datePublished":"2025-07-01T12:32:13+00:00","dateModified":"2025-07-04T10:25:59+00:00","breadcrumb":{"@id":"https:\/\/www.beitalhikma.tn\/fr\/publication\/acces-boutique\/livres-en-vente\/sous-les-voutes-sacrees-les-lieux-de-cultes-musulmans-de-la-tunisie-medievale\/#breadcrumb"},"inLanguage":"fr-FR","potentialAction":[{"@type":"ReadAction","target":["https:\/\/www.beitalhikma.tn\/fr\/publication\/acces-boutique\/livres-en-vente\/sous-les-voutes-sacrees-les-lieux-de-cultes-musulmans-de-la-tunisie-medievale\/"]}]},{"@type":"ImageObject","inLanguage":"fr-FR","@id":"https:\/\/www.beitalhikma.tn\/fr\/publication\/acces-boutique\/livres-en-vente\/sous-les-voutes-sacrees-les-lieux-de-cultes-musulmans-de-la-tunisie-medievale\/#primaryimage","url":"https:\/\/www.beitalhikma.tn\/wp-content\/uploads\/2025\/07\/COUV2-sous-les-voutes-sacrees-scaled.jpg","contentUrl":"https:\/\/www.beitalhikma.tn\/wp-content\/uploads\/2025\/07\/COUV2-sous-les-voutes-sacrees-scaled.jpg","width":1704,"height":2560},{"@type":"BreadcrumbList","@id":"https:\/\/www.beitalhikma.tn\/fr\/publication\/acces-boutique\/livres-en-vente\/sous-les-voutes-sacrees-les-lieux-de-cultes-musulmans-de-la-tunisie-medievale\/#breadcrumb","itemListElement":[{"@type":"ListItem","position":1,"name":"Accueil","item":"https:\/\/www.beitalhikma.tn\/fr\/"},{"@type":"ListItem","position":2,"name":"Boutique","item":"https:\/\/www.beitalhikma.tn\/fr\/boutique\/"},{"@type":"ListItem","position":3,"name":"Sous les vo\u00fbtes sacr\u00e9es : Les lieux de cultes musulmans de la Tunisie m\u00e9di\u00e9vale"}]},{"@type":"WebSite","@id":"https:\/\/www.beitalhikma.tn\/#website","url":"https:\/\/www.beitalhikma.tn\/","name":"Beit al-Hikma","description":"L&#039;Acad\u00e9mie Tunisienne des Sciences, des Lettres  et des Arts","publisher":{"@id":"https:\/\/www.beitalhikma.tn\/#organization"},"potentialAction":[{"@type":"SearchAction","target":{"@type":"EntryPoint","urlTemplate":"https:\/\/www.beitalhikma.tn\/?s={search_term_string}"},"query-input":{"@type":"PropertyValueSpecification","valueRequired":true,"valueName":"search_term_string"}}],"inLanguage":"fr-FR"},{"@type":"Organization","@id":"https:\/\/www.beitalhikma.tn\/#organization","name":"Beit Al Hikma","url":"https:\/\/www.beitalhikma.tn\/","logo":{"@type":"ImageObject","inLanguage":"fr-FR","@id":"https:\/\/www.beitalhikma.tn\/#\/schema\/logo\/image\/","url":"https:\/\/www.beitalhikma.tn\/wp-content\/uploads\/2014\/11\/logo.png","contentUrl":"https:\/\/www.beitalhikma.tn\/wp-content\/uploads\/2014\/11\/logo.png","width":288,"height":109,"caption":"Beit Al Hikma"},"image":{"@id":"https:\/\/www.beitalhikma.tn\/#\/schema\/logo\/image\/"},"sameAs":["https:\/\/www.facebook.com\/BeitalhikmaTunisie\/","https:\/\/x.com\/Beit_alhikma_TN","https:\/\/www.youtube.com\/channel\/UCl8EfDXqt5MFfcEY0UYhevg"]}]}},"uagb_featured_image_src":{"full":["https:\/\/www.beitalhikma.tn\/wp-content\/uploads\/2025\/07\/COUV2-sous-les-voutes-sacrees-scaled.jpg",1704,2560,false],"thumbnail":["https:\/\/www.beitalhikma.tn\/wp-content\/uploads\/2025\/07\/COUV2-sous-les-voutes-sacrees-250x300.jpg",250,300,true],"medium":["https:\/\/www.beitalhikma.tn\/wp-content\/uploads\/2025\/07\/COUV2-sous-les-voutes-sacrees-200x300.jpg",200,300,true],"medium_large":["https:\/\/www.beitalhikma.tn\/wp-content\/uploads\/2025\/07\/COUV2-sous-les-voutes-sacrees-768x1154.jpg",768,1154,true],"large":["https:\/\/www.beitalhikma.tn\/wp-content\/uploads\/2025\/07\/COUV2-sous-les-voutes-sacrees-681x1024.jpg",681,1024,true],"thumblist":["https:\/\/www.beitalhikma.tn\/wp-content\/uploads\/2025\/07\/COUV2-sous-les-voutes-sacrees-300x300.jpg",300,300,true],"meccarouselthumb":["https:\/\/www.beitalhikma.tn\/wp-content\/uploads\/2025\/07\/COUV2-sous-les-voutes-sacrees-474x324.jpg",474,324,true],"gridsquare":["https:\/\/www.beitalhikma.tn\/wp-content\/uploads\/2025\/07\/COUV2-sous-les-voutes-sacrees-391x260.jpg",391,260,true],"tileview":["https:\/\/www.beitalhikma.tn\/wp-content\/uploads\/2025\/07\/COUV2-sous-les-voutes-sacrees-300x400.jpg",300,400,true],"1536x1536":["https:\/\/www.beitalhikma.tn\/wp-content\/uploads\/2025\/07\/COUV2-sous-les-voutes-sacrees-1022x1536.jpg",1022,1536,true],"2048x2048":["https:\/\/www.beitalhikma.tn\/wp-content\/uploads\/2025\/07\/COUV2-sous-les-voutes-sacrees-1363x2048.jpg",1363,2048,true],"post-thumbnail":["https:\/\/www.beitalhikma.tn\/wp-content\/uploads\/2025\/07\/COUV2-sous-les-voutes-sacrees-97x146.jpg",97,146,true],"50x50":["https:\/\/www.beitalhikma.tn\/wp-content\/uploads\/2025\/07\/COUV2-sous-les-voutes-sacrees-33x50.jpg",33,50,true],"portfolio-list":["https:\/\/www.beitalhikma.tn\/wp-content\/uploads\/2025\/07\/COUV2-sous-les-voutes-sacrees-600x400.jpg",600,400,true],"portfolio-fs":["https:\/\/www.beitalhikma.tn\/wp-content\/uploads\/2025\/07\/COUV2-sous-les-voutes-sacrees-815x543.jpg",815,543,true],"portfolio-slider":["https:\/\/www.beitalhikma.tn\/wp-content\/uploads\/2025\/07\/COUV2-sous-les-voutes-sacrees-380x380.jpg",380,380,true],"blog":["https:\/\/www.beitalhikma.tn\/wp-content\/uploads\/2025\/07\/COUV2-sous-les-voutes-sacrees-564x341.jpg",564,341,true],"blog-single":["https:\/\/www.beitalhikma.tn\/wp-content\/uploads\/2025\/07\/COUV2-sous-les-voutes-sacrees-1176x445.jpg",1176,445,true],"blog-item":["https:\/\/www.beitalhikma.tn\/wp-content\/uploads\/2025\/07\/COUV2-sous-les-voutes-sacrees-504x224.jpg",504,224,true],"blog-widget":["https:\/\/www.beitalhikma.tn\/wp-content\/uploads\/2025\/07\/COUV2-sous-les-voutes-sacrees-80x60.jpg",80,60,true],"features":["https:\/\/www.beitalhikma.tn\/wp-content\/uploads\/2025\/07\/COUV2-sous-les-voutes-sacrees-90x90.jpg",90,90,true],"clients-slider":["https:\/\/www.beitalhikma.tn\/wp-content\/uploads\/2025\/07\/COUV2-sous-les-voutes-sacrees-53x80.jpg",53,80,true],"offer-slider":["https:\/\/www.beitalhikma.tn\/wp-content\/uploads\/2025\/07\/COUV2-sous-les-voutes-sacrees-776x438.jpg",776,438,true],"offer-slider-pg":["https:\/\/www.beitalhikma.tn\/wp-content\/uploads\/2025\/07\/COUV2-sous-les-voutes-sacrees-42x42.jpg",42,42,true],"woocommerce_thumbnail":["https:\/\/www.beitalhikma.tn\/wp-content\/uploads\/2025\/07\/COUV2-sous-les-voutes-sacrees-250x300.jpg",250,300,true],"woocommerce_single":["https:\/\/www.beitalhikma.tn\/wp-content\/uploads\/2025\/07\/COUV2-sous-les-voutes-sacrees-250x376.jpg",250,376,true],"woocommerce_gallery_thumbnail":["https:\/\/www.beitalhikma.tn\/wp-content\/uploads\/2025\/07\/COUV2-sous-les-voutes-sacrees-100x100.jpg",100,100,true]},"uagb_author_info":{"display_name":"admin","author_link":"https:\/\/www.beitalhikma.tn\/fr\/author\/"},"uagb_comment_info":0,"uagb_excerpt":"Titre : Sous les vo\u00fbtes sacr\u00e9es : Les lieux de cultes musulmans de la Tunisie m\u00e9di\u00e9vale Ouvrage Collectif sous la direction de: Faouzi Mahfoudh Langue : Fran\u00e7aise Date de publication : 2025 Format\u00a0: 24 x 16 Nombre de pages :251 Th\u00e8me: Histoire ISBN : 978-9973-49-268-5 Poids :500 gr Situation:disponible","_links":{"self":[{"href":"https:\/\/www.beitalhikma.tn\/fr\/wp-json\/wp\/v2\/product\/123630","targetHints":{"allow":["GET"]}}],"collection":[{"href":"https:\/\/www.beitalhikma.tn\/fr\/wp-json\/wp\/v2\/product"}],"about":[{"href":"https:\/\/www.beitalhikma.tn\/fr\/wp-json\/wp\/v2\/types\/product"}],"wp:featuredmedia":[{"embeddable":true,"href":"https:\/\/www.beitalhikma.tn\/fr\/wp-json\/wp\/v2\/media\/123627"}],"wp:attachment":[{"href":"https:\/\/www.beitalhikma.tn\/fr\/wp-json\/wp\/v2\/media?parent=123630"}],"wp:term":[{"taxonomy":"product_brand","embeddable":true,"href":"https:\/\/www.beitalhikma.tn\/fr\/wp-json\/wp\/v2\/product_brand?post=123630"},{"taxonomy":"product_cat","embeddable":true,"href":"https:\/\/www.beitalhikma.tn\/fr\/wp-json\/wp\/v2\/product_cat?post=123630"},{"taxonomy":"product_tag","embeddable":true,"href":"https:\/\/www.beitalhikma.tn\/fr\/wp-json\/wp\/v2\/product_tag?post=123630"}],"curies":[{"name":"wp","href":"https:\/\/api.w.org\/{rel}","templated":true}]}}