{"id":123714,"date":"2025-07-04T13:55:23","date_gmt":"2025-07-04T12:55:23","guid":{"rendered":"https:\/\/www.beitalhikma.tn\/?post_type=product&#038;p=123714"},"modified":"2025-07-04T13:56:17","modified_gmt":"2025-07-04T12:56:17","slug":"recueil-de-poemes-de-mohamed-boucharbia","status":"publish","type":"product","link":"https:\/\/www.beitalhikma.tn\/fr\/publication\/acces-boutique\/livres-en-vente\/recueil-de-poemes-de-mohamed-boucharbia\/","title":{"rendered":"Recueil de po\u00e8mes de Mohamed Boucharbia"},"content":{"rendered":"<p>Les po\u00e8tes kairouannais contemporains sont \u00e0 l\u2019honneur \u00e0 l\u2019occasion de la\u00a0c\u00e9l\u00e9bration de Kairouan capitale culturelle islamique. A c\u00f4t\u00e9 des oeuvres po\u00e9tiques\u00a0de Ch\u00e9dli Atallah, Mohamed Al-Fa\u00efez et Mohamed Halioui, voici une anthologie\u00a0des po\u00e8mes de Mohamed Boucharbia (1903-1952).\u00a0Ceux qui ont connu de pr\u00e8s ce po\u00e8te ont parl\u00e9 de sa vive sensibilit\u00e9 et de son\u00a0indomptable fiert\u00e9. Eternel insatisfait, il se plaignait am\u00e8rement de sa m\u00e9diocre\u00a0condition sociale et de ses multiples d\u00e9boires. En parcourant ses po\u00e8mes, on retrouve\u00a0la m\u00eame insatisfaction qui se manifeste par les critiques acerbes qu\u2019il adresse aux\u00a0autorit\u00e9s locales (accus\u00e9es d\u2019avoir fait le malheur de sa ville natale), \u00e0 son entourage<br \/>\net m\u00eame \u00e0 ses parents.\u00a0Apr\u00e8s une jeunesse laborieuse pass\u00e9e dans des conditions difficiles, il partagea \u00e0\u00a0la Mosqu\u00e9e Zitouna la vie des \u00e9tudiants, une vie de privations et de frustrations, \u00e0\u00a0l\u2019\u00e9poque o\u00f9 s\u00e9vissait le colonialisme dans toute sa rigueur. Les r\u00e9voltes estudiantines\u00a0battaient alors leur plein. Partout des voix s\u2019\u00e9levaient pour r\u00e9clamer une profonde\u00a0r\u00e9forme des programmes d\u2019enseignement, jug\u00e9s r\u00e9trogrades et anachroniques.<br \/>\nBoucharbia fut l\u2019un des orateurs les plus \u00e9loquents et les plus virulents, lors de ces\u00a0r\u00e9voltes. Ses po\u00e8mes en portent tr\u00e8s souvent la marque. Selon un fin connaisseur<br \/>\ndes milieux zitouniens, Cheikh Fadhel Ben Achour, Boucharbia \u00e9tait tr\u00e8s proche\u00a0des \u00e9tudiants les plus contestataires. Devenu plus tard professeur \u00e0 la Zitouna, il usa\u00a0toujours de son franc &#8211; parler, sans rien perdre de son intransigeance.<br \/>\nI.S.B.N : 978-9973-49-081-0<\/p>\n","protected":false},"excerpt":{"rendered":"<ul>\n<li><strong>Titre de l&#8217;ouvrage :<\/strong>Recueil de po\u00e8mes de Mohamed Boucharbia<\/li>\n<li><strong>Etabli par :<\/strong> Habib Ben Fdhila<\/li>\n<li><strong>R\u00e9vis\u00e9 par :<\/strong> Mohamed Ya\u00e2laoui<br \/>\n<strong>Th\u00e8me :<\/strong> Litt\u00e9rature<br \/>\n<strong>Dimensions :<\/strong> 16&#215;24<br \/>\n<strong>Nombre de pages :<\/strong> 336<br \/>\n<strong>Langue :<\/strong> arabe<br \/>\n<strong>Date de parution :<\/strong> 2010<br \/>\n<strong>Prix de vente :<\/strong> 17 D.T.<br \/>\n<strong>Prix \u00e0 l\u2019\u00e9tranger :<\/strong> 20 \u20ac<\/li>\n<\/ul>\n","protected":false},"featured_media":123715,"template":"","meta":{"_uag_custom_page_level_css":""},"product_brand":[],"product_cat":[11],"product_tag":[],"class_list":{"0":"post-123714","1":"product","2":"type-product","3":"status-publish","4":"has-post-thumbnail","6":"product_cat-livres-en-vente","8":"first","9":"instock","10":"sale","11":"shipping-taxable","12":"purchasable","13":"product-type-simple"},"yoast_head":"<!-- This site is optimized with the Yoast SEO plugin v27.3 - https:\/\/yoast.com\/product\/yoast-seo-wordpress\/ -->\n<title>Recueil de po\u00e8mes de Mohamed Boucharbia - Beit al-Hikma<\/title>\n<meta name=\"robots\" content=\"index, follow, max-snippet:-1, max-image-preview:large, max-video-preview:-1\" \/>\n<link rel=\"canonical\" href=\"https:\/\/www.beitalhikma.tn\/fr\/publication\/acces-boutique\/livres-en-vente\/recueil-de-poemes-de-mohamed-boucharbia\/\" \/>\n<meta property=\"og:locale\" content=\"fr_FR\" \/>\n<meta property=\"og:type\" content=\"article\" \/>\n<meta property=\"og:title\" content=\"Recueil de po\u00e8mes de Mohamed Boucharbia - Beit al-Hikma\" \/>\n<meta property=\"og:description\" content=\"Titre de l&#039;ouvrage :Recueil de po\u00e8mes de Mohamed Boucharbia  Etabli par : Habib Ben Fdhila  R\u00e9vis\u00e9 par : Mohamed Ya\u00e2laoui Th\u00e8me : Litt\u00e9rature Dimensions : 16x24 Nombre de pages : 336 Langue : arabe Date de parution : 2010 Prix de vente : 17 D.T. Prix \u00e0 l\u2019\u00e9tranger : 20 \u20ac\" \/>\n<meta property=\"og:url\" content=\"https:\/\/www.beitalhikma.tn\/fr\/publication\/acces-boutique\/livres-en-vente\/recueil-de-poemes-de-mohamed-boucharbia\/\" \/>\n<meta property=\"og:site_name\" content=\"Beit al-Hikma\" \/>\n<meta property=\"article:publisher\" content=\"https:\/\/www.facebook.com\/BeitalhikmaTunisie\/\" \/>\n<meta property=\"article:modified_time\" content=\"2025-07-04T12:56:17+00:00\" \/>\n<meta property=\"og:image\" content=\"https:\/\/www.beitalhikma.tn\/wp-content\/uploads\/2025\/07\/80.jpg\" \/>\n\t<meta property=\"og:image:width\" content=\"250\" \/>\n\t<meta property=\"og:image:height\" content=\"300\" \/>\n\t<meta property=\"og:image:type\" content=\"image\/jpeg\" \/>\n<meta name=\"twitter:card\" content=\"summary_large_image\" \/>\n<meta name=\"twitter:site\" content=\"@Beit_alhikma_TN\" \/>\n<meta name=\"twitter:label1\" content=\"Dur\u00e9e de lecture estim\u00e9e\" \/>\n\t<meta name=\"twitter:data1\" content=\"2 minutes\" \/>\n<script type=\"application\/ld+json\" class=\"yoast-schema-graph\">{\"@context\":\"https:\\\/\\\/schema.org\",\"@graph\":[{\"@type\":\"WebPage\",\"@id\":\"https:\\\/\\\/www.beitalhikma.tn\\\/fr\\\/publication\\\/acces-boutique\\\/livres-en-vente\\\/recueil-de-poemes-de-mohamed-boucharbia\\\/\",\"url\":\"https:\\\/\\\/www.beitalhikma.tn\\\/fr\\\/publication\\\/acces-boutique\\\/livres-en-vente\\\/recueil-de-poemes-de-mohamed-boucharbia\\\/\",\"name\":\"Recueil de po\u00e8mes de Mohamed Boucharbia - Beit al-Hikma\",\"isPartOf\":{\"@id\":\"https:\\\/\\\/www.beitalhikma.tn\\\/#website\"},\"primaryImageOfPage\":{\"@id\":\"https:\\\/\\\/www.beitalhikma.tn\\\/fr\\\/publication\\\/acces-boutique\\\/livres-en-vente\\\/recueil-de-poemes-de-mohamed-boucharbia\\\/#primaryimage\"},\"image\":{\"@id\":\"https:\\\/\\\/www.beitalhikma.tn\\\/fr\\\/publication\\\/acces-boutique\\\/livres-en-vente\\\/recueil-de-poemes-de-mohamed-boucharbia\\\/#primaryimage\"},\"thumbnailUrl\":\"https:\\\/\\\/www.beitalhikma.tn\\\/wp-content\\\/uploads\\\/2025\\\/07\\\/80.jpg\",\"datePublished\":\"2025-07-04T12:55:23+00:00\",\"dateModified\":\"2025-07-04T12:56:17+00:00\",\"breadcrumb\":{\"@id\":\"https:\\\/\\\/www.beitalhikma.tn\\\/fr\\\/publication\\\/acces-boutique\\\/livres-en-vente\\\/recueil-de-poemes-de-mohamed-boucharbia\\\/#breadcrumb\"},\"inLanguage\":\"fr-FR\",\"potentialAction\":[{\"@type\":\"ReadAction\",\"target\":[\"https:\\\/\\\/www.beitalhikma.tn\\\/fr\\\/publication\\\/acces-boutique\\\/livres-en-vente\\\/recueil-de-poemes-de-mohamed-boucharbia\\\/\"]}]},{\"@type\":\"ImageObject\",\"inLanguage\":\"fr-FR\",\"@id\":\"https:\\\/\\\/www.beitalhikma.tn\\\/fr\\\/publication\\\/acces-boutique\\\/livres-en-vente\\\/recueil-de-poemes-de-mohamed-boucharbia\\\/#primaryimage\",\"url\":\"https:\\\/\\\/www.beitalhikma.tn\\\/wp-content\\\/uploads\\\/2025\\\/07\\\/80.jpg\",\"contentUrl\":\"https:\\\/\\\/www.beitalhikma.tn\\\/wp-content\\\/uploads\\\/2025\\\/07\\\/80.jpg\",\"width\":250,\"height\":300},{\"@type\":\"BreadcrumbList\",\"@id\":\"https:\\\/\\\/www.beitalhikma.tn\\\/fr\\\/publication\\\/acces-boutique\\\/livres-en-vente\\\/recueil-de-poemes-de-mohamed-boucharbia\\\/#breadcrumb\",\"itemListElement\":[{\"@type\":\"ListItem\",\"position\":1,\"name\":\"Accueil\",\"item\":\"https:\\\/\\\/www.beitalhikma.tn\\\/fr\\\/\"},{\"@type\":\"ListItem\",\"position\":2,\"name\":\"Boutique\",\"item\":\"https:\\\/\\\/www.beitalhikma.tn\\\/fr\\\/boutique\\\/\"},{\"@type\":\"ListItem\",\"position\":3,\"name\":\"Recueil de po\u00e8mes de Mohamed Boucharbia\"}]},{\"@type\":\"WebSite\",\"@id\":\"https:\\\/\\\/www.beitalhikma.tn\\\/#website\",\"url\":\"https:\\\/\\\/www.beitalhikma.tn\\\/\",\"name\":\"Beit al-Hikma\",\"description\":\"L&#039;Acad\u00e9mie Tunisienne des Sciences, des Lettres  et des Arts\",\"publisher\":{\"@id\":\"https:\\\/\\\/www.beitalhikma.tn\\\/#organization\"},\"potentialAction\":[{\"@type\":\"SearchAction\",\"target\":{\"@type\":\"EntryPoint\",\"urlTemplate\":\"https:\\\/\\\/www.beitalhikma.tn\\\/?s={search_term_string}\"},\"query-input\":{\"@type\":\"PropertyValueSpecification\",\"valueRequired\":true,\"valueName\":\"search_term_string\"}}],\"inLanguage\":\"fr-FR\"},{\"@type\":\"Organization\",\"@id\":\"https:\\\/\\\/www.beitalhikma.tn\\\/#organization\",\"name\":\"Beit Al Hikma\",\"url\":\"https:\\\/\\\/www.beitalhikma.tn\\\/\",\"logo\":{\"@type\":\"ImageObject\",\"inLanguage\":\"fr-FR\",\"@id\":\"https:\\\/\\\/www.beitalhikma.tn\\\/#\\\/schema\\\/logo\\\/image\\\/\",\"url\":\"https:\\\/\\\/www.beitalhikma.tn\\\/wp-content\\\/uploads\\\/2014\\\/11\\\/logo.png\",\"contentUrl\":\"https:\\\/\\\/www.beitalhikma.tn\\\/wp-content\\\/uploads\\\/2014\\\/11\\\/logo.png\",\"width\":288,\"height\":109,\"caption\":\"Beit Al Hikma\"},\"image\":{\"@id\":\"https:\\\/\\\/www.beitalhikma.tn\\\/#\\\/schema\\\/logo\\\/image\\\/\"},\"sameAs\":[\"https:\\\/\\\/www.facebook.com\\\/BeitalhikmaTunisie\\\/\",\"https:\\\/\\\/x.com\\\/Beit_alhikma_TN\",\"https:\\\/\\\/www.youtube.com\\\/channel\\\/UCl8EfDXqt5MFfcEY0UYhevg\"]}]}<\/script>\n<!-- \/ Yoast SEO plugin. -->","yoast_head_json":{"title":"Recueil de po\u00e8mes de Mohamed Boucharbia - Beit al-Hikma","robots":{"index":"index","follow":"follow","max-snippet":"max-snippet:-1","max-image-preview":"max-image-preview:large","max-video-preview":"max-video-preview:-1"},"canonical":"https:\/\/www.beitalhikma.tn\/fr\/publication\/acces-boutique\/livres-en-vente\/recueil-de-poemes-de-mohamed-boucharbia\/","og_locale":"fr_FR","og_type":"article","og_title":"Recueil de po\u00e8mes de Mohamed Boucharbia - Beit al-Hikma","og_description":"Titre de l'ouvrage :Recueil de po\u00e8mes de Mohamed Boucharbia  Etabli par : Habib Ben Fdhila  R\u00e9vis\u00e9 par : Mohamed Ya\u00e2laoui Th\u00e8me : Litt\u00e9rature Dimensions : 16x24 Nombre de pages : 336 Langue : arabe Date de parution : 2010 Prix de vente : 17 D.T. Prix \u00e0 l\u2019\u00e9tranger : 20 \u20ac","og_url":"https:\/\/www.beitalhikma.tn\/fr\/publication\/acces-boutique\/livres-en-vente\/recueil-de-poemes-de-mohamed-boucharbia\/","og_site_name":"Beit al-Hikma","article_publisher":"https:\/\/www.facebook.com\/BeitalhikmaTunisie\/","article_modified_time":"2025-07-04T12:56:17+00:00","og_image":[{"width":250,"height":300,"url":"https:\/\/www.beitalhikma.tn\/wp-content\/uploads\/2025\/07\/80.jpg","type":"image\/jpeg"}],"twitter_card":"summary_large_image","twitter_site":"@Beit_alhikma_TN","twitter_misc":{"Dur\u00e9e de lecture estim\u00e9e":"2 minutes"},"schema":{"@context":"https:\/\/schema.org","@graph":[{"@type":"WebPage","@id":"https:\/\/www.beitalhikma.tn\/fr\/publication\/acces-boutique\/livres-en-vente\/recueil-de-poemes-de-mohamed-boucharbia\/","url":"https:\/\/www.beitalhikma.tn\/fr\/publication\/acces-boutique\/livres-en-vente\/recueil-de-poemes-de-mohamed-boucharbia\/","name":"Recueil de po\u00e8mes de Mohamed Boucharbia - Beit al-Hikma","isPartOf":{"@id":"https:\/\/www.beitalhikma.tn\/#website"},"primaryImageOfPage":{"@id":"https:\/\/www.beitalhikma.tn\/fr\/publication\/acces-boutique\/livres-en-vente\/recueil-de-poemes-de-mohamed-boucharbia\/#primaryimage"},"image":{"@id":"https:\/\/www.beitalhikma.tn\/fr\/publication\/acces-boutique\/livres-en-vente\/recueil-de-poemes-de-mohamed-boucharbia\/#primaryimage"},"thumbnailUrl":"https:\/\/www.beitalhikma.tn\/wp-content\/uploads\/2025\/07\/80.jpg","datePublished":"2025-07-04T12:55:23+00:00","dateModified":"2025-07-04T12:56:17+00:00","breadcrumb":{"@id":"https:\/\/www.beitalhikma.tn\/fr\/publication\/acces-boutique\/livres-en-vente\/recueil-de-poemes-de-mohamed-boucharbia\/#breadcrumb"},"inLanguage":"fr-FR","potentialAction":[{"@type":"ReadAction","target":["https:\/\/www.beitalhikma.tn\/fr\/publication\/acces-boutique\/livres-en-vente\/recueil-de-poemes-de-mohamed-boucharbia\/"]}]},{"@type":"ImageObject","inLanguage":"fr-FR","@id":"https:\/\/www.beitalhikma.tn\/fr\/publication\/acces-boutique\/livres-en-vente\/recueil-de-poemes-de-mohamed-boucharbia\/#primaryimage","url":"https:\/\/www.beitalhikma.tn\/wp-content\/uploads\/2025\/07\/80.jpg","contentUrl":"https:\/\/www.beitalhikma.tn\/wp-content\/uploads\/2025\/07\/80.jpg","width":250,"height":300},{"@type":"BreadcrumbList","@id":"https:\/\/www.beitalhikma.tn\/fr\/publication\/acces-boutique\/livres-en-vente\/recueil-de-poemes-de-mohamed-boucharbia\/#breadcrumb","itemListElement":[{"@type":"ListItem","position":1,"name":"Accueil","item":"https:\/\/www.beitalhikma.tn\/fr\/"},{"@type":"ListItem","position":2,"name":"Boutique","item":"https:\/\/www.beitalhikma.tn\/fr\/boutique\/"},{"@type":"ListItem","position":3,"name":"Recueil de po\u00e8mes de Mohamed Boucharbia"}]},{"@type":"WebSite","@id":"https:\/\/www.beitalhikma.tn\/#website","url":"https:\/\/www.beitalhikma.tn\/","name":"Beit al-Hikma","description":"L&#039;Acad\u00e9mie Tunisienne des Sciences, des Lettres  et des Arts","publisher":{"@id":"https:\/\/www.beitalhikma.tn\/#organization"},"potentialAction":[{"@type":"SearchAction","target":{"@type":"EntryPoint","urlTemplate":"https:\/\/www.beitalhikma.tn\/?s={search_term_string}"},"query-input":{"@type":"PropertyValueSpecification","valueRequired":true,"valueName":"search_term_string"}}],"inLanguage":"fr-FR"},{"@type":"Organization","@id":"https:\/\/www.beitalhikma.tn\/#organization","name":"Beit Al Hikma","url":"https:\/\/www.beitalhikma.tn\/","logo":{"@type":"ImageObject","inLanguage":"fr-FR","@id":"https:\/\/www.beitalhikma.tn\/#\/schema\/logo\/image\/","url":"https:\/\/www.beitalhikma.tn\/wp-content\/uploads\/2014\/11\/logo.png","contentUrl":"https:\/\/www.beitalhikma.tn\/wp-content\/uploads\/2014\/11\/logo.png","width":288,"height":109,"caption":"Beit Al Hikma"},"image":{"@id":"https:\/\/www.beitalhikma.tn\/#\/schema\/logo\/image\/"},"sameAs":["https:\/\/www.facebook.com\/BeitalhikmaTunisie\/","https:\/\/x.com\/Beit_alhikma_TN","https:\/\/www.youtube.com\/channel\/UCl8EfDXqt5MFfcEY0UYhevg"]}]}},"uagb_featured_image_src":{"full":["https:\/\/www.beitalhikma.tn\/wp-content\/uploads\/2025\/07\/80.jpg",250,300,false],"thumbnail":["https:\/\/www.beitalhikma.tn\/wp-content\/uploads\/2025\/07\/80.jpg",250,300,false],"medium":["https:\/\/www.beitalhikma.tn\/wp-content\/uploads\/2025\/07\/80.jpg",250,300,false],"medium_large":["https:\/\/www.beitalhikma.tn\/wp-content\/uploads\/2025\/07\/80.jpg",250,300,false],"large":["https:\/\/www.beitalhikma.tn\/wp-content\/uploads\/2025\/07\/80.jpg",250,300,false],"thumblist":["https:\/\/www.beitalhikma.tn\/wp-content\/uploads\/2025\/07\/80.jpg",250,300,false],"meccarouselthumb":["https:\/\/www.beitalhikma.tn\/wp-content\/uploads\/2025\/07\/80.jpg",250,300,false],"gridsquare":["https:\/\/www.beitalhikma.tn\/wp-content\/uploads\/2025\/07\/80-250x260.jpg",250,260,true],"tileview":["https:\/\/www.beitalhikma.tn\/wp-content\/uploads\/2025\/07\/80.jpg",250,300,false],"1536x1536":["https:\/\/www.beitalhikma.tn\/wp-content\/uploads\/2025\/07\/80.jpg",250,300,false],"2048x2048":["https:\/\/www.beitalhikma.tn\/wp-content\/uploads\/2025\/07\/80.jpg",250,300,false],"post-thumbnail":["https:\/\/www.beitalhikma.tn\/wp-content\/uploads\/2025\/07\/80-122x146.jpg",122,146,true],"50x50":["https:\/\/www.beitalhikma.tn\/wp-content\/uploads\/2025\/07\/80-42x50.jpg",42,50,true],"portfolio-list":["https:\/\/www.beitalhikma.tn\/wp-content\/uploads\/2025\/07\/80.jpg",250,300,false],"portfolio-fs":["https:\/\/www.beitalhikma.tn\/wp-content\/uploads\/2025\/07\/80.jpg",250,300,false],"portfolio-slider":["https:\/\/www.beitalhikma.tn\/wp-content\/uploads\/2025\/07\/80.jpg",250,300,false],"blog":["https:\/\/www.beitalhikma.tn\/wp-content\/uploads\/2025\/07\/80.jpg",250,300,false],"blog-single":["https:\/\/www.beitalhikma.tn\/wp-content\/uploads\/2025\/07\/80.jpg",250,300,false],"blog-item":["https:\/\/www.beitalhikma.tn\/wp-content\/uploads\/2025\/07\/80-250x224.jpg",250,224,true],"blog-widget":["https:\/\/www.beitalhikma.tn\/wp-content\/uploads\/2025\/07\/80-80x60.jpg",80,60,true],"features":["https:\/\/www.beitalhikma.tn\/wp-content\/uploads\/2025\/07\/80-90x90.jpg",90,90,true],"clients-slider":["https:\/\/www.beitalhikma.tn\/wp-content\/uploads\/2025\/07\/80-67x80.jpg",67,80,true],"offer-slider":["https:\/\/www.beitalhikma.tn\/wp-content\/uploads\/2025\/07\/80.jpg",250,300,false],"offer-slider-pg":["https:\/\/www.beitalhikma.tn\/wp-content\/uploads\/2025\/07\/80-42x42.jpg",42,42,true],"woocommerce_thumbnail":["https:\/\/www.beitalhikma.tn\/wp-content\/uploads\/2025\/07\/80.jpg",250,300,false],"woocommerce_single":["https:\/\/www.beitalhikma.tn\/wp-content\/uploads\/2025\/07\/80.jpg",250,300,false],"woocommerce_gallery_thumbnail":["https:\/\/www.beitalhikma.tn\/wp-content\/uploads\/2025\/07\/80-100x100.jpg",100,100,true]},"uagb_author_info":{"display_name":"admin","author_link":"https:\/\/www.beitalhikma.tn\/fr\/author\/"},"uagb_comment_info":0,"uagb_excerpt":"Titre de l'ouvrage :Recueil de po\u00e8mes de Mohamed Boucharbia Etabli par : Habib Ben Fdhila R\u00e9vis\u00e9 par : Mohamed Ya\u00e2laoui Th\u00e8me : Litt\u00e9rature Dimensions : 16x24 Nombre de pages : 336 Langue : arabe Date de parution : 2010 Prix de vente : 17 D.T. Prix \u00e0 l\u2019\u00e9tranger : 20 \u20ac","_links":{"self":[{"href":"https:\/\/www.beitalhikma.tn\/fr\/wp-json\/wp\/v2\/product\/123714","targetHints":{"allow":["GET"]}}],"collection":[{"href":"https:\/\/www.beitalhikma.tn\/fr\/wp-json\/wp\/v2\/product"}],"about":[{"href":"https:\/\/www.beitalhikma.tn\/fr\/wp-json\/wp\/v2\/types\/product"}],"wp:featuredmedia":[{"embeddable":true,"href":"https:\/\/www.beitalhikma.tn\/fr\/wp-json\/wp\/v2\/media\/123715"}],"wp:attachment":[{"href":"https:\/\/www.beitalhikma.tn\/fr\/wp-json\/wp\/v2\/media?parent=123714"}],"wp:term":[{"taxonomy":"product_brand","embeddable":true,"href":"https:\/\/www.beitalhikma.tn\/fr\/wp-json\/wp\/v2\/product_brand?post=123714"},{"taxonomy":"product_cat","embeddable":true,"href":"https:\/\/www.beitalhikma.tn\/fr\/wp-json\/wp\/v2\/product_cat?post=123714"},{"taxonomy":"product_tag","embeddable":true,"href":"https:\/\/www.beitalhikma.tn\/fr\/wp-json\/wp\/v2\/product_tag?post=123714"}],"curies":[{"name":"wp","href":"https:\/\/api.w.org\/{rel}","templated":true}]}}