{"id":12621,"date":"2017-01-28T09:45:14","date_gmt":"2017-01-28T08:45:14","guid":{"rendered":"http:\/\/www.beitalhikma.tn\/?post_type=product&#038;p=12621"},"modified":"2022-09-08T14:07:59","modified_gmt":"2022-09-08T13:07:59","slug":"lautre-dans-le-cinema","status":"publish","type":"product","link":"https:\/\/www.beitalhikma.tn\/fr\/publication\/acces-boutique\/livres-en-vente\/lautre-dans-le-cinema\/","title":{"rendered":"L\u2019Autre dans le cin\u00e9ma"},"content":{"rendered":"<p>&nbsp;<\/p>\n<p><em><strong>Les experts en psychiatrie et en psychanalyse s&#8217;int\u00e9ressent dans leurs lectures des \u0153uvres cin\u00e9matographiques aux motifs psychiques et \u00e9motionnels en tant qu&#8217;\u00e9l\u00e9ments fondamentaux pour la compr\u00e9hension de la structure du texte cin\u00e9matographique. Le sociologue, quant \u00e0 lui, il saisit le sens du message cin\u00e9matographique comme \u00e9tant un indice exprimant succinctement ce qui se passe dans une soci\u00e9t\u00e9 complexe Ainsi, le film constitu\u00e9 de symboles suscite chez le r\u00e9cepteur certaines interpr\u00e9tations refl\u00e9tant son exp\u00e9rience culturelle. La compr\u00e9hension de la marche s\u00e9mantique du film se rattache \u00e9galement \u00e0 l&#8217;\u00e9tat psycho-mental \u00a0\u00e9tant donn\u00e9 que le r\u00e9cepteur est &#8220;pluriel&#8221; eu \u00e9gard \u00e0 ses dimensions mentale, psychique et culturelle. Ce sont l\u00e0 les principaux th\u00e8mes de cet ouvrage ayant pour titre: L&#8217;\u064eAutre dans le cin\u00e9ma. Le lecteur y trouve diff\u00e9rentes approches de m\u00e9decins, sociologues, \u00e9crivains tunisiens, europ\u00e9ens et arabes refl\u00e9tant diff\u00e9rentes d\u00e9marches culturelles de nature \u00e0 nous faire rapprocher de l&#8217;Autre, nanti, lui aussi, d&#8217;exp\u00e9riences vari\u00e9es et multiples.<\/strong><\/em><\/p>\n<p><em><strong>L&#8217;ouvrage contient \u00e9galement des exemples cin\u00e9matographiques bien pr\u00e9cis qui donnent un aper\u00e7u sur \u00a0l&#8217;identit\u00e9 de l&#8217;Autre qui peut \u00e0 la fois incarner \u00a0&#8221; le moi et l&#8217;autre&#8221;. Dans ce sens, la femme en sa qualit\u00e9 d&#8217;\u00eatre biologique \u00a0concupiscent, repr\u00e9sente dans certains films plusieurs Autres; elle incarne dans d&#8217;autres la femme insurg\u00e9e capable de donner une impulsion nouvelle aux domaines culturel et social.<\/strong><\/em><\/p>\n<p><em><strong>Le cin\u00e9ma \u00a0d\u00e9voile dans ce livre le langage combien riche des messages conscients et inconscients de l&#8217;Autre. Disons encore que certaines \u0153uvres cin\u00e9matographiques sont le fruit de l&#8217;inconscience selon la vision de Freud .<\/strong><\/em><\/p>\n","protected":false},"excerpt":{"rendered":"<ul>\n<li><strong>Titre de l\u2019ouvrage :<\/strong> L&#8217;Autre dans le cin\u00e9ma<br \/>\n<strong>Auteur :<\/strong> ouvrage collectif sous la direction de Khouloud Ben Mohamed Gherbi<br \/>\n<strong>Langues : <\/strong>arabe, fran\u00e7ais<\/li>\n<li><strong>Date de parution :<\/strong> 2017<\/li>\n<li><strong>Format :<\/strong> 16&#215;24<\/li>\n<li><strong>ISBN :<\/strong> 9789973491732<\/li>\n<li><strong>Nombre de pages :<\/strong> 140<br \/>\n<strong>Th\u00e8me :<\/strong> cin\u00e9ma<\/li>\n<li><strong>Poids :<\/strong> 300 gr<br \/>\n<b>Situation :\u00a0<\/b>disponible<\/li>\n<\/ul>\n","protected":false},"featured_media":12619,"template":"","meta":{"_uag_custom_page_level_css":""},"product_brand":[],"product_cat":[11],"product_tag":[],"class_list":{"0":"post-12621","1":"product","2":"type-product","3":"status-publish","4":"has-post-thumbnail","6":"product_cat-livres-en-vente","8":"first","9":"instock","10":"sale","11":"shipping-taxable","12":"purchasable","13":"product-type-simple"},"yoast_head":"<!-- This site is optimized with the Yoast SEO plugin v27.5 - https:\/\/yoast.com\/product\/yoast-seo-wordpress\/ -->\n<title>L\u2019Autre dans le cin\u00e9ma - Beit al-Hikma<\/title>\n<meta name=\"robots\" content=\"index, follow, max-snippet:-1, max-image-preview:large, max-video-preview:-1\" \/>\n<link rel=\"canonical\" href=\"https:\/\/www.beitalhikma.tn\/fr\/publication\/acces-boutique\/livres-en-vente\/lautre-dans-le-cinema\/\" \/>\n<meta property=\"og:locale\" content=\"fr_FR\" \/>\n<meta property=\"og:type\" content=\"article\" \/>\n<meta property=\"og:title\" content=\"L\u2019Autre dans le cin\u00e9ma - Beit al-Hikma\" \/>\n<meta property=\"og:description\" content=\"Titre de l\u2019ouvrage : L&#039;Autre dans le cin\u00e9ma Auteur : ouvrage collectif sous la direction de Khouloud Ben Mohamed Gherbi Langues : arabe, fran\u00e7ais  Date de parution : 2017  Format : 16x24  ISBN : 9789973491732  Nombre de pages : 140 Th\u00e8me : cin\u00e9ma  Poids : 300 gr Situation :\u00a0disponible\" \/>\n<meta property=\"og:url\" content=\"https:\/\/www.beitalhikma.tn\/fr\/publication\/acces-boutique\/livres-en-vente\/lautre-dans-le-cinema\/\" \/>\n<meta property=\"og:site_name\" content=\"Beit al-Hikma\" \/>\n<meta property=\"article:publisher\" content=\"https:\/\/www.facebook.com\/BeitalhikmaTunisie\/\" \/>\n<meta property=\"article:modified_time\" content=\"2022-09-08T13:07:59+00:00\" \/>\n<meta property=\"og:image\" content=\"https:\/\/www.beitalhikma.tn\/wp-content\/uploads\/2017\/01\/Couverture-face.jpg\" \/>\n\t<meta property=\"og:image:width\" content=\"741\" \/>\n\t<meta property=\"og:image:height\" content=\"1121\" \/>\n\t<meta property=\"og:image:type\" content=\"image\/jpeg\" \/>\n<meta name=\"twitter:card\" content=\"summary_large_image\" \/>\n<meta name=\"twitter:site\" content=\"@Beit_alhikma_TN\" \/>\n<meta name=\"twitter:label1\" content=\"Dur\u00e9e de lecture estim\u00e9e\" \/>\n\t<meta name=\"twitter:data1\" content=\"1 minute\" \/>\n<script type=\"application\/ld+json\" class=\"yoast-schema-graph\">{\"@context\":\"https:\\\/\\\/schema.org\",\"@graph\":[{\"@type\":\"WebPage\",\"@id\":\"https:\\\/\\\/www.beitalhikma.tn\\\/fr\\\/publication\\\/acces-boutique\\\/livres-en-vente\\\/lautre-dans-le-cinema\\\/\",\"url\":\"https:\\\/\\\/www.beitalhikma.tn\\\/fr\\\/publication\\\/acces-boutique\\\/livres-en-vente\\\/lautre-dans-le-cinema\\\/\",\"name\":\"L\u2019Autre dans le cin\u00e9ma - Beit al-Hikma\",\"isPartOf\":{\"@id\":\"https:\\\/\\\/www.beitalhikma.tn\\\/#website\"},\"primaryImageOfPage\":{\"@id\":\"https:\\\/\\\/www.beitalhikma.tn\\\/fr\\\/publication\\\/acces-boutique\\\/livres-en-vente\\\/lautre-dans-le-cinema\\\/#primaryimage\"},\"image\":{\"@id\":\"https:\\\/\\\/www.beitalhikma.tn\\\/fr\\\/publication\\\/acces-boutique\\\/livres-en-vente\\\/lautre-dans-le-cinema\\\/#primaryimage\"},\"thumbnailUrl\":\"https:\\\/\\\/www.beitalhikma.tn\\\/wp-content\\\/uploads\\\/2017\\\/01\\\/Couverture-face.jpg\",\"datePublished\":\"2017-01-28T08:45:14+00:00\",\"dateModified\":\"2022-09-08T13:07:59+00:00\",\"breadcrumb\":{\"@id\":\"https:\\\/\\\/www.beitalhikma.tn\\\/fr\\\/publication\\\/acces-boutique\\\/livres-en-vente\\\/lautre-dans-le-cinema\\\/#breadcrumb\"},\"inLanguage\":\"fr-FR\",\"potentialAction\":[{\"@type\":\"ReadAction\",\"target\":[\"https:\\\/\\\/www.beitalhikma.tn\\\/fr\\\/publication\\\/acces-boutique\\\/livres-en-vente\\\/lautre-dans-le-cinema\\\/\"]}]},{\"@type\":\"ImageObject\",\"inLanguage\":\"fr-FR\",\"@id\":\"https:\\\/\\\/www.beitalhikma.tn\\\/fr\\\/publication\\\/acces-boutique\\\/livres-en-vente\\\/lautre-dans-le-cinema\\\/#primaryimage\",\"url\":\"https:\\\/\\\/www.beitalhikma.tn\\\/wp-content\\\/uploads\\\/2017\\\/01\\\/Couverture-face.jpg\",\"contentUrl\":\"https:\\\/\\\/www.beitalhikma.tn\\\/wp-content\\\/uploads\\\/2017\\\/01\\\/Couverture-face.jpg\",\"width\":741,\"height\":1121},{\"@type\":\"BreadcrumbList\",\"@id\":\"https:\\\/\\\/www.beitalhikma.tn\\\/fr\\\/publication\\\/acces-boutique\\\/livres-en-vente\\\/lautre-dans-le-cinema\\\/#breadcrumb\",\"itemListElement\":[{\"@type\":\"ListItem\",\"position\":1,\"name\":\"Accueil\",\"item\":\"https:\\\/\\\/www.beitalhikma.tn\\\/fr\\\/\"},{\"@type\":\"ListItem\",\"position\":2,\"name\":\"Boutique\",\"item\":\"https:\\\/\\\/www.beitalhikma.tn\\\/fr\\\/boutique\\\/\"},{\"@type\":\"ListItem\",\"position\":3,\"name\":\"L\u2019Autre dans le cin\u00e9ma\"}]},{\"@type\":\"WebSite\",\"@id\":\"https:\\\/\\\/www.beitalhikma.tn\\\/#website\",\"url\":\"https:\\\/\\\/www.beitalhikma.tn\\\/\",\"name\":\"Beit al-Hikma\",\"description\":\"L&#039;Acad\u00e9mie Tunisienne des Sciences, des Lettres  et des Arts\",\"publisher\":{\"@id\":\"https:\\\/\\\/www.beitalhikma.tn\\\/#organization\"},\"potentialAction\":[{\"@type\":\"SearchAction\",\"target\":{\"@type\":\"EntryPoint\",\"urlTemplate\":\"https:\\\/\\\/www.beitalhikma.tn\\\/?s={search_term_string}\"},\"query-input\":{\"@type\":\"PropertyValueSpecification\",\"valueRequired\":true,\"valueName\":\"search_term_string\"}}],\"inLanguage\":\"fr-FR\"},{\"@type\":\"Organization\",\"@id\":\"https:\\\/\\\/www.beitalhikma.tn\\\/#organization\",\"name\":\"Beit Al Hikma\",\"url\":\"https:\\\/\\\/www.beitalhikma.tn\\\/\",\"logo\":{\"@type\":\"ImageObject\",\"inLanguage\":\"fr-FR\",\"@id\":\"https:\\\/\\\/www.beitalhikma.tn\\\/#\\\/schema\\\/logo\\\/image\\\/\",\"url\":\"https:\\\/\\\/www.beitalhikma.tn\\\/wp-content\\\/uploads\\\/2014\\\/11\\\/logo.png\",\"contentUrl\":\"https:\\\/\\\/www.beitalhikma.tn\\\/wp-content\\\/uploads\\\/2014\\\/11\\\/logo.png\",\"width\":288,\"height\":109,\"caption\":\"Beit Al Hikma\"},\"image\":{\"@id\":\"https:\\\/\\\/www.beitalhikma.tn\\\/#\\\/schema\\\/logo\\\/image\\\/\"},\"sameAs\":[\"https:\\\/\\\/www.facebook.com\\\/BeitalhikmaTunisie\\\/\",\"https:\\\/\\\/x.com\\\/Beit_alhikma_TN\",\"https:\\\/\\\/www.youtube.com\\\/channel\\\/UCl8EfDXqt5MFfcEY0UYhevg\"]}]}<\/script>\n<!-- \/ Yoast SEO plugin. -->","yoast_head_json":{"title":"L\u2019Autre dans le cin\u00e9ma - Beit al-Hikma","robots":{"index":"index","follow":"follow","max-snippet":"max-snippet:-1","max-image-preview":"max-image-preview:large","max-video-preview":"max-video-preview:-1"},"canonical":"https:\/\/www.beitalhikma.tn\/fr\/publication\/acces-boutique\/livres-en-vente\/lautre-dans-le-cinema\/","og_locale":"fr_FR","og_type":"article","og_title":"L\u2019Autre dans le cin\u00e9ma - Beit al-Hikma","og_description":"Titre de l\u2019ouvrage : L'Autre dans le cin\u00e9ma Auteur : ouvrage collectif sous la direction de Khouloud Ben Mohamed Gherbi Langues : arabe, fran\u00e7ais  Date de parution : 2017  Format : 16x24  ISBN : 9789973491732  Nombre de pages : 140 Th\u00e8me : cin\u00e9ma  Poids : 300 gr Situation :\u00a0disponible","og_url":"https:\/\/www.beitalhikma.tn\/fr\/publication\/acces-boutique\/livres-en-vente\/lautre-dans-le-cinema\/","og_site_name":"Beit al-Hikma","article_publisher":"https:\/\/www.facebook.com\/BeitalhikmaTunisie\/","article_modified_time":"2022-09-08T13:07:59+00:00","og_image":[{"width":741,"height":1121,"url":"https:\/\/www.beitalhikma.tn\/wp-content\/uploads\/2017\/01\/Couverture-face.jpg","type":"image\/jpeg"}],"twitter_card":"summary_large_image","twitter_site":"@Beit_alhikma_TN","twitter_misc":{"Dur\u00e9e de lecture estim\u00e9e":"1 minute"},"schema":{"@context":"https:\/\/schema.org","@graph":[{"@type":"WebPage","@id":"https:\/\/www.beitalhikma.tn\/fr\/publication\/acces-boutique\/livres-en-vente\/lautre-dans-le-cinema\/","url":"https:\/\/www.beitalhikma.tn\/fr\/publication\/acces-boutique\/livres-en-vente\/lautre-dans-le-cinema\/","name":"L\u2019Autre dans le cin\u00e9ma - Beit al-Hikma","isPartOf":{"@id":"https:\/\/www.beitalhikma.tn\/#website"},"primaryImageOfPage":{"@id":"https:\/\/www.beitalhikma.tn\/fr\/publication\/acces-boutique\/livres-en-vente\/lautre-dans-le-cinema\/#primaryimage"},"image":{"@id":"https:\/\/www.beitalhikma.tn\/fr\/publication\/acces-boutique\/livres-en-vente\/lautre-dans-le-cinema\/#primaryimage"},"thumbnailUrl":"https:\/\/www.beitalhikma.tn\/wp-content\/uploads\/2017\/01\/Couverture-face.jpg","datePublished":"2017-01-28T08:45:14+00:00","dateModified":"2022-09-08T13:07:59+00:00","breadcrumb":{"@id":"https:\/\/www.beitalhikma.tn\/fr\/publication\/acces-boutique\/livres-en-vente\/lautre-dans-le-cinema\/#breadcrumb"},"inLanguage":"fr-FR","potentialAction":[{"@type":"ReadAction","target":["https:\/\/www.beitalhikma.tn\/fr\/publication\/acces-boutique\/livres-en-vente\/lautre-dans-le-cinema\/"]}]},{"@type":"ImageObject","inLanguage":"fr-FR","@id":"https:\/\/www.beitalhikma.tn\/fr\/publication\/acces-boutique\/livres-en-vente\/lautre-dans-le-cinema\/#primaryimage","url":"https:\/\/www.beitalhikma.tn\/wp-content\/uploads\/2017\/01\/Couverture-face.jpg","contentUrl":"https:\/\/www.beitalhikma.tn\/wp-content\/uploads\/2017\/01\/Couverture-face.jpg","width":741,"height":1121},{"@type":"BreadcrumbList","@id":"https:\/\/www.beitalhikma.tn\/fr\/publication\/acces-boutique\/livres-en-vente\/lautre-dans-le-cinema\/#breadcrumb","itemListElement":[{"@type":"ListItem","position":1,"name":"Accueil","item":"https:\/\/www.beitalhikma.tn\/fr\/"},{"@type":"ListItem","position":2,"name":"Boutique","item":"https:\/\/www.beitalhikma.tn\/fr\/boutique\/"},{"@type":"ListItem","position":3,"name":"L\u2019Autre dans le cin\u00e9ma"}]},{"@type":"WebSite","@id":"https:\/\/www.beitalhikma.tn\/#website","url":"https:\/\/www.beitalhikma.tn\/","name":"Beit al-Hikma","description":"L&#039;Acad\u00e9mie Tunisienne des Sciences, des Lettres  et des Arts","publisher":{"@id":"https:\/\/www.beitalhikma.tn\/#organization"},"potentialAction":[{"@type":"SearchAction","target":{"@type":"EntryPoint","urlTemplate":"https:\/\/www.beitalhikma.tn\/?s={search_term_string}"},"query-input":{"@type":"PropertyValueSpecification","valueRequired":true,"valueName":"search_term_string"}}],"inLanguage":"fr-FR"},{"@type":"Organization","@id":"https:\/\/www.beitalhikma.tn\/#organization","name":"Beit Al Hikma","url":"https:\/\/www.beitalhikma.tn\/","logo":{"@type":"ImageObject","inLanguage":"fr-FR","@id":"https:\/\/www.beitalhikma.tn\/#\/schema\/logo\/image\/","url":"https:\/\/www.beitalhikma.tn\/wp-content\/uploads\/2014\/11\/logo.png","contentUrl":"https:\/\/www.beitalhikma.tn\/wp-content\/uploads\/2014\/11\/logo.png","width":288,"height":109,"caption":"Beit Al Hikma"},"image":{"@id":"https:\/\/www.beitalhikma.tn\/#\/schema\/logo\/image\/"},"sameAs":["https:\/\/www.facebook.com\/BeitalhikmaTunisie\/","https:\/\/x.com\/Beit_alhikma_TN","https:\/\/www.youtube.com\/channel\/UCl8EfDXqt5MFfcEY0UYhevg"]}]}},"uagb_featured_image_src":{"full":["https:\/\/www.beitalhikma.tn\/wp-content\/uploads\/2017\/01\/Couverture-face.jpg",741,1121,false],"thumbnail":["https:\/\/www.beitalhikma.tn\/wp-content\/uploads\/2017\/01\/Couverture-face-250x300.jpg",250,300,true],"medium":["https:\/\/www.beitalhikma.tn\/wp-content\/uploads\/2017\/01\/Couverture-face-198x300.jpg",198,300,true],"medium_large":["https:\/\/www.beitalhikma.tn\/wp-content\/uploads\/2017\/01\/Couverture-face.jpg",741,1121,false],"large":["https:\/\/www.beitalhikma.tn\/wp-content\/uploads\/2017\/01\/Couverture-face-677x1024.jpg",677,1024,true],"thumblist":["https:\/\/www.beitalhikma.tn\/wp-content\/uploads\/2017\/01\/Couverture-face.jpg",198,300,false],"meccarouselthumb":["https:\/\/www.beitalhikma.tn\/wp-content\/uploads\/2017\/01\/Couverture-face.jpg",214,324,false],"gridsquare":["https:\/\/www.beitalhikma.tn\/wp-content\/uploads\/2017\/01\/Couverture-face.jpg",172,260,false],"tileview":["https:\/\/www.beitalhikma.tn\/wp-content\/uploads\/2017\/01\/Couverture-face.jpg",264,400,false],"1536x1536":["https:\/\/www.beitalhikma.tn\/wp-content\/uploads\/2017\/01\/Couverture-face.jpg",741,1121,false],"2048x2048":["https:\/\/www.beitalhikma.tn\/wp-content\/uploads\/2017\/01\/Couverture-face.jpg",741,1121,false],"post-thumbnail":["https:\/\/www.beitalhikma.tn\/wp-content\/uploads\/2017\/01\/Couverture-face-97x146.jpg",97,146,true],"50x50":["https:\/\/www.beitalhikma.tn\/wp-content\/uploads\/2017\/01\/Couverture-face-33x50.jpg",33,50,true],"portfolio-list":["https:\/\/www.beitalhikma.tn\/wp-content\/uploads\/2017\/01\/Couverture-face-600x400.jpg",600,400,true],"portfolio-fs":["https:\/\/www.beitalhikma.tn\/wp-content\/uploads\/2017\/01\/Couverture-face-741x543.jpg",741,543,true],"portfolio-slider":["https:\/\/www.beitalhikma.tn\/wp-content\/uploads\/2017\/01\/Couverture-face-380x380.jpg",380,380,true],"blog":["https:\/\/www.beitalhikma.tn\/wp-content\/uploads\/2017\/01\/Couverture-face-564x341.jpg",564,341,true],"blog-single":["https:\/\/www.beitalhikma.tn\/wp-content\/uploads\/2017\/01\/Couverture-face-741x445.jpg",741,445,true],"blog-item":["https:\/\/www.beitalhikma.tn\/wp-content\/uploads\/2017\/01\/Couverture-face-504x224.jpg",504,224,true],"blog-widget":["https:\/\/www.beitalhikma.tn\/wp-content\/uploads\/2017\/01\/Couverture-face-80x60.jpg",80,60,true],"features":["https:\/\/www.beitalhikma.tn\/wp-content\/uploads\/2017\/01\/Couverture-face-90x90.jpg",90,90,true],"clients-slider":["https:\/\/www.beitalhikma.tn\/wp-content\/uploads\/2017\/01\/Couverture-face-53x80.jpg",53,80,true],"offer-slider":["https:\/\/www.beitalhikma.tn\/wp-content\/uploads\/2017\/01\/Couverture-face-741x438.jpg",741,438,true],"offer-slider-pg":["https:\/\/www.beitalhikma.tn\/wp-content\/uploads\/2017\/01\/Couverture-face-42x42.jpg",42,42,true],"woocommerce_thumbnail":["https:\/\/www.beitalhikma.tn\/wp-content\/uploads\/2017\/01\/Couverture-face-250x300.jpg",250,300,true],"woocommerce_single":["https:\/\/www.beitalhikma.tn\/wp-content\/uploads\/2017\/01\/Couverture-face-250x378.jpg",250,378,true],"woocommerce_gallery_thumbnail":["https:\/\/www.beitalhikma.tn\/wp-content\/uploads\/2017\/01\/Couverture-face-100x100.jpg",100,100,true]},"uagb_author_info":{"display_name":"admin","author_link":"https:\/\/www.beitalhikma.tn\/fr\/author\/"},"uagb_comment_info":0,"uagb_excerpt":"Titre de l\u2019ouvrage : L'Autre dans le cin\u00e9ma Auteur : ouvrage collectif sous la direction de Khouloud Ben Mohamed Gherbi Langues : arabe, fran\u00e7ais Date de parution : 2017 Format : 16x24 ISBN : 9789973491732 Nombre de pages : 140 Th\u00e8me : cin\u00e9ma Poids : 300 gr Situation :\u00a0disponible","_links":{"self":[{"href":"https:\/\/www.beitalhikma.tn\/fr\/wp-json\/wp\/v2\/product\/12621","targetHints":{"allow":["GET"]}}],"collection":[{"href":"https:\/\/www.beitalhikma.tn\/fr\/wp-json\/wp\/v2\/product"}],"about":[{"href":"https:\/\/www.beitalhikma.tn\/fr\/wp-json\/wp\/v2\/types\/product"}],"wp:featuredmedia":[{"embeddable":true,"href":"https:\/\/www.beitalhikma.tn\/fr\/wp-json\/wp\/v2\/media\/12619"}],"wp:attachment":[{"href":"https:\/\/www.beitalhikma.tn\/fr\/wp-json\/wp\/v2\/media?parent=12621"}],"wp:term":[{"taxonomy":"product_brand","embeddable":true,"href":"https:\/\/www.beitalhikma.tn\/fr\/wp-json\/wp\/v2\/product_brand?post=12621"},{"taxonomy":"product_cat","embeddable":true,"href":"https:\/\/www.beitalhikma.tn\/fr\/wp-json\/wp\/v2\/product_cat?post=12621"},{"taxonomy":"product_tag","embeddable":true,"href":"https:\/\/www.beitalhikma.tn\/fr\/wp-json\/wp\/v2\/product_tag?post=12621"}],"curies":[{"name":"wp","href":"https:\/\/api.w.org\/{rel}","templated":true}]}}