{"id":126807,"date":"2026-01-08T12:44:07","date_gmt":"2026-01-08T11:44:07","guid":{"rendered":"https:\/\/www.beitalhikma.tn\/?post_type=product&#038;p=126807"},"modified":"2026-02-06T12:28:01","modified_gmt":"2026-02-06T11:28:01","slug":"melanges-de-litterature-comparee-de-critique-litteraire-et-de-traductologie","status":"publish","type":"product","link":"https:\/\/www.beitalhikma.tn\/fr\/publication\/acces-boutique\/livres-en-vente\/melanges-de-litterature-comparee-de-critique-litteraire-et-de-traductologie\/","title":{"rendered":"M\u00e9langes de litt\u00e9rature compar\u00e9e, de critique litt\u00e9raire et de traductologie"},"content":{"rendered":"","protected":false},"excerpt":{"rendered":"<ul>\n<li><strong>Titre de l&#8217;ouvrage : M\u00e9langes de litt\u00e9rature compar\u00e9e, de critique litt\u00e9raire et de traductologie : volume d\u00e9di\u00e9 \u00e0 la m\u00e9moire du professeur Mongi Chemli 1931-2016) par ses coll\u00e8gues, ses \u00e9l\u00e8ves et ses amis<\/strong><\/li>\n<li><strong>Edit\u00e9 et introduit par :<\/strong> Omar Mokdad Jemni<br \/>\n<strong>Dimensions :<\/strong> 16&#215;24<br \/>\n<strong>Nombre de pages :<\/strong> 1009<br \/>\n<strong>Langue :<\/strong> arabe &#8211; fran\u00e7ais<br \/>\n<strong>Date de parution :<\/strong> 2025<br \/>\n<strong>Prix de vente :<\/strong> 60 D.T.<\/li>\n<li><strong>ISBN<\/strong> : 978-997349-275-3<\/li>\n<li><a href=\"https:\/\/www.beitalhikma.tn\/wp-content\/uploads\/2026\/02\/%D9%81%D9%87%D8%B1%D8%B3-%D9%83%D8%AA%D8%A7%D8%A8-%D8%A7%D9%84%D8%A3%D8%AF%D8%A8-%D8%A7%D9%84%D9%85%D9%82%D8%A7%D8%B1%D9%86.pdf\"><strong>Sommaire du livre<\/strong><\/a><\/li>\n<\/ul>\n","protected":false},"featured_media":126804,"template":"","meta":{"_uag_custom_page_level_css":""},"product_brand":[],"product_cat":[11],"product_tag":[],"class_list":{"0":"post-126807","1":"product","2":"type-product","3":"status-publish","4":"has-post-thumbnail","6":"product_cat-livres-en-vente","8":"first","9":"instock","10":"sale","11":"shipping-taxable","12":"purchasable","13":"product-type-simple"},"yoast_head":"<!-- This site is optimized with the Yoast SEO plugin v27.4 - https:\/\/yoast.com\/product\/yoast-seo-wordpress\/ -->\n<title>M\u00e9langes de litt\u00e9rature compar\u00e9e, de critique litt\u00e9raire et de traductologie - Beit al-Hikma<\/title>\n<meta name=\"robots\" content=\"index, follow, max-snippet:-1, max-image-preview:large, max-video-preview:-1\" \/>\n<link rel=\"canonical\" href=\"https:\/\/www.beitalhikma.tn\/fr\/publication\/acces-boutique\/livres-en-vente\/melanges-de-litterature-comparee-de-critique-litteraire-et-de-traductologie\/\" \/>\n<meta property=\"og:locale\" content=\"fr_FR\" \/>\n<meta property=\"og:type\" content=\"article\" \/>\n<meta property=\"og:title\" content=\"M\u00e9langes de litt\u00e9rature compar\u00e9e, de critique litt\u00e9raire et de traductologie - Beit al-Hikma\" \/>\n<meta property=\"og:description\" content=\"Titre de l&#039;ouvrage : M\u00e9langes de litt\u00e9rature compar\u00e9e, de critique litt\u00e9raire et de traductologie : volume d\u00e9di\u00e9 \u00e0 la m\u00e9moire du professeur Mongi Chemli 1931-2016) par ses coll\u00e8gues, ses \u00e9l\u00e8ves et ses amis  Edit\u00e9 et introduit par : Omar Mokdad Jemni Dimensions : 16x24 Nombre de pages : 1009 Langue : arabe - fran\u00e7ais Date de parution : 2025 Prix de vente : 60 D.T.  ISBN : 978-997349-275-3  Sommaire du livre\" \/>\n<meta property=\"og:url\" content=\"https:\/\/www.beitalhikma.tn\/fr\/publication\/acces-boutique\/livres-en-vente\/melanges-de-litterature-comparee-de-critique-litteraire-et-de-traductologie\/\" \/>\n<meta property=\"og:site_name\" content=\"Beit al-Hikma\" \/>\n<meta property=\"article:publisher\" content=\"https:\/\/www.facebook.com\/BeitalhikmaTunisie\/\" \/>\n<meta property=\"article:modified_time\" content=\"2026-02-06T11:28:01+00:00\" \/>\n<meta property=\"og:image\" content=\"https:\/\/www.beitalhikma.tn\/wp-content\/uploads\/2026\/01\/Couverture-Finale-12.jpg\" \/>\n\t<meta property=\"og:image:width\" content=\"413\" \/>\n\t<meta property=\"og:image:height\" content=\"679\" \/>\n\t<meta property=\"og:image:type\" content=\"image\/jpeg\" \/>\n<meta name=\"twitter:card\" content=\"summary_large_image\" \/>\n<meta name=\"twitter:site\" content=\"@Beit_alhikma_TN\" \/>\n<meta name=\"twitter:label1\" content=\"Dur\u00e9e de lecture estim\u00e9e\" \/>\n\t<meta name=\"twitter:data1\" content=\"1 minute\" \/>\n<script type=\"application\/ld+json\" class=\"yoast-schema-graph\">{\"@context\":\"https:\\\/\\\/schema.org\",\"@graph\":[{\"@type\":\"WebPage\",\"@id\":\"https:\\\/\\\/www.beitalhikma.tn\\\/fr\\\/publication\\\/acces-boutique\\\/livres-en-vente\\\/melanges-de-litterature-comparee-de-critique-litteraire-et-de-traductologie\\\/\",\"url\":\"https:\\\/\\\/www.beitalhikma.tn\\\/fr\\\/publication\\\/acces-boutique\\\/livres-en-vente\\\/melanges-de-litterature-comparee-de-critique-litteraire-et-de-traductologie\\\/\",\"name\":\"M\u00e9langes de litt\u00e9rature compar\u00e9e, de critique litt\u00e9raire et de traductologie - Beit al-Hikma\",\"isPartOf\":{\"@id\":\"https:\\\/\\\/www.beitalhikma.tn\\\/#website\"},\"primaryImageOfPage\":{\"@id\":\"https:\\\/\\\/www.beitalhikma.tn\\\/fr\\\/publication\\\/acces-boutique\\\/livres-en-vente\\\/melanges-de-litterature-comparee-de-critique-litteraire-et-de-traductologie\\\/#primaryimage\"},\"image\":{\"@id\":\"https:\\\/\\\/www.beitalhikma.tn\\\/fr\\\/publication\\\/acces-boutique\\\/livres-en-vente\\\/melanges-de-litterature-comparee-de-critique-litteraire-et-de-traductologie\\\/#primaryimage\"},\"thumbnailUrl\":\"https:\\\/\\\/www.beitalhikma.tn\\\/wp-content\\\/uploads\\\/2026\\\/01\\\/Couverture-Finale-12.jpg\",\"datePublished\":\"2026-01-08T11:44:07+00:00\",\"dateModified\":\"2026-02-06T11:28:01+00:00\",\"breadcrumb\":{\"@id\":\"https:\\\/\\\/www.beitalhikma.tn\\\/fr\\\/publication\\\/acces-boutique\\\/livres-en-vente\\\/melanges-de-litterature-comparee-de-critique-litteraire-et-de-traductologie\\\/#breadcrumb\"},\"inLanguage\":\"fr-FR\",\"potentialAction\":[{\"@type\":\"ReadAction\",\"target\":[\"https:\\\/\\\/www.beitalhikma.tn\\\/fr\\\/publication\\\/acces-boutique\\\/livres-en-vente\\\/melanges-de-litterature-comparee-de-critique-litteraire-et-de-traductologie\\\/\"]}]},{\"@type\":\"ImageObject\",\"inLanguage\":\"fr-FR\",\"@id\":\"https:\\\/\\\/www.beitalhikma.tn\\\/fr\\\/publication\\\/acces-boutique\\\/livres-en-vente\\\/melanges-de-litterature-comparee-de-critique-litteraire-et-de-traductologie\\\/#primaryimage\",\"url\":\"https:\\\/\\\/www.beitalhikma.tn\\\/wp-content\\\/uploads\\\/2026\\\/01\\\/Couverture-Finale-12.jpg\",\"contentUrl\":\"https:\\\/\\\/www.beitalhikma.tn\\\/wp-content\\\/uploads\\\/2026\\\/01\\\/Couverture-Finale-12.jpg\",\"width\":413,\"height\":679},{\"@type\":\"BreadcrumbList\",\"@id\":\"https:\\\/\\\/www.beitalhikma.tn\\\/fr\\\/publication\\\/acces-boutique\\\/livres-en-vente\\\/melanges-de-litterature-comparee-de-critique-litteraire-et-de-traductologie\\\/#breadcrumb\",\"itemListElement\":[{\"@type\":\"ListItem\",\"position\":1,\"name\":\"Accueil\",\"item\":\"https:\\\/\\\/www.beitalhikma.tn\\\/fr\\\/\"},{\"@type\":\"ListItem\",\"position\":2,\"name\":\"Boutique\",\"item\":\"https:\\\/\\\/www.beitalhikma.tn\\\/fr\\\/boutique\\\/\"},{\"@type\":\"ListItem\",\"position\":3,\"name\":\"M\u00e9langes de litt\u00e9rature compar\u00e9e, de critique litt\u00e9raire et de traductologie\"}]},{\"@type\":\"WebSite\",\"@id\":\"https:\\\/\\\/www.beitalhikma.tn\\\/#website\",\"url\":\"https:\\\/\\\/www.beitalhikma.tn\\\/\",\"name\":\"Beit al-Hikma\",\"description\":\"L&#039;Acad\u00e9mie Tunisienne des Sciences, des Lettres  et des Arts\",\"publisher\":{\"@id\":\"https:\\\/\\\/www.beitalhikma.tn\\\/#organization\"},\"potentialAction\":[{\"@type\":\"SearchAction\",\"target\":{\"@type\":\"EntryPoint\",\"urlTemplate\":\"https:\\\/\\\/www.beitalhikma.tn\\\/?s={search_term_string}\"},\"query-input\":{\"@type\":\"PropertyValueSpecification\",\"valueRequired\":true,\"valueName\":\"search_term_string\"}}],\"inLanguage\":\"fr-FR\"},{\"@type\":\"Organization\",\"@id\":\"https:\\\/\\\/www.beitalhikma.tn\\\/#organization\",\"name\":\"Beit Al Hikma\",\"url\":\"https:\\\/\\\/www.beitalhikma.tn\\\/\",\"logo\":{\"@type\":\"ImageObject\",\"inLanguage\":\"fr-FR\",\"@id\":\"https:\\\/\\\/www.beitalhikma.tn\\\/#\\\/schema\\\/logo\\\/image\\\/\",\"url\":\"https:\\\/\\\/www.beitalhikma.tn\\\/wp-content\\\/uploads\\\/2014\\\/11\\\/logo.png\",\"contentUrl\":\"https:\\\/\\\/www.beitalhikma.tn\\\/wp-content\\\/uploads\\\/2014\\\/11\\\/logo.png\",\"width\":288,\"height\":109,\"caption\":\"Beit Al Hikma\"},\"image\":{\"@id\":\"https:\\\/\\\/www.beitalhikma.tn\\\/#\\\/schema\\\/logo\\\/image\\\/\"},\"sameAs\":[\"https:\\\/\\\/www.facebook.com\\\/BeitalhikmaTunisie\\\/\",\"https:\\\/\\\/x.com\\\/Beit_alhikma_TN\",\"https:\\\/\\\/www.youtube.com\\\/channel\\\/UCl8EfDXqt5MFfcEY0UYhevg\"]}]}<\/script>\n<!-- \/ Yoast SEO plugin. -->","yoast_head_json":{"title":"M\u00e9langes de litt\u00e9rature compar\u00e9e, de critique litt\u00e9raire et de traductologie - Beit al-Hikma","robots":{"index":"index","follow":"follow","max-snippet":"max-snippet:-1","max-image-preview":"max-image-preview:large","max-video-preview":"max-video-preview:-1"},"canonical":"https:\/\/www.beitalhikma.tn\/fr\/publication\/acces-boutique\/livres-en-vente\/melanges-de-litterature-comparee-de-critique-litteraire-et-de-traductologie\/","og_locale":"fr_FR","og_type":"article","og_title":"M\u00e9langes de litt\u00e9rature compar\u00e9e, de critique litt\u00e9raire et de traductologie - Beit al-Hikma","og_description":"Titre de l'ouvrage : M\u00e9langes de litt\u00e9rature compar\u00e9e, de critique litt\u00e9raire et de traductologie : volume d\u00e9di\u00e9 \u00e0 la m\u00e9moire du professeur Mongi Chemli 1931-2016) par ses coll\u00e8gues, ses \u00e9l\u00e8ves et ses amis  Edit\u00e9 et introduit par : Omar Mokdad Jemni Dimensions : 16x24 Nombre de pages : 1009 Langue : arabe - fran\u00e7ais Date de parution : 2025 Prix de vente : 60 D.T.  ISBN : 978-997349-275-3  Sommaire du livre","og_url":"https:\/\/www.beitalhikma.tn\/fr\/publication\/acces-boutique\/livres-en-vente\/melanges-de-litterature-comparee-de-critique-litteraire-et-de-traductologie\/","og_site_name":"Beit al-Hikma","article_publisher":"https:\/\/www.facebook.com\/BeitalhikmaTunisie\/","article_modified_time":"2026-02-06T11:28:01+00:00","og_image":[{"width":413,"height":679,"url":"https:\/\/www.beitalhikma.tn\/wp-content\/uploads\/2026\/01\/Couverture-Finale-12.jpg","type":"image\/jpeg"}],"twitter_card":"summary_large_image","twitter_site":"@Beit_alhikma_TN","twitter_misc":{"Dur\u00e9e de lecture estim\u00e9e":"1 minute"},"schema":{"@context":"https:\/\/schema.org","@graph":[{"@type":"WebPage","@id":"https:\/\/www.beitalhikma.tn\/fr\/publication\/acces-boutique\/livres-en-vente\/melanges-de-litterature-comparee-de-critique-litteraire-et-de-traductologie\/","url":"https:\/\/www.beitalhikma.tn\/fr\/publication\/acces-boutique\/livres-en-vente\/melanges-de-litterature-comparee-de-critique-litteraire-et-de-traductologie\/","name":"M\u00e9langes de litt\u00e9rature compar\u00e9e, de critique litt\u00e9raire et de traductologie - Beit al-Hikma","isPartOf":{"@id":"https:\/\/www.beitalhikma.tn\/#website"},"primaryImageOfPage":{"@id":"https:\/\/www.beitalhikma.tn\/fr\/publication\/acces-boutique\/livres-en-vente\/melanges-de-litterature-comparee-de-critique-litteraire-et-de-traductologie\/#primaryimage"},"image":{"@id":"https:\/\/www.beitalhikma.tn\/fr\/publication\/acces-boutique\/livres-en-vente\/melanges-de-litterature-comparee-de-critique-litteraire-et-de-traductologie\/#primaryimage"},"thumbnailUrl":"https:\/\/www.beitalhikma.tn\/wp-content\/uploads\/2026\/01\/Couverture-Finale-12.jpg","datePublished":"2026-01-08T11:44:07+00:00","dateModified":"2026-02-06T11:28:01+00:00","breadcrumb":{"@id":"https:\/\/www.beitalhikma.tn\/fr\/publication\/acces-boutique\/livres-en-vente\/melanges-de-litterature-comparee-de-critique-litteraire-et-de-traductologie\/#breadcrumb"},"inLanguage":"fr-FR","potentialAction":[{"@type":"ReadAction","target":["https:\/\/www.beitalhikma.tn\/fr\/publication\/acces-boutique\/livres-en-vente\/melanges-de-litterature-comparee-de-critique-litteraire-et-de-traductologie\/"]}]},{"@type":"ImageObject","inLanguage":"fr-FR","@id":"https:\/\/www.beitalhikma.tn\/fr\/publication\/acces-boutique\/livres-en-vente\/melanges-de-litterature-comparee-de-critique-litteraire-et-de-traductologie\/#primaryimage","url":"https:\/\/www.beitalhikma.tn\/wp-content\/uploads\/2026\/01\/Couverture-Finale-12.jpg","contentUrl":"https:\/\/www.beitalhikma.tn\/wp-content\/uploads\/2026\/01\/Couverture-Finale-12.jpg","width":413,"height":679},{"@type":"BreadcrumbList","@id":"https:\/\/www.beitalhikma.tn\/fr\/publication\/acces-boutique\/livres-en-vente\/melanges-de-litterature-comparee-de-critique-litteraire-et-de-traductologie\/#breadcrumb","itemListElement":[{"@type":"ListItem","position":1,"name":"Accueil","item":"https:\/\/www.beitalhikma.tn\/fr\/"},{"@type":"ListItem","position":2,"name":"Boutique","item":"https:\/\/www.beitalhikma.tn\/fr\/boutique\/"},{"@type":"ListItem","position":3,"name":"M\u00e9langes de litt\u00e9rature compar\u00e9e, de critique litt\u00e9raire et de traductologie"}]},{"@type":"WebSite","@id":"https:\/\/www.beitalhikma.tn\/#website","url":"https:\/\/www.beitalhikma.tn\/","name":"Beit al-Hikma","description":"L&#039;Acad\u00e9mie Tunisienne des Sciences, des Lettres  et des Arts","publisher":{"@id":"https:\/\/www.beitalhikma.tn\/#organization"},"potentialAction":[{"@type":"SearchAction","target":{"@type":"EntryPoint","urlTemplate":"https:\/\/www.beitalhikma.tn\/?s={search_term_string}"},"query-input":{"@type":"PropertyValueSpecification","valueRequired":true,"valueName":"search_term_string"}}],"inLanguage":"fr-FR"},{"@type":"Organization","@id":"https:\/\/www.beitalhikma.tn\/#organization","name":"Beit Al Hikma","url":"https:\/\/www.beitalhikma.tn\/","logo":{"@type":"ImageObject","inLanguage":"fr-FR","@id":"https:\/\/www.beitalhikma.tn\/#\/schema\/logo\/image\/","url":"https:\/\/www.beitalhikma.tn\/wp-content\/uploads\/2014\/11\/logo.png","contentUrl":"https:\/\/www.beitalhikma.tn\/wp-content\/uploads\/2014\/11\/logo.png","width":288,"height":109,"caption":"Beit Al Hikma"},"image":{"@id":"https:\/\/www.beitalhikma.tn\/#\/schema\/logo\/image\/"},"sameAs":["https:\/\/www.facebook.com\/BeitalhikmaTunisie\/","https:\/\/x.com\/Beit_alhikma_TN","https:\/\/www.youtube.com\/channel\/UCl8EfDXqt5MFfcEY0UYhevg"]}]}},"uagb_featured_image_src":{"full":["https:\/\/www.beitalhikma.tn\/wp-content\/uploads\/2026\/01\/Couverture-Finale-12.jpg",413,679,false],"thumbnail":["https:\/\/www.beitalhikma.tn\/wp-content\/uploads\/2026\/01\/Couverture-Finale-12-250x300.jpg",250,300,true],"medium":["https:\/\/www.beitalhikma.tn\/wp-content\/uploads\/2026\/01\/Couverture-Finale-12-182x300.jpg",182,300,true],"medium_large":["https:\/\/www.beitalhikma.tn\/wp-content\/uploads\/2026\/01\/Couverture-Finale-12.jpg",413,679,false],"large":["https:\/\/www.beitalhikma.tn\/wp-content\/uploads\/2026\/01\/Couverture-Finale-12.jpg",413,679,false],"thumblist":["https:\/\/www.beitalhikma.tn\/wp-content\/uploads\/2026\/01\/Couverture-Finale-12-300x300.jpg",300,300,true],"meccarouselthumb":["https:\/\/www.beitalhikma.tn\/wp-content\/uploads\/2026\/01\/Couverture-Finale-12-413x324.jpg",413,324,true],"gridsquare":["https:\/\/www.beitalhikma.tn\/wp-content\/uploads\/2026\/01\/Couverture-Finale-12-391x260.jpg",391,260,true],"tileview":["https:\/\/www.beitalhikma.tn\/wp-content\/uploads\/2026\/01\/Couverture-Finale-12-300x400.jpg",300,400,true],"1536x1536":["https:\/\/www.beitalhikma.tn\/wp-content\/uploads\/2026\/01\/Couverture-Finale-12.jpg",413,679,false],"2048x2048":["https:\/\/www.beitalhikma.tn\/wp-content\/uploads\/2026\/01\/Couverture-Finale-12.jpg",413,679,false],"post-thumbnail":["https:\/\/www.beitalhikma.tn\/wp-content\/uploads\/2026\/01\/Couverture-Finale-12-89x146.jpg",89,146,true],"50x50":["https:\/\/www.beitalhikma.tn\/wp-content\/uploads\/2026\/01\/Couverture-Finale-12-30x50.jpg",30,50,true],"portfolio-list":["https:\/\/www.beitalhikma.tn\/wp-content\/uploads\/2026\/01\/Couverture-Finale-12-413x400.jpg",413,400,true],"portfolio-fs":["https:\/\/www.beitalhikma.tn\/wp-content\/uploads\/2026\/01\/Couverture-Finale-12-413x543.jpg",413,543,true],"portfolio-slider":["https:\/\/www.beitalhikma.tn\/wp-content\/uploads\/2026\/01\/Couverture-Finale-12-380x380.jpg",380,380,true],"blog":["https:\/\/www.beitalhikma.tn\/wp-content\/uploads\/2026\/01\/Couverture-Finale-12-413x341.jpg",413,341,true],"blog-single":["https:\/\/www.beitalhikma.tn\/wp-content\/uploads\/2026\/01\/Couverture-Finale-12-413x445.jpg",413,445,true],"blog-item":["https:\/\/www.beitalhikma.tn\/wp-content\/uploads\/2026\/01\/Couverture-Finale-12-413x224.jpg",413,224,true],"blog-widget":["https:\/\/www.beitalhikma.tn\/wp-content\/uploads\/2026\/01\/Couverture-Finale-12-80x60.jpg",80,60,true],"features":["https:\/\/www.beitalhikma.tn\/wp-content\/uploads\/2026\/01\/Couverture-Finale-12-90x90.jpg",90,90,true],"clients-slider":["https:\/\/www.beitalhikma.tn\/wp-content\/uploads\/2026\/01\/Couverture-Finale-12-49x80.jpg",49,80,true],"offer-slider":["https:\/\/www.beitalhikma.tn\/wp-content\/uploads\/2026\/01\/Couverture-Finale-12-413x438.jpg",413,438,true],"offer-slider-pg":["https:\/\/www.beitalhikma.tn\/wp-content\/uploads\/2026\/01\/Couverture-Finale-12-42x42.jpg",42,42,true],"woocommerce_thumbnail":["https:\/\/www.beitalhikma.tn\/wp-content\/uploads\/2026\/01\/Couverture-Finale-12-250x300.jpg",250,300,true],"woocommerce_single":["https:\/\/www.beitalhikma.tn\/wp-content\/uploads\/2026\/01\/Couverture-Finale-12-250x411.jpg",250,411,true],"woocommerce_gallery_thumbnail":["https:\/\/www.beitalhikma.tn\/wp-content\/uploads\/2026\/01\/Couverture-Finale-12-100x100.jpg",100,100,true]},"uagb_author_info":{"display_name":"admin","author_link":"https:\/\/www.beitalhikma.tn\/fr\/author\/"},"uagb_comment_info":0,"uagb_excerpt":"Titre de l'ouvrage : M\u00e9langes de litt\u00e9rature compar\u00e9e, de critique litt\u00e9raire et de traductologie : volume d\u00e9di\u00e9 \u00e0 la m\u00e9moire du professeur Mongi Chemli 1931-2016) par ses coll\u00e8gues, ses \u00e9l\u00e8ves et ses amis Edit\u00e9 et introduit par : Omar Mokdad Jemni Dimensions : 16x24 Nombre de pages : 1009 Langue : arabe - fran\u00e7ais Date\u2026","_links":{"self":[{"href":"https:\/\/www.beitalhikma.tn\/fr\/wp-json\/wp\/v2\/product\/126807","targetHints":{"allow":["GET"]}}],"collection":[{"href":"https:\/\/www.beitalhikma.tn\/fr\/wp-json\/wp\/v2\/product"}],"about":[{"href":"https:\/\/www.beitalhikma.tn\/fr\/wp-json\/wp\/v2\/types\/product"}],"wp:featuredmedia":[{"embeddable":true,"href":"https:\/\/www.beitalhikma.tn\/fr\/wp-json\/wp\/v2\/media\/126804"}],"wp:attachment":[{"href":"https:\/\/www.beitalhikma.tn\/fr\/wp-json\/wp\/v2\/media?parent=126807"}],"wp:term":[{"taxonomy":"product_brand","embeddable":true,"href":"https:\/\/www.beitalhikma.tn\/fr\/wp-json\/wp\/v2\/product_brand?post=126807"},{"taxonomy":"product_cat","embeddable":true,"href":"https:\/\/www.beitalhikma.tn\/fr\/wp-json\/wp\/v2\/product_cat?post=126807"},{"taxonomy":"product_tag","embeddable":true,"href":"https:\/\/www.beitalhikma.tn\/fr\/wp-json\/wp\/v2\/product_tag?post=126807"}],"curies":[{"name":"wp","href":"https:\/\/api.w.org\/{rel}","templated":true}]}}