{"id":13157,"date":"2017-02-16T16:13:13","date_gmt":"2017-02-16T15:13:13","guid":{"rendered":"http:\/\/www.beitalhikma.tn\/?post_type=product&#038;p=13157"},"modified":"2023-01-09T18:29:43","modified_gmt":"2023-01-09T17:29:43","slug":"la-peninsule-du-cap-bon-entre-crises-et-mutations","status":"publish","type":"product","link":"https:\/\/www.beitalhikma.tn\/fr\/publication\/acces-boutique\/livres-en-vente\/la-peninsule-du-cap-bon-entre-crises-et-mutations\/","title":{"rendered":"La p\u00e9ninsule du Cap Bon entre crises et mutations"},"content":{"rendered":"<p style=\"text-align: center;\"><em><strong>Autour d&#8217;un seul th\u00e8me, le pr\u00e9sent ouvrage refl\u00e8te la compl\u00e9mentarit\u00e9 des approches scientifiques adopt\u00e9es par les intervenants. Il englobe en effet des \u00e9tudes se rapportant \u00e0 l&#8217;histoire, \u00e0 la g\u00e9ographie, \u00e0 l&#8217;\u00e9conomie, \u00e0 l&#8217;anthropologie et au domaine socioculturel, pr\u00e9sent\u00e9es par des comp\u00e9tences acad\u00e9miques et des sp\u00e9cialistes dans diff\u00e9rentes disciplines et ce, \u00e0 l&#8217;occasion de la tenue du colloque scientifique organis\u00e9 par l&#8217;Acad\u00e9mie Tunisienne des Sciences, des Lettres \u00a0et des Arts Beit al-Hikma les 19 et 20 avril 2016 sur le th\u00e8me : La p\u00e9ninsule du Cap Bon entre crises et mutations.<\/strong><\/em><\/p>\n<p style=\"text-align: center;\"><em><strong>Certaines \u00e9tudes portent sur les caract\u00e9ristiques paysag\u00e8res au Cap Bon, ce qui est de nature \u00e0 expliquer la richesse des activit\u00e9s \u00e9conomiques qui sont en rapport avec la diversit\u00e9 de l&#8217;environnement et des habitants. D&#8217;autres mettent l&#8217;accent sur le d\u00e9veloppement et la dynamique environnementale.Une troisi\u00e8me s\u00e9rie d&#8217;articles montrent l&#8217;importance de la r\u00e9gion sur le plan de la multiplicit\u00e9 culturelle sachant qu&#8217;elle a bel et bien abrit\u00e9 sur son sol plusieurs cultures et civilisations et encourag\u00e9 des \u00e9trangers de diff\u00e9rentes nationalit\u00e9s et cultures \u00e0 venir s&#8217;y installer comme si c&#8217;\u00e9tait un lieu cosmopolite.<\/strong><\/em><\/p>\n","protected":false},"excerpt":{"rendered":"<ul>\n<li><strong>Titre de l\u2019ouvrage :<\/strong> La p\u00e9ninsule du Cap Bon entre crises et mutations<\/li>\n<li>Actes du colloque organis\u00e9 \u00e0 Be\u00eft al-Hikma les 19 et 20 avril 2016<br \/>\n<strong>Auteur :<\/strong> ouvrage collectif sous la direction de Mongi Bourgou<br \/>\n<strong>Langues :<\/strong> arabe &#8211; fran\u00e7ais<\/li>\n<li><strong>Date de parution :<\/strong> 2017<\/li>\n<li><strong>Format :<\/strong> 16&#215;24<\/li>\n<li><strong>ISBN :<\/strong> 9789973491756<\/li>\n<li><strong>Nombre de pages :<\/strong> 294<br \/>\n<strong>Th\u00e8me :<\/strong> pluridisciplinaire (\u00e9tudes d&#8217;ordre g\u00e9ographique, historique, sociologique, \u00e9conomique)<\/li>\n<li><strong>Poids :<\/strong> 500 gr<br \/>\n<b>Situation :\u00a0<\/b>disponible<\/li>\n<\/ul>\n","protected":false},"featured_media":13158,"template":"","meta":{"_uag_custom_page_level_css":""},"product_brand":[],"product_cat":[11],"product_tag":[],"class_list":{"0":"post-13157","1":"product","2":"type-product","3":"status-publish","4":"has-post-thumbnail","6":"product_cat-livres-en-vente","8":"first","9":"instock","10":"sale","11":"shipping-taxable","12":"purchasable","13":"product-type-simple"},"yoast_head":"<!-- This site is optimized with the Yoast SEO plugin v27.5 - https:\/\/yoast.com\/product\/yoast-seo-wordpress\/ -->\n<title>La p\u00e9ninsule du Cap Bon entre crises et mutations - Beit al-Hikma<\/title>\n<meta name=\"robots\" content=\"index, follow, max-snippet:-1, max-image-preview:large, max-video-preview:-1\" \/>\n<link rel=\"canonical\" href=\"https:\/\/www.beitalhikma.tn\/fr\/publication\/acces-boutique\/livres-en-vente\/la-peninsule-du-cap-bon-entre-crises-et-mutations\/\" \/>\n<meta property=\"og:locale\" content=\"fr_FR\" \/>\n<meta property=\"og:type\" content=\"article\" \/>\n<meta property=\"og:title\" content=\"La p\u00e9ninsule du Cap Bon entre crises et mutations - Beit al-Hikma\" \/>\n<meta property=\"og:description\" content=\"Titre de l\u2019ouvrage : La p\u00e9ninsule du Cap Bon entre crises et mutations  Actes du colloque organis\u00e9 \u00e0 Be\u00eft al-Hikma les 19 et 20 avril 2016 Auteur : ouvrage collectif sous la direction de Mongi Bourgou Langues : arabe - fran\u00e7ais  Date de parution : 2017  Format : 16x24  ISBN : 9789973491756  Nombre de pages : 294 Th\u00e8me : pluridisciplinaire (\u00e9tudes d&#039;ordre g\u00e9ographique, historique, sociologique, \u00e9conomique)  Poids : 500 gr Situation :\u00a0disponible\" \/>\n<meta property=\"og:url\" content=\"https:\/\/www.beitalhikma.tn\/fr\/publication\/acces-boutique\/livres-en-vente\/la-peninsule-du-cap-bon-entre-crises-et-mutations\/\" \/>\n<meta property=\"og:site_name\" content=\"Beit al-Hikma\" \/>\n<meta property=\"article:publisher\" content=\"https:\/\/www.facebook.com\/BeitalhikmaTunisie\/\" \/>\n<meta property=\"article:modified_time\" content=\"2023-01-09T17:29:43+00:00\" \/>\n<meta property=\"og:image\" content=\"https:\/\/www.beitalhikma.tn\/wp-content\/uploads\/2017\/02\/couverture-e1487326965855.jpg\" \/>\n\t<meta property=\"og:image:width\" content=\"165\" \/>\n\t<meta property=\"og:image:height\" content=\"220\" \/>\n\t<meta property=\"og:image:type\" content=\"image\/jpeg\" \/>\n<meta name=\"twitter:card\" content=\"summary_large_image\" \/>\n<meta name=\"twitter:site\" content=\"@Beit_alhikma_TN\" \/>\n<meta name=\"twitter:label1\" content=\"Dur\u00e9e de lecture estim\u00e9e\" \/>\n\t<meta name=\"twitter:data1\" content=\"1 minute\" \/>\n<script type=\"application\/ld+json\" class=\"yoast-schema-graph\">{\"@context\":\"https:\\\/\\\/schema.org\",\"@graph\":[{\"@type\":\"WebPage\",\"@id\":\"https:\\\/\\\/www.beitalhikma.tn\\\/fr\\\/publication\\\/acces-boutique\\\/livres-en-vente\\\/la-peninsule-du-cap-bon-entre-crises-et-mutations\\\/\",\"url\":\"https:\\\/\\\/www.beitalhikma.tn\\\/fr\\\/publication\\\/acces-boutique\\\/livres-en-vente\\\/la-peninsule-du-cap-bon-entre-crises-et-mutations\\\/\",\"name\":\"La p\u00e9ninsule du Cap Bon entre crises et mutations - Beit al-Hikma\",\"isPartOf\":{\"@id\":\"https:\\\/\\\/www.beitalhikma.tn\\\/#website\"},\"primaryImageOfPage\":{\"@id\":\"https:\\\/\\\/www.beitalhikma.tn\\\/fr\\\/publication\\\/acces-boutique\\\/livres-en-vente\\\/la-peninsule-du-cap-bon-entre-crises-et-mutations\\\/#primaryimage\"},\"image\":{\"@id\":\"https:\\\/\\\/www.beitalhikma.tn\\\/fr\\\/publication\\\/acces-boutique\\\/livres-en-vente\\\/la-peninsule-du-cap-bon-entre-crises-et-mutations\\\/#primaryimage\"},\"thumbnailUrl\":\"https:\\\/\\\/www.beitalhikma.tn\\\/wp-content\\\/uploads\\\/2017\\\/02\\\/couverture-e1487326965855.jpg\",\"datePublished\":\"2017-02-16T15:13:13+00:00\",\"dateModified\":\"2023-01-09T17:29:43+00:00\",\"breadcrumb\":{\"@id\":\"https:\\\/\\\/www.beitalhikma.tn\\\/fr\\\/publication\\\/acces-boutique\\\/livres-en-vente\\\/la-peninsule-du-cap-bon-entre-crises-et-mutations\\\/#breadcrumb\"},\"inLanguage\":\"fr-FR\",\"potentialAction\":[{\"@type\":\"ReadAction\",\"target\":[\"https:\\\/\\\/www.beitalhikma.tn\\\/fr\\\/publication\\\/acces-boutique\\\/livres-en-vente\\\/la-peninsule-du-cap-bon-entre-crises-et-mutations\\\/\"]}]},{\"@type\":\"ImageObject\",\"inLanguage\":\"fr-FR\",\"@id\":\"https:\\\/\\\/www.beitalhikma.tn\\\/fr\\\/publication\\\/acces-boutique\\\/livres-en-vente\\\/la-peninsule-du-cap-bon-entre-crises-et-mutations\\\/#primaryimage\",\"url\":\"https:\\\/\\\/www.beitalhikma.tn\\\/wp-content\\\/uploads\\\/2017\\\/02\\\/couverture-e1487326965855.jpg\",\"contentUrl\":\"https:\\\/\\\/www.beitalhikma.tn\\\/wp-content\\\/uploads\\\/2017\\\/02\\\/couverture-e1487326965855.jpg\",\"width\":165,\"height\":220},{\"@type\":\"BreadcrumbList\",\"@id\":\"https:\\\/\\\/www.beitalhikma.tn\\\/fr\\\/publication\\\/acces-boutique\\\/livres-en-vente\\\/la-peninsule-du-cap-bon-entre-crises-et-mutations\\\/#breadcrumb\",\"itemListElement\":[{\"@type\":\"ListItem\",\"position\":1,\"name\":\"Accueil\",\"item\":\"https:\\\/\\\/www.beitalhikma.tn\\\/fr\\\/\"},{\"@type\":\"ListItem\",\"position\":2,\"name\":\"Boutique\",\"item\":\"https:\\\/\\\/www.beitalhikma.tn\\\/fr\\\/boutique\\\/\"},{\"@type\":\"ListItem\",\"position\":3,\"name\":\"La p\u00e9ninsule du Cap Bon entre crises et mutations\"}]},{\"@type\":\"WebSite\",\"@id\":\"https:\\\/\\\/www.beitalhikma.tn\\\/#website\",\"url\":\"https:\\\/\\\/www.beitalhikma.tn\\\/\",\"name\":\"Beit al-Hikma\",\"description\":\"L&#039;Acad\u00e9mie Tunisienne des Sciences, des Lettres  et des Arts\",\"publisher\":{\"@id\":\"https:\\\/\\\/www.beitalhikma.tn\\\/#organization\"},\"potentialAction\":[{\"@type\":\"SearchAction\",\"target\":{\"@type\":\"EntryPoint\",\"urlTemplate\":\"https:\\\/\\\/www.beitalhikma.tn\\\/?s={search_term_string}\"},\"query-input\":{\"@type\":\"PropertyValueSpecification\",\"valueRequired\":true,\"valueName\":\"search_term_string\"}}],\"inLanguage\":\"fr-FR\"},{\"@type\":\"Organization\",\"@id\":\"https:\\\/\\\/www.beitalhikma.tn\\\/#organization\",\"name\":\"Beit Al Hikma\",\"url\":\"https:\\\/\\\/www.beitalhikma.tn\\\/\",\"logo\":{\"@type\":\"ImageObject\",\"inLanguage\":\"fr-FR\",\"@id\":\"https:\\\/\\\/www.beitalhikma.tn\\\/#\\\/schema\\\/logo\\\/image\\\/\",\"url\":\"https:\\\/\\\/www.beitalhikma.tn\\\/wp-content\\\/uploads\\\/2014\\\/11\\\/logo.png\",\"contentUrl\":\"https:\\\/\\\/www.beitalhikma.tn\\\/wp-content\\\/uploads\\\/2014\\\/11\\\/logo.png\",\"width\":288,\"height\":109,\"caption\":\"Beit Al Hikma\"},\"image\":{\"@id\":\"https:\\\/\\\/www.beitalhikma.tn\\\/#\\\/schema\\\/logo\\\/image\\\/\"},\"sameAs\":[\"https:\\\/\\\/www.facebook.com\\\/BeitalhikmaTunisie\\\/\",\"https:\\\/\\\/x.com\\\/Beit_alhikma_TN\",\"https:\\\/\\\/www.youtube.com\\\/channel\\\/UCl8EfDXqt5MFfcEY0UYhevg\"]}]}<\/script>\n<!-- \/ Yoast SEO plugin. -->","yoast_head_json":{"title":"La p\u00e9ninsule du Cap Bon entre crises et mutations - Beit al-Hikma","robots":{"index":"index","follow":"follow","max-snippet":"max-snippet:-1","max-image-preview":"max-image-preview:large","max-video-preview":"max-video-preview:-1"},"canonical":"https:\/\/www.beitalhikma.tn\/fr\/publication\/acces-boutique\/livres-en-vente\/la-peninsule-du-cap-bon-entre-crises-et-mutations\/","og_locale":"fr_FR","og_type":"article","og_title":"La p\u00e9ninsule du Cap Bon entre crises et mutations - Beit al-Hikma","og_description":"Titre de l\u2019ouvrage : La p\u00e9ninsule du Cap Bon entre crises et mutations  Actes du colloque organis\u00e9 \u00e0 Be\u00eft al-Hikma les 19 et 20 avril 2016 Auteur : ouvrage collectif sous la direction de Mongi Bourgou Langues : arabe - fran\u00e7ais  Date de parution : 2017  Format : 16x24  ISBN : 9789973491756  Nombre de pages : 294 Th\u00e8me : pluridisciplinaire (\u00e9tudes d'ordre g\u00e9ographique, historique, sociologique, \u00e9conomique)  Poids : 500 gr Situation :\u00a0disponible","og_url":"https:\/\/www.beitalhikma.tn\/fr\/publication\/acces-boutique\/livres-en-vente\/la-peninsule-du-cap-bon-entre-crises-et-mutations\/","og_site_name":"Beit al-Hikma","article_publisher":"https:\/\/www.facebook.com\/BeitalhikmaTunisie\/","article_modified_time":"2023-01-09T17:29:43+00:00","og_image":[{"width":165,"height":220,"url":"https:\/\/www.beitalhikma.tn\/wp-content\/uploads\/2017\/02\/couverture-e1487326965855.jpg","type":"image\/jpeg"}],"twitter_card":"summary_large_image","twitter_site":"@Beit_alhikma_TN","twitter_misc":{"Dur\u00e9e de lecture estim\u00e9e":"1 minute"},"schema":{"@context":"https:\/\/schema.org","@graph":[{"@type":"WebPage","@id":"https:\/\/www.beitalhikma.tn\/fr\/publication\/acces-boutique\/livres-en-vente\/la-peninsule-du-cap-bon-entre-crises-et-mutations\/","url":"https:\/\/www.beitalhikma.tn\/fr\/publication\/acces-boutique\/livres-en-vente\/la-peninsule-du-cap-bon-entre-crises-et-mutations\/","name":"La p\u00e9ninsule du Cap Bon entre crises et mutations - Beit al-Hikma","isPartOf":{"@id":"https:\/\/www.beitalhikma.tn\/#website"},"primaryImageOfPage":{"@id":"https:\/\/www.beitalhikma.tn\/fr\/publication\/acces-boutique\/livres-en-vente\/la-peninsule-du-cap-bon-entre-crises-et-mutations\/#primaryimage"},"image":{"@id":"https:\/\/www.beitalhikma.tn\/fr\/publication\/acces-boutique\/livres-en-vente\/la-peninsule-du-cap-bon-entre-crises-et-mutations\/#primaryimage"},"thumbnailUrl":"https:\/\/www.beitalhikma.tn\/wp-content\/uploads\/2017\/02\/couverture-e1487326965855.jpg","datePublished":"2017-02-16T15:13:13+00:00","dateModified":"2023-01-09T17:29:43+00:00","breadcrumb":{"@id":"https:\/\/www.beitalhikma.tn\/fr\/publication\/acces-boutique\/livres-en-vente\/la-peninsule-du-cap-bon-entre-crises-et-mutations\/#breadcrumb"},"inLanguage":"fr-FR","potentialAction":[{"@type":"ReadAction","target":["https:\/\/www.beitalhikma.tn\/fr\/publication\/acces-boutique\/livres-en-vente\/la-peninsule-du-cap-bon-entre-crises-et-mutations\/"]}]},{"@type":"ImageObject","inLanguage":"fr-FR","@id":"https:\/\/www.beitalhikma.tn\/fr\/publication\/acces-boutique\/livres-en-vente\/la-peninsule-du-cap-bon-entre-crises-et-mutations\/#primaryimage","url":"https:\/\/www.beitalhikma.tn\/wp-content\/uploads\/2017\/02\/couverture-e1487326965855.jpg","contentUrl":"https:\/\/www.beitalhikma.tn\/wp-content\/uploads\/2017\/02\/couverture-e1487326965855.jpg","width":165,"height":220},{"@type":"BreadcrumbList","@id":"https:\/\/www.beitalhikma.tn\/fr\/publication\/acces-boutique\/livres-en-vente\/la-peninsule-du-cap-bon-entre-crises-et-mutations\/#breadcrumb","itemListElement":[{"@type":"ListItem","position":1,"name":"Accueil","item":"https:\/\/www.beitalhikma.tn\/fr\/"},{"@type":"ListItem","position":2,"name":"Boutique","item":"https:\/\/www.beitalhikma.tn\/fr\/boutique\/"},{"@type":"ListItem","position":3,"name":"La p\u00e9ninsule du Cap Bon entre crises et mutations"}]},{"@type":"WebSite","@id":"https:\/\/www.beitalhikma.tn\/#website","url":"https:\/\/www.beitalhikma.tn\/","name":"Beit al-Hikma","description":"L&#039;Acad\u00e9mie Tunisienne des Sciences, des Lettres  et des Arts","publisher":{"@id":"https:\/\/www.beitalhikma.tn\/#organization"},"potentialAction":[{"@type":"SearchAction","target":{"@type":"EntryPoint","urlTemplate":"https:\/\/www.beitalhikma.tn\/?s={search_term_string}"},"query-input":{"@type":"PropertyValueSpecification","valueRequired":true,"valueName":"search_term_string"}}],"inLanguage":"fr-FR"},{"@type":"Organization","@id":"https:\/\/www.beitalhikma.tn\/#organization","name":"Beit Al Hikma","url":"https:\/\/www.beitalhikma.tn\/","logo":{"@type":"ImageObject","inLanguage":"fr-FR","@id":"https:\/\/www.beitalhikma.tn\/#\/schema\/logo\/image\/","url":"https:\/\/www.beitalhikma.tn\/wp-content\/uploads\/2014\/11\/logo.png","contentUrl":"https:\/\/www.beitalhikma.tn\/wp-content\/uploads\/2014\/11\/logo.png","width":288,"height":109,"caption":"Beit Al Hikma"},"image":{"@id":"https:\/\/www.beitalhikma.tn\/#\/schema\/logo\/image\/"},"sameAs":["https:\/\/www.facebook.com\/BeitalhikmaTunisie\/","https:\/\/x.com\/Beit_alhikma_TN","https:\/\/www.youtube.com\/channel\/UCl8EfDXqt5MFfcEY0UYhevg"]}]}},"uagb_featured_image_src":{"full":["https:\/\/www.beitalhikma.tn\/wp-content\/uploads\/2017\/02\/couverture-e1487326965855.jpg",165,220,false],"thumbnail":["https:\/\/www.beitalhikma.tn\/wp-content\/uploads\/2017\/02\/couverture-250x300.jpg",250,300,true],"medium":["https:\/\/www.beitalhikma.tn\/wp-content\/uploads\/2017\/02\/couverture-225x300.jpg",225,300,true],"medium_large":["https:\/\/www.beitalhikma.tn\/wp-content\/uploads\/2017\/02\/couverture-e1487326965855.jpg",165,220,false],"large":["https:\/\/www.beitalhikma.tn\/wp-content\/uploads\/2017\/02\/couverture-769x1024.jpg",769,1024,true],"thumblist":["https:\/\/www.beitalhikma.tn\/wp-content\/uploads\/2017\/02\/couverture-e1487326965855.jpg",165,220,false],"meccarouselthumb":["https:\/\/www.beitalhikma.tn\/wp-content\/uploads\/2017\/02\/couverture-e1487326965855.jpg",165,220,false],"gridsquare":["https:\/\/www.beitalhikma.tn\/wp-content\/uploads\/2017\/02\/couverture-e1487326965855.jpg",165,220,false],"tileview":["https:\/\/www.beitalhikma.tn\/wp-content\/uploads\/2017\/02\/couverture-e1487326965855.jpg",165,220,false],"1536x1536":["https:\/\/www.beitalhikma.tn\/wp-content\/uploads\/2017\/02\/couverture-e1487326965855.jpg",165,220,false],"2048x2048":["https:\/\/www.beitalhikma.tn\/wp-content\/uploads\/2017\/02\/couverture-e1487326965855.jpg",165,220,false],"post-thumbnail":["https:\/\/www.beitalhikma.tn\/wp-content\/uploads\/2017\/02\/couverture-110x146.jpg",110,146,true],"50x50":["https:\/\/www.beitalhikma.tn\/wp-content\/uploads\/2017\/02\/couverture-38x50.jpg",38,50,true],"portfolio-list":["https:\/\/www.beitalhikma.tn\/wp-content\/uploads\/2017\/02\/couverture-600x400.jpg",600,400,true],"portfolio-fs":["https:\/\/www.beitalhikma.tn\/wp-content\/uploads\/2017\/02\/couverture-815x543.jpg",815,543,true],"portfolio-slider":["https:\/\/www.beitalhikma.tn\/wp-content\/uploads\/2017\/02\/couverture-380x380.jpg",380,380,true],"blog":["https:\/\/www.beitalhikma.tn\/wp-content\/uploads\/2017\/02\/couverture-564x341.jpg",564,341,true],"blog-single":["https:\/\/www.beitalhikma.tn\/wp-content\/uploads\/2017\/02\/couverture-1176x445.jpg",1176,445,true],"blog-item":["https:\/\/www.beitalhikma.tn\/wp-content\/uploads\/2017\/02\/couverture-504x224.jpg",504,224,true],"blog-widget":["https:\/\/www.beitalhikma.tn\/wp-content\/uploads\/2017\/02\/couverture-80x60.jpg",80,60,true],"features":["https:\/\/www.beitalhikma.tn\/wp-content\/uploads\/2017\/02\/couverture-90x90.jpg",90,90,true],"clients-slider":["https:\/\/www.beitalhikma.tn\/wp-content\/uploads\/2017\/02\/couverture-60x80.jpg",60,80,true],"offer-slider":["https:\/\/www.beitalhikma.tn\/wp-content\/uploads\/2017\/02\/couverture-776x438.jpg",776,438,true],"offer-slider-pg":["https:\/\/www.beitalhikma.tn\/wp-content\/uploads\/2017\/02\/couverture-42x42.jpg",42,42,true],"woocommerce_thumbnail":["https:\/\/www.beitalhikma.tn\/wp-content\/uploads\/2017\/02\/couverture-e1487326965855.jpg",165,220,false],"woocommerce_single":["https:\/\/www.beitalhikma.tn\/wp-content\/uploads\/2017\/02\/couverture-e1487326965855.jpg",165,220,false],"woocommerce_gallery_thumbnail":["https:\/\/www.beitalhikma.tn\/wp-content\/uploads\/2017\/02\/couverture-e1487326965855-100x100.jpg",100,100,true]},"uagb_author_info":{"display_name":"admin","author_link":"https:\/\/www.beitalhikma.tn\/fr\/author\/"},"uagb_comment_info":0,"uagb_excerpt":"Titre de l\u2019ouvrage : La p\u00e9ninsule du Cap Bon entre crises et mutations Actes du colloque organis\u00e9 \u00e0 Be\u00eft al-Hikma les 19 et 20 avril 2016 Auteur : ouvrage collectif sous la direction de Mongi Bourgou Langues : arabe - fran\u00e7ais Date de parution : 2017 Format : 16x24 ISBN : 9789973491756 Nombre de pages\u2026","_links":{"self":[{"href":"https:\/\/www.beitalhikma.tn\/fr\/wp-json\/wp\/v2\/product\/13157","targetHints":{"allow":["GET"]}}],"collection":[{"href":"https:\/\/www.beitalhikma.tn\/fr\/wp-json\/wp\/v2\/product"}],"about":[{"href":"https:\/\/www.beitalhikma.tn\/fr\/wp-json\/wp\/v2\/types\/product"}],"wp:featuredmedia":[{"embeddable":true,"href":"https:\/\/www.beitalhikma.tn\/fr\/wp-json\/wp\/v2\/media\/13158"}],"wp:attachment":[{"href":"https:\/\/www.beitalhikma.tn\/fr\/wp-json\/wp\/v2\/media?parent=13157"}],"wp:term":[{"taxonomy":"product_brand","embeddable":true,"href":"https:\/\/www.beitalhikma.tn\/fr\/wp-json\/wp\/v2\/product_brand?post=13157"},{"taxonomy":"product_cat","embeddable":true,"href":"https:\/\/www.beitalhikma.tn\/fr\/wp-json\/wp\/v2\/product_cat?post=13157"},{"taxonomy":"product_tag","embeddable":true,"href":"https:\/\/www.beitalhikma.tn\/fr\/wp-json\/wp\/v2\/product_tag?post=13157"}],"curies":[{"name":"wp","href":"https:\/\/api.w.org\/{rel}","templated":true}]}}