{"id":13506,"date":"2017-03-02T13:23:21","date_gmt":"2017-03-02T12:23:21","guid":{"rendered":"http:\/\/www.beitalhikma.tn\/?post_type=product&#038;p=13506"},"modified":"2022-09-08T14:30:51","modified_gmt":"2022-09-08T13:30:51","slug":"les-conferences-de-beit-al-hikma-2015-2016","status":"publish","type":"product","link":"https:\/\/www.beitalhikma.tn\/fr\/publication\/acces-boutique\/livres-en-vente\/les-conferences-de-beit-al-hikma-2015-2016\/","title":{"rendered":"Les Conf\u00e9rences de Be\u00eft al-Hikma (2015-2016)"},"content":{"rendered":"<p><em><strong>Cet ouvrage r\u00e9unit les th\u00e8mes abord\u00e9s lors des journ\u00e9es d&#8217;\u00e9tude et des rencontres-d\u00e9bats, il comporte en outre plusieurs conf\u00e9rences et actes de colloques organis\u00e9s par les d\u00e9partements scientifiques au sein de l&#8217;Acad\u00e9mie des Sciences, des Lettres et des arts au cours des deux ann\u00e9es cons\u00e9cutives 2015-2016.<\/strong><\/em><\/p>\n<p><em><strong>Les th\u00e8mes que comporte ce livre donnent une id\u00e9e sur les sp\u00e9cialit\u00e9s scientifique, litt\u00e9raire et de tous genres dont s&#8217;enorgueillit Beit-al-Hikma gr\u00e2ce \u00e0 la collaboration d&#8217;acad\u00e9miciens et d&#8217;\u00e9minents universitaires tunisiens et \u00e9trangers tel que le professeur Edgar Morin, invit\u00e9 par Beit-al-Hikma pour une rencontre-d\u00e9bat avec le penseur tunisien Abdel-Majid Charfi sur le th\u00e8me: &#8221; La pens\u00e9e vis \u00e0 vis de la probl\u00e9matique de la violence&#8221;.<\/strong><\/em><\/p>\n","protected":false},"excerpt":{"rendered":"<ul>\n<li><strong>Titre de l\u2019ouvrage :<\/strong> Les conf\u00e9rences de Be\u00eft al-Hikma (2015-2016)<br \/>\n<strong>Auteur :<\/strong> ouvrage collectif<br \/>\n<strong>Langues :<\/strong> arabe &#8211; fran\u00e7ais<\/li>\n<li><strong>Date de parution :<\/strong> 2017<\/li>\n<li><strong>Format :<\/strong> 16&#215;24<\/li>\n<li><strong>ISBN :<\/strong> 9789973491763<\/li>\n<li><strong>Nombre de pages :<\/strong> 628<br \/>\n<strong>Th\u00e8me :<\/strong> Sciences, litt\u00e9rature, libre-pens\u00e9e<\/li>\n<li><strong>Poids :<\/strong> 1100 gr<br \/>\n<b>Situation :\u00a0<\/b>disponible<\/li>\n<\/ul>\n","protected":false},"featured_media":13489,"template":"","meta":{"_uag_custom_page_level_css":""},"product_brand":[],"product_cat":[11],"product_tag":[],"class_list":{"0":"post-13506","1":"product","2":"type-product","3":"status-publish","4":"has-post-thumbnail","6":"product_cat-livres-en-vente","8":"first","9":"instock","10":"sale","11":"shipping-taxable","12":"purchasable","13":"product-type-simple"},"yoast_head":"<!-- This site is optimized with the Yoast SEO plugin v27.5 - https:\/\/yoast.com\/product\/yoast-seo-wordpress\/ -->\n<title>Les Conf\u00e9rences de Be\u00eft al-Hikma (2015-2016) - Beit al-Hikma<\/title>\n<meta name=\"robots\" content=\"index, follow, max-snippet:-1, max-image-preview:large, max-video-preview:-1\" \/>\n<link rel=\"canonical\" href=\"https:\/\/www.beitalhikma.tn\/fr\/publication\/acces-boutique\/livres-en-vente\/les-conferences-de-beit-al-hikma-2015-2016\/\" \/>\n<meta property=\"og:locale\" content=\"fr_FR\" \/>\n<meta property=\"og:type\" content=\"article\" \/>\n<meta property=\"og:title\" content=\"Les Conf\u00e9rences de Be\u00eft al-Hikma (2015-2016) - Beit al-Hikma\" \/>\n<meta property=\"og:description\" content=\"Titre de l\u2019ouvrage : Les conf\u00e9rences de Be\u00eft al-Hikma (2015-2016) Auteur : ouvrage collectif Langues : arabe - fran\u00e7ais  Date de parution : 2017  Format : 16x24  ISBN : 9789973491763  Nombre de pages : 628 Th\u00e8me : Sciences, litt\u00e9rature, libre-pens\u00e9e  Poids : 1100 gr Situation :\u00a0disponible\" \/>\n<meta property=\"og:url\" content=\"https:\/\/www.beitalhikma.tn\/fr\/publication\/acces-boutique\/livres-en-vente\/les-conferences-de-beit-al-hikma-2015-2016\/\" \/>\n<meta property=\"og:site_name\" content=\"Beit al-Hikma\" \/>\n<meta property=\"article:publisher\" content=\"https:\/\/www.facebook.com\/BeitalhikmaTunisie\/\" \/>\n<meta property=\"article:modified_time\" content=\"2022-09-08T13:30:51+00:00\" \/>\n<meta property=\"og:image\" content=\"https:\/\/www.beitalhikma.tn\/wp-content\/uploads\/2014\/11\/COUVERTURE-e1489153875571.jpg\" \/>\n\t<meta property=\"og:image:width\" content=\"120\" \/>\n\t<meta property=\"og:image:height\" content=\"166\" \/>\n\t<meta property=\"og:image:type\" content=\"image\/jpeg\" \/>\n<meta name=\"twitter:card\" content=\"summary_large_image\" \/>\n<meta name=\"twitter:site\" content=\"@Beit_alhikma_TN\" \/>\n<meta name=\"twitter:label1\" content=\"Dur\u00e9e de lecture estim\u00e9e\" \/>\n\t<meta name=\"twitter:data1\" content=\"1 minute\" \/>\n<script type=\"application\/ld+json\" class=\"yoast-schema-graph\">{\"@context\":\"https:\\\/\\\/schema.org\",\"@graph\":[{\"@type\":\"WebPage\",\"@id\":\"https:\\\/\\\/www.beitalhikma.tn\\\/fr\\\/publication\\\/acces-boutique\\\/livres-en-vente\\\/les-conferences-de-beit-al-hikma-2015-2016\\\/\",\"url\":\"https:\\\/\\\/www.beitalhikma.tn\\\/fr\\\/publication\\\/acces-boutique\\\/livres-en-vente\\\/les-conferences-de-beit-al-hikma-2015-2016\\\/\",\"name\":\"Les Conf\u00e9rences de Be\u00eft al-Hikma (2015-2016) - Beit al-Hikma\",\"isPartOf\":{\"@id\":\"https:\\\/\\\/www.beitalhikma.tn\\\/#website\"},\"primaryImageOfPage\":{\"@id\":\"https:\\\/\\\/www.beitalhikma.tn\\\/fr\\\/publication\\\/acces-boutique\\\/livres-en-vente\\\/les-conferences-de-beit-al-hikma-2015-2016\\\/#primaryimage\"},\"image\":{\"@id\":\"https:\\\/\\\/www.beitalhikma.tn\\\/fr\\\/publication\\\/acces-boutique\\\/livres-en-vente\\\/les-conferences-de-beit-al-hikma-2015-2016\\\/#primaryimage\"},\"thumbnailUrl\":\"https:\\\/\\\/www.beitalhikma.tn\\\/wp-content\\\/uploads\\\/2014\\\/11\\\/COUVERTURE-e1489153875571.jpg\",\"datePublished\":\"2017-03-02T12:23:21+00:00\",\"dateModified\":\"2022-09-08T13:30:51+00:00\",\"breadcrumb\":{\"@id\":\"https:\\\/\\\/www.beitalhikma.tn\\\/fr\\\/publication\\\/acces-boutique\\\/livres-en-vente\\\/les-conferences-de-beit-al-hikma-2015-2016\\\/#breadcrumb\"},\"inLanguage\":\"fr-FR\",\"potentialAction\":[{\"@type\":\"ReadAction\",\"target\":[\"https:\\\/\\\/www.beitalhikma.tn\\\/fr\\\/publication\\\/acces-boutique\\\/livres-en-vente\\\/les-conferences-de-beit-al-hikma-2015-2016\\\/\"]}]},{\"@type\":\"ImageObject\",\"inLanguage\":\"fr-FR\",\"@id\":\"https:\\\/\\\/www.beitalhikma.tn\\\/fr\\\/publication\\\/acces-boutique\\\/livres-en-vente\\\/les-conferences-de-beit-al-hikma-2015-2016\\\/#primaryimage\",\"url\":\"https:\\\/\\\/www.beitalhikma.tn\\\/wp-content\\\/uploads\\\/2014\\\/11\\\/COUVERTURE-e1489153875571.jpg\",\"contentUrl\":\"https:\\\/\\\/www.beitalhikma.tn\\\/wp-content\\\/uploads\\\/2014\\\/11\\\/COUVERTURE-e1489153875571.jpg\",\"width\":120,\"height\":166},{\"@type\":\"BreadcrumbList\",\"@id\":\"https:\\\/\\\/www.beitalhikma.tn\\\/fr\\\/publication\\\/acces-boutique\\\/livres-en-vente\\\/les-conferences-de-beit-al-hikma-2015-2016\\\/#breadcrumb\",\"itemListElement\":[{\"@type\":\"ListItem\",\"position\":1,\"name\":\"Accueil\",\"item\":\"https:\\\/\\\/www.beitalhikma.tn\\\/fr\\\/\"},{\"@type\":\"ListItem\",\"position\":2,\"name\":\"Boutique\",\"item\":\"https:\\\/\\\/www.beitalhikma.tn\\\/fr\\\/boutique\\\/\"},{\"@type\":\"ListItem\",\"position\":3,\"name\":\"Les Conf\u00e9rences de Be\u00eft al-Hikma (2015-2016)\"}]},{\"@type\":\"WebSite\",\"@id\":\"https:\\\/\\\/www.beitalhikma.tn\\\/#website\",\"url\":\"https:\\\/\\\/www.beitalhikma.tn\\\/\",\"name\":\"Beit al-Hikma\",\"description\":\"L&#039;Acad\u00e9mie Tunisienne des Sciences, des Lettres  et des Arts\",\"publisher\":{\"@id\":\"https:\\\/\\\/www.beitalhikma.tn\\\/#organization\"},\"potentialAction\":[{\"@type\":\"SearchAction\",\"target\":{\"@type\":\"EntryPoint\",\"urlTemplate\":\"https:\\\/\\\/www.beitalhikma.tn\\\/?s={search_term_string}\"},\"query-input\":{\"@type\":\"PropertyValueSpecification\",\"valueRequired\":true,\"valueName\":\"search_term_string\"}}],\"inLanguage\":\"fr-FR\"},{\"@type\":\"Organization\",\"@id\":\"https:\\\/\\\/www.beitalhikma.tn\\\/#organization\",\"name\":\"Beit Al Hikma\",\"url\":\"https:\\\/\\\/www.beitalhikma.tn\\\/\",\"logo\":{\"@type\":\"ImageObject\",\"inLanguage\":\"fr-FR\",\"@id\":\"https:\\\/\\\/www.beitalhikma.tn\\\/#\\\/schema\\\/logo\\\/image\\\/\",\"url\":\"https:\\\/\\\/www.beitalhikma.tn\\\/wp-content\\\/uploads\\\/2014\\\/11\\\/logo.png\",\"contentUrl\":\"https:\\\/\\\/www.beitalhikma.tn\\\/wp-content\\\/uploads\\\/2014\\\/11\\\/logo.png\",\"width\":288,\"height\":109,\"caption\":\"Beit Al Hikma\"},\"image\":{\"@id\":\"https:\\\/\\\/www.beitalhikma.tn\\\/#\\\/schema\\\/logo\\\/image\\\/\"},\"sameAs\":[\"https:\\\/\\\/www.facebook.com\\\/BeitalhikmaTunisie\\\/\",\"https:\\\/\\\/x.com\\\/Beit_alhikma_TN\",\"https:\\\/\\\/www.youtube.com\\\/channel\\\/UCl8EfDXqt5MFfcEY0UYhevg\"]}]}<\/script>\n<!-- \/ Yoast SEO plugin. -->","yoast_head_json":{"title":"Les Conf\u00e9rences de Be\u00eft al-Hikma (2015-2016) - Beit al-Hikma","robots":{"index":"index","follow":"follow","max-snippet":"max-snippet:-1","max-image-preview":"max-image-preview:large","max-video-preview":"max-video-preview:-1"},"canonical":"https:\/\/www.beitalhikma.tn\/fr\/publication\/acces-boutique\/livres-en-vente\/les-conferences-de-beit-al-hikma-2015-2016\/","og_locale":"fr_FR","og_type":"article","og_title":"Les Conf\u00e9rences de Be\u00eft al-Hikma (2015-2016) - Beit al-Hikma","og_description":"Titre de l\u2019ouvrage : Les conf\u00e9rences de Be\u00eft al-Hikma (2015-2016) Auteur : ouvrage collectif Langues : arabe - fran\u00e7ais  Date de parution : 2017  Format : 16x24  ISBN : 9789973491763  Nombre de pages : 628 Th\u00e8me : Sciences, litt\u00e9rature, libre-pens\u00e9e  Poids : 1100 gr Situation :\u00a0disponible","og_url":"https:\/\/www.beitalhikma.tn\/fr\/publication\/acces-boutique\/livres-en-vente\/les-conferences-de-beit-al-hikma-2015-2016\/","og_site_name":"Beit al-Hikma","article_publisher":"https:\/\/www.facebook.com\/BeitalhikmaTunisie\/","article_modified_time":"2022-09-08T13:30:51+00:00","og_image":[{"width":120,"height":166,"url":"https:\/\/www.beitalhikma.tn\/wp-content\/uploads\/2014\/11\/COUVERTURE-e1489153875571.jpg","type":"image\/jpeg"}],"twitter_card":"summary_large_image","twitter_site":"@Beit_alhikma_TN","twitter_misc":{"Dur\u00e9e de lecture estim\u00e9e":"1 minute"},"schema":{"@context":"https:\/\/schema.org","@graph":[{"@type":"WebPage","@id":"https:\/\/www.beitalhikma.tn\/fr\/publication\/acces-boutique\/livres-en-vente\/les-conferences-de-beit-al-hikma-2015-2016\/","url":"https:\/\/www.beitalhikma.tn\/fr\/publication\/acces-boutique\/livres-en-vente\/les-conferences-de-beit-al-hikma-2015-2016\/","name":"Les Conf\u00e9rences de Be\u00eft al-Hikma (2015-2016) - Beit al-Hikma","isPartOf":{"@id":"https:\/\/www.beitalhikma.tn\/#website"},"primaryImageOfPage":{"@id":"https:\/\/www.beitalhikma.tn\/fr\/publication\/acces-boutique\/livres-en-vente\/les-conferences-de-beit-al-hikma-2015-2016\/#primaryimage"},"image":{"@id":"https:\/\/www.beitalhikma.tn\/fr\/publication\/acces-boutique\/livres-en-vente\/les-conferences-de-beit-al-hikma-2015-2016\/#primaryimage"},"thumbnailUrl":"https:\/\/www.beitalhikma.tn\/wp-content\/uploads\/2014\/11\/COUVERTURE-e1489153875571.jpg","datePublished":"2017-03-02T12:23:21+00:00","dateModified":"2022-09-08T13:30:51+00:00","breadcrumb":{"@id":"https:\/\/www.beitalhikma.tn\/fr\/publication\/acces-boutique\/livres-en-vente\/les-conferences-de-beit-al-hikma-2015-2016\/#breadcrumb"},"inLanguage":"fr-FR","potentialAction":[{"@type":"ReadAction","target":["https:\/\/www.beitalhikma.tn\/fr\/publication\/acces-boutique\/livres-en-vente\/les-conferences-de-beit-al-hikma-2015-2016\/"]}]},{"@type":"ImageObject","inLanguage":"fr-FR","@id":"https:\/\/www.beitalhikma.tn\/fr\/publication\/acces-boutique\/livres-en-vente\/les-conferences-de-beit-al-hikma-2015-2016\/#primaryimage","url":"https:\/\/www.beitalhikma.tn\/wp-content\/uploads\/2014\/11\/COUVERTURE-e1489153875571.jpg","contentUrl":"https:\/\/www.beitalhikma.tn\/wp-content\/uploads\/2014\/11\/COUVERTURE-e1489153875571.jpg","width":120,"height":166},{"@type":"BreadcrumbList","@id":"https:\/\/www.beitalhikma.tn\/fr\/publication\/acces-boutique\/livres-en-vente\/les-conferences-de-beit-al-hikma-2015-2016\/#breadcrumb","itemListElement":[{"@type":"ListItem","position":1,"name":"Accueil","item":"https:\/\/www.beitalhikma.tn\/fr\/"},{"@type":"ListItem","position":2,"name":"Boutique","item":"https:\/\/www.beitalhikma.tn\/fr\/boutique\/"},{"@type":"ListItem","position":3,"name":"Les Conf\u00e9rences de Be\u00eft al-Hikma (2015-2016)"}]},{"@type":"WebSite","@id":"https:\/\/www.beitalhikma.tn\/#website","url":"https:\/\/www.beitalhikma.tn\/","name":"Beit al-Hikma","description":"L&#039;Acad\u00e9mie Tunisienne des Sciences, des Lettres  et des Arts","publisher":{"@id":"https:\/\/www.beitalhikma.tn\/#organization"},"potentialAction":[{"@type":"SearchAction","target":{"@type":"EntryPoint","urlTemplate":"https:\/\/www.beitalhikma.tn\/?s={search_term_string}"},"query-input":{"@type":"PropertyValueSpecification","valueRequired":true,"valueName":"search_term_string"}}],"inLanguage":"fr-FR"},{"@type":"Organization","@id":"https:\/\/www.beitalhikma.tn\/#organization","name":"Beit Al Hikma","url":"https:\/\/www.beitalhikma.tn\/","logo":{"@type":"ImageObject","inLanguage":"fr-FR","@id":"https:\/\/www.beitalhikma.tn\/#\/schema\/logo\/image\/","url":"https:\/\/www.beitalhikma.tn\/wp-content\/uploads\/2014\/11\/logo.png","contentUrl":"https:\/\/www.beitalhikma.tn\/wp-content\/uploads\/2014\/11\/logo.png","width":288,"height":109,"caption":"Beit Al Hikma"},"image":{"@id":"https:\/\/www.beitalhikma.tn\/#\/schema\/logo\/image\/"},"sameAs":["https:\/\/www.facebook.com\/BeitalhikmaTunisie\/","https:\/\/x.com\/Beit_alhikma_TN","https:\/\/www.youtube.com\/channel\/UCl8EfDXqt5MFfcEY0UYhevg"]}]}},"uagb_featured_image_src":{"full":["https:\/\/www.beitalhikma.tn\/wp-content\/uploads\/2014\/11\/COUVERTURE-e1489153875571.jpg",120,166,false],"thumbnail":["https:\/\/www.beitalhikma.tn\/wp-content\/uploads\/2014\/11\/COUVERTURE-250x300.jpg",250,300,true],"medium":["https:\/\/www.beitalhikma.tn\/wp-content\/uploads\/2014\/11\/COUVERTURE-217x300.jpg",217,300,true],"medium_large":["https:\/\/www.beitalhikma.tn\/wp-content\/uploads\/2014\/11\/COUVERTURE-e1489153875571.jpg",120,166,false],"large":["https:\/\/www.beitalhikma.tn\/wp-content\/uploads\/2014\/11\/COUVERTURE-e1489153875571.jpg",120,166,false],"thumblist":["https:\/\/www.beitalhikma.tn\/wp-content\/uploads\/2014\/11\/COUVERTURE-e1489153875571.jpg",120,166,false],"meccarouselthumb":["https:\/\/www.beitalhikma.tn\/wp-content\/uploads\/2014\/11\/COUVERTURE-e1489153875571.jpg",120,166,false],"gridsquare":["https:\/\/www.beitalhikma.tn\/wp-content\/uploads\/2014\/11\/COUVERTURE-e1489153875571.jpg",120,166,false],"tileview":["https:\/\/www.beitalhikma.tn\/wp-content\/uploads\/2014\/11\/COUVERTURE-e1489153875571.jpg",120,166,false],"1536x1536":["https:\/\/www.beitalhikma.tn\/wp-content\/uploads\/2014\/11\/COUVERTURE-e1489153875571.jpg",120,166,false],"2048x2048":["https:\/\/www.beitalhikma.tn\/wp-content\/uploads\/2014\/11\/COUVERTURE-e1489153875571.jpg",120,166,false],"post-thumbnail":["https:\/\/www.beitalhikma.tn\/wp-content\/uploads\/2014\/11\/COUVERTURE-106x146.jpg",106,146,true],"50x50":["https:\/\/www.beitalhikma.tn\/wp-content\/uploads\/2014\/11\/COUVERTURE-36x50.jpg",36,50,true],"portfolio-list":["https:\/\/www.beitalhikma.tn\/wp-content\/uploads\/2014\/11\/COUVERTURE-481x400.jpg",481,400,true],"portfolio-fs":["https:\/\/www.beitalhikma.tn\/wp-content\/uploads\/2014\/11\/COUVERTURE-481x543.jpg",481,543,true],"portfolio-slider":["https:\/\/www.beitalhikma.tn\/wp-content\/uploads\/2014\/11\/COUVERTURE-380x380.jpg",380,380,true],"blog":["https:\/\/www.beitalhikma.tn\/wp-content\/uploads\/2014\/11\/COUVERTURE-481x341.jpg",481,341,true],"blog-single":["https:\/\/www.beitalhikma.tn\/wp-content\/uploads\/2014\/11\/COUVERTURE-481x445.jpg",481,445,true],"blog-item":["https:\/\/www.beitalhikma.tn\/wp-content\/uploads\/2014\/11\/COUVERTURE-481x224.jpg",481,224,true],"blog-widget":["https:\/\/www.beitalhikma.tn\/wp-content\/uploads\/2014\/11\/COUVERTURE-80x60.jpg",80,60,true],"features":["https:\/\/www.beitalhikma.tn\/wp-content\/uploads\/2014\/11\/COUVERTURE-90x90.jpg",90,90,true],"clients-slider":["https:\/\/www.beitalhikma.tn\/wp-content\/uploads\/2014\/11\/COUVERTURE-58x80.jpg",58,80,true],"offer-slider":["https:\/\/www.beitalhikma.tn\/wp-content\/uploads\/2014\/11\/COUVERTURE-481x438.jpg",481,438,true],"offer-slider-pg":["https:\/\/www.beitalhikma.tn\/wp-content\/uploads\/2014\/11\/COUVERTURE-42x42.jpg",42,42,true],"woocommerce_thumbnail":["https:\/\/www.beitalhikma.tn\/wp-content\/uploads\/2014\/11\/COUVERTURE-e1489153875571.jpg",120,166,false],"woocommerce_single":["https:\/\/www.beitalhikma.tn\/wp-content\/uploads\/2014\/11\/COUVERTURE-e1489153875571.jpg",120,166,false],"woocommerce_gallery_thumbnail":["https:\/\/www.beitalhikma.tn\/wp-content\/uploads\/2014\/11\/COUVERTURE-e1489153875571-100x100.jpg",100,100,true]},"uagb_author_info":{"display_name":"admin","author_link":"https:\/\/www.beitalhikma.tn\/fr\/author\/"},"uagb_comment_info":0,"uagb_excerpt":"Titre de l\u2019ouvrage : Les conf\u00e9rences de Be\u00eft al-Hikma (2015-2016) Auteur : ouvrage collectif Langues : arabe - fran\u00e7ais Date de parution : 2017 Format : 16x24 ISBN : 9789973491763 Nombre de pages : 628 Th\u00e8me : Sciences, litt\u00e9rature, libre-pens\u00e9e Poids : 1100 gr Situation :\u00a0disponible","_links":{"self":[{"href":"https:\/\/www.beitalhikma.tn\/fr\/wp-json\/wp\/v2\/product\/13506","targetHints":{"allow":["GET"]}}],"collection":[{"href":"https:\/\/www.beitalhikma.tn\/fr\/wp-json\/wp\/v2\/product"}],"about":[{"href":"https:\/\/www.beitalhikma.tn\/fr\/wp-json\/wp\/v2\/types\/product"}],"wp:featuredmedia":[{"embeddable":true,"href":"https:\/\/www.beitalhikma.tn\/fr\/wp-json\/wp\/v2\/media\/13489"}],"wp:attachment":[{"href":"https:\/\/www.beitalhikma.tn\/fr\/wp-json\/wp\/v2\/media?parent=13506"}],"wp:term":[{"taxonomy":"product_brand","embeddable":true,"href":"https:\/\/www.beitalhikma.tn\/fr\/wp-json\/wp\/v2\/product_brand?post=13506"},{"taxonomy":"product_cat","embeddable":true,"href":"https:\/\/www.beitalhikma.tn\/fr\/wp-json\/wp\/v2\/product_cat?post=13506"},{"taxonomy":"product_tag","embeddable":true,"href":"https:\/\/www.beitalhikma.tn\/fr\/wp-json\/wp\/v2\/product_tag?post=13506"}],"curies":[{"name":"wp","href":"https:\/\/api.w.org\/{rel}","templated":true}]}}