{"id":13770,"date":"2017-02-22T13:03:20","date_gmt":"2017-03-10T13:33:26","guid":{"rendered":"http:\/\/www.beitalhikma.tn\/?post_type=product&#038;p=13770"},"modified":"2019-10-01T11:24:25","modified_gmt":"2019-10-01T10:24:25","slug":"13770","status":"publish","type":"product","link":"https:\/\/www.beitalhikma.tn\/fr\/publication\/acces-boutique\/livres-en-vente\/13770\/","title":{"rendered":"Table Ifriqienne : \u00e9tude portant sur diff\u00e9rentes sortes de repas"},"content":{"rendered":"<p><em><strong>La publication du pr\u00e9sent ouvrage s&#8217;inscrit dans le cadre des s\u00e9ries d&#8217;\u00e9tudes et de recherches publi\u00e9es par l&#8217;Acad\u00e9mie Tunisienne des Sciences, des Lettres et des Arts, Beit-al-Hikma portant sur diff\u00e9rents th\u00e8mes scientifiques, litt\u00e9raires et artistiques.\u00a0<\/strong><\/em><\/p>\n<p><em><strong>L&#8217;auteur s&#8217;y int\u00e9resse particuli\u00e8rement aux diff\u00e9rents mets servis lors des repas tout en cherchant \u00e0 savoir l&#8217;\u00e9tymologie voire l&#8217;acception exacte du vocabulaire employ\u00e9 dans ce domaine. L&#8217;art culinaire, pour l&#8217;auteur, s&#8217;appuie sur beaucoup de \u00a0connaissances et revendique une certaine doigt\u00e9 artistique d&#8217;o\u00f9 son appartenance \u00e0 l&#8217;histoire et au patrimoine. On saisit par le truchement de cet art les sp\u00e9cificit\u00e9s des soci\u00e9t\u00e9s telles que les dimensions du gout et du collectif appartenant aux diff\u00e9rentes civilisations.<\/strong><\/em><\/p>\n<p><em><strong>L&#8217;auteur y \u00e9tudie \u00e9galement ce qui est diff\u00e9rent et ce qui est partag\u00e9 entre Ifriqiens, maghr\u00e9bins et orientaux. Pour ce faire, Sihem Dabbabi \u00a0a eu recours \u00e0 des r\u00e9f\u00e9rences multiples: ouvrages de biographie,de m\u00e9decine, d&#8217;histoire et de g\u00e9ographie.<\/strong><\/em><\/p>\n","protected":false},"excerpt":{"rendered":"<ul>\n<li><strong>Titre de l\u2019ouvrage :<\/strong> Table Ifriqienne : \u00e9tude portant sur diff\u00e9rentes sortes de repas<br \/>\n<strong>Auteur :<\/strong> Sihem Dabbabi Missaoui<br \/>\n<strong>Langue :<\/strong>\u00a0arabe<\/li>\n<li><strong>Date de parution :<\/strong> 2017<\/li>\n<li><strong>Format :<\/strong> 16&#215;24<\/li>\n<li><strong>ISBN :<\/strong> 9789973491749<\/li>\n<li><strong>Nombre de pages :<\/strong> 331<br \/>\n<strong>Th\u00e8me :<\/strong> patrimoine<\/li>\n<li><strong>Poids :<\/strong> 600 gr<br \/>\n<b>Situation :\u00a0<\/b>disponible<\/li>\n<\/ul>\n","protected":false},"featured_media":13299,"template":"","meta":{"_uag_custom_page_level_css":""},"product_brand":[],"product_cat":[11],"product_tag":[],"class_list":{"0":"post-13770","1":"product","2":"type-product","3":"status-publish","4":"has-post-thumbnail","6":"product_cat-livres-en-vente","8":"first","9":"instock","10":"sale","11":"shipping-taxable","12":"purchasable","13":"product-type-simple"},"yoast_head":"<!-- This site is optimized with the Yoast SEO plugin v27.4 - https:\/\/yoast.com\/product\/yoast-seo-wordpress\/ -->\n<title>Table Ifriqienne : \u00e9tude portant sur diff\u00e9rentes sortes de repas - Beit al-Hikma<\/title>\n<meta name=\"robots\" content=\"index, follow, max-snippet:-1, max-image-preview:large, max-video-preview:-1\" \/>\n<link rel=\"canonical\" href=\"https:\/\/www.beitalhikma.tn\/fr\/publication\/acces-boutique\/livres-en-vente\/13770\/\" \/>\n<meta property=\"og:locale\" content=\"fr_FR\" \/>\n<meta property=\"og:type\" content=\"article\" \/>\n<meta property=\"og:title\" content=\"Table Ifriqienne : \u00e9tude portant sur diff\u00e9rentes sortes de repas - Beit al-Hikma\" \/>\n<meta property=\"og:description\" content=\"Titre de l\u2019ouvrage : Table Ifriqienne : \u00e9tude portant sur diff\u00e9rentes sortes de repas Auteur : Sihem Dabbabi Missaoui Langue :\u00a0arabe  Date de parution : 2017  Format : 16x24  ISBN : 9789973491749  Nombre de pages : 331 Th\u00e8me : patrimoine  Poids : 600 gr Situation :\u00a0disponible\" \/>\n<meta property=\"og:url\" content=\"https:\/\/www.beitalhikma.tn\/fr\/publication\/acces-boutique\/livres-en-vente\/13770\/\" \/>\n<meta property=\"og:site_name\" content=\"Beit al-Hikma\" \/>\n<meta property=\"article:publisher\" content=\"https:\/\/www.facebook.com\/BeitalhikmaTunisie\/\" \/>\n<meta property=\"article:modified_time\" content=\"2019-10-01T10:24:25+00:00\" \/>\n<meta property=\"og:image\" content=\"https:\/\/www.beitalhikma.tn\/wp-content\/uploads\/2017\/02\/couverture3.jpg\" \/>\n\t<meta property=\"og:image:width\" content=\"719\" \/>\n\t<meta property=\"og:image:height\" content=\"1093\" \/>\n\t<meta property=\"og:image:type\" content=\"image\/jpeg\" \/>\n<meta name=\"twitter:card\" content=\"summary_large_image\" \/>\n<meta name=\"twitter:site\" content=\"@Beit_alhikma_TN\" \/>\n<meta name=\"twitter:label1\" content=\"Dur\u00e9e de lecture estim\u00e9e\" \/>\n\t<meta name=\"twitter:data1\" content=\"1 minute\" \/>\n<script type=\"application\/ld+json\" class=\"yoast-schema-graph\">{\"@context\":\"https:\\\/\\\/schema.org\",\"@graph\":[{\"@type\":\"WebPage\",\"@id\":\"https:\\\/\\\/www.beitalhikma.tn\\\/fr\\\/publication\\\/acces-boutique\\\/livres-en-vente\\\/13770\\\/\",\"url\":\"https:\\\/\\\/www.beitalhikma.tn\\\/fr\\\/publication\\\/acces-boutique\\\/livres-en-vente\\\/13770\\\/\",\"name\":\"Table Ifriqienne : \u00e9tude portant sur diff\u00e9rentes sortes de repas - Beit al-Hikma\",\"isPartOf\":{\"@id\":\"https:\\\/\\\/www.beitalhikma.tn\\\/#website\"},\"primaryImageOfPage\":{\"@id\":\"https:\\\/\\\/www.beitalhikma.tn\\\/fr\\\/publication\\\/acces-boutique\\\/livres-en-vente\\\/13770\\\/#primaryimage\"},\"image\":{\"@id\":\"https:\\\/\\\/www.beitalhikma.tn\\\/fr\\\/publication\\\/acces-boutique\\\/livres-en-vente\\\/13770\\\/#primaryimage\"},\"thumbnailUrl\":\"https:\\\/\\\/www.beitalhikma.tn\\\/wp-content\\\/uploads\\\/2017\\\/02\\\/couverture3.jpg\",\"datePublished\":\"2017-03-10T13:33:26+00:00\",\"dateModified\":\"2019-10-01T10:24:25+00:00\",\"breadcrumb\":{\"@id\":\"https:\\\/\\\/www.beitalhikma.tn\\\/fr\\\/publication\\\/acces-boutique\\\/livres-en-vente\\\/13770\\\/#breadcrumb\"},\"inLanguage\":\"fr-FR\",\"potentialAction\":[{\"@type\":\"ReadAction\",\"target\":[\"https:\\\/\\\/www.beitalhikma.tn\\\/fr\\\/publication\\\/acces-boutique\\\/livres-en-vente\\\/13770\\\/\"]}]},{\"@type\":\"ImageObject\",\"inLanguage\":\"fr-FR\",\"@id\":\"https:\\\/\\\/www.beitalhikma.tn\\\/fr\\\/publication\\\/acces-boutique\\\/livres-en-vente\\\/13770\\\/#primaryimage\",\"url\":\"https:\\\/\\\/www.beitalhikma.tn\\\/wp-content\\\/uploads\\\/2017\\\/02\\\/couverture3.jpg\",\"contentUrl\":\"https:\\\/\\\/www.beitalhikma.tn\\\/wp-content\\\/uploads\\\/2017\\\/02\\\/couverture3.jpg\",\"width\":719,\"height\":1093},{\"@type\":\"BreadcrumbList\",\"@id\":\"https:\\\/\\\/www.beitalhikma.tn\\\/fr\\\/publication\\\/acces-boutique\\\/livres-en-vente\\\/13770\\\/#breadcrumb\",\"itemListElement\":[{\"@type\":\"ListItem\",\"position\":1,\"name\":\"Accueil\",\"item\":\"https:\\\/\\\/www.beitalhikma.tn\\\/fr\\\/\"},{\"@type\":\"ListItem\",\"position\":2,\"name\":\"Boutique\",\"item\":\"https:\\\/\\\/www.beitalhikma.tn\\\/fr\\\/boutique\\\/\"},{\"@type\":\"ListItem\",\"position\":3,\"name\":\"Table Ifriqienne : \u00e9tude portant sur diff\u00e9rentes sortes de repas\"}]},{\"@type\":\"WebSite\",\"@id\":\"https:\\\/\\\/www.beitalhikma.tn\\\/#website\",\"url\":\"https:\\\/\\\/www.beitalhikma.tn\\\/\",\"name\":\"Beit al-Hikma\",\"description\":\"L&#039;Acad\u00e9mie Tunisienne des Sciences, des Lettres  et des Arts\",\"publisher\":{\"@id\":\"https:\\\/\\\/www.beitalhikma.tn\\\/#organization\"},\"potentialAction\":[{\"@type\":\"SearchAction\",\"target\":{\"@type\":\"EntryPoint\",\"urlTemplate\":\"https:\\\/\\\/www.beitalhikma.tn\\\/?s={search_term_string}\"},\"query-input\":{\"@type\":\"PropertyValueSpecification\",\"valueRequired\":true,\"valueName\":\"search_term_string\"}}],\"inLanguage\":\"fr-FR\"},{\"@type\":\"Organization\",\"@id\":\"https:\\\/\\\/www.beitalhikma.tn\\\/#organization\",\"name\":\"Beit Al Hikma\",\"url\":\"https:\\\/\\\/www.beitalhikma.tn\\\/\",\"logo\":{\"@type\":\"ImageObject\",\"inLanguage\":\"fr-FR\",\"@id\":\"https:\\\/\\\/www.beitalhikma.tn\\\/#\\\/schema\\\/logo\\\/image\\\/\",\"url\":\"https:\\\/\\\/www.beitalhikma.tn\\\/wp-content\\\/uploads\\\/2014\\\/11\\\/logo.png\",\"contentUrl\":\"https:\\\/\\\/www.beitalhikma.tn\\\/wp-content\\\/uploads\\\/2014\\\/11\\\/logo.png\",\"width\":288,\"height\":109,\"caption\":\"Beit Al Hikma\"},\"image\":{\"@id\":\"https:\\\/\\\/www.beitalhikma.tn\\\/#\\\/schema\\\/logo\\\/image\\\/\"},\"sameAs\":[\"https:\\\/\\\/www.facebook.com\\\/BeitalhikmaTunisie\\\/\",\"https:\\\/\\\/x.com\\\/Beit_alhikma_TN\",\"https:\\\/\\\/www.youtube.com\\\/channel\\\/UCl8EfDXqt5MFfcEY0UYhevg\"]}]}<\/script>\n<!-- \/ Yoast SEO plugin. -->","yoast_head_json":{"title":"Table Ifriqienne : \u00e9tude portant sur diff\u00e9rentes sortes de repas - Beit al-Hikma","robots":{"index":"index","follow":"follow","max-snippet":"max-snippet:-1","max-image-preview":"max-image-preview:large","max-video-preview":"max-video-preview:-1"},"canonical":"https:\/\/www.beitalhikma.tn\/fr\/publication\/acces-boutique\/livres-en-vente\/13770\/","og_locale":"fr_FR","og_type":"article","og_title":"Table Ifriqienne : \u00e9tude portant sur diff\u00e9rentes sortes de repas - Beit al-Hikma","og_description":"Titre de l\u2019ouvrage : Table Ifriqienne : \u00e9tude portant sur diff\u00e9rentes sortes de repas Auteur : Sihem Dabbabi Missaoui Langue :\u00a0arabe  Date de parution : 2017  Format : 16x24  ISBN : 9789973491749  Nombre de pages : 331 Th\u00e8me : patrimoine  Poids : 600 gr Situation :\u00a0disponible","og_url":"https:\/\/www.beitalhikma.tn\/fr\/publication\/acces-boutique\/livres-en-vente\/13770\/","og_site_name":"Beit al-Hikma","article_publisher":"https:\/\/www.facebook.com\/BeitalhikmaTunisie\/","article_modified_time":"2019-10-01T10:24:25+00:00","og_image":[{"width":719,"height":1093,"url":"https:\/\/www.beitalhikma.tn\/wp-content\/uploads\/2017\/02\/couverture3.jpg","type":"image\/jpeg"}],"twitter_card":"summary_large_image","twitter_site":"@Beit_alhikma_TN","twitter_misc":{"Dur\u00e9e de lecture estim\u00e9e":"1 minute"},"schema":{"@context":"https:\/\/schema.org","@graph":[{"@type":"WebPage","@id":"https:\/\/www.beitalhikma.tn\/fr\/publication\/acces-boutique\/livres-en-vente\/13770\/","url":"https:\/\/www.beitalhikma.tn\/fr\/publication\/acces-boutique\/livres-en-vente\/13770\/","name":"Table Ifriqienne : \u00e9tude portant sur diff\u00e9rentes sortes de repas - Beit al-Hikma","isPartOf":{"@id":"https:\/\/www.beitalhikma.tn\/#website"},"primaryImageOfPage":{"@id":"https:\/\/www.beitalhikma.tn\/fr\/publication\/acces-boutique\/livres-en-vente\/13770\/#primaryimage"},"image":{"@id":"https:\/\/www.beitalhikma.tn\/fr\/publication\/acces-boutique\/livres-en-vente\/13770\/#primaryimage"},"thumbnailUrl":"https:\/\/www.beitalhikma.tn\/wp-content\/uploads\/2017\/02\/couverture3.jpg","datePublished":"2017-03-10T13:33:26+00:00","dateModified":"2019-10-01T10:24:25+00:00","breadcrumb":{"@id":"https:\/\/www.beitalhikma.tn\/fr\/publication\/acces-boutique\/livres-en-vente\/13770\/#breadcrumb"},"inLanguage":"fr-FR","potentialAction":[{"@type":"ReadAction","target":["https:\/\/www.beitalhikma.tn\/fr\/publication\/acces-boutique\/livres-en-vente\/13770\/"]}]},{"@type":"ImageObject","inLanguage":"fr-FR","@id":"https:\/\/www.beitalhikma.tn\/fr\/publication\/acces-boutique\/livres-en-vente\/13770\/#primaryimage","url":"https:\/\/www.beitalhikma.tn\/wp-content\/uploads\/2017\/02\/couverture3.jpg","contentUrl":"https:\/\/www.beitalhikma.tn\/wp-content\/uploads\/2017\/02\/couverture3.jpg","width":719,"height":1093},{"@type":"BreadcrumbList","@id":"https:\/\/www.beitalhikma.tn\/fr\/publication\/acces-boutique\/livres-en-vente\/13770\/#breadcrumb","itemListElement":[{"@type":"ListItem","position":1,"name":"Accueil","item":"https:\/\/www.beitalhikma.tn\/fr\/"},{"@type":"ListItem","position":2,"name":"Boutique","item":"https:\/\/www.beitalhikma.tn\/fr\/boutique\/"},{"@type":"ListItem","position":3,"name":"Table Ifriqienne : \u00e9tude portant sur diff\u00e9rentes sortes de repas"}]},{"@type":"WebSite","@id":"https:\/\/www.beitalhikma.tn\/#website","url":"https:\/\/www.beitalhikma.tn\/","name":"Beit al-Hikma","description":"L&#039;Acad\u00e9mie Tunisienne des Sciences, des Lettres  et des Arts","publisher":{"@id":"https:\/\/www.beitalhikma.tn\/#organization"},"potentialAction":[{"@type":"SearchAction","target":{"@type":"EntryPoint","urlTemplate":"https:\/\/www.beitalhikma.tn\/?s={search_term_string}"},"query-input":{"@type":"PropertyValueSpecification","valueRequired":true,"valueName":"search_term_string"}}],"inLanguage":"fr-FR"},{"@type":"Organization","@id":"https:\/\/www.beitalhikma.tn\/#organization","name":"Beit Al Hikma","url":"https:\/\/www.beitalhikma.tn\/","logo":{"@type":"ImageObject","inLanguage":"fr-FR","@id":"https:\/\/www.beitalhikma.tn\/#\/schema\/logo\/image\/","url":"https:\/\/www.beitalhikma.tn\/wp-content\/uploads\/2014\/11\/logo.png","contentUrl":"https:\/\/www.beitalhikma.tn\/wp-content\/uploads\/2014\/11\/logo.png","width":288,"height":109,"caption":"Beit Al Hikma"},"image":{"@id":"https:\/\/www.beitalhikma.tn\/#\/schema\/logo\/image\/"},"sameAs":["https:\/\/www.facebook.com\/BeitalhikmaTunisie\/","https:\/\/x.com\/Beit_alhikma_TN","https:\/\/www.youtube.com\/channel\/UCl8EfDXqt5MFfcEY0UYhevg"]}]}},"uagb_featured_image_src":{"full":["https:\/\/www.beitalhikma.tn\/wp-content\/uploads\/2017\/02\/couverture3.jpg",719,1093,false],"thumbnail":["https:\/\/www.beitalhikma.tn\/wp-content\/uploads\/2017\/02\/couverture3-250x300.jpg",250,300,true],"medium":["https:\/\/www.beitalhikma.tn\/wp-content\/uploads\/2017\/02\/couverture3-197x300.jpg",197,300,true],"medium_large":["https:\/\/www.beitalhikma.tn\/wp-content\/uploads\/2017\/02\/couverture3.jpg",719,1093,false],"large":["https:\/\/www.beitalhikma.tn\/wp-content\/uploads\/2017\/02\/couverture3-674x1024.jpg",674,1024,true],"thumblist":["https:\/\/www.beitalhikma.tn\/wp-content\/uploads\/2017\/02\/couverture3.jpg",197,300,false],"meccarouselthumb":["https:\/\/www.beitalhikma.tn\/wp-content\/uploads\/2017\/02\/couverture3.jpg",213,324,false],"gridsquare":["https:\/\/www.beitalhikma.tn\/wp-content\/uploads\/2017\/02\/couverture3.jpg",171,260,false],"tileview":["https:\/\/www.beitalhikma.tn\/wp-content\/uploads\/2017\/02\/couverture3.jpg",263,400,false],"1536x1536":["https:\/\/www.beitalhikma.tn\/wp-content\/uploads\/2017\/02\/couverture3.jpg",719,1093,false],"2048x2048":["https:\/\/www.beitalhikma.tn\/wp-content\/uploads\/2017\/02\/couverture3.jpg",719,1093,false],"post-thumbnail":["https:\/\/www.beitalhikma.tn\/wp-content\/uploads\/2017\/02\/couverture3-96x146.jpg",96,146,true],"50x50":["https:\/\/www.beitalhikma.tn\/wp-content\/uploads\/2017\/02\/couverture3-33x50.jpg",33,50,true],"portfolio-list":["https:\/\/www.beitalhikma.tn\/wp-content\/uploads\/2017\/02\/couverture3-600x400.jpg",600,400,true],"portfolio-fs":["https:\/\/www.beitalhikma.tn\/wp-content\/uploads\/2017\/02\/couverture3-719x543.jpg",719,543,true],"portfolio-slider":["https:\/\/www.beitalhikma.tn\/wp-content\/uploads\/2017\/02\/couverture3-380x380.jpg",380,380,true],"blog":["https:\/\/www.beitalhikma.tn\/wp-content\/uploads\/2017\/02\/couverture3-564x341.jpg",564,341,true],"blog-single":["https:\/\/www.beitalhikma.tn\/wp-content\/uploads\/2017\/02\/couverture3-719x445.jpg",719,445,true],"blog-item":["https:\/\/www.beitalhikma.tn\/wp-content\/uploads\/2017\/02\/couverture3-504x224.jpg",504,224,true],"blog-widget":["https:\/\/www.beitalhikma.tn\/wp-content\/uploads\/2017\/02\/couverture3-80x60.jpg",80,60,true],"features":["https:\/\/www.beitalhikma.tn\/wp-content\/uploads\/2017\/02\/couverture3-90x90.jpg",90,90,true],"clients-slider":["https:\/\/www.beitalhikma.tn\/wp-content\/uploads\/2017\/02\/couverture3-53x80.jpg",53,80,true],"offer-slider":["https:\/\/www.beitalhikma.tn\/wp-content\/uploads\/2017\/02\/couverture3-719x438.jpg",719,438,true],"offer-slider-pg":["https:\/\/www.beitalhikma.tn\/wp-content\/uploads\/2017\/02\/couverture3-42x42.jpg",42,42,true],"woocommerce_thumbnail":["https:\/\/www.beitalhikma.tn\/wp-content\/uploads\/2017\/02\/couverture3-250x300.jpg",250,300,true],"woocommerce_single":["https:\/\/www.beitalhikma.tn\/wp-content\/uploads\/2017\/02\/couverture3-250x380.jpg",250,380,true],"woocommerce_gallery_thumbnail":["https:\/\/www.beitalhikma.tn\/wp-content\/uploads\/2017\/02\/couverture3-100x100.jpg",100,100,true]},"uagb_author_info":{"display_name":"admin","author_link":"https:\/\/www.beitalhikma.tn\/fr\/author\/"},"uagb_comment_info":0,"uagb_excerpt":"Titre de l\u2019ouvrage : Table Ifriqienne : \u00e9tude portant sur diff\u00e9rentes sortes de repas Auteur : Sihem Dabbabi Missaoui Langue :\u00a0arabe Date de parution : 2017 Format : 16x24 ISBN : 9789973491749 Nombre de pages : 331 Th\u00e8me : patrimoine Poids : 600 gr Situation :\u00a0disponible","_links":{"self":[{"href":"https:\/\/www.beitalhikma.tn\/fr\/wp-json\/wp\/v2\/product\/13770","targetHints":{"allow":["GET"]}}],"collection":[{"href":"https:\/\/www.beitalhikma.tn\/fr\/wp-json\/wp\/v2\/product"}],"about":[{"href":"https:\/\/www.beitalhikma.tn\/fr\/wp-json\/wp\/v2\/types\/product"}],"wp:featuredmedia":[{"embeddable":true,"href":"https:\/\/www.beitalhikma.tn\/fr\/wp-json\/wp\/v2\/media\/13299"}],"wp:attachment":[{"href":"https:\/\/www.beitalhikma.tn\/fr\/wp-json\/wp\/v2\/media?parent=13770"}],"wp:term":[{"taxonomy":"product_brand","embeddable":true,"href":"https:\/\/www.beitalhikma.tn\/fr\/wp-json\/wp\/v2\/product_brand?post=13770"},{"taxonomy":"product_cat","embeddable":true,"href":"https:\/\/www.beitalhikma.tn\/fr\/wp-json\/wp\/v2\/product_cat?post=13770"},{"taxonomy":"product_tag","embeddable":true,"href":"https:\/\/www.beitalhikma.tn\/fr\/wp-json\/wp\/v2\/product_tag?post=13770"}],"curies":[{"name":"wp","href":"https:\/\/api.w.org\/{rel}","templated":true}]}}