{"id":14652,"date":"2017-03-23T16:02:46","date_gmt":"2017-04-11T09:42:26","guid":{"rendered":"http:\/\/www.beitalhikma.tn\/?post_type=product&#038;p=14652"},"modified":"2019-10-01T11:53:37","modified_gmt":"2019-10-01T10:53:37","slug":"oeuvre-poetique-complete-de-ahmed-loghmani","status":"publish","type":"product","link":"https:\/\/www.beitalhikma.tn\/fr\/publication\/acces-boutique\/livres-en-vente\/oeuvre-poetique-complete-de-ahmed-loghmani\/","title":{"rendered":"Oeuvre po\u00e9tique compl\u00e8te"},"content":{"rendered":"<p><em><strong>Cet ouvrage contient les quatre recueils de po\u00e8mes compos\u00e9s par le po\u00e8te Ahmed Laghmani \u00e0 savoir C\u0153ur sur une l\u00e8vre, Monsieur Habib, Pinc\u00e9e de sel, Sur une plaie, Temp\u00eate d&#8217;automne et un texte en prose intitul\u00e9 &#8221; Moi et mon \u00e9poque&#8221;. Certains des po\u00e8mes de Ahmed Laghmni sont d\u00e9j\u00e0 publi\u00e9s, d&#8217;autres ne le sont pas. Faut-il signaler \u00e0 cet \u00e9gard que tous les textes qui figurent dans cet ouvrage ont \u00e9t\u00e9 revus et corrig\u00e9s par le po\u00e8te lui-m\u00eame. Monsieur Abdelmajid Charfi Pr\u00e9sident de l&#8217;Acad\u00e9mie des Sciences, des Lettres et des Arts qui en a \u00e9crit la pr\u00e9face le dit clairement et exprime \u00e9galement tout l&#8217;honneur qui \u00e9choit \u00e0 Beit al-Hikma de proc\u00e9der \u00e0 la publication de l&#8217;oeuvre po\u00e9tique compl\u00e8te d&#8217;un po\u00e8te d&#8217;envergure dont le rayonnement a pu s&#8217;\u00e9tendre au del\u00e0 de son pays eu \u00e9gard aux particularit\u00e9s artistiques quasi identiques entre le classique et le moderne et \u00e0 la richesse du contenu, fruit de la m\u00e9ditation sur certaines questions d&#8217;ordre politique, ontologique voire cosmologique.<\/strong><\/em><\/p>\n","protected":false},"excerpt":{"rendered":"<ul>\n<li><strong>Titre de l\u2019ouvrage :<\/strong> Oeuvre po\u00e9tique compl\u00e8te<br \/>\n<strong>Auteur :<\/strong> Ahmed Loghmani<br \/>\n<strong>Langue :<\/strong>\u00a0arabe<\/li>\n<li><strong>Date de parution :<\/strong> 2017<\/li>\n<li><strong>Format :<\/strong> 21&#215;27<\/li>\n<li><strong>ISBN :<\/strong> 9789973491770<\/li>\n<li><strong>Nombre de pages :<\/strong> 543<br \/>\n<strong>Th\u00e8me :<\/strong> litt\u00e9rature<\/li>\n<li><strong>Poids :<\/strong> 1400 gr<br \/>\n<b>Situation :\u00a0<\/b>disponible<\/li>\n<\/ul>\n","protected":false},"featured_media":14237,"template":"","meta":{"_uag_custom_page_level_css":""},"product_brand":[],"product_cat":[11],"product_tag":[],"class_list":{"0":"post-14652","1":"product","2":"type-product","3":"status-publish","4":"has-post-thumbnail","6":"product_cat-livres-en-vente","8":"first","9":"instock","10":"sale","11":"shipping-taxable","12":"purchasable","13":"product-type-simple"},"yoast_head":"<!-- This site is optimized with the Yoast SEO plugin v27.5 - https:\/\/yoast.com\/product\/yoast-seo-wordpress\/ -->\n<title>Oeuvre po\u00e9tique compl\u00e8te - Beit al-Hikma<\/title>\n<meta name=\"robots\" content=\"index, follow, max-snippet:-1, max-image-preview:large, max-video-preview:-1\" \/>\n<link rel=\"canonical\" href=\"https:\/\/www.beitalhikma.tn\/fr\/publication\/acces-boutique\/livres-en-vente\/oeuvre-poetique-complete-de-ahmed-loghmani\/\" \/>\n<meta property=\"og:locale\" content=\"fr_FR\" \/>\n<meta property=\"og:type\" content=\"article\" \/>\n<meta property=\"og:title\" content=\"Oeuvre po\u00e9tique compl\u00e8te - Beit al-Hikma\" \/>\n<meta property=\"og:description\" content=\"Titre de l\u2019ouvrage : Oeuvre po\u00e9tique compl\u00e8te Auteur : Ahmed Loghmani Langue :\u00a0arabe  Date de parution : 2017  Format : 21x27  ISBN : 9789973491770  Nombre de pages : 543 Th\u00e8me : litt\u00e9rature  Poids : 1400 gr Situation :\u00a0disponible\" \/>\n<meta property=\"og:url\" content=\"https:\/\/www.beitalhikma.tn\/fr\/publication\/acces-boutique\/livres-en-vente\/oeuvre-poetique-complete-de-ahmed-loghmani\/\" \/>\n<meta property=\"og:site_name\" content=\"Beit al-Hikma\" \/>\n<meta property=\"article:publisher\" content=\"https:\/\/www.facebook.com\/BeitalhikmaTunisie\/\" \/>\n<meta property=\"article:modified_time\" content=\"2019-10-01T10:53:37+00:00\" \/>\n<meta property=\"og:image\" content=\"https:\/\/www.beitalhikma.tn\/wp-content\/uploads\/2017\/03\/couverture-face-av-e1491903393839.jpg\" \/>\n\t<meta property=\"og:image:width\" content=\"104\" \/>\n\t<meta property=\"og:image:height\" content=\"151\" \/>\n\t<meta property=\"og:image:type\" content=\"image\/jpeg\" \/>\n<meta name=\"twitter:card\" content=\"summary_large_image\" \/>\n<meta name=\"twitter:site\" content=\"@Beit_alhikma_TN\" \/>\n<meta name=\"twitter:label1\" content=\"Dur\u00e9e de lecture estim\u00e9e\" \/>\n\t<meta name=\"twitter:data1\" content=\"1 minute\" \/>\n<script type=\"application\/ld+json\" class=\"yoast-schema-graph\">{\"@context\":\"https:\\\/\\\/schema.org\",\"@graph\":[{\"@type\":\"WebPage\",\"@id\":\"https:\\\/\\\/www.beitalhikma.tn\\\/fr\\\/publication\\\/acces-boutique\\\/livres-en-vente\\\/oeuvre-poetique-complete-de-ahmed-loghmani\\\/\",\"url\":\"https:\\\/\\\/www.beitalhikma.tn\\\/fr\\\/publication\\\/acces-boutique\\\/livres-en-vente\\\/oeuvre-poetique-complete-de-ahmed-loghmani\\\/\",\"name\":\"Oeuvre po\u00e9tique compl\u00e8te - Beit al-Hikma\",\"isPartOf\":{\"@id\":\"https:\\\/\\\/www.beitalhikma.tn\\\/#website\"},\"primaryImageOfPage\":{\"@id\":\"https:\\\/\\\/www.beitalhikma.tn\\\/fr\\\/publication\\\/acces-boutique\\\/livres-en-vente\\\/oeuvre-poetique-complete-de-ahmed-loghmani\\\/#primaryimage\"},\"image\":{\"@id\":\"https:\\\/\\\/www.beitalhikma.tn\\\/fr\\\/publication\\\/acces-boutique\\\/livres-en-vente\\\/oeuvre-poetique-complete-de-ahmed-loghmani\\\/#primaryimage\"},\"thumbnailUrl\":\"https:\\\/\\\/www.beitalhikma.tn\\\/wp-content\\\/uploads\\\/2017\\\/03\\\/couverture-face-av-e1491903393839.jpg\",\"datePublished\":\"2017-04-11T09:42:26+00:00\",\"dateModified\":\"2019-10-01T10:53:37+00:00\",\"breadcrumb\":{\"@id\":\"https:\\\/\\\/www.beitalhikma.tn\\\/fr\\\/publication\\\/acces-boutique\\\/livres-en-vente\\\/oeuvre-poetique-complete-de-ahmed-loghmani\\\/#breadcrumb\"},\"inLanguage\":\"fr-FR\",\"potentialAction\":[{\"@type\":\"ReadAction\",\"target\":[\"https:\\\/\\\/www.beitalhikma.tn\\\/fr\\\/publication\\\/acces-boutique\\\/livres-en-vente\\\/oeuvre-poetique-complete-de-ahmed-loghmani\\\/\"]}]},{\"@type\":\"ImageObject\",\"inLanguage\":\"fr-FR\",\"@id\":\"https:\\\/\\\/www.beitalhikma.tn\\\/fr\\\/publication\\\/acces-boutique\\\/livres-en-vente\\\/oeuvre-poetique-complete-de-ahmed-loghmani\\\/#primaryimage\",\"url\":\"https:\\\/\\\/www.beitalhikma.tn\\\/wp-content\\\/uploads\\\/2017\\\/03\\\/couverture-face-av-e1491903393839.jpg\",\"contentUrl\":\"https:\\\/\\\/www.beitalhikma.tn\\\/wp-content\\\/uploads\\\/2017\\\/03\\\/couverture-face-av-e1491903393839.jpg\",\"width\":104,\"height\":151},{\"@type\":\"BreadcrumbList\",\"@id\":\"https:\\\/\\\/www.beitalhikma.tn\\\/fr\\\/publication\\\/acces-boutique\\\/livres-en-vente\\\/oeuvre-poetique-complete-de-ahmed-loghmani\\\/#breadcrumb\",\"itemListElement\":[{\"@type\":\"ListItem\",\"position\":1,\"name\":\"Accueil\",\"item\":\"https:\\\/\\\/www.beitalhikma.tn\\\/fr\\\/\"},{\"@type\":\"ListItem\",\"position\":2,\"name\":\"Boutique\",\"item\":\"https:\\\/\\\/www.beitalhikma.tn\\\/fr\\\/boutique\\\/\"},{\"@type\":\"ListItem\",\"position\":3,\"name\":\"Oeuvre po\u00e9tique compl\u00e8te\"}]},{\"@type\":\"WebSite\",\"@id\":\"https:\\\/\\\/www.beitalhikma.tn\\\/#website\",\"url\":\"https:\\\/\\\/www.beitalhikma.tn\\\/\",\"name\":\"Beit al-Hikma\",\"description\":\"L&#039;Acad\u00e9mie Tunisienne des Sciences, des Lettres  et des Arts\",\"publisher\":{\"@id\":\"https:\\\/\\\/www.beitalhikma.tn\\\/#organization\"},\"potentialAction\":[{\"@type\":\"SearchAction\",\"target\":{\"@type\":\"EntryPoint\",\"urlTemplate\":\"https:\\\/\\\/www.beitalhikma.tn\\\/?s={search_term_string}\"},\"query-input\":{\"@type\":\"PropertyValueSpecification\",\"valueRequired\":true,\"valueName\":\"search_term_string\"}}],\"inLanguage\":\"fr-FR\"},{\"@type\":\"Organization\",\"@id\":\"https:\\\/\\\/www.beitalhikma.tn\\\/#organization\",\"name\":\"Beit Al Hikma\",\"url\":\"https:\\\/\\\/www.beitalhikma.tn\\\/\",\"logo\":{\"@type\":\"ImageObject\",\"inLanguage\":\"fr-FR\",\"@id\":\"https:\\\/\\\/www.beitalhikma.tn\\\/#\\\/schema\\\/logo\\\/image\\\/\",\"url\":\"https:\\\/\\\/www.beitalhikma.tn\\\/wp-content\\\/uploads\\\/2014\\\/11\\\/logo.png\",\"contentUrl\":\"https:\\\/\\\/www.beitalhikma.tn\\\/wp-content\\\/uploads\\\/2014\\\/11\\\/logo.png\",\"width\":288,\"height\":109,\"caption\":\"Beit Al Hikma\"},\"image\":{\"@id\":\"https:\\\/\\\/www.beitalhikma.tn\\\/#\\\/schema\\\/logo\\\/image\\\/\"},\"sameAs\":[\"https:\\\/\\\/www.facebook.com\\\/BeitalhikmaTunisie\\\/\",\"https:\\\/\\\/x.com\\\/Beit_alhikma_TN\",\"https:\\\/\\\/www.youtube.com\\\/channel\\\/UCl8EfDXqt5MFfcEY0UYhevg\"]}]}<\/script>\n<!-- \/ Yoast SEO plugin. -->","yoast_head_json":{"title":"Oeuvre po\u00e9tique compl\u00e8te - Beit al-Hikma","robots":{"index":"index","follow":"follow","max-snippet":"max-snippet:-1","max-image-preview":"max-image-preview:large","max-video-preview":"max-video-preview:-1"},"canonical":"https:\/\/www.beitalhikma.tn\/fr\/publication\/acces-boutique\/livres-en-vente\/oeuvre-poetique-complete-de-ahmed-loghmani\/","og_locale":"fr_FR","og_type":"article","og_title":"Oeuvre po\u00e9tique compl\u00e8te - Beit al-Hikma","og_description":"Titre de l\u2019ouvrage : Oeuvre po\u00e9tique compl\u00e8te Auteur : Ahmed Loghmani Langue :\u00a0arabe  Date de parution : 2017  Format : 21x27  ISBN : 9789973491770  Nombre de pages : 543 Th\u00e8me : litt\u00e9rature  Poids : 1400 gr Situation :\u00a0disponible","og_url":"https:\/\/www.beitalhikma.tn\/fr\/publication\/acces-boutique\/livres-en-vente\/oeuvre-poetique-complete-de-ahmed-loghmani\/","og_site_name":"Beit al-Hikma","article_publisher":"https:\/\/www.facebook.com\/BeitalhikmaTunisie\/","article_modified_time":"2019-10-01T10:53:37+00:00","og_image":[{"width":104,"height":151,"url":"https:\/\/www.beitalhikma.tn\/wp-content\/uploads\/2017\/03\/couverture-face-av-e1491903393839.jpg","type":"image\/jpeg"}],"twitter_card":"summary_large_image","twitter_site":"@Beit_alhikma_TN","twitter_misc":{"Dur\u00e9e de lecture estim\u00e9e":"1 minute"},"schema":{"@context":"https:\/\/schema.org","@graph":[{"@type":"WebPage","@id":"https:\/\/www.beitalhikma.tn\/fr\/publication\/acces-boutique\/livres-en-vente\/oeuvre-poetique-complete-de-ahmed-loghmani\/","url":"https:\/\/www.beitalhikma.tn\/fr\/publication\/acces-boutique\/livres-en-vente\/oeuvre-poetique-complete-de-ahmed-loghmani\/","name":"Oeuvre po\u00e9tique compl\u00e8te - Beit al-Hikma","isPartOf":{"@id":"https:\/\/www.beitalhikma.tn\/#website"},"primaryImageOfPage":{"@id":"https:\/\/www.beitalhikma.tn\/fr\/publication\/acces-boutique\/livres-en-vente\/oeuvre-poetique-complete-de-ahmed-loghmani\/#primaryimage"},"image":{"@id":"https:\/\/www.beitalhikma.tn\/fr\/publication\/acces-boutique\/livres-en-vente\/oeuvre-poetique-complete-de-ahmed-loghmani\/#primaryimage"},"thumbnailUrl":"https:\/\/www.beitalhikma.tn\/wp-content\/uploads\/2017\/03\/couverture-face-av-e1491903393839.jpg","datePublished":"2017-04-11T09:42:26+00:00","dateModified":"2019-10-01T10:53:37+00:00","breadcrumb":{"@id":"https:\/\/www.beitalhikma.tn\/fr\/publication\/acces-boutique\/livres-en-vente\/oeuvre-poetique-complete-de-ahmed-loghmani\/#breadcrumb"},"inLanguage":"fr-FR","potentialAction":[{"@type":"ReadAction","target":["https:\/\/www.beitalhikma.tn\/fr\/publication\/acces-boutique\/livres-en-vente\/oeuvre-poetique-complete-de-ahmed-loghmani\/"]}]},{"@type":"ImageObject","inLanguage":"fr-FR","@id":"https:\/\/www.beitalhikma.tn\/fr\/publication\/acces-boutique\/livres-en-vente\/oeuvre-poetique-complete-de-ahmed-loghmani\/#primaryimage","url":"https:\/\/www.beitalhikma.tn\/wp-content\/uploads\/2017\/03\/couverture-face-av-e1491903393839.jpg","contentUrl":"https:\/\/www.beitalhikma.tn\/wp-content\/uploads\/2017\/03\/couverture-face-av-e1491903393839.jpg","width":104,"height":151},{"@type":"BreadcrumbList","@id":"https:\/\/www.beitalhikma.tn\/fr\/publication\/acces-boutique\/livres-en-vente\/oeuvre-poetique-complete-de-ahmed-loghmani\/#breadcrumb","itemListElement":[{"@type":"ListItem","position":1,"name":"Accueil","item":"https:\/\/www.beitalhikma.tn\/fr\/"},{"@type":"ListItem","position":2,"name":"Boutique","item":"https:\/\/www.beitalhikma.tn\/fr\/boutique\/"},{"@type":"ListItem","position":3,"name":"Oeuvre po\u00e9tique compl\u00e8te"}]},{"@type":"WebSite","@id":"https:\/\/www.beitalhikma.tn\/#website","url":"https:\/\/www.beitalhikma.tn\/","name":"Beit al-Hikma","description":"L&#039;Acad\u00e9mie Tunisienne des Sciences, des Lettres  et des Arts","publisher":{"@id":"https:\/\/www.beitalhikma.tn\/#organization"},"potentialAction":[{"@type":"SearchAction","target":{"@type":"EntryPoint","urlTemplate":"https:\/\/www.beitalhikma.tn\/?s={search_term_string}"},"query-input":{"@type":"PropertyValueSpecification","valueRequired":true,"valueName":"search_term_string"}}],"inLanguage":"fr-FR"},{"@type":"Organization","@id":"https:\/\/www.beitalhikma.tn\/#organization","name":"Beit Al Hikma","url":"https:\/\/www.beitalhikma.tn\/","logo":{"@type":"ImageObject","inLanguage":"fr-FR","@id":"https:\/\/www.beitalhikma.tn\/#\/schema\/logo\/image\/","url":"https:\/\/www.beitalhikma.tn\/wp-content\/uploads\/2014\/11\/logo.png","contentUrl":"https:\/\/www.beitalhikma.tn\/wp-content\/uploads\/2014\/11\/logo.png","width":288,"height":109,"caption":"Beit Al Hikma"},"image":{"@id":"https:\/\/www.beitalhikma.tn\/#\/schema\/logo\/image\/"},"sameAs":["https:\/\/www.facebook.com\/BeitalhikmaTunisie\/","https:\/\/x.com\/Beit_alhikma_TN","https:\/\/www.youtube.com\/channel\/UCl8EfDXqt5MFfcEY0UYhevg"]}]}},"uagb_featured_image_src":{"full":["https:\/\/www.beitalhikma.tn\/wp-content\/uploads\/2017\/03\/couverture-face-av-e1491903393839.jpg",104,151,false],"thumbnail":["https:\/\/www.beitalhikma.tn\/wp-content\/uploads\/2017\/03\/couverture-face-av-250x300.jpg",250,300,true],"medium":["https:\/\/www.beitalhikma.tn\/wp-content\/uploads\/2017\/03\/couverture-face-av-207x300.jpg",207,300,true],"medium_large":["https:\/\/www.beitalhikma.tn\/wp-content\/uploads\/2017\/03\/couverture-face-av-e1491903393839.jpg",104,151,false],"large":["https:\/\/www.beitalhikma.tn\/wp-content\/uploads\/2017\/03\/couverture-face-av-e1491903393839.jpg",104,151,false],"thumblist":["https:\/\/www.beitalhikma.tn\/wp-content\/uploads\/2017\/03\/couverture-face-av-e1491903393839.jpg",104,151,false],"meccarouselthumb":["https:\/\/www.beitalhikma.tn\/wp-content\/uploads\/2017\/03\/couverture-face-av-e1491903393839.jpg",104,151,false],"gridsquare":["https:\/\/www.beitalhikma.tn\/wp-content\/uploads\/2017\/03\/couverture-face-av-e1491903393839.jpg",104,151,false],"tileview":["https:\/\/www.beitalhikma.tn\/wp-content\/uploads\/2017\/03\/couverture-face-av-e1491903393839.jpg",104,151,false],"1536x1536":["https:\/\/www.beitalhikma.tn\/wp-content\/uploads\/2017\/03\/couverture-face-av-e1491903393839.jpg",104,151,false],"2048x2048":["https:\/\/www.beitalhikma.tn\/wp-content\/uploads\/2017\/03\/couverture-face-av-e1491903393839.jpg",104,151,false],"post-thumbnail":["https:\/\/www.beitalhikma.tn\/wp-content\/uploads\/2017\/03\/couverture-face-av-101x146.jpg",101,146,true],"50x50":["https:\/\/www.beitalhikma.tn\/wp-content\/uploads\/2017\/03\/couverture-face-av-35x50.jpg",35,50,true],"portfolio-list":["https:\/\/www.beitalhikma.tn\/wp-content\/uploads\/2017\/03\/couverture-face-av-567x400.jpg",567,400,true],"portfolio-fs":["https:\/\/www.beitalhikma.tn\/wp-content\/uploads\/2017\/03\/couverture-face-av-567x543.jpg",567,543,true],"portfolio-slider":["https:\/\/www.beitalhikma.tn\/wp-content\/uploads\/2017\/03\/couverture-face-av-380x380.jpg",380,380,true],"blog":["https:\/\/www.beitalhikma.tn\/wp-content\/uploads\/2017\/03\/couverture-face-av-564x341.jpg",564,341,true],"blog-single":["https:\/\/www.beitalhikma.tn\/wp-content\/uploads\/2017\/03\/couverture-face-av-567x445.jpg",567,445,true],"blog-item":["https:\/\/www.beitalhikma.tn\/wp-content\/uploads\/2017\/03\/couverture-face-av-504x224.jpg",504,224,true],"blog-widget":["https:\/\/www.beitalhikma.tn\/wp-content\/uploads\/2017\/03\/couverture-face-av-80x60.jpg",80,60,true],"features":["https:\/\/www.beitalhikma.tn\/wp-content\/uploads\/2017\/03\/couverture-face-av-90x90.jpg",90,90,true],"clients-slider":["https:\/\/www.beitalhikma.tn\/wp-content\/uploads\/2017\/03\/couverture-face-av-55x80.jpg",55,80,true],"offer-slider":["https:\/\/www.beitalhikma.tn\/wp-content\/uploads\/2017\/03\/couverture-face-av-567x438.jpg",567,438,true],"offer-slider-pg":["https:\/\/www.beitalhikma.tn\/wp-content\/uploads\/2017\/03\/couverture-face-av-42x42.jpg",42,42,true],"woocommerce_thumbnail":["https:\/\/www.beitalhikma.tn\/wp-content\/uploads\/2017\/03\/couverture-face-av-e1491903393839.jpg",104,151,false],"woocommerce_single":["https:\/\/www.beitalhikma.tn\/wp-content\/uploads\/2017\/03\/couverture-face-av-e1491903393839.jpg",104,151,false],"woocommerce_gallery_thumbnail":["https:\/\/www.beitalhikma.tn\/wp-content\/uploads\/2017\/03\/couverture-face-av-e1491903393839-100x100.jpg",100,100,true]},"uagb_author_info":{"display_name":"admin","author_link":"https:\/\/www.beitalhikma.tn\/fr\/author\/"},"uagb_comment_info":0,"uagb_excerpt":"Titre de l\u2019ouvrage : Oeuvre po\u00e9tique compl\u00e8te Auteur : Ahmed Loghmani Langue :\u00a0arabe Date de parution : 2017 Format : 21x27 ISBN : 9789973491770 Nombre de pages : 543 Th\u00e8me : litt\u00e9rature Poids : 1400 gr Situation :\u00a0disponible","_links":{"self":[{"href":"https:\/\/www.beitalhikma.tn\/fr\/wp-json\/wp\/v2\/product\/14652","targetHints":{"allow":["GET"]}}],"collection":[{"href":"https:\/\/www.beitalhikma.tn\/fr\/wp-json\/wp\/v2\/product"}],"about":[{"href":"https:\/\/www.beitalhikma.tn\/fr\/wp-json\/wp\/v2\/types\/product"}],"wp:featuredmedia":[{"embeddable":true,"href":"https:\/\/www.beitalhikma.tn\/fr\/wp-json\/wp\/v2\/media\/14237"}],"wp:attachment":[{"href":"https:\/\/www.beitalhikma.tn\/fr\/wp-json\/wp\/v2\/media?parent=14652"}],"wp:term":[{"taxonomy":"product_brand","embeddable":true,"href":"https:\/\/www.beitalhikma.tn\/fr\/wp-json\/wp\/v2\/product_brand?post=14652"},{"taxonomy":"product_cat","embeddable":true,"href":"https:\/\/www.beitalhikma.tn\/fr\/wp-json\/wp\/v2\/product_cat?post=14652"},{"taxonomy":"product_tag","embeddable":true,"href":"https:\/\/www.beitalhikma.tn\/fr\/wp-json\/wp\/v2\/product_tag?post=14652"}],"curies":[{"name":"wp","href":"https:\/\/api.w.org\/{rel}","templated":true}]}}