{"id":15423,"date":"2017-05-23T10:51:32","date_gmt":"2017-05-23T09:52:54","guid":{"rendered":"http:\/\/www.beitalhikma.tn\/?post_type=product&#038;p=15423&#038;lang=en"},"modified":"2022-09-19T11:30:25","modified_gmt":"2022-09-19T10:30:25","slug":"la-musique-dans-les-chants-liturgiques-de-la-confrerie-religieuse-sulamya","status":"publish","type":"product","link":"https:\/\/www.beitalhikma.tn\/fr\/publication\/acces-boutique\/livres-epuises\/la-musique-dans-les-chants-liturgiques-de-la-confrerie-religieuse-sulamya\/","title":{"rendered":"La Musique dans les chants liturgiques de la confr\u00e9rie religieuse \u00ab Sulamya \u00bb"},"content":{"rendered":"<p style=\"text-align: center;\"><em><strong>Les chants liturgiques de la confr\u00e9rie religieuse \u00ab Sulamya \u00bb, occupent une place<\/strong><\/em><br \/>\n<em><strong>privil\u00e9gi\u00e9e dans la tradition musicale orale de la Tunisie. Le patrimoine de cette confr\u00e9rie,<\/strong><\/em><br \/>\n<em><strong>objet de la pr\u00e9sente \u00e9tude, se compose essentiellement d\u2019invocations et de chants en<\/strong><\/em><br \/>\n<em><strong>langue arabe classique et en dialectal tunisien.<\/strong><\/em><br \/>\n<em><strong>Les \u00e9tudes relatives \u00e0 la tradition des \u00ab turuq \u00bb (confr\u00e9ries), ont port\u00e9 sur l\u2019origine<\/strong><\/em><br \/>\n<em><strong>de la pens\u00e9e mystique, sur les invocations \u00ab adhkar \u00bb et sur les interpr\u00e9tations avanc\u00e9es<\/strong><\/em><br \/>\n<em><strong>par les ex\u00e9g\u00e8tes musulmans au sujet de la pratique musicale. Mais l\u2019analyse musicale des<\/strong><\/em><br \/>\n<em><strong>chants soufis, a \u00e9t\u00e9 n\u00e9glig\u00e9e sciemment ou par omission, car la musique des confr\u00e9ries<\/strong><\/em><br \/>\n<em><strong>religieuses a \u00e9t\u00e9 longtemps consid\u00e9r\u00e9e de qualit\u00e9 inf\u00e9rieure par rapport aux autres genres<\/strong><\/em><br \/>\n<em><strong>de musique dite \u00ab d\u2019art \u00bb.<\/strong><\/em><br \/>\n<em><strong>La d\u00e9marche de la pr\u00e9sente recherche vise \u00e0 combler ces lacunes en mettant l\u2019accent<\/strong><\/em><br \/>\n<em><strong>sur les aspects musicaux de la tradition chant\u00e9e relative \u00e0 la \u00ab Sulamya \u00bb : l\u2019analyse<\/strong><\/em><br \/>\n<em><strong>des modes, rythmes, improvisations, cantiques et autres chants y constitue l\u2019\u00e9l\u00e9ment<\/strong><\/em><br \/>\n<em><strong>pr\u00e9dominant. Au bout de cette d\u00e9marche, la tradition musicale de la \u00ab Sulamya \u00bb appara\u00eet<\/strong><\/em><br \/>\n<em><strong>comme l\u2019expression authentique qui traduit les fondements de la pens\u00e9e mystique des<\/strong><\/em><br \/>\n<em><strong>fid\u00e8les, refl\u00e8te leur attachement aux pr\u00e9ceptes de l\u2019islam et aux principes du soufisme<\/strong><\/em><br \/>\n<em><strong>tels que pr\u00each\u00e9s par Sidi Abdessalam Lasmar, fondateur de la confr\u00e9rie.<\/strong><\/em><br \/>\n<em><strong>Cette expression, encore vivante de nos jours, est une synth\u00e8se des \u00e9l\u00e9ments structurels<\/strong><\/em><br \/>\n<em><strong>de la musique profane tunisienne, elle constitue le lien unique entre la musique<\/strong><\/em><br \/>\n<em><strong>traditionnelle d\u2019inspiration arabo-andalouse et la vieille musique folklorique.<\/strong><\/em><\/p>\n","protected":false},"excerpt":{"rendered":"<p><strong>Titre de l\u2019ouvrage<\/strong> : La Musique dans les chants liturgiques de la confr\u00e9rie religieuse \u00ab Sulamya \u00bb (Tunisie)<\/p>\n<p><strong>Auteur<\/strong> : Fethi Zghonda<\/p>\n<p><strong>Th\u00e8me<\/strong> : Patrimoine<\/p>\n<p><strong>Dimensions<\/strong> : 16&#215;24<\/p>\n<p><strong>Nombre de pages<\/strong> : 232<\/p>\n<p><strong>Langue<\/strong> : arabe<\/p>\n<p><strong>Date de parution<\/strong> : 1991<\/p>\n<p><strong>Prix de vente<\/strong> : 6 D.T.<br \/>\n<strong>I.S.B.N <\/strong> : 978-9973-911-75-X<\/p>\n","protected":false},"featured_media":15421,"template":"","meta":{"_uag_custom_page_level_css":""},"product_brand":[],"product_cat":[50],"product_tag":[],"class_list":{"0":"post-15423","1":"product","2":"type-product","3":"status-publish","4":"has-post-thumbnail","6":"product_cat-livres-epuises","8":"first","9":"outofstock","10":"sale","11":"shipping-taxable","12":"purchasable","13":"product-type-simple"},"yoast_head":"<!-- This site is optimized with the Yoast SEO plugin v27.3 - https:\/\/yoast.com\/product\/yoast-seo-wordpress\/ -->\n<title>La Musique dans les chants liturgiques de la confr\u00e9rie religieuse \u00ab Sulamya \u00bb - Beit al-Hikma<\/title>\n<meta name=\"robots\" content=\"index, follow, max-snippet:-1, max-image-preview:large, max-video-preview:-1\" \/>\n<link rel=\"canonical\" href=\"https:\/\/www.beitalhikma.tn\/fr\/publication\/acces-boutique\/livres-epuises\/la-musique-dans-les-chants-liturgiques-de-la-confrerie-religieuse-sulamya\/\" \/>\n<meta property=\"og:locale\" content=\"fr_FR\" \/>\n<meta property=\"og:type\" content=\"article\" \/>\n<meta property=\"og:title\" content=\"La Musique dans les chants liturgiques de la confr\u00e9rie religieuse \u00ab Sulamya \u00bb - Beit al-Hikma\" \/>\n<meta property=\"og:description\" content=\"Titre de l\u2019ouvrage : La Musique dans les chants liturgiques de la confr\u00e9rie religieuse \u00ab Sulamya \u00bb (Tunisie)  Auteur : Fethi Zghonda  Th\u00e8me : Patrimoine  Dimensions : 16x24  Nombre de pages : 232  Langue : arabe  Date de parution : 1991  Prix de vente : 6 D.T. I.S.B.N : 978-9973-911-75-X\" \/>\n<meta property=\"og:url\" content=\"https:\/\/www.beitalhikma.tn\/fr\/publication\/acces-boutique\/livres-epuises\/la-musique-dans-les-chants-liturgiques-de-la-confrerie-religieuse-sulamya\/\" \/>\n<meta property=\"og:site_name\" content=\"Beit al-Hikma\" \/>\n<meta property=\"article:publisher\" content=\"https:\/\/www.facebook.com\/BeitalhikmaTunisie\/\" \/>\n<meta property=\"article:modified_time\" content=\"2022-09-19T10:30:25+00:00\" \/>\n<meta property=\"og:image\" content=\"https:\/\/www.beitalhikma.tn\/wp-content\/uploads\/2017\/05\/couverture.jpg\" \/>\n\t<meta property=\"og:image:width\" content=\"337\" \/>\n\t<meta property=\"og:image:height\" content=\"543\" \/>\n\t<meta property=\"og:image:type\" content=\"image\/jpeg\" \/>\n<meta name=\"twitter:card\" content=\"summary_large_image\" \/>\n<meta name=\"twitter:site\" content=\"@Beit_alhikma_TN\" \/>\n<meta name=\"twitter:label1\" content=\"Dur\u00e9e de lecture estim\u00e9e\" \/>\n\t<meta name=\"twitter:data1\" content=\"1 minute\" \/>\n<script type=\"application\/ld+json\" class=\"yoast-schema-graph\">{\"@context\":\"https:\\\/\\\/schema.org\",\"@graph\":[{\"@type\":\"WebPage\",\"@id\":\"https:\\\/\\\/www.beitalhikma.tn\\\/fr\\\/publication\\\/acces-boutique\\\/livres-epuises\\\/la-musique-dans-les-chants-liturgiques-de-la-confrerie-religieuse-sulamya\\\/\",\"url\":\"https:\\\/\\\/www.beitalhikma.tn\\\/fr\\\/publication\\\/acces-boutique\\\/livres-epuises\\\/la-musique-dans-les-chants-liturgiques-de-la-confrerie-religieuse-sulamya\\\/\",\"name\":\"La Musique dans les chants liturgiques de la confr\u00e9rie religieuse \u00ab Sulamya \u00bb - Beit al-Hikma\",\"isPartOf\":{\"@id\":\"https:\\\/\\\/www.beitalhikma.tn\\\/#website\"},\"primaryImageOfPage\":{\"@id\":\"https:\\\/\\\/www.beitalhikma.tn\\\/fr\\\/publication\\\/acces-boutique\\\/livres-epuises\\\/la-musique-dans-les-chants-liturgiques-de-la-confrerie-religieuse-sulamya\\\/#primaryimage\"},\"image\":{\"@id\":\"https:\\\/\\\/www.beitalhikma.tn\\\/fr\\\/publication\\\/acces-boutique\\\/livres-epuises\\\/la-musique-dans-les-chants-liturgiques-de-la-confrerie-religieuse-sulamya\\\/#primaryimage\"},\"thumbnailUrl\":\"https:\\\/\\\/www.beitalhikma.tn\\\/wp-content\\\/uploads\\\/2017\\\/05\\\/couverture.jpg\",\"datePublished\":\"2017-05-23T09:52:54+00:00\",\"dateModified\":\"2022-09-19T10:30:25+00:00\",\"breadcrumb\":{\"@id\":\"https:\\\/\\\/www.beitalhikma.tn\\\/fr\\\/publication\\\/acces-boutique\\\/livres-epuises\\\/la-musique-dans-les-chants-liturgiques-de-la-confrerie-religieuse-sulamya\\\/#breadcrumb\"},\"inLanguage\":\"fr-FR\",\"potentialAction\":[{\"@type\":\"ReadAction\",\"target\":[\"https:\\\/\\\/www.beitalhikma.tn\\\/fr\\\/publication\\\/acces-boutique\\\/livres-epuises\\\/la-musique-dans-les-chants-liturgiques-de-la-confrerie-religieuse-sulamya\\\/\"]}]},{\"@type\":\"ImageObject\",\"inLanguage\":\"fr-FR\",\"@id\":\"https:\\\/\\\/www.beitalhikma.tn\\\/fr\\\/publication\\\/acces-boutique\\\/livres-epuises\\\/la-musique-dans-les-chants-liturgiques-de-la-confrerie-religieuse-sulamya\\\/#primaryimage\",\"url\":\"https:\\\/\\\/www.beitalhikma.tn\\\/wp-content\\\/uploads\\\/2017\\\/05\\\/couverture.jpg\",\"contentUrl\":\"https:\\\/\\\/www.beitalhikma.tn\\\/wp-content\\\/uploads\\\/2017\\\/05\\\/couverture.jpg\",\"width\":337,\"height\":543},{\"@type\":\"BreadcrumbList\",\"@id\":\"https:\\\/\\\/www.beitalhikma.tn\\\/fr\\\/publication\\\/acces-boutique\\\/livres-epuises\\\/la-musique-dans-les-chants-liturgiques-de-la-confrerie-religieuse-sulamya\\\/#breadcrumb\",\"itemListElement\":[{\"@type\":\"ListItem\",\"position\":1,\"name\":\"Accueil\",\"item\":\"https:\\\/\\\/www.beitalhikma.tn\\\/fr\\\/\"},{\"@type\":\"ListItem\",\"position\":2,\"name\":\"Boutique\",\"item\":\"https:\\\/\\\/www.beitalhikma.tn\\\/fr\\\/boutique\\\/\"},{\"@type\":\"ListItem\",\"position\":3,\"name\":\"La Musique dans les chants liturgiques de la confr\u00e9rie religieuse \u00ab Sulamya \u00bb\"}]},{\"@type\":\"WebSite\",\"@id\":\"https:\\\/\\\/www.beitalhikma.tn\\\/#website\",\"url\":\"https:\\\/\\\/www.beitalhikma.tn\\\/\",\"name\":\"Beit al-Hikma\",\"description\":\"L&#039;Acad\u00e9mie Tunisienne des Sciences, des Lettres  et des Arts\",\"publisher\":{\"@id\":\"https:\\\/\\\/www.beitalhikma.tn\\\/#organization\"},\"potentialAction\":[{\"@type\":\"SearchAction\",\"target\":{\"@type\":\"EntryPoint\",\"urlTemplate\":\"https:\\\/\\\/www.beitalhikma.tn\\\/?s={search_term_string}\"},\"query-input\":{\"@type\":\"PropertyValueSpecification\",\"valueRequired\":true,\"valueName\":\"search_term_string\"}}],\"inLanguage\":\"fr-FR\"},{\"@type\":\"Organization\",\"@id\":\"https:\\\/\\\/www.beitalhikma.tn\\\/#organization\",\"name\":\"Beit Al Hikma\",\"url\":\"https:\\\/\\\/www.beitalhikma.tn\\\/\",\"logo\":{\"@type\":\"ImageObject\",\"inLanguage\":\"fr-FR\",\"@id\":\"https:\\\/\\\/www.beitalhikma.tn\\\/#\\\/schema\\\/logo\\\/image\\\/\",\"url\":\"https:\\\/\\\/www.beitalhikma.tn\\\/wp-content\\\/uploads\\\/2014\\\/11\\\/logo.png\",\"contentUrl\":\"https:\\\/\\\/www.beitalhikma.tn\\\/wp-content\\\/uploads\\\/2014\\\/11\\\/logo.png\",\"width\":288,\"height\":109,\"caption\":\"Beit Al Hikma\"},\"image\":{\"@id\":\"https:\\\/\\\/www.beitalhikma.tn\\\/#\\\/schema\\\/logo\\\/image\\\/\"},\"sameAs\":[\"https:\\\/\\\/www.facebook.com\\\/BeitalhikmaTunisie\\\/\",\"https:\\\/\\\/x.com\\\/Beit_alhikma_TN\",\"https:\\\/\\\/www.youtube.com\\\/channel\\\/UCl8EfDXqt5MFfcEY0UYhevg\"]}]}<\/script>\n<!-- \/ Yoast SEO plugin. -->","yoast_head_json":{"title":"La Musique dans les chants liturgiques de la confr\u00e9rie religieuse \u00ab Sulamya \u00bb - Beit al-Hikma","robots":{"index":"index","follow":"follow","max-snippet":"max-snippet:-1","max-image-preview":"max-image-preview:large","max-video-preview":"max-video-preview:-1"},"canonical":"https:\/\/www.beitalhikma.tn\/fr\/publication\/acces-boutique\/livres-epuises\/la-musique-dans-les-chants-liturgiques-de-la-confrerie-religieuse-sulamya\/","og_locale":"fr_FR","og_type":"article","og_title":"La Musique dans les chants liturgiques de la confr\u00e9rie religieuse \u00ab Sulamya \u00bb - Beit al-Hikma","og_description":"Titre de l\u2019ouvrage : La Musique dans les chants liturgiques de la confr\u00e9rie religieuse \u00ab Sulamya \u00bb (Tunisie)  Auteur : Fethi Zghonda  Th\u00e8me : Patrimoine  Dimensions : 16x24  Nombre de pages : 232  Langue : arabe  Date de parution : 1991  Prix de vente : 6 D.T. I.S.B.N : 978-9973-911-75-X","og_url":"https:\/\/www.beitalhikma.tn\/fr\/publication\/acces-boutique\/livres-epuises\/la-musique-dans-les-chants-liturgiques-de-la-confrerie-religieuse-sulamya\/","og_site_name":"Beit al-Hikma","article_publisher":"https:\/\/www.facebook.com\/BeitalhikmaTunisie\/","article_modified_time":"2022-09-19T10:30:25+00:00","og_image":[{"width":337,"height":543,"url":"https:\/\/www.beitalhikma.tn\/wp-content\/uploads\/2017\/05\/couverture.jpg","type":"image\/jpeg"}],"twitter_card":"summary_large_image","twitter_site":"@Beit_alhikma_TN","twitter_misc":{"Dur\u00e9e de lecture estim\u00e9e":"1 minute"},"schema":{"@context":"https:\/\/schema.org","@graph":[{"@type":"WebPage","@id":"https:\/\/www.beitalhikma.tn\/fr\/publication\/acces-boutique\/livres-epuises\/la-musique-dans-les-chants-liturgiques-de-la-confrerie-religieuse-sulamya\/","url":"https:\/\/www.beitalhikma.tn\/fr\/publication\/acces-boutique\/livres-epuises\/la-musique-dans-les-chants-liturgiques-de-la-confrerie-religieuse-sulamya\/","name":"La Musique dans les chants liturgiques de la confr\u00e9rie religieuse \u00ab Sulamya \u00bb - Beit al-Hikma","isPartOf":{"@id":"https:\/\/www.beitalhikma.tn\/#website"},"primaryImageOfPage":{"@id":"https:\/\/www.beitalhikma.tn\/fr\/publication\/acces-boutique\/livres-epuises\/la-musique-dans-les-chants-liturgiques-de-la-confrerie-religieuse-sulamya\/#primaryimage"},"image":{"@id":"https:\/\/www.beitalhikma.tn\/fr\/publication\/acces-boutique\/livres-epuises\/la-musique-dans-les-chants-liturgiques-de-la-confrerie-religieuse-sulamya\/#primaryimage"},"thumbnailUrl":"https:\/\/www.beitalhikma.tn\/wp-content\/uploads\/2017\/05\/couverture.jpg","datePublished":"2017-05-23T09:52:54+00:00","dateModified":"2022-09-19T10:30:25+00:00","breadcrumb":{"@id":"https:\/\/www.beitalhikma.tn\/fr\/publication\/acces-boutique\/livres-epuises\/la-musique-dans-les-chants-liturgiques-de-la-confrerie-religieuse-sulamya\/#breadcrumb"},"inLanguage":"fr-FR","potentialAction":[{"@type":"ReadAction","target":["https:\/\/www.beitalhikma.tn\/fr\/publication\/acces-boutique\/livres-epuises\/la-musique-dans-les-chants-liturgiques-de-la-confrerie-religieuse-sulamya\/"]}]},{"@type":"ImageObject","inLanguage":"fr-FR","@id":"https:\/\/www.beitalhikma.tn\/fr\/publication\/acces-boutique\/livres-epuises\/la-musique-dans-les-chants-liturgiques-de-la-confrerie-religieuse-sulamya\/#primaryimage","url":"https:\/\/www.beitalhikma.tn\/wp-content\/uploads\/2017\/05\/couverture.jpg","contentUrl":"https:\/\/www.beitalhikma.tn\/wp-content\/uploads\/2017\/05\/couverture.jpg","width":337,"height":543},{"@type":"BreadcrumbList","@id":"https:\/\/www.beitalhikma.tn\/fr\/publication\/acces-boutique\/livres-epuises\/la-musique-dans-les-chants-liturgiques-de-la-confrerie-religieuse-sulamya\/#breadcrumb","itemListElement":[{"@type":"ListItem","position":1,"name":"Accueil","item":"https:\/\/www.beitalhikma.tn\/fr\/"},{"@type":"ListItem","position":2,"name":"Boutique","item":"https:\/\/www.beitalhikma.tn\/fr\/boutique\/"},{"@type":"ListItem","position":3,"name":"La Musique dans les chants liturgiques de la confr\u00e9rie religieuse \u00ab Sulamya \u00bb"}]},{"@type":"WebSite","@id":"https:\/\/www.beitalhikma.tn\/#website","url":"https:\/\/www.beitalhikma.tn\/","name":"Beit al-Hikma","description":"L&#039;Acad\u00e9mie Tunisienne des Sciences, des Lettres  et des Arts","publisher":{"@id":"https:\/\/www.beitalhikma.tn\/#organization"},"potentialAction":[{"@type":"SearchAction","target":{"@type":"EntryPoint","urlTemplate":"https:\/\/www.beitalhikma.tn\/?s={search_term_string}"},"query-input":{"@type":"PropertyValueSpecification","valueRequired":true,"valueName":"search_term_string"}}],"inLanguage":"fr-FR"},{"@type":"Organization","@id":"https:\/\/www.beitalhikma.tn\/#organization","name":"Beit Al Hikma","url":"https:\/\/www.beitalhikma.tn\/","logo":{"@type":"ImageObject","inLanguage":"fr-FR","@id":"https:\/\/www.beitalhikma.tn\/#\/schema\/logo\/image\/","url":"https:\/\/www.beitalhikma.tn\/wp-content\/uploads\/2014\/11\/logo.png","contentUrl":"https:\/\/www.beitalhikma.tn\/wp-content\/uploads\/2014\/11\/logo.png","width":288,"height":109,"caption":"Beit Al Hikma"},"image":{"@id":"https:\/\/www.beitalhikma.tn\/#\/schema\/logo\/image\/"},"sameAs":["https:\/\/www.facebook.com\/BeitalhikmaTunisie\/","https:\/\/x.com\/Beit_alhikma_TN","https:\/\/www.youtube.com\/channel\/UCl8EfDXqt5MFfcEY0UYhevg"]}]}},"uagb_featured_image_src":{"full":["https:\/\/www.beitalhikma.tn\/wp-content\/uploads\/2017\/05\/couverture.jpg",337,543,false],"thumbnail":["https:\/\/www.beitalhikma.tn\/wp-content\/uploads\/2017\/05\/couverture-250x300.jpg",250,300,true],"medium":["https:\/\/www.beitalhikma.tn\/wp-content\/uploads\/2017\/05\/couverture-186x300.jpg",186,300,true],"medium_large":["https:\/\/www.beitalhikma.tn\/wp-content\/uploads\/2017\/05\/couverture.jpg",337,543,false],"large":["https:\/\/www.beitalhikma.tn\/wp-content\/uploads\/2017\/05\/couverture.jpg",337,543,false],"thumblist":["https:\/\/www.beitalhikma.tn\/wp-content\/uploads\/2017\/05\/couverture.jpg",186,300,false],"meccarouselthumb":["https:\/\/www.beitalhikma.tn\/wp-content\/uploads\/2017\/05\/couverture.jpg",201,324,false],"gridsquare":["https:\/\/www.beitalhikma.tn\/wp-content\/uploads\/2017\/05\/couverture.jpg",161,260,false],"tileview":["https:\/\/www.beitalhikma.tn\/wp-content\/uploads\/2017\/05\/couverture.jpg",248,400,false],"1536x1536":["https:\/\/www.beitalhikma.tn\/wp-content\/uploads\/2017\/05\/couverture.jpg",337,543,false],"2048x2048":["https:\/\/www.beitalhikma.tn\/wp-content\/uploads\/2017\/05\/couverture.jpg",337,543,false],"post-thumbnail":["https:\/\/www.beitalhikma.tn\/wp-content\/uploads\/2017\/05\/couverture-91x146.jpg",91,146,true],"50x50":["https:\/\/www.beitalhikma.tn\/wp-content\/uploads\/2017\/05\/couverture-31x50.jpg",31,50,true],"portfolio-list":["https:\/\/www.beitalhikma.tn\/wp-content\/uploads\/2017\/05\/couverture-337x400.jpg",337,400,true],"portfolio-fs":["https:\/\/www.beitalhikma.tn\/wp-content\/uploads\/2017\/05\/couverture-337x543.jpg",337,543,true],"portfolio-slider":["https:\/\/www.beitalhikma.tn\/wp-content\/uploads\/2017\/05\/couverture-337x380.jpg",337,380,true],"blog":["https:\/\/www.beitalhikma.tn\/wp-content\/uploads\/2017\/05\/couverture-337x341.jpg",337,341,true],"blog-single":["https:\/\/www.beitalhikma.tn\/wp-content\/uploads\/2017\/05\/couverture-337x445.jpg",337,445,true],"blog-item":["https:\/\/www.beitalhikma.tn\/wp-content\/uploads\/2017\/05\/couverture-337x224.jpg",337,224,true],"blog-widget":["https:\/\/www.beitalhikma.tn\/wp-content\/uploads\/2017\/05\/couverture-80x60.jpg",80,60,true],"features":["https:\/\/www.beitalhikma.tn\/wp-content\/uploads\/2017\/05\/couverture-90x90.jpg",90,90,true],"clients-slider":["https:\/\/www.beitalhikma.tn\/wp-content\/uploads\/2017\/05\/couverture-50x80.jpg",50,80,true],"offer-slider":["https:\/\/www.beitalhikma.tn\/wp-content\/uploads\/2017\/05\/couverture-337x438.jpg",337,438,true],"offer-slider-pg":["https:\/\/www.beitalhikma.tn\/wp-content\/uploads\/2017\/05\/couverture-42x42.jpg",42,42,true],"woocommerce_thumbnail":["https:\/\/www.beitalhikma.tn\/wp-content\/uploads\/2017\/05\/couverture-250x300.jpg",250,300,true],"woocommerce_single":["https:\/\/www.beitalhikma.tn\/wp-content\/uploads\/2017\/05\/couverture-250x403.jpg",250,403,true],"woocommerce_gallery_thumbnail":["https:\/\/www.beitalhikma.tn\/wp-content\/uploads\/2017\/05\/couverture-100x100.jpg",100,100,true]},"uagb_author_info":{"display_name":"admin","author_link":"https:\/\/www.beitalhikma.tn\/fr\/author\/"},"uagb_comment_info":0,"uagb_excerpt":"Titre de l\u2019ouvrage : La Musique dans les chants liturgiques de la confr\u00e9rie religieuse \u00ab Sulamya \u00bb (Tunisie) Auteur : Fethi Zghonda Th\u00e8me : Patrimoine Dimensions : 16x24 Nombre de pages : 232 Langue : arabe Date de parution : 1991 Prix de vente : 6 D.T. I.S.B.N : 978-9973-911-75-X","_links":{"self":[{"href":"https:\/\/www.beitalhikma.tn\/fr\/wp-json\/wp\/v2\/product\/15423","targetHints":{"allow":["GET"]}}],"collection":[{"href":"https:\/\/www.beitalhikma.tn\/fr\/wp-json\/wp\/v2\/product"}],"about":[{"href":"https:\/\/www.beitalhikma.tn\/fr\/wp-json\/wp\/v2\/types\/product"}],"wp:featuredmedia":[{"embeddable":true,"href":"https:\/\/www.beitalhikma.tn\/fr\/wp-json\/wp\/v2\/media\/15421"}],"wp:attachment":[{"href":"https:\/\/www.beitalhikma.tn\/fr\/wp-json\/wp\/v2\/media?parent=15423"}],"wp:term":[{"taxonomy":"product_brand","embeddable":true,"href":"https:\/\/www.beitalhikma.tn\/fr\/wp-json\/wp\/v2\/product_brand?post=15423"},{"taxonomy":"product_cat","embeddable":true,"href":"https:\/\/www.beitalhikma.tn\/fr\/wp-json\/wp\/v2\/product_cat?post=15423"},{"taxonomy":"product_tag","embeddable":true,"href":"https:\/\/www.beitalhikma.tn\/fr\/wp-json\/wp\/v2\/product_tag?post=15423"}],"curies":[{"name":"wp","href":"https:\/\/api.w.org\/{rel}","templated":true}]}}