{"id":19941,"date":"2018-03-27T16:03:01","date_gmt":"2018-03-27T15:09:14","guid":{"rendered":"http:\/\/www.beitalhikma.tn\/?post_type=product&#038;p=19941&#038;lang=fr"},"modified":"2022-09-09T08:56:42","modified_gmt":"2022-09-09T07:56:42","slug":"le-cerveau-et-les-religions","status":"publish","type":"product","link":"https:\/\/www.beitalhikma.tn\/fr\/publication\/acces-boutique\/livres-en-vente\/le-cerveau-et-les-religions\/","title":{"rendered":"Le Cerveau et les Religions"},"content":{"rendered":"<p><strong>Le religieux peut-il constituer un objet de recherche pour la science ? De quelle l\u00e9gitimit\u00e9 peut se r\u00e9clamer la religion hors du cerveau humain ? Quelle diff\u00e9rence y a-t-il entre ceux qui ne cherchent qu\u2019\u00e0 comprendre et ceux qui sont totalement habit\u00e9s par la foi ? La religion peut-elle \u00eatre une science ?<br \/>\nL\u2019auteur pose ces questions pour s\u00e9parer l\u2019inqui\u00e9tude herm\u00e9neutique de la qui\u00e9tude de la croyance, en \u00e9cho \u00e0 cette distinction nietzsch\u00e9enne entre \u00ab ceux qui veulent comprendre et ceux qui d\u00e9sirent croire \u00bb. Pour les premiers, \u00ab le cerveau humain constitue, selon l\u2019auteur, le couronnement d\u2019une tr\u00e8s longue \u00e9volution de l\u2019\u00eatre vivant \u00bb. Il se fonde, ici, sur la biologie avec ses diff\u00e9rents domaines de sp\u00e9cialit\u00e9, en particulier la biologie du d\u00e9veloppement et celle de l\u2019\u00e9volution, mais aussi sur l\u2019arch\u00e9ologie et les sciences du vivant. La table de dissection permet, selon le Dr. Rafik Boukhris, \u00ab d\u2019observer clairement les mutations s\u00e9quentielles graduelles qui surviennent au niveau du cerveau \u00bb \u00e0 travers \u00ab le r\u00e9examen de la cha\u00eene animale qui m\u00e8ne du cerveau des animaux les plus primaires au cerveau de l\u2019homme \u00bb.<br \/>\nLes \u00e9tudes scientifiques ont r\u00e9ussi \u00e0 dessiner les premi\u00e8res cartographies du cerveau qui confirment, selon l\u2019auteur, la nature des connexions \u00e9lectriques et des transmissions neurologiques qui gouvernent ses diff\u00e9rentes composantes. Les recherches scientifiques ont permis \u00e0 cet \u00e9gard de d\u00e9terminer \u00ab l\u2019adaptation fonctionnelle \u00e9volutive \u00bb. De nombreux groupes de chercheurs travaillent inlassablement \u00e0 l\u2019\u00e9laboration d\u2019une cartographie pr\u00e9cise du cerveau. C\u2019est dans ce cadre que l\u2019auteur fait la distinction entre les th\u00e8ses id\u00e9alistes qui postulent que la conscience est un ph\u00e9nom\u00e8ne \u00ab totalement diff\u00e9rent du corps mat\u00e9riel \u00bb et les approches scientifiques qui per\u00e7oivent la pens\u00e9e comme un produit de l\u2019activit\u00e9 des cellules nerveuses du cerveau et de leur interactivit\u00e9 physique et chimique. Ce qui permet de mesurer le foss\u00e9 qui s\u00e9pare les interpr\u00e9tations m\u00e9taphysiques de la compr\u00e9hension scientifique. <\/strong><\/p>\n","protected":false},"excerpt":{"rendered":"<ul>\n<li><strong>Titre : Le cerveau et les relligions<br \/>\nAuteur : Rafik Boukhris\u00a0<\/strong><\/li>\n<li><strong>Traduit par<\/strong>:Dr.Ahmed Dhiab<\/li>\n<li><strong>Langue :<\/strong> arabe et fran\u00e7ais<\/li>\n<li><strong>Date de parution :<\/strong>2018<\/li>\n<li><strong>ISBN :<\/strong> 9789973491831<\/li>\n<li><strong>Nombre de pages :<\/strong> 183<br \/>\n<strong>Th\u00e8me :<\/strong> Sciences<\/li>\n<li><strong>Poids :<\/strong> 300 gr<br \/>\n<b>Situation : <\/b>disponible<\/li>\n<\/ul>\n","protected":false},"featured_media":19933,"template":"","meta":{"_uag_custom_page_level_css":""},"product_brand":[],"product_cat":[11],"product_tag":[],"class_list":{"0":"post-19941","1":"product","2":"type-product","3":"status-publish","4":"has-post-thumbnail","6":"product_cat-livres-en-vente","8":"first","9":"instock","10":"sale","11":"shipping-taxable","12":"purchasable","13":"product-type-simple"},"yoast_head":"<!-- This site is optimized with the Yoast SEO plugin v27.5 - https:\/\/yoast.com\/product\/yoast-seo-wordpress\/ -->\n<title>Le Cerveau et les Religions - Beit al-Hikma<\/title>\n<meta name=\"robots\" content=\"index, follow, max-snippet:-1, max-image-preview:large, max-video-preview:-1\" \/>\n<link rel=\"canonical\" href=\"https:\/\/www.beitalhikma.tn\/fr\/publication\/acces-boutique\/livres-en-vente\/le-cerveau-et-les-religions\/\" \/>\n<meta property=\"og:locale\" content=\"fr_FR\" \/>\n<meta property=\"og:type\" content=\"article\" \/>\n<meta property=\"og:title\" content=\"Le Cerveau et les Religions - Beit al-Hikma\" \/>\n<meta property=\"og:description\" content=\"Titre : Le cerveau et les relligions Auteur : Rafik Boukhris\u00a0  Traduit par:Dr.Ahmed Dhiab  Langue : arabe et fran\u00e7ais  Date de parution :2018  ISBN : 9789973491831  Nombre de pages : 183 Th\u00e8me : Sciences  Poids : 300 gr Situation : disponible\" \/>\n<meta property=\"og:url\" content=\"https:\/\/www.beitalhikma.tn\/fr\/publication\/acces-boutique\/livres-en-vente\/le-cerveau-et-les-religions\/\" \/>\n<meta property=\"og:site_name\" content=\"Beit al-Hikma\" \/>\n<meta property=\"article:publisher\" content=\"https:\/\/www.facebook.com\/BeitalhikmaTunisie\/\" \/>\n<meta property=\"article:modified_time\" content=\"2022-09-09T07:56:42+00:00\" \/>\n<meta property=\"og:image\" content=\"https:\/\/www.beitalhikma.tn\/wp-content\/uploads\/2016\/03\/\u0627\u0644\u062f\u0651\u0645\u0627\u063a-\u0648\u0627\u0644\u062f\u064a\u0627\u0646\u0627\u062a.png\" \/>\n\t<meta property=\"og:image:width\" content=\"535\" \/>\n\t<meta property=\"og:image:height\" content=\"742\" \/>\n\t<meta property=\"og:image:type\" content=\"image\/png\" \/>\n<meta name=\"twitter:card\" content=\"summary_large_image\" \/>\n<meta name=\"twitter:site\" content=\"@Beit_alhikma_TN\" \/>\n<meta name=\"twitter:label1\" content=\"Dur\u00e9e de lecture estim\u00e9e\" \/>\n\t<meta name=\"twitter:data1\" content=\"2 minutes\" \/>\n<script type=\"application\/ld+json\" class=\"yoast-schema-graph\">{\"@context\":\"https:\\\/\\\/schema.org\",\"@graph\":[{\"@type\":\"WebPage\",\"@id\":\"https:\\\/\\\/www.beitalhikma.tn\\\/fr\\\/publication\\\/acces-boutique\\\/livres-en-vente\\\/le-cerveau-et-les-religions\\\/\",\"url\":\"https:\\\/\\\/www.beitalhikma.tn\\\/fr\\\/publication\\\/acces-boutique\\\/livres-en-vente\\\/le-cerveau-et-les-religions\\\/\",\"name\":\"Le Cerveau et les Religions - Beit al-Hikma\",\"isPartOf\":{\"@id\":\"https:\\\/\\\/www.beitalhikma.tn\\\/#website\"},\"primaryImageOfPage\":{\"@id\":\"https:\\\/\\\/www.beitalhikma.tn\\\/fr\\\/publication\\\/acces-boutique\\\/livres-en-vente\\\/le-cerveau-et-les-religions\\\/#primaryimage\"},\"image\":{\"@id\":\"https:\\\/\\\/www.beitalhikma.tn\\\/fr\\\/publication\\\/acces-boutique\\\/livres-en-vente\\\/le-cerveau-et-les-religions\\\/#primaryimage\"},\"thumbnailUrl\":\"https:\\\/\\\/www.beitalhikma.tn\\\/wp-content\\\/uploads\\\/2016\\\/03\\\/\u0627\u0644\u062f\u0651\u0645\u0627\u063a-\u0648\u0627\u0644\u062f\u064a\u0627\u0646\u0627\u062a.png\",\"datePublished\":\"2018-03-27T15:09:14+00:00\",\"dateModified\":\"2022-09-09T07:56:42+00:00\",\"breadcrumb\":{\"@id\":\"https:\\\/\\\/www.beitalhikma.tn\\\/fr\\\/publication\\\/acces-boutique\\\/livres-en-vente\\\/le-cerveau-et-les-religions\\\/#breadcrumb\"},\"inLanguage\":\"fr-FR\",\"potentialAction\":[{\"@type\":\"ReadAction\",\"target\":[\"https:\\\/\\\/www.beitalhikma.tn\\\/fr\\\/publication\\\/acces-boutique\\\/livres-en-vente\\\/le-cerveau-et-les-religions\\\/\"]}]},{\"@type\":\"ImageObject\",\"inLanguage\":\"fr-FR\",\"@id\":\"https:\\\/\\\/www.beitalhikma.tn\\\/fr\\\/publication\\\/acces-boutique\\\/livres-en-vente\\\/le-cerveau-et-les-religions\\\/#primaryimage\",\"url\":\"https:\\\/\\\/www.beitalhikma.tn\\\/wp-content\\\/uploads\\\/2016\\\/03\\\/\u0627\u0644\u062f\u0651\u0645\u0627\u063a-\u0648\u0627\u0644\u062f\u064a\u0627\u0646\u0627\u062a.png\",\"contentUrl\":\"https:\\\/\\\/www.beitalhikma.tn\\\/wp-content\\\/uploads\\\/2016\\\/03\\\/\u0627\u0644\u062f\u0651\u0645\u0627\u063a-\u0648\u0627\u0644\u062f\u064a\u0627\u0646\u0627\u062a.png\",\"width\":535,\"height\":742},{\"@type\":\"BreadcrumbList\",\"@id\":\"https:\\\/\\\/www.beitalhikma.tn\\\/fr\\\/publication\\\/acces-boutique\\\/livres-en-vente\\\/le-cerveau-et-les-religions\\\/#breadcrumb\",\"itemListElement\":[{\"@type\":\"ListItem\",\"position\":1,\"name\":\"Accueil\",\"item\":\"https:\\\/\\\/www.beitalhikma.tn\\\/fr\\\/\"},{\"@type\":\"ListItem\",\"position\":2,\"name\":\"Boutique\",\"item\":\"https:\\\/\\\/www.beitalhikma.tn\\\/fr\\\/boutique\\\/\"},{\"@type\":\"ListItem\",\"position\":3,\"name\":\"Le Cerveau et les Religions\"}]},{\"@type\":\"WebSite\",\"@id\":\"https:\\\/\\\/www.beitalhikma.tn\\\/#website\",\"url\":\"https:\\\/\\\/www.beitalhikma.tn\\\/\",\"name\":\"Beit al-Hikma\",\"description\":\"L&#039;Acad\u00e9mie Tunisienne des Sciences, des Lettres  et des Arts\",\"publisher\":{\"@id\":\"https:\\\/\\\/www.beitalhikma.tn\\\/#organization\"},\"potentialAction\":[{\"@type\":\"SearchAction\",\"target\":{\"@type\":\"EntryPoint\",\"urlTemplate\":\"https:\\\/\\\/www.beitalhikma.tn\\\/?s={search_term_string}\"},\"query-input\":{\"@type\":\"PropertyValueSpecification\",\"valueRequired\":true,\"valueName\":\"search_term_string\"}}],\"inLanguage\":\"fr-FR\"},{\"@type\":\"Organization\",\"@id\":\"https:\\\/\\\/www.beitalhikma.tn\\\/#organization\",\"name\":\"Beit Al Hikma\",\"url\":\"https:\\\/\\\/www.beitalhikma.tn\\\/\",\"logo\":{\"@type\":\"ImageObject\",\"inLanguage\":\"fr-FR\",\"@id\":\"https:\\\/\\\/www.beitalhikma.tn\\\/#\\\/schema\\\/logo\\\/image\\\/\",\"url\":\"https:\\\/\\\/www.beitalhikma.tn\\\/wp-content\\\/uploads\\\/2014\\\/11\\\/logo.png\",\"contentUrl\":\"https:\\\/\\\/www.beitalhikma.tn\\\/wp-content\\\/uploads\\\/2014\\\/11\\\/logo.png\",\"width\":288,\"height\":109,\"caption\":\"Beit Al Hikma\"},\"image\":{\"@id\":\"https:\\\/\\\/www.beitalhikma.tn\\\/#\\\/schema\\\/logo\\\/image\\\/\"},\"sameAs\":[\"https:\\\/\\\/www.facebook.com\\\/BeitalhikmaTunisie\\\/\",\"https:\\\/\\\/x.com\\\/Beit_alhikma_TN\",\"https:\\\/\\\/www.youtube.com\\\/channel\\\/UCl8EfDXqt5MFfcEY0UYhevg\"]}]}<\/script>\n<!-- \/ Yoast SEO plugin. -->","yoast_head_json":{"title":"Le Cerveau et les Religions - Beit al-Hikma","robots":{"index":"index","follow":"follow","max-snippet":"max-snippet:-1","max-image-preview":"max-image-preview:large","max-video-preview":"max-video-preview:-1"},"canonical":"https:\/\/www.beitalhikma.tn\/fr\/publication\/acces-boutique\/livres-en-vente\/le-cerveau-et-les-religions\/","og_locale":"fr_FR","og_type":"article","og_title":"Le Cerveau et les Religions - Beit al-Hikma","og_description":"Titre : Le cerveau et les relligions Auteur : Rafik Boukhris\u00a0  Traduit par:Dr.Ahmed Dhiab  Langue : arabe et fran\u00e7ais  Date de parution :2018  ISBN : 9789973491831  Nombre de pages : 183 Th\u00e8me : Sciences  Poids : 300 gr Situation : disponible","og_url":"https:\/\/www.beitalhikma.tn\/fr\/publication\/acces-boutique\/livres-en-vente\/le-cerveau-et-les-religions\/","og_site_name":"Beit al-Hikma","article_publisher":"https:\/\/www.facebook.com\/BeitalhikmaTunisie\/","article_modified_time":"2022-09-09T07:56:42+00:00","og_image":[{"width":535,"height":742,"url":"https:\/\/www.beitalhikma.tn\/wp-content\/uploads\/2016\/03\/\u0627\u0644\u062f\u0651\u0645\u0627\u063a-\u0648\u0627\u0644\u062f\u064a\u0627\u0646\u0627\u062a.png","type":"image\/png"}],"twitter_card":"summary_large_image","twitter_site":"@Beit_alhikma_TN","twitter_misc":{"Dur\u00e9e de lecture estim\u00e9e":"2 minutes"},"schema":{"@context":"https:\/\/schema.org","@graph":[{"@type":"WebPage","@id":"https:\/\/www.beitalhikma.tn\/fr\/publication\/acces-boutique\/livres-en-vente\/le-cerveau-et-les-religions\/","url":"https:\/\/www.beitalhikma.tn\/fr\/publication\/acces-boutique\/livres-en-vente\/le-cerveau-et-les-religions\/","name":"Le Cerveau et les Religions - Beit al-Hikma","isPartOf":{"@id":"https:\/\/www.beitalhikma.tn\/#website"},"primaryImageOfPage":{"@id":"https:\/\/www.beitalhikma.tn\/fr\/publication\/acces-boutique\/livres-en-vente\/le-cerveau-et-les-religions\/#primaryimage"},"image":{"@id":"https:\/\/www.beitalhikma.tn\/fr\/publication\/acces-boutique\/livres-en-vente\/le-cerveau-et-les-religions\/#primaryimage"},"thumbnailUrl":"https:\/\/www.beitalhikma.tn\/wp-content\/uploads\/2016\/03\/\u0627\u0644\u062f\u0651\u0645\u0627\u063a-\u0648\u0627\u0644\u062f\u064a\u0627\u0646\u0627\u062a.png","datePublished":"2018-03-27T15:09:14+00:00","dateModified":"2022-09-09T07:56:42+00:00","breadcrumb":{"@id":"https:\/\/www.beitalhikma.tn\/fr\/publication\/acces-boutique\/livres-en-vente\/le-cerveau-et-les-religions\/#breadcrumb"},"inLanguage":"fr-FR","potentialAction":[{"@type":"ReadAction","target":["https:\/\/www.beitalhikma.tn\/fr\/publication\/acces-boutique\/livres-en-vente\/le-cerveau-et-les-religions\/"]}]},{"@type":"ImageObject","inLanguage":"fr-FR","@id":"https:\/\/www.beitalhikma.tn\/fr\/publication\/acces-boutique\/livres-en-vente\/le-cerveau-et-les-religions\/#primaryimage","url":"https:\/\/www.beitalhikma.tn\/wp-content\/uploads\/2016\/03\/\u0627\u0644\u062f\u0651\u0645\u0627\u063a-\u0648\u0627\u0644\u062f\u064a\u0627\u0646\u0627\u062a.png","contentUrl":"https:\/\/www.beitalhikma.tn\/wp-content\/uploads\/2016\/03\/\u0627\u0644\u062f\u0651\u0645\u0627\u063a-\u0648\u0627\u0644\u062f\u064a\u0627\u0646\u0627\u062a.png","width":535,"height":742},{"@type":"BreadcrumbList","@id":"https:\/\/www.beitalhikma.tn\/fr\/publication\/acces-boutique\/livres-en-vente\/le-cerveau-et-les-religions\/#breadcrumb","itemListElement":[{"@type":"ListItem","position":1,"name":"Accueil","item":"https:\/\/www.beitalhikma.tn\/fr\/"},{"@type":"ListItem","position":2,"name":"Boutique","item":"https:\/\/www.beitalhikma.tn\/fr\/boutique\/"},{"@type":"ListItem","position":3,"name":"Le Cerveau et les Religions"}]},{"@type":"WebSite","@id":"https:\/\/www.beitalhikma.tn\/#website","url":"https:\/\/www.beitalhikma.tn\/","name":"Beit al-Hikma","description":"L&#039;Acad\u00e9mie Tunisienne des Sciences, des Lettres  et des Arts","publisher":{"@id":"https:\/\/www.beitalhikma.tn\/#organization"},"potentialAction":[{"@type":"SearchAction","target":{"@type":"EntryPoint","urlTemplate":"https:\/\/www.beitalhikma.tn\/?s={search_term_string}"},"query-input":{"@type":"PropertyValueSpecification","valueRequired":true,"valueName":"search_term_string"}}],"inLanguage":"fr-FR"},{"@type":"Organization","@id":"https:\/\/www.beitalhikma.tn\/#organization","name":"Beit Al Hikma","url":"https:\/\/www.beitalhikma.tn\/","logo":{"@type":"ImageObject","inLanguage":"fr-FR","@id":"https:\/\/www.beitalhikma.tn\/#\/schema\/logo\/image\/","url":"https:\/\/www.beitalhikma.tn\/wp-content\/uploads\/2014\/11\/logo.png","contentUrl":"https:\/\/www.beitalhikma.tn\/wp-content\/uploads\/2014\/11\/logo.png","width":288,"height":109,"caption":"Beit Al Hikma"},"image":{"@id":"https:\/\/www.beitalhikma.tn\/#\/schema\/logo\/image\/"},"sameAs":["https:\/\/www.facebook.com\/BeitalhikmaTunisie\/","https:\/\/x.com\/Beit_alhikma_TN","https:\/\/www.youtube.com\/channel\/UCl8EfDXqt5MFfcEY0UYhevg"]}]}},"uagb_featured_image_src":{"full":["https:\/\/www.beitalhikma.tn\/wp-content\/uploads\/2016\/03\/\u0627\u0644\u062f\u0651\u0645\u0627\u063a-\u0648\u0627\u0644\u062f\u064a\u0627\u0646\u0627\u062a.png",535,742,false],"thumbnail":["https:\/\/www.beitalhikma.tn\/wp-content\/uploads\/2016\/03\/\u0627\u0644\u062f\u0651\u0645\u0627\u063a-\u0648\u0627\u0644\u062f\u064a\u0627\u0646\u0627\u062a-250x300.png",250,300,true],"medium":["https:\/\/www.beitalhikma.tn\/wp-content\/uploads\/2016\/03\/\u0627\u0644\u062f\u0651\u0645\u0627\u063a-\u0648\u0627\u0644\u062f\u064a\u0627\u0646\u0627\u062a-216x300.png",216,300,true],"medium_large":["https:\/\/www.beitalhikma.tn\/wp-content\/uploads\/2016\/03\/\u0627\u0644\u062f\u0651\u0645\u0627\u063a-\u0648\u0627\u0644\u062f\u064a\u0627\u0646\u0627\u062a.png",535,742,false],"large":["https:\/\/www.beitalhikma.tn\/wp-content\/uploads\/2016\/03\/\u0627\u0644\u062f\u0651\u0645\u0627\u063a-\u0648\u0627\u0644\u062f\u064a\u0627\u0646\u0627\u062a.png",535,742,false],"thumblist":["https:\/\/www.beitalhikma.tn\/wp-content\/uploads\/2016\/03\/\u0627\u0644\u062f\u0651\u0645\u0627\u063a-\u0648\u0627\u0644\u062f\u064a\u0627\u0646\u0627\u062a.png",216,300,false],"meccarouselthumb":["https:\/\/www.beitalhikma.tn\/wp-content\/uploads\/2016\/03\/\u0627\u0644\u062f\u0651\u0645\u0627\u063a-\u0648\u0627\u0644\u062f\u064a\u0627\u0646\u0627\u062a.png",234,324,false],"gridsquare":["https:\/\/www.beitalhikma.tn\/wp-content\/uploads\/2016\/03\/\u0627\u0644\u062f\u0651\u0645\u0627\u063a-\u0648\u0627\u0644\u062f\u064a\u0627\u0646\u0627\u062a.png",187,260,false],"tileview":["https:\/\/www.beitalhikma.tn\/wp-content\/uploads\/2016\/03\/\u0627\u0644\u062f\u0651\u0645\u0627\u063a-\u0648\u0627\u0644\u062f\u064a\u0627\u0646\u0627\u062a.png",288,400,false],"1536x1536":["https:\/\/www.beitalhikma.tn\/wp-content\/uploads\/2016\/03\/\u0627\u0644\u062f\u0651\u0645\u0627\u063a-\u0648\u0627\u0644\u062f\u064a\u0627\u0646\u0627\u062a.png",535,742,false],"2048x2048":["https:\/\/www.beitalhikma.tn\/wp-content\/uploads\/2016\/03\/\u0627\u0644\u062f\u0651\u0645\u0627\u063a-\u0648\u0627\u0644\u062f\u064a\u0627\u0646\u0627\u062a.png",535,742,false],"post-thumbnail":["https:\/\/www.beitalhikma.tn\/wp-content\/uploads\/2016\/03\/\u0627\u0644\u062f\u0651\u0645\u0627\u063a-\u0648\u0627\u0644\u062f\u064a\u0627\u0646\u0627\u062a-105x146.png",105,146,true],"50x50":["https:\/\/www.beitalhikma.tn\/wp-content\/uploads\/2016\/03\/\u0627\u0644\u062f\u0651\u0645\u0627\u063a-\u0648\u0627\u0644\u062f\u064a\u0627\u0646\u0627\u062a-36x50.png",36,50,true],"portfolio-list":["https:\/\/www.beitalhikma.tn\/wp-content\/uploads\/2016\/03\/\u0627\u0644\u062f\u0651\u0645\u0627\u063a-\u0648\u0627\u0644\u062f\u064a\u0627\u0646\u0627\u062a-535x400.png",535,400,true],"portfolio-fs":["https:\/\/www.beitalhikma.tn\/wp-content\/uploads\/2016\/03\/\u0627\u0644\u062f\u0651\u0645\u0627\u063a-\u0648\u0627\u0644\u062f\u064a\u0627\u0646\u0627\u062a-535x543.png",535,543,true],"portfolio-slider":["https:\/\/www.beitalhikma.tn\/wp-content\/uploads\/2016\/03\/\u0627\u0644\u062f\u0651\u0645\u0627\u063a-\u0648\u0627\u0644\u062f\u064a\u0627\u0646\u0627\u062a-380x380.png",380,380,true],"blog":["https:\/\/www.beitalhikma.tn\/wp-content\/uploads\/2016\/03\/\u0627\u0644\u062f\u0651\u0645\u0627\u063a-\u0648\u0627\u0644\u062f\u064a\u0627\u0646\u0627\u062a-535x341.png",535,341,true],"blog-single":["https:\/\/www.beitalhikma.tn\/wp-content\/uploads\/2016\/03\/\u0627\u0644\u062f\u0651\u0645\u0627\u063a-\u0648\u0627\u0644\u062f\u064a\u0627\u0646\u0627\u062a-535x445.png",535,445,true],"blog-item":["https:\/\/www.beitalhikma.tn\/wp-content\/uploads\/2016\/03\/\u0627\u0644\u062f\u0651\u0645\u0627\u063a-\u0648\u0627\u0644\u062f\u064a\u0627\u0646\u0627\u062a-504x224.png",504,224,true],"blog-widget":["https:\/\/www.beitalhikma.tn\/wp-content\/uploads\/2016\/03\/\u0627\u0644\u062f\u0651\u0645\u0627\u063a-\u0648\u0627\u0644\u062f\u064a\u0627\u0646\u0627\u062a-80x60.png",80,60,true],"features":["https:\/\/www.beitalhikma.tn\/wp-content\/uploads\/2016\/03\/\u0627\u0644\u062f\u0651\u0645\u0627\u063a-\u0648\u0627\u0644\u062f\u064a\u0627\u0646\u0627\u062a-90x90.png",90,90,true],"clients-slider":["https:\/\/www.beitalhikma.tn\/wp-content\/uploads\/2016\/03\/\u0627\u0644\u062f\u0651\u0645\u0627\u063a-\u0648\u0627\u0644\u062f\u064a\u0627\u0646\u0627\u062a-58x80.png",58,80,true],"offer-slider":["https:\/\/www.beitalhikma.tn\/wp-content\/uploads\/2016\/03\/\u0627\u0644\u062f\u0651\u0645\u0627\u063a-\u0648\u0627\u0644\u062f\u064a\u0627\u0646\u0627\u062a-535x438.png",535,438,true],"offer-slider-pg":["https:\/\/www.beitalhikma.tn\/wp-content\/uploads\/2016\/03\/\u0627\u0644\u062f\u0651\u0645\u0627\u063a-\u0648\u0627\u0644\u062f\u064a\u0627\u0646\u0627\u062a-42x42.png",42,42,true],"woocommerce_thumbnail":["https:\/\/www.beitalhikma.tn\/wp-content\/uploads\/2016\/03\/\u0627\u0644\u062f\u0651\u0645\u0627\u063a-\u0648\u0627\u0644\u062f\u064a\u0627\u0646\u0627\u062a-250x300.png",250,300,true],"woocommerce_single":["https:\/\/www.beitalhikma.tn\/wp-content\/uploads\/2016\/03\/\u0627\u0644\u062f\u0651\u0645\u0627\u063a-\u0648\u0627\u0644\u062f\u064a\u0627\u0646\u0627\u062a-250x347.png",250,347,true],"woocommerce_gallery_thumbnail":["https:\/\/www.beitalhikma.tn\/wp-content\/uploads\/2016\/03\/\u0627\u0644\u062f\u0651\u0645\u0627\u063a-\u0648\u0627\u0644\u062f\u064a\u0627\u0646\u0627\u062a-100x100.png",100,100,true]},"uagb_author_info":{"display_name":"admin","author_link":"https:\/\/www.beitalhikma.tn\/fr\/author\/"},"uagb_comment_info":0,"uagb_excerpt":"Titre : Le cerveau et les relligions Auteur : Rafik Boukhris\u00a0 Traduit par:Dr.Ahmed Dhiab Langue : arabe et fran\u00e7ais Date de parution :2018 ISBN : 9789973491831 Nombre de pages : 183 Th\u00e8me : Sciences Poids : 300 gr Situation : disponible","_links":{"self":[{"href":"https:\/\/www.beitalhikma.tn\/fr\/wp-json\/wp\/v2\/product\/19941","targetHints":{"allow":["GET"]}}],"collection":[{"href":"https:\/\/www.beitalhikma.tn\/fr\/wp-json\/wp\/v2\/product"}],"about":[{"href":"https:\/\/www.beitalhikma.tn\/fr\/wp-json\/wp\/v2\/types\/product"}],"wp:featuredmedia":[{"embeddable":true,"href":"https:\/\/www.beitalhikma.tn\/fr\/wp-json\/wp\/v2\/media\/19933"}],"wp:attachment":[{"href":"https:\/\/www.beitalhikma.tn\/fr\/wp-json\/wp\/v2\/media?parent=19941"}],"wp:term":[{"taxonomy":"product_brand","embeddable":true,"href":"https:\/\/www.beitalhikma.tn\/fr\/wp-json\/wp\/v2\/product_brand?post=19941"},{"taxonomy":"product_cat","embeddable":true,"href":"https:\/\/www.beitalhikma.tn\/fr\/wp-json\/wp\/v2\/product_cat?post=19941"},{"taxonomy":"product_tag","embeddable":true,"href":"https:\/\/www.beitalhikma.tn\/fr\/wp-json\/wp\/v2\/product_tag?post=19941"}],"curies":[{"name":"wp","href":"https:\/\/api.w.org\/{rel}","templated":true}]}}