{"id":19945,"date":"2018-03-27T16:13:48","date_gmt":"2018-03-27T15:13:48","guid":{"rendered":"http:\/\/www.beitalhikma.tn\/?post_type=product&#038;p=19945&#038;lang=fr"},"modified":"2022-09-09T08:59:44","modified_gmt":"2022-09-09T07:59:44","slug":"etudes-litteraires-themes-formes-et-personnages-litteraires","status":"publish","type":"product","link":"https:\/\/www.beitalhikma.tn\/fr\/publication\/acces-boutique\/livres-en-vente\/etudes-litteraires-themes-formes-et-personnages-litteraires\/","title":{"rendered":"\u00c9tudes litt\u00e9raires: th\u00e8mes, formes et personnages litt\u00e9raires"},"content":{"rendered":"<p><strong>L\u2019auteur s\u2019est int\u00e9ress\u00e9, dans le premier volume, \u00e0 des \u0153uvres appartenant \u00e0 la litt\u00e9rature fran\u00e7aise et \u00e0 la litt\u00e9rature francophone du Maghreb, notamment celles de l\u2019Alg\u00e9rien Rachid Boudjedra, du Marocain Ahmed Kheireddine et du Tunisien Mustapha Tlili. Il s\u2019arr\u00eate sur les sp\u00e9cificit\u00e9s de ces textes dont la rupture avec la tradition litt\u00e9raire porte la marque de l\u2019avant-garde occidentale, en particulier celle des ann\u00e9es 70 qui s\u2019est affirm\u00e9e \u00e0 travers le rejet des formes classiques.<br \/>\nSelon l\u2019auteur, les arts et lettres se veulent d\u2019abord une machine de guerre contre les forces qui visent \u00e0 \u00e9craser l\u2019homme et \u00e0 porter atteinte \u00e0 sa dignit\u00e9. La prax\u00e9ologie du texte litt\u00e9raire nous enseigne en effet que ces \u0153uvres combattent, au nom des valeurs de libert\u00e9 et de citoyennet\u00e9, l\u2019autocratie aussi bien que les diverses manifestations de l\u2019extr\u00e9misme et de la domination patriarcale. Le Pr. Bouguerra illustre cette approche en s\u2019arr\u00eatant sur l\u2019exp\u00e9rience alg\u00e9rienne des ann\u00e9es 80 et 90 du si\u00e8cle dernier au cours desquelles le radicalisme religieux a plong\u00e9 le pays dans la guerre civile. Les \u0153uvres de Kateb Yacine, de Rachid Boudjedra ou de Rachid Mimouni ne pouvaient, dans un tel contexte, s\u2019inscrire dans la pure recherche du plaisir esth\u00e9tique. Elles furent, nous dit l\u2019auteur, d\u2019abord une recension critique des crises \u00e9conomiques, politiques, sociales que l\u2019Alg\u00e9rie postcoloniale a travers\u00e9es.<br \/>\nLe second volume est consacr\u00e9 essentiellement aux \u00e9tudes proustiennes mais aussi \u00e0 la litt\u00e9rature dans ses rapports avec la cr\u00e9ation picturale. Ici, l\u2019\u0153uvre est per\u00e7ue comme un voyage \u00e0 travers le jeu complexe par lequel les \u0153uvres d\u2019art organisent leur rapport \u00e0 la \u2018\u2019com\u00e9die humaine\u2019\u2019. L\u2019auteur examine \u00e9galement les mythes de la cr\u00e9ation artistique et les dimensions proprement esth\u00e9tiques de l\u2019\u0153uvre \u00e0 travers la d\u00e9marche du romancier Marcel Proust (fin du XIXe et d\u00e9but du XXe si\u00e8cle), dans sa \u2018\u2019recherche du temps perdu\u2019\u2019. <\/strong><\/p>\n","protected":false},"excerpt":{"rendered":"<ul>\n<li><strong>Titre : Etudes litt\u00e9raires : th\u00e8mes, formes, personnages litt\u00e9raires.<br \/>\nAuteur : Mohamed Ridha Bouguerra<\/strong><\/li>\n<li><strong>Langue :<\/strong> Fran\u00e7ais<\/li>\n<li><strong>Date de parution :<\/strong> 2018<\/li>\n<li><strong>Format :<\/strong> 16&#215;24<\/li>\n<li><strong>ISBN :<\/strong> T1: 9789973491800\u00a0 \/ T2 :9789973491817<\/li>\n<li><strong>Nombre de pages :<\/strong> T1:254\u00a0 \/T2:262<br \/>\n<strong>Th\u00e8me :<\/strong> Critique litt\u00e9raire<\/li>\n<li><strong>Poids :<\/strong> 900 gr<br \/>\n<b>Situation :\u00a0<\/b>disponible<\/li>\n<li><strong>\u00a0<\/strong><\/li>\n<\/ul>\n","protected":false},"featured_media":19946,"template":"","meta":{"_uag_custom_page_level_css":""},"product_brand":[],"product_cat":[11],"product_tag":[],"class_list":{"0":"post-19945","1":"product","2":"type-product","3":"status-publish","4":"has-post-thumbnail","6":"product_cat-livres-en-vente","8":"first","9":"instock","10":"sale","11":"shipping-taxable","12":"purchasable","13":"product-type-simple"},"yoast_head":"<!-- This site is optimized with the Yoast SEO plugin v27.3 - https:\/\/yoast.com\/product\/yoast-seo-wordpress\/ -->\n<title>\u00c9tudes litt\u00e9raires: th\u00e8mes, formes et personnages litt\u00e9raires - Beit al-Hikma<\/title>\n<meta name=\"robots\" content=\"index, follow, max-snippet:-1, max-image-preview:large, max-video-preview:-1\" \/>\n<link rel=\"canonical\" href=\"https:\/\/www.beitalhikma.tn\/fr\/publication\/acces-boutique\/livres-en-vente\/etudes-litteraires-themes-formes-et-personnages-litteraires\/\" \/>\n<meta property=\"og:locale\" content=\"fr_FR\" \/>\n<meta property=\"og:type\" content=\"article\" \/>\n<meta property=\"og:title\" content=\"\u00c9tudes litt\u00e9raires: th\u00e8mes, formes et personnages litt\u00e9raires - Beit al-Hikma\" \/>\n<meta property=\"og:description\" content=\"Titre : Etudes litt\u00e9raires : th\u00e8mes, formes, personnages litt\u00e9raires. Auteur : Mohamed Ridha Bouguerra  Langue : Fran\u00e7ais  Date de parution : 2018  Format : 16x24  ISBN : T1: 9789973491800\u00a0 \/ T2 :9789973491817  Nombre de pages : T1:254\u00a0 \/T2:262 Th\u00e8me : Critique litt\u00e9raire  Poids : 900 gr Situation :\u00a0disponible  \u00a0\" \/>\n<meta property=\"og:url\" content=\"https:\/\/www.beitalhikma.tn\/fr\/publication\/acces-boutique\/livres-en-vente\/etudes-litteraires-themes-formes-et-personnages-litteraires\/\" \/>\n<meta property=\"og:site_name\" content=\"Beit al-Hikma\" \/>\n<meta property=\"article:publisher\" content=\"https:\/\/www.facebook.com\/BeitalhikmaTunisie\/\" \/>\n<meta property=\"article:modified_time\" content=\"2022-09-09T07:59:44+00:00\" \/>\n<meta property=\"og:image\" content=\"https:\/\/www.beitalhikma.tn\/wp-content\/uploads\/2018\/03\/Etude-littt\u00e9raires-Tome1.png\" \/>\n\t<meta property=\"og:image:width\" content=\"403\" \/>\n\t<meta property=\"og:image:height\" content=\"681\" \/>\n\t<meta property=\"og:image:type\" content=\"image\/png\" \/>\n<meta name=\"twitter:card\" content=\"summary_large_image\" \/>\n<meta name=\"twitter:site\" content=\"@Beit_alhikma_TN\" \/>\n<meta name=\"twitter:label1\" content=\"Dur\u00e9e de lecture estim\u00e9e\" \/>\n\t<meta name=\"twitter:data1\" content=\"2 minutes\" \/>\n<script type=\"application\/ld+json\" class=\"yoast-schema-graph\">{\"@context\":\"https:\\\/\\\/schema.org\",\"@graph\":[{\"@type\":\"WebPage\",\"@id\":\"https:\\\/\\\/www.beitalhikma.tn\\\/fr\\\/publication\\\/acces-boutique\\\/livres-en-vente\\\/etudes-litteraires-themes-formes-et-personnages-litteraires\\\/\",\"url\":\"https:\\\/\\\/www.beitalhikma.tn\\\/fr\\\/publication\\\/acces-boutique\\\/livres-en-vente\\\/etudes-litteraires-themes-formes-et-personnages-litteraires\\\/\",\"name\":\"\u00c9tudes litt\u00e9raires: th\u00e8mes, formes et personnages litt\u00e9raires - Beit al-Hikma\",\"isPartOf\":{\"@id\":\"https:\\\/\\\/www.beitalhikma.tn\\\/#website\"},\"primaryImageOfPage\":{\"@id\":\"https:\\\/\\\/www.beitalhikma.tn\\\/fr\\\/publication\\\/acces-boutique\\\/livres-en-vente\\\/etudes-litteraires-themes-formes-et-personnages-litteraires\\\/#primaryimage\"},\"image\":{\"@id\":\"https:\\\/\\\/www.beitalhikma.tn\\\/fr\\\/publication\\\/acces-boutique\\\/livres-en-vente\\\/etudes-litteraires-themes-formes-et-personnages-litteraires\\\/#primaryimage\"},\"thumbnailUrl\":\"https:\\\/\\\/www.beitalhikma.tn\\\/wp-content\\\/uploads\\\/2018\\\/03\\\/Etude-littt\u00e9raires-Tome1.png\",\"datePublished\":\"2018-03-27T15:13:48+00:00\",\"dateModified\":\"2022-09-09T07:59:44+00:00\",\"breadcrumb\":{\"@id\":\"https:\\\/\\\/www.beitalhikma.tn\\\/fr\\\/publication\\\/acces-boutique\\\/livres-en-vente\\\/etudes-litteraires-themes-formes-et-personnages-litteraires\\\/#breadcrumb\"},\"inLanguage\":\"fr-FR\",\"potentialAction\":[{\"@type\":\"ReadAction\",\"target\":[\"https:\\\/\\\/www.beitalhikma.tn\\\/fr\\\/publication\\\/acces-boutique\\\/livres-en-vente\\\/etudes-litteraires-themes-formes-et-personnages-litteraires\\\/\"]}]},{\"@type\":\"ImageObject\",\"inLanguage\":\"fr-FR\",\"@id\":\"https:\\\/\\\/www.beitalhikma.tn\\\/fr\\\/publication\\\/acces-boutique\\\/livres-en-vente\\\/etudes-litteraires-themes-formes-et-personnages-litteraires\\\/#primaryimage\",\"url\":\"https:\\\/\\\/www.beitalhikma.tn\\\/wp-content\\\/uploads\\\/2018\\\/03\\\/Etude-littt\u00e9raires-Tome1.png\",\"contentUrl\":\"https:\\\/\\\/www.beitalhikma.tn\\\/wp-content\\\/uploads\\\/2018\\\/03\\\/Etude-littt\u00e9raires-Tome1.png\",\"width\":403,\"height\":681},{\"@type\":\"BreadcrumbList\",\"@id\":\"https:\\\/\\\/www.beitalhikma.tn\\\/fr\\\/publication\\\/acces-boutique\\\/livres-en-vente\\\/etudes-litteraires-themes-formes-et-personnages-litteraires\\\/#breadcrumb\",\"itemListElement\":[{\"@type\":\"ListItem\",\"position\":1,\"name\":\"Accueil\",\"item\":\"https:\\\/\\\/www.beitalhikma.tn\\\/fr\\\/\"},{\"@type\":\"ListItem\",\"position\":2,\"name\":\"Boutique\",\"item\":\"https:\\\/\\\/www.beitalhikma.tn\\\/fr\\\/boutique\\\/\"},{\"@type\":\"ListItem\",\"position\":3,\"name\":\"\u00c9tudes litt\u00e9raires: th\u00e8mes, formes et personnages litt\u00e9raires\"}]},{\"@type\":\"WebSite\",\"@id\":\"https:\\\/\\\/www.beitalhikma.tn\\\/#website\",\"url\":\"https:\\\/\\\/www.beitalhikma.tn\\\/\",\"name\":\"Beit al-Hikma\",\"description\":\"L&#039;Acad\u00e9mie Tunisienne des Sciences, des Lettres  et des Arts\",\"publisher\":{\"@id\":\"https:\\\/\\\/www.beitalhikma.tn\\\/#organization\"},\"potentialAction\":[{\"@type\":\"SearchAction\",\"target\":{\"@type\":\"EntryPoint\",\"urlTemplate\":\"https:\\\/\\\/www.beitalhikma.tn\\\/?s={search_term_string}\"},\"query-input\":{\"@type\":\"PropertyValueSpecification\",\"valueRequired\":true,\"valueName\":\"search_term_string\"}}],\"inLanguage\":\"fr-FR\"},{\"@type\":\"Organization\",\"@id\":\"https:\\\/\\\/www.beitalhikma.tn\\\/#organization\",\"name\":\"Beit Al Hikma\",\"url\":\"https:\\\/\\\/www.beitalhikma.tn\\\/\",\"logo\":{\"@type\":\"ImageObject\",\"inLanguage\":\"fr-FR\",\"@id\":\"https:\\\/\\\/www.beitalhikma.tn\\\/#\\\/schema\\\/logo\\\/image\\\/\",\"url\":\"https:\\\/\\\/www.beitalhikma.tn\\\/wp-content\\\/uploads\\\/2014\\\/11\\\/logo.png\",\"contentUrl\":\"https:\\\/\\\/www.beitalhikma.tn\\\/wp-content\\\/uploads\\\/2014\\\/11\\\/logo.png\",\"width\":288,\"height\":109,\"caption\":\"Beit Al Hikma\"},\"image\":{\"@id\":\"https:\\\/\\\/www.beitalhikma.tn\\\/#\\\/schema\\\/logo\\\/image\\\/\"},\"sameAs\":[\"https:\\\/\\\/www.facebook.com\\\/BeitalhikmaTunisie\\\/\",\"https:\\\/\\\/x.com\\\/Beit_alhikma_TN\",\"https:\\\/\\\/www.youtube.com\\\/channel\\\/UCl8EfDXqt5MFfcEY0UYhevg\"]}]}<\/script>\n<!-- \/ Yoast SEO plugin. -->","yoast_head_json":{"title":"\u00c9tudes litt\u00e9raires: th\u00e8mes, formes et personnages litt\u00e9raires - Beit al-Hikma","robots":{"index":"index","follow":"follow","max-snippet":"max-snippet:-1","max-image-preview":"max-image-preview:large","max-video-preview":"max-video-preview:-1"},"canonical":"https:\/\/www.beitalhikma.tn\/fr\/publication\/acces-boutique\/livres-en-vente\/etudes-litteraires-themes-formes-et-personnages-litteraires\/","og_locale":"fr_FR","og_type":"article","og_title":"\u00c9tudes litt\u00e9raires: th\u00e8mes, formes et personnages litt\u00e9raires - Beit al-Hikma","og_description":"Titre : Etudes litt\u00e9raires : th\u00e8mes, formes, personnages litt\u00e9raires. Auteur : Mohamed Ridha Bouguerra  Langue : Fran\u00e7ais  Date de parution : 2018  Format : 16x24  ISBN : T1: 9789973491800\u00a0 \/ T2 :9789973491817  Nombre de pages : T1:254\u00a0 \/T2:262 Th\u00e8me : Critique litt\u00e9raire  Poids : 900 gr Situation :\u00a0disponible  \u00a0","og_url":"https:\/\/www.beitalhikma.tn\/fr\/publication\/acces-boutique\/livres-en-vente\/etudes-litteraires-themes-formes-et-personnages-litteraires\/","og_site_name":"Beit al-Hikma","article_publisher":"https:\/\/www.facebook.com\/BeitalhikmaTunisie\/","article_modified_time":"2022-09-09T07:59:44+00:00","og_image":[{"width":403,"height":681,"url":"https:\/\/www.beitalhikma.tn\/wp-content\/uploads\/2018\/03\/Etude-littt\u00e9raires-Tome1.png","type":"image\/png"}],"twitter_card":"summary_large_image","twitter_site":"@Beit_alhikma_TN","twitter_misc":{"Dur\u00e9e de lecture estim\u00e9e":"2 minutes"},"schema":{"@context":"https:\/\/schema.org","@graph":[{"@type":"WebPage","@id":"https:\/\/www.beitalhikma.tn\/fr\/publication\/acces-boutique\/livres-en-vente\/etudes-litteraires-themes-formes-et-personnages-litteraires\/","url":"https:\/\/www.beitalhikma.tn\/fr\/publication\/acces-boutique\/livres-en-vente\/etudes-litteraires-themes-formes-et-personnages-litteraires\/","name":"\u00c9tudes litt\u00e9raires: th\u00e8mes, formes et personnages litt\u00e9raires - Beit al-Hikma","isPartOf":{"@id":"https:\/\/www.beitalhikma.tn\/#website"},"primaryImageOfPage":{"@id":"https:\/\/www.beitalhikma.tn\/fr\/publication\/acces-boutique\/livres-en-vente\/etudes-litteraires-themes-formes-et-personnages-litteraires\/#primaryimage"},"image":{"@id":"https:\/\/www.beitalhikma.tn\/fr\/publication\/acces-boutique\/livres-en-vente\/etudes-litteraires-themes-formes-et-personnages-litteraires\/#primaryimage"},"thumbnailUrl":"https:\/\/www.beitalhikma.tn\/wp-content\/uploads\/2018\/03\/Etude-littt\u00e9raires-Tome1.png","datePublished":"2018-03-27T15:13:48+00:00","dateModified":"2022-09-09T07:59:44+00:00","breadcrumb":{"@id":"https:\/\/www.beitalhikma.tn\/fr\/publication\/acces-boutique\/livres-en-vente\/etudes-litteraires-themes-formes-et-personnages-litteraires\/#breadcrumb"},"inLanguage":"fr-FR","potentialAction":[{"@type":"ReadAction","target":["https:\/\/www.beitalhikma.tn\/fr\/publication\/acces-boutique\/livres-en-vente\/etudes-litteraires-themes-formes-et-personnages-litteraires\/"]}]},{"@type":"ImageObject","inLanguage":"fr-FR","@id":"https:\/\/www.beitalhikma.tn\/fr\/publication\/acces-boutique\/livres-en-vente\/etudes-litteraires-themes-formes-et-personnages-litteraires\/#primaryimage","url":"https:\/\/www.beitalhikma.tn\/wp-content\/uploads\/2018\/03\/Etude-littt\u00e9raires-Tome1.png","contentUrl":"https:\/\/www.beitalhikma.tn\/wp-content\/uploads\/2018\/03\/Etude-littt\u00e9raires-Tome1.png","width":403,"height":681},{"@type":"BreadcrumbList","@id":"https:\/\/www.beitalhikma.tn\/fr\/publication\/acces-boutique\/livres-en-vente\/etudes-litteraires-themes-formes-et-personnages-litteraires\/#breadcrumb","itemListElement":[{"@type":"ListItem","position":1,"name":"Accueil","item":"https:\/\/www.beitalhikma.tn\/fr\/"},{"@type":"ListItem","position":2,"name":"Boutique","item":"https:\/\/www.beitalhikma.tn\/fr\/boutique\/"},{"@type":"ListItem","position":3,"name":"\u00c9tudes litt\u00e9raires: th\u00e8mes, formes et personnages litt\u00e9raires"}]},{"@type":"WebSite","@id":"https:\/\/www.beitalhikma.tn\/#website","url":"https:\/\/www.beitalhikma.tn\/","name":"Beit al-Hikma","description":"L&#039;Acad\u00e9mie Tunisienne des Sciences, des Lettres  et des Arts","publisher":{"@id":"https:\/\/www.beitalhikma.tn\/#organization"},"potentialAction":[{"@type":"SearchAction","target":{"@type":"EntryPoint","urlTemplate":"https:\/\/www.beitalhikma.tn\/?s={search_term_string}"},"query-input":{"@type":"PropertyValueSpecification","valueRequired":true,"valueName":"search_term_string"}}],"inLanguage":"fr-FR"},{"@type":"Organization","@id":"https:\/\/www.beitalhikma.tn\/#organization","name":"Beit Al Hikma","url":"https:\/\/www.beitalhikma.tn\/","logo":{"@type":"ImageObject","inLanguage":"fr-FR","@id":"https:\/\/www.beitalhikma.tn\/#\/schema\/logo\/image\/","url":"https:\/\/www.beitalhikma.tn\/wp-content\/uploads\/2014\/11\/logo.png","contentUrl":"https:\/\/www.beitalhikma.tn\/wp-content\/uploads\/2014\/11\/logo.png","width":288,"height":109,"caption":"Beit Al Hikma"},"image":{"@id":"https:\/\/www.beitalhikma.tn\/#\/schema\/logo\/image\/"},"sameAs":["https:\/\/www.facebook.com\/BeitalhikmaTunisie\/","https:\/\/x.com\/Beit_alhikma_TN","https:\/\/www.youtube.com\/channel\/UCl8EfDXqt5MFfcEY0UYhevg"]}]}},"uagb_featured_image_src":{"full":["https:\/\/www.beitalhikma.tn\/wp-content\/uploads\/2018\/03\/Etude-littt\u00e9raires-Tome1.png",403,681,false],"thumbnail":["https:\/\/www.beitalhikma.tn\/wp-content\/uploads\/2018\/03\/Etude-littt\u00e9raires-Tome1-250x300.png",250,300,true],"medium":["https:\/\/www.beitalhikma.tn\/wp-content\/uploads\/2018\/03\/Etude-littt\u00e9raires-Tome1-178x300.png",178,300,true],"medium_large":["https:\/\/www.beitalhikma.tn\/wp-content\/uploads\/2018\/03\/Etude-littt\u00e9raires-Tome1.png",403,681,false],"large":["https:\/\/www.beitalhikma.tn\/wp-content\/uploads\/2018\/03\/Etude-littt\u00e9raires-Tome1.png",403,681,false],"thumblist":["https:\/\/www.beitalhikma.tn\/wp-content\/uploads\/2018\/03\/Etude-littt\u00e9raires-Tome1.png",178,300,false],"meccarouselthumb":["https:\/\/www.beitalhikma.tn\/wp-content\/uploads\/2018\/03\/Etude-littt\u00e9raires-Tome1.png",192,324,false],"gridsquare":["https:\/\/www.beitalhikma.tn\/wp-content\/uploads\/2018\/03\/Etude-littt\u00e9raires-Tome1.png",154,260,false],"tileview":["https:\/\/www.beitalhikma.tn\/wp-content\/uploads\/2018\/03\/Etude-littt\u00e9raires-Tome1.png",237,400,false],"1536x1536":["https:\/\/www.beitalhikma.tn\/wp-content\/uploads\/2018\/03\/Etude-littt\u00e9raires-Tome1.png",403,681,false],"2048x2048":["https:\/\/www.beitalhikma.tn\/wp-content\/uploads\/2018\/03\/Etude-littt\u00e9raires-Tome1.png",403,681,false],"post-thumbnail":["https:\/\/www.beitalhikma.tn\/wp-content\/uploads\/2018\/03\/Etude-littt\u00e9raires-Tome1-86x146.png",86,146,true],"50x50":["https:\/\/www.beitalhikma.tn\/wp-content\/uploads\/2018\/03\/Etude-littt\u00e9raires-Tome1-30x50.png",30,50,true],"portfolio-list":["https:\/\/www.beitalhikma.tn\/wp-content\/uploads\/2018\/03\/Etude-littt\u00e9raires-Tome1-403x400.png",403,400,true],"portfolio-fs":["https:\/\/www.beitalhikma.tn\/wp-content\/uploads\/2018\/03\/Etude-littt\u00e9raires-Tome1-403x543.png",403,543,true],"portfolio-slider":["https:\/\/www.beitalhikma.tn\/wp-content\/uploads\/2018\/03\/Etude-littt\u00e9raires-Tome1-380x380.png",380,380,true],"blog":["https:\/\/www.beitalhikma.tn\/wp-content\/uploads\/2018\/03\/Etude-littt\u00e9raires-Tome1-403x341.png",403,341,true],"blog-single":["https:\/\/www.beitalhikma.tn\/wp-content\/uploads\/2018\/03\/Etude-littt\u00e9raires-Tome1-403x445.png",403,445,true],"blog-item":["https:\/\/www.beitalhikma.tn\/wp-content\/uploads\/2018\/03\/Etude-littt\u00e9raires-Tome1-403x224.png",403,224,true],"blog-widget":["https:\/\/www.beitalhikma.tn\/wp-content\/uploads\/2018\/03\/Etude-littt\u00e9raires-Tome1-80x60.png",80,60,true],"features":["https:\/\/www.beitalhikma.tn\/wp-content\/uploads\/2018\/03\/Etude-littt\u00e9raires-Tome1-90x90.png",90,90,true],"clients-slider":["https:\/\/www.beitalhikma.tn\/wp-content\/uploads\/2018\/03\/Etude-littt\u00e9raires-Tome1-47x80.png",47,80,true],"offer-slider":["https:\/\/www.beitalhikma.tn\/wp-content\/uploads\/2018\/03\/Etude-littt\u00e9raires-Tome1-403x438.png",403,438,true],"offer-slider-pg":["https:\/\/www.beitalhikma.tn\/wp-content\/uploads\/2018\/03\/Etude-littt\u00e9raires-Tome1-42x42.png",42,42,true],"woocommerce_thumbnail":["https:\/\/www.beitalhikma.tn\/wp-content\/uploads\/2018\/03\/Etude-littt\u00e9raires-Tome1-250x300.png",250,300,true],"woocommerce_single":["https:\/\/www.beitalhikma.tn\/wp-content\/uploads\/2018\/03\/Etude-littt\u00e9raires-Tome1-250x422.png",250,422,true],"woocommerce_gallery_thumbnail":["https:\/\/www.beitalhikma.tn\/wp-content\/uploads\/2018\/03\/Etude-littt\u00e9raires-Tome1-100x100.png",100,100,true]},"uagb_author_info":{"display_name":"admin","author_link":"https:\/\/www.beitalhikma.tn\/fr\/author\/"},"uagb_comment_info":0,"uagb_excerpt":"Titre : Etudes litt\u00e9raires : th\u00e8mes, formes, personnages litt\u00e9raires. Auteur : Mohamed Ridha Bouguerra Langue : Fran\u00e7ais Date de parution : 2018 Format : 16x24 ISBN : T1: 9789973491800\u00a0 \/ T2 :9789973491817 Nombre de pages : T1:254\u00a0 \/T2:262 Th\u00e8me : Critique litt\u00e9raire Poids : 900 gr Situation :\u00a0disponible \u00a0","_links":{"self":[{"href":"https:\/\/www.beitalhikma.tn\/fr\/wp-json\/wp\/v2\/product\/19945","targetHints":{"allow":["GET"]}}],"collection":[{"href":"https:\/\/www.beitalhikma.tn\/fr\/wp-json\/wp\/v2\/product"}],"about":[{"href":"https:\/\/www.beitalhikma.tn\/fr\/wp-json\/wp\/v2\/types\/product"}],"wp:featuredmedia":[{"embeddable":true,"href":"https:\/\/www.beitalhikma.tn\/fr\/wp-json\/wp\/v2\/media\/19946"}],"wp:attachment":[{"href":"https:\/\/www.beitalhikma.tn\/fr\/wp-json\/wp\/v2\/media?parent=19945"}],"wp:term":[{"taxonomy":"product_brand","embeddable":true,"href":"https:\/\/www.beitalhikma.tn\/fr\/wp-json\/wp\/v2\/product_brand?post=19945"},{"taxonomy":"product_cat","embeddable":true,"href":"https:\/\/www.beitalhikma.tn\/fr\/wp-json\/wp\/v2\/product_cat?post=19945"},{"taxonomy":"product_tag","embeddable":true,"href":"https:\/\/www.beitalhikma.tn\/fr\/wp-json\/wp\/v2\/product_tag?post=19945"}],"curies":[{"name":"wp","href":"https:\/\/api.w.org\/{rel}","templated":true}]}}