{"id":20132,"date":"2018-04-03T09:04:57","date_gmt":"2018-04-03T08:04:57","guid":{"rendered":"http:\/\/www.beitalhikma.tn\/?post_type=product&#038;p=20132&#038;lang=fr"},"modified":"2022-10-14T10:20:24","modified_gmt":"2022-10-14T09:20:24","slug":"la-tentation-du-jihad-violences-et-jeunesse-a-labandon","status":"publish","type":"product","link":"https:\/\/www.beitalhikma.tn\/fr\/publication\/acces-boutique\/livres-en-vente\/la-tentation-du-jihad-violences-et-jeunesse-a-labandon\/","title":{"rendered":"La tentation du Jihad :Violences et jeunesse \u00e0 l\u2019abandon"},"content":{"rendered":"<p><strong>Une crise personnelle peut induire des comportements impr\u00e9visibles et des actes violents difficiles \u00e0 imaginer qui posent des questions telles que :<br \/>\n&#8211; Pourquoi un jeune d\u00e9cide-t-il, du jour au lendemain, de renoncer \u00e0 tout et de c\u00e9der \u00e0 la tentation du Jihad ?<br \/>\n&#8211; De quelle fa\u00e7on proc\u00e8dent les organisations terroristes pour le recruter ?<br \/>\n&#8211; Comment expliquer que ces groupes de la mort r\u00e9ussissent \u00e0 le d\u00e9poss\u00e9der de son droit \u00e0 la vie en usant de mots d\u2019ordre tels que \u2018\u2019la chahada\u2019\u2019 (le martyre), \u2018\u2019la voie de Dieu\u2019\u2019 ou \u2018\u2019le Jihad\u2019\u2019 ?<br \/>\n&#8211; Par quels moyens est l\u00e9gitim\u00e9e la psychologie de la revanche ?<br \/>\nLe livre essaie de r\u00e9pondre \u00e0 ces questions \u00e0 partir de diff\u00e9rentes approches scientifiques visant \u00e0 cerner la nature de la crise personnelle qui se traduit par une psychologie de l\u2019\u00e9chec et un vide intellectuel li\u00e9s \u00e0 une situation o\u00f9 la famille n\u2019a pas r\u00e9ussi \u00e0 donner \u00e0 l\u2019enfant l\u2019\u00e9ducation propre \u00e0 l\u2019immuniser et o\u00f9 la soci\u00e9t\u00e9 a marginalis\u00e9 l\u2019acte culturel et priv\u00e9 la jeunesse des fondements d\u2019une existence saine.<br \/>\nUn tel d\u00e9ficit ne pouvait en effet que faciliter la t\u00e2che des organisations terroristes qui ciblent, dans le vaste projet de destruction qu\u2019elles poursuivent, une partie de la jeunesse laiss\u00e9e \u00e0 l\u2019abandon, aussi bien sur le plan politique que social ou cognitif. Et c\u2019est pourquoi les auteurs insistent, dans leurs \u00e9tudes, sur la n\u00e9cessit\u00e9 d\u2019une action soutenue pour faire face \u00e0 ce ph\u00e9nom\u00e8ne et sauver la jeunesse \u2013 et en fait le monde entier \u2013 du fl\u00e9au du fanatisme religieux et du terrorisme transfrontalier.<\/strong><\/p>\n","protected":false},"excerpt":{"rendered":"<ul>\n<li><strong>Titre : La tentation du jihad. violences et jeunesse \u00e0 l\u2019abandon<br \/>\nAuteur(s) : Ouvrage collectif publi\u00e9 sous la direction du Dr. Nedra ben Isma\u00efl (Co\u00e9dition : Be\u00eft el Hikma et C\u00e9r\u00e8s \u00e9ditions)<\/strong><\/li>\n<li><strong>Langue :<\/strong> francais<\/li>\n<li><strong>Date de parution :<\/strong> 2018<\/li>\n<li><strong>Format :<\/strong> 16&#215;24<\/li>\n<li><strong>ISBN :<\/strong> 9789973198037<\/li>\n<li><strong>Nombre de pages :<\/strong>117<br \/>\n<strong>Th\u00e8me :<\/strong> Sociologie<\/li>\n<li><strong>Poids :<\/strong> 150 gr<br \/>\n<b>Situation :\u00a0<\/b>disponible<\/li>\n<li><strong>\u00a0<\/strong><\/li>\n<\/ul>\n","protected":false},"featured_media":20161,"template":"","meta":{"_uag_custom_page_level_css":""},"product_brand":[],"product_cat":[11],"product_tag":[],"class_list":{"0":"post-20132","1":"product","2":"type-product","3":"status-publish","4":"has-post-thumbnail","6":"product_cat-livres-en-vente","8":"first","9":"instock","10":"sale","11":"shipping-taxable","12":"purchasable","13":"product-type-simple"},"yoast_head":"<!-- This site is optimized with the Yoast SEO plugin v27.4 - https:\/\/yoast.com\/product\/yoast-seo-wordpress\/ -->\n<title>La tentation du Jihad :Violences et jeunesse \u00e0 l\u2019abandon - Beit al-Hikma<\/title>\n<meta name=\"robots\" content=\"index, follow, max-snippet:-1, max-image-preview:large, max-video-preview:-1\" \/>\n<link rel=\"canonical\" href=\"https:\/\/www.beitalhikma.tn\/fr\/publication\/acces-boutique\/livres-en-vente\/la-tentation-du-jihad-violences-et-jeunesse-a-labandon\/\" \/>\n<meta property=\"og:locale\" content=\"fr_FR\" \/>\n<meta property=\"og:type\" content=\"article\" \/>\n<meta property=\"og:title\" content=\"La tentation du Jihad :Violences et jeunesse \u00e0 l\u2019abandon - Beit al-Hikma\" \/>\n<meta property=\"og:description\" content=\"Titre : La tentation du jihad. violences et jeunesse \u00e0 l\u2019abandon Auteur(s) : Ouvrage collectif publi\u00e9 sous la direction du Dr. Nedra ben Isma\u00efl (Co\u00e9dition : Be\u00eft el Hikma et C\u00e9r\u00e8s \u00e9ditions)  Langue : francais  Date de parution : 2018  Format : 16x24  ISBN : 9789973198037  Nombre de pages :117 Th\u00e8me : Sociologie  Poids : 150 gr Situation :\u00a0disponible  \u00a0\" \/>\n<meta property=\"og:url\" content=\"https:\/\/www.beitalhikma.tn\/fr\/publication\/acces-boutique\/livres-en-vente\/la-tentation-du-jihad-violences-et-jeunesse-a-labandon\/\" \/>\n<meta property=\"og:site_name\" content=\"Beit al-Hikma\" \/>\n<meta property=\"article:publisher\" content=\"https:\/\/www.facebook.com\/BeitalhikmaTunisie\/\" \/>\n<meta property=\"article:modified_time\" content=\"2022-10-14T09:20:24+00:00\" \/>\n<meta property=\"og:image\" content=\"https:\/\/www.beitalhikma.tn\/wp-content\/uploads\/2018\/04\/ceres-beitalHikmacouverture-tentationJihad-.jpg\" \/>\n\t<meta property=\"og:image:width\" content=\"1594\" \/>\n\t<meta property=\"og:image:height\" content=\"2480\" \/>\n\t<meta property=\"og:image:type\" content=\"image\/jpeg\" \/>\n<meta name=\"twitter:card\" content=\"summary_large_image\" \/>\n<meta name=\"twitter:site\" content=\"@Beit_alhikma_TN\" \/>\n<meta name=\"twitter:label1\" content=\"Dur\u00e9e de lecture estim\u00e9e\" \/>\n\t<meta name=\"twitter:data1\" content=\"1 minute\" \/>\n<script type=\"application\/ld+json\" class=\"yoast-schema-graph\">{\"@context\":\"https:\\\/\\\/schema.org\",\"@graph\":[{\"@type\":\"WebPage\",\"@id\":\"https:\\\/\\\/www.beitalhikma.tn\\\/fr\\\/publication\\\/acces-boutique\\\/livres-en-vente\\\/la-tentation-du-jihad-violences-et-jeunesse-a-labandon\\\/\",\"url\":\"https:\\\/\\\/www.beitalhikma.tn\\\/fr\\\/publication\\\/acces-boutique\\\/livres-en-vente\\\/la-tentation-du-jihad-violences-et-jeunesse-a-labandon\\\/\",\"name\":\"La tentation du Jihad :Violences et jeunesse \u00e0 l\u2019abandon - Beit al-Hikma\",\"isPartOf\":{\"@id\":\"https:\\\/\\\/www.beitalhikma.tn\\\/#website\"},\"primaryImageOfPage\":{\"@id\":\"https:\\\/\\\/www.beitalhikma.tn\\\/fr\\\/publication\\\/acces-boutique\\\/livres-en-vente\\\/la-tentation-du-jihad-violences-et-jeunesse-a-labandon\\\/#primaryimage\"},\"image\":{\"@id\":\"https:\\\/\\\/www.beitalhikma.tn\\\/fr\\\/publication\\\/acces-boutique\\\/livres-en-vente\\\/la-tentation-du-jihad-violences-et-jeunesse-a-labandon\\\/#primaryimage\"},\"thumbnailUrl\":\"https:\\\/\\\/www.beitalhikma.tn\\\/wp-content\\\/uploads\\\/2018\\\/04\\\/ceres-beitalHikmacouverture-tentationJihad-.jpg\",\"datePublished\":\"2018-04-03T08:04:57+00:00\",\"dateModified\":\"2022-10-14T09:20:24+00:00\",\"breadcrumb\":{\"@id\":\"https:\\\/\\\/www.beitalhikma.tn\\\/fr\\\/publication\\\/acces-boutique\\\/livres-en-vente\\\/la-tentation-du-jihad-violences-et-jeunesse-a-labandon\\\/#breadcrumb\"},\"inLanguage\":\"fr-FR\",\"potentialAction\":[{\"@type\":\"ReadAction\",\"target\":[\"https:\\\/\\\/www.beitalhikma.tn\\\/fr\\\/publication\\\/acces-boutique\\\/livres-en-vente\\\/la-tentation-du-jihad-violences-et-jeunesse-a-labandon\\\/\"]}]},{\"@type\":\"ImageObject\",\"inLanguage\":\"fr-FR\",\"@id\":\"https:\\\/\\\/www.beitalhikma.tn\\\/fr\\\/publication\\\/acces-boutique\\\/livres-en-vente\\\/la-tentation-du-jihad-violences-et-jeunesse-a-labandon\\\/#primaryimage\",\"url\":\"https:\\\/\\\/www.beitalhikma.tn\\\/wp-content\\\/uploads\\\/2018\\\/04\\\/ceres-beitalHikmacouverture-tentationJihad-.jpg\",\"contentUrl\":\"https:\\\/\\\/www.beitalhikma.tn\\\/wp-content\\\/uploads\\\/2018\\\/04\\\/ceres-beitalHikmacouverture-tentationJihad-.jpg\",\"width\":1594,\"height\":2480},{\"@type\":\"BreadcrumbList\",\"@id\":\"https:\\\/\\\/www.beitalhikma.tn\\\/fr\\\/publication\\\/acces-boutique\\\/livres-en-vente\\\/la-tentation-du-jihad-violences-et-jeunesse-a-labandon\\\/#breadcrumb\",\"itemListElement\":[{\"@type\":\"ListItem\",\"position\":1,\"name\":\"Accueil\",\"item\":\"https:\\\/\\\/www.beitalhikma.tn\\\/fr\\\/\"},{\"@type\":\"ListItem\",\"position\":2,\"name\":\"Boutique\",\"item\":\"https:\\\/\\\/www.beitalhikma.tn\\\/fr\\\/boutique\\\/\"},{\"@type\":\"ListItem\",\"position\":3,\"name\":\"La tentation du Jihad :Violences et jeunesse \u00e0 l\u2019abandon\"}]},{\"@type\":\"WebSite\",\"@id\":\"https:\\\/\\\/www.beitalhikma.tn\\\/#website\",\"url\":\"https:\\\/\\\/www.beitalhikma.tn\\\/\",\"name\":\"Beit al-Hikma\",\"description\":\"L&#039;Acad\u00e9mie Tunisienne des Sciences, des Lettres  et des Arts\",\"publisher\":{\"@id\":\"https:\\\/\\\/www.beitalhikma.tn\\\/#organization\"},\"potentialAction\":[{\"@type\":\"SearchAction\",\"target\":{\"@type\":\"EntryPoint\",\"urlTemplate\":\"https:\\\/\\\/www.beitalhikma.tn\\\/?s={search_term_string}\"},\"query-input\":{\"@type\":\"PropertyValueSpecification\",\"valueRequired\":true,\"valueName\":\"search_term_string\"}}],\"inLanguage\":\"fr-FR\"},{\"@type\":\"Organization\",\"@id\":\"https:\\\/\\\/www.beitalhikma.tn\\\/#organization\",\"name\":\"Beit Al Hikma\",\"url\":\"https:\\\/\\\/www.beitalhikma.tn\\\/\",\"logo\":{\"@type\":\"ImageObject\",\"inLanguage\":\"fr-FR\",\"@id\":\"https:\\\/\\\/www.beitalhikma.tn\\\/#\\\/schema\\\/logo\\\/image\\\/\",\"url\":\"https:\\\/\\\/www.beitalhikma.tn\\\/wp-content\\\/uploads\\\/2014\\\/11\\\/logo.png\",\"contentUrl\":\"https:\\\/\\\/www.beitalhikma.tn\\\/wp-content\\\/uploads\\\/2014\\\/11\\\/logo.png\",\"width\":288,\"height\":109,\"caption\":\"Beit Al Hikma\"},\"image\":{\"@id\":\"https:\\\/\\\/www.beitalhikma.tn\\\/#\\\/schema\\\/logo\\\/image\\\/\"},\"sameAs\":[\"https:\\\/\\\/www.facebook.com\\\/BeitalhikmaTunisie\\\/\",\"https:\\\/\\\/x.com\\\/Beit_alhikma_TN\",\"https:\\\/\\\/www.youtube.com\\\/channel\\\/UCl8EfDXqt5MFfcEY0UYhevg\"]}]}<\/script>\n<!-- \/ Yoast SEO plugin. -->","yoast_head_json":{"title":"La tentation du Jihad :Violences et jeunesse \u00e0 l\u2019abandon - Beit al-Hikma","robots":{"index":"index","follow":"follow","max-snippet":"max-snippet:-1","max-image-preview":"max-image-preview:large","max-video-preview":"max-video-preview:-1"},"canonical":"https:\/\/www.beitalhikma.tn\/fr\/publication\/acces-boutique\/livres-en-vente\/la-tentation-du-jihad-violences-et-jeunesse-a-labandon\/","og_locale":"fr_FR","og_type":"article","og_title":"La tentation du Jihad :Violences et jeunesse \u00e0 l\u2019abandon - Beit al-Hikma","og_description":"Titre : La tentation du jihad. violences et jeunesse \u00e0 l\u2019abandon Auteur(s) : Ouvrage collectif publi\u00e9 sous la direction du Dr. Nedra ben Isma\u00efl (Co\u00e9dition : Be\u00eft el Hikma et C\u00e9r\u00e8s \u00e9ditions)  Langue : francais  Date de parution : 2018  Format : 16x24  ISBN : 9789973198037  Nombre de pages :117 Th\u00e8me : Sociologie  Poids : 150 gr Situation :\u00a0disponible  \u00a0","og_url":"https:\/\/www.beitalhikma.tn\/fr\/publication\/acces-boutique\/livres-en-vente\/la-tentation-du-jihad-violences-et-jeunesse-a-labandon\/","og_site_name":"Beit al-Hikma","article_publisher":"https:\/\/www.facebook.com\/BeitalhikmaTunisie\/","article_modified_time":"2022-10-14T09:20:24+00:00","og_image":[{"width":1594,"height":2480,"url":"https:\/\/www.beitalhikma.tn\/wp-content\/uploads\/2018\/04\/ceres-beitalHikmacouverture-tentationJihad-.jpg","type":"image\/jpeg"}],"twitter_card":"summary_large_image","twitter_site":"@Beit_alhikma_TN","twitter_misc":{"Dur\u00e9e de lecture estim\u00e9e":"1 minute"},"schema":{"@context":"https:\/\/schema.org","@graph":[{"@type":"WebPage","@id":"https:\/\/www.beitalhikma.tn\/fr\/publication\/acces-boutique\/livres-en-vente\/la-tentation-du-jihad-violences-et-jeunesse-a-labandon\/","url":"https:\/\/www.beitalhikma.tn\/fr\/publication\/acces-boutique\/livres-en-vente\/la-tentation-du-jihad-violences-et-jeunesse-a-labandon\/","name":"La tentation du Jihad :Violences et jeunesse \u00e0 l\u2019abandon - Beit al-Hikma","isPartOf":{"@id":"https:\/\/www.beitalhikma.tn\/#website"},"primaryImageOfPage":{"@id":"https:\/\/www.beitalhikma.tn\/fr\/publication\/acces-boutique\/livres-en-vente\/la-tentation-du-jihad-violences-et-jeunesse-a-labandon\/#primaryimage"},"image":{"@id":"https:\/\/www.beitalhikma.tn\/fr\/publication\/acces-boutique\/livres-en-vente\/la-tentation-du-jihad-violences-et-jeunesse-a-labandon\/#primaryimage"},"thumbnailUrl":"https:\/\/www.beitalhikma.tn\/wp-content\/uploads\/2018\/04\/ceres-beitalHikmacouverture-tentationJihad-.jpg","datePublished":"2018-04-03T08:04:57+00:00","dateModified":"2022-10-14T09:20:24+00:00","breadcrumb":{"@id":"https:\/\/www.beitalhikma.tn\/fr\/publication\/acces-boutique\/livres-en-vente\/la-tentation-du-jihad-violences-et-jeunesse-a-labandon\/#breadcrumb"},"inLanguage":"fr-FR","potentialAction":[{"@type":"ReadAction","target":["https:\/\/www.beitalhikma.tn\/fr\/publication\/acces-boutique\/livres-en-vente\/la-tentation-du-jihad-violences-et-jeunesse-a-labandon\/"]}]},{"@type":"ImageObject","inLanguage":"fr-FR","@id":"https:\/\/www.beitalhikma.tn\/fr\/publication\/acces-boutique\/livres-en-vente\/la-tentation-du-jihad-violences-et-jeunesse-a-labandon\/#primaryimage","url":"https:\/\/www.beitalhikma.tn\/wp-content\/uploads\/2018\/04\/ceres-beitalHikmacouverture-tentationJihad-.jpg","contentUrl":"https:\/\/www.beitalhikma.tn\/wp-content\/uploads\/2018\/04\/ceres-beitalHikmacouverture-tentationJihad-.jpg","width":1594,"height":2480},{"@type":"BreadcrumbList","@id":"https:\/\/www.beitalhikma.tn\/fr\/publication\/acces-boutique\/livres-en-vente\/la-tentation-du-jihad-violences-et-jeunesse-a-labandon\/#breadcrumb","itemListElement":[{"@type":"ListItem","position":1,"name":"Accueil","item":"https:\/\/www.beitalhikma.tn\/fr\/"},{"@type":"ListItem","position":2,"name":"Boutique","item":"https:\/\/www.beitalhikma.tn\/fr\/boutique\/"},{"@type":"ListItem","position":3,"name":"La tentation du Jihad :Violences et jeunesse \u00e0 l\u2019abandon"}]},{"@type":"WebSite","@id":"https:\/\/www.beitalhikma.tn\/#website","url":"https:\/\/www.beitalhikma.tn\/","name":"Beit al-Hikma","description":"L&#039;Acad\u00e9mie Tunisienne des Sciences, des Lettres  et des Arts","publisher":{"@id":"https:\/\/www.beitalhikma.tn\/#organization"},"potentialAction":[{"@type":"SearchAction","target":{"@type":"EntryPoint","urlTemplate":"https:\/\/www.beitalhikma.tn\/?s={search_term_string}"},"query-input":{"@type":"PropertyValueSpecification","valueRequired":true,"valueName":"search_term_string"}}],"inLanguage":"fr-FR"},{"@type":"Organization","@id":"https:\/\/www.beitalhikma.tn\/#organization","name":"Beit Al Hikma","url":"https:\/\/www.beitalhikma.tn\/","logo":{"@type":"ImageObject","inLanguage":"fr-FR","@id":"https:\/\/www.beitalhikma.tn\/#\/schema\/logo\/image\/","url":"https:\/\/www.beitalhikma.tn\/wp-content\/uploads\/2014\/11\/logo.png","contentUrl":"https:\/\/www.beitalhikma.tn\/wp-content\/uploads\/2014\/11\/logo.png","width":288,"height":109,"caption":"Beit Al Hikma"},"image":{"@id":"https:\/\/www.beitalhikma.tn\/#\/schema\/logo\/image\/"},"sameAs":["https:\/\/www.facebook.com\/BeitalhikmaTunisie\/","https:\/\/x.com\/Beit_alhikma_TN","https:\/\/www.youtube.com\/channel\/UCl8EfDXqt5MFfcEY0UYhevg"]}]}},"uagb_featured_image_src":{"full":["https:\/\/www.beitalhikma.tn\/wp-content\/uploads\/2018\/04\/ceres-beitalHikmacouverture-tentationJihad-.jpg",1594,2480,false],"thumbnail":["https:\/\/www.beitalhikma.tn\/wp-content\/uploads\/2018\/04\/ceres-beitalHikmacouverture-tentationJihad--250x300.jpg",250,300,true],"medium":["https:\/\/www.beitalhikma.tn\/wp-content\/uploads\/2018\/04\/ceres-beitalHikmacouverture-tentationJihad--193x300.jpg",193,300,true],"medium_large":["https:\/\/www.beitalhikma.tn\/wp-content\/uploads\/2018\/04\/ceres-beitalHikmacouverture-tentationJihad-.jpg",768,1195,false],"large":["https:\/\/www.beitalhikma.tn\/wp-content\/uploads\/2018\/04\/ceres-beitalHikmacouverture-tentationJihad--658x1024.jpg",658,1024,true],"thumblist":["https:\/\/www.beitalhikma.tn\/wp-content\/uploads\/2018\/04\/ceres-beitalHikmacouverture-tentationJihad-.jpg",193,300,false],"meccarouselthumb":["https:\/\/www.beitalhikma.tn\/wp-content\/uploads\/2018\/04\/ceres-beitalHikmacouverture-tentationJihad-.jpg",208,324,false],"gridsquare":["https:\/\/www.beitalhikma.tn\/wp-content\/uploads\/2018\/04\/ceres-beitalHikmacouverture-tentationJihad-.jpg",167,260,false],"tileview":["https:\/\/www.beitalhikma.tn\/wp-content\/uploads\/2018\/04\/ceres-beitalHikmacouverture-tentationJihad-.jpg",257,400,false],"1536x1536":["https:\/\/www.beitalhikma.tn\/wp-content\/uploads\/2018\/04\/ceres-beitalHikmacouverture-tentationJihad-.jpg",987,1536,false],"2048x2048":["https:\/\/www.beitalhikma.tn\/wp-content\/uploads\/2018\/04\/ceres-beitalHikmacouverture-tentationJihad-.jpg",1316,2048,false],"post-thumbnail":["https:\/\/www.beitalhikma.tn\/wp-content\/uploads\/2018\/04\/ceres-beitalHikmacouverture-tentationJihad--94x146.jpg",94,146,true],"50x50":["https:\/\/www.beitalhikma.tn\/wp-content\/uploads\/2018\/04\/ceres-beitalHikmacouverture-tentationJihad--32x50.jpg",32,50,true],"portfolio-list":["https:\/\/www.beitalhikma.tn\/wp-content\/uploads\/2018\/04\/ceres-beitalHikmacouverture-tentationJihad--600x400.jpg",600,400,true],"portfolio-fs":["https:\/\/www.beitalhikma.tn\/wp-content\/uploads\/2018\/04\/ceres-beitalHikmacouverture-tentationJihad--815x543.jpg",815,543,true],"portfolio-slider":["https:\/\/www.beitalhikma.tn\/wp-content\/uploads\/2018\/04\/ceres-beitalHikmacouverture-tentationJihad--380x380.jpg",380,380,true],"blog":["https:\/\/www.beitalhikma.tn\/wp-content\/uploads\/2018\/04\/ceres-beitalHikmacouverture-tentationJihad--564x341.jpg",564,341,true],"blog-single":["https:\/\/www.beitalhikma.tn\/wp-content\/uploads\/2018\/04\/ceres-beitalHikmacouverture-tentationJihad--1176x445.jpg",1176,445,true],"blog-item":["https:\/\/www.beitalhikma.tn\/wp-content\/uploads\/2018\/04\/ceres-beitalHikmacouverture-tentationJihad--504x224.jpg",504,224,true],"blog-widget":["https:\/\/www.beitalhikma.tn\/wp-content\/uploads\/2018\/04\/ceres-beitalHikmacouverture-tentationJihad--80x60.jpg",80,60,true],"features":["https:\/\/www.beitalhikma.tn\/wp-content\/uploads\/2018\/04\/ceres-beitalHikmacouverture-tentationJihad--90x90.jpg",90,90,true],"clients-slider":["https:\/\/www.beitalhikma.tn\/wp-content\/uploads\/2018\/04\/ceres-beitalHikmacouverture-tentationJihad--51x80.jpg",51,80,true],"offer-slider":["https:\/\/www.beitalhikma.tn\/wp-content\/uploads\/2018\/04\/ceres-beitalHikmacouverture-tentationJihad--776x438.jpg",776,438,true],"offer-slider-pg":["https:\/\/www.beitalhikma.tn\/wp-content\/uploads\/2018\/04\/ceres-beitalHikmacouverture-tentationJihad--42x42.jpg",42,42,true],"woocommerce_thumbnail":["https:\/\/www.beitalhikma.tn\/wp-content\/uploads\/2018\/04\/ceres-beitalHikmacouverture-tentationJihad--250x300.jpg",250,300,true],"woocommerce_single":["https:\/\/www.beitalhikma.tn\/wp-content\/uploads\/2018\/04\/ceres-beitalHikmacouverture-tentationJihad--250x389.jpg",250,389,true],"woocommerce_gallery_thumbnail":["https:\/\/www.beitalhikma.tn\/wp-content\/uploads\/2018\/04\/ceres-beitalHikmacouverture-tentationJihad--100x100.jpg",100,100,true]},"uagb_author_info":{"display_name":"admin","author_link":"https:\/\/www.beitalhikma.tn\/fr\/author\/"},"uagb_comment_info":0,"uagb_excerpt":"Titre : La tentation du jihad. violences et jeunesse \u00e0 l\u2019abandon Auteur(s) : Ouvrage collectif publi\u00e9 sous la direction du Dr. Nedra ben Isma\u00efl (Co\u00e9dition : Be\u00eft el Hikma et C\u00e9r\u00e8s \u00e9ditions) Langue : francais Date de parution : 2018 Format : 16x24 ISBN : 9789973198037 Nombre de pages :117 Th\u00e8me : Sociologie Poids :\u2026","_links":{"self":[{"href":"https:\/\/www.beitalhikma.tn\/fr\/wp-json\/wp\/v2\/product\/20132","targetHints":{"allow":["GET"]}}],"collection":[{"href":"https:\/\/www.beitalhikma.tn\/fr\/wp-json\/wp\/v2\/product"}],"about":[{"href":"https:\/\/www.beitalhikma.tn\/fr\/wp-json\/wp\/v2\/types\/product"}],"wp:featuredmedia":[{"embeddable":true,"href":"https:\/\/www.beitalhikma.tn\/fr\/wp-json\/wp\/v2\/media\/20161"}],"wp:attachment":[{"href":"https:\/\/www.beitalhikma.tn\/fr\/wp-json\/wp\/v2\/media?parent=20132"}],"wp:term":[{"taxonomy":"product_brand","embeddable":true,"href":"https:\/\/www.beitalhikma.tn\/fr\/wp-json\/wp\/v2\/product_brand?post=20132"},{"taxonomy":"product_cat","embeddable":true,"href":"https:\/\/www.beitalhikma.tn\/fr\/wp-json\/wp\/v2\/product_cat?post=20132"},{"taxonomy":"product_tag","embeddable":true,"href":"https:\/\/www.beitalhikma.tn\/fr\/wp-json\/wp\/v2\/product_tag?post=20132"}],"curies":[{"name":"wp","href":"https:\/\/api.w.org\/{rel}","templated":true}]}}