{"id":21826,"date":"2018-07-03T13:32:29","date_gmt":"2018-07-03T12:33:46","guid":{"rendered":"http:\/\/www.beitalhikma.tn\/?post_type=product&#038;p=21826&#038;lang=fr"},"modified":"2022-09-09T09:30:14","modified_gmt":"2022-09-09T08:30:14","slug":"les-conferences-de-beit-al-hikma-2016-2017","status":"publish","type":"product","link":"https:\/\/www.beitalhikma.tn\/fr\/publication\/acces-boutique\/livres-en-vente\/les-conferences-de-beit-al-hikma-2016-2017\/","title":{"rendered":"Les Conf\u00e9rences de Beit al-Hikma 2016-2017"},"content":{"rendered":"","protected":false},"excerpt":{"rendered":"<ul>\n<li><strong>Titre de l\u2019ouvrage :<\/strong> Les conf\u00e9rences de beit al hikma 2016-2017<br \/>\n<strong>Auteur :<\/strong> Ouvrage collectif<\/li>\n<li><strong>Langue :<\/strong> arabe et fran\u00e7ais<\/li>\n<li><strong>Date de parution :<\/strong> 2018<\/li>\n<li><strong>Format :<\/strong> 16&#215;24<\/li>\n<li><strong>ISBN :<\/strong> 9789973491848<\/li>\n<li><strong>Nombre de pages: <\/strong>442<br \/>\n<strong>Th\u00e8me :<\/strong>\u00a0 Conf\u00e9rences Scientifique, litt\u00e9raires et artistiques<\/li>\n<li><strong>Poids :<\/strong> 700 gr<br \/>\n<b>Situation : <\/b>disponible<\/li>\n<\/ul>\n","protected":false},"featured_media":21824,"template":"","meta":{"_uag_custom_page_level_css":""},"product_brand":[],"product_cat":[11],"product_tag":[],"class_list":{"0":"post-21826","1":"product","2":"type-product","3":"status-publish","4":"has-post-thumbnail","6":"product_cat-livres-en-vente","8":"first","9":"instock","10":"sale","11":"shipping-taxable","12":"purchasable","13":"product-type-simple"},"yoast_head":"<!-- This site is optimized with the Yoast SEO plugin v27.5 - https:\/\/yoast.com\/product\/yoast-seo-wordpress\/ -->\n<title>Les Conf\u00e9rences de Beit al-Hikma 2016-2017 - Beit al-Hikma<\/title>\n<meta name=\"robots\" content=\"index, follow, max-snippet:-1, max-image-preview:large, max-video-preview:-1\" \/>\n<link rel=\"canonical\" href=\"https:\/\/www.beitalhikma.tn\/fr\/publication\/acces-boutique\/livres-en-vente\/les-conferences-de-beit-al-hikma-2016-2017\/\" \/>\n<meta property=\"og:locale\" content=\"fr_FR\" \/>\n<meta property=\"og:type\" content=\"article\" \/>\n<meta property=\"og:title\" content=\"Les Conf\u00e9rences de Beit al-Hikma 2016-2017 - Beit al-Hikma\" \/>\n<meta property=\"og:description\" content=\"Titre de l\u2019ouvrage : Les conf\u00e9rences de beit al hikma 2016-2017 Auteur : Ouvrage collectif  Langue : arabe et fran\u00e7ais  Date de parution : 2018  Format : 16x24  ISBN : 9789973491848  Nombre de pages: 442 Th\u00e8me :\u00a0 Conf\u00e9rences Scientifique, litt\u00e9raires et artistiques  Poids : 700 gr Situation : disponible\" \/>\n<meta property=\"og:url\" content=\"https:\/\/www.beitalhikma.tn\/fr\/publication\/acces-boutique\/livres-en-vente\/les-conferences-de-beit-al-hikma-2016-2017\/\" \/>\n<meta property=\"og:site_name\" content=\"Beit al-Hikma\" \/>\n<meta property=\"article:publisher\" content=\"https:\/\/www.facebook.com\/BeitalhikmaTunisie\/\" \/>\n<meta property=\"article:modified_time\" content=\"2022-09-09T08:30:14+00:00\" \/>\n<meta property=\"og:image\" content=\"https:\/\/www.beitalhikma.tn\/wp-content\/uploads\/2018\/07\/couverture-Les-conf\u00e9rences-de-Beit-al-Hikma-imp.jpg\" \/>\n\t<meta property=\"og:image:width\" content=\"1833\" \/>\n\t<meta property=\"og:image:height\" content=\"2788\" \/>\n\t<meta property=\"og:image:type\" content=\"image\/jpeg\" \/>\n<meta name=\"twitter:card\" content=\"summary_large_image\" \/>\n<meta name=\"twitter:site\" content=\"@Beit_alhikma_TN\" \/>\n<script type=\"application\/ld+json\" class=\"yoast-schema-graph\">{\"@context\":\"https:\\\/\\\/schema.org\",\"@graph\":[{\"@type\":\"WebPage\",\"@id\":\"https:\\\/\\\/www.beitalhikma.tn\\\/fr\\\/publication\\\/acces-boutique\\\/livres-en-vente\\\/les-conferences-de-beit-al-hikma-2016-2017\\\/\",\"url\":\"https:\\\/\\\/www.beitalhikma.tn\\\/fr\\\/publication\\\/acces-boutique\\\/livres-en-vente\\\/les-conferences-de-beit-al-hikma-2016-2017\\\/\",\"name\":\"Les Conf\u00e9rences de Beit al-Hikma 2016-2017 - Beit al-Hikma\",\"isPartOf\":{\"@id\":\"https:\\\/\\\/www.beitalhikma.tn\\\/#website\"},\"primaryImageOfPage\":{\"@id\":\"https:\\\/\\\/www.beitalhikma.tn\\\/fr\\\/publication\\\/acces-boutique\\\/livres-en-vente\\\/les-conferences-de-beit-al-hikma-2016-2017\\\/#primaryimage\"},\"image\":{\"@id\":\"https:\\\/\\\/www.beitalhikma.tn\\\/fr\\\/publication\\\/acces-boutique\\\/livres-en-vente\\\/les-conferences-de-beit-al-hikma-2016-2017\\\/#primaryimage\"},\"thumbnailUrl\":\"https:\\\/\\\/www.beitalhikma.tn\\\/wp-content\\\/uploads\\\/2018\\\/07\\\/couverture-Les-conf\u00e9rences-de-Beit-al-Hikma-imp-scaled.jpg\",\"datePublished\":\"2018-07-03T12:33:46+00:00\",\"dateModified\":\"2022-09-09T08:30:14+00:00\",\"breadcrumb\":{\"@id\":\"https:\\\/\\\/www.beitalhikma.tn\\\/fr\\\/publication\\\/acces-boutique\\\/livres-en-vente\\\/les-conferences-de-beit-al-hikma-2016-2017\\\/#breadcrumb\"},\"inLanguage\":\"fr-FR\",\"potentialAction\":[{\"@type\":\"ReadAction\",\"target\":[\"https:\\\/\\\/www.beitalhikma.tn\\\/fr\\\/publication\\\/acces-boutique\\\/livres-en-vente\\\/les-conferences-de-beit-al-hikma-2016-2017\\\/\"]}]},{\"@type\":\"ImageObject\",\"inLanguage\":\"fr-FR\",\"@id\":\"https:\\\/\\\/www.beitalhikma.tn\\\/fr\\\/publication\\\/acces-boutique\\\/livres-en-vente\\\/les-conferences-de-beit-al-hikma-2016-2017\\\/#primaryimage\",\"url\":\"https:\\\/\\\/www.beitalhikma.tn\\\/wp-content\\\/uploads\\\/2018\\\/07\\\/couverture-Les-conf\u00e9rences-de-Beit-al-Hikma-imp-scaled.jpg\",\"contentUrl\":\"https:\\\/\\\/www.beitalhikma.tn\\\/wp-content\\\/uploads\\\/2018\\\/07\\\/couverture-Les-conf\u00e9rences-de-Beit-al-Hikma-imp-scaled.jpg\",\"width\":1683,\"height\":2560},{\"@type\":\"BreadcrumbList\",\"@id\":\"https:\\\/\\\/www.beitalhikma.tn\\\/fr\\\/publication\\\/acces-boutique\\\/livres-en-vente\\\/les-conferences-de-beit-al-hikma-2016-2017\\\/#breadcrumb\",\"itemListElement\":[{\"@type\":\"ListItem\",\"position\":1,\"name\":\"Accueil\",\"item\":\"https:\\\/\\\/www.beitalhikma.tn\\\/fr\\\/\"},{\"@type\":\"ListItem\",\"position\":2,\"name\":\"Boutique\",\"item\":\"https:\\\/\\\/www.beitalhikma.tn\\\/fr\\\/boutique\\\/\"},{\"@type\":\"ListItem\",\"position\":3,\"name\":\"Les Conf\u00e9rences de Beit al-Hikma 2016-2017\"}]},{\"@type\":\"WebSite\",\"@id\":\"https:\\\/\\\/www.beitalhikma.tn\\\/#website\",\"url\":\"https:\\\/\\\/www.beitalhikma.tn\\\/\",\"name\":\"Beit al-Hikma\",\"description\":\"L&#039;Acad\u00e9mie Tunisienne des Sciences, des Lettres  et des Arts\",\"publisher\":{\"@id\":\"https:\\\/\\\/www.beitalhikma.tn\\\/#organization\"},\"potentialAction\":[{\"@type\":\"SearchAction\",\"target\":{\"@type\":\"EntryPoint\",\"urlTemplate\":\"https:\\\/\\\/www.beitalhikma.tn\\\/?s={search_term_string}\"},\"query-input\":{\"@type\":\"PropertyValueSpecification\",\"valueRequired\":true,\"valueName\":\"search_term_string\"}}],\"inLanguage\":\"fr-FR\"},{\"@type\":\"Organization\",\"@id\":\"https:\\\/\\\/www.beitalhikma.tn\\\/#organization\",\"name\":\"Beit Al Hikma\",\"url\":\"https:\\\/\\\/www.beitalhikma.tn\\\/\",\"logo\":{\"@type\":\"ImageObject\",\"inLanguage\":\"fr-FR\",\"@id\":\"https:\\\/\\\/www.beitalhikma.tn\\\/#\\\/schema\\\/logo\\\/image\\\/\",\"url\":\"https:\\\/\\\/www.beitalhikma.tn\\\/wp-content\\\/uploads\\\/2014\\\/11\\\/logo.png\",\"contentUrl\":\"https:\\\/\\\/www.beitalhikma.tn\\\/wp-content\\\/uploads\\\/2014\\\/11\\\/logo.png\",\"width\":288,\"height\":109,\"caption\":\"Beit Al Hikma\"},\"image\":{\"@id\":\"https:\\\/\\\/www.beitalhikma.tn\\\/#\\\/schema\\\/logo\\\/image\\\/\"},\"sameAs\":[\"https:\\\/\\\/www.facebook.com\\\/BeitalhikmaTunisie\\\/\",\"https:\\\/\\\/x.com\\\/Beit_alhikma_TN\",\"https:\\\/\\\/www.youtube.com\\\/channel\\\/UCl8EfDXqt5MFfcEY0UYhevg\"]}]}<\/script>\n<!-- \/ Yoast SEO plugin. -->","yoast_head_json":{"title":"Les Conf\u00e9rences de Beit al-Hikma 2016-2017 - Beit al-Hikma","robots":{"index":"index","follow":"follow","max-snippet":"max-snippet:-1","max-image-preview":"max-image-preview:large","max-video-preview":"max-video-preview:-1"},"canonical":"https:\/\/www.beitalhikma.tn\/fr\/publication\/acces-boutique\/livres-en-vente\/les-conferences-de-beit-al-hikma-2016-2017\/","og_locale":"fr_FR","og_type":"article","og_title":"Les Conf\u00e9rences de Beit al-Hikma 2016-2017 - Beit al-Hikma","og_description":"Titre de l\u2019ouvrage : Les conf\u00e9rences de beit al hikma 2016-2017 Auteur : Ouvrage collectif  Langue : arabe et fran\u00e7ais  Date de parution : 2018  Format : 16x24  ISBN : 9789973491848  Nombre de pages: 442 Th\u00e8me :\u00a0 Conf\u00e9rences Scientifique, litt\u00e9raires et artistiques  Poids : 700 gr Situation : disponible","og_url":"https:\/\/www.beitalhikma.tn\/fr\/publication\/acces-boutique\/livres-en-vente\/les-conferences-de-beit-al-hikma-2016-2017\/","og_site_name":"Beit al-Hikma","article_publisher":"https:\/\/www.facebook.com\/BeitalhikmaTunisie\/","article_modified_time":"2022-09-09T08:30:14+00:00","og_image":[{"width":1833,"height":2788,"url":"https:\/\/www.beitalhikma.tn\/wp-content\/uploads\/2018\/07\/couverture-Les-conf\u00e9rences-de-Beit-al-Hikma-imp.jpg","type":"image\/jpeg"}],"twitter_card":"summary_large_image","twitter_site":"@Beit_alhikma_TN","schema":{"@context":"https:\/\/schema.org","@graph":[{"@type":"WebPage","@id":"https:\/\/www.beitalhikma.tn\/fr\/publication\/acces-boutique\/livres-en-vente\/les-conferences-de-beit-al-hikma-2016-2017\/","url":"https:\/\/www.beitalhikma.tn\/fr\/publication\/acces-boutique\/livres-en-vente\/les-conferences-de-beit-al-hikma-2016-2017\/","name":"Les Conf\u00e9rences de Beit al-Hikma 2016-2017 - Beit al-Hikma","isPartOf":{"@id":"https:\/\/www.beitalhikma.tn\/#website"},"primaryImageOfPage":{"@id":"https:\/\/www.beitalhikma.tn\/fr\/publication\/acces-boutique\/livres-en-vente\/les-conferences-de-beit-al-hikma-2016-2017\/#primaryimage"},"image":{"@id":"https:\/\/www.beitalhikma.tn\/fr\/publication\/acces-boutique\/livres-en-vente\/les-conferences-de-beit-al-hikma-2016-2017\/#primaryimage"},"thumbnailUrl":"https:\/\/www.beitalhikma.tn\/wp-content\/uploads\/2018\/07\/couverture-Les-conf\u00e9rences-de-Beit-al-Hikma-imp-scaled.jpg","datePublished":"2018-07-03T12:33:46+00:00","dateModified":"2022-09-09T08:30:14+00:00","breadcrumb":{"@id":"https:\/\/www.beitalhikma.tn\/fr\/publication\/acces-boutique\/livres-en-vente\/les-conferences-de-beit-al-hikma-2016-2017\/#breadcrumb"},"inLanguage":"fr-FR","potentialAction":[{"@type":"ReadAction","target":["https:\/\/www.beitalhikma.tn\/fr\/publication\/acces-boutique\/livres-en-vente\/les-conferences-de-beit-al-hikma-2016-2017\/"]}]},{"@type":"ImageObject","inLanguage":"fr-FR","@id":"https:\/\/www.beitalhikma.tn\/fr\/publication\/acces-boutique\/livres-en-vente\/les-conferences-de-beit-al-hikma-2016-2017\/#primaryimage","url":"https:\/\/www.beitalhikma.tn\/wp-content\/uploads\/2018\/07\/couverture-Les-conf\u00e9rences-de-Beit-al-Hikma-imp-scaled.jpg","contentUrl":"https:\/\/www.beitalhikma.tn\/wp-content\/uploads\/2018\/07\/couverture-Les-conf\u00e9rences-de-Beit-al-Hikma-imp-scaled.jpg","width":1683,"height":2560},{"@type":"BreadcrumbList","@id":"https:\/\/www.beitalhikma.tn\/fr\/publication\/acces-boutique\/livres-en-vente\/les-conferences-de-beit-al-hikma-2016-2017\/#breadcrumb","itemListElement":[{"@type":"ListItem","position":1,"name":"Accueil","item":"https:\/\/www.beitalhikma.tn\/fr\/"},{"@type":"ListItem","position":2,"name":"Boutique","item":"https:\/\/www.beitalhikma.tn\/fr\/boutique\/"},{"@type":"ListItem","position":3,"name":"Les Conf\u00e9rences de Beit al-Hikma 2016-2017"}]},{"@type":"WebSite","@id":"https:\/\/www.beitalhikma.tn\/#website","url":"https:\/\/www.beitalhikma.tn\/","name":"Beit al-Hikma","description":"L&#039;Acad\u00e9mie Tunisienne des Sciences, des Lettres  et des Arts","publisher":{"@id":"https:\/\/www.beitalhikma.tn\/#organization"},"potentialAction":[{"@type":"SearchAction","target":{"@type":"EntryPoint","urlTemplate":"https:\/\/www.beitalhikma.tn\/?s={search_term_string}"},"query-input":{"@type":"PropertyValueSpecification","valueRequired":true,"valueName":"search_term_string"}}],"inLanguage":"fr-FR"},{"@type":"Organization","@id":"https:\/\/www.beitalhikma.tn\/#organization","name":"Beit Al Hikma","url":"https:\/\/www.beitalhikma.tn\/","logo":{"@type":"ImageObject","inLanguage":"fr-FR","@id":"https:\/\/www.beitalhikma.tn\/#\/schema\/logo\/image\/","url":"https:\/\/www.beitalhikma.tn\/wp-content\/uploads\/2014\/11\/logo.png","contentUrl":"https:\/\/www.beitalhikma.tn\/wp-content\/uploads\/2014\/11\/logo.png","width":288,"height":109,"caption":"Beit Al Hikma"},"image":{"@id":"https:\/\/www.beitalhikma.tn\/#\/schema\/logo\/image\/"},"sameAs":["https:\/\/www.facebook.com\/BeitalhikmaTunisie\/","https:\/\/x.com\/Beit_alhikma_TN","https:\/\/www.youtube.com\/channel\/UCl8EfDXqt5MFfcEY0UYhevg"]}]}},"uagb_featured_image_src":{"full":["https:\/\/www.beitalhikma.tn\/wp-content\/uploads\/2018\/07\/couverture-Les-conf\u00e9rences-de-Beit-al-Hikma-imp-scaled.jpg",1683,2560,false],"thumbnail":["https:\/\/www.beitalhikma.tn\/wp-content\/uploads\/2018\/07\/couverture-Les-conf\u00e9rences-de-Beit-al-Hikma-imp-250x300.jpg",250,300,true],"medium":["https:\/\/www.beitalhikma.tn\/wp-content\/uploads\/2018\/07\/couverture-Les-conf\u00e9rences-de-Beit-al-Hikma-imp-197x300.jpg",197,300,true],"medium_large":["https:\/\/www.beitalhikma.tn\/wp-content\/uploads\/2018\/07\/couverture-Les-conf\u00e9rences-de-Beit-al-Hikma-imp-scaled.jpg",768,1168,false],"large":["https:\/\/www.beitalhikma.tn\/wp-content\/uploads\/2018\/07\/couverture-Les-conf\u00e9rences-de-Beit-al-Hikma-imp-673x1024.jpg",673,1024,true],"thumblist":["https:\/\/www.beitalhikma.tn\/wp-content\/uploads\/2018\/07\/couverture-Les-conf\u00e9rences-de-Beit-al-Hikma-imp-scaled.jpg",197,300,false],"meccarouselthumb":["https:\/\/www.beitalhikma.tn\/wp-content\/uploads\/2018\/07\/couverture-Les-conf\u00e9rences-de-Beit-al-Hikma-imp-scaled.jpg",213,324,false],"gridsquare":["https:\/\/www.beitalhikma.tn\/wp-content\/uploads\/2018\/07\/couverture-Les-conf\u00e9rences-de-Beit-al-Hikma-imp-scaled.jpg",171,260,false],"tileview":["https:\/\/www.beitalhikma.tn\/wp-content\/uploads\/2018\/07\/couverture-Les-conf\u00e9rences-de-Beit-al-Hikma-imp-scaled.jpg",263,400,false],"1536x1536":["https:\/\/www.beitalhikma.tn\/wp-content\/uploads\/2018\/07\/couverture-Les-conf\u00e9rences-de-Beit-al-Hikma-imp-scaled.jpg",1010,1536,false],"2048x2048":["https:\/\/www.beitalhikma.tn\/wp-content\/uploads\/2018\/07\/couverture-Les-conf\u00e9rences-de-Beit-al-Hikma-imp-scaled.jpg",1346,2048,false],"post-thumbnail":["https:\/\/www.beitalhikma.tn\/wp-content\/uploads\/2018\/07\/couverture-Les-conf\u00e9rences-de-Beit-al-Hikma-imp-96x146.jpg",96,146,true],"50x50":["https:\/\/www.beitalhikma.tn\/wp-content\/uploads\/2018\/07\/couverture-Les-conf\u00e9rences-de-Beit-al-Hikma-imp-33x50.jpg",33,50,true],"portfolio-list":["https:\/\/www.beitalhikma.tn\/wp-content\/uploads\/2018\/07\/couverture-Les-conf\u00e9rences-de-Beit-al-Hikma-imp-600x400.jpg",600,400,true],"portfolio-fs":["https:\/\/www.beitalhikma.tn\/wp-content\/uploads\/2018\/07\/couverture-Les-conf\u00e9rences-de-Beit-al-Hikma-imp-815x543.jpg",815,543,true],"portfolio-slider":["https:\/\/www.beitalhikma.tn\/wp-content\/uploads\/2018\/07\/couverture-Les-conf\u00e9rences-de-Beit-al-Hikma-imp-380x380.jpg",380,380,true],"blog":["https:\/\/www.beitalhikma.tn\/wp-content\/uploads\/2018\/07\/couverture-Les-conf\u00e9rences-de-Beit-al-Hikma-imp-564x341.jpg",564,341,true],"blog-single":["https:\/\/www.beitalhikma.tn\/wp-content\/uploads\/2018\/07\/couverture-Les-conf\u00e9rences-de-Beit-al-Hikma-imp-1176x445.jpg",1176,445,true],"blog-item":["https:\/\/www.beitalhikma.tn\/wp-content\/uploads\/2018\/07\/couverture-Les-conf\u00e9rences-de-Beit-al-Hikma-imp-504x224.jpg",504,224,true],"blog-widget":["https:\/\/www.beitalhikma.tn\/wp-content\/uploads\/2018\/07\/couverture-Les-conf\u00e9rences-de-Beit-al-Hikma-imp-80x60.jpg",80,60,true],"features":["https:\/\/www.beitalhikma.tn\/wp-content\/uploads\/2018\/07\/couverture-Les-conf\u00e9rences-de-Beit-al-Hikma-imp-90x90.jpg",90,90,true],"clients-slider":["https:\/\/www.beitalhikma.tn\/wp-content\/uploads\/2018\/07\/couverture-Les-conf\u00e9rences-de-Beit-al-Hikma-imp-53x80.jpg",53,80,true],"offer-slider":["https:\/\/www.beitalhikma.tn\/wp-content\/uploads\/2018\/07\/couverture-Les-conf\u00e9rences-de-Beit-al-Hikma-imp-776x438.jpg",776,438,true],"offer-slider-pg":["https:\/\/www.beitalhikma.tn\/wp-content\/uploads\/2018\/07\/couverture-Les-conf\u00e9rences-de-Beit-al-Hikma-imp-42x42.jpg",42,42,true],"woocommerce_thumbnail":["https:\/\/www.beitalhikma.tn\/wp-content\/uploads\/2018\/07\/couverture-Les-conf\u00e9rences-de-Beit-al-Hikma-imp-250x300.jpg",250,300,true],"woocommerce_single":["https:\/\/www.beitalhikma.tn\/wp-content\/uploads\/2018\/07\/couverture-Les-conf\u00e9rences-de-Beit-al-Hikma-imp-250x380.jpg",250,380,true],"woocommerce_gallery_thumbnail":["https:\/\/www.beitalhikma.tn\/wp-content\/uploads\/2018\/07\/couverture-Les-conf\u00e9rences-de-Beit-al-Hikma-imp-100x100.jpg",100,100,true]},"uagb_author_info":{"display_name":"admin","author_link":"https:\/\/www.beitalhikma.tn\/fr\/author\/"},"uagb_comment_info":0,"uagb_excerpt":"Titre de l\u2019ouvrage : Les conf\u00e9rences de beit al hikma 2016-2017 Auteur : Ouvrage collectif Langue : arabe et fran\u00e7ais Date de parution : 2018 Format : 16x24 ISBN : 9789973491848 Nombre de pages: 442 Th\u00e8me :\u00a0 Conf\u00e9rences Scientifique, litt\u00e9raires et artistiques Poids : 700 gr Situation : disponible","_links":{"self":[{"href":"https:\/\/www.beitalhikma.tn\/fr\/wp-json\/wp\/v2\/product\/21826","targetHints":{"allow":["GET"]}}],"collection":[{"href":"https:\/\/www.beitalhikma.tn\/fr\/wp-json\/wp\/v2\/product"}],"about":[{"href":"https:\/\/www.beitalhikma.tn\/fr\/wp-json\/wp\/v2\/types\/product"}],"wp:featuredmedia":[{"embeddable":true,"href":"https:\/\/www.beitalhikma.tn\/fr\/wp-json\/wp\/v2\/media\/21824"}],"wp:attachment":[{"href":"https:\/\/www.beitalhikma.tn\/fr\/wp-json\/wp\/v2\/media?parent=21826"}],"wp:term":[{"taxonomy":"product_brand","embeddable":true,"href":"https:\/\/www.beitalhikma.tn\/fr\/wp-json\/wp\/v2\/product_brand?post=21826"},{"taxonomy":"product_cat","embeddable":true,"href":"https:\/\/www.beitalhikma.tn\/fr\/wp-json\/wp\/v2\/product_cat?post=21826"},{"taxonomy":"product_tag","embeddable":true,"href":"https:\/\/www.beitalhikma.tn\/fr\/wp-json\/wp\/v2\/product_tag?post=21826"}],"curies":[{"name":"wp","href":"https:\/\/api.w.org\/{rel}","templated":true}]}}