{"id":254,"date":"2014-12-10T16:19:09","date_gmt":"2014-12-10T15:19:09","guid":{"rendered":"http:\/\/www.beitalhikma.tn\/?post_type=product&#038;p=254"},"modified":"2023-02-03T07:34:25","modified_gmt":"2023-02-03T06:34:25","slug":"%d8%ac%d8%b9%d9%81%d8%b1-%d9%85%d8%a7%d8%ac%d8%af","status":"publish","type":"product","link":"https:\/\/www.beitalhikma.tn\/fr\/publication\/acces-boutique\/livres-en-vente\/%d8%ac%d8%b9%d9%81%d8%b1-%d9%85%d8%a7%d8%ac%d8%af\/","title":{"rendered":"Ja\u00e2far Majed"},"content":{"rendered":"<p><a href=\"http:\/\/www.beitalhikma.tn\/wp-content\/uploads\/2014\/12\/pf20.png\"><img loading=\"lazy\" decoding=\"async\" class=\"aligncenter size-full wp-image-6601\" src=\"http:\/\/www.beitalhikma.tn\/wp-content\/uploads\/2014\/12\/pf20.png\" alt=\"pf\" width=\"713\" height=\"538\" srcset=\"https:\/\/www.beitalhikma.tn\/wp-content\/uploads\/2014\/12\/pf20.png 713w, https:\/\/www.beitalhikma.tn\/wp-content\/uploads\/2014\/12\/pf20-250x189.png 250w, https:\/\/www.beitalhikma.tn\/wp-content\/uploads\/2014\/12\/pf20-300x226.png 300w, https:\/\/www.beitalhikma.tn\/wp-content\/uploads\/2014\/12\/pf20-193x146.png 193w, https:\/\/www.beitalhikma.tn\/wp-content\/uploads\/2014\/12\/pf20-50x38.png 50w, https:\/\/www.beitalhikma.tn\/wp-content\/uploads\/2014\/12\/pf20-80x60.png 80w, https:\/\/www.beitalhikma.tn\/wp-content\/uploads\/2014\/12\/pf20-106x80.png 106w\" sizes=\"auto, (max-width: 713px) 100vw, 713px\" \/><\/a><\/p>\n","protected":false},"excerpt":{"rendered":"<ul>\n<li><strong>Titre de l\u2019ouvrage :<\/strong> Ja\u00e2far Majed<br \/>\nActes de la soir\u00e9e culturelle\u00a0organis\u00e9e par l\u2019Acad\u00e9mie tunisienne\u00a0<em>Be\u00eft al-Hikma<\/em>, le 21 Mai 2010<br \/>\n<strong>Th\u00e8me :<\/strong> po\u00e9sie<\/li>\n<li><strong>Langue :<\/strong>\u00a0arabe<\/li>\n<li><strong>Date de parution :<\/strong> 2012<\/li>\n<li><strong>Format :<\/strong> 16&#215;24<\/li>\n<li><strong>ISBN :<\/strong>9789973491312<\/li>\n<li><strong>Nombre de pages :<\/strong> 79<br \/>\n<strong>Th\u00e8me :<\/strong> \u0634\u0639\u0631<\/li>\n<li><strong>Poids :<\/strong> 400 gr<br \/>\n<b>Situation :\u00a0<\/b>disponible<\/li>\n<\/ul>\n","protected":false},"featured_media":2950,"template":"","meta":{"_uag_custom_page_level_css":""},"product_brand":[],"product_cat":[11],"product_tag":[],"class_list":{"0":"post-254","1":"product","2":"type-product","3":"status-publish","4":"has-post-thumbnail","6":"product_cat-livres-en-vente","8":"first","9":"instock","10":"sale","11":"shipping-taxable","12":"purchasable","13":"product-type-simple"},"yoast_head":"<!-- This site is optimized with the Yoast SEO plugin v27.4 - https:\/\/yoast.com\/product\/yoast-seo-wordpress\/ -->\n<title>Ja\u00e2far Majed - Beit al-Hikma<\/title>\n<meta name=\"robots\" content=\"index, follow, max-snippet:-1, max-image-preview:large, max-video-preview:-1\" \/>\n<link rel=\"canonical\" href=\"https:\/\/www.beitalhikma.tn\/fr\/publication\/acces-boutique\/livres-en-vente\/\u062c\u0639\u0641\u0631-\u0645\u0627\u062c\u062f\/\" \/>\n<meta property=\"og:locale\" content=\"fr_FR\" \/>\n<meta property=\"og:type\" content=\"article\" \/>\n<meta property=\"og:title\" content=\"Ja\u00e2far Majed - Beit al-Hikma\" \/>\n<meta property=\"og:description\" content=\"Titre de l\u2019ouvrage : Ja\u00e2far Majed Actes de la soir\u00e9e culturelle\u00a0organis\u00e9e par l\u2019Acad\u00e9mie tunisienne\u00a0Be\u00eft al-Hikma, le 21 Mai 2010 Th\u00e8me : po\u00e9sie  Langue :\u00a0arabe  Date de parution : 2012  Format : 16x24  ISBN :9789973491312  Nombre de pages : 79 Th\u00e8me : \u0634\u0639\u0631  Poids : 400 gr Situation :\u00a0disponible\" \/>\n<meta property=\"og:url\" content=\"https:\/\/www.beitalhikma.tn\/fr\/publication\/acces-boutique\/livres-en-vente\/\u062c\u0639\u0641\u0631-\u0645\u0627\u062c\u062f\/\" \/>\n<meta property=\"og:site_name\" content=\"Beit al-Hikma\" \/>\n<meta property=\"article:publisher\" content=\"https:\/\/www.facebook.com\/BeitalhikmaTunisie\/\" \/>\n<meta property=\"article:modified_time\" content=\"2023-02-03T06:34:25+00:00\" \/>\n<meta property=\"og:image\" content=\"https:\/\/www.beitalhikma.tn\/wp-content\/uploads\/2014\/12\/7.jpg\" \/>\n\t<meta property=\"og:image:width\" content=\"250\" \/>\n\t<meta property=\"og:image:height\" content=\"300\" \/>\n\t<meta property=\"og:image:type\" content=\"image\/jpeg\" \/>\n<meta name=\"twitter:card\" content=\"summary_large_image\" \/>\n<meta name=\"twitter:site\" content=\"@Beit_alhikma_TN\" \/>\n<script type=\"application\/ld+json\" class=\"yoast-schema-graph\">{\"@context\":\"https:\\\/\\\/schema.org\",\"@graph\":[{\"@type\":\"WebPage\",\"@id\":\"https:\\\/\\\/www.beitalhikma.tn\\\/fr\\\/publication\\\/acces-boutique\\\/livres-en-vente\\\/%d8%ac%d8%b9%d9%81%d8%b1-%d9%85%d8%a7%d8%ac%d8%af\\\/\",\"url\":\"https:\\\/\\\/www.beitalhikma.tn\\\/fr\\\/publication\\\/acces-boutique\\\/livres-en-vente\\\/%d8%ac%d8%b9%d9%81%d8%b1-%d9%85%d8%a7%d8%ac%d8%af\\\/\",\"name\":\"Ja\u00e2far Majed - Beit al-Hikma\",\"isPartOf\":{\"@id\":\"https:\\\/\\\/www.beitalhikma.tn\\\/#website\"},\"primaryImageOfPage\":{\"@id\":\"https:\\\/\\\/www.beitalhikma.tn\\\/fr\\\/publication\\\/acces-boutique\\\/livres-en-vente\\\/%d8%ac%d8%b9%d9%81%d8%b1-%d9%85%d8%a7%d8%ac%d8%af\\\/#primaryimage\"},\"image\":{\"@id\":\"https:\\\/\\\/www.beitalhikma.tn\\\/fr\\\/publication\\\/acces-boutique\\\/livres-en-vente\\\/%d8%ac%d8%b9%d9%81%d8%b1-%d9%85%d8%a7%d8%ac%d8%af\\\/#primaryimage\"},\"thumbnailUrl\":\"https:\\\/\\\/www.beitalhikma.tn\\\/wp-content\\\/uploads\\\/2014\\\/12\\\/7.jpg\",\"datePublished\":\"2014-12-10T15:19:09+00:00\",\"dateModified\":\"2023-02-03T06:34:25+00:00\",\"breadcrumb\":{\"@id\":\"https:\\\/\\\/www.beitalhikma.tn\\\/fr\\\/publication\\\/acces-boutique\\\/livres-en-vente\\\/%d8%ac%d8%b9%d9%81%d8%b1-%d9%85%d8%a7%d8%ac%d8%af\\\/#breadcrumb\"},\"inLanguage\":\"fr-FR\",\"potentialAction\":[{\"@type\":\"ReadAction\",\"target\":[\"https:\\\/\\\/www.beitalhikma.tn\\\/fr\\\/publication\\\/acces-boutique\\\/livres-en-vente\\\/%d8%ac%d8%b9%d9%81%d8%b1-%d9%85%d8%a7%d8%ac%d8%af\\\/\"]}]},{\"@type\":\"ImageObject\",\"inLanguage\":\"fr-FR\",\"@id\":\"https:\\\/\\\/www.beitalhikma.tn\\\/fr\\\/publication\\\/acces-boutique\\\/livres-en-vente\\\/%d8%ac%d8%b9%d9%81%d8%b1-%d9%85%d8%a7%d8%ac%d8%af\\\/#primaryimage\",\"url\":\"https:\\\/\\\/www.beitalhikma.tn\\\/wp-content\\\/uploads\\\/2014\\\/12\\\/7.jpg\",\"contentUrl\":\"https:\\\/\\\/www.beitalhikma.tn\\\/wp-content\\\/uploads\\\/2014\\\/12\\\/7.jpg\",\"width\":250,\"height\":300},{\"@type\":\"BreadcrumbList\",\"@id\":\"https:\\\/\\\/www.beitalhikma.tn\\\/fr\\\/publication\\\/acces-boutique\\\/livres-en-vente\\\/%d8%ac%d8%b9%d9%81%d8%b1-%d9%85%d8%a7%d8%ac%d8%af\\\/#breadcrumb\",\"itemListElement\":[{\"@type\":\"ListItem\",\"position\":1,\"name\":\"Accueil\",\"item\":\"https:\\\/\\\/www.beitalhikma.tn\\\/fr\\\/\"},{\"@type\":\"ListItem\",\"position\":2,\"name\":\"Boutique\",\"item\":\"https:\\\/\\\/www.beitalhikma.tn\\\/fr\\\/boutique\\\/\"},{\"@type\":\"ListItem\",\"position\":3,\"name\":\"Ja\u00e2far Majed\"}]},{\"@type\":\"WebSite\",\"@id\":\"https:\\\/\\\/www.beitalhikma.tn\\\/#website\",\"url\":\"https:\\\/\\\/www.beitalhikma.tn\\\/\",\"name\":\"Beit al-Hikma\",\"description\":\"L&#039;Acad\u00e9mie Tunisienne des Sciences, des Lettres  et des Arts\",\"publisher\":{\"@id\":\"https:\\\/\\\/www.beitalhikma.tn\\\/#organization\"},\"potentialAction\":[{\"@type\":\"SearchAction\",\"target\":{\"@type\":\"EntryPoint\",\"urlTemplate\":\"https:\\\/\\\/www.beitalhikma.tn\\\/?s={search_term_string}\"},\"query-input\":{\"@type\":\"PropertyValueSpecification\",\"valueRequired\":true,\"valueName\":\"search_term_string\"}}],\"inLanguage\":\"fr-FR\"},{\"@type\":\"Organization\",\"@id\":\"https:\\\/\\\/www.beitalhikma.tn\\\/#organization\",\"name\":\"Beit Al Hikma\",\"url\":\"https:\\\/\\\/www.beitalhikma.tn\\\/\",\"logo\":{\"@type\":\"ImageObject\",\"inLanguage\":\"fr-FR\",\"@id\":\"https:\\\/\\\/www.beitalhikma.tn\\\/#\\\/schema\\\/logo\\\/image\\\/\",\"url\":\"https:\\\/\\\/www.beitalhikma.tn\\\/wp-content\\\/uploads\\\/2014\\\/11\\\/logo.png\",\"contentUrl\":\"https:\\\/\\\/www.beitalhikma.tn\\\/wp-content\\\/uploads\\\/2014\\\/11\\\/logo.png\",\"width\":288,\"height\":109,\"caption\":\"Beit Al Hikma\"},\"image\":{\"@id\":\"https:\\\/\\\/www.beitalhikma.tn\\\/#\\\/schema\\\/logo\\\/image\\\/\"},\"sameAs\":[\"https:\\\/\\\/www.facebook.com\\\/BeitalhikmaTunisie\\\/\",\"https:\\\/\\\/x.com\\\/Beit_alhikma_TN\",\"https:\\\/\\\/www.youtube.com\\\/channel\\\/UCl8EfDXqt5MFfcEY0UYhevg\"]}]}<\/script>\n<!-- \/ Yoast SEO plugin. -->","yoast_head_json":{"title":"Ja\u00e2far Majed - Beit al-Hikma","robots":{"index":"index","follow":"follow","max-snippet":"max-snippet:-1","max-image-preview":"max-image-preview:large","max-video-preview":"max-video-preview:-1"},"canonical":"https:\/\/www.beitalhikma.tn\/fr\/publication\/acces-boutique\/livres-en-vente\/\u062c\u0639\u0641\u0631-\u0645\u0627\u062c\u062f\/","og_locale":"fr_FR","og_type":"article","og_title":"Ja\u00e2far Majed - Beit al-Hikma","og_description":"Titre de l\u2019ouvrage : Ja\u00e2far Majed Actes de la soir\u00e9e culturelle\u00a0organis\u00e9e par l\u2019Acad\u00e9mie tunisienne\u00a0Be\u00eft al-Hikma, le 21 Mai 2010 Th\u00e8me : po\u00e9sie  Langue :\u00a0arabe  Date de parution : 2012  Format : 16x24  ISBN :9789973491312  Nombre de pages : 79 Th\u00e8me : \u0634\u0639\u0631  Poids : 400 gr Situation :\u00a0disponible","og_url":"https:\/\/www.beitalhikma.tn\/fr\/publication\/acces-boutique\/livres-en-vente\/\u062c\u0639\u0641\u0631-\u0645\u0627\u062c\u062f\/","og_site_name":"Beit al-Hikma","article_publisher":"https:\/\/www.facebook.com\/BeitalhikmaTunisie\/","article_modified_time":"2023-02-03T06:34:25+00:00","og_image":[{"width":250,"height":300,"url":"https:\/\/www.beitalhikma.tn\/wp-content\/uploads\/2014\/12\/7.jpg","type":"image\/jpeg"}],"twitter_card":"summary_large_image","twitter_site":"@Beit_alhikma_TN","schema":{"@context":"https:\/\/schema.org","@graph":[{"@type":"WebPage","@id":"https:\/\/www.beitalhikma.tn\/fr\/publication\/acces-boutique\/livres-en-vente\/%d8%ac%d8%b9%d9%81%d8%b1-%d9%85%d8%a7%d8%ac%d8%af\/","url":"https:\/\/www.beitalhikma.tn\/fr\/publication\/acces-boutique\/livres-en-vente\/%d8%ac%d8%b9%d9%81%d8%b1-%d9%85%d8%a7%d8%ac%d8%af\/","name":"Ja\u00e2far Majed - Beit al-Hikma","isPartOf":{"@id":"https:\/\/www.beitalhikma.tn\/#website"},"primaryImageOfPage":{"@id":"https:\/\/www.beitalhikma.tn\/fr\/publication\/acces-boutique\/livres-en-vente\/%d8%ac%d8%b9%d9%81%d8%b1-%d9%85%d8%a7%d8%ac%d8%af\/#primaryimage"},"image":{"@id":"https:\/\/www.beitalhikma.tn\/fr\/publication\/acces-boutique\/livres-en-vente\/%d8%ac%d8%b9%d9%81%d8%b1-%d9%85%d8%a7%d8%ac%d8%af\/#primaryimage"},"thumbnailUrl":"https:\/\/www.beitalhikma.tn\/wp-content\/uploads\/2014\/12\/7.jpg","datePublished":"2014-12-10T15:19:09+00:00","dateModified":"2023-02-03T06:34:25+00:00","breadcrumb":{"@id":"https:\/\/www.beitalhikma.tn\/fr\/publication\/acces-boutique\/livres-en-vente\/%d8%ac%d8%b9%d9%81%d8%b1-%d9%85%d8%a7%d8%ac%d8%af\/#breadcrumb"},"inLanguage":"fr-FR","potentialAction":[{"@type":"ReadAction","target":["https:\/\/www.beitalhikma.tn\/fr\/publication\/acces-boutique\/livres-en-vente\/%d8%ac%d8%b9%d9%81%d8%b1-%d9%85%d8%a7%d8%ac%d8%af\/"]}]},{"@type":"ImageObject","inLanguage":"fr-FR","@id":"https:\/\/www.beitalhikma.tn\/fr\/publication\/acces-boutique\/livres-en-vente\/%d8%ac%d8%b9%d9%81%d8%b1-%d9%85%d8%a7%d8%ac%d8%af\/#primaryimage","url":"https:\/\/www.beitalhikma.tn\/wp-content\/uploads\/2014\/12\/7.jpg","contentUrl":"https:\/\/www.beitalhikma.tn\/wp-content\/uploads\/2014\/12\/7.jpg","width":250,"height":300},{"@type":"BreadcrumbList","@id":"https:\/\/www.beitalhikma.tn\/fr\/publication\/acces-boutique\/livres-en-vente\/%d8%ac%d8%b9%d9%81%d8%b1-%d9%85%d8%a7%d8%ac%d8%af\/#breadcrumb","itemListElement":[{"@type":"ListItem","position":1,"name":"Accueil","item":"https:\/\/www.beitalhikma.tn\/fr\/"},{"@type":"ListItem","position":2,"name":"Boutique","item":"https:\/\/www.beitalhikma.tn\/fr\/boutique\/"},{"@type":"ListItem","position":3,"name":"Ja\u00e2far Majed"}]},{"@type":"WebSite","@id":"https:\/\/www.beitalhikma.tn\/#website","url":"https:\/\/www.beitalhikma.tn\/","name":"Beit al-Hikma","description":"L&#039;Acad\u00e9mie Tunisienne des Sciences, des Lettres  et des Arts","publisher":{"@id":"https:\/\/www.beitalhikma.tn\/#organization"},"potentialAction":[{"@type":"SearchAction","target":{"@type":"EntryPoint","urlTemplate":"https:\/\/www.beitalhikma.tn\/?s={search_term_string}"},"query-input":{"@type":"PropertyValueSpecification","valueRequired":true,"valueName":"search_term_string"}}],"inLanguage":"fr-FR"},{"@type":"Organization","@id":"https:\/\/www.beitalhikma.tn\/#organization","name":"Beit Al Hikma","url":"https:\/\/www.beitalhikma.tn\/","logo":{"@type":"ImageObject","inLanguage":"fr-FR","@id":"https:\/\/www.beitalhikma.tn\/#\/schema\/logo\/image\/","url":"https:\/\/www.beitalhikma.tn\/wp-content\/uploads\/2014\/11\/logo.png","contentUrl":"https:\/\/www.beitalhikma.tn\/wp-content\/uploads\/2014\/11\/logo.png","width":288,"height":109,"caption":"Beit Al Hikma"},"image":{"@id":"https:\/\/www.beitalhikma.tn\/#\/schema\/logo\/image\/"},"sameAs":["https:\/\/www.facebook.com\/BeitalhikmaTunisie\/","https:\/\/x.com\/Beit_alhikma_TN","https:\/\/www.youtube.com\/channel\/UCl8EfDXqt5MFfcEY0UYhevg"]}]}},"uagb_featured_image_src":{"full":["https:\/\/www.beitalhikma.tn\/wp-content\/uploads\/2014\/12\/7.jpg",250,300,false],"thumbnail":["https:\/\/www.beitalhikma.tn\/wp-content\/uploads\/2014\/12\/7.jpg",250,300,false],"medium":["https:\/\/www.beitalhikma.tn\/wp-content\/uploads\/2014\/12\/7.jpg",250,300,false],"medium_large":["https:\/\/www.beitalhikma.tn\/wp-content\/uploads\/2014\/12\/7.jpg",250,300,false],"large":["https:\/\/www.beitalhikma.tn\/wp-content\/uploads\/2014\/12\/7.jpg",250,300,false],"thumblist":["https:\/\/www.beitalhikma.tn\/wp-content\/uploads\/2014\/12\/7.jpg",250,300,false],"meccarouselthumb":["https:\/\/www.beitalhikma.tn\/wp-content\/uploads\/2014\/12\/7.jpg",250,300,false],"gridsquare":["https:\/\/www.beitalhikma.tn\/wp-content\/uploads\/2014\/12\/7.jpg",217,260,false],"tileview":["https:\/\/www.beitalhikma.tn\/wp-content\/uploads\/2014\/12\/7.jpg",250,300,false],"1536x1536":["https:\/\/www.beitalhikma.tn\/wp-content\/uploads\/2014\/12\/7.jpg",250,300,false],"2048x2048":["https:\/\/www.beitalhikma.tn\/wp-content\/uploads\/2014\/12\/7.jpg",250,300,false],"post-thumbnail":["https:\/\/www.beitalhikma.tn\/wp-content\/uploads\/2014\/12\/7-121x146.jpg",121,146,true],"50x50":["https:\/\/www.beitalhikma.tn\/wp-content\/uploads\/2014\/12\/7-41x50.jpg",41,50,true],"portfolio-list":["https:\/\/www.beitalhikma.tn\/wp-content\/uploads\/2014\/12\/7.jpg",250,300,false],"portfolio-fs":["https:\/\/www.beitalhikma.tn\/wp-content\/uploads\/2014\/12\/7.jpg",250,300,false],"portfolio-slider":["https:\/\/www.beitalhikma.tn\/wp-content\/uploads\/2014\/12\/7.jpg",250,300,false],"blog":["https:\/\/www.beitalhikma.tn\/wp-content\/uploads\/2014\/12\/7.jpg",250,300,false],"blog-single":["https:\/\/www.beitalhikma.tn\/wp-content\/uploads\/2014\/12\/7.jpg",250,300,false],"blog-item":["https:\/\/www.beitalhikma.tn\/wp-content\/uploads\/2014\/12\/7-250x224.jpg",250,224,true],"blog-widget":["https:\/\/www.beitalhikma.tn\/wp-content\/uploads\/2014\/12\/7-80x60.jpg",80,60,true],"features":["https:\/\/www.beitalhikma.tn\/wp-content\/uploads\/2014\/12\/7-90x90.jpg",90,90,true],"clients-slider":["https:\/\/www.beitalhikma.tn\/wp-content\/uploads\/2014\/12\/7-66x80.jpg",66,80,true],"offer-slider":["https:\/\/www.beitalhikma.tn\/wp-content\/uploads\/2014\/12\/7.jpg",250,300,false],"offer-slider-pg":["https:\/\/www.beitalhikma.tn\/wp-content\/uploads\/2014\/12\/7-42x42.jpg",42,42,true],"woocommerce_thumbnail":["https:\/\/www.beitalhikma.tn\/wp-content\/uploads\/2014\/12\/7-250x300.jpg",250,300,true],"woocommerce_single":["https:\/\/www.beitalhikma.tn\/wp-content\/uploads\/2014\/12\/7-250x300.jpg",250,300,true],"woocommerce_gallery_thumbnail":["https:\/\/www.beitalhikma.tn\/wp-content\/uploads\/2014\/12\/7-100x100.jpg",100,100,true]},"uagb_author_info":{"display_name":"admin","author_link":"https:\/\/www.beitalhikma.tn\/fr\/author\/"},"uagb_comment_info":0,"uagb_excerpt":"Titre de l\u2019ouvrage : Ja\u00e2far Majed Actes de la soir\u00e9e culturelle\u00a0organis\u00e9e par l\u2019Acad\u00e9mie tunisienne\u00a0Be\u00eft al-Hikma, le 21 Mai 2010 Th\u00e8me : po\u00e9sie Langue :\u00a0arabe Date de parution : 2012 Format : 16x24 ISBN :9789973491312 Nombre de pages : 79 Th\u00e8me : \u0634\u0639\u0631 Poids : 400 gr Situation :\u00a0disponible","_links":{"self":[{"href":"https:\/\/www.beitalhikma.tn\/fr\/wp-json\/wp\/v2\/product\/254","targetHints":{"allow":["GET"]}}],"collection":[{"href":"https:\/\/www.beitalhikma.tn\/fr\/wp-json\/wp\/v2\/product"}],"about":[{"href":"https:\/\/www.beitalhikma.tn\/fr\/wp-json\/wp\/v2\/types\/product"}],"wp:featuredmedia":[{"embeddable":true,"href":"https:\/\/www.beitalhikma.tn\/fr\/wp-json\/wp\/v2\/media\/2950"}],"wp:attachment":[{"href":"https:\/\/www.beitalhikma.tn\/fr\/wp-json\/wp\/v2\/media?parent=254"}],"wp:term":[{"taxonomy":"product_brand","embeddable":true,"href":"https:\/\/www.beitalhikma.tn\/fr\/wp-json\/wp\/v2\/product_brand?post=254"},{"taxonomy":"product_cat","embeddable":true,"href":"https:\/\/www.beitalhikma.tn\/fr\/wp-json\/wp\/v2\/product_cat?post=254"},{"taxonomy":"product_tag","embeddable":true,"href":"https:\/\/www.beitalhikma.tn\/fr\/wp-json\/wp\/v2\/product_tag?post=254"}],"curies":[{"name":"wp","href":"https:\/\/api.w.org\/{rel}","templated":true}]}}