{"id":277,"date":"2014-12-17T10:00:21","date_gmt":"2014-12-17T09:00:21","guid":{"rendered":"http:\/\/www.beitalhikma.tn\/?post_type=product&#038;p=277"},"modified":"2022-09-01T11:29:16","modified_gmt":"2022-09-01T10:29:16","slug":"lumieres-sur-la-culture-chinoise-2","status":"publish","type":"product","link":"https:\/\/www.beitalhikma.tn\/fr\/publication\/acces-boutique\/livres-en-vente\/lumieres-sur-la-culture-chinoise-2\/","title":{"rendered":"Lumi\u00e8res sur la culture chinoise"},"content":{"rendered":"<p><a href=\"http:\/\/www.beitalhikma.tn\/wp-content\/uploads\/2014\/12\/pf10.png\"><img loading=\"lazy\" decoding=\"async\" class=\"aligncenter size-full wp-image-6331\" src=\"http:\/\/www.beitalhikma.tn\/wp-content\/uploads\/2014\/12\/pf10.png\" alt=\"pf\" width=\"737\" height=\"545\" srcset=\"https:\/\/www.beitalhikma.tn\/wp-content\/uploads\/2014\/12\/pf10.png 737w, https:\/\/www.beitalhikma.tn\/wp-content\/uploads\/2014\/12\/pf10-250x185.png 250w, https:\/\/www.beitalhikma.tn\/wp-content\/uploads\/2014\/12\/pf10-300x222.png 300w, https:\/\/www.beitalhikma.tn\/wp-content\/uploads\/2014\/12\/pf10-197x146.png 197w, https:\/\/www.beitalhikma.tn\/wp-content\/uploads\/2014\/12\/pf10-50x37.png 50w, https:\/\/www.beitalhikma.tn\/wp-content\/uploads\/2014\/12\/pf10-80x60.png 80w, https:\/\/www.beitalhikma.tn\/wp-content\/uploads\/2014\/12\/pf10-108x80.png 108w\" sizes=\"auto, (max-width: 737px) 100vw, 737px\" \/><\/a><\/p>\n","protected":false},"excerpt":{"rendered":"<ul>\n<li><strong>Titre de l\u2019ouvrage :<\/strong> Lumi\u00e8res sur la culture chinoise<\/li>\n<li>Conf\u00e9rences donn\u00e9es au si\u00e8ge de l&#8217;Acad\u00e9mie par les professeurs Wang Keping et Yang Jian, membres de l&#8217;Acad\u00e9mie Chinoise des sciences sociales (5-6 avril 2009)<br \/>\n<strong>Langue :<\/strong> fran\u00e7ais<\/li>\n<li><strong>Date de parution :<\/strong> 2011<\/li>\n<li><strong>Format :<\/strong> 16&#215;24<\/li>\n<li><strong>ISBN :<\/strong> 9789973491213<\/li>\n<li><strong>Nombre de pages :<\/strong> 104<br \/>\n<strong>Th\u00e8me :<\/strong> histoire \/ civilisation<\/li>\n<li><strong>Poids :<\/strong>\u00a0200 gr<br \/>\n<b>Situation :\u00a0<\/b>disponible<\/li>\n<\/ul>\n","protected":false},"featured_media":6347,"template":"","meta":{"_uag_custom_page_level_css":""},"product_brand":[],"product_cat":[11],"product_tag":[],"class_list":{"0":"post-277","1":"product","2":"type-product","3":"status-publish","4":"has-post-thumbnail","6":"product_cat-livres-en-vente","8":"first","9":"instock","10":"sale","11":"shipping-taxable","12":"purchasable","13":"product-type-simple"},"yoast_head":"<!-- This site is optimized with the Yoast SEO plugin v27.3 - https:\/\/yoast.com\/product\/yoast-seo-wordpress\/ -->\n<title>Lumi\u00e8res sur la culture chinoise - Beit al-Hikma<\/title>\n<meta name=\"robots\" content=\"index, follow, max-snippet:-1, max-image-preview:large, max-video-preview:-1\" \/>\n<link rel=\"canonical\" href=\"https:\/\/www.beitalhikma.tn\/fr\/publication\/acces-boutique\/livres-en-vente\/lumieres-sur-la-culture-chinoise-2\/\" \/>\n<meta property=\"og:locale\" content=\"fr_FR\" \/>\n<meta property=\"og:type\" content=\"article\" \/>\n<meta property=\"og:title\" content=\"Lumi\u00e8res sur la culture chinoise - Beit al-Hikma\" \/>\n<meta property=\"og:description\" content=\"Titre de l\u2019ouvrage : Lumi\u00e8res sur la culture chinoise  Conf\u00e9rences donn\u00e9es au si\u00e8ge de l&#039;Acad\u00e9mie par les professeurs Wang Keping et Yang Jian, membres de l&#039;Acad\u00e9mie Chinoise des sciences sociales (5-6 avril 2009) Langue : fran\u00e7ais  Date de parution : 2011  Format : 16x24  ISBN : 9789973491213  Nombre de pages : 104 Th\u00e8me : histoire \/ civilisation  Poids :\u00a0200 gr Situation :\u00a0disponible\" \/>\n<meta property=\"og:url\" content=\"https:\/\/www.beitalhikma.tn\/fr\/publication\/acces-boutique\/livres-en-vente\/lumieres-sur-la-culture-chinoise-2\/\" \/>\n<meta property=\"og:site_name\" content=\"Beit al-Hikma\" \/>\n<meta property=\"article:publisher\" content=\"https:\/\/www.facebook.com\/BeitalhikmaTunisie\/\" \/>\n<meta property=\"article:modified_time\" content=\"2022-09-01T10:29:16+00:00\" \/>\n<meta property=\"og:image\" content=\"https:\/\/www.beitalhikma.tn\/wp-content\/uploads\/2014\/12\/sans-titre1.png\" \/>\n\t<meta property=\"og:image:width\" content=\"522\" \/>\n\t<meta property=\"og:image:height\" content=\"765\" \/>\n\t<meta property=\"og:image:type\" content=\"image\/png\" \/>\n<meta name=\"twitter:card\" content=\"summary_large_image\" \/>\n<meta name=\"twitter:site\" content=\"@Beit_alhikma_TN\" \/>\n<script type=\"application\/ld+json\" class=\"yoast-schema-graph\">{\"@context\":\"https:\\\/\\\/schema.org\",\"@graph\":[{\"@type\":\"WebPage\",\"@id\":\"https:\\\/\\\/www.beitalhikma.tn\\\/fr\\\/publication\\\/acces-boutique\\\/livres-en-vente\\\/lumieres-sur-la-culture-chinoise-2\\\/\",\"url\":\"https:\\\/\\\/www.beitalhikma.tn\\\/fr\\\/publication\\\/acces-boutique\\\/livres-en-vente\\\/lumieres-sur-la-culture-chinoise-2\\\/\",\"name\":\"Lumi\u00e8res sur la culture chinoise - Beit al-Hikma\",\"isPartOf\":{\"@id\":\"https:\\\/\\\/www.beitalhikma.tn\\\/#website\"},\"primaryImageOfPage\":{\"@id\":\"https:\\\/\\\/www.beitalhikma.tn\\\/fr\\\/publication\\\/acces-boutique\\\/livres-en-vente\\\/lumieres-sur-la-culture-chinoise-2\\\/#primaryimage\"},\"image\":{\"@id\":\"https:\\\/\\\/www.beitalhikma.tn\\\/fr\\\/publication\\\/acces-boutique\\\/livres-en-vente\\\/lumieres-sur-la-culture-chinoise-2\\\/#primaryimage\"},\"thumbnailUrl\":\"https:\\\/\\\/www.beitalhikma.tn\\\/wp-content\\\/uploads\\\/2014\\\/12\\\/sans-titre1.png\",\"datePublished\":\"2014-12-17T09:00:21+00:00\",\"dateModified\":\"2022-09-01T10:29:16+00:00\",\"breadcrumb\":{\"@id\":\"https:\\\/\\\/www.beitalhikma.tn\\\/fr\\\/publication\\\/acces-boutique\\\/livres-en-vente\\\/lumieres-sur-la-culture-chinoise-2\\\/#breadcrumb\"},\"inLanguage\":\"fr-FR\",\"potentialAction\":[{\"@type\":\"ReadAction\",\"target\":[\"https:\\\/\\\/www.beitalhikma.tn\\\/fr\\\/publication\\\/acces-boutique\\\/livres-en-vente\\\/lumieres-sur-la-culture-chinoise-2\\\/\"]}]},{\"@type\":\"ImageObject\",\"inLanguage\":\"fr-FR\",\"@id\":\"https:\\\/\\\/www.beitalhikma.tn\\\/fr\\\/publication\\\/acces-boutique\\\/livres-en-vente\\\/lumieres-sur-la-culture-chinoise-2\\\/#primaryimage\",\"url\":\"https:\\\/\\\/www.beitalhikma.tn\\\/wp-content\\\/uploads\\\/2014\\\/12\\\/sans-titre1.png\",\"contentUrl\":\"https:\\\/\\\/www.beitalhikma.tn\\\/wp-content\\\/uploads\\\/2014\\\/12\\\/sans-titre1.png\",\"width\":522,\"height\":765},{\"@type\":\"BreadcrumbList\",\"@id\":\"https:\\\/\\\/www.beitalhikma.tn\\\/fr\\\/publication\\\/acces-boutique\\\/livres-en-vente\\\/lumieres-sur-la-culture-chinoise-2\\\/#breadcrumb\",\"itemListElement\":[{\"@type\":\"ListItem\",\"position\":1,\"name\":\"Accueil\",\"item\":\"https:\\\/\\\/www.beitalhikma.tn\\\/fr\\\/\"},{\"@type\":\"ListItem\",\"position\":2,\"name\":\"Boutique\",\"item\":\"https:\\\/\\\/www.beitalhikma.tn\\\/fr\\\/boutique\\\/\"},{\"@type\":\"ListItem\",\"position\":3,\"name\":\"Lumi\u00e8res sur la culture chinoise\"}]},{\"@type\":\"WebSite\",\"@id\":\"https:\\\/\\\/www.beitalhikma.tn\\\/#website\",\"url\":\"https:\\\/\\\/www.beitalhikma.tn\\\/\",\"name\":\"Beit al-Hikma\",\"description\":\"L&#039;Acad\u00e9mie Tunisienne des Sciences, des Lettres  et des Arts\",\"publisher\":{\"@id\":\"https:\\\/\\\/www.beitalhikma.tn\\\/#organization\"},\"potentialAction\":[{\"@type\":\"SearchAction\",\"target\":{\"@type\":\"EntryPoint\",\"urlTemplate\":\"https:\\\/\\\/www.beitalhikma.tn\\\/?s={search_term_string}\"},\"query-input\":{\"@type\":\"PropertyValueSpecification\",\"valueRequired\":true,\"valueName\":\"search_term_string\"}}],\"inLanguage\":\"fr-FR\"},{\"@type\":\"Organization\",\"@id\":\"https:\\\/\\\/www.beitalhikma.tn\\\/#organization\",\"name\":\"Beit Al Hikma\",\"url\":\"https:\\\/\\\/www.beitalhikma.tn\\\/\",\"logo\":{\"@type\":\"ImageObject\",\"inLanguage\":\"fr-FR\",\"@id\":\"https:\\\/\\\/www.beitalhikma.tn\\\/#\\\/schema\\\/logo\\\/image\\\/\",\"url\":\"https:\\\/\\\/www.beitalhikma.tn\\\/wp-content\\\/uploads\\\/2014\\\/11\\\/logo.png\",\"contentUrl\":\"https:\\\/\\\/www.beitalhikma.tn\\\/wp-content\\\/uploads\\\/2014\\\/11\\\/logo.png\",\"width\":288,\"height\":109,\"caption\":\"Beit Al Hikma\"},\"image\":{\"@id\":\"https:\\\/\\\/www.beitalhikma.tn\\\/#\\\/schema\\\/logo\\\/image\\\/\"},\"sameAs\":[\"https:\\\/\\\/www.facebook.com\\\/BeitalhikmaTunisie\\\/\",\"https:\\\/\\\/x.com\\\/Beit_alhikma_TN\",\"https:\\\/\\\/www.youtube.com\\\/channel\\\/UCl8EfDXqt5MFfcEY0UYhevg\"]}]}<\/script>\n<!-- \/ Yoast SEO plugin. -->","yoast_head_json":{"title":"Lumi\u00e8res sur la culture chinoise - Beit al-Hikma","robots":{"index":"index","follow":"follow","max-snippet":"max-snippet:-1","max-image-preview":"max-image-preview:large","max-video-preview":"max-video-preview:-1"},"canonical":"https:\/\/www.beitalhikma.tn\/fr\/publication\/acces-boutique\/livres-en-vente\/lumieres-sur-la-culture-chinoise-2\/","og_locale":"fr_FR","og_type":"article","og_title":"Lumi\u00e8res sur la culture chinoise - Beit al-Hikma","og_description":"Titre de l\u2019ouvrage : Lumi\u00e8res sur la culture chinoise  Conf\u00e9rences donn\u00e9es au si\u00e8ge de l'Acad\u00e9mie par les professeurs Wang Keping et Yang Jian, membres de l'Acad\u00e9mie Chinoise des sciences sociales (5-6 avril 2009) Langue : fran\u00e7ais  Date de parution : 2011  Format : 16x24  ISBN : 9789973491213  Nombre de pages : 104 Th\u00e8me : histoire \/ civilisation  Poids :\u00a0200 gr Situation :\u00a0disponible","og_url":"https:\/\/www.beitalhikma.tn\/fr\/publication\/acces-boutique\/livres-en-vente\/lumieres-sur-la-culture-chinoise-2\/","og_site_name":"Beit al-Hikma","article_publisher":"https:\/\/www.facebook.com\/BeitalhikmaTunisie\/","article_modified_time":"2022-09-01T10:29:16+00:00","og_image":[{"width":522,"height":765,"url":"https:\/\/www.beitalhikma.tn\/wp-content\/uploads\/2014\/12\/sans-titre1.png","type":"image\/png"}],"twitter_card":"summary_large_image","twitter_site":"@Beit_alhikma_TN","schema":{"@context":"https:\/\/schema.org","@graph":[{"@type":"WebPage","@id":"https:\/\/www.beitalhikma.tn\/fr\/publication\/acces-boutique\/livres-en-vente\/lumieres-sur-la-culture-chinoise-2\/","url":"https:\/\/www.beitalhikma.tn\/fr\/publication\/acces-boutique\/livres-en-vente\/lumieres-sur-la-culture-chinoise-2\/","name":"Lumi\u00e8res sur la culture chinoise - Beit al-Hikma","isPartOf":{"@id":"https:\/\/www.beitalhikma.tn\/#website"},"primaryImageOfPage":{"@id":"https:\/\/www.beitalhikma.tn\/fr\/publication\/acces-boutique\/livres-en-vente\/lumieres-sur-la-culture-chinoise-2\/#primaryimage"},"image":{"@id":"https:\/\/www.beitalhikma.tn\/fr\/publication\/acces-boutique\/livres-en-vente\/lumieres-sur-la-culture-chinoise-2\/#primaryimage"},"thumbnailUrl":"https:\/\/www.beitalhikma.tn\/wp-content\/uploads\/2014\/12\/sans-titre1.png","datePublished":"2014-12-17T09:00:21+00:00","dateModified":"2022-09-01T10:29:16+00:00","breadcrumb":{"@id":"https:\/\/www.beitalhikma.tn\/fr\/publication\/acces-boutique\/livres-en-vente\/lumieres-sur-la-culture-chinoise-2\/#breadcrumb"},"inLanguage":"fr-FR","potentialAction":[{"@type":"ReadAction","target":["https:\/\/www.beitalhikma.tn\/fr\/publication\/acces-boutique\/livres-en-vente\/lumieres-sur-la-culture-chinoise-2\/"]}]},{"@type":"ImageObject","inLanguage":"fr-FR","@id":"https:\/\/www.beitalhikma.tn\/fr\/publication\/acces-boutique\/livres-en-vente\/lumieres-sur-la-culture-chinoise-2\/#primaryimage","url":"https:\/\/www.beitalhikma.tn\/wp-content\/uploads\/2014\/12\/sans-titre1.png","contentUrl":"https:\/\/www.beitalhikma.tn\/wp-content\/uploads\/2014\/12\/sans-titre1.png","width":522,"height":765},{"@type":"BreadcrumbList","@id":"https:\/\/www.beitalhikma.tn\/fr\/publication\/acces-boutique\/livres-en-vente\/lumieres-sur-la-culture-chinoise-2\/#breadcrumb","itemListElement":[{"@type":"ListItem","position":1,"name":"Accueil","item":"https:\/\/www.beitalhikma.tn\/fr\/"},{"@type":"ListItem","position":2,"name":"Boutique","item":"https:\/\/www.beitalhikma.tn\/fr\/boutique\/"},{"@type":"ListItem","position":3,"name":"Lumi\u00e8res sur la culture chinoise"}]},{"@type":"WebSite","@id":"https:\/\/www.beitalhikma.tn\/#website","url":"https:\/\/www.beitalhikma.tn\/","name":"Beit al-Hikma","description":"L&#039;Acad\u00e9mie Tunisienne des Sciences, des Lettres  et des Arts","publisher":{"@id":"https:\/\/www.beitalhikma.tn\/#organization"},"potentialAction":[{"@type":"SearchAction","target":{"@type":"EntryPoint","urlTemplate":"https:\/\/www.beitalhikma.tn\/?s={search_term_string}"},"query-input":{"@type":"PropertyValueSpecification","valueRequired":true,"valueName":"search_term_string"}}],"inLanguage":"fr-FR"},{"@type":"Organization","@id":"https:\/\/www.beitalhikma.tn\/#organization","name":"Beit Al Hikma","url":"https:\/\/www.beitalhikma.tn\/","logo":{"@type":"ImageObject","inLanguage":"fr-FR","@id":"https:\/\/www.beitalhikma.tn\/#\/schema\/logo\/image\/","url":"https:\/\/www.beitalhikma.tn\/wp-content\/uploads\/2014\/11\/logo.png","contentUrl":"https:\/\/www.beitalhikma.tn\/wp-content\/uploads\/2014\/11\/logo.png","width":288,"height":109,"caption":"Beit Al Hikma"},"image":{"@id":"https:\/\/www.beitalhikma.tn\/#\/schema\/logo\/image\/"},"sameAs":["https:\/\/www.facebook.com\/BeitalhikmaTunisie\/","https:\/\/x.com\/Beit_alhikma_TN","https:\/\/www.youtube.com\/channel\/UCl8EfDXqt5MFfcEY0UYhevg"]}]}},"uagb_featured_image_src":{"full":["https:\/\/www.beitalhikma.tn\/wp-content\/uploads\/2014\/12\/sans-titre1.png",522,765,false],"thumbnail":["https:\/\/www.beitalhikma.tn\/wp-content\/uploads\/2014\/12\/sans-titre1-250x300.png",250,300,true],"medium":["https:\/\/www.beitalhikma.tn\/wp-content\/uploads\/2014\/12\/sans-titre1-205x300.png",205,300,true],"medium_large":["https:\/\/www.beitalhikma.tn\/wp-content\/uploads\/2014\/12\/sans-titre1.png",522,765,false],"large":["https:\/\/www.beitalhikma.tn\/wp-content\/uploads\/2014\/12\/sans-titre1.png",522,765,false],"thumblist":["https:\/\/www.beitalhikma.tn\/wp-content\/uploads\/2014\/12\/sans-titre1.png",205,300,false],"meccarouselthumb":["https:\/\/www.beitalhikma.tn\/wp-content\/uploads\/2014\/12\/sans-titre1.png",221,324,false],"gridsquare":["https:\/\/www.beitalhikma.tn\/wp-content\/uploads\/2014\/12\/sans-titre1.png",177,260,false],"tileview":["https:\/\/www.beitalhikma.tn\/wp-content\/uploads\/2014\/12\/sans-titre1.png",273,400,false],"1536x1536":["https:\/\/www.beitalhikma.tn\/wp-content\/uploads\/2014\/12\/sans-titre1.png",522,765,false],"2048x2048":["https:\/\/www.beitalhikma.tn\/wp-content\/uploads\/2014\/12\/sans-titre1.png",522,765,false],"post-thumbnail":["https:\/\/www.beitalhikma.tn\/wp-content\/uploads\/2014\/12\/sans-titre1-100x146.png",100,146,true],"50x50":["https:\/\/www.beitalhikma.tn\/wp-content\/uploads\/2014\/12\/sans-titre1-34x50.png",34,50,true],"portfolio-list":["https:\/\/www.beitalhikma.tn\/wp-content\/uploads\/2014\/12\/sans-titre1-522x400.png",522,400,true],"portfolio-fs":["https:\/\/www.beitalhikma.tn\/wp-content\/uploads\/2014\/12\/sans-titre1-522x543.png",522,543,true],"portfolio-slider":["https:\/\/www.beitalhikma.tn\/wp-content\/uploads\/2014\/12\/sans-titre1-380x380.png",380,380,true],"blog":["https:\/\/www.beitalhikma.tn\/wp-content\/uploads\/2014\/12\/sans-titre1-522x341.png",522,341,true],"blog-single":["https:\/\/www.beitalhikma.tn\/wp-content\/uploads\/2014\/12\/sans-titre1-522x445.png",522,445,true],"blog-item":["https:\/\/www.beitalhikma.tn\/wp-content\/uploads\/2014\/12\/sans-titre1-504x224.png",504,224,true],"blog-widget":["https:\/\/www.beitalhikma.tn\/wp-content\/uploads\/2014\/12\/sans-titre1-80x60.png",80,60,true],"features":["https:\/\/www.beitalhikma.tn\/wp-content\/uploads\/2014\/12\/sans-titre1-90x90.png",90,90,true],"clients-slider":["https:\/\/www.beitalhikma.tn\/wp-content\/uploads\/2014\/12\/sans-titre1-55x80.png",55,80,true],"offer-slider":["https:\/\/www.beitalhikma.tn\/wp-content\/uploads\/2014\/12\/sans-titre1-522x438.png",522,438,true],"offer-slider-pg":["https:\/\/www.beitalhikma.tn\/wp-content\/uploads\/2014\/12\/sans-titre1-42x42.png",42,42,true],"woocommerce_thumbnail":["https:\/\/www.beitalhikma.tn\/wp-content\/uploads\/2014\/12\/sans-titre1-250x300.png",250,300,true],"woocommerce_single":["https:\/\/www.beitalhikma.tn\/wp-content\/uploads\/2014\/12\/sans-titre1-250x366.png",250,366,true],"woocommerce_gallery_thumbnail":["https:\/\/www.beitalhikma.tn\/wp-content\/uploads\/2014\/12\/sans-titre1-100x100.png",100,100,true]},"uagb_author_info":{"display_name":"admin","author_link":"https:\/\/www.beitalhikma.tn\/fr\/author\/"},"uagb_comment_info":0,"uagb_excerpt":"Titre de l\u2019ouvrage : Lumi\u00e8res sur la culture chinoise Conf\u00e9rences donn\u00e9es au si\u00e8ge de l'Acad\u00e9mie par les professeurs Wang Keping et Yang Jian, membres de l'Acad\u00e9mie Chinoise des sciences sociales (5-6 avril 2009) Langue : fran\u00e7ais Date de parution : 2011 Format : 16x24 ISBN : 9789973491213 Nombre de pages : 104 Th\u00e8me : histoire\u2026","_links":{"self":[{"href":"https:\/\/www.beitalhikma.tn\/fr\/wp-json\/wp\/v2\/product\/277","targetHints":{"allow":["GET"]}}],"collection":[{"href":"https:\/\/www.beitalhikma.tn\/fr\/wp-json\/wp\/v2\/product"}],"about":[{"href":"https:\/\/www.beitalhikma.tn\/fr\/wp-json\/wp\/v2\/types\/product"}],"wp:featuredmedia":[{"embeddable":true,"href":"https:\/\/www.beitalhikma.tn\/fr\/wp-json\/wp\/v2\/media\/6347"}],"wp:attachment":[{"href":"https:\/\/www.beitalhikma.tn\/fr\/wp-json\/wp\/v2\/media?parent=277"}],"wp:term":[{"taxonomy":"product_brand","embeddable":true,"href":"https:\/\/www.beitalhikma.tn\/fr\/wp-json\/wp\/v2\/product_brand?post=277"},{"taxonomy":"product_cat","embeddable":true,"href":"https:\/\/www.beitalhikma.tn\/fr\/wp-json\/wp\/v2\/product_cat?post=277"},{"taxonomy":"product_tag","embeddable":true,"href":"https:\/\/www.beitalhikma.tn\/fr\/wp-json\/wp\/v2\/product_tag?post=277"}],"curies":[{"name":"wp","href":"https:\/\/api.w.org\/{rel}","templated":true}]}}