{"id":281,"date":"2014-12-17T10:04:38","date_gmt":"2014-12-17T09:04:38","guid":{"rendered":"http:\/\/www.beitalhikma.tn\/?post_type=product&#038;p=281"},"modified":"2022-09-01T12:52:11","modified_gmt":"2022-09-01T11:52:11","slug":"moufdi-zakaria-poete-de-lunite-du-grand-maghreb","status":"publish","type":"product","link":"https:\/\/www.beitalhikma.tn\/fr\/publication\/acces-boutique\/livres-en-vente\/moufdi-zakaria-poete-de-lunite-du-grand-maghreb\/","title":{"rendered":"Moufdi Zakaria po\u00e8te de l\u2019unit\u00e9 du Grand Maghreb"},"content":{"rendered":"<p><a href=\"http:\/\/www.beitalhikma.tn\/wp-content\/uploads\/2014\/12\/pf13.png\"><img loading=\"lazy\" decoding=\"async\" class=\"aligncenter size-full wp-image-6410\" src=\"http:\/\/www.beitalhikma.tn\/wp-content\/uploads\/2014\/12\/pf13.png\" alt=\"pf1\" width=\"723\" height=\"554\" srcset=\"https:\/\/www.beitalhikma.tn\/wp-content\/uploads\/2014\/12\/pf13.png 723w, https:\/\/www.beitalhikma.tn\/wp-content\/uploads\/2014\/12\/pf13-250x192.png 250w, https:\/\/www.beitalhikma.tn\/wp-content\/uploads\/2014\/12\/pf13-300x230.png 300w, https:\/\/www.beitalhikma.tn\/wp-content\/uploads\/2014\/12\/pf13-191x146.png 191w, https:\/\/www.beitalhikma.tn\/wp-content\/uploads\/2014\/12\/pf13-50x38.png 50w, https:\/\/www.beitalhikma.tn\/wp-content\/uploads\/2014\/12\/pf13-80x60.png 80w, https:\/\/www.beitalhikma.tn\/wp-content\/uploads\/2014\/12\/pf13-104x80.png 104w\" sizes=\"auto, (max-width: 723px) 100vw, 723px\" \/><\/a><a href=\"http:\/\/www.beitalhikma.tn\/wp-content\/uploads\/2014\/12\/pf22.png\"><img loading=\"lazy\" decoding=\"async\" class=\"aligncenter size-full wp-image-6413\" src=\"http:\/\/www.beitalhikma.tn\/wp-content\/uploads\/2014\/12\/pf22.png\" alt=\"pf2\" width=\"748\" height=\"393\" srcset=\"https:\/\/www.beitalhikma.tn\/wp-content\/uploads\/2014\/12\/pf22.png 748w, https:\/\/www.beitalhikma.tn\/wp-content\/uploads\/2014\/12\/pf22-250x131.png 250w, https:\/\/www.beitalhikma.tn\/wp-content\/uploads\/2014\/12\/pf22-300x158.png 300w, https:\/\/www.beitalhikma.tn\/wp-content\/uploads\/2014\/12\/pf22-260x137.png 260w, https:\/\/www.beitalhikma.tn\/wp-content\/uploads\/2014\/12\/pf22-50x26.png 50w, https:\/\/www.beitalhikma.tn\/wp-content\/uploads\/2014\/12\/pf22-152x80.png 152w\" sizes=\"auto, (max-width: 748px) 100vw, 748px\" \/><\/a><\/p>\n","protected":false},"excerpt":{"rendered":"<ul>\n<li><strong>Titre de l\u2019ouvrage :<\/strong> Moufdi Zakaria po\u00e8te de l&#8217;unit\u00e9 du Grand Maghreb<\/li>\n<li>Actes de la journ\u00e9e d&#8217;\u00e9tude organis\u00e9e par l&#8217;Acad\u00e9mie tunisienne Be\u00eft al-Hikma, le 13 janvier 2010<br \/>\n<strong>Auteur :<\/strong> ouvrage collectif<br \/>\n<strong>Langue :<\/strong>\u00a0arabe<\/li>\n<li><strong>Date de parution :<\/strong> 2011<\/li>\n<li><strong>Format :<\/strong> 16&#215;24<\/li>\n<li><strong>ISBN :<\/strong> 9789973491190<\/li>\n<li><strong>Nombre de pages :<\/strong> 183<br \/>\n<strong>Th\u00e8me :<\/strong> litt\u00e9rature<\/li>\n<li><strong>Poids :<\/strong> 300 gr<br \/>\n<b>Situation :\u00a0<\/b>disponible<\/li>\n<\/ul>\n","protected":false},"featured_media":6416,"template":"","meta":{"_uag_custom_page_level_css":""},"product_brand":[],"product_cat":[11],"product_tag":[],"class_list":{"0":"post-281","1":"product","2":"type-product","3":"status-publish","4":"has-post-thumbnail","6":"product_cat-livres-en-vente","8":"first","9":"instock","10":"sale","11":"shipping-taxable","12":"purchasable","13":"product-type-simple"},"yoast_head":"<!-- This site is optimized with the Yoast SEO plugin v27.4 - https:\/\/yoast.com\/product\/yoast-seo-wordpress\/ -->\n<title>Moufdi Zakaria po\u00e8te de l\u2019unit\u00e9 du Grand Maghreb - Beit al-Hikma<\/title>\n<meta name=\"robots\" content=\"index, follow, max-snippet:-1, max-image-preview:large, max-video-preview:-1\" \/>\n<link rel=\"canonical\" href=\"https:\/\/www.beitalhikma.tn\/fr\/publication\/acces-boutique\/livres-en-vente\/moufdi-zakaria-poete-de-lunite-du-grand-maghreb\/\" \/>\n<meta property=\"og:locale\" content=\"fr_FR\" \/>\n<meta property=\"og:type\" content=\"article\" \/>\n<meta property=\"og:title\" content=\"Moufdi Zakaria po\u00e8te de l\u2019unit\u00e9 du Grand Maghreb - Beit al-Hikma\" \/>\n<meta property=\"og:description\" content=\"Titre de l\u2019ouvrage : Moufdi Zakaria po\u00e8te de l&#039;unit\u00e9 du Grand Maghreb  Actes de la journ\u00e9e d&#039;\u00e9tude organis\u00e9e par l&#039;Acad\u00e9mie tunisienne Be\u00eft al-Hikma, le 13 janvier 2010 Auteur : ouvrage collectif Langue :\u00a0arabe  Date de parution : 2011  Format : 16x24  ISBN : 9789973491190  Nombre de pages : 183 Th\u00e8me : litt\u00e9rature  Poids : 300 gr Situation :\u00a0disponible\" \/>\n<meta property=\"og:url\" content=\"https:\/\/www.beitalhikma.tn\/fr\/publication\/acces-boutique\/livres-en-vente\/moufdi-zakaria-poete-de-lunite-du-grand-maghreb\/\" \/>\n<meta property=\"og:site_name\" content=\"Beit al-Hikma\" \/>\n<meta property=\"article:publisher\" content=\"https:\/\/www.facebook.com\/BeitalhikmaTunisie\/\" \/>\n<meta property=\"article:modified_time\" content=\"2022-09-01T11:52:11+00:00\" \/>\n<meta property=\"og:image\" content=\"https:\/\/www.beitalhikma.tn\/wp-content\/uploads\/2014\/12\/sans-titre2.png\" \/>\n\t<meta property=\"og:image:width\" content=\"526\" \/>\n\t<meta property=\"og:image:height\" content=\"798\" \/>\n\t<meta property=\"og:image:type\" content=\"image\/png\" \/>\n<meta name=\"twitter:card\" content=\"summary_large_image\" \/>\n<meta name=\"twitter:site\" content=\"@Beit_alhikma_TN\" \/>\n<script type=\"application\/ld+json\" class=\"yoast-schema-graph\">{\"@context\":\"https:\\\/\\\/schema.org\",\"@graph\":[{\"@type\":\"WebPage\",\"@id\":\"https:\\\/\\\/www.beitalhikma.tn\\\/fr\\\/publication\\\/acces-boutique\\\/livres-en-vente\\\/moufdi-zakaria-poete-de-lunite-du-grand-maghreb\\\/\",\"url\":\"https:\\\/\\\/www.beitalhikma.tn\\\/fr\\\/publication\\\/acces-boutique\\\/livres-en-vente\\\/moufdi-zakaria-poete-de-lunite-du-grand-maghreb\\\/\",\"name\":\"Moufdi Zakaria po\u00e8te de l\u2019unit\u00e9 du Grand Maghreb - Beit al-Hikma\",\"isPartOf\":{\"@id\":\"https:\\\/\\\/www.beitalhikma.tn\\\/#website\"},\"primaryImageOfPage\":{\"@id\":\"https:\\\/\\\/www.beitalhikma.tn\\\/fr\\\/publication\\\/acces-boutique\\\/livres-en-vente\\\/moufdi-zakaria-poete-de-lunite-du-grand-maghreb\\\/#primaryimage\"},\"image\":{\"@id\":\"https:\\\/\\\/www.beitalhikma.tn\\\/fr\\\/publication\\\/acces-boutique\\\/livres-en-vente\\\/moufdi-zakaria-poete-de-lunite-du-grand-maghreb\\\/#primaryimage\"},\"thumbnailUrl\":\"https:\\\/\\\/www.beitalhikma.tn\\\/wp-content\\\/uploads\\\/2014\\\/12\\\/sans-titre2.png\",\"datePublished\":\"2014-12-17T09:04:38+00:00\",\"dateModified\":\"2022-09-01T11:52:11+00:00\",\"breadcrumb\":{\"@id\":\"https:\\\/\\\/www.beitalhikma.tn\\\/fr\\\/publication\\\/acces-boutique\\\/livres-en-vente\\\/moufdi-zakaria-poete-de-lunite-du-grand-maghreb\\\/#breadcrumb\"},\"inLanguage\":\"fr-FR\",\"potentialAction\":[{\"@type\":\"ReadAction\",\"target\":[\"https:\\\/\\\/www.beitalhikma.tn\\\/fr\\\/publication\\\/acces-boutique\\\/livres-en-vente\\\/moufdi-zakaria-poete-de-lunite-du-grand-maghreb\\\/\"]}]},{\"@type\":\"ImageObject\",\"inLanguage\":\"fr-FR\",\"@id\":\"https:\\\/\\\/www.beitalhikma.tn\\\/fr\\\/publication\\\/acces-boutique\\\/livres-en-vente\\\/moufdi-zakaria-poete-de-lunite-du-grand-maghreb\\\/#primaryimage\",\"url\":\"https:\\\/\\\/www.beitalhikma.tn\\\/wp-content\\\/uploads\\\/2014\\\/12\\\/sans-titre2.png\",\"contentUrl\":\"https:\\\/\\\/www.beitalhikma.tn\\\/wp-content\\\/uploads\\\/2014\\\/12\\\/sans-titre2.png\",\"width\":526,\"height\":798},{\"@type\":\"BreadcrumbList\",\"@id\":\"https:\\\/\\\/www.beitalhikma.tn\\\/fr\\\/publication\\\/acces-boutique\\\/livres-en-vente\\\/moufdi-zakaria-poete-de-lunite-du-grand-maghreb\\\/#breadcrumb\",\"itemListElement\":[{\"@type\":\"ListItem\",\"position\":1,\"name\":\"Accueil\",\"item\":\"https:\\\/\\\/www.beitalhikma.tn\\\/fr\\\/\"},{\"@type\":\"ListItem\",\"position\":2,\"name\":\"Boutique\",\"item\":\"https:\\\/\\\/www.beitalhikma.tn\\\/fr\\\/boutique\\\/\"},{\"@type\":\"ListItem\",\"position\":3,\"name\":\"Moufdi Zakaria po\u00e8te de l\u2019unit\u00e9 du Grand Maghreb\"}]},{\"@type\":\"WebSite\",\"@id\":\"https:\\\/\\\/www.beitalhikma.tn\\\/#website\",\"url\":\"https:\\\/\\\/www.beitalhikma.tn\\\/\",\"name\":\"Beit al-Hikma\",\"description\":\"L&#039;Acad\u00e9mie Tunisienne des Sciences, des Lettres  et des Arts\",\"publisher\":{\"@id\":\"https:\\\/\\\/www.beitalhikma.tn\\\/#organization\"},\"potentialAction\":[{\"@type\":\"SearchAction\",\"target\":{\"@type\":\"EntryPoint\",\"urlTemplate\":\"https:\\\/\\\/www.beitalhikma.tn\\\/?s={search_term_string}\"},\"query-input\":{\"@type\":\"PropertyValueSpecification\",\"valueRequired\":true,\"valueName\":\"search_term_string\"}}],\"inLanguage\":\"fr-FR\"},{\"@type\":\"Organization\",\"@id\":\"https:\\\/\\\/www.beitalhikma.tn\\\/#organization\",\"name\":\"Beit Al Hikma\",\"url\":\"https:\\\/\\\/www.beitalhikma.tn\\\/\",\"logo\":{\"@type\":\"ImageObject\",\"inLanguage\":\"fr-FR\",\"@id\":\"https:\\\/\\\/www.beitalhikma.tn\\\/#\\\/schema\\\/logo\\\/image\\\/\",\"url\":\"https:\\\/\\\/www.beitalhikma.tn\\\/wp-content\\\/uploads\\\/2014\\\/11\\\/logo.png\",\"contentUrl\":\"https:\\\/\\\/www.beitalhikma.tn\\\/wp-content\\\/uploads\\\/2014\\\/11\\\/logo.png\",\"width\":288,\"height\":109,\"caption\":\"Beit Al Hikma\"},\"image\":{\"@id\":\"https:\\\/\\\/www.beitalhikma.tn\\\/#\\\/schema\\\/logo\\\/image\\\/\"},\"sameAs\":[\"https:\\\/\\\/www.facebook.com\\\/BeitalhikmaTunisie\\\/\",\"https:\\\/\\\/x.com\\\/Beit_alhikma_TN\",\"https:\\\/\\\/www.youtube.com\\\/channel\\\/UCl8EfDXqt5MFfcEY0UYhevg\"]}]}<\/script>\n<!-- \/ Yoast SEO plugin. -->","yoast_head_json":{"title":"Moufdi Zakaria po\u00e8te de l\u2019unit\u00e9 du Grand Maghreb - Beit al-Hikma","robots":{"index":"index","follow":"follow","max-snippet":"max-snippet:-1","max-image-preview":"max-image-preview:large","max-video-preview":"max-video-preview:-1"},"canonical":"https:\/\/www.beitalhikma.tn\/fr\/publication\/acces-boutique\/livres-en-vente\/moufdi-zakaria-poete-de-lunite-du-grand-maghreb\/","og_locale":"fr_FR","og_type":"article","og_title":"Moufdi Zakaria po\u00e8te de l\u2019unit\u00e9 du Grand Maghreb - Beit al-Hikma","og_description":"Titre de l\u2019ouvrage : Moufdi Zakaria po\u00e8te de l'unit\u00e9 du Grand Maghreb  Actes de la journ\u00e9e d'\u00e9tude organis\u00e9e par l'Acad\u00e9mie tunisienne Be\u00eft al-Hikma, le 13 janvier 2010 Auteur : ouvrage collectif Langue :\u00a0arabe  Date de parution : 2011  Format : 16x24  ISBN : 9789973491190  Nombre de pages : 183 Th\u00e8me : litt\u00e9rature  Poids : 300 gr Situation :\u00a0disponible","og_url":"https:\/\/www.beitalhikma.tn\/fr\/publication\/acces-boutique\/livres-en-vente\/moufdi-zakaria-poete-de-lunite-du-grand-maghreb\/","og_site_name":"Beit al-Hikma","article_publisher":"https:\/\/www.facebook.com\/BeitalhikmaTunisie\/","article_modified_time":"2022-09-01T11:52:11+00:00","og_image":[{"width":526,"height":798,"url":"https:\/\/www.beitalhikma.tn\/wp-content\/uploads\/2014\/12\/sans-titre2.png","type":"image\/png"}],"twitter_card":"summary_large_image","twitter_site":"@Beit_alhikma_TN","schema":{"@context":"https:\/\/schema.org","@graph":[{"@type":"WebPage","@id":"https:\/\/www.beitalhikma.tn\/fr\/publication\/acces-boutique\/livres-en-vente\/moufdi-zakaria-poete-de-lunite-du-grand-maghreb\/","url":"https:\/\/www.beitalhikma.tn\/fr\/publication\/acces-boutique\/livres-en-vente\/moufdi-zakaria-poete-de-lunite-du-grand-maghreb\/","name":"Moufdi Zakaria po\u00e8te de l\u2019unit\u00e9 du Grand Maghreb - Beit al-Hikma","isPartOf":{"@id":"https:\/\/www.beitalhikma.tn\/#website"},"primaryImageOfPage":{"@id":"https:\/\/www.beitalhikma.tn\/fr\/publication\/acces-boutique\/livres-en-vente\/moufdi-zakaria-poete-de-lunite-du-grand-maghreb\/#primaryimage"},"image":{"@id":"https:\/\/www.beitalhikma.tn\/fr\/publication\/acces-boutique\/livres-en-vente\/moufdi-zakaria-poete-de-lunite-du-grand-maghreb\/#primaryimage"},"thumbnailUrl":"https:\/\/www.beitalhikma.tn\/wp-content\/uploads\/2014\/12\/sans-titre2.png","datePublished":"2014-12-17T09:04:38+00:00","dateModified":"2022-09-01T11:52:11+00:00","breadcrumb":{"@id":"https:\/\/www.beitalhikma.tn\/fr\/publication\/acces-boutique\/livres-en-vente\/moufdi-zakaria-poete-de-lunite-du-grand-maghreb\/#breadcrumb"},"inLanguage":"fr-FR","potentialAction":[{"@type":"ReadAction","target":["https:\/\/www.beitalhikma.tn\/fr\/publication\/acces-boutique\/livres-en-vente\/moufdi-zakaria-poete-de-lunite-du-grand-maghreb\/"]}]},{"@type":"ImageObject","inLanguage":"fr-FR","@id":"https:\/\/www.beitalhikma.tn\/fr\/publication\/acces-boutique\/livres-en-vente\/moufdi-zakaria-poete-de-lunite-du-grand-maghreb\/#primaryimage","url":"https:\/\/www.beitalhikma.tn\/wp-content\/uploads\/2014\/12\/sans-titre2.png","contentUrl":"https:\/\/www.beitalhikma.tn\/wp-content\/uploads\/2014\/12\/sans-titre2.png","width":526,"height":798},{"@type":"BreadcrumbList","@id":"https:\/\/www.beitalhikma.tn\/fr\/publication\/acces-boutique\/livres-en-vente\/moufdi-zakaria-poete-de-lunite-du-grand-maghreb\/#breadcrumb","itemListElement":[{"@type":"ListItem","position":1,"name":"Accueil","item":"https:\/\/www.beitalhikma.tn\/fr\/"},{"@type":"ListItem","position":2,"name":"Boutique","item":"https:\/\/www.beitalhikma.tn\/fr\/boutique\/"},{"@type":"ListItem","position":3,"name":"Moufdi Zakaria po\u00e8te de l\u2019unit\u00e9 du Grand Maghreb"}]},{"@type":"WebSite","@id":"https:\/\/www.beitalhikma.tn\/#website","url":"https:\/\/www.beitalhikma.tn\/","name":"Beit al-Hikma","description":"L&#039;Acad\u00e9mie Tunisienne des Sciences, des Lettres  et des Arts","publisher":{"@id":"https:\/\/www.beitalhikma.tn\/#organization"},"potentialAction":[{"@type":"SearchAction","target":{"@type":"EntryPoint","urlTemplate":"https:\/\/www.beitalhikma.tn\/?s={search_term_string}"},"query-input":{"@type":"PropertyValueSpecification","valueRequired":true,"valueName":"search_term_string"}}],"inLanguage":"fr-FR"},{"@type":"Organization","@id":"https:\/\/www.beitalhikma.tn\/#organization","name":"Beit Al Hikma","url":"https:\/\/www.beitalhikma.tn\/","logo":{"@type":"ImageObject","inLanguage":"fr-FR","@id":"https:\/\/www.beitalhikma.tn\/#\/schema\/logo\/image\/","url":"https:\/\/www.beitalhikma.tn\/wp-content\/uploads\/2014\/11\/logo.png","contentUrl":"https:\/\/www.beitalhikma.tn\/wp-content\/uploads\/2014\/11\/logo.png","width":288,"height":109,"caption":"Beit Al Hikma"},"image":{"@id":"https:\/\/www.beitalhikma.tn\/#\/schema\/logo\/image\/"},"sameAs":["https:\/\/www.facebook.com\/BeitalhikmaTunisie\/","https:\/\/x.com\/Beit_alhikma_TN","https:\/\/www.youtube.com\/channel\/UCl8EfDXqt5MFfcEY0UYhevg"]}]}},"uagb_featured_image_src":{"full":["https:\/\/www.beitalhikma.tn\/wp-content\/uploads\/2014\/12\/sans-titre2.png",526,798,false],"thumbnail":["https:\/\/www.beitalhikma.tn\/wp-content\/uploads\/2014\/12\/sans-titre2-250x300.png",250,300,true],"medium":["https:\/\/www.beitalhikma.tn\/wp-content\/uploads\/2014\/12\/sans-titre2-198x300.png",198,300,true],"medium_large":["https:\/\/www.beitalhikma.tn\/wp-content\/uploads\/2014\/12\/sans-titre2.png",526,798,false],"large":["https:\/\/www.beitalhikma.tn\/wp-content\/uploads\/2014\/12\/sans-titre2.png",526,798,false],"thumblist":["https:\/\/www.beitalhikma.tn\/wp-content\/uploads\/2014\/12\/sans-titre2.png",198,300,false],"meccarouselthumb":["https:\/\/www.beitalhikma.tn\/wp-content\/uploads\/2014\/12\/sans-titre2.png",214,324,false],"gridsquare":["https:\/\/www.beitalhikma.tn\/wp-content\/uploads\/2014\/12\/sans-titre2.png",171,260,false],"tileview":["https:\/\/www.beitalhikma.tn\/wp-content\/uploads\/2014\/12\/sans-titre2.png",264,400,false],"1536x1536":["https:\/\/www.beitalhikma.tn\/wp-content\/uploads\/2014\/12\/sans-titre2.png",526,798,false],"2048x2048":["https:\/\/www.beitalhikma.tn\/wp-content\/uploads\/2014\/12\/sans-titre2.png",526,798,false],"post-thumbnail":["https:\/\/www.beitalhikma.tn\/wp-content\/uploads\/2014\/12\/sans-titre2-96x146.png",96,146,true],"50x50":["https:\/\/www.beitalhikma.tn\/wp-content\/uploads\/2014\/12\/sans-titre2-33x50.png",33,50,true],"portfolio-list":["https:\/\/www.beitalhikma.tn\/wp-content\/uploads\/2014\/12\/sans-titre2-526x400.png",526,400,true],"portfolio-fs":["https:\/\/www.beitalhikma.tn\/wp-content\/uploads\/2014\/12\/sans-titre2-526x543.png",526,543,true],"portfolio-slider":["https:\/\/www.beitalhikma.tn\/wp-content\/uploads\/2014\/12\/sans-titre2-380x380.png",380,380,true],"blog":["https:\/\/www.beitalhikma.tn\/wp-content\/uploads\/2014\/12\/sans-titre2-526x341.png",526,341,true],"blog-single":["https:\/\/www.beitalhikma.tn\/wp-content\/uploads\/2014\/12\/sans-titre2-526x445.png",526,445,true],"blog-item":["https:\/\/www.beitalhikma.tn\/wp-content\/uploads\/2014\/12\/sans-titre2-504x224.png",504,224,true],"blog-widget":["https:\/\/www.beitalhikma.tn\/wp-content\/uploads\/2014\/12\/sans-titre2-80x60.png",80,60,true],"features":["https:\/\/www.beitalhikma.tn\/wp-content\/uploads\/2014\/12\/sans-titre2-90x90.png",90,90,true],"clients-slider":["https:\/\/www.beitalhikma.tn\/wp-content\/uploads\/2014\/12\/sans-titre2-53x80.png",53,80,true],"offer-slider":["https:\/\/www.beitalhikma.tn\/wp-content\/uploads\/2014\/12\/sans-titre2-526x438.png",526,438,true],"offer-slider-pg":["https:\/\/www.beitalhikma.tn\/wp-content\/uploads\/2014\/12\/sans-titre2-42x42.png",42,42,true],"woocommerce_thumbnail":["https:\/\/www.beitalhikma.tn\/wp-content\/uploads\/2014\/12\/sans-titre2-250x300.png",250,300,true],"woocommerce_single":["https:\/\/www.beitalhikma.tn\/wp-content\/uploads\/2014\/12\/sans-titre2-250x379.png",250,379,true],"woocommerce_gallery_thumbnail":["https:\/\/www.beitalhikma.tn\/wp-content\/uploads\/2014\/12\/sans-titre2-100x100.png",100,100,true]},"uagb_author_info":{"display_name":"admin","author_link":"https:\/\/www.beitalhikma.tn\/fr\/author\/"},"uagb_comment_info":0,"uagb_excerpt":"Titre de l\u2019ouvrage : Moufdi Zakaria po\u00e8te de l'unit\u00e9 du Grand Maghreb Actes de la journ\u00e9e d'\u00e9tude organis\u00e9e par l'Acad\u00e9mie tunisienne Be\u00eft al-Hikma, le 13 janvier 2010 Auteur : ouvrage collectif Langue :\u00a0arabe Date de parution : 2011 Format : 16x24 ISBN : 9789973491190 Nombre de pages : 183 Th\u00e8me : litt\u00e9rature Poids : 300\u2026","_links":{"self":[{"href":"https:\/\/www.beitalhikma.tn\/fr\/wp-json\/wp\/v2\/product\/281","targetHints":{"allow":["GET"]}}],"collection":[{"href":"https:\/\/www.beitalhikma.tn\/fr\/wp-json\/wp\/v2\/product"}],"about":[{"href":"https:\/\/www.beitalhikma.tn\/fr\/wp-json\/wp\/v2\/types\/product"}],"wp:featuredmedia":[{"embeddable":true,"href":"https:\/\/www.beitalhikma.tn\/fr\/wp-json\/wp\/v2\/media\/6416"}],"wp:attachment":[{"href":"https:\/\/www.beitalhikma.tn\/fr\/wp-json\/wp\/v2\/media?parent=281"}],"wp:term":[{"taxonomy":"product_brand","embeddable":true,"href":"https:\/\/www.beitalhikma.tn\/fr\/wp-json\/wp\/v2\/product_brand?post=281"},{"taxonomy":"product_cat","embeddable":true,"href":"https:\/\/www.beitalhikma.tn\/fr\/wp-json\/wp\/v2\/product_cat?post=281"},{"taxonomy":"product_tag","embeddable":true,"href":"https:\/\/www.beitalhikma.tn\/fr\/wp-json\/wp\/v2\/product_tag?post=281"}],"curies":[{"name":"wp","href":"https:\/\/api.w.org\/{rel}","templated":true}]}}