{"id":284,"date":"2014-12-17T10:55:31","date_gmt":"2014-12-17T09:55:31","guid":{"rendered":"http:\/\/www.beitalhikma.tn\/?post_type=product&#038;p=284"},"modified":"2022-09-05T09:04:11","modified_gmt":"2022-09-05T08:04:11","slug":"la-jeunesse-comme-culture","status":"publish","type":"product","link":"https:\/\/www.beitalhikma.tn\/fr\/publication\/acces-boutique\/livres-en-vente\/la-jeunesse-comme-culture\/","title":{"rendered":"La jeunesse comme culture"},"content":{"rendered":"<p><a href=\"http:\/\/www.beitalhikma.tn\/wp-content\/uploads\/2014\/12\/pf16.png\"><img loading=\"lazy\" decoding=\"async\" class=\"aligncenter size-full wp-image-6470\" src=\"http:\/\/www.beitalhikma.tn\/wp-content\/uploads\/2014\/12\/pf16.png\" alt=\"pf1\" width=\"716\" height=\"517\" srcset=\"https:\/\/www.beitalhikma.tn\/wp-content\/uploads\/2014\/12\/pf16.png 716w, https:\/\/www.beitalhikma.tn\/wp-content\/uploads\/2014\/12\/pf16-250x181.png 250w, https:\/\/www.beitalhikma.tn\/wp-content\/uploads\/2014\/12\/pf16-300x217.png 300w, https:\/\/www.beitalhikma.tn\/wp-content\/uploads\/2014\/12\/pf16-202x146.png 202w, https:\/\/www.beitalhikma.tn\/wp-content\/uploads\/2014\/12\/pf16-50x36.png 50w, https:\/\/www.beitalhikma.tn\/wp-content\/uploads\/2014\/12\/pf16-111x80.png 111w\" sizes=\"auto, (max-width: 716px) 100vw, 716px\" \/><\/a> <a href=\"http:\/\/www.beitalhikma.tn\/wp-content\/uploads\/2014\/12\/pf25.png\"><img loading=\"lazy\" decoding=\"async\" class=\"aligncenter size-full wp-image-6473\" src=\"http:\/\/www.beitalhikma.tn\/wp-content\/uploads\/2014\/12\/pf25.png\" alt=\"pf2\" width=\"740\" height=\"435\" srcset=\"https:\/\/www.beitalhikma.tn\/wp-content\/uploads\/2014\/12\/pf25.png 740w, https:\/\/www.beitalhikma.tn\/wp-content\/uploads\/2014\/12\/pf25-250x147.png 250w, https:\/\/www.beitalhikma.tn\/wp-content\/uploads\/2014\/12\/pf25-300x176.png 300w, https:\/\/www.beitalhikma.tn\/wp-content\/uploads\/2014\/12\/pf25-248x146.png 248w, https:\/\/www.beitalhikma.tn\/wp-content\/uploads\/2014\/12\/pf25-50x29.png 50w, https:\/\/www.beitalhikma.tn\/wp-content\/uploads\/2014\/12\/pf25-136x80.png 136w\" sizes=\"auto, (max-width: 740px) 100vw, 740px\" \/><\/a><\/p>\n","protected":false},"excerpt":{"rendered":"<ul>\n<li><strong>Titre de l\u2019ouvrage :<\/strong> La jeunesse comme culture<\/li>\n<li>Actes du colloque international organis\u00e9 par l&#8217;Acad\u00e9mie tunisienne Be\u00eft al-Hikma, les 11 et 12 octobre 2010<br \/>\n<strong>Auteur :<\/strong> ouvrage collectif<br \/>\n<strong>Langues :<\/strong> arabe et fran\u00e7ais<\/li>\n<li><strong>Date de parution :<\/strong> 2011<\/li>\n<li><strong>Format :<\/strong> 16&#215;24<\/li>\n<li><strong>ISBN :<\/strong> 9789973491268<\/li>\n<li><strong>Nombre de pages :<\/strong> 334<br \/>\n<strong>Th\u00e8me :<\/strong> sociologie<\/li>\n<li><strong>Poids :<\/strong> 600 gr<br \/>\n<b>Situation :\u00a0<\/b>disponible<\/li>\n<\/ul>\n","protected":false},"featured_media":6477,"template":"","meta":{"_uag_custom_page_level_css":""},"product_brand":[],"product_cat":[11],"product_tag":[],"class_list":{"0":"post-284","1":"product","2":"type-product","3":"status-publish","4":"has-post-thumbnail","6":"product_cat-livres-en-vente","8":"first","9":"instock","10":"sale","11":"shipping-taxable","12":"purchasable","13":"product-type-simple"},"yoast_head":"<!-- This site is optimized with the Yoast SEO plugin v27.3 - https:\/\/yoast.com\/product\/yoast-seo-wordpress\/ -->\n<title>La jeunesse comme culture - Beit al-Hikma<\/title>\n<meta name=\"robots\" content=\"index, follow, max-snippet:-1, max-image-preview:large, max-video-preview:-1\" \/>\n<link rel=\"canonical\" href=\"https:\/\/www.beitalhikma.tn\/fr\/publication\/acces-boutique\/livres-en-vente\/la-jeunesse-comme-culture\/\" \/>\n<meta property=\"og:locale\" content=\"fr_FR\" \/>\n<meta property=\"og:type\" content=\"article\" \/>\n<meta property=\"og:title\" content=\"La jeunesse comme culture - Beit al-Hikma\" \/>\n<meta property=\"og:description\" content=\"Titre de l\u2019ouvrage : La jeunesse comme culture  Actes du colloque international organis\u00e9 par l&#039;Acad\u00e9mie tunisienne Be\u00eft al-Hikma, les 11 et 12 octobre 2010 Auteur : ouvrage collectif Langues : arabe et fran\u00e7ais  Date de parution : 2011  Format : 16x24  ISBN : 9789973491268  Nombre de pages : 334 Th\u00e8me : sociologie  Poids : 600 gr Situation :\u00a0disponible\" \/>\n<meta property=\"og:url\" content=\"https:\/\/www.beitalhikma.tn\/fr\/publication\/acces-boutique\/livres-en-vente\/la-jeunesse-comme-culture\/\" \/>\n<meta property=\"og:site_name\" content=\"Beit al-Hikma\" \/>\n<meta property=\"article:publisher\" content=\"https:\/\/www.facebook.com\/BeitalhikmaTunisie\/\" \/>\n<meta property=\"article:modified_time\" content=\"2022-09-05T08:04:11+00:00\" \/>\n<meta property=\"og:image\" content=\"https:\/\/www.beitalhikma.tn\/wp-content\/uploads\/2014\/12\/sans-titre4.png\" \/>\n\t<meta property=\"og:image:width\" content=\"506\" \/>\n\t<meta property=\"og:image:height\" content=\"793\" \/>\n\t<meta property=\"og:image:type\" content=\"image\/png\" \/>\n<meta name=\"twitter:card\" content=\"summary_large_image\" \/>\n<meta name=\"twitter:site\" content=\"@Beit_alhikma_TN\" \/>\n<script type=\"application\/ld+json\" class=\"yoast-schema-graph\">{\"@context\":\"https:\\\/\\\/schema.org\",\"@graph\":[{\"@type\":\"WebPage\",\"@id\":\"https:\\\/\\\/www.beitalhikma.tn\\\/fr\\\/publication\\\/acces-boutique\\\/livres-en-vente\\\/la-jeunesse-comme-culture\\\/\",\"url\":\"https:\\\/\\\/www.beitalhikma.tn\\\/fr\\\/publication\\\/acces-boutique\\\/livres-en-vente\\\/la-jeunesse-comme-culture\\\/\",\"name\":\"La jeunesse comme culture - Beit al-Hikma\",\"isPartOf\":{\"@id\":\"https:\\\/\\\/www.beitalhikma.tn\\\/#website\"},\"primaryImageOfPage\":{\"@id\":\"https:\\\/\\\/www.beitalhikma.tn\\\/fr\\\/publication\\\/acces-boutique\\\/livres-en-vente\\\/la-jeunesse-comme-culture\\\/#primaryimage\"},\"image\":{\"@id\":\"https:\\\/\\\/www.beitalhikma.tn\\\/fr\\\/publication\\\/acces-boutique\\\/livres-en-vente\\\/la-jeunesse-comme-culture\\\/#primaryimage\"},\"thumbnailUrl\":\"https:\\\/\\\/www.beitalhikma.tn\\\/wp-content\\\/uploads\\\/2014\\\/12\\\/sans-titre4.png\",\"datePublished\":\"2014-12-17T09:55:31+00:00\",\"dateModified\":\"2022-09-05T08:04:11+00:00\",\"breadcrumb\":{\"@id\":\"https:\\\/\\\/www.beitalhikma.tn\\\/fr\\\/publication\\\/acces-boutique\\\/livres-en-vente\\\/la-jeunesse-comme-culture\\\/#breadcrumb\"},\"inLanguage\":\"fr-FR\",\"potentialAction\":[{\"@type\":\"ReadAction\",\"target\":[\"https:\\\/\\\/www.beitalhikma.tn\\\/fr\\\/publication\\\/acces-boutique\\\/livres-en-vente\\\/la-jeunesse-comme-culture\\\/\"]}]},{\"@type\":\"ImageObject\",\"inLanguage\":\"fr-FR\",\"@id\":\"https:\\\/\\\/www.beitalhikma.tn\\\/fr\\\/publication\\\/acces-boutique\\\/livres-en-vente\\\/la-jeunesse-comme-culture\\\/#primaryimage\",\"url\":\"https:\\\/\\\/www.beitalhikma.tn\\\/wp-content\\\/uploads\\\/2014\\\/12\\\/sans-titre4.png\",\"contentUrl\":\"https:\\\/\\\/www.beitalhikma.tn\\\/wp-content\\\/uploads\\\/2014\\\/12\\\/sans-titre4.png\",\"width\":506,\"height\":793},{\"@type\":\"BreadcrumbList\",\"@id\":\"https:\\\/\\\/www.beitalhikma.tn\\\/fr\\\/publication\\\/acces-boutique\\\/livres-en-vente\\\/la-jeunesse-comme-culture\\\/#breadcrumb\",\"itemListElement\":[{\"@type\":\"ListItem\",\"position\":1,\"name\":\"Accueil\",\"item\":\"https:\\\/\\\/www.beitalhikma.tn\\\/fr\\\/\"},{\"@type\":\"ListItem\",\"position\":2,\"name\":\"Boutique\",\"item\":\"https:\\\/\\\/www.beitalhikma.tn\\\/fr\\\/boutique\\\/\"},{\"@type\":\"ListItem\",\"position\":3,\"name\":\"La jeunesse comme culture\"}]},{\"@type\":\"WebSite\",\"@id\":\"https:\\\/\\\/www.beitalhikma.tn\\\/#website\",\"url\":\"https:\\\/\\\/www.beitalhikma.tn\\\/\",\"name\":\"Beit al-Hikma\",\"description\":\"L&#039;Acad\u00e9mie Tunisienne des Sciences, des Lettres  et des Arts\",\"publisher\":{\"@id\":\"https:\\\/\\\/www.beitalhikma.tn\\\/#organization\"},\"potentialAction\":[{\"@type\":\"SearchAction\",\"target\":{\"@type\":\"EntryPoint\",\"urlTemplate\":\"https:\\\/\\\/www.beitalhikma.tn\\\/?s={search_term_string}\"},\"query-input\":{\"@type\":\"PropertyValueSpecification\",\"valueRequired\":true,\"valueName\":\"search_term_string\"}}],\"inLanguage\":\"fr-FR\"},{\"@type\":\"Organization\",\"@id\":\"https:\\\/\\\/www.beitalhikma.tn\\\/#organization\",\"name\":\"Beit Al Hikma\",\"url\":\"https:\\\/\\\/www.beitalhikma.tn\\\/\",\"logo\":{\"@type\":\"ImageObject\",\"inLanguage\":\"fr-FR\",\"@id\":\"https:\\\/\\\/www.beitalhikma.tn\\\/#\\\/schema\\\/logo\\\/image\\\/\",\"url\":\"https:\\\/\\\/www.beitalhikma.tn\\\/wp-content\\\/uploads\\\/2014\\\/11\\\/logo.png\",\"contentUrl\":\"https:\\\/\\\/www.beitalhikma.tn\\\/wp-content\\\/uploads\\\/2014\\\/11\\\/logo.png\",\"width\":288,\"height\":109,\"caption\":\"Beit Al Hikma\"},\"image\":{\"@id\":\"https:\\\/\\\/www.beitalhikma.tn\\\/#\\\/schema\\\/logo\\\/image\\\/\"},\"sameAs\":[\"https:\\\/\\\/www.facebook.com\\\/BeitalhikmaTunisie\\\/\",\"https:\\\/\\\/x.com\\\/Beit_alhikma_TN\",\"https:\\\/\\\/www.youtube.com\\\/channel\\\/UCl8EfDXqt5MFfcEY0UYhevg\"]}]}<\/script>\n<!-- \/ Yoast SEO plugin. -->","yoast_head_json":{"title":"La jeunesse comme culture - Beit al-Hikma","robots":{"index":"index","follow":"follow","max-snippet":"max-snippet:-1","max-image-preview":"max-image-preview:large","max-video-preview":"max-video-preview:-1"},"canonical":"https:\/\/www.beitalhikma.tn\/fr\/publication\/acces-boutique\/livres-en-vente\/la-jeunesse-comme-culture\/","og_locale":"fr_FR","og_type":"article","og_title":"La jeunesse comme culture - Beit al-Hikma","og_description":"Titre de l\u2019ouvrage : La jeunesse comme culture  Actes du colloque international organis\u00e9 par l'Acad\u00e9mie tunisienne Be\u00eft al-Hikma, les 11 et 12 octobre 2010 Auteur : ouvrage collectif Langues : arabe et fran\u00e7ais  Date de parution : 2011  Format : 16x24  ISBN : 9789973491268  Nombre de pages : 334 Th\u00e8me : sociologie  Poids : 600 gr Situation :\u00a0disponible","og_url":"https:\/\/www.beitalhikma.tn\/fr\/publication\/acces-boutique\/livres-en-vente\/la-jeunesse-comme-culture\/","og_site_name":"Beit al-Hikma","article_publisher":"https:\/\/www.facebook.com\/BeitalhikmaTunisie\/","article_modified_time":"2022-09-05T08:04:11+00:00","og_image":[{"width":506,"height":793,"url":"https:\/\/www.beitalhikma.tn\/wp-content\/uploads\/2014\/12\/sans-titre4.png","type":"image\/png"}],"twitter_card":"summary_large_image","twitter_site":"@Beit_alhikma_TN","schema":{"@context":"https:\/\/schema.org","@graph":[{"@type":"WebPage","@id":"https:\/\/www.beitalhikma.tn\/fr\/publication\/acces-boutique\/livres-en-vente\/la-jeunesse-comme-culture\/","url":"https:\/\/www.beitalhikma.tn\/fr\/publication\/acces-boutique\/livres-en-vente\/la-jeunesse-comme-culture\/","name":"La jeunesse comme culture - Beit al-Hikma","isPartOf":{"@id":"https:\/\/www.beitalhikma.tn\/#website"},"primaryImageOfPage":{"@id":"https:\/\/www.beitalhikma.tn\/fr\/publication\/acces-boutique\/livres-en-vente\/la-jeunesse-comme-culture\/#primaryimage"},"image":{"@id":"https:\/\/www.beitalhikma.tn\/fr\/publication\/acces-boutique\/livres-en-vente\/la-jeunesse-comme-culture\/#primaryimage"},"thumbnailUrl":"https:\/\/www.beitalhikma.tn\/wp-content\/uploads\/2014\/12\/sans-titre4.png","datePublished":"2014-12-17T09:55:31+00:00","dateModified":"2022-09-05T08:04:11+00:00","breadcrumb":{"@id":"https:\/\/www.beitalhikma.tn\/fr\/publication\/acces-boutique\/livres-en-vente\/la-jeunesse-comme-culture\/#breadcrumb"},"inLanguage":"fr-FR","potentialAction":[{"@type":"ReadAction","target":["https:\/\/www.beitalhikma.tn\/fr\/publication\/acces-boutique\/livres-en-vente\/la-jeunesse-comme-culture\/"]}]},{"@type":"ImageObject","inLanguage":"fr-FR","@id":"https:\/\/www.beitalhikma.tn\/fr\/publication\/acces-boutique\/livres-en-vente\/la-jeunesse-comme-culture\/#primaryimage","url":"https:\/\/www.beitalhikma.tn\/wp-content\/uploads\/2014\/12\/sans-titre4.png","contentUrl":"https:\/\/www.beitalhikma.tn\/wp-content\/uploads\/2014\/12\/sans-titre4.png","width":506,"height":793},{"@type":"BreadcrumbList","@id":"https:\/\/www.beitalhikma.tn\/fr\/publication\/acces-boutique\/livres-en-vente\/la-jeunesse-comme-culture\/#breadcrumb","itemListElement":[{"@type":"ListItem","position":1,"name":"Accueil","item":"https:\/\/www.beitalhikma.tn\/fr\/"},{"@type":"ListItem","position":2,"name":"Boutique","item":"https:\/\/www.beitalhikma.tn\/fr\/boutique\/"},{"@type":"ListItem","position":3,"name":"La jeunesse comme culture"}]},{"@type":"WebSite","@id":"https:\/\/www.beitalhikma.tn\/#website","url":"https:\/\/www.beitalhikma.tn\/","name":"Beit al-Hikma","description":"L&#039;Acad\u00e9mie Tunisienne des Sciences, des Lettres  et des Arts","publisher":{"@id":"https:\/\/www.beitalhikma.tn\/#organization"},"potentialAction":[{"@type":"SearchAction","target":{"@type":"EntryPoint","urlTemplate":"https:\/\/www.beitalhikma.tn\/?s={search_term_string}"},"query-input":{"@type":"PropertyValueSpecification","valueRequired":true,"valueName":"search_term_string"}}],"inLanguage":"fr-FR"},{"@type":"Organization","@id":"https:\/\/www.beitalhikma.tn\/#organization","name":"Beit Al Hikma","url":"https:\/\/www.beitalhikma.tn\/","logo":{"@type":"ImageObject","inLanguage":"fr-FR","@id":"https:\/\/www.beitalhikma.tn\/#\/schema\/logo\/image\/","url":"https:\/\/www.beitalhikma.tn\/wp-content\/uploads\/2014\/11\/logo.png","contentUrl":"https:\/\/www.beitalhikma.tn\/wp-content\/uploads\/2014\/11\/logo.png","width":288,"height":109,"caption":"Beit Al Hikma"},"image":{"@id":"https:\/\/www.beitalhikma.tn\/#\/schema\/logo\/image\/"},"sameAs":["https:\/\/www.facebook.com\/BeitalhikmaTunisie\/","https:\/\/x.com\/Beit_alhikma_TN","https:\/\/www.youtube.com\/channel\/UCl8EfDXqt5MFfcEY0UYhevg"]}]}},"uagb_featured_image_src":{"full":["https:\/\/www.beitalhikma.tn\/wp-content\/uploads\/2014\/12\/sans-titre4.png",506,793,false],"thumbnail":["https:\/\/www.beitalhikma.tn\/wp-content\/uploads\/2014\/12\/sans-titre4-250x300.png",250,300,true],"medium":["https:\/\/www.beitalhikma.tn\/wp-content\/uploads\/2014\/12\/sans-titre4-191x300.png",191,300,true],"medium_large":["https:\/\/www.beitalhikma.tn\/wp-content\/uploads\/2014\/12\/sans-titre4.png",506,793,false],"large":["https:\/\/www.beitalhikma.tn\/wp-content\/uploads\/2014\/12\/sans-titre4.png",506,793,false],"thumblist":["https:\/\/www.beitalhikma.tn\/wp-content\/uploads\/2014\/12\/sans-titre4.png",191,300,false],"meccarouselthumb":["https:\/\/www.beitalhikma.tn\/wp-content\/uploads\/2014\/12\/sans-titre4.png",207,324,false],"gridsquare":["https:\/\/www.beitalhikma.tn\/wp-content\/uploads\/2014\/12\/sans-titre4.png",166,260,false],"tileview":["https:\/\/www.beitalhikma.tn\/wp-content\/uploads\/2014\/12\/sans-titre4.png",255,400,false],"1536x1536":["https:\/\/www.beitalhikma.tn\/wp-content\/uploads\/2014\/12\/sans-titre4.png",506,793,false],"2048x2048":["https:\/\/www.beitalhikma.tn\/wp-content\/uploads\/2014\/12\/sans-titre4.png",506,793,false],"post-thumbnail":["https:\/\/www.beitalhikma.tn\/wp-content\/uploads\/2014\/12\/sans-titre4-93x146.png",93,146,true],"50x50":["https:\/\/www.beitalhikma.tn\/wp-content\/uploads\/2014\/12\/sans-titre4-32x50.png",32,50,true],"portfolio-list":["https:\/\/www.beitalhikma.tn\/wp-content\/uploads\/2014\/12\/sans-titre4-506x400.png",506,400,true],"portfolio-fs":["https:\/\/www.beitalhikma.tn\/wp-content\/uploads\/2014\/12\/sans-titre4-506x543.png",506,543,true],"portfolio-slider":["https:\/\/www.beitalhikma.tn\/wp-content\/uploads\/2014\/12\/sans-titre4-380x380.png",380,380,true],"blog":["https:\/\/www.beitalhikma.tn\/wp-content\/uploads\/2014\/12\/sans-titre4-506x341.png",506,341,true],"blog-single":["https:\/\/www.beitalhikma.tn\/wp-content\/uploads\/2014\/12\/sans-titre4-506x445.png",506,445,true],"blog-item":["https:\/\/www.beitalhikma.tn\/wp-content\/uploads\/2014\/12\/sans-titre4-504x224.png",504,224,true],"blog-widget":["https:\/\/www.beitalhikma.tn\/wp-content\/uploads\/2014\/12\/sans-titre4-80x60.png",80,60,true],"features":["https:\/\/www.beitalhikma.tn\/wp-content\/uploads\/2014\/12\/sans-titre4-90x90.png",90,90,true],"clients-slider":["https:\/\/www.beitalhikma.tn\/wp-content\/uploads\/2014\/12\/sans-titre4-51x80.png",51,80,true],"offer-slider":["https:\/\/www.beitalhikma.tn\/wp-content\/uploads\/2014\/12\/sans-titre4-506x438.png",506,438,true],"offer-slider-pg":["https:\/\/www.beitalhikma.tn\/wp-content\/uploads\/2014\/12\/sans-titre4-42x42.png",42,42,true],"woocommerce_thumbnail":["https:\/\/www.beitalhikma.tn\/wp-content\/uploads\/2014\/12\/sans-titre4-250x300.png",250,300,true],"woocommerce_single":["https:\/\/www.beitalhikma.tn\/wp-content\/uploads\/2014\/12\/sans-titre4-250x392.png",250,392,true],"woocommerce_gallery_thumbnail":["https:\/\/www.beitalhikma.tn\/wp-content\/uploads\/2014\/12\/sans-titre4-100x100.png",100,100,true]},"uagb_author_info":{"display_name":"admin","author_link":"https:\/\/www.beitalhikma.tn\/fr\/author\/"},"uagb_comment_info":0,"uagb_excerpt":"Titre de l\u2019ouvrage : La jeunesse comme culture Actes du colloque international organis\u00e9 par l'Acad\u00e9mie tunisienne Be\u00eft al-Hikma, les 11 et 12 octobre 2010 Auteur : ouvrage collectif Langues : arabe et fran\u00e7ais Date de parution : 2011 Format : 16x24 ISBN : 9789973491268 Nombre de pages : 334 Th\u00e8me : sociologie Poids : 600\u2026","_links":{"self":[{"href":"https:\/\/www.beitalhikma.tn\/fr\/wp-json\/wp\/v2\/product\/284","targetHints":{"allow":["GET"]}}],"collection":[{"href":"https:\/\/www.beitalhikma.tn\/fr\/wp-json\/wp\/v2\/product"}],"about":[{"href":"https:\/\/www.beitalhikma.tn\/fr\/wp-json\/wp\/v2\/types\/product"}],"wp:featuredmedia":[{"embeddable":true,"href":"https:\/\/www.beitalhikma.tn\/fr\/wp-json\/wp\/v2\/media\/6477"}],"wp:attachment":[{"href":"https:\/\/www.beitalhikma.tn\/fr\/wp-json\/wp\/v2\/media?parent=284"}],"wp:term":[{"taxonomy":"product_brand","embeddable":true,"href":"https:\/\/www.beitalhikma.tn\/fr\/wp-json\/wp\/v2\/product_brand?post=284"},{"taxonomy":"product_cat","embeddable":true,"href":"https:\/\/www.beitalhikma.tn\/fr\/wp-json\/wp\/v2\/product_cat?post=284"},{"taxonomy":"product_tag","embeddable":true,"href":"https:\/\/www.beitalhikma.tn\/fr\/wp-json\/wp\/v2\/product_tag?post=284"}],"curies":[{"name":"wp","href":"https:\/\/api.w.org\/{rel}","templated":true}]}}