{"id":287,"date":"2014-12-17T11:22:57","date_gmt":"2014-12-17T10:22:57","guid":{"rendered":"http:\/\/www.beitalhikma.tn\/?post_type=product&#038;p=287"},"modified":"2023-09-20T11:21:20","modified_gmt":"2023-09-20T10:21:20","slug":"%d8%a7%d9%84%d8%af%d9%8a%d9%88%d8%a7%d9%86-%d8%a7%d9%84%d8%b9%d8%b1%d8%a8%d9%8a-%d9%84%d9%85%d9%88%d9%84%d8%a7%d9%86%d8%a7-%d8%ac%d9%84%d8%a7%d9%84-%d8%a7%d9%84%d8%af%d9%8a%d9%86-%d8%a7%d9%84%d8%b1","status":"publish","type":"product","link":"https:\/\/www.beitalhikma.tn\/fr\/publication\/acces-boutique\/livres-epuises\/%d8%a7%d9%84%d8%af%d9%8a%d9%88%d8%a7%d9%86-%d8%a7%d9%84%d8%b9%d8%b1%d8%a8%d9%8a-%d9%84%d9%85%d9%88%d9%84%d8%a7%d9%86%d8%a7-%d8%ac%d9%84%d8%a7%d9%84-%d8%a7%d9%84%d8%af%d9%8a%d9%86-%d8%a7%d9%84%d8%b1\/","title":{"rendered":"Le diwan arabe de Mawlana Jalal ed-Dine ar-Roumi"},"content":{"rendered":"<p><a href=\"http:\/\/www.beitalhikma.tn\/wp-content\/uploads\/2014\/12\/pf9.png\"><img loading=\"lazy\" decoding=\"async\" class=\"aligncenter size-full wp-image-6259\" src=\"http:\/\/www.beitalhikma.tn\/wp-content\/uploads\/2014\/12\/pf9.png\" alt=\"pf\" width=\"746\" height=\"556\" srcset=\"https:\/\/www.beitalhikma.tn\/wp-content\/uploads\/2014\/12\/pf9.png 746w, https:\/\/www.beitalhikma.tn\/wp-content\/uploads\/2014\/12\/pf9-250x186.png 250w, https:\/\/www.beitalhikma.tn\/wp-content\/uploads\/2014\/12\/pf9-300x224.png 300w, https:\/\/www.beitalhikma.tn\/wp-content\/uploads\/2014\/12\/pf9-196x146.png 196w, https:\/\/www.beitalhikma.tn\/wp-content\/uploads\/2014\/12\/pf9-50x37.png 50w, https:\/\/www.beitalhikma.tn\/wp-content\/uploads\/2014\/12\/pf9-80x60.png 80w, https:\/\/www.beitalhikma.tn\/wp-content\/uploads\/2014\/12\/pf9-107x80.png 107w\" sizes=\"auto, (max-width: 746px) 100vw, 746px\" \/><\/a><\/p>\n","protected":false},"excerpt":{"rendered":"<ul>\n<li><strong>Titre de l\u2019ouvrage :<\/strong> Le diwan arabe de Mawlana Jalal ed-Dine ar-Roumi<br \/>\n<strong>Texte \u00e9tabli par :<\/strong> B\u00e9chir Kahouaji<br \/>\n<strong>Langue :<\/strong> arabe<\/li>\n<li><strong>Date de parution :<\/strong> 2011<\/li>\n<li><strong>Format :<\/strong> 24&#215;34<\/li>\n<li><strong>ISBN :<\/strong> 9789973491206<\/li>\n<li><strong>Nombre de pages :<\/strong> 223<br \/>\n<strong>Th\u00e8me :<\/strong> po\u00e9sie<\/li>\n<li><strong>Poids :<\/strong> 1900 gr<br \/>\n<b>Situation : <\/b>\u00e9puis\u00e9<\/li>\n<\/ul>\n","protected":false},"featured_media":6263,"template":"","meta":{"_uag_custom_page_level_css":""},"product_brand":[],"product_cat":[50],"product_tag":[],"class_list":{"0":"post-287","1":"product","2":"type-product","3":"status-publish","4":"has-post-thumbnail","6":"product_cat-livres-epuises","8":"first","9":"outofstock","10":"sale","11":"shipping-taxable","12":"purchasable","13":"product-type-simple"},"yoast_head":"<!-- This site is optimized with the Yoast SEO plugin v27.4 - https:\/\/yoast.com\/product\/yoast-seo-wordpress\/ -->\n<title>Le diwan arabe de Mawlana Jalal ed-Dine ar-Roumi - Beit al-Hikma<\/title>\n<meta name=\"robots\" content=\"index, follow, max-snippet:-1, max-image-preview:large, max-video-preview:-1\" \/>\n<link rel=\"canonical\" href=\"https:\/\/www.beitalhikma.tn\/fr\/publication\/acces-boutique\/livres-epuises\/\u0627\u0644\u062f\u064a\u0648\u0627\u0646-\u0627\u0644\u0639\u0631\u0628\u064a-\u0644\u0645\u0648\u0644\u0627\u0646\u0627-\u062c\u0644\u0627\u0644-\u0627\u0644\u062f\u064a\u0646-\u0627\u0644\u0631\/\" \/>\n<meta property=\"og:locale\" content=\"fr_FR\" \/>\n<meta property=\"og:type\" content=\"article\" \/>\n<meta property=\"og:title\" content=\"Le diwan arabe de Mawlana Jalal ed-Dine ar-Roumi - Beit al-Hikma\" \/>\n<meta property=\"og:description\" content=\"Titre de l\u2019ouvrage : Le diwan arabe de Mawlana Jalal ed-Dine ar-Roumi Texte \u00e9tabli par : B\u00e9chir Kahouaji Langue : arabe  Date de parution : 2011  Format : 24x34  ISBN : 9789973491206  Nombre de pages : 223 Th\u00e8me : po\u00e9sie  Poids : 1900 gr Situation : \u00e9puis\u00e9\" \/>\n<meta property=\"og:url\" content=\"https:\/\/www.beitalhikma.tn\/fr\/publication\/acces-boutique\/livres-epuises\/\u0627\u0644\u062f\u064a\u0648\u0627\u0646-\u0627\u0644\u0639\u0631\u0628\u064a-\u0644\u0645\u0648\u0644\u0627\u0646\u0627-\u062c\u0644\u0627\u0644-\u0627\u0644\u062f\u064a\u0646-\u0627\u0644\u0631\/\" \/>\n<meta property=\"og:site_name\" content=\"Beit al-Hikma\" \/>\n<meta property=\"article:publisher\" content=\"https:\/\/www.facebook.com\/BeitalhikmaTunisie\/\" \/>\n<meta property=\"article:modified_time\" content=\"2023-09-20T10:21:20+00:00\" \/>\n<meta property=\"og:image\" content=\"https:\/\/www.beitalhikma.tn\/wp-content\/uploads\/2014\/12\/sans-titre.png\" \/>\n\t<meta property=\"og:image:width\" content=\"525\" \/>\n\t<meta property=\"og:image:height\" content=\"794\" \/>\n\t<meta property=\"og:image:type\" content=\"image\/png\" \/>\n<meta name=\"twitter:card\" content=\"summary_large_image\" \/>\n<meta name=\"twitter:site\" content=\"@Beit_alhikma_TN\" \/>\n<meta name=\"twitter:label1\" content=\"Dur\u00e9e de lecture estim\u00e9e\" \/>\n\t<meta name=\"twitter:data1\" content=\"1 minute\" \/>\n<script type=\"application\/ld+json\" class=\"yoast-schema-graph\">{\"@context\":\"https:\\\/\\\/schema.org\",\"@graph\":[{\"@type\":\"WebPage\",\"@id\":\"https:\\\/\\\/www.beitalhikma.tn\\\/fr\\\/publication\\\/acces-boutique\\\/livres-epuises\\\/%d8%a7%d9%84%d8%af%d9%8a%d9%88%d8%a7%d9%86-%d8%a7%d9%84%d8%b9%d8%b1%d8%a8%d9%8a-%d9%84%d9%85%d9%88%d9%84%d8%a7%d9%86%d8%a7-%d8%ac%d9%84%d8%a7%d9%84-%d8%a7%d9%84%d8%af%d9%8a%d9%86-%d8%a7%d9%84%d8%b1\\\/\",\"url\":\"https:\\\/\\\/www.beitalhikma.tn\\\/fr\\\/publication\\\/acces-boutique\\\/livres-epuises\\\/%d8%a7%d9%84%d8%af%d9%8a%d9%88%d8%a7%d9%86-%d8%a7%d9%84%d8%b9%d8%b1%d8%a8%d9%8a-%d9%84%d9%85%d9%88%d9%84%d8%a7%d9%86%d8%a7-%d8%ac%d9%84%d8%a7%d9%84-%d8%a7%d9%84%d8%af%d9%8a%d9%86-%d8%a7%d9%84%d8%b1\\\/\",\"name\":\"Le diwan arabe de Mawlana Jalal ed-Dine ar-Roumi - Beit al-Hikma\",\"isPartOf\":{\"@id\":\"https:\\\/\\\/www.beitalhikma.tn\\\/#website\"},\"primaryImageOfPage\":{\"@id\":\"https:\\\/\\\/www.beitalhikma.tn\\\/fr\\\/publication\\\/acces-boutique\\\/livres-epuises\\\/%d8%a7%d9%84%d8%af%d9%8a%d9%88%d8%a7%d9%86-%d8%a7%d9%84%d8%b9%d8%b1%d8%a8%d9%8a-%d9%84%d9%85%d9%88%d9%84%d8%a7%d9%86%d8%a7-%d8%ac%d9%84%d8%a7%d9%84-%d8%a7%d9%84%d8%af%d9%8a%d9%86-%d8%a7%d9%84%d8%b1\\\/#primaryimage\"},\"image\":{\"@id\":\"https:\\\/\\\/www.beitalhikma.tn\\\/fr\\\/publication\\\/acces-boutique\\\/livres-epuises\\\/%d8%a7%d9%84%d8%af%d9%8a%d9%88%d8%a7%d9%86-%d8%a7%d9%84%d8%b9%d8%b1%d8%a8%d9%8a-%d9%84%d9%85%d9%88%d9%84%d8%a7%d9%86%d8%a7-%d8%ac%d9%84%d8%a7%d9%84-%d8%a7%d9%84%d8%af%d9%8a%d9%86-%d8%a7%d9%84%d8%b1\\\/#primaryimage\"},\"thumbnailUrl\":\"https:\\\/\\\/www.beitalhikma.tn\\\/wp-content\\\/uploads\\\/2014\\\/12\\\/sans-titre.png\",\"datePublished\":\"2014-12-17T10:22:57+00:00\",\"dateModified\":\"2023-09-20T10:21:20+00:00\",\"breadcrumb\":{\"@id\":\"https:\\\/\\\/www.beitalhikma.tn\\\/fr\\\/publication\\\/acces-boutique\\\/livres-epuises\\\/%d8%a7%d9%84%d8%af%d9%8a%d9%88%d8%a7%d9%86-%d8%a7%d9%84%d8%b9%d8%b1%d8%a8%d9%8a-%d9%84%d9%85%d9%88%d9%84%d8%a7%d9%86%d8%a7-%d8%ac%d9%84%d8%a7%d9%84-%d8%a7%d9%84%d8%af%d9%8a%d9%86-%d8%a7%d9%84%d8%b1\\\/#breadcrumb\"},\"inLanguage\":\"fr-FR\",\"potentialAction\":[{\"@type\":\"ReadAction\",\"target\":[\"https:\\\/\\\/www.beitalhikma.tn\\\/fr\\\/publication\\\/acces-boutique\\\/livres-epuises\\\/%d8%a7%d9%84%d8%af%d9%8a%d9%88%d8%a7%d9%86-%d8%a7%d9%84%d8%b9%d8%b1%d8%a8%d9%8a-%d9%84%d9%85%d9%88%d9%84%d8%a7%d9%86%d8%a7-%d8%ac%d9%84%d8%a7%d9%84-%d8%a7%d9%84%d8%af%d9%8a%d9%86-%d8%a7%d9%84%d8%b1\\\/\"]}]},{\"@type\":\"ImageObject\",\"inLanguage\":\"fr-FR\",\"@id\":\"https:\\\/\\\/www.beitalhikma.tn\\\/fr\\\/publication\\\/acces-boutique\\\/livres-epuises\\\/%d8%a7%d9%84%d8%af%d9%8a%d9%88%d8%a7%d9%86-%d8%a7%d9%84%d8%b9%d8%b1%d8%a8%d9%8a-%d9%84%d9%85%d9%88%d9%84%d8%a7%d9%86%d8%a7-%d8%ac%d9%84%d8%a7%d9%84-%d8%a7%d9%84%d8%af%d9%8a%d9%86-%d8%a7%d9%84%d8%b1\\\/#primaryimage\",\"url\":\"https:\\\/\\\/www.beitalhikma.tn\\\/wp-content\\\/uploads\\\/2014\\\/12\\\/sans-titre.png\",\"contentUrl\":\"https:\\\/\\\/www.beitalhikma.tn\\\/wp-content\\\/uploads\\\/2014\\\/12\\\/sans-titre.png\",\"width\":525,\"height\":794},{\"@type\":\"BreadcrumbList\",\"@id\":\"https:\\\/\\\/www.beitalhikma.tn\\\/fr\\\/publication\\\/acces-boutique\\\/livres-epuises\\\/%d8%a7%d9%84%d8%af%d9%8a%d9%88%d8%a7%d9%86-%d8%a7%d9%84%d8%b9%d8%b1%d8%a8%d9%8a-%d9%84%d9%85%d9%88%d9%84%d8%a7%d9%86%d8%a7-%d8%ac%d9%84%d8%a7%d9%84-%d8%a7%d9%84%d8%af%d9%8a%d9%86-%d8%a7%d9%84%d8%b1\\\/#breadcrumb\",\"itemListElement\":[{\"@type\":\"ListItem\",\"position\":1,\"name\":\"Accueil\",\"item\":\"https:\\\/\\\/www.beitalhikma.tn\\\/fr\\\/\"},{\"@type\":\"ListItem\",\"position\":2,\"name\":\"Boutique\",\"item\":\"https:\\\/\\\/www.beitalhikma.tn\\\/fr\\\/boutique\\\/\"},{\"@type\":\"ListItem\",\"position\":3,\"name\":\"Le diwan arabe de Mawlana Jalal ed-Dine ar-Roumi\"}]},{\"@type\":\"WebSite\",\"@id\":\"https:\\\/\\\/www.beitalhikma.tn\\\/#website\",\"url\":\"https:\\\/\\\/www.beitalhikma.tn\\\/\",\"name\":\"Beit al-Hikma\",\"description\":\"L&#039;Acad\u00e9mie Tunisienne des Sciences, des Lettres  et des Arts\",\"publisher\":{\"@id\":\"https:\\\/\\\/www.beitalhikma.tn\\\/#organization\"},\"potentialAction\":[{\"@type\":\"SearchAction\",\"target\":{\"@type\":\"EntryPoint\",\"urlTemplate\":\"https:\\\/\\\/www.beitalhikma.tn\\\/?s={search_term_string}\"},\"query-input\":{\"@type\":\"PropertyValueSpecification\",\"valueRequired\":true,\"valueName\":\"search_term_string\"}}],\"inLanguage\":\"fr-FR\"},{\"@type\":\"Organization\",\"@id\":\"https:\\\/\\\/www.beitalhikma.tn\\\/#organization\",\"name\":\"Beit Al Hikma\",\"url\":\"https:\\\/\\\/www.beitalhikma.tn\\\/\",\"logo\":{\"@type\":\"ImageObject\",\"inLanguage\":\"fr-FR\",\"@id\":\"https:\\\/\\\/www.beitalhikma.tn\\\/#\\\/schema\\\/logo\\\/image\\\/\",\"url\":\"https:\\\/\\\/www.beitalhikma.tn\\\/wp-content\\\/uploads\\\/2014\\\/11\\\/logo.png\",\"contentUrl\":\"https:\\\/\\\/www.beitalhikma.tn\\\/wp-content\\\/uploads\\\/2014\\\/11\\\/logo.png\",\"width\":288,\"height\":109,\"caption\":\"Beit Al Hikma\"},\"image\":{\"@id\":\"https:\\\/\\\/www.beitalhikma.tn\\\/#\\\/schema\\\/logo\\\/image\\\/\"},\"sameAs\":[\"https:\\\/\\\/www.facebook.com\\\/BeitalhikmaTunisie\\\/\",\"https:\\\/\\\/x.com\\\/Beit_alhikma_TN\",\"https:\\\/\\\/www.youtube.com\\\/channel\\\/UCl8EfDXqt5MFfcEY0UYhevg\"]}]}<\/script>\n<!-- \/ Yoast SEO plugin. -->","yoast_head_json":{"title":"Le diwan arabe de Mawlana Jalal ed-Dine ar-Roumi - Beit al-Hikma","robots":{"index":"index","follow":"follow","max-snippet":"max-snippet:-1","max-image-preview":"max-image-preview:large","max-video-preview":"max-video-preview:-1"},"canonical":"https:\/\/www.beitalhikma.tn\/fr\/publication\/acces-boutique\/livres-epuises\/\u0627\u0644\u062f\u064a\u0648\u0627\u0646-\u0627\u0644\u0639\u0631\u0628\u064a-\u0644\u0645\u0648\u0644\u0627\u0646\u0627-\u062c\u0644\u0627\u0644-\u0627\u0644\u062f\u064a\u0646-\u0627\u0644\u0631\/","og_locale":"fr_FR","og_type":"article","og_title":"Le diwan arabe de Mawlana Jalal ed-Dine ar-Roumi - Beit al-Hikma","og_description":"Titre de l\u2019ouvrage : Le diwan arabe de Mawlana Jalal ed-Dine ar-Roumi Texte \u00e9tabli par : B\u00e9chir Kahouaji Langue : arabe  Date de parution : 2011  Format : 24x34  ISBN : 9789973491206  Nombre de pages : 223 Th\u00e8me : po\u00e9sie  Poids : 1900 gr Situation : \u00e9puis\u00e9","og_url":"https:\/\/www.beitalhikma.tn\/fr\/publication\/acces-boutique\/livres-epuises\/\u0627\u0644\u062f\u064a\u0648\u0627\u0646-\u0627\u0644\u0639\u0631\u0628\u064a-\u0644\u0645\u0648\u0644\u0627\u0646\u0627-\u062c\u0644\u0627\u0644-\u0627\u0644\u062f\u064a\u0646-\u0627\u0644\u0631\/","og_site_name":"Beit al-Hikma","article_publisher":"https:\/\/www.facebook.com\/BeitalhikmaTunisie\/","article_modified_time":"2023-09-20T10:21:20+00:00","og_image":[{"width":525,"height":794,"url":"https:\/\/www.beitalhikma.tn\/wp-content\/uploads\/2014\/12\/sans-titre.png","type":"image\/png"}],"twitter_card":"summary_large_image","twitter_site":"@Beit_alhikma_TN","twitter_misc":{"Dur\u00e9e de lecture estim\u00e9e":"1 minute"},"schema":{"@context":"https:\/\/schema.org","@graph":[{"@type":"WebPage","@id":"https:\/\/www.beitalhikma.tn\/fr\/publication\/acces-boutique\/livres-epuises\/%d8%a7%d9%84%d8%af%d9%8a%d9%88%d8%a7%d9%86-%d8%a7%d9%84%d8%b9%d8%b1%d8%a8%d9%8a-%d9%84%d9%85%d9%88%d9%84%d8%a7%d9%86%d8%a7-%d8%ac%d9%84%d8%a7%d9%84-%d8%a7%d9%84%d8%af%d9%8a%d9%86-%d8%a7%d9%84%d8%b1\/","url":"https:\/\/www.beitalhikma.tn\/fr\/publication\/acces-boutique\/livres-epuises\/%d8%a7%d9%84%d8%af%d9%8a%d9%88%d8%a7%d9%86-%d8%a7%d9%84%d8%b9%d8%b1%d8%a8%d9%8a-%d9%84%d9%85%d9%88%d9%84%d8%a7%d9%86%d8%a7-%d8%ac%d9%84%d8%a7%d9%84-%d8%a7%d9%84%d8%af%d9%8a%d9%86-%d8%a7%d9%84%d8%b1\/","name":"Le diwan arabe de Mawlana Jalal ed-Dine ar-Roumi - Beit al-Hikma","isPartOf":{"@id":"https:\/\/www.beitalhikma.tn\/#website"},"primaryImageOfPage":{"@id":"https:\/\/www.beitalhikma.tn\/fr\/publication\/acces-boutique\/livres-epuises\/%d8%a7%d9%84%d8%af%d9%8a%d9%88%d8%a7%d9%86-%d8%a7%d9%84%d8%b9%d8%b1%d8%a8%d9%8a-%d9%84%d9%85%d9%88%d9%84%d8%a7%d9%86%d8%a7-%d8%ac%d9%84%d8%a7%d9%84-%d8%a7%d9%84%d8%af%d9%8a%d9%86-%d8%a7%d9%84%d8%b1\/#primaryimage"},"image":{"@id":"https:\/\/www.beitalhikma.tn\/fr\/publication\/acces-boutique\/livres-epuises\/%d8%a7%d9%84%d8%af%d9%8a%d9%88%d8%a7%d9%86-%d8%a7%d9%84%d8%b9%d8%b1%d8%a8%d9%8a-%d9%84%d9%85%d9%88%d9%84%d8%a7%d9%86%d8%a7-%d8%ac%d9%84%d8%a7%d9%84-%d8%a7%d9%84%d8%af%d9%8a%d9%86-%d8%a7%d9%84%d8%b1\/#primaryimage"},"thumbnailUrl":"https:\/\/www.beitalhikma.tn\/wp-content\/uploads\/2014\/12\/sans-titre.png","datePublished":"2014-12-17T10:22:57+00:00","dateModified":"2023-09-20T10:21:20+00:00","breadcrumb":{"@id":"https:\/\/www.beitalhikma.tn\/fr\/publication\/acces-boutique\/livres-epuises\/%d8%a7%d9%84%d8%af%d9%8a%d9%88%d8%a7%d9%86-%d8%a7%d9%84%d8%b9%d8%b1%d8%a8%d9%8a-%d9%84%d9%85%d9%88%d9%84%d8%a7%d9%86%d8%a7-%d8%ac%d9%84%d8%a7%d9%84-%d8%a7%d9%84%d8%af%d9%8a%d9%86-%d8%a7%d9%84%d8%b1\/#breadcrumb"},"inLanguage":"fr-FR","potentialAction":[{"@type":"ReadAction","target":["https:\/\/www.beitalhikma.tn\/fr\/publication\/acces-boutique\/livres-epuises\/%d8%a7%d9%84%d8%af%d9%8a%d9%88%d8%a7%d9%86-%d8%a7%d9%84%d8%b9%d8%b1%d8%a8%d9%8a-%d9%84%d9%85%d9%88%d9%84%d8%a7%d9%86%d8%a7-%d8%ac%d9%84%d8%a7%d9%84-%d8%a7%d9%84%d8%af%d9%8a%d9%86-%d8%a7%d9%84%d8%b1\/"]}]},{"@type":"ImageObject","inLanguage":"fr-FR","@id":"https:\/\/www.beitalhikma.tn\/fr\/publication\/acces-boutique\/livres-epuises\/%d8%a7%d9%84%d8%af%d9%8a%d9%88%d8%a7%d9%86-%d8%a7%d9%84%d8%b9%d8%b1%d8%a8%d9%8a-%d9%84%d9%85%d9%88%d9%84%d8%a7%d9%86%d8%a7-%d8%ac%d9%84%d8%a7%d9%84-%d8%a7%d9%84%d8%af%d9%8a%d9%86-%d8%a7%d9%84%d8%b1\/#primaryimage","url":"https:\/\/www.beitalhikma.tn\/wp-content\/uploads\/2014\/12\/sans-titre.png","contentUrl":"https:\/\/www.beitalhikma.tn\/wp-content\/uploads\/2014\/12\/sans-titre.png","width":525,"height":794},{"@type":"BreadcrumbList","@id":"https:\/\/www.beitalhikma.tn\/fr\/publication\/acces-boutique\/livres-epuises\/%d8%a7%d9%84%d8%af%d9%8a%d9%88%d8%a7%d9%86-%d8%a7%d9%84%d8%b9%d8%b1%d8%a8%d9%8a-%d9%84%d9%85%d9%88%d9%84%d8%a7%d9%86%d8%a7-%d8%ac%d9%84%d8%a7%d9%84-%d8%a7%d9%84%d8%af%d9%8a%d9%86-%d8%a7%d9%84%d8%b1\/#breadcrumb","itemListElement":[{"@type":"ListItem","position":1,"name":"Accueil","item":"https:\/\/www.beitalhikma.tn\/fr\/"},{"@type":"ListItem","position":2,"name":"Boutique","item":"https:\/\/www.beitalhikma.tn\/fr\/boutique\/"},{"@type":"ListItem","position":3,"name":"Le diwan arabe de Mawlana Jalal ed-Dine ar-Roumi"}]},{"@type":"WebSite","@id":"https:\/\/www.beitalhikma.tn\/#website","url":"https:\/\/www.beitalhikma.tn\/","name":"Beit al-Hikma","description":"L&#039;Acad\u00e9mie Tunisienne des Sciences, des Lettres  et des Arts","publisher":{"@id":"https:\/\/www.beitalhikma.tn\/#organization"},"potentialAction":[{"@type":"SearchAction","target":{"@type":"EntryPoint","urlTemplate":"https:\/\/www.beitalhikma.tn\/?s={search_term_string}"},"query-input":{"@type":"PropertyValueSpecification","valueRequired":true,"valueName":"search_term_string"}}],"inLanguage":"fr-FR"},{"@type":"Organization","@id":"https:\/\/www.beitalhikma.tn\/#organization","name":"Beit Al Hikma","url":"https:\/\/www.beitalhikma.tn\/","logo":{"@type":"ImageObject","inLanguage":"fr-FR","@id":"https:\/\/www.beitalhikma.tn\/#\/schema\/logo\/image\/","url":"https:\/\/www.beitalhikma.tn\/wp-content\/uploads\/2014\/11\/logo.png","contentUrl":"https:\/\/www.beitalhikma.tn\/wp-content\/uploads\/2014\/11\/logo.png","width":288,"height":109,"caption":"Beit Al Hikma"},"image":{"@id":"https:\/\/www.beitalhikma.tn\/#\/schema\/logo\/image\/"},"sameAs":["https:\/\/www.facebook.com\/BeitalhikmaTunisie\/","https:\/\/x.com\/Beit_alhikma_TN","https:\/\/www.youtube.com\/channel\/UCl8EfDXqt5MFfcEY0UYhevg"]}]}},"uagb_featured_image_src":{"full":["https:\/\/www.beitalhikma.tn\/wp-content\/uploads\/2014\/12\/sans-titre.png",525,794,false],"thumbnail":["https:\/\/www.beitalhikma.tn\/wp-content\/uploads\/2014\/12\/sans-titre-250x300.png",250,300,true],"medium":["https:\/\/www.beitalhikma.tn\/wp-content\/uploads\/2014\/12\/sans-titre-198x300.png",198,300,true],"medium_large":["https:\/\/www.beitalhikma.tn\/wp-content\/uploads\/2014\/12\/sans-titre.png",525,794,false],"large":["https:\/\/www.beitalhikma.tn\/wp-content\/uploads\/2014\/12\/sans-titre.png",525,794,false],"thumblist":["https:\/\/www.beitalhikma.tn\/wp-content\/uploads\/2014\/12\/sans-titre.png",198,300,false],"meccarouselthumb":["https:\/\/www.beitalhikma.tn\/wp-content\/uploads\/2014\/12\/sans-titre.png",214,324,false],"gridsquare":["https:\/\/www.beitalhikma.tn\/wp-content\/uploads\/2014\/12\/sans-titre.png",172,260,false],"tileview":["https:\/\/www.beitalhikma.tn\/wp-content\/uploads\/2014\/12\/sans-titre.png",264,400,false],"1536x1536":["https:\/\/www.beitalhikma.tn\/wp-content\/uploads\/2014\/12\/sans-titre.png",525,794,false],"2048x2048":["https:\/\/www.beitalhikma.tn\/wp-content\/uploads\/2014\/12\/sans-titre.png",525,794,false],"post-thumbnail":["https:\/\/www.beitalhikma.tn\/wp-content\/uploads\/2014\/12\/sans-titre-97x146.png",97,146,true],"50x50":["https:\/\/www.beitalhikma.tn\/wp-content\/uploads\/2014\/12\/sans-titre-33x50.png",33,50,true],"portfolio-list":["https:\/\/www.beitalhikma.tn\/wp-content\/uploads\/2014\/12\/sans-titre-525x400.png",525,400,true],"portfolio-fs":["https:\/\/www.beitalhikma.tn\/wp-content\/uploads\/2014\/12\/sans-titre-525x543.png",525,543,true],"portfolio-slider":["https:\/\/www.beitalhikma.tn\/wp-content\/uploads\/2014\/12\/sans-titre-380x380.png",380,380,true],"blog":["https:\/\/www.beitalhikma.tn\/wp-content\/uploads\/2014\/12\/sans-titre-525x341.png",525,341,true],"blog-single":["https:\/\/www.beitalhikma.tn\/wp-content\/uploads\/2014\/12\/sans-titre-525x445.png",525,445,true],"blog-item":["https:\/\/www.beitalhikma.tn\/wp-content\/uploads\/2014\/12\/sans-titre-504x224.png",504,224,true],"blog-widget":["https:\/\/www.beitalhikma.tn\/wp-content\/uploads\/2014\/12\/sans-titre-80x60.png",80,60,true],"features":["https:\/\/www.beitalhikma.tn\/wp-content\/uploads\/2014\/12\/sans-titre-90x90.png",90,90,true],"clients-slider":["https:\/\/www.beitalhikma.tn\/wp-content\/uploads\/2014\/12\/sans-titre-53x80.png",53,80,true],"offer-slider":["https:\/\/www.beitalhikma.tn\/wp-content\/uploads\/2014\/12\/sans-titre-525x438.png",525,438,true],"offer-slider-pg":["https:\/\/www.beitalhikma.tn\/wp-content\/uploads\/2014\/12\/sans-titre-42x42.png",42,42,true],"woocommerce_thumbnail":["https:\/\/www.beitalhikma.tn\/wp-content\/uploads\/2014\/12\/sans-titre-250x300.png",250,300,true],"woocommerce_single":["https:\/\/www.beitalhikma.tn\/wp-content\/uploads\/2014\/12\/sans-titre-250x378.png",250,378,true],"woocommerce_gallery_thumbnail":["https:\/\/www.beitalhikma.tn\/wp-content\/uploads\/2014\/12\/sans-titre-100x100.png",100,100,true]},"uagb_author_info":{"display_name":"admin","author_link":"https:\/\/www.beitalhikma.tn\/fr\/author\/"},"uagb_comment_info":0,"uagb_excerpt":"Titre de l\u2019ouvrage : Le diwan arabe de Mawlana Jalal ed-Dine ar-Roumi Texte \u00e9tabli par : B\u00e9chir Kahouaji Langue : arabe Date de parution : 2011 Format : 24x34 ISBN : 9789973491206 Nombre de pages : 223 Th\u00e8me : po\u00e9sie Poids : 1900 gr Situation : \u00e9puis\u00e9","_links":{"self":[{"href":"https:\/\/www.beitalhikma.tn\/fr\/wp-json\/wp\/v2\/product\/287","targetHints":{"allow":["GET"]}}],"collection":[{"href":"https:\/\/www.beitalhikma.tn\/fr\/wp-json\/wp\/v2\/product"}],"about":[{"href":"https:\/\/www.beitalhikma.tn\/fr\/wp-json\/wp\/v2\/types\/product"}],"wp:featuredmedia":[{"embeddable":true,"href":"https:\/\/www.beitalhikma.tn\/fr\/wp-json\/wp\/v2\/media\/6263"}],"wp:attachment":[{"href":"https:\/\/www.beitalhikma.tn\/fr\/wp-json\/wp\/v2\/media?parent=287"}],"wp:term":[{"taxonomy":"product_brand","embeddable":true,"href":"https:\/\/www.beitalhikma.tn\/fr\/wp-json\/wp\/v2\/product_brand?post=287"},{"taxonomy":"product_cat","embeddable":true,"href":"https:\/\/www.beitalhikma.tn\/fr\/wp-json\/wp\/v2\/product_cat?post=287"},{"taxonomy":"product_tag","embeddable":true,"href":"https:\/\/www.beitalhikma.tn\/fr\/wp-json\/wp\/v2\/product_tag?post=287"}],"curies":[{"name":"wp","href":"https:\/\/api.w.org\/{rel}","templated":true}]}}