{"id":31399,"date":"2019-10-03T10:14:29","date_gmt":"2019-10-03T09:14:29","guid":{"rendered":"https:\/\/www.beitalhikma.tn\/?post_type=product&#038;p=31399"},"modified":"2022-10-11T13:15:46","modified_gmt":"2022-10-11T12:15:46","slug":"formation-a-lesprit-scientifique-et-pedagogies-experimentales","status":"publish","type":"product","link":"https:\/\/www.beitalhikma.tn\/fr\/publication\/acces-boutique\/livres-en-vente\/formation-a-lesprit-scientifique-et-pedagogies-experimentales\/","title":{"rendered":"Formation \u00e0 l\u2019esprit scientifique et p\u00e9dagogies exp\u00e9rimentales"},"content":{"rendered":"<table>\n<tbody>\n<tr>\n<td width=\"699\">&nbsp;<\/p>\n<p>Nos institutions scolaires assument-elles leurs missions \u00e9ducatives en conformit\u00e9 avec les m\u00e9thodes p\u00e9dagogiques les plus r\u00e9centes\u00a0? \u00a0\u00c0 \u00a0 quelles conditions la pens\u00e9e pourra-t-elle rompre sans concession avec l\u2019esprit dogmatique\u00a0? Comment d\u00e9passer les formes d\u2019apprentissage par mim\u00e9tisme\u00a0?<\/p>\n<p>Cet ouvrage, intitul\u00e9 Formation \u00e0 l\u2019esprit scientifique et p\u00e9dagogies exp\u00e9rimentales, qui r\u00e9unit les Actes d\u2019une Conf\u00e9rence nationale organis\u00e9e par le D\u00e9partement des Sciences naturelles et des Math\u00e9matiques de l\u2019Acad\u00e9mie tunisienne des Sciences, des Lettres et des Arts, Beit al Hikma, tenue les 11 et 12 Octobre 2018, traite de l\u2019ensemble de ces questions \u00e0 travers des approches scientifiques d\u00e9velopp\u00e9es par des universitaires sp\u00e9cialis\u00e9s dans le domaine de l\u2019\u00e9ducation et des experts internationaux en p\u00e9dagogies exp\u00e9rimentales et m\u00e9thodes modernes de la didactique.<\/td>\n<\/tr>\n<\/tbody>\n<\/table>\n","protected":false},"excerpt":{"rendered":"<ul>\n<li><strong>Titre de l\u2019ouvrage :<\/strong> Formation \u00e0 l&#8217;esprit scientifique et p\u00e9dagogies exp\u00e9rimentales<\/li>\n<li>Actes du colloque organis\u00e9 par le d\u00e9partement des sciences naturelles et des math\u00e9matiques de Be\u00eft al-Hikma les 11 et 12 octobre 2018<br \/>\n<strong>Auteur :<\/strong> ouvrage collectif sous la direction de Souad Kamoun Chouk<br \/>\n<strong>Langues :<\/strong> arabe et fran\u00e7aise<\/li>\n<li><strong>Date de parution :<\/strong> 2019<\/li>\n<li><strong>Format :<\/strong> 16&#215;24<\/li>\n<li><strong>ISBN :<\/strong> 9789973491923<\/li>\n<li><strong>Nombre de pages :<\/strong> 304<br \/>\n<strong>Th\u00e8me :<\/strong> Scientifique<\/li>\n<li><strong>Poids :<\/strong> 600 gr<br \/>\n<b>Situation : <\/b>disponible<\/li>\n<\/ul>\n","protected":false},"featured_media":25966,"template":"","meta":{"_uag_custom_page_level_css":""},"product_brand":[],"product_cat":[11],"product_tag":[],"class_list":{"0":"post-31399","1":"product","2":"type-product","3":"status-publish","4":"has-post-thumbnail","6":"product_cat-livres-en-vente","8":"first","9":"instock","10":"sale","11":"shipping-taxable","12":"purchasable","13":"product-type-simple"},"yoast_head":"<!-- This site is optimized with the Yoast SEO plugin v27.4 - https:\/\/yoast.com\/product\/yoast-seo-wordpress\/ -->\n<title>Formation \u00e0 l\u2019esprit scientifique et p\u00e9dagogies exp\u00e9rimentales - Beit al-Hikma<\/title>\n<meta name=\"robots\" content=\"index, follow, max-snippet:-1, max-image-preview:large, max-video-preview:-1\" \/>\n<link rel=\"canonical\" href=\"https:\/\/www.beitalhikma.tn\/fr\/publication\/acces-boutique\/livres-en-vente\/formation-a-lesprit-scientifique-et-pedagogies-experimentales\/\" \/>\n<meta property=\"og:locale\" content=\"fr_FR\" \/>\n<meta property=\"og:type\" content=\"article\" \/>\n<meta property=\"og:title\" content=\"Formation \u00e0 l\u2019esprit scientifique et p\u00e9dagogies exp\u00e9rimentales - Beit al-Hikma\" \/>\n<meta property=\"og:description\" content=\"Titre de l\u2019ouvrage : Formation \u00e0 l&#039;esprit scientifique et p\u00e9dagogies exp\u00e9rimentales  Actes du colloque organis\u00e9 par le d\u00e9partement des sciences naturelles et des math\u00e9matiques de Be\u00eft al-Hikma les 11 et 12 octobre 2018 Auteur : ouvrage collectif sous la direction de Souad Kamoun Chouk Langues : arabe et fran\u00e7aise  Date de parution : 2019  Format : 16x24  ISBN : 9789973491923  Nombre de pages : 304 Th\u00e8me : Scientifique  Poids : 600 gr Situation : disponible\" \/>\n<meta property=\"og:url\" content=\"https:\/\/www.beitalhikma.tn\/fr\/publication\/acces-boutique\/livres-en-vente\/formation-a-lesprit-scientifique-et-pedagogies-experimentales\/\" \/>\n<meta property=\"og:site_name\" content=\"Beit al-Hikma\" \/>\n<meta property=\"article:publisher\" content=\"https:\/\/www.facebook.com\/BeitalhikmaTunisie\/\" \/>\n<meta property=\"article:modified_time\" content=\"2022-10-11T12:15:46+00:00\" \/>\n<meta property=\"og:image\" content=\"https:\/\/www.beitalhikma.tn\/wp-content\/uploads\/2019\/05\/scan4.jpg\" \/>\n\t<meta property=\"og:image:width\" content=\"1889\" \/>\n\t<meta property=\"og:image:height\" content=\"2894\" \/>\n\t<meta property=\"og:image:type\" content=\"image\/jpeg\" \/>\n<meta name=\"twitter:card\" content=\"summary_large_image\" \/>\n<meta name=\"twitter:site\" content=\"@Beit_alhikma_TN\" \/>\n<meta name=\"twitter:label1\" content=\"Dur\u00e9e de lecture estim\u00e9e\" \/>\n\t<meta name=\"twitter:data1\" content=\"1 minute\" \/>\n<script type=\"application\/ld+json\" class=\"yoast-schema-graph\">{\"@context\":\"https:\\\/\\\/schema.org\",\"@graph\":[{\"@type\":\"WebPage\",\"@id\":\"https:\\\/\\\/www.beitalhikma.tn\\\/fr\\\/publication\\\/acces-boutique\\\/livres-en-vente\\\/formation-a-lesprit-scientifique-et-pedagogies-experimentales\\\/\",\"url\":\"https:\\\/\\\/www.beitalhikma.tn\\\/fr\\\/publication\\\/acces-boutique\\\/livres-en-vente\\\/formation-a-lesprit-scientifique-et-pedagogies-experimentales\\\/\",\"name\":\"Formation \u00e0 l\u2019esprit scientifique et p\u00e9dagogies exp\u00e9rimentales - Beit al-Hikma\",\"isPartOf\":{\"@id\":\"https:\\\/\\\/www.beitalhikma.tn\\\/#website\"},\"primaryImageOfPage\":{\"@id\":\"https:\\\/\\\/www.beitalhikma.tn\\\/fr\\\/publication\\\/acces-boutique\\\/livres-en-vente\\\/formation-a-lesprit-scientifique-et-pedagogies-experimentales\\\/#primaryimage\"},\"image\":{\"@id\":\"https:\\\/\\\/www.beitalhikma.tn\\\/fr\\\/publication\\\/acces-boutique\\\/livres-en-vente\\\/formation-a-lesprit-scientifique-et-pedagogies-experimentales\\\/#primaryimage\"},\"thumbnailUrl\":\"https:\\\/\\\/www.beitalhikma.tn\\\/wp-content\\\/uploads\\\/2019\\\/05\\\/scan4-scaled.jpg\",\"datePublished\":\"2019-10-03T09:14:29+00:00\",\"dateModified\":\"2022-10-11T12:15:46+00:00\",\"breadcrumb\":{\"@id\":\"https:\\\/\\\/www.beitalhikma.tn\\\/fr\\\/publication\\\/acces-boutique\\\/livres-en-vente\\\/formation-a-lesprit-scientifique-et-pedagogies-experimentales\\\/#breadcrumb\"},\"inLanguage\":\"fr-FR\",\"potentialAction\":[{\"@type\":\"ReadAction\",\"target\":[\"https:\\\/\\\/www.beitalhikma.tn\\\/fr\\\/publication\\\/acces-boutique\\\/livres-en-vente\\\/formation-a-lesprit-scientifique-et-pedagogies-experimentales\\\/\"]}]},{\"@type\":\"ImageObject\",\"inLanguage\":\"fr-FR\",\"@id\":\"https:\\\/\\\/www.beitalhikma.tn\\\/fr\\\/publication\\\/acces-boutique\\\/livres-en-vente\\\/formation-a-lesprit-scientifique-et-pedagogies-experimentales\\\/#primaryimage\",\"url\":\"https:\\\/\\\/www.beitalhikma.tn\\\/wp-content\\\/uploads\\\/2019\\\/05\\\/scan4-scaled.jpg\",\"contentUrl\":\"https:\\\/\\\/www.beitalhikma.tn\\\/wp-content\\\/uploads\\\/2019\\\/05\\\/scan4-scaled.jpg\",\"width\":1671,\"height\":2560},{\"@type\":\"BreadcrumbList\",\"@id\":\"https:\\\/\\\/www.beitalhikma.tn\\\/fr\\\/publication\\\/acces-boutique\\\/livres-en-vente\\\/formation-a-lesprit-scientifique-et-pedagogies-experimentales\\\/#breadcrumb\",\"itemListElement\":[{\"@type\":\"ListItem\",\"position\":1,\"name\":\"Accueil\",\"item\":\"https:\\\/\\\/www.beitalhikma.tn\\\/fr\\\/\"},{\"@type\":\"ListItem\",\"position\":2,\"name\":\"Boutique\",\"item\":\"https:\\\/\\\/www.beitalhikma.tn\\\/fr\\\/boutique\\\/\"},{\"@type\":\"ListItem\",\"position\":3,\"name\":\"Formation \u00e0 l\u2019esprit scientifique et p\u00e9dagogies exp\u00e9rimentales\"}]},{\"@type\":\"WebSite\",\"@id\":\"https:\\\/\\\/www.beitalhikma.tn\\\/#website\",\"url\":\"https:\\\/\\\/www.beitalhikma.tn\\\/\",\"name\":\"Beit al-Hikma\",\"description\":\"L&#039;Acad\u00e9mie Tunisienne des Sciences, des Lettres  et des Arts\",\"publisher\":{\"@id\":\"https:\\\/\\\/www.beitalhikma.tn\\\/#organization\"},\"potentialAction\":[{\"@type\":\"SearchAction\",\"target\":{\"@type\":\"EntryPoint\",\"urlTemplate\":\"https:\\\/\\\/www.beitalhikma.tn\\\/?s={search_term_string}\"},\"query-input\":{\"@type\":\"PropertyValueSpecification\",\"valueRequired\":true,\"valueName\":\"search_term_string\"}}],\"inLanguage\":\"fr-FR\"},{\"@type\":\"Organization\",\"@id\":\"https:\\\/\\\/www.beitalhikma.tn\\\/#organization\",\"name\":\"Beit Al Hikma\",\"url\":\"https:\\\/\\\/www.beitalhikma.tn\\\/\",\"logo\":{\"@type\":\"ImageObject\",\"inLanguage\":\"fr-FR\",\"@id\":\"https:\\\/\\\/www.beitalhikma.tn\\\/#\\\/schema\\\/logo\\\/image\\\/\",\"url\":\"https:\\\/\\\/www.beitalhikma.tn\\\/wp-content\\\/uploads\\\/2014\\\/11\\\/logo.png\",\"contentUrl\":\"https:\\\/\\\/www.beitalhikma.tn\\\/wp-content\\\/uploads\\\/2014\\\/11\\\/logo.png\",\"width\":288,\"height\":109,\"caption\":\"Beit Al Hikma\"},\"image\":{\"@id\":\"https:\\\/\\\/www.beitalhikma.tn\\\/#\\\/schema\\\/logo\\\/image\\\/\"},\"sameAs\":[\"https:\\\/\\\/www.facebook.com\\\/BeitalhikmaTunisie\\\/\",\"https:\\\/\\\/x.com\\\/Beit_alhikma_TN\",\"https:\\\/\\\/www.youtube.com\\\/channel\\\/UCl8EfDXqt5MFfcEY0UYhevg\"]}]}<\/script>\n<!-- \/ Yoast SEO plugin. -->","yoast_head_json":{"title":"Formation \u00e0 l\u2019esprit scientifique et p\u00e9dagogies exp\u00e9rimentales - Beit al-Hikma","robots":{"index":"index","follow":"follow","max-snippet":"max-snippet:-1","max-image-preview":"max-image-preview:large","max-video-preview":"max-video-preview:-1"},"canonical":"https:\/\/www.beitalhikma.tn\/fr\/publication\/acces-boutique\/livres-en-vente\/formation-a-lesprit-scientifique-et-pedagogies-experimentales\/","og_locale":"fr_FR","og_type":"article","og_title":"Formation \u00e0 l\u2019esprit scientifique et p\u00e9dagogies exp\u00e9rimentales - Beit al-Hikma","og_description":"Titre de l\u2019ouvrage : Formation \u00e0 l'esprit scientifique et p\u00e9dagogies exp\u00e9rimentales  Actes du colloque organis\u00e9 par le d\u00e9partement des sciences naturelles et des math\u00e9matiques de Be\u00eft al-Hikma les 11 et 12 octobre 2018 Auteur : ouvrage collectif sous la direction de Souad Kamoun Chouk Langues : arabe et fran\u00e7aise  Date de parution : 2019  Format : 16x24  ISBN : 9789973491923  Nombre de pages : 304 Th\u00e8me : Scientifique  Poids : 600 gr Situation : disponible","og_url":"https:\/\/www.beitalhikma.tn\/fr\/publication\/acces-boutique\/livres-en-vente\/formation-a-lesprit-scientifique-et-pedagogies-experimentales\/","og_site_name":"Beit al-Hikma","article_publisher":"https:\/\/www.facebook.com\/BeitalhikmaTunisie\/","article_modified_time":"2022-10-11T12:15:46+00:00","og_image":[{"width":1889,"height":2894,"url":"https:\/\/www.beitalhikma.tn\/wp-content\/uploads\/2019\/05\/scan4.jpg","type":"image\/jpeg"}],"twitter_card":"summary_large_image","twitter_site":"@Beit_alhikma_TN","twitter_misc":{"Dur\u00e9e de lecture estim\u00e9e":"1 minute"},"schema":{"@context":"https:\/\/schema.org","@graph":[{"@type":"WebPage","@id":"https:\/\/www.beitalhikma.tn\/fr\/publication\/acces-boutique\/livres-en-vente\/formation-a-lesprit-scientifique-et-pedagogies-experimentales\/","url":"https:\/\/www.beitalhikma.tn\/fr\/publication\/acces-boutique\/livres-en-vente\/formation-a-lesprit-scientifique-et-pedagogies-experimentales\/","name":"Formation \u00e0 l\u2019esprit scientifique et p\u00e9dagogies exp\u00e9rimentales - Beit al-Hikma","isPartOf":{"@id":"https:\/\/www.beitalhikma.tn\/#website"},"primaryImageOfPage":{"@id":"https:\/\/www.beitalhikma.tn\/fr\/publication\/acces-boutique\/livres-en-vente\/formation-a-lesprit-scientifique-et-pedagogies-experimentales\/#primaryimage"},"image":{"@id":"https:\/\/www.beitalhikma.tn\/fr\/publication\/acces-boutique\/livres-en-vente\/formation-a-lesprit-scientifique-et-pedagogies-experimentales\/#primaryimage"},"thumbnailUrl":"https:\/\/www.beitalhikma.tn\/wp-content\/uploads\/2019\/05\/scan4-scaled.jpg","datePublished":"2019-10-03T09:14:29+00:00","dateModified":"2022-10-11T12:15:46+00:00","breadcrumb":{"@id":"https:\/\/www.beitalhikma.tn\/fr\/publication\/acces-boutique\/livres-en-vente\/formation-a-lesprit-scientifique-et-pedagogies-experimentales\/#breadcrumb"},"inLanguage":"fr-FR","potentialAction":[{"@type":"ReadAction","target":["https:\/\/www.beitalhikma.tn\/fr\/publication\/acces-boutique\/livres-en-vente\/formation-a-lesprit-scientifique-et-pedagogies-experimentales\/"]}]},{"@type":"ImageObject","inLanguage":"fr-FR","@id":"https:\/\/www.beitalhikma.tn\/fr\/publication\/acces-boutique\/livres-en-vente\/formation-a-lesprit-scientifique-et-pedagogies-experimentales\/#primaryimage","url":"https:\/\/www.beitalhikma.tn\/wp-content\/uploads\/2019\/05\/scan4-scaled.jpg","contentUrl":"https:\/\/www.beitalhikma.tn\/wp-content\/uploads\/2019\/05\/scan4-scaled.jpg","width":1671,"height":2560},{"@type":"BreadcrumbList","@id":"https:\/\/www.beitalhikma.tn\/fr\/publication\/acces-boutique\/livres-en-vente\/formation-a-lesprit-scientifique-et-pedagogies-experimentales\/#breadcrumb","itemListElement":[{"@type":"ListItem","position":1,"name":"Accueil","item":"https:\/\/www.beitalhikma.tn\/fr\/"},{"@type":"ListItem","position":2,"name":"Boutique","item":"https:\/\/www.beitalhikma.tn\/fr\/boutique\/"},{"@type":"ListItem","position":3,"name":"Formation \u00e0 l\u2019esprit scientifique et p\u00e9dagogies exp\u00e9rimentales"}]},{"@type":"WebSite","@id":"https:\/\/www.beitalhikma.tn\/#website","url":"https:\/\/www.beitalhikma.tn\/","name":"Beit al-Hikma","description":"L&#039;Acad\u00e9mie Tunisienne des Sciences, des Lettres  et des Arts","publisher":{"@id":"https:\/\/www.beitalhikma.tn\/#organization"},"potentialAction":[{"@type":"SearchAction","target":{"@type":"EntryPoint","urlTemplate":"https:\/\/www.beitalhikma.tn\/?s={search_term_string}"},"query-input":{"@type":"PropertyValueSpecification","valueRequired":true,"valueName":"search_term_string"}}],"inLanguage":"fr-FR"},{"@type":"Organization","@id":"https:\/\/www.beitalhikma.tn\/#organization","name":"Beit Al Hikma","url":"https:\/\/www.beitalhikma.tn\/","logo":{"@type":"ImageObject","inLanguage":"fr-FR","@id":"https:\/\/www.beitalhikma.tn\/#\/schema\/logo\/image\/","url":"https:\/\/www.beitalhikma.tn\/wp-content\/uploads\/2014\/11\/logo.png","contentUrl":"https:\/\/www.beitalhikma.tn\/wp-content\/uploads\/2014\/11\/logo.png","width":288,"height":109,"caption":"Beit Al Hikma"},"image":{"@id":"https:\/\/www.beitalhikma.tn\/#\/schema\/logo\/image\/"},"sameAs":["https:\/\/www.facebook.com\/BeitalhikmaTunisie\/","https:\/\/x.com\/Beit_alhikma_TN","https:\/\/www.youtube.com\/channel\/UCl8EfDXqt5MFfcEY0UYhevg"]}]}},"uagb_featured_image_src":{"full":["https:\/\/www.beitalhikma.tn\/wp-content\/uploads\/2019\/05\/scan4-scaled.jpg",1671,2560,false],"thumbnail":["https:\/\/www.beitalhikma.tn\/wp-content\/uploads\/2019\/05\/scan4-250x300.jpg",250,300,true],"medium":["https:\/\/www.beitalhikma.tn\/wp-content\/uploads\/2019\/05\/scan4-196x300.jpg",196,300,true],"medium_large":["https:\/\/www.beitalhikma.tn\/wp-content\/uploads\/2019\/05\/scan4-768x1177.jpg",768,1177,true],"large":["https:\/\/www.beitalhikma.tn\/wp-content\/uploads\/2019\/05\/scan4-668x1024.jpg",668,1024,true],"thumblist":["https:\/\/www.beitalhikma.tn\/wp-content\/uploads\/2019\/05\/scan4-300x300.jpg",300,300,true],"meccarouselthumb":["https:\/\/www.beitalhikma.tn\/wp-content\/uploads\/2019\/05\/scan4-474x324.jpg",474,324,true],"gridsquare":["https:\/\/www.beitalhikma.tn\/wp-content\/uploads\/2019\/05\/scan4-scaled.jpg",170,260,false],"tileview":["https:\/\/www.beitalhikma.tn\/wp-content\/uploads\/2019\/05\/scan4-scaled.jpg",261,400,false],"1536x1536":["https:\/\/www.beitalhikma.tn\/wp-content\/uploads\/2019\/05\/scan4-scaled.jpg",1003,1536,false],"2048x2048":["https:\/\/www.beitalhikma.tn\/wp-content\/uploads\/2019\/05\/scan4-scaled.jpg",1337,2048,false],"post-thumbnail":["https:\/\/www.beitalhikma.tn\/wp-content\/uploads\/2019\/05\/scan4-95x146.jpg",95,146,true],"50x50":["https:\/\/www.beitalhikma.tn\/wp-content\/uploads\/2019\/05\/scan4-33x50.jpg",33,50,true],"portfolio-list":["https:\/\/www.beitalhikma.tn\/wp-content\/uploads\/2019\/05\/scan4-600x400.jpg",600,400,true],"portfolio-fs":["https:\/\/www.beitalhikma.tn\/wp-content\/uploads\/2019\/05\/scan4-815x543.jpg",815,543,true],"portfolio-slider":["https:\/\/www.beitalhikma.tn\/wp-content\/uploads\/2019\/05\/scan4-380x380.jpg",380,380,true],"blog":["https:\/\/www.beitalhikma.tn\/wp-content\/uploads\/2019\/05\/scan4-564x341.jpg",564,341,true],"blog-single":["https:\/\/www.beitalhikma.tn\/wp-content\/uploads\/2019\/05\/scan4-1176x445.jpg",1176,445,true],"blog-item":["https:\/\/www.beitalhikma.tn\/wp-content\/uploads\/2019\/05\/scan4-504x224.jpg",504,224,true],"blog-widget":["https:\/\/www.beitalhikma.tn\/wp-content\/uploads\/2019\/05\/scan4-80x60.jpg",80,60,true],"features":["https:\/\/www.beitalhikma.tn\/wp-content\/uploads\/2019\/05\/scan4-90x90.jpg",90,90,true],"clients-slider":["https:\/\/www.beitalhikma.tn\/wp-content\/uploads\/2019\/05\/scan4-52x80.jpg",52,80,true],"offer-slider":["https:\/\/www.beitalhikma.tn\/wp-content\/uploads\/2019\/05\/scan4-776x438.jpg",776,438,true],"offer-slider-pg":["https:\/\/www.beitalhikma.tn\/wp-content\/uploads\/2019\/05\/scan4-42x42.jpg",42,42,true],"woocommerce_thumbnail":["https:\/\/www.beitalhikma.tn\/wp-content\/uploads\/2019\/05\/scan4-250x300.jpg",250,300,true],"woocommerce_single":["https:\/\/www.beitalhikma.tn\/wp-content\/uploads\/2019\/05\/scan4-250x383.jpg",250,383,true],"woocommerce_gallery_thumbnail":["https:\/\/www.beitalhikma.tn\/wp-content\/uploads\/2019\/05\/scan4-100x100.jpg",100,100,true]},"uagb_author_info":{"display_name":"admin","author_link":"https:\/\/www.beitalhikma.tn\/fr\/author\/"},"uagb_comment_info":0,"uagb_excerpt":"Titre de l\u2019ouvrage : Formation \u00e0 l'esprit scientifique et p\u00e9dagogies exp\u00e9rimentales Actes du colloque organis\u00e9 par le d\u00e9partement des sciences naturelles et des math\u00e9matiques de Be\u00eft al-Hikma les 11 et 12 octobre 2018 Auteur : ouvrage collectif sous la direction de Souad Kamoun Chouk Langues : arabe et fran\u00e7aise Date de parution : 2019 Format\u2026","_links":{"self":[{"href":"https:\/\/www.beitalhikma.tn\/fr\/wp-json\/wp\/v2\/product\/31399","targetHints":{"allow":["GET"]}}],"collection":[{"href":"https:\/\/www.beitalhikma.tn\/fr\/wp-json\/wp\/v2\/product"}],"about":[{"href":"https:\/\/www.beitalhikma.tn\/fr\/wp-json\/wp\/v2\/types\/product"}],"wp:featuredmedia":[{"embeddable":true,"href":"https:\/\/www.beitalhikma.tn\/fr\/wp-json\/wp\/v2\/media\/25966"}],"wp:attachment":[{"href":"https:\/\/www.beitalhikma.tn\/fr\/wp-json\/wp\/v2\/media?parent=31399"}],"wp:term":[{"taxonomy":"product_brand","embeddable":true,"href":"https:\/\/www.beitalhikma.tn\/fr\/wp-json\/wp\/v2\/product_brand?post=31399"},{"taxonomy":"product_cat","embeddable":true,"href":"https:\/\/www.beitalhikma.tn\/fr\/wp-json\/wp\/v2\/product_cat?post=31399"},{"taxonomy":"product_tag","embeddable":true,"href":"https:\/\/www.beitalhikma.tn\/fr\/wp-json\/wp\/v2\/product_tag?post=31399"}],"curies":[{"name":"wp","href":"https:\/\/api.w.org\/{rel}","templated":true}]}}