{"id":31404,"date":"2019-10-03T14:21:45","date_gmt":"2019-10-03T13:21:45","guid":{"rendered":"https:\/\/www.beitalhikma.tn\/publication\/acces-boutique\/non%20class\u00e9\/31404\/"},"modified":"2022-10-11T13:38:36","modified_gmt":"2022-10-11T12:38:36","slug":"31404","status":"publish","type":"product","link":"https:\/\/www.beitalhikma.tn\/fr\/publication\/acces-boutique\/livres-en-vente\/31404\/","title":{"rendered":"Naissance de la politique moderne : Machiavel, Hobbes, Rousseau"},"content":{"rendered":"<table>\n<tbody>\n<tr>\n<td width=\"699\">L\u2019ouvrage entre dans le cadre des publications consacr\u00e9es \u00e0 la pens\u00e9e politique moderne. Pierre Manent, philosophe fran\u00e7ais contemporain, interroge, ici, les naissances multiples de cette pens\u00e9e \u00e0 travers l\u2019\u0153uvre des principaux philosophes qui en furent les fondateurs.<\/p>\n<p>La premi\u00e8re de ces naissances fut l\u2019\u0153uvre du ma\u00eetre de la th\u00e9orie politique r\u00e9aliste, le philosophe italien Machiavel qui, selon l\u2019auteur, a rompu avec la philosophie politique traditionnelle fond\u00e9e sur les recommandations morales. La pens\u00e9e politique est pour Machiavel tributaire du contexte r\u00e9el, et c\u2019est pourquoi Pierre Manent consid\u00e8re ce philosophe comme le p\u00e8re l\u00e9gitime de l\u2019observation scientifique dans le domaine de la politique.<\/p>\n<p>L\u2019auteur attribue la deuxi\u00e8me naissance au philosophe anglais Hobbes qui postule que les sciences politiques doivent avoir pour fondement les r\u00e8gles de la science. Hobbes a renforc\u00e9 la premi\u00e8re naissance par l\u2019institutionnalisation de la pratique politique en vue de jeter les bases d\u2019un syst\u00e8me politique contractuel.<\/p>\n<p>La troisi\u00e8me naissance repr\u00e9sent\u00e9e par la philosophie politique de Jean-Jacques Rousseau pointe, en v\u00e9rit\u00e9, le vide moral dont souffrait l\u2019homme des Lumi\u00e8res du fait de l\u2019\u00e9ducation sociale qu\u2019il a re\u00e7ue. La nature humaine est bonne, mais le tissu social est corrupteur, et c\u2019est pourquoi Rousseau inscrit le politique dans le r\u00e9el de la vie.<\/p>\n<p>Ces trois naissances constituent une rupture \u00e9pist\u00e9mologique avec l\u2019utopie politique.<\/p>\n<p><strong>\u00a0<\/strong><\/td>\n<\/tr>\n<\/tbody>\n<\/table>\n","protected":false},"excerpt":{"rendered":"<ul>\n<li><strong>Titre de l\u2019ouvrage :<\/strong> Naissance de la politique moderne : Machiavel, Hobbes, Rousseau<br \/>\n<strong>Auteur :<\/strong> Pierre Manent<br \/>\n<strong>Traduction , pr\u00e9sentation et commentaires :<\/strong> Mohamed Karray Aouichaoui<\/li>\n<li><strong>R\u00e9vision :<\/strong> F\u00e9thi Triki<\/li>\n<li><strong>Langue :<\/strong> arabe<\/li>\n<li><strong>Date de parution :<\/strong> 2019<\/li>\n<li><strong>Format :<\/strong> 16&#215;24<\/li>\n<li><strong>ISBN :<\/strong> 9789973491992<\/li>\n<li><strong>Nombre de pages :<\/strong> 275<br \/>\n<strong>Th\u00e8me :<\/strong> essai<\/li>\n<li><strong>Poids :<\/strong> 500 gr<br \/>\n<b>Situation : <\/b>disponible<\/li>\n<\/ul>\n","protected":false},"featured_media":30160,"template":"","meta":{"_uag_custom_page_level_css":""},"product_brand":[],"product_cat":[11],"product_tag":[],"class_list":{"0":"post-31404","1":"product","2":"type-product","3":"status-publish","4":"has-post-thumbnail","6":"product_cat-livres-en-vente","8":"first","9":"instock","10":"sale","11":"shipping-taxable","12":"purchasable","13":"product-type-simple"},"yoast_head":"<!-- This site is optimized with the Yoast SEO plugin v27.5 - https:\/\/yoast.com\/product\/yoast-seo-wordpress\/ -->\n<title>Naissance de la politique moderne : Machiavel, Hobbes, Rousseau - Beit al-Hikma<\/title>\n<meta name=\"robots\" content=\"index, follow, max-snippet:-1, max-image-preview:large, max-video-preview:-1\" \/>\n<link rel=\"canonical\" href=\"https:\/\/www.beitalhikma.tn\/fr\/publication\/acces-boutique\/livres-en-vente\/31404\/\" \/>\n<meta property=\"og:locale\" content=\"fr_FR\" \/>\n<meta property=\"og:type\" content=\"article\" \/>\n<meta property=\"og:title\" content=\"Naissance de la politique moderne : Machiavel, Hobbes, Rousseau - Beit al-Hikma\" \/>\n<meta property=\"og:description\" content=\"Titre de l\u2019ouvrage : Naissance de la politique moderne : Machiavel, Hobbes, Rousseau Auteur : Pierre Manent Traduction , pr\u00e9sentation et commentaires : Mohamed Karray Aouichaoui  R\u00e9vision : F\u00e9thi Triki  Langue : arabe  Date de parution : 2019  Format : 16x24  ISBN : 9789973491992  Nombre de pages : 275 Th\u00e8me : essai  Poids : 500 gr Situation : disponible\" \/>\n<meta property=\"og:url\" content=\"https:\/\/www.beitalhikma.tn\/fr\/publication\/acces-boutique\/livres-en-vente\/31404\/\" \/>\n<meta property=\"og:site_name\" content=\"Beit al-Hikma\" \/>\n<meta property=\"article:publisher\" content=\"https:\/\/www.facebook.com\/BeitalhikmaTunisie\/\" \/>\n<meta property=\"article:modified_time\" content=\"2022-10-11T12:38:36+00:00\" \/>\n<meta property=\"og:image\" content=\"https:\/\/www.beitalhikma.tn\/wp-content\/uploads\/2019\/07\/couverture-miniature.jpg\" \/>\n\t<meta property=\"og:image:width\" content=\"204\" \/>\n\t<meta property=\"og:image:height\" content=\"313\" \/>\n\t<meta property=\"og:image:type\" content=\"image\/jpeg\" \/>\n<meta name=\"twitter:card\" content=\"summary_large_image\" \/>\n<meta name=\"twitter:site\" content=\"@Beit_alhikma_TN\" \/>\n<meta name=\"twitter:label1\" content=\"Dur\u00e9e de lecture estim\u00e9e\" \/>\n\t<meta name=\"twitter:data1\" content=\"1 minute\" \/>\n<script type=\"application\/ld+json\" class=\"yoast-schema-graph\">{\"@context\":\"https:\\\/\\\/schema.org\",\"@graph\":[{\"@type\":\"WebPage\",\"@id\":\"https:\\\/\\\/www.beitalhikma.tn\\\/fr\\\/publication\\\/acces-boutique\\\/livres-en-vente\\\/31404\\\/\",\"url\":\"https:\\\/\\\/www.beitalhikma.tn\\\/fr\\\/publication\\\/acces-boutique\\\/livres-en-vente\\\/31404\\\/\",\"name\":\"Naissance de la politique moderne : Machiavel, Hobbes, Rousseau - Beit al-Hikma\",\"isPartOf\":{\"@id\":\"https:\\\/\\\/www.beitalhikma.tn\\\/#website\"},\"primaryImageOfPage\":{\"@id\":\"https:\\\/\\\/www.beitalhikma.tn\\\/fr\\\/publication\\\/acces-boutique\\\/livres-en-vente\\\/31404\\\/#primaryimage\"},\"image\":{\"@id\":\"https:\\\/\\\/www.beitalhikma.tn\\\/fr\\\/publication\\\/acces-boutique\\\/livres-en-vente\\\/31404\\\/#primaryimage\"},\"thumbnailUrl\":\"https:\\\/\\\/www.beitalhikma.tn\\\/wp-content\\\/uploads\\\/2019\\\/07\\\/couverture-miniature.jpg\",\"datePublished\":\"2019-10-03T13:21:45+00:00\",\"dateModified\":\"2022-10-11T12:38:36+00:00\",\"breadcrumb\":{\"@id\":\"https:\\\/\\\/www.beitalhikma.tn\\\/fr\\\/publication\\\/acces-boutique\\\/livres-en-vente\\\/31404\\\/#breadcrumb\"},\"inLanguage\":\"fr-FR\",\"potentialAction\":[{\"@type\":\"ReadAction\",\"target\":[\"https:\\\/\\\/www.beitalhikma.tn\\\/fr\\\/publication\\\/acces-boutique\\\/livres-en-vente\\\/31404\\\/\"]}]},{\"@type\":\"ImageObject\",\"inLanguage\":\"fr-FR\",\"@id\":\"https:\\\/\\\/www.beitalhikma.tn\\\/fr\\\/publication\\\/acces-boutique\\\/livres-en-vente\\\/31404\\\/#primaryimage\",\"url\":\"https:\\\/\\\/www.beitalhikma.tn\\\/wp-content\\\/uploads\\\/2019\\\/07\\\/couverture-miniature.jpg\",\"contentUrl\":\"https:\\\/\\\/www.beitalhikma.tn\\\/wp-content\\\/uploads\\\/2019\\\/07\\\/couverture-miniature.jpg\",\"width\":204,\"height\":313},{\"@type\":\"BreadcrumbList\",\"@id\":\"https:\\\/\\\/www.beitalhikma.tn\\\/fr\\\/publication\\\/acces-boutique\\\/livres-en-vente\\\/31404\\\/#breadcrumb\",\"itemListElement\":[{\"@type\":\"ListItem\",\"position\":1,\"name\":\"Accueil\",\"item\":\"https:\\\/\\\/www.beitalhikma.tn\\\/fr\\\/\"},{\"@type\":\"ListItem\",\"position\":2,\"name\":\"Boutique\",\"item\":\"https:\\\/\\\/www.beitalhikma.tn\\\/fr\\\/boutique\\\/\"},{\"@type\":\"ListItem\",\"position\":3,\"name\":\"Naissance de la politique moderne : Machiavel, Hobbes, Rousseau\"}]},{\"@type\":\"WebSite\",\"@id\":\"https:\\\/\\\/www.beitalhikma.tn\\\/#website\",\"url\":\"https:\\\/\\\/www.beitalhikma.tn\\\/\",\"name\":\"Beit al-Hikma\",\"description\":\"L&#039;Acad\u00e9mie Tunisienne des Sciences, des Lettres  et des Arts\",\"publisher\":{\"@id\":\"https:\\\/\\\/www.beitalhikma.tn\\\/#organization\"},\"potentialAction\":[{\"@type\":\"SearchAction\",\"target\":{\"@type\":\"EntryPoint\",\"urlTemplate\":\"https:\\\/\\\/www.beitalhikma.tn\\\/?s={search_term_string}\"},\"query-input\":{\"@type\":\"PropertyValueSpecification\",\"valueRequired\":true,\"valueName\":\"search_term_string\"}}],\"inLanguage\":\"fr-FR\"},{\"@type\":\"Organization\",\"@id\":\"https:\\\/\\\/www.beitalhikma.tn\\\/#organization\",\"name\":\"Beit Al Hikma\",\"url\":\"https:\\\/\\\/www.beitalhikma.tn\\\/\",\"logo\":{\"@type\":\"ImageObject\",\"inLanguage\":\"fr-FR\",\"@id\":\"https:\\\/\\\/www.beitalhikma.tn\\\/#\\\/schema\\\/logo\\\/image\\\/\",\"url\":\"https:\\\/\\\/www.beitalhikma.tn\\\/wp-content\\\/uploads\\\/2014\\\/11\\\/logo.png\",\"contentUrl\":\"https:\\\/\\\/www.beitalhikma.tn\\\/wp-content\\\/uploads\\\/2014\\\/11\\\/logo.png\",\"width\":288,\"height\":109,\"caption\":\"Beit Al Hikma\"},\"image\":{\"@id\":\"https:\\\/\\\/www.beitalhikma.tn\\\/#\\\/schema\\\/logo\\\/image\\\/\"},\"sameAs\":[\"https:\\\/\\\/www.facebook.com\\\/BeitalhikmaTunisie\\\/\",\"https:\\\/\\\/x.com\\\/Beit_alhikma_TN\",\"https:\\\/\\\/www.youtube.com\\\/channel\\\/UCl8EfDXqt5MFfcEY0UYhevg\"]}]}<\/script>\n<!-- \/ Yoast SEO plugin. -->","yoast_head_json":{"title":"Naissance de la politique moderne : Machiavel, Hobbes, Rousseau - Beit al-Hikma","robots":{"index":"index","follow":"follow","max-snippet":"max-snippet:-1","max-image-preview":"max-image-preview:large","max-video-preview":"max-video-preview:-1"},"canonical":"https:\/\/www.beitalhikma.tn\/fr\/publication\/acces-boutique\/livres-en-vente\/31404\/","og_locale":"fr_FR","og_type":"article","og_title":"Naissance de la politique moderne : Machiavel, Hobbes, Rousseau - Beit al-Hikma","og_description":"Titre de l\u2019ouvrage : Naissance de la politique moderne : Machiavel, Hobbes, Rousseau Auteur : Pierre Manent Traduction , pr\u00e9sentation et commentaires : Mohamed Karray Aouichaoui  R\u00e9vision : F\u00e9thi Triki  Langue : arabe  Date de parution : 2019  Format : 16x24  ISBN : 9789973491992  Nombre de pages : 275 Th\u00e8me : essai  Poids : 500 gr Situation : disponible","og_url":"https:\/\/www.beitalhikma.tn\/fr\/publication\/acces-boutique\/livres-en-vente\/31404\/","og_site_name":"Beit al-Hikma","article_publisher":"https:\/\/www.facebook.com\/BeitalhikmaTunisie\/","article_modified_time":"2022-10-11T12:38:36+00:00","og_image":[{"width":204,"height":313,"url":"https:\/\/www.beitalhikma.tn\/wp-content\/uploads\/2019\/07\/couverture-miniature.jpg","type":"image\/jpeg"}],"twitter_card":"summary_large_image","twitter_site":"@Beit_alhikma_TN","twitter_misc":{"Dur\u00e9e de lecture estim\u00e9e":"1 minute"},"schema":{"@context":"https:\/\/schema.org","@graph":[{"@type":"WebPage","@id":"https:\/\/www.beitalhikma.tn\/fr\/publication\/acces-boutique\/livres-en-vente\/31404\/","url":"https:\/\/www.beitalhikma.tn\/fr\/publication\/acces-boutique\/livres-en-vente\/31404\/","name":"Naissance de la politique moderne : Machiavel, Hobbes, Rousseau - Beit al-Hikma","isPartOf":{"@id":"https:\/\/www.beitalhikma.tn\/#website"},"primaryImageOfPage":{"@id":"https:\/\/www.beitalhikma.tn\/fr\/publication\/acces-boutique\/livres-en-vente\/31404\/#primaryimage"},"image":{"@id":"https:\/\/www.beitalhikma.tn\/fr\/publication\/acces-boutique\/livres-en-vente\/31404\/#primaryimage"},"thumbnailUrl":"https:\/\/www.beitalhikma.tn\/wp-content\/uploads\/2019\/07\/couverture-miniature.jpg","datePublished":"2019-10-03T13:21:45+00:00","dateModified":"2022-10-11T12:38:36+00:00","breadcrumb":{"@id":"https:\/\/www.beitalhikma.tn\/fr\/publication\/acces-boutique\/livres-en-vente\/31404\/#breadcrumb"},"inLanguage":"fr-FR","potentialAction":[{"@type":"ReadAction","target":["https:\/\/www.beitalhikma.tn\/fr\/publication\/acces-boutique\/livres-en-vente\/31404\/"]}]},{"@type":"ImageObject","inLanguage":"fr-FR","@id":"https:\/\/www.beitalhikma.tn\/fr\/publication\/acces-boutique\/livres-en-vente\/31404\/#primaryimage","url":"https:\/\/www.beitalhikma.tn\/wp-content\/uploads\/2019\/07\/couverture-miniature.jpg","contentUrl":"https:\/\/www.beitalhikma.tn\/wp-content\/uploads\/2019\/07\/couverture-miniature.jpg","width":204,"height":313},{"@type":"BreadcrumbList","@id":"https:\/\/www.beitalhikma.tn\/fr\/publication\/acces-boutique\/livres-en-vente\/31404\/#breadcrumb","itemListElement":[{"@type":"ListItem","position":1,"name":"Accueil","item":"https:\/\/www.beitalhikma.tn\/fr\/"},{"@type":"ListItem","position":2,"name":"Boutique","item":"https:\/\/www.beitalhikma.tn\/fr\/boutique\/"},{"@type":"ListItem","position":3,"name":"Naissance de la politique moderne : Machiavel, Hobbes, Rousseau"}]},{"@type":"WebSite","@id":"https:\/\/www.beitalhikma.tn\/#website","url":"https:\/\/www.beitalhikma.tn\/","name":"Beit al-Hikma","description":"L&#039;Acad\u00e9mie Tunisienne des Sciences, des Lettres  et des Arts","publisher":{"@id":"https:\/\/www.beitalhikma.tn\/#organization"},"potentialAction":[{"@type":"SearchAction","target":{"@type":"EntryPoint","urlTemplate":"https:\/\/www.beitalhikma.tn\/?s={search_term_string}"},"query-input":{"@type":"PropertyValueSpecification","valueRequired":true,"valueName":"search_term_string"}}],"inLanguage":"fr-FR"},{"@type":"Organization","@id":"https:\/\/www.beitalhikma.tn\/#organization","name":"Beit Al Hikma","url":"https:\/\/www.beitalhikma.tn\/","logo":{"@type":"ImageObject","inLanguage":"fr-FR","@id":"https:\/\/www.beitalhikma.tn\/#\/schema\/logo\/image\/","url":"https:\/\/www.beitalhikma.tn\/wp-content\/uploads\/2014\/11\/logo.png","contentUrl":"https:\/\/www.beitalhikma.tn\/wp-content\/uploads\/2014\/11\/logo.png","width":288,"height":109,"caption":"Beit Al Hikma"},"image":{"@id":"https:\/\/www.beitalhikma.tn\/#\/schema\/logo\/image\/"},"sameAs":["https:\/\/www.facebook.com\/BeitalhikmaTunisie\/","https:\/\/x.com\/Beit_alhikma_TN","https:\/\/www.youtube.com\/channel\/UCl8EfDXqt5MFfcEY0UYhevg"]}]}},"uagb_featured_image_src":{"full":["https:\/\/www.beitalhikma.tn\/wp-content\/uploads\/2019\/07\/couverture-miniature.jpg",204,313,false],"thumbnail":["https:\/\/www.beitalhikma.tn\/wp-content\/uploads\/2019\/07\/couverture-miniature-204x300.jpg",204,300,true],"medium":["https:\/\/www.beitalhikma.tn\/wp-content\/uploads\/2019\/07\/couverture-miniature-196x300.jpg",196,300,true],"medium_large":["https:\/\/www.beitalhikma.tn\/wp-content\/uploads\/2019\/07\/couverture-miniature.jpg",204,313,false],"large":["https:\/\/www.beitalhikma.tn\/wp-content\/uploads\/2019\/07\/couverture-miniature.jpg",204,313,false],"thumblist":["https:\/\/www.beitalhikma.tn\/wp-content\/uploads\/2019\/07\/couverture-miniature-204x300.jpg",204,300,true],"meccarouselthumb":["https:\/\/www.beitalhikma.tn\/wp-content\/uploads\/2019\/07\/couverture-miniature.jpg",204,313,false],"gridsquare":["https:\/\/www.beitalhikma.tn\/wp-content\/uploads\/2019\/07\/couverture-miniature.jpg",169,260,false],"tileview":["https:\/\/www.beitalhikma.tn\/wp-content\/uploads\/2019\/07\/couverture-miniature.jpg",204,313,false],"1536x1536":["https:\/\/www.beitalhikma.tn\/wp-content\/uploads\/2019\/07\/couverture-miniature.jpg",204,313,false],"2048x2048":["https:\/\/www.beitalhikma.tn\/wp-content\/uploads\/2019\/07\/couverture-miniature.jpg",204,313,false],"post-thumbnail":["https:\/\/www.beitalhikma.tn\/wp-content\/uploads\/2019\/07\/couverture-miniature-95x146.jpg",95,146,true],"50x50":["https:\/\/www.beitalhikma.tn\/wp-content\/uploads\/2019\/07\/couverture-miniature-33x50.jpg",33,50,true],"portfolio-list":["https:\/\/www.beitalhikma.tn\/wp-content\/uploads\/2019\/07\/couverture-miniature.jpg",204,313,false],"portfolio-fs":["https:\/\/www.beitalhikma.tn\/wp-content\/uploads\/2019\/07\/couverture-miniature.jpg",204,313,false],"portfolio-slider":["https:\/\/www.beitalhikma.tn\/wp-content\/uploads\/2019\/07\/couverture-miniature.jpg",204,313,false],"blog":["https:\/\/www.beitalhikma.tn\/wp-content\/uploads\/2019\/07\/couverture-miniature.jpg",204,313,false],"blog-single":["https:\/\/www.beitalhikma.tn\/wp-content\/uploads\/2019\/07\/couverture-miniature.jpg",204,313,false],"blog-item":["https:\/\/www.beitalhikma.tn\/wp-content\/uploads\/2019\/07\/couverture-miniature-204x224.jpg",204,224,true],"blog-widget":["https:\/\/www.beitalhikma.tn\/wp-content\/uploads\/2019\/07\/couverture-miniature-80x60.jpg",80,60,true],"features":["https:\/\/www.beitalhikma.tn\/wp-content\/uploads\/2019\/07\/couverture-miniature-90x90.jpg",90,90,true],"clients-slider":["https:\/\/www.beitalhikma.tn\/wp-content\/uploads\/2019\/07\/couverture-miniature-52x80.jpg",52,80,true],"offer-slider":["https:\/\/www.beitalhikma.tn\/wp-content\/uploads\/2019\/07\/couverture-miniature.jpg",204,313,false],"offer-slider-pg":["https:\/\/www.beitalhikma.tn\/wp-content\/uploads\/2019\/07\/couverture-miniature-42x42.jpg",42,42,true],"woocommerce_thumbnail":["https:\/\/www.beitalhikma.tn\/wp-content\/uploads\/2019\/07\/couverture-miniature-204x300.jpg",204,300,true],"woocommerce_single":["https:\/\/www.beitalhikma.tn\/wp-content\/uploads\/2019\/07\/couverture-miniature.jpg",204,313,false],"woocommerce_gallery_thumbnail":["https:\/\/www.beitalhikma.tn\/wp-content\/uploads\/2019\/07\/couverture-miniature-100x100.jpg",100,100,true]},"uagb_author_info":{"display_name":"admin","author_link":"https:\/\/www.beitalhikma.tn\/fr\/author\/"},"uagb_comment_info":0,"uagb_excerpt":"Titre de l\u2019ouvrage : Naissance de la politique moderne : Machiavel, Hobbes, Rousseau Auteur : Pierre Manent Traduction , pr\u00e9sentation et commentaires : Mohamed Karray Aouichaoui R\u00e9vision : F\u00e9thi Triki Langue : arabe Date de parution : 2019 Format : 16x24 ISBN : 9789973491992 Nombre de pages : 275 Th\u00e8me : essai Poids : 500\u2026","_links":{"self":[{"href":"https:\/\/www.beitalhikma.tn\/fr\/wp-json\/wp\/v2\/product\/31404","targetHints":{"allow":["GET"]}}],"collection":[{"href":"https:\/\/www.beitalhikma.tn\/fr\/wp-json\/wp\/v2\/product"}],"about":[{"href":"https:\/\/www.beitalhikma.tn\/fr\/wp-json\/wp\/v2\/types\/product"}],"wp:featuredmedia":[{"embeddable":true,"href":"https:\/\/www.beitalhikma.tn\/fr\/wp-json\/wp\/v2\/media\/30160"}],"wp:attachment":[{"href":"https:\/\/www.beitalhikma.tn\/fr\/wp-json\/wp\/v2\/media?parent=31404"}],"wp:term":[{"taxonomy":"product_brand","embeddable":true,"href":"https:\/\/www.beitalhikma.tn\/fr\/wp-json\/wp\/v2\/product_brand?post=31404"},{"taxonomy":"product_cat","embeddable":true,"href":"https:\/\/www.beitalhikma.tn\/fr\/wp-json\/wp\/v2\/product_cat?post=31404"},{"taxonomy":"product_tag","embeddable":true,"href":"https:\/\/www.beitalhikma.tn\/fr\/wp-json\/wp\/v2\/product_tag?post=31404"}],"curies":[{"name":"wp","href":"https:\/\/api.w.org\/{rel}","templated":true}]}}