{"id":31575,"date":"2019-10-08T13:32:21","date_gmt":"2019-10-08T12:32:21","guid":{"rendered":"https:\/\/www.beitalhikma.tn\/?post_type=product&#038;p=31575"},"modified":"2022-10-11T14:12:24","modified_gmt":"2022-10-11T13:12:24","slug":"souffrance-creation","status":"publish","type":"product","link":"https:\/\/www.beitalhikma.tn\/fr\/publication\/acces-boutique\/livres-en-vente\/souffrance-creation\/","title":{"rendered":"Souffrance &#038; Cr\u00e9ation"},"content":{"rendered":"<p>L\u2019ouvrage porte sur la relation organique entre souffrance et cr\u00e9ation (litt\u00e9raire, artistique\u2026). Il r\u00e9unit un ensemble d\u2019\u00e9tudes scientifiques \u00e9labor\u00e9es par des sp\u00e9cialistes de la psychologie clinique et pathologique qui se sont int\u00e9ress\u00e9s \u00e0 la psychologie de la cr\u00e9ation et du v\u00e9cu tragique, ainsi qu\u2019aux pulsions conscientes et inconscientes qui sont \u00e0 l\u2019\u0153uvre dans les diff\u00e9rents domaines de la cr\u00e9ation.<\/p>\n<p>Des approches sociologiques et historiques viennent enrichir la r\u00e9flexion sur la philosophie de l\u2019art, la mythologie et les formes d\u2019expression lib\u00e9r\u00e9es des conventions qui font de la cr\u00e9ation une exp\u00e9rience existentielle alternative, rejetant la monotonie du quotidien et transgressant les pressions sociales.<\/p>\n","protected":false},"excerpt":{"rendered":"<ul>\n<li><strong>Titre de l\u2019ouvrage :<\/strong> Souffrance &amp; Cr\u00e9ation: mythes et r\u00e9alit\u00e9s<br \/>\n<b>Ouvrage collectif sous la direction de Salma Derouiche\u00a0 el Kamel<\/b><\/li>\n<li><strong>Langue :<\/strong> Fran\u00e7aise<\/li>\n<li><strong>Date de parution :<\/strong> 2019<\/li>\n<li><strong>Format :<\/strong> 16&#215;24<\/li>\n<li><strong>ISBN :<\/strong> 9789973492043<\/li>\n<li><strong>Nombre de pages :<\/strong>204<br \/>\n<strong>Th\u00e8me :<\/strong> Essai Scientifique<\/li>\n<li><strong>Poids :<\/strong> 400 gr<br \/>\n<b>Situation :\u00a0<\/b>disponible<\/li>\n<\/ul>\n","protected":false},"featured_media":30277,"template":"","meta":{"_uag_custom_page_level_css":""},"product_brand":[],"product_cat":[11],"product_tag":[],"class_list":{"0":"post-31575","1":"product","2":"type-product","3":"status-publish","4":"has-post-thumbnail","6":"product_cat-livres-en-vente","8":"first","9":"instock","10":"sale","11":"shipping-taxable","12":"purchasable","13":"product-type-simple"},"yoast_head":"<!-- This site is optimized with the Yoast SEO plugin v27.4 - https:\/\/yoast.com\/product\/yoast-seo-wordpress\/ -->\n<title>Souffrance &#038; Cr\u00e9ation - Beit al-Hikma<\/title>\n<meta name=\"robots\" content=\"index, follow, max-snippet:-1, max-image-preview:large, max-video-preview:-1\" \/>\n<link rel=\"canonical\" href=\"https:\/\/www.beitalhikma.tn\/fr\/publication\/acces-boutique\/livres-en-vente\/souffrance-creation\/\" \/>\n<meta property=\"og:locale\" content=\"fr_FR\" \/>\n<meta property=\"og:type\" content=\"article\" \/>\n<meta property=\"og:title\" content=\"Souffrance &#038; Cr\u00e9ation - Beit al-Hikma\" \/>\n<meta property=\"og:description\" content=\"Titre de l\u2019ouvrage : Souffrance &amp; Cr\u00e9ation: mythes et r\u00e9alit\u00e9s Ouvrage collectif sous la direction de Salma Derouiche\u00a0 el Kamel  Langue : Fran\u00e7aise  Date de parution : 2019  Format : 16x24  ISBN : 9789973492043  Nombre de pages :204 Th\u00e8me : Essai Scientifique  Poids : 400 gr Situation :\u00a0disponible\" \/>\n<meta property=\"og:url\" content=\"https:\/\/www.beitalhikma.tn\/fr\/publication\/acces-boutique\/livres-en-vente\/souffrance-creation\/\" \/>\n<meta property=\"og:site_name\" content=\"Beit al-Hikma\" \/>\n<meta property=\"article:publisher\" content=\"https:\/\/www.facebook.com\/BeitalhikmaTunisie\/\" \/>\n<meta property=\"article:modified_time\" content=\"2022-10-11T13:12:24+00:00\" \/>\n<meta property=\"og:image\" content=\"https:\/\/www.beitalhikma.tn\/wp-content\/uploads\/2019\/07\/couverture-miniature-2.jpg\" \/>\n\t<meta property=\"og:image:width\" content=\"164\" \/>\n\t<meta property=\"og:image:height\" content=\"244\" \/>\n\t<meta property=\"og:image:type\" content=\"image\/jpeg\" \/>\n<meta name=\"twitter:card\" content=\"summary_large_image\" \/>\n<meta name=\"twitter:site\" content=\"@Beit_alhikma_TN\" \/>\n<meta name=\"twitter:label1\" content=\"Dur\u00e9e de lecture estim\u00e9e\" \/>\n\t<meta name=\"twitter:data1\" content=\"1 minute\" \/>\n<script type=\"application\/ld+json\" class=\"yoast-schema-graph\">{\"@context\":\"https:\\\/\\\/schema.org\",\"@graph\":[{\"@type\":\"WebPage\",\"@id\":\"https:\\\/\\\/www.beitalhikma.tn\\\/fr\\\/publication\\\/acces-boutique\\\/livres-en-vente\\\/souffrance-creation\\\/\",\"url\":\"https:\\\/\\\/www.beitalhikma.tn\\\/fr\\\/publication\\\/acces-boutique\\\/livres-en-vente\\\/souffrance-creation\\\/\",\"name\":\"Souffrance &#038; Cr\u00e9ation - Beit al-Hikma\",\"isPartOf\":{\"@id\":\"https:\\\/\\\/www.beitalhikma.tn\\\/#website\"},\"primaryImageOfPage\":{\"@id\":\"https:\\\/\\\/www.beitalhikma.tn\\\/fr\\\/publication\\\/acces-boutique\\\/livres-en-vente\\\/souffrance-creation\\\/#primaryimage\"},\"image\":{\"@id\":\"https:\\\/\\\/www.beitalhikma.tn\\\/fr\\\/publication\\\/acces-boutique\\\/livres-en-vente\\\/souffrance-creation\\\/#primaryimage\"},\"thumbnailUrl\":\"https:\\\/\\\/www.beitalhikma.tn\\\/wp-content\\\/uploads\\\/2019\\\/07\\\/couverture-miniature-2.jpg\",\"datePublished\":\"2019-10-08T12:32:21+00:00\",\"dateModified\":\"2022-10-11T13:12:24+00:00\",\"breadcrumb\":{\"@id\":\"https:\\\/\\\/www.beitalhikma.tn\\\/fr\\\/publication\\\/acces-boutique\\\/livres-en-vente\\\/souffrance-creation\\\/#breadcrumb\"},\"inLanguage\":\"fr-FR\",\"potentialAction\":[{\"@type\":\"ReadAction\",\"target\":[\"https:\\\/\\\/www.beitalhikma.tn\\\/fr\\\/publication\\\/acces-boutique\\\/livres-en-vente\\\/souffrance-creation\\\/\"]}]},{\"@type\":\"ImageObject\",\"inLanguage\":\"fr-FR\",\"@id\":\"https:\\\/\\\/www.beitalhikma.tn\\\/fr\\\/publication\\\/acces-boutique\\\/livres-en-vente\\\/souffrance-creation\\\/#primaryimage\",\"url\":\"https:\\\/\\\/www.beitalhikma.tn\\\/wp-content\\\/uploads\\\/2019\\\/07\\\/couverture-miniature-2.jpg\",\"contentUrl\":\"https:\\\/\\\/www.beitalhikma.tn\\\/wp-content\\\/uploads\\\/2019\\\/07\\\/couverture-miniature-2.jpg\",\"width\":164,\"height\":244},{\"@type\":\"BreadcrumbList\",\"@id\":\"https:\\\/\\\/www.beitalhikma.tn\\\/fr\\\/publication\\\/acces-boutique\\\/livres-en-vente\\\/souffrance-creation\\\/#breadcrumb\",\"itemListElement\":[{\"@type\":\"ListItem\",\"position\":1,\"name\":\"Accueil\",\"item\":\"https:\\\/\\\/www.beitalhikma.tn\\\/fr\\\/\"},{\"@type\":\"ListItem\",\"position\":2,\"name\":\"Boutique\",\"item\":\"https:\\\/\\\/www.beitalhikma.tn\\\/fr\\\/boutique\\\/\"},{\"@type\":\"ListItem\",\"position\":3,\"name\":\"Souffrance &#038; Cr\u00e9ation\"}]},{\"@type\":\"WebSite\",\"@id\":\"https:\\\/\\\/www.beitalhikma.tn\\\/#website\",\"url\":\"https:\\\/\\\/www.beitalhikma.tn\\\/\",\"name\":\"Beit al-Hikma\",\"description\":\"L&#039;Acad\u00e9mie Tunisienne des Sciences, des Lettres  et des Arts\",\"publisher\":{\"@id\":\"https:\\\/\\\/www.beitalhikma.tn\\\/#organization\"},\"potentialAction\":[{\"@type\":\"SearchAction\",\"target\":{\"@type\":\"EntryPoint\",\"urlTemplate\":\"https:\\\/\\\/www.beitalhikma.tn\\\/?s={search_term_string}\"},\"query-input\":{\"@type\":\"PropertyValueSpecification\",\"valueRequired\":true,\"valueName\":\"search_term_string\"}}],\"inLanguage\":\"fr-FR\"},{\"@type\":\"Organization\",\"@id\":\"https:\\\/\\\/www.beitalhikma.tn\\\/#organization\",\"name\":\"Beit Al Hikma\",\"url\":\"https:\\\/\\\/www.beitalhikma.tn\\\/\",\"logo\":{\"@type\":\"ImageObject\",\"inLanguage\":\"fr-FR\",\"@id\":\"https:\\\/\\\/www.beitalhikma.tn\\\/#\\\/schema\\\/logo\\\/image\\\/\",\"url\":\"https:\\\/\\\/www.beitalhikma.tn\\\/wp-content\\\/uploads\\\/2014\\\/11\\\/logo.png\",\"contentUrl\":\"https:\\\/\\\/www.beitalhikma.tn\\\/wp-content\\\/uploads\\\/2014\\\/11\\\/logo.png\",\"width\":288,\"height\":109,\"caption\":\"Beit Al Hikma\"},\"image\":{\"@id\":\"https:\\\/\\\/www.beitalhikma.tn\\\/#\\\/schema\\\/logo\\\/image\\\/\"},\"sameAs\":[\"https:\\\/\\\/www.facebook.com\\\/BeitalhikmaTunisie\\\/\",\"https:\\\/\\\/x.com\\\/Beit_alhikma_TN\",\"https:\\\/\\\/www.youtube.com\\\/channel\\\/UCl8EfDXqt5MFfcEY0UYhevg\"]}]}<\/script>\n<!-- \/ Yoast SEO plugin. -->","yoast_head_json":{"title":"Souffrance &#038; Cr\u00e9ation - Beit al-Hikma","robots":{"index":"index","follow":"follow","max-snippet":"max-snippet:-1","max-image-preview":"max-image-preview:large","max-video-preview":"max-video-preview:-1"},"canonical":"https:\/\/www.beitalhikma.tn\/fr\/publication\/acces-boutique\/livres-en-vente\/souffrance-creation\/","og_locale":"fr_FR","og_type":"article","og_title":"Souffrance &#038; Cr\u00e9ation - Beit al-Hikma","og_description":"Titre de l\u2019ouvrage : Souffrance &amp; Cr\u00e9ation: mythes et r\u00e9alit\u00e9s Ouvrage collectif sous la direction de Salma Derouiche\u00a0 el Kamel  Langue : Fran\u00e7aise  Date de parution : 2019  Format : 16x24  ISBN : 9789973492043  Nombre de pages :204 Th\u00e8me : Essai Scientifique  Poids : 400 gr Situation :\u00a0disponible","og_url":"https:\/\/www.beitalhikma.tn\/fr\/publication\/acces-boutique\/livres-en-vente\/souffrance-creation\/","og_site_name":"Beit al-Hikma","article_publisher":"https:\/\/www.facebook.com\/BeitalhikmaTunisie\/","article_modified_time":"2022-10-11T13:12:24+00:00","og_image":[{"width":164,"height":244,"url":"https:\/\/www.beitalhikma.tn\/wp-content\/uploads\/2019\/07\/couverture-miniature-2.jpg","type":"image\/jpeg"}],"twitter_card":"summary_large_image","twitter_site":"@Beit_alhikma_TN","twitter_misc":{"Dur\u00e9e de lecture estim\u00e9e":"1 minute"},"schema":{"@context":"https:\/\/schema.org","@graph":[{"@type":"WebPage","@id":"https:\/\/www.beitalhikma.tn\/fr\/publication\/acces-boutique\/livres-en-vente\/souffrance-creation\/","url":"https:\/\/www.beitalhikma.tn\/fr\/publication\/acces-boutique\/livres-en-vente\/souffrance-creation\/","name":"Souffrance &#038; Cr\u00e9ation - Beit al-Hikma","isPartOf":{"@id":"https:\/\/www.beitalhikma.tn\/#website"},"primaryImageOfPage":{"@id":"https:\/\/www.beitalhikma.tn\/fr\/publication\/acces-boutique\/livres-en-vente\/souffrance-creation\/#primaryimage"},"image":{"@id":"https:\/\/www.beitalhikma.tn\/fr\/publication\/acces-boutique\/livres-en-vente\/souffrance-creation\/#primaryimage"},"thumbnailUrl":"https:\/\/www.beitalhikma.tn\/wp-content\/uploads\/2019\/07\/couverture-miniature-2.jpg","datePublished":"2019-10-08T12:32:21+00:00","dateModified":"2022-10-11T13:12:24+00:00","breadcrumb":{"@id":"https:\/\/www.beitalhikma.tn\/fr\/publication\/acces-boutique\/livres-en-vente\/souffrance-creation\/#breadcrumb"},"inLanguage":"fr-FR","potentialAction":[{"@type":"ReadAction","target":["https:\/\/www.beitalhikma.tn\/fr\/publication\/acces-boutique\/livres-en-vente\/souffrance-creation\/"]}]},{"@type":"ImageObject","inLanguage":"fr-FR","@id":"https:\/\/www.beitalhikma.tn\/fr\/publication\/acces-boutique\/livres-en-vente\/souffrance-creation\/#primaryimage","url":"https:\/\/www.beitalhikma.tn\/wp-content\/uploads\/2019\/07\/couverture-miniature-2.jpg","contentUrl":"https:\/\/www.beitalhikma.tn\/wp-content\/uploads\/2019\/07\/couverture-miniature-2.jpg","width":164,"height":244},{"@type":"BreadcrumbList","@id":"https:\/\/www.beitalhikma.tn\/fr\/publication\/acces-boutique\/livres-en-vente\/souffrance-creation\/#breadcrumb","itemListElement":[{"@type":"ListItem","position":1,"name":"Accueil","item":"https:\/\/www.beitalhikma.tn\/fr\/"},{"@type":"ListItem","position":2,"name":"Boutique","item":"https:\/\/www.beitalhikma.tn\/fr\/boutique\/"},{"@type":"ListItem","position":3,"name":"Souffrance &#038; Cr\u00e9ation"}]},{"@type":"WebSite","@id":"https:\/\/www.beitalhikma.tn\/#website","url":"https:\/\/www.beitalhikma.tn\/","name":"Beit al-Hikma","description":"L&#039;Acad\u00e9mie Tunisienne des Sciences, des Lettres  et des Arts","publisher":{"@id":"https:\/\/www.beitalhikma.tn\/#organization"},"potentialAction":[{"@type":"SearchAction","target":{"@type":"EntryPoint","urlTemplate":"https:\/\/www.beitalhikma.tn\/?s={search_term_string}"},"query-input":{"@type":"PropertyValueSpecification","valueRequired":true,"valueName":"search_term_string"}}],"inLanguage":"fr-FR"},{"@type":"Organization","@id":"https:\/\/www.beitalhikma.tn\/#organization","name":"Beit Al Hikma","url":"https:\/\/www.beitalhikma.tn\/","logo":{"@type":"ImageObject","inLanguage":"fr-FR","@id":"https:\/\/www.beitalhikma.tn\/#\/schema\/logo\/image\/","url":"https:\/\/www.beitalhikma.tn\/wp-content\/uploads\/2014\/11\/logo.png","contentUrl":"https:\/\/www.beitalhikma.tn\/wp-content\/uploads\/2014\/11\/logo.png","width":288,"height":109,"caption":"Beit Al Hikma"},"image":{"@id":"https:\/\/www.beitalhikma.tn\/#\/schema\/logo\/image\/"},"sameAs":["https:\/\/www.facebook.com\/BeitalhikmaTunisie\/","https:\/\/x.com\/Beit_alhikma_TN","https:\/\/www.youtube.com\/channel\/UCl8EfDXqt5MFfcEY0UYhevg"]}]}},"uagb_featured_image_src":{"full":["https:\/\/www.beitalhikma.tn\/wp-content\/uploads\/2019\/07\/couverture-miniature-2.jpg",164,244,false],"thumbnail":["https:\/\/www.beitalhikma.tn\/wp-content\/uploads\/2019\/07\/couverture-miniature-2.jpg",164,244,false],"medium":["https:\/\/www.beitalhikma.tn\/wp-content\/uploads\/2019\/07\/couverture-miniature-2.jpg",164,244,false],"medium_large":["https:\/\/www.beitalhikma.tn\/wp-content\/uploads\/2019\/07\/couverture-miniature-2.jpg",164,244,false],"large":["https:\/\/www.beitalhikma.tn\/wp-content\/uploads\/2019\/07\/couverture-miniature-2.jpg",164,244,false],"thumblist":["https:\/\/www.beitalhikma.tn\/wp-content\/uploads\/2019\/07\/couverture-miniature-2.jpg",164,244,false],"meccarouselthumb":["https:\/\/www.beitalhikma.tn\/wp-content\/uploads\/2019\/07\/couverture-miniature-2.jpg",164,244,false],"gridsquare":["https:\/\/www.beitalhikma.tn\/wp-content\/uploads\/2019\/07\/couverture-miniature-2.jpg",164,244,false],"tileview":["https:\/\/www.beitalhikma.tn\/wp-content\/uploads\/2019\/07\/couverture-miniature-2.jpg",164,244,false],"1536x1536":["https:\/\/www.beitalhikma.tn\/wp-content\/uploads\/2019\/07\/couverture-miniature-2.jpg",164,244,false],"2048x2048":["https:\/\/www.beitalhikma.tn\/wp-content\/uploads\/2019\/07\/couverture-miniature-2.jpg",164,244,false],"post-thumbnail":["https:\/\/www.beitalhikma.tn\/wp-content\/uploads\/2019\/07\/couverture-miniature-2-98x146.jpg",98,146,true],"50x50":["https:\/\/www.beitalhikma.tn\/wp-content\/uploads\/2019\/07\/couverture-miniature-2-34x50.jpg",34,50,true],"portfolio-list":["https:\/\/www.beitalhikma.tn\/wp-content\/uploads\/2019\/07\/couverture-miniature-2.jpg",164,244,false],"portfolio-fs":["https:\/\/www.beitalhikma.tn\/wp-content\/uploads\/2019\/07\/couverture-miniature-2.jpg",164,244,false],"portfolio-slider":["https:\/\/www.beitalhikma.tn\/wp-content\/uploads\/2019\/07\/couverture-miniature-2.jpg",164,244,false],"blog":["https:\/\/www.beitalhikma.tn\/wp-content\/uploads\/2019\/07\/couverture-miniature-2.jpg",164,244,false],"blog-single":["https:\/\/www.beitalhikma.tn\/wp-content\/uploads\/2019\/07\/couverture-miniature-2.jpg",164,244,false],"blog-item":["https:\/\/www.beitalhikma.tn\/wp-content\/uploads\/2019\/07\/couverture-miniature-2-164x224.jpg",164,224,true],"blog-widget":["https:\/\/www.beitalhikma.tn\/wp-content\/uploads\/2019\/07\/couverture-miniature-2-80x60.jpg",80,60,true],"features":["https:\/\/www.beitalhikma.tn\/wp-content\/uploads\/2019\/07\/couverture-miniature-2-90x90.jpg",90,90,true],"clients-slider":["https:\/\/www.beitalhikma.tn\/wp-content\/uploads\/2019\/07\/couverture-miniature-2-54x80.jpg",54,80,true],"offer-slider":["https:\/\/www.beitalhikma.tn\/wp-content\/uploads\/2019\/07\/couverture-miniature-2.jpg",164,244,false],"offer-slider-pg":["https:\/\/www.beitalhikma.tn\/wp-content\/uploads\/2019\/07\/couverture-miniature-2-42x42.jpg",42,42,true],"woocommerce_thumbnail":["https:\/\/www.beitalhikma.tn\/wp-content\/uploads\/2019\/07\/couverture-miniature-2.jpg",164,244,false],"woocommerce_single":["https:\/\/www.beitalhikma.tn\/wp-content\/uploads\/2019\/07\/couverture-miniature-2.jpg",164,244,false],"woocommerce_gallery_thumbnail":["https:\/\/www.beitalhikma.tn\/wp-content\/uploads\/2019\/07\/couverture-miniature-2-100x100.jpg",100,100,true]},"uagb_author_info":{"display_name":"admin","author_link":"https:\/\/www.beitalhikma.tn\/fr\/author\/"},"uagb_comment_info":0,"uagb_excerpt":"Titre de l\u2019ouvrage : Souffrance &amp; Cr\u00e9ation: mythes et r\u00e9alit\u00e9s Ouvrage collectif sous la direction de Salma Derouiche\u00a0 el Kamel Langue : Fran\u00e7aise Date de parution : 2019 Format : 16x24 ISBN : 9789973492043 Nombre de pages :204 Th\u00e8me : Essai Scientifique Poids : 400 gr Situation :\u00a0disponible","_links":{"self":[{"href":"https:\/\/www.beitalhikma.tn\/fr\/wp-json\/wp\/v2\/product\/31575","targetHints":{"allow":["GET"]}}],"collection":[{"href":"https:\/\/www.beitalhikma.tn\/fr\/wp-json\/wp\/v2\/product"}],"about":[{"href":"https:\/\/www.beitalhikma.tn\/fr\/wp-json\/wp\/v2\/types\/product"}],"wp:featuredmedia":[{"embeddable":true,"href":"https:\/\/www.beitalhikma.tn\/fr\/wp-json\/wp\/v2\/media\/30277"}],"wp:attachment":[{"href":"https:\/\/www.beitalhikma.tn\/fr\/wp-json\/wp\/v2\/media?parent=31575"}],"wp:term":[{"taxonomy":"product_brand","embeddable":true,"href":"https:\/\/www.beitalhikma.tn\/fr\/wp-json\/wp\/v2\/product_brand?post=31575"},{"taxonomy":"product_cat","embeddable":true,"href":"https:\/\/www.beitalhikma.tn\/fr\/wp-json\/wp\/v2\/product_cat?post=31575"},{"taxonomy":"product_tag","embeddable":true,"href":"https:\/\/www.beitalhikma.tn\/fr\/wp-json\/wp\/v2\/product_tag?post=31575"}],"curies":[{"name":"wp","href":"https:\/\/api.w.org\/{rel}","templated":true}]}}