{"id":34251,"date":"2019-12-02T14:13:53","date_gmt":"2019-12-02T13:13:53","guid":{"rendered":"https:\/\/www.beitalhikma.tn\/publication\/acces-boutique\/non%20class\u00e9\/34251\/"},"modified":"2023-02-03T09:47:01","modified_gmt":"2023-02-03T08:47:01","slug":"les-origines-du-mouvement-national-en-tunisie-1904-1934-2","status":"publish","type":"product","link":"https:\/\/www.beitalhikma.tn\/fr\/publication\/acces-boutique\/livres-en-vente\/les-origines-du-mouvement-national-en-tunisie-1904-1934-2\/","title":{"rendered":"Les origines du mouvement national en Tunisie (1904-1934)"},"content":{"rendered":"","protected":false},"excerpt":{"rendered":"<ul>\n<li><strong>Titre de l\u2019ouvrage :<\/strong> Les origines du mouvement national en Tunisie (1904-1934)<br \/>\n<strong>Auteur :<\/strong> Ali Mahjoubi<br \/>\n<strong>Traduction :<\/strong> Abdelhamid Chabbi<\/li>\n<li><strong>Langue :<\/strong> arabe<\/li>\n<li><strong>Date de parution :<\/strong> 1999<\/li>\n<li><strong>Format :<\/strong> 16&#215;24<\/li>\n<li><strong>ISBN :<\/strong> 9789973929462<\/li>\n<li><strong>Nombre de pages :<\/strong> 725<br \/>\n<strong>Th\u00e8me :<\/strong> Histoire<\/li>\n<li><strong>Poids :<\/strong> 1100 gr<br \/>\n<b>Situation : <\/b>\u00e9puis\u00e9<\/li>\n<\/ul>\n","protected":false},"featured_media":34249,"template":"","meta":{"_uag_custom_page_level_css":""},"product_brand":[],"product_cat":[11],"product_tag":[],"class_list":{"0":"post-34251","1":"product","2":"type-product","3":"status-publish","4":"has-post-thumbnail","6":"product_cat-livres-en-vente","8":"first","9":"instock","10":"sale","11":"shipping-taxable","12":"purchasable","13":"product-type-simple"},"yoast_head":"<!-- This site is optimized with the Yoast SEO plugin v27.3 - https:\/\/yoast.com\/product\/yoast-seo-wordpress\/ -->\n<title>Les origines du mouvement national en Tunisie (1904-1934) - Beit al-Hikma<\/title>\n<meta name=\"robots\" content=\"index, follow, max-snippet:-1, max-image-preview:large, max-video-preview:-1\" \/>\n<link rel=\"canonical\" href=\"https:\/\/www.beitalhikma.tn\/fr\/publication\/acces-boutique\/livres-en-vente\/les-origines-du-mouvement-national-en-tunisie-1904-1934-2\/\" \/>\n<meta property=\"og:locale\" content=\"fr_FR\" \/>\n<meta property=\"og:type\" content=\"article\" \/>\n<meta property=\"og:title\" content=\"Les origines du mouvement national en Tunisie (1904-1934) - Beit al-Hikma\" \/>\n<meta property=\"og:description\" content=\"Titre de l\u2019ouvrage : Les origines du mouvement national en Tunisie (1904-1934) Auteur : Ali Mahjoubi Traduction : Abdelhamid Chabbi  Langue : arabe  Date de parution : 1999  Format : 16x24  ISBN : 9789973929462  Nombre de pages : 725 Th\u00e8me : Histoire  Poids : 1100 gr Situation : \u00e9puis\u00e9\" \/>\n<meta property=\"og:url\" content=\"https:\/\/www.beitalhikma.tn\/fr\/publication\/acces-boutique\/livres-en-vente\/les-origines-du-mouvement-national-en-tunisie-1904-1934-2\/\" \/>\n<meta property=\"og:site_name\" content=\"Beit al-Hikma\" \/>\n<meta property=\"article:publisher\" content=\"https:\/\/www.facebook.com\/BeitalhikmaTunisie\/\" \/>\n<meta property=\"article:modified_time\" content=\"2023-02-03T08:47:01+00:00\" \/>\n<meta property=\"og:image\" content=\"https:\/\/www.beitalhikma.tn\/wp-content\/uploads\/2019\/12\/couverture2.jpg\" \/>\n\t<meta property=\"og:image:width\" content=\"1113\" \/>\n\t<meta property=\"og:image:height\" content=\"1834\" \/>\n\t<meta property=\"og:image:type\" content=\"image\/jpeg\" \/>\n<meta name=\"twitter:card\" content=\"summary_large_image\" \/>\n<meta name=\"twitter:site\" content=\"@Beit_alhikma_TN\" \/>\n<script type=\"application\/ld+json\" class=\"yoast-schema-graph\">{\"@context\":\"https:\\\/\\\/schema.org\",\"@graph\":[{\"@type\":\"WebPage\",\"@id\":\"https:\\\/\\\/www.beitalhikma.tn\\\/fr\\\/publication\\\/acces-boutique\\\/livres-en-vente\\\/les-origines-du-mouvement-national-en-tunisie-1904-1934-2\\\/\",\"url\":\"https:\\\/\\\/www.beitalhikma.tn\\\/fr\\\/publication\\\/acces-boutique\\\/livres-en-vente\\\/les-origines-du-mouvement-national-en-tunisie-1904-1934-2\\\/\",\"name\":\"Les origines du mouvement national en Tunisie (1904-1934) - Beit al-Hikma\",\"isPartOf\":{\"@id\":\"https:\\\/\\\/www.beitalhikma.tn\\\/#website\"},\"primaryImageOfPage\":{\"@id\":\"https:\\\/\\\/www.beitalhikma.tn\\\/fr\\\/publication\\\/acces-boutique\\\/livres-en-vente\\\/les-origines-du-mouvement-national-en-tunisie-1904-1934-2\\\/#primaryimage\"},\"image\":{\"@id\":\"https:\\\/\\\/www.beitalhikma.tn\\\/fr\\\/publication\\\/acces-boutique\\\/livres-en-vente\\\/les-origines-du-mouvement-national-en-tunisie-1904-1934-2\\\/#primaryimage\"},\"thumbnailUrl\":\"https:\\\/\\\/www.beitalhikma.tn\\\/wp-content\\\/uploads\\\/2019\\\/12\\\/couverture2.jpg\",\"datePublished\":\"2019-12-02T13:13:53+00:00\",\"dateModified\":\"2023-02-03T08:47:01+00:00\",\"breadcrumb\":{\"@id\":\"https:\\\/\\\/www.beitalhikma.tn\\\/fr\\\/publication\\\/acces-boutique\\\/livres-en-vente\\\/les-origines-du-mouvement-national-en-tunisie-1904-1934-2\\\/#breadcrumb\"},\"inLanguage\":\"fr-FR\",\"potentialAction\":[{\"@type\":\"ReadAction\",\"target\":[\"https:\\\/\\\/www.beitalhikma.tn\\\/fr\\\/publication\\\/acces-boutique\\\/livres-en-vente\\\/les-origines-du-mouvement-national-en-tunisie-1904-1934-2\\\/\"]}]},{\"@type\":\"ImageObject\",\"inLanguage\":\"fr-FR\",\"@id\":\"https:\\\/\\\/www.beitalhikma.tn\\\/fr\\\/publication\\\/acces-boutique\\\/livres-en-vente\\\/les-origines-du-mouvement-national-en-tunisie-1904-1934-2\\\/#primaryimage\",\"url\":\"https:\\\/\\\/www.beitalhikma.tn\\\/wp-content\\\/uploads\\\/2019\\\/12\\\/couverture2.jpg\",\"contentUrl\":\"https:\\\/\\\/www.beitalhikma.tn\\\/wp-content\\\/uploads\\\/2019\\\/12\\\/couverture2.jpg\",\"width\":1113,\"height\":1834},{\"@type\":\"BreadcrumbList\",\"@id\":\"https:\\\/\\\/www.beitalhikma.tn\\\/fr\\\/publication\\\/acces-boutique\\\/livres-en-vente\\\/les-origines-du-mouvement-national-en-tunisie-1904-1934-2\\\/#breadcrumb\",\"itemListElement\":[{\"@type\":\"ListItem\",\"position\":1,\"name\":\"Accueil\",\"item\":\"https:\\\/\\\/www.beitalhikma.tn\\\/fr\\\/\"},{\"@type\":\"ListItem\",\"position\":2,\"name\":\"Boutique\",\"item\":\"https:\\\/\\\/www.beitalhikma.tn\\\/fr\\\/boutique\\\/\"},{\"@type\":\"ListItem\",\"position\":3,\"name\":\"Les origines du mouvement national en Tunisie (1904-1934)\"}]},{\"@type\":\"WebSite\",\"@id\":\"https:\\\/\\\/www.beitalhikma.tn\\\/#website\",\"url\":\"https:\\\/\\\/www.beitalhikma.tn\\\/\",\"name\":\"Beit al-Hikma\",\"description\":\"L&#039;Acad\u00e9mie Tunisienne des Sciences, des Lettres  et des Arts\",\"publisher\":{\"@id\":\"https:\\\/\\\/www.beitalhikma.tn\\\/#organization\"},\"potentialAction\":[{\"@type\":\"SearchAction\",\"target\":{\"@type\":\"EntryPoint\",\"urlTemplate\":\"https:\\\/\\\/www.beitalhikma.tn\\\/?s={search_term_string}\"},\"query-input\":{\"@type\":\"PropertyValueSpecification\",\"valueRequired\":true,\"valueName\":\"search_term_string\"}}],\"inLanguage\":\"fr-FR\"},{\"@type\":\"Organization\",\"@id\":\"https:\\\/\\\/www.beitalhikma.tn\\\/#organization\",\"name\":\"Beit Al Hikma\",\"url\":\"https:\\\/\\\/www.beitalhikma.tn\\\/\",\"logo\":{\"@type\":\"ImageObject\",\"inLanguage\":\"fr-FR\",\"@id\":\"https:\\\/\\\/www.beitalhikma.tn\\\/#\\\/schema\\\/logo\\\/image\\\/\",\"url\":\"https:\\\/\\\/www.beitalhikma.tn\\\/wp-content\\\/uploads\\\/2014\\\/11\\\/logo.png\",\"contentUrl\":\"https:\\\/\\\/www.beitalhikma.tn\\\/wp-content\\\/uploads\\\/2014\\\/11\\\/logo.png\",\"width\":288,\"height\":109,\"caption\":\"Beit Al Hikma\"},\"image\":{\"@id\":\"https:\\\/\\\/www.beitalhikma.tn\\\/#\\\/schema\\\/logo\\\/image\\\/\"},\"sameAs\":[\"https:\\\/\\\/www.facebook.com\\\/BeitalhikmaTunisie\\\/\",\"https:\\\/\\\/x.com\\\/Beit_alhikma_TN\",\"https:\\\/\\\/www.youtube.com\\\/channel\\\/UCl8EfDXqt5MFfcEY0UYhevg\"]}]}<\/script>\n<!-- \/ Yoast SEO plugin. -->","yoast_head_json":{"title":"Les origines du mouvement national en Tunisie (1904-1934) - Beit al-Hikma","robots":{"index":"index","follow":"follow","max-snippet":"max-snippet:-1","max-image-preview":"max-image-preview:large","max-video-preview":"max-video-preview:-1"},"canonical":"https:\/\/www.beitalhikma.tn\/fr\/publication\/acces-boutique\/livres-en-vente\/les-origines-du-mouvement-national-en-tunisie-1904-1934-2\/","og_locale":"fr_FR","og_type":"article","og_title":"Les origines du mouvement national en Tunisie (1904-1934) - Beit al-Hikma","og_description":"Titre de l\u2019ouvrage : Les origines du mouvement national en Tunisie (1904-1934) Auteur : Ali Mahjoubi Traduction : Abdelhamid Chabbi  Langue : arabe  Date de parution : 1999  Format : 16x24  ISBN : 9789973929462  Nombre de pages : 725 Th\u00e8me : Histoire  Poids : 1100 gr Situation : \u00e9puis\u00e9","og_url":"https:\/\/www.beitalhikma.tn\/fr\/publication\/acces-boutique\/livres-en-vente\/les-origines-du-mouvement-national-en-tunisie-1904-1934-2\/","og_site_name":"Beit al-Hikma","article_publisher":"https:\/\/www.facebook.com\/BeitalhikmaTunisie\/","article_modified_time":"2023-02-03T08:47:01+00:00","og_image":[{"width":1113,"height":1834,"url":"https:\/\/www.beitalhikma.tn\/wp-content\/uploads\/2019\/12\/couverture2.jpg","type":"image\/jpeg"}],"twitter_card":"summary_large_image","twitter_site":"@Beit_alhikma_TN","schema":{"@context":"https:\/\/schema.org","@graph":[{"@type":"WebPage","@id":"https:\/\/www.beitalhikma.tn\/fr\/publication\/acces-boutique\/livres-en-vente\/les-origines-du-mouvement-national-en-tunisie-1904-1934-2\/","url":"https:\/\/www.beitalhikma.tn\/fr\/publication\/acces-boutique\/livres-en-vente\/les-origines-du-mouvement-national-en-tunisie-1904-1934-2\/","name":"Les origines du mouvement national en Tunisie (1904-1934) - Beit al-Hikma","isPartOf":{"@id":"https:\/\/www.beitalhikma.tn\/#website"},"primaryImageOfPage":{"@id":"https:\/\/www.beitalhikma.tn\/fr\/publication\/acces-boutique\/livres-en-vente\/les-origines-du-mouvement-national-en-tunisie-1904-1934-2\/#primaryimage"},"image":{"@id":"https:\/\/www.beitalhikma.tn\/fr\/publication\/acces-boutique\/livres-en-vente\/les-origines-du-mouvement-national-en-tunisie-1904-1934-2\/#primaryimage"},"thumbnailUrl":"https:\/\/www.beitalhikma.tn\/wp-content\/uploads\/2019\/12\/couverture2.jpg","datePublished":"2019-12-02T13:13:53+00:00","dateModified":"2023-02-03T08:47:01+00:00","breadcrumb":{"@id":"https:\/\/www.beitalhikma.tn\/fr\/publication\/acces-boutique\/livres-en-vente\/les-origines-du-mouvement-national-en-tunisie-1904-1934-2\/#breadcrumb"},"inLanguage":"fr-FR","potentialAction":[{"@type":"ReadAction","target":["https:\/\/www.beitalhikma.tn\/fr\/publication\/acces-boutique\/livres-en-vente\/les-origines-du-mouvement-national-en-tunisie-1904-1934-2\/"]}]},{"@type":"ImageObject","inLanguage":"fr-FR","@id":"https:\/\/www.beitalhikma.tn\/fr\/publication\/acces-boutique\/livres-en-vente\/les-origines-du-mouvement-national-en-tunisie-1904-1934-2\/#primaryimage","url":"https:\/\/www.beitalhikma.tn\/wp-content\/uploads\/2019\/12\/couverture2.jpg","contentUrl":"https:\/\/www.beitalhikma.tn\/wp-content\/uploads\/2019\/12\/couverture2.jpg","width":1113,"height":1834},{"@type":"BreadcrumbList","@id":"https:\/\/www.beitalhikma.tn\/fr\/publication\/acces-boutique\/livres-en-vente\/les-origines-du-mouvement-national-en-tunisie-1904-1934-2\/#breadcrumb","itemListElement":[{"@type":"ListItem","position":1,"name":"Accueil","item":"https:\/\/www.beitalhikma.tn\/fr\/"},{"@type":"ListItem","position":2,"name":"Boutique","item":"https:\/\/www.beitalhikma.tn\/fr\/boutique\/"},{"@type":"ListItem","position":3,"name":"Les origines du mouvement national en Tunisie (1904-1934)"}]},{"@type":"WebSite","@id":"https:\/\/www.beitalhikma.tn\/#website","url":"https:\/\/www.beitalhikma.tn\/","name":"Beit al-Hikma","description":"L&#039;Acad\u00e9mie Tunisienne des Sciences, des Lettres  et des Arts","publisher":{"@id":"https:\/\/www.beitalhikma.tn\/#organization"},"potentialAction":[{"@type":"SearchAction","target":{"@type":"EntryPoint","urlTemplate":"https:\/\/www.beitalhikma.tn\/?s={search_term_string}"},"query-input":{"@type":"PropertyValueSpecification","valueRequired":true,"valueName":"search_term_string"}}],"inLanguage":"fr-FR"},{"@type":"Organization","@id":"https:\/\/www.beitalhikma.tn\/#organization","name":"Beit Al Hikma","url":"https:\/\/www.beitalhikma.tn\/","logo":{"@type":"ImageObject","inLanguage":"fr-FR","@id":"https:\/\/www.beitalhikma.tn\/#\/schema\/logo\/image\/","url":"https:\/\/www.beitalhikma.tn\/wp-content\/uploads\/2014\/11\/logo.png","contentUrl":"https:\/\/www.beitalhikma.tn\/wp-content\/uploads\/2014\/11\/logo.png","width":288,"height":109,"caption":"Beit Al Hikma"},"image":{"@id":"https:\/\/www.beitalhikma.tn\/#\/schema\/logo\/image\/"},"sameAs":["https:\/\/www.facebook.com\/BeitalhikmaTunisie\/","https:\/\/x.com\/Beit_alhikma_TN","https:\/\/www.youtube.com\/channel\/UCl8EfDXqt5MFfcEY0UYhevg"]}]}},"uagb_featured_image_src":{"full":["https:\/\/www.beitalhikma.tn\/wp-content\/uploads\/2019\/12\/couverture2.jpg",1113,1834,false],"thumbnail":["https:\/\/www.beitalhikma.tn\/wp-content\/uploads\/2019\/12\/couverture2-250x300.jpg",250,300,true],"medium":["https:\/\/www.beitalhikma.tn\/wp-content\/uploads\/2019\/12\/couverture2-182x300.jpg",182,300,true],"medium_large":["https:\/\/www.beitalhikma.tn\/wp-content\/uploads\/2019\/12\/couverture2-768x1266.jpg",768,1266,true],"large":["https:\/\/www.beitalhikma.tn\/wp-content\/uploads\/2019\/12\/couverture2-621x1024.jpg",621,1024,true],"thumblist":["https:\/\/www.beitalhikma.tn\/wp-content\/uploads\/2019\/12\/couverture2-300x300.jpg",300,300,true],"meccarouselthumb":["https:\/\/www.beitalhikma.tn\/wp-content\/uploads\/2019\/12\/couverture2-474x324.jpg",474,324,true],"gridsquare":["https:\/\/www.beitalhikma.tn\/wp-content\/uploads\/2019\/12\/couverture2-391x260.jpg",391,260,true],"tileview":["https:\/\/www.beitalhikma.tn\/wp-content\/uploads\/2019\/12\/couverture2.jpg",243,400,false],"1536x1536":["https:\/\/www.beitalhikma.tn\/wp-content\/uploads\/2019\/12\/couverture2.jpg",932,1536,false],"2048x2048":["https:\/\/www.beitalhikma.tn\/wp-content\/uploads\/2019\/12\/couverture2.jpg",1113,1834,false],"post-thumbnail":["https:\/\/www.beitalhikma.tn\/wp-content\/uploads\/2019\/12\/couverture2-89x146.jpg",89,146,true],"50x50":["https:\/\/www.beitalhikma.tn\/wp-content\/uploads\/2019\/12\/couverture2-30x50.jpg",30,50,true],"portfolio-list":["https:\/\/www.beitalhikma.tn\/wp-content\/uploads\/2019\/12\/couverture2-600x400.jpg",600,400,true],"portfolio-fs":["https:\/\/www.beitalhikma.tn\/wp-content\/uploads\/2019\/12\/couverture2-815x543.jpg",815,543,true],"portfolio-slider":["https:\/\/www.beitalhikma.tn\/wp-content\/uploads\/2019\/12\/couverture2-380x380.jpg",380,380,true],"blog":["https:\/\/www.beitalhikma.tn\/wp-content\/uploads\/2019\/12\/couverture2-564x341.jpg",564,341,true],"blog-single":["https:\/\/www.beitalhikma.tn\/wp-content\/uploads\/2019\/12\/couverture2-1113x445.jpg",1113,445,true],"blog-item":["https:\/\/www.beitalhikma.tn\/wp-content\/uploads\/2019\/12\/couverture2-504x224.jpg",504,224,true],"blog-widget":["https:\/\/www.beitalhikma.tn\/wp-content\/uploads\/2019\/12\/couverture2-80x60.jpg",80,60,true],"features":["https:\/\/www.beitalhikma.tn\/wp-content\/uploads\/2019\/12\/couverture2-90x90.jpg",90,90,true],"clients-slider":["https:\/\/www.beitalhikma.tn\/wp-content\/uploads\/2019\/12\/couverture2-49x80.jpg",49,80,true],"offer-slider":["https:\/\/www.beitalhikma.tn\/wp-content\/uploads\/2019\/12\/couverture2-776x438.jpg",776,438,true],"offer-slider-pg":["https:\/\/www.beitalhikma.tn\/wp-content\/uploads\/2019\/12\/couverture2-42x42.jpg",42,42,true],"woocommerce_thumbnail":["https:\/\/www.beitalhikma.tn\/wp-content\/uploads\/2019\/12\/couverture2-250x300.jpg",250,300,true],"woocommerce_single":["https:\/\/www.beitalhikma.tn\/wp-content\/uploads\/2019\/12\/couverture2-250x412.jpg",250,412,true],"woocommerce_gallery_thumbnail":["https:\/\/www.beitalhikma.tn\/wp-content\/uploads\/2019\/12\/couverture2-100x100.jpg",100,100,true]},"uagb_author_info":{"display_name":"admin","author_link":"https:\/\/www.beitalhikma.tn\/fr\/author\/"},"uagb_comment_info":0,"uagb_excerpt":"Titre de l\u2019ouvrage : Les origines du mouvement national en Tunisie (1904-1934) Auteur : Ali Mahjoubi Traduction : Abdelhamid Chabbi Langue : arabe Date de parution : 1999 Format : 16x24 ISBN : 9789973929462 Nombre de pages : 725 Th\u00e8me : Histoire Poids : 1100 gr Situation : \u00e9puis\u00e9","_links":{"self":[{"href":"https:\/\/www.beitalhikma.tn\/fr\/wp-json\/wp\/v2\/product\/34251","targetHints":{"allow":["GET"]}}],"collection":[{"href":"https:\/\/www.beitalhikma.tn\/fr\/wp-json\/wp\/v2\/product"}],"about":[{"href":"https:\/\/www.beitalhikma.tn\/fr\/wp-json\/wp\/v2\/types\/product"}],"wp:featuredmedia":[{"embeddable":true,"href":"https:\/\/www.beitalhikma.tn\/fr\/wp-json\/wp\/v2\/media\/34249"}],"wp:attachment":[{"href":"https:\/\/www.beitalhikma.tn\/fr\/wp-json\/wp\/v2\/media?parent=34251"}],"wp:term":[{"taxonomy":"product_brand","embeddable":true,"href":"https:\/\/www.beitalhikma.tn\/fr\/wp-json\/wp\/v2\/product_brand?post=34251"},{"taxonomy":"product_cat","embeddable":true,"href":"https:\/\/www.beitalhikma.tn\/fr\/wp-json\/wp\/v2\/product_cat?post=34251"},{"taxonomy":"product_tag","embeddable":true,"href":"https:\/\/www.beitalhikma.tn\/fr\/wp-json\/wp\/v2\/product_tag?post=34251"}],"curies":[{"name":"wp","href":"https:\/\/api.w.org\/{rel}","templated":true}]}}