{"id":34333,"date":"2019-12-04T14:32:06","date_gmt":"2019-12-04T13:32:06","guid":{"rendered":"https:\/\/www.beitalhikma.tn\/publication\/acces-boutique\/non%20class\u00e9\/le-livre-des-regles-de-conduite-des-maitres-decole\/"},"modified":"2022-09-29T11:34:40","modified_gmt":"2022-09-29T10:34:40","slug":"le-livre-des-regles-de-conduite-des-maitres-decole","status":"publish","type":"product","link":"https:\/\/www.beitalhikma.tn\/fr\/publication\/acces-boutique\/livres-en-vente\/le-livre-des-regles-de-conduite-des-maitres-decole\/","title":{"rendered":"Le livre des r\u00e8gles de conduite des ma\u00eetres d\u2019\u00e9cole"},"content":{"rendered":"<p>Cet Ouvrage, d\u00fb \u00e0 Mohamed Ibn Suhnoun (817-870), est consid\u00e9r\u00e9 comme l\u2019un des plus anciens et des plus int\u00e9ressants trait\u00e9s de p\u00e9dagogie du monde arabo-musulman.<\/p>\n<p>Tous les ouvrages qui lui sont post\u00e9rieurs lui\u00a0 sont redevables peu ou prou. En raison de son importance, ce texte a \u00e9t\u00e9 d\u2019abord \u00e9tabli en 1931 par le grand savant tunisien H.H.Abdulwahab , puis traduit en langue fran\u00e7aise par l\u2019orientatiste G.Lecomte en 1953.<\/p>\n<p>Plus tard, en 1972, une seconde \u00e9dition a vue le jour, revue et comment\u00e9e par l\u2019\u00e9crivain Mohamed La\u00e2roussi M\u00e9toui. Il s\u2019agit donc ici d\u2019une troisi\u00e8me \u00e9dition, \u00e0 l\u2019occasion de la c\u00e9l\u00e9bration, par l\u2019Acad\u00e9mie tunisienne Beit al hikma, de Kairouan capitale culturelle islamique. En raison de l\u2019importance de ce trait\u00e9, nous savons jug\u00e9 n\u00e9cessaire de publier la version arabe\u00a0 et la traduction fran\u00e7aise de cet ouvrage dans un m\u00eame volume.<\/p>\n<p>Citons parmi les chapitres les plus remarquables de ce trait\u00e9\u00a0:<\/p>\n<p>-M\u00e9thodes d\u2019enseignement du coran<\/p>\n<p>-Comment traiter les jeunes \u00e9l\u00e8ves avec \u00e9quit\u00e9\u00a0?<\/p>\n<p>&#8211; le licite et l\u2019illicite en mati\u00e8re disciplinaire.<\/p>\n<p>Plusieurs grands savants et chercheurs parmi les Anciens ( et les Modernes), ont longuement cit\u00e9 cet ouvrage \u00a0et ont tir\u00e9 profit, tels Gibinyani, Ibn Khaldun et Al-Qabusi, car il renferme des textes fondamentaux retra\u00e7ant l\u2019historique de l\u2019\u00e9ducation islamique \u00e0 ses d\u00e9buts, durant le Califat\u00a0 omeyyade \u00a0et au commencement de la p\u00e9riode abbasside. Mohamed Ibn Suhnoun<\/p>\n<p>nous a fid\u00e8lement transmis l\u2019enseignement traditionnel en la mati\u00e8re, celui de son p\u00e8re L\u2019Imam Suhnoun, qui l\u2019a lui-m\u00eame recueilli de son ma\u00eetre Malika Ibn Anas, imam de M\u00e9dine,\u00a0 ainsi que des autres\u00a0 imams qui ont eu le m\u00e9rite de jeter les bases de l\u2019\u00e9ducation islamique.<\/p>\n<p>I.S.B.N\u00a0: 978-9973-49-096-4<\/p>\n","protected":false},"excerpt":{"rendered":"<ul>\n<li><strong>Titre de l\u2019ouvrage :<\/strong> Le livre des r\u00e8gles de conduite des ma\u00eetres d&#8217;\u00e9cole<br \/>\n<strong>Auteur : <\/strong>Mohamed Ibn Suhnoun<br \/>\n<strong>Etablie par :<\/strong> Hassan Hosni Abdelwaheb et Mohamed La\u00e2roussi M\u00e9toui<\/li>\n<li>\u00a0<strong>Troisi\u00e8me \u00e9dition\u00a0\u00e9tablie par :<\/strong> Brahim Ben Mrad<\/li>\n<li><strong>Langue :<\/strong> arabe<\/li>\n<li><strong>Edition :<\/strong> 3\u00e8me \u00e9dition<\/li>\n<li><strong>Date de parution :<\/strong> 2010<\/li>\n<li><strong>Format :<\/strong> 16&#215;24<\/li>\n<li><strong>ISBN :\u00a0<\/strong>9789973490964<\/li>\n<li><strong>Nombre de pages :<\/strong> 171<br \/>\n<strong>Th\u00e8me :<\/strong> Education<\/li>\n<li><strong>Poids :<\/strong> 400 gr<br \/>\n<b>Situation : <\/b>disponible<\/li>\n<\/ul>\n","protected":false},"featured_media":34331,"template":"","meta":{"_uag_custom_page_level_css":""},"product_brand":[],"product_cat":[11],"product_tag":[],"class_list":{"0":"post-34333","1":"product","2":"type-product","3":"status-publish","4":"has-post-thumbnail","6":"product_cat-livres-en-vente","8":"first","9":"instock","10":"sale","11":"shipping-taxable","12":"purchasable","13":"product-type-simple"},"yoast_head":"<!-- This site is optimized with the Yoast SEO plugin v27.5 - https:\/\/yoast.com\/product\/yoast-seo-wordpress\/ -->\n<title>Le livre des r\u00e8gles de conduite des ma\u00eetres d\u2019\u00e9cole - Beit al-Hikma<\/title>\n<meta name=\"robots\" content=\"index, follow, max-snippet:-1, max-image-preview:large, max-video-preview:-1\" \/>\n<link rel=\"canonical\" href=\"https:\/\/www.beitalhikma.tn\/fr\/publication\/acces-boutique\/livres-en-vente\/le-livre-des-regles-de-conduite-des-maitres-decole\/\" \/>\n<meta property=\"og:locale\" content=\"fr_FR\" \/>\n<meta property=\"og:type\" content=\"article\" \/>\n<meta property=\"og:title\" content=\"Le livre des r\u00e8gles de conduite des ma\u00eetres d\u2019\u00e9cole - Beit al-Hikma\" \/>\n<meta property=\"og:description\" content=\"Titre de l\u2019ouvrage : Le livre des r\u00e8gles de conduite des ma\u00eetres d&#039;\u00e9cole Auteur : Mohamed Ibn Suhnoun Etablie par : Hassan Hosni Abdelwaheb et Mohamed La\u00e2roussi M\u00e9toui  \u00a0Troisi\u00e8me \u00e9dition\u00a0\u00e9tablie par : Brahim Ben Mrad  Langue : arabe  Edition : 3\u00e8me \u00e9dition  Date de parution : 2010  Format : 16x24  ISBN :\u00a09789973490964  Nombre de pages : 171 Th\u00e8me : Education  Poids : 400 gr Situation : disponible\" \/>\n<meta property=\"og:url\" content=\"https:\/\/www.beitalhikma.tn\/fr\/publication\/acces-boutique\/livres-en-vente\/le-livre-des-regles-de-conduite-des-maitres-decole\/\" \/>\n<meta property=\"og:site_name\" content=\"Beit al-Hikma\" \/>\n<meta property=\"article:publisher\" content=\"https:\/\/www.facebook.com\/BeitalhikmaTunisie\/\" \/>\n<meta property=\"article:modified_time\" content=\"2022-09-29T10:34:40+00:00\" \/>\n<meta property=\"og:image\" content=\"https:\/\/www.beitalhikma.tn\/wp-content\/uploads\/2019\/12\/\u0643\u062a\u0627\u0628-\u0622\u062f\u0627\u0628-\u0627\u0644\u0645\u0639\u0644\u0651\u0645\u064a\u0646-671x1024.jpg\" \/>\n\t<meta property=\"og:image:width\" content=\"671\" \/>\n\t<meta property=\"og:image:height\" content=\"1024\" \/>\n\t<meta property=\"og:image:type\" content=\"image\/jpeg\" \/>\n<meta name=\"twitter:card\" content=\"summary_large_image\" \/>\n<meta name=\"twitter:site\" content=\"@Beit_alhikma_TN\" \/>\n<meta name=\"twitter:label1\" content=\"Dur\u00e9e de lecture estim\u00e9e\" \/>\n\t<meta name=\"twitter:data1\" content=\"2 minutes\" \/>\n<script type=\"application\/ld+json\" class=\"yoast-schema-graph\">{\"@context\":\"https:\\\/\\\/schema.org\",\"@graph\":[{\"@type\":\"WebPage\",\"@id\":\"https:\\\/\\\/www.beitalhikma.tn\\\/fr\\\/publication\\\/acces-boutique\\\/livres-en-vente\\\/le-livre-des-regles-de-conduite-des-maitres-decole\\\/\",\"url\":\"https:\\\/\\\/www.beitalhikma.tn\\\/fr\\\/publication\\\/acces-boutique\\\/livres-en-vente\\\/le-livre-des-regles-de-conduite-des-maitres-decole\\\/\",\"name\":\"Le livre des r\u00e8gles de conduite des ma\u00eetres d\u2019\u00e9cole - Beit al-Hikma\",\"isPartOf\":{\"@id\":\"https:\\\/\\\/www.beitalhikma.tn\\\/#website\"},\"primaryImageOfPage\":{\"@id\":\"https:\\\/\\\/www.beitalhikma.tn\\\/fr\\\/publication\\\/acces-boutique\\\/livres-en-vente\\\/le-livre-des-regles-de-conduite-des-maitres-decole\\\/#primaryimage\"},\"image\":{\"@id\":\"https:\\\/\\\/www.beitalhikma.tn\\\/fr\\\/publication\\\/acces-boutique\\\/livres-en-vente\\\/le-livre-des-regles-de-conduite-des-maitres-decole\\\/#primaryimage\"},\"thumbnailUrl\":\"https:\\\/\\\/www.beitalhikma.tn\\\/wp-content\\\/uploads\\\/2019\\\/12\\\/\u0643\u062a\u0627\u0628-\u0622\u062f\u0627\u0628-\u0627\u0644\u0645\u0639\u0644\u0651\u0645\u064a\u0646-scaled.jpg\",\"datePublished\":\"2019-12-04T13:32:06+00:00\",\"dateModified\":\"2022-09-29T10:34:40+00:00\",\"breadcrumb\":{\"@id\":\"https:\\\/\\\/www.beitalhikma.tn\\\/fr\\\/publication\\\/acces-boutique\\\/livres-en-vente\\\/le-livre-des-regles-de-conduite-des-maitres-decole\\\/#breadcrumb\"},\"inLanguage\":\"fr-FR\",\"potentialAction\":[{\"@type\":\"ReadAction\",\"target\":[\"https:\\\/\\\/www.beitalhikma.tn\\\/fr\\\/publication\\\/acces-boutique\\\/livres-en-vente\\\/le-livre-des-regles-de-conduite-des-maitres-decole\\\/\"]}]},{\"@type\":\"ImageObject\",\"inLanguage\":\"fr-FR\",\"@id\":\"https:\\\/\\\/www.beitalhikma.tn\\\/fr\\\/publication\\\/acces-boutique\\\/livres-en-vente\\\/le-livre-des-regles-de-conduite-des-maitres-decole\\\/#primaryimage\",\"url\":\"https:\\\/\\\/www.beitalhikma.tn\\\/wp-content\\\/uploads\\\/2019\\\/12\\\/\u0643\u062a\u0627\u0628-\u0622\u062f\u0627\u0628-\u0627\u0644\u0645\u0639\u0644\u0651\u0645\u064a\u0646-scaled.jpg\",\"contentUrl\":\"https:\\\/\\\/www.beitalhikma.tn\\\/wp-content\\\/uploads\\\/2019\\\/12\\\/\u0643\u062a\u0627\u0628-\u0622\u062f\u0627\u0628-\u0627\u0644\u0645\u0639\u0644\u0651\u0645\u064a\u0646-scaled.jpg\",\"width\":1677,\"height\":2560},{\"@type\":\"BreadcrumbList\",\"@id\":\"https:\\\/\\\/www.beitalhikma.tn\\\/fr\\\/publication\\\/acces-boutique\\\/livres-en-vente\\\/le-livre-des-regles-de-conduite-des-maitres-decole\\\/#breadcrumb\",\"itemListElement\":[{\"@type\":\"ListItem\",\"position\":1,\"name\":\"Accueil\",\"item\":\"https:\\\/\\\/www.beitalhikma.tn\\\/fr\\\/\"},{\"@type\":\"ListItem\",\"position\":2,\"name\":\"Boutique\",\"item\":\"https:\\\/\\\/www.beitalhikma.tn\\\/fr\\\/boutique\\\/\"},{\"@type\":\"ListItem\",\"position\":3,\"name\":\"Le livre des r\u00e8gles de conduite des ma\u00eetres d\u2019\u00e9cole\"}]},{\"@type\":\"WebSite\",\"@id\":\"https:\\\/\\\/www.beitalhikma.tn\\\/#website\",\"url\":\"https:\\\/\\\/www.beitalhikma.tn\\\/\",\"name\":\"Beit al-Hikma\",\"description\":\"L&#039;Acad\u00e9mie Tunisienne des Sciences, des Lettres  et des Arts\",\"publisher\":{\"@id\":\"https:\\\/\\\/www.beitalhikma.tn\\\/#organization\"},\"potentialAction\":[{\"@type\":\"SearchAction\",\"target\":{\"@type\":\"EntryPoint\",\"urlTemplate\":\"https:\\\/\\\/www.beitalhikma.tn\\\/?s={search_term_string}\"},\"query-input\":{\"@type\":\"PropertyValueSpecification\",\"valueRequired\":true,\"valueName\":\"search_term_string\"}}],\"inLanguage\":\"fr-FR\"},{\"@type\":\"Organization\",\"@id\":\"https:\\\/\\\/www.beitalhikma.tn\\\/#organization\",\"name\":\"Beit Al Hikma\",\"url\":\"https:\\\/\\\/www.beitalhikma.tn\\\/\",\"logo\":{\"@type\":\"ImageObject\",\"inLanguage\":\"fr-FR\",\"@id\":\"https:\\\/\\\/www.beitalhikma.tn\\\/#\\\/schema\\\/logo\\\/image\\\/\",\"url\":\"https:\\\/\\\/www.beitalhikma.tn\\\/wp-content\\\/uploads\\\/2014\\\/11\\\/logo.png\",\"contentUrl\":\"https:\\\/\\\/www.beitalhikma.tn\\\/wp-content\\\/uploads\\\/2014\\\/11\\\/logo.png\",\"width\":288,\"height\":109,\"caption\":\"Beit Al Hikma\"},\"image\":{\"@id\":\"https:\\\/\\\/www.beitalhikma.tn\\\/#\\\/schema\\\/logo\\\/image\\\/\"},\"sameAs\":[\"https:\\\/\\\/www.facebook.com\\\/BeitalhikmaTunisie\\\/\",\"https:\\\/\\\/x.com\\\/Beit_alhikma_TN\",\"https:\\\/\\\/www.youtube.com\\\/channel\\\/UCl8EfDXqt5MFfcEY0UYhevg\"]}]}<\/script>\n<!-- \/ Yoast SEO plugin. -->","yoast_head_json":{"title":"Le livre des r\u00e8gles de conduite des ma\u00eetres d\u2019\u00e9cole - Beit al-Hikma","robots":{"index":"index","follow":"follow","max-snippet":"max-snippet:-1","max-image-preview":"max-image-preview:large","max-video-preview":"max-video-preview:-1"},"canonical":"https:\/\/www.beitalhikma.tn\/fr\/publication\/acces-boutique\/livres-en-vente\/le-livre-des-regles-de-conduite-des-maitres-decole\/","og_locale":"fr_FR","og_type":"article","og_title":"Le livre des r\u00e8gles de conduite des ma\u00eetres d\u2019\u00e9cole - Beit al-Hikma","og_description":"Titre de l\u2019ouvrage : Le livre des r\u00e8gles de conduite des ma\u00eetres d'\u00e9cole Auteur : Mohamed Ibn Suhnoun Etablie par : Hassan Hosni Abdelwaheb et Mohamed La\u00e2roussi M\u00e9toui  \u00a0Troisi\u00e8me \u00e9dition\u00a0\u00e9tablie par : Brahim Ben Mrad  Langue : arabe  Edition : 3\u00e8me \u00e9dition  Date de parution : 2010  Format : 16x24  ISBN :\u00a09789973490964  Nombre de pages : 171 Th\u00e8me : Education  Poids : 400 gr Situation : disponible","og_url":"https:\/\/www.beitalhikma.tn\/fr\/publication\/acces-boutique\/livres-en-vente\/le-livre-des-regles-de-conduite-des-maitres-decole\/","og_site_name":"Beit al-Hikma","article_publisher":"https:\/\/www.facebook.com\/BeitalhikmaTunisie\/","article_modified_time":"2022-09-29T10:34:40+00:00","og_image":[{"width":671,"height":1024,"url":"https:\/\/www.beitalhikma.tn\/wp-content\/uploads\/2019\/12\/\u0643\u062a\u0627\u0628-\u0622\u062f\u0627\u0628-\u0627\u0644\u0645\u0639\u0644\u0651\u0645\u064a\u0646-671x1024.jpg","type":"image\/jpeg"}],"twitter_card":"summary_large_image","twitter_site":"@Beit_alhikma_TN","twitter_misc":{"Dur\u00e9e de lecture estim\u00e9e":"2 minutes"},"schema":{"@context":"https:\/\/schema.org","@graph":[{"@type":"WebPage","@id":"https:\/\/www.beitalhikma.tn\/fr\/publication\/acces-boutique\/livres-en-vente\/le-livre-des-regles-de-conduite-des-maitres-decole\/","url":"https:\/\/www.beitalhikma.tn\/fr\/publication\/acces-boutique\/livres-en-vente\/le-livre-des-regles-de-conduite-des-maitres-decole\/","name":"Le livre des r\u00e8gles de conduite des ma\u00eetres d\u2019\u00e9cole - Beit al-Hikma","isPartOf":{"@id":"https:\/\/www.beitalhikma.tn\/#website"},"primaryImageOfPage":{"@id":"https:\/\/www.beitalhikma.tn\/fr\/publication\/acces-boutique\/livres-en-vente\/le-livre-des-regles-de-conduite-des-maitres-decole\/#primaryimage"},"image":{"@id":"https:\/\/www.beitalhikma.tn\/fr\/publication\/acces-boutique\/livres-en-vente\/le-livre-des-regles-de-conduite-des-maitres-decole\/#primaryimage"},"thumbnailUrl":"https:\/\/www.beitalhikma.tn\/wp-content\/uploads\/2019\/12\/\u0643\u062a\u0627\u0628-\u0622\u062f\u0627\u0628-\u0627\u0644\u0645\u0639\u0644\u0651\u0645\u064a\u0646-scaled.jpg","datePublished":"2019-12-04T13:32:06+00:00","dateModified":"2022-09-29T10:34:40+00:00","breadcrumb":{"@id":"https:\/\/www.beitalhikma.tn\/fr\/publication\/acces-boutique\/livres-en-vente\/le-livre-des-regles-de-conduite-des-maitres-decole\/#breadcrumb"},"inLanguage":"fr-FR","potentialAction":[{"@type":"ReadAction","target":["https:\/\/www.beitalhikma.tn\/fr\/publication\/acces-boutique\/livres-en-vente\/le-livre-des-regles-de-conduite-des-maitres-decole\/"]}]},{"@type":"ImageObject","inLanguage":"fr-FR","@id":"https:\/\/www.beitalhikma.tn\/fr\/publication\/acces-boutique\/livres-en-vente\/le-livre-des-regles-de-conduite-des-maitres-decole\/#primaryimage","url":"https:\/\/www.beitalhikma.tn\/wp-content\/uploads\/2019\/12\/\u0643\u062a\u0627\u0628-\u0622\u062f\u0627\u0628-\u0627\u0644\u0645\u0639\u0644\u0651\u0645\u064a\u0646-scaled.jpg","contentUrl":"https:\/\/www.beitalhikma.tn\/wp-content\/uploads\/2019\/12\/\u0643\u062a\u0627\u0628-\u0622\u062f\u0627\u0628-\u0627\u0644\u0645\u0639\u0644\u0651\u0645\u064a\u0646-scaled.jpg","width":1677,"height":2560},{"@type":"BreadcrumbList","@id":"https:\/\/www.beitalhikma.tn\/fr\/publication\/acces-boutique\/livres-en-vente\/le-livre-des-regles-de-conduite-des-maitres-decole\/#breadcrumb","itemListElement":[{"@type":"ListItem","position":1,"name":"Accueil","item":"https:\/\/www.beitalhikma.tn\/fr\/"},{"@type":"ListItem","position":2,"name":"Boutique","item":"https:\/\/www.beitalhikma.tn\/fr\/boutique\/"},{"@type":"ListItem","position":3,"name":"Le livre des r\u00e8gles de conduite des ma\u00eetres d\u2019\u00e9cole"}]},{"@type":"WebSite","@id":"https:\/\/www.beitalhikma.tn\/#website","url":"https:\/\/www.beitalhikma.tn\/","name":"Beit al-Hikma","description":"L&#039;Acad\u00e9mie Tunisienne des Sciences, des Lettres  et des Arts","publisher":{"@id":"https:\/\/www.beitalhikma.tn\/#organization"},"potentialAction":[{"@type":"SearchAction","target":{"@type":"EntryPoint","urlTemplate":"https:\/\/www.beitalhikma.tn\/?s={search_term_string}"},"query-input":{"@type":"PropertyValueSpecification","valueRequired":true,"valueName":"search_term_string"}}],"inLanguage":"fr-FR"},{"@type":"Organization","@id":"https:\/\/www.beitalhikma.tn\/#organization","name":"Beit Al Hikma","url":"https:\/\/www.beitalhikma.tn\/","logo":{"@type":"ImageObject","inLanguage":"fr-FR","@id":"https:\/\/www.beitalhikma.tn\/#\/schema\/logo\/image\/","url":"https:\/\/www.beitalhikma.tn\/wp-content\/uploads\/2014\/11\/logo.png","contentUrl":"https:\/\/www.beitalhikma.tn\/wp-content\/uploads\/2014\/11\/logo.png","width":288,"height":109,"caption":"Beit Al Hikma"},"image":{"@id":"https:\/\/www.beitalhikma.tn\/#\/schema\/logo\/image\/"},"sameAs":["https:\/\/www.facebook.com\/BeitalhikmaTunisie\/","https:\/\/x.com\/Beit_alhikma_TN","https:\/\/www.youtube.com\/channel\/UCl8EfDXqt5MFfcEY0UYhevg"]}]}},"uagb_featured_image_src":{"full":["https:\/\/www.beitalhikma.tn\/wp-content\/uploads\/2019\/12\/\u0643\u062a\u0627\u0628-\u0622\u062f\u0627\u0628-\u0627\u0644\u0645\u0639\u0644\u0651\u0645\u064a\u0646-scaled.jpg",1677,2560,false],"thumbnail":["https:\/\/www.beitalhikma.tn\/wp-content\/uploads\/2019\/12\/\u0643\u062a\u0627\u0628-\u0622\u062f\u0627\u0628-\u0627\u0644\u0645\u0639\u0644\u0651\u0645\u064a\u0646-250x300.jpg",250,300,true],"medium":["https:\/\/www.beitalhikma.tn\/wp-content\/uploads\/2019\/12\/\u0643\u062a\u0627\u0628-\u0622\u062f\u0627\u0628-\u0627\u0644\u0645\u0639\u0644\u0651\u0645\u064a\u0646-196x300.jpg",196,300,true],"medium_large":["https:\/\/www.beitalhikma.tn\/wp-content\/uploads\/2019\/12\/\u0643\u062a\u0627\u0628-\u0622\u062f\u0627\u0628-\u0627\u0644\u0645\u0639\u0644\u0651\u0645\u064a\u0646-768x1173.jpg",768,1173,true],"large":["https:\/\/www.beitalhikma.tn\/wp-content\/uploads\/2019\/12\/\u0643\u062a\u0627\u0628-\u0622\u062f\u0627\u0628-\u0627\u0644\u0645\u0639\u0644\u0651\u0645\u064a\u0646-671x1024.jpg",671,1024,true],"thumblist":["https:\/\/www.beitalhikma.tn\/wp-content\/uploads\/2019\/12\/\u0643\u062a\u0627\u0628-\u0622\u062f\u0627\u0628-\u0627\u0644\u0645\u0639\u0644\u0651\u0645\u064a\u0646-300x300.jpg",300,300,true],"meccarouselthumb":["https:\/\/www.beitalhikma.tn\/wp-content\/uploads\/2019\/12\/\u0643\u062a\u0627\u0628-\u0622\u062f\u0627\u0628-\u0627\u0644\u0645\u0639\u0644\u0651\u0645\u064a\u0646-474x324.jpg",474,324,true],"gridsquare":["https:\/\/www.beitalhikma.tn\/wp-content\/uploads\/2019\/12\/\u0643\u062a\u0627\u0628-\u0622\u062f\u0627\u0628-\u0627\u0644\u0645\u0639\u0644\u0651\u0645\u064a\u0646-391x260.jpg",391,260,true],"tileview":["https:\/\/www.beitalhikma.tn\/wp-content\/uploads\/2019\/12\/\u0643\u062a\u0627\u0628-\u0622\u062f\u0627\u0628-\u0627\u0644\u0645\u0639\u0644\u0651\u0645\u064a\u0646-scaled.jpg",262,400,false],"1536x1536":["https:\/\/www.beitalhikma.tn\/wp-content\/uploads\/2019\/12\/\u0643\u062a\u0627\u0628-\u0622\u062f\u0627\u0628-\u0627\u0644\u0645\u0639\u0644\u0651\u0645\u064a\u0646-scaled.jpg",1006,1536,false],"2048x2048":["https:\/\/www.beitalhikma.tn\/wp-content\/uploads\/2019\/12\/\u0643\u062a\u0627\u0628-\u0622\u062f\u0627\u0628-\u0627\u0644\u0645\u0639\u0644\u0651\u0645\u064a\u0646-scaled.jpg",1342,2048,false],"post-thumbnail":["https:\/\/www.beitalhikma.tn\/wp-content\/uploads\/2019\/12\/\u0643\u062a\u0627\u0628-\u0622\u062f\u0627\u0628-\u0627\u0644\u0645\u0639\u0644\u0651\u0645\u064a\u0646-96x146.jpg",96,146,true],"50x50":["https:\/\/www.beitalhikma.tn\/wp-content\/uploads\/2019\/12\/\u0643\u062a\u0627\u0628-\u0622\u062f\u0627\u0628-\u0627\u0644\u0645\u0639\u0644\u0651\u0645\u064a\u0646-33x50.jpg",33,50,true],"portfolio-list":["https:\/\/www.beitalhikma.tn\/wp-content\/uploads\/2019\/12\/\u0643\u062a\u0627\u0628-\u0622\u062f\u0627\u0628-\u0627\u0644\u0645\u0639\u0644\u0651\u0645\u064a\u0646-600x400.jpg",600,400,true],"portfolio-fs":["https:\/\/www.beitalhikma.tn\/wp-content\/uploads\/2019\/12\/\u0643\u062a\u0627\u0628-\u0622\u062f\u0627\u0628-\u0627\u0644\u0645\u0639\u0644\u0651\u0645\u064a\u0646-815x543.jpg",815,543,true],"portfolio-slider":["https:\/\/www.beitalhikma.tn\/wp-content\/uploads\/2019\/12\/\u0643\u062a\u0627\u0628-\u0622\u062f\u0627\u0628-\u0627\u0644\u0645\u0639\u0644\u0651\u0645\u064a\u0646-380x380.jpg",380,380,true],"blog":["https:\/\/www.beitalhikma.tn\/wp-content\/uploads\/2019\/12\/\u0643\u062a\u0627\u0628-\u0622\u062f\u0627\u0628-\u0627\u0644\u0645\u0639\u0644\u0651\u0645\u064a\u0646-564x341.jpg",564,341,true],"blog-single":["https:\/\/www.beitalhikma.tn\/wp-content\/uploads\/2019\/12\/\u0643\u062a\u0627\u0628-\u0622\u062f\u0627\u0628-\u0627\u0644\u0645\u0639\u0644\u0651\u0645\u064a\u0646-1176x445.jpg",1176,445,true],"blog-item":["https:\/\/www.beitalhikma.tn\/wp-content\/uploads\/2019\/12\/\u0643\u062a\u0627\u0628-\u0622\u062f\u0627\u0628-\u0627\u0644\u0645\u0639\u0644\u0651\u0645\u064a\u0646-504x224.jpg",504,224,true],"blog-widget":["https:\/\/www.beitalhikma.tn\/wp-content\/uploads\/2019\/12\/\u0643\u062a\u0627\u0628-\u0622\u062f\u0627\u0628-\u0627\u0644\u0645\u0639\u0644\u0651\u0645\u064a\u0646-80x60.jpg",80,60,true],"features":["https:\/\/www.beitalhikma.tn\/wp-content\/uploads\/2019\/12\/\u0643\u062a\u0627\u0628-\u0622\u062f\u0627\u0628-\u0627\u0644\u0645\u0639\u0644\u0651\u0645\u064a\u0646-90x90.jpg",90,90,true],"clients-slider":["https:\/\/www.beitalhikma.tn\/wp-content\/uploads\/2019\/12\/\u0643\u062a\u0627\u0628-\u0622\u062f\u0627\u0628-\u0627\u0644\u0645\u0639\u0644\u0651\u0645\u064a\u0646-52x80.jpg",52,80,true],"offer-slider":["https:\/\/www.beitalhikma.tn\/wp-content\/uploads\/2019\/12\/\u0643\u062a\u0627\u0628-\u0622\u062f\u0627\u0628-\u0627\u0644\u0645\u0639\u0644\u0651\u0645\u064a\u0646-776x438.jpg",776,438,true],"offer-slider-pg":["https:\/\/www.beitalhikma.tn\/wp-content\/uploads\/2019\/12\/\u0643\u062a\u0627\u0628-\u0622\u062f\u0627\u0628-\u0627\u0644\u0645\u0639\u0644\u0651\u0645\u064a\u0646-42x42.jpg",42,42,true],"woocommerce_thumbnail":["https:\/\/www.beitalhikma.tn\/wp-content\/uploads\/2019\/12\/\u0643\u062a\u0627\u0628-\u0622\u062f\u0627\u0628-\u0627\u0644\u0645\u0639\u0644\u0651\u0645\u064a\u0646-250x300.jpg",250,300,true],"woocommerce_single":["https:\/\/www.beitalhikma.tn\/wp-content\/uploads\/2019\/12\/\u0643\u062a\u0627\u0628-\u0622\u062f\u0627\u0628-\u0627\u0644\u0645\u0639\u0644\u0651\u0645\u064a\u0646-250x382.jpg",250,382,true],"woocommerce_gallery_thumbnail":["https:\/\/www.beitalhikma.tn\/wp-content\/uploads\/2019\/12\/\u0643\u062a\u0627\u0628-\u0622\u062f\u0627\u0628-\u0627\u0644\u0645\u0639\u0644\u0651\u0645\u064a\u0646-100x100.jpg",100,100,true]},"uagb_author_info":{"display_name":"admin","author_link":"https:\/\/www.beitalhikma.tn\/fr\/author\/"},"uagb_comment_info":0,"uagb_excerpt":"Titre de l\u2019ouvrage : Le livre des r\u00e8gles de conduite des ma\u00eetres d'\u00e9cole Auteur : Mohamed Ibn Suhnoun Etablie par : Hassan Hosni Abdelwaheb et Mohamed La\u00e2roussi M\u00e9toui \u00a0Troisi\u00e8me \u00e9dition\u00a0\u00e9tablie par : Brahim Ben Mrad Langue : arabe Edition : 3\u00e8me \u00e9dition Date de parution : 2010 Format : 16x24 ISBN :\u00a09789973490964 Nombre de pages\u2026","_links":{"self":[{"href":"https:\/\/www.beitalhikma.tn\/fr\/wp-json\/wp\/v2\/product\/34333","targetHints":{"allow":["GET"]}}],"collection":[{"href":"https:\/\/www.beitalhikma.tn\/fr\/wp-json\/wp\/v2\/product"}],"about":[{"href":"https:\/\/www.beitalhikma.tn\/fr\/wp-json\/wp\/v2\/types\/product"}],"wp:featuredmedia":[{"embeddable":true,"href":"https:\/\/www.beitalhikma.tn\/fr\/wp-json\/wp\/v2\/media\/34331"}],"wp:attachment":[{"href":"https:\/\/www.beitalhikma.tn\/fr\/wp-json\/wp\/v2\/media?parent=34333"}],"wp:term":[{"taxonomy":"product_brand","embeddable":true,"href":"https:\/\/www.beitalhikma.tn\/fr\/wp-json\/wp\/v2\/product_brand?post=34333"},{"taxonomy":"product_cat","embeddable":true,"href":"https:\/\/www.beitalhikma.tn\/fr\/wp-json\/wp\/v2\/product_cat?post=34333"},{"taxonomy":"product_tag","embeddable":true,"href":"https:\/\/www.beitalhikma.tn\/fr\/wp-json\/wp\/v2\/product_tag?post=34333"}],"curies":[{"name":"wp","href":"https:\/\/api.w.org\/{rel}","templated":true}]}}