{"id":34411,"date":"2019-05-03T09:59:14","date_gmt":"2019-12-06T12:10:51","guid":{"rendered":"https:\/\/www.beitalhikma.tn\/?post_type=product&#038;p=34411"},"modified":"2025-09-11T14:52:52","modified_gmt":"2025-09-11T13:52:52","slug":"viatique-du-voyageur","status":"publish","type":"product","link":"https:\/\/www.beitalhikma.tn\/fr\/publication\/acces-boutique\/livres-epuises\/viatique-du-voyageur\/","title":{"rendered":"Viatique du voyageur"},"content":{"rendered":"<p>L&#8217; \u00e9dition du \u00ab Viatique du voyageur \u00bb par l\u2019Acad\u00e9mie tunisienne Be\u00eft al-Hikmavise un double objectif : offrir au lecteur arabe l\u2019oeuvre dans l\u2019int\u00e9gralit\u00e9 de ses septtrait\u00e9s (maqalat), \u00e9tablir ensuite un lien interactif avec le m\u00e9decin et pharmacienAhmad Ibn Al-Jazzar, qui fut \u00e9galement un remarquable homme de lettres et l\u2019undes plus brillants repr\u00e9sentants de la c\u00e9l\u00e8bre Ecole de Kairouan.Ibn Al-Jazzar parlede cet ouvrage en ces termes : \u00ab Dans chaque chapitre (bab), j\u2019ai mentionn\u00e9 enquoi consiste la maladie que l\u2019on veut diagnostiquer et soigner.<\/p>\n<p>J\u2019en ai sp\u00e9cifi\u00e9 lanature, la localisation, la cause efficiente et le [sympt\u00f4me] prouvant et indiquant sa[pr\u00e9sence]\u2026 J\u2019ai indiqu\u00e9 \u00e0 la suite de cette mention l\u2019ensemble des manipulationsimportantes entourant les composantes des mati\u00e8res m\u00e9dicamenteuses selon lam\u00e9thode m\u00e9dicale et les r\u00e8gles de l\u2019art \u00bb.<\/p>\n<p>Cette description montre bien que nous avons affaire \u00e0 un trait\u00e9 m\u00e9dicalencyclop\u00e9dique de premi\u00e8re importance. Cet ouvrage, le plus c\u00e9l\u00e8bre d\u2019Ibn Al-Jazzar, a \u00e9t\u00e9 au point de rencontre de plusieurs cultures et de plusieurs civilisations,ce qui explique l\u2019ampleur de sa diffusion, hier comme aujourd\u2019hui, dans la plupartdes pays.<\/p>\n<p>L\u2019\u00e9tablissement du texte, t\u00e2che ardue et ingrate, a n\u00e9cessit\u00e9 beaucoup d\u2019effortset de sacrifices de la part des collaborateurs de Be\u00eft al-Hikma. On leur doit aussi unglossaire des plantes m\u00e9dicinales, (arabe \u2013 fran\u00e7ais \u2013 anglais, et parfois latin), qui serabien utile pour la compr\u00e9hension de l\u2019ouvrage.<\/p>\n<p>I.S.B.N : 9973-49-048-9<\/p>\n","protected":false},"excerpt":{"rendered":"<ul>\n<li><strong>Titre de l\u2019ouvrage :<\/strong> Viatique du voyageur<br \/>\nTexte \u00e9tabli par: Mohamed Souissi et Radhi Jazi<\/li>\n<li><strong>Langue :<\/strong> arabe<\/li>\n<li><strong>Date de parution :<\/strong> 1986<\/li>\n<li><strong>Format :<\/strong> 16&#215;24<\/li>\n<li><strong>ISBN :<\/strong> Sans ISBN<\/li>\n<li><strong>Nombre de pages :<\/strong> 292<br \/>\n<strong>Th\u00e8me :<\/strong> M\u00e9decine<\/li>\n<li><strong>Poids :<\/strong> 400 gr<br \/>\n<b>Situation : <\/b>\u00e9puis\u00e9<\/li>\n<\/ul>\n","protected":false},"featured_media":34410,"template":"","meta":{"_uag_custom_page_level_css":""},"product_brand":[],"product_cat":[50],"product_tag":[],"class_list":{"0":"post-34411","1":"product","2":"type-product","3":"status-publish","4":"has-post-thumbnail","6":"product_cat-livres-epuises","8":"first","9":"outofstock","10":"sale","11":"shipping-taxable","12":"purchasable","13":"product-type-simple"},"yoast_head":"<!-- This site is optimized with the Yoast SEO plugin v27.3 - https:\/\/yoast.com\/product\/yoast-seo-wordpress\/ -->\n<title>Viatique du voyageur - Beit al-Hikma<\/title>\n<meta name=\"robots\" content=\"index, follow, max-snippet:-1, max-image-preview:large, max-video-preview:-1\" \/>\n<link rel=\"canonical\" href=\"https:\/\/www.beitalhikma.tn\/fr\/publication\/acces-boutique\/livres-epuises\/viatique-du-voyageur\/\" \/>\n<meta property=\"og:locale\" content=\"fr_FR\" \/>\n<meta property=\"og:type\" content=\"article\" \/>\n<meta property=\"og:title\" content=\"Viatique du voyageur - Beit al-Hikma\" \/>\n<meta property=\"og:description\" content=\"Titre de l\u2019ouvrage : Viatique du voyageur Texte \u00e9tabli par: Mohamed Souissi et Radhi Jazi  Langue : arabe  Date de parution : 1986  Format : 16x24  ISBN : Sans ISBN  Nombre de pages : 292 Th\u00e8me : M\u00e9decine  Poids : 400 gr Situation : \u00e9puis\u00e9\" \/>\n<meta property=\"og:url\" content=\"https:\/\/www.beitalhikma.tn\/fr\/publication\/acces-boutique\/livres-epuises\/viatique-du-voyageur\/\" \/>\n<meta property=\"og:site_name\" content=\"Beit al-Hikma\" \/>\n<meta property=\"article:publisher\" content=\"https:\/\/www.facebook.com\/BeitalhikmaTunisie\/\" \/>\n<meta property=\"article:modified_time\" content=\"2025-09-11T13:52:52+00:00\" \/>\n<meta property=\"og:image\" content=\"https:\/\/www.beitalhikma.tn\/wp-content\/uploads\/2019\/05\/\u0632\u0627\u062f-\u0627\u0644\u0645\u0633\u0627\u0641\u0631-scaled.jpg\" \/>\n\t<meta property=\"og:image:width\" content=\"1665\" \/>\n\t<meta property=\"og:image:height\" content=\"2560\" \/>\n\t<meta property=\"og:image:type\" content=\"image\/jpeg\" \/>\n<meta name=\"twitter:card\" content=\"summary_large_image\" \/>\n<meta name=\"twitter:site\" content=\"@Beit_alhikma_TN\" \/>\n<meta name=\"twitter:label1\" content=\"Dur\u00e9e de lecture estim\u00e9e\" \/>\n\t<meta name=\"twitter:data1\" content=\"2 minutes\" \/>\n<script type=\"application\/ld+json\" class=\"yoast-schema-graph\">{\"@context\":\"https:\\\/\\\/schema.org\",\"@graph\":[{\"@type\":\"WebPage\",\"@id\":\"https:\\\/\\\/www.beitalhikma.tn\\\/fr\\\/publication\\\/acces-boutique\\\/livres-epuises\\\/viatique-du-voyageur\\\/\",\"url\":\"https:\\\/\\\/www.beitalhikma.tn\\\/fr\\\/publication\\\/acces-boutique\\\/livres-epuises\\\/viatique-du-voyageur\\\/\",\"name\":\"Viatique du voyageur - Beit al-Hikma\",\"isPartOf\":{\"@id\":\"https:\\\/\\\/www.beitalhikma.tn\\\/#website\"},\"primaryImageOfPage\":{\"@id\":\"https:\\\/\\\/www.beitalhikma.tn\\\/fr\\\/publication\\\/acces-boutique\\\/livres-epuises\\\/viatique-du-voyageur\\\/#primaryimage\"},\"image\":{\"@id\":\"https:\\\/\\\/www.beitalhikma.tn\\\/fr\\\/publication\\\/acces-boutique\\\/livres-epuises\\\/viatique-du-voyageur\\\/#primaryimage\"},\"thumbnailUrl\":\"https:\\\/\\\/www.beitalhikma.tn\\\/wp-content\\\/uploads\\\/2019\\\/05\\\/\u0632\u0627\u062f-\u0627\u0644\u0645\u0633\u0627\u0641\u0631-scaled.jpg\",\"datePublished\":\"2019-12-06T12:10:51+00:00\",\"dateModified\":\"2025-09-11T13:52:52+00:00\",\"breadcrumb\":{\"@id\":\"https:\\\/\\\/www.beitalhikma.tn\\\/fr\\\/publication\\\/acces-boutique\\\/livres-epuises\\\/viatique-du-voyageur\\\/#breadcrumb\"},\"inLanguage\":\"fr-FR\",\"potentialAction\":[{\"@type\":\"ReadAction\",\"target\":[\"https:\\\/\\\/www.beitalhikma.tn\\\/fr\\\/publication\\\/acces-boutique\\\/livres-epuises\\\/viatique-du-voyageur\\\/\"]}]},{\"@type\":\"ImageObject\",\"inLanguage\":\"fr-FR\",\"@id\":\"https:\\\/\\\/www.beitalhikma.tn\\\/fr\\\/publication\\\/acces-boutique\\\/livres-epuises\\\/viatique-du-voyageur\\\/#primaryimage\",\"url\":\"https:\\\/\\\/www.beitalhikma.tn\\\/wp-content\\\/uploads\\\/2019\\\/05\\\/\u0632\u0627\u062f-\u0627\u0644\u0645\u0633\u0627\u0641\u0631-scaled.jpg\",\"contentUrl\":\"https:\\\/\\\/www.beitalhikma.tn\\\/wp-content\\\/uploads\\\/2019\\\/05\\\/\u0632\u0627\u062f-\u0627\u0644\u0645\u0633\u0627\u0641\u0631-scaled.jpg\",\"width\":1665,\"height\":2560},{\"@type\":\"BreadcrumbList\",\"@id\":\"https:\\\/\\\/www.beitalhikma.tn\\\/fr\\\/publication\\\/acces-boutique\\\/livres-epuises\\\/viatique-du-voyageur\\\/#breadcrumb\",\"itemListElement\":[{\"@type\":\"ListItem\",\"position\":1,\"name\":\"Accueil\",\"item\":\"https:\\\/\\\/www.beitalhikma.tn\\\/fr\\\/\"},{\"@type\":\"ListItem\",\"position\":2,\"name\":\"Boutique\",\"item\":\"https:\\\/\\\/www.beitalhikma.tn\\\/fr\\\/boutique\\\/\"},{\"@type\":\"ListItem\",\"position\":3,\"name\":\"Viatique du voyageur\"}]},{\"@type\":\"WebSite\",\"@id\":\"https:\\\/\\\/www.beitalhikma.tn\\\/#website\",\"url\":\"https:\\\/\\\/www.beitalhikma.tn\\\/\",\"name\":\"Beit al-Hikma\",\"description\":\"L&#039;Acad\u00e9mie Tunisienne des Sciences, des Lettres  et des Arts\",\"publisher\":{\"@id\":\"https:\\\/\\\/www.beitalhikma.tn\\\/#organization\"},\"potentialAction\":[{\"@type\":\"SearchAction\",\"target\":{\"@type\":\"EntryPoint\",\"urlTemplate\":\"https:\\\/\\\/www.beitalhikma.tn\\\/?s={search_term_string}\"},\"query-input\":{\"@type\":\"PropertyValueSpecification\",\"valueRequired\":true,\"valueName\":\"search_term_string\"}}],\"inLanguage\":\"fr-FR\"},{\"@type\":\"Organization\",\"@id\":\"https:\\\/\\\/www.beitalhikma.tn\\\/#organization\",\"name\":\"Beit Al Hikma\",\"url\":\"https:\\\/\\\/www.beitalhikma.tn\\\/\",\"logo\":{\"@type\":\"ImageObject\",\"inLanguage\":\"fr-FR\",\"@id\":\"https:\\\/\\\/www.beitalhikma.tn\\\/#\\\/schema\\\/logo\\\/image\\\/\",\"url\":\"https:\\\/\\\/www.beitalhikma.tn\\\/wp-content\\\/uploads\\\/2014\\\/11\\\/logo.png\",\"contentUrl\":\"https:\\\/\\\/www.beitalhikma.tn\\\/wp-content\\\/uploads\\\/2014\\\/11\\\/logo.png\",\"width\":288,\"height\":109,\"caption\":\"Beit Al Hikma\"},\"image\":{\"@id\":\"https:\\\/\\\/www.beitalhikma.tn\\\/#\\\/schema\\\/logo\\\/image\\\/\"},\"sameAs\":[\"https:\\\/\\\/www.facebook.com\\\/BeitalhikmaTunisie\\\/\",\"https:\\\/\\\/x.com\\\/Beit_alhikma_TN\",\"https:\\\/\\\/www.youtube.com\\\/channel\\\/UCl8EfDXqt5MFfcEY0UYhevg\"]}]}<\/script>\n<!-- \/ Yoast SEO plugin. -->","yoast_head_json":{"title":"Viatique du voyageur - Beit al-Hikma","robots":{"index":"index","follow":"follow","max-snippet":"max-snippet:-1","max-image-preview":"max-image-preview:large","max-video-preview":"max-video-preview:-1"},"canonical":"https:\/\/www.beitalhikma.tn\/fr\/publication\/acces-boutique\/livres-epuises\/viatique-du-voyageur\/","og_locale":"fr_FR","og_type":"article","og_title":"Viatique du voyageur - Beit al-Hikma","og_description":"Titre de l\u2019ouvrage : Viatique du voyageur Texte \u00e9tabli par: Mohamed Souissi et Radhi Jazi  Langue : arabe  Date de parution : 1986  Format : 16x24  ISBN : Sans ISBN  Nombre de pages : 292 Th\u00e8me : M\u00e9decine  Poids : 400 gr Situation : \u00e9puis\u00e9","og_url":"https:\/\/www.beitalhikma.tn\/fr\/publication\/acces-boutique\/livres-epuises\/viatique-du-voyageur\/","og_site_name":"Beit al-Hikma","article_publisher":"https:\/\/www.facebook.com\/BeitalhikmaTunisie\/","article_modified_time":"2025-09-11T13:52:52+00:00","og_image":[{"width":1665,"height":2560,"url":"https:\/\/www.beitalhikma.tn\/wp-content\/uploads\/2019\/05\/\u0632\u0627\u062f-\u0627\u0644\u0645\u0633\u0627\u0641\u0631-scaled.jpg","type":"image\/jpeg"}],"twitter_card":"summary_large_image","twitter_site":"@Beit_alhikma_TN","twitter_misc":{"Dur\u00e9e de lecture estim\u00e9e":"2 minutes"},"schema":{"@context":"https:\/\/schema.org","@graph":[{"@type":"WebPage","@id":"https:\/\/www.beitalhikma.tn\/fr\/publication\/acces-boutique\/livres-epuises\/viatique-du-voyageur\/","url":"https:\/\/www.beitalhikma.tn\/fr\/publication\/acces-boutique\/livres-epuises\/viatique-du-voyageur\/","name":"Viatique du voyageur - Beit al-Hikma","isPartOf":{"@id":"https:\/\/www.beitalhikma.tn\/#website"},"primaryImageOfPage":{"@id":"https:\/\/www.beitalhikma.tn\/fr\/publication\/acces-boutique\/livres-epuises\/viatique-du-voyageur\/#primaryimage"},"image":{"@id":"https:\/\/www.beitalhikma.tn\/fr\/publication\/acces-boutique\/livres-epuises\/viatique-du-voyageur\/#primaryimage"},"thumbnailUrl":"https:\/\/www.beitalhikma.tn\/wp-content\/uploads\/2019\/05\/\u0632\u0627\u062f-\u0627\u0644\u0645\u0633\u0627\u0641\u0631-scaled.jpg","datePublished":"2019-12-06T12:10:51+00:00","dateModified":"2025-09-11T13:52:52+00:00","breadcrumb":{"@id":"https:\/\/www.beitalhikma.tn\/fr\/publication\/acces-boutique\/livres-epuises\/viatique-du-voyageur\/#breadcrumb"},"inLanguage":"fr-FR","potentialAction":[{"@type":"ReadAction","target":["https:\/\/www.beitalhikma.tn\/fr\/publication\/acces-boutique\/livres-epuises\/viatique-du-voyageur\/"]}]},{"@type":"ImageObject","inLanguage":"fr-FR","@id":"https:\/\/www.beitalhikma.tn\/fr\/publication\/acces-boutique\/livres-epuises\/viatique-du-voyageur\/#primaryimage","url":"https:\/\/www.beitalhikma.tn\/wp-content\/uploads\/2019\/05\/\u0632\u0627\u062f-\u0627\u0644\u0645\u0633\u0627\u0641\u0631-scaled.jpg","contentUrl":"https:\/\/www.beitalhikma.tn\/wp-content\/uploads\/2019\/05\/\u0632\u0627\u062f-\u0627\u0644\u0645\u0633\u0627\u0641\u0631-scaled.jpg","width":1665,"height":2560},{"@type":"BreadcrumbList","@id":"https:\/\/www.beitalhikma.tn\/fr\/publication\/acces-boutique\/livres-epuises\/viatique-du-voyageur\/#breadcrumb","itemListElement":[{"@type":"ListItem","position":1,"name":"Accueil","item":"https:\/\/www.beitalhikma.tn\/fr\/"},{"@type":"ListItem","position":2,"name":"Boutique","item":"https:\/\/www.beitalhikma.tn\/fr\/boutique\/"},{"@type":"ListItem","position":3,"name":"Viatique du voyageur"}]},{"@type":"WebSite","@id":"https:\/\/www.beitalhikma.tn\/#website","url":"https:\/\/www.beitalhikma.tn\/","name":"Beit al-Hikma","description":"L&#039;Acad\u00e9mie Tunisienne des Sciences, des Lettres  et des Arts","publisher":{"@id":"https:\/\/www.beitalhikma.tn\/#organization"},"potentialAction":[{"@type":"SearchAction","target":{"@type":"EntryPoint","urlTemplate":"https:\/\/www.beitalhikma.tn\/?s={search_term_string}"},"query-input":{"@type":"PropertyValueSpecification","valueRequired":true,"valueName":"search_term_string"}}],"inLanguage":"fr-FR"},{"@type":"Organization","@id":"https:\/\/www.beitalhikma.tn\/#organization","name":"Beit Al Hikma","url":"https:\/\/www.beitalhikma.tn\/","logo":{"@type":"ImageObject","inLanguage":"fr-FR","@id":"https:\/\/www.beitalhikma.tn\/#\/schema\/logo\/image\/","url":"https:\/\/www.beitalhikma.tn\/wp-content\/uploads\/2014\/11\/logo.png","contentUrl":"https:\/\/www.beitalhikma.tn\/wp-content\/uploads\/2014\/11\/logo.png","width":288,"height":109,"caption":"Beit Al Hikma"},"image":{"@id":"https:\/\/www.beitalhikma.tn\/#\/schema\/logo\/image\/"},"sameAs":["https:\/\/www.facebook.com\/BeitalhikmaTunisie\/","https:\/\/x.com\/Beit_alhikma_TN","https:\/\/www.youtube.com\/channel\/UCl8EfDXqt5MFfcEY0UYhevg"]}]}},"uagb_featured_image_src":{"full":["https:\/\/www.beitalhikma.tn\/wp-content\/uploads\/2019\/05\/\u0632\u0627\u062f-\u0627\u0644\u0645\u0633\u0627\u0641\u0631-scaled.jpg",1665,2560,false],"thumbnail":["https:\/\/www.beitalhikma.tn\/wp-content\/uploads\/2019\/05\/\u0632\u0627\u062f-\u0627\u0644\u0645\u0633\u0627\u0641\u0631-250x300.jpg",250,300,true],"medium":["https:\/\/www.beitalhikma.tn\/wp-content\/uploads\/2019\/05\/\u0632\u0627\u062f-\u0627\u0644\u0645\u0633\u0627\u0641\u0631-195x300.jpg",195,300,true],"medium_large":["https:\/\/www.beitalhikma.tn\/wp-content\/uploads\/2019\/05\/\u0632\u0627\u062f-\u0627\u0644\u0645\u0633\u0627\u0641\u0631-768x1181.jpg",768,1181,true],"large":["https:\/\/www.beitalhikma.tn\/wp-content\/uploads\/2019\/05\/\u0632\u0627\u062f-\u0627\u0644\u0645\u0633\u0627\u0641\u0631-666x1024.jpg",666,1024,true],"thumblist":["https:\/\/www.beitalhikma.tn\/wp-content\/uploads\/2019\/05\/\u0632\u0627\u062f-\u0627\u0644\u0645\u0633\u0627\u0641\u0631-300x300.jpg",300,300,true],"meccarouselthumb":["https:\/\/www.beitalhikma.tn\/wp-content\/uploads\/2019\/05\/\u0632\u0627\u062f-\u0627\u0644\u0645\u0633\u0627\u0641\u0631-474x324.jpg",474,324,true],"gridsquare":["https:\/\/www.beitalhikma.tn\/wp-content\/uploads\/2019\/05\/\u0632\u0627\u062f-\u0627\u0644\u0645\u0633\u0627\u0641\u0631-391x260.jpg",391,260,true],"tileview":["https:\/\/www.beitalhikma.tn\/wp-content\/uploads\/2019\/05\/\u0632\u0627\u062f-\u0627\u0644\u0645\u0633\u0627\u0641\u0631-scaled.jpg",260,400,false],"1536x1536":["https:\/\/www.beitalhikma.tn\/wp-content\/uploads\/2019\/05\/\u0632\u0627\u062f-\u0627\u0644\u0645\u0633\u0627\u0641\u0631-scaled.jpg",999,1536,false],"2048x2048":["https:\/\/www.beitalhikma.tn\/wp-content\/uploads\/2019\/05\/\u0632\u0627\u062f-\u0627\u0644\u0645\u0633\u0627\u0641\u0631-scaled.jpg",1332,2048,false],"post-thumbnail":["https:\/\/www.beitalhikma.tn\/wp-content\/uploads\/2019\/05\/\u0632\u0627\u062f-\u0627\u0644\u0645\u0633\u0627\u0641\u0631-95x146.jpg",95,146,true],"50x50":["https:\/\/www.beitalhikma.tn\/wp-content\/uploads\/2019\/05\/\u0632\u0627\u062f-\u0627\u0644\u0645\u0633\u0627\u0641\u0631-33x50.jpg",33,50,true],"portfolio-list":["https:\/\/www.beitalhikma.tn\/wp-content\/uploads\/2019\/05\/\u0632\u0627\u062f-\u0627\u0644\u0645\u0633\u0627\u0641\u0631-600x400.jpg",600,400,true],"portfolio-fs":["https:\/\/www.beitalhikma.tn\/wp-content\/uploads\/2019\/05\/\u0632\u0627\u062f-\u0627\u0644\u0645\u0633\u0627\u0641\u0631-815x543.jpg",815,543,true],"portfolio-slider":["https:\/\/www.beitalhikma.tn\/wp-content\/uploads\/2019\/05\/\u0632\u0627\u062f-\u0627\u0644\u0645\u0633\u0627\u0641\u0631-380x380.jpg",380,380,true],"blog":["https:\/\/www.beitalhikma.tn\/wp-content\/uploads\/2019\/05\/\u0632\u0627\u062f-\u0627\u0644\u0645\u0633\u0627\u0641\u0631-564x341.jpg",564,341,true],"blog-single":["https:\/\/www.beitalhikma.tn\/wp-content\/uploads\/2019\/05\/\u0632\u0627\u062f-\u0627\u0644\u0645\u0633\u0627\u0641\u0631-1176x445.jpg",1176,445,true],"blog-item":["https:\/\/www.beitalhikma.tn\/wp-content\/uploads\/2019\/05\/\u0632\u0627\u062f-\u0627\u0644\u0645\u0633\u0627\u0641\u0631-504x224.jpg",504,224,true],"blog-widget":["https:\/\/www.beitalhikma.tn\/wp-content\/uploads\/2019\/05\/\u0632\u0627\u062f-\u0627\u0644\u0645\u0633\u0627\u0641\u0631-80x60.jpg",80,60,true],"features":["https:\/\/www.beitalhikma.tn\/wp-content\/uploads\/2019\/05\/\u0632\u0627\u062f-\u0627\u0644\u0645\u0633\u0627\u0641\u0631-90x90.jpg",90,90,true],"clients-slider":["https:\/\/www.beitalhikma.tn\/wp-content\/uploads\/2019\/05\/\u0632\u0627\u062f-\u0627\u0644\u0645\u0633\u0627\u0641\u0631-52x80.jpg",52,80,true],"offer-slider":["https:\/\/www.beitalhikma.tn\/wp-content\/uploads\/2019\/05\/\u0632\u0627\u062f-\u0627\u0644\u0645\u0633\u0627\u0641\u0631-776x438.jpg",776,438,true],"offer-slider-pg":["https:\/\/www.beitalhikma.tn\/wp-content\/uploads\/2019\/05\/\u0632\u0627\u062f-\u0627\u0644\u0645\u0633\u0627\u0641\u0631-42x42.jpg",42,42,true],"woocommerce_thumbnail":["https:\/\/www.beitalhikma.tn\/wp-content\/uploads\/2019\/05\/\u0632\u0627\u062f-\u0627\u0644\u0645\u0633\u0627\u0641\u0631-250x300.jpg",250,300,true],"woocommerce_single":["https:\/\/www.beitalhikma.tn\/wp-content\/uploads\/2019\/05\/\u0632\u0627\u062f-\u0627\u0644\u0645\u0633\u0627\u0641\u0631-250x384.jpg",250,384,true],"woocommerce_gallery_thumbnail":["https:\/\/www.beitalhikma.tn\/wp-content\/uploads\/2019\/05\/\u0632\u0627\u062f-\u0627\u0644\u0645\u0633\u0627\u0641\u0631-100x100.jpg",100,100,true]},"uagb_author_info":{"display_name":"admin","author_link":"https:\/\/www.beitalhikma.tn\/fr\/author\/"},"uagb_comment_info":0,"uagb_excerpt":"Titre de l\u2019ouvrage : Viatique du voyageur Texte \u00e9tabli par: Mohamed Souissi et Radhi Jazi Langue : arabe Date de parution : 1986 Format : 16x24 ISBN : Sans ISBN Nombre de pages : 292 Th\u00e8me : M\u00e9decine Poids : 400 gr Situation : \u00e9puis\u00e9","_links":{"self":[{"href":"https:\/\/www.beitalhikma.tn\/fr\/wp-json\/wp\/v2\/product\/34411","targetHints":{"allow":["GET"]}}],"collection":[{"href":"https:\/\/www.beitalhikma.tn\/fr\/wp-json\/wp\/v2\/product"}],"about":[{"href":"https:\/\/www.beitalhikma.tn\/fr\/wp-json\/wp\/v2\/types\/product"}],"wp:featuredmedia":[{"embeddable":true,"href":"https:\/\/www.beitalhikma.tn\/fr\/wp-json\/wp\/v2\/media\/34410"}],"wp:attachment":[{"href":"https:\/\/www.beitalhikma.tn\/fr\/wp-json\/wp\/v2\/media?parent=34411"}],"wp:term":[{"taxonomy":"product_brand","embeddable":true,"href":"https:\/\/www.beitalhikma.tn\/fr\/wp-json\/wp\/v2\/product_brand?post=34411"},{"taxonomy":"product_cat","embeddable":true,"href":"https:\/\/www.beitalhikma.tn\/fr\/wp-json\/wp\/v2\/product_cat?post=34411"},{"taxonomy":"product_tag","embeddable":true,"href":"https:\/\/www.beitalhikma.tn\/fr\/wp-json\/wp\/v2\/product_tag?post=34411"}],"curies":[{"name":"wp","href":"https:\/\/api.w.org\/{rel}","templated":true}]}}