{"id":35894,"date":"2019-10-24T13:22:20","date_gmt":"2019-10-24T12:22:20","guid":{"rendered":"https:\/\/www.beitalhikma.tn\/publication\/acces-boutique\/non%20class\u00e9\/35894\/"},"modified":"2022-10-12T08:51:06","modified_gmt":"2022-10-12T07:51:06","slug":"35894","status":"publish","type":"product","link":"https:\/\/www.beitalhikma.tn\/fr\/publication\/acces-boutique\/livres-en-vente\/35894\/","title":{"rendered":"Titre\u00a0: Les \u0153uvres compl\u00e8tes d\u2019Ahmed Dorai"},"content":{"rendered":"<p>Cet ouvrage en deux tomes r\u00e9unit la totalit\u00e9 des \u00e9crits d\u2019Ahmed Dorai. Le premier volume contient les \u0153uvres par lesquelles cet \u00e9crivain s\u2019est illustr\u00e9 dans les diff\u00e9rents genres litt\u00e9raires et qui, toutes, portent la marque de l\u2019innovation. Le second regroupe l\u2019ensemble de ses essais qui mettent en lumi\u00e8re, \u00e0 travers une approche moderniste \u00e0 la fois audacieuse et profonde des grandes questions intellectuelles, certains paradoxes de notre nation qui \u00ab\u00a0produit des cr\u00e9ateurs d\u2019avant-garde que la plupart de leurs compatriotes continuent \u00e0 m\u00e9conna\u00eetre\u00a0\u00bb, ainsi que le souligne dans sa pr\u00e9sentation le penseur et pr\u00e9sident de l\u2019Acad\u00e9mie Beit al Hikma, le Professeur Abdelmajid Charfi.<\/p>\n<p>Les \u0153uvres litt\u00e9raires et les essais d\u2019Ahmed Dorai constituent autant de documents sur les batailles intellectuelles, politiques et syndicales engag\u00e9es par l\u2019intelligentsia \u00e9clair\u00e9e face aux tenants d\u2019une pens\u00e9e dogmatique ferm\u00e9e \u00e0 toute id\u00e9e de changement et d\u2019innovation. Les \u00e9crits litt\u00e9raires autant que les th\u00e8ses d\u00e9fendues par Dorai t\u00e9moignent du combat pour le\u00a0 progr\u00e8s men\u00e9 par l\u2019\u00e9crivain face aux traditionnalistes. Produits pour la plupart dans la premi\u00e8re partie du XXe si\u00e8cle, ses textes parlent avec une \u00e9tonnante exactitude la langue de notre temps.<\/p>\n","protected":false},"excerpt":{"rendered":"<ul>\n<li><strong>Tome I\u00a0:<\/strong> \u0152uvres litt\u00e9raires<\/li>\n<li><strong>Tome II\u00a0:<\/strong> Essais<\/li>\n<li><strong>Auteur\u00a0:<\/strong> Ahmed Dorai<\/li>\n<li><strong>Langue\u00a0:<\/strong> Arabe<\/li>\n<li><strong>Date de publication<\/strong>\u00a0: 2019<\/li>\n<li><strong>Format\u00a0:<\/strong> 27 x 21<\/li>\n<li><strong>ISBN: Tome I :<\/strong> 978-9973-49-197-8\/ <strong>Tome II\u00a0:<\/strong> 978-9973-49-198 -5<\/li>\n<li><strong>Nombre de pages\u00a0: Tome I\u00a0: <\/strong>604p \/ <strong>Tome II\u00a0: <\/strong>592p<\/li>\n<li><strong>Th\u00e8me :<\/strong> Litt\u00e9rature et essais<\/li>\n<li><b>Poids:<\/b>3000 gr<\/li>\n<li><strong>Situation :<\/strong>disponible<\/li>\n<\/ul>\n<ul>\n<li><\/li>\n<\/ul>\n","protected":false},"featured_media":30777,"template":"","meta":{"_uag_custom_page_level_css":""},"product_brand":[],"product_cat":[11],"product_tag":[],"class_list":{"0":"post-35894","1":"product","2":"type-product","3":"status-publish","4":"has-post-thumbnail","6":"product_cat-livres-en-vente","8":"first","9":"instock","10":"sale","11":"shipping-taxable","12":"purchasable","13":"product-type-simple"},"yoast_head":"<!-- This site is optimized with the Yoast SEO plugin v27.5 - https:\/\/yoast.com\/product\/yoast-seo-wordpress\/ -->\n<title>Titre\u00a0: Les \u0153uvres compl\u00e8tes d\u2019Ahmed Dorai - Beit al-Hikma<\/title>\n<meta name=\"robots\" content=\"index, follow, max-snippet:-1, max-image-preview:large, max-video-preview:-1\" \/>\n<link rel=\"canonical\" href=\"https:\/\/www.beitalhikma.tn\/fr\/publication\/acces-boutique\/livres-en-vente\/35894\/\" \/>\n<meta property=\"og:locale\" content=\"fr_FR\" \/>\n<meta property=\"og:type\" content=\"article\" \/>\n<meta property=\"og:title\" content=\"Titre\u00a0: Les \u0153uvres compl\u00e8tes d\u2019Ahmed Dorai - Beit al-Hikma\" \/>\n<meta property=\"og:description\" content=\"Tome I\u00a0: \u0152uvres litt\u00e9raires  Tome II\u00a0: Essais  Auteur\u00a0: Ahmed Dorai  Langue\u00a0: Arabe  Date de publication\u00a0: 2019  Format\u00a0: 27 x 21  ISBN: Tome I : 978-9973-49-197-8\/ Tome II\u00a0: 978-9973-49-198 -5  Nombre de pages\u00a0: Tome I\u00a0: 604p \/ Tome II\u00a0: 592p  Th\u00e8me : Litt\u00e9rature et essais  Poids:3000 gr  Situation :disponible\" \/>\n<meta property=\"og:url\" content=\"https:\/\/www.beitalhikma.tn\/fr\/publication\/acces-boutique\/livres-en-vente\/35894\/\" \/>\n<meta property=\"og:site_name\" content=\"Beit al-Hikma\" \/>\n<meta property=\"article:publisher\" content=\"https:\/\/www.facebook.com\/BeitalhikmaTunisie\/\" \/>\n<meta property=\"article:modified_time\" content=\"2022-10-12T07:51:06+00:00\" \/>\n<meta property=\"og:image\" content=\"https:\/\/www.beitalhikma.tn\/wp-content\/uploads\/2019\/09\/he1.jpg\" \/>\n\t<meta property=\"og:image:width\" content=\"155\" \/>\n\t<meta property=\"og:image:height\" content=\"200\" \/>\n\t<meta property=\"og:image:type\" content=\"image\/jpeg\" \/>\n<meta name=\"twitter:card\" content=\"summary_large_image\" \/>\n<meta name=\"twitter:site\" content=\"@Beit_alhikma_TN\" \/>\n<meta name=\"twitter:label1\" content=\"Dur\u00e9e de lecture estim\u00e9e\" \/>\n\t<meta name=\"twitter:data1\" content=\"1 minute\" \/>\n<script type=\"application\/ld+json\" class=\"yoast-schema-graph\">{\"@context\":\"https:\\\/\\\/schema.org\",\"@graph\":[{\"@type\":\"WebPage\",\"@id\":\"https:\\\/\\\/www.beitalhikma.tn\\\/fr\\\/publication\\\/acces-boutique\\\/livres-en-vente\\\/35894\\\/\",\"url\":\"https:\\\/\\\/www.beitalhikma.tn\\\/fr\\\/publication\\\/acces-boutique\\\/livres-en-vente\\\/35894\\\/\",\"name\":\"Titre\u00a0: Les \u0153uvres compl\u00e8tes d\u2019Ahmed Dorai - Beit al-Hikma\",\"isPartOf\":{\"@id\":\"https:\\\/\\\/www.beitalhikma.tn\\\/#website\"},\"primaryImageOfPage\":{\"@id\":\"https:\\\/\\\/www.beitalhikma.tn\\\/fr\\\/publication\\\/acces-boutique\\\/livres-en-vente\\\/35894\\\/#primaryimage\"},\"image\":{\"@id\":\"https:\\\/\\\/www.beitalhikma.tn\\\/fr\\\/publication\\\/acces-boutique\\\/livres-en-vente\\\/35894\\\/#primaryimage\"},\"thumbnailUrl\":\"https:\\\/\\\/www.beitalhikma.tn\\\/wp-content\\\/uploads\\\/2019\\\/09\\\/he1.jpg\",\"datePublished\":\"2019-10-24T12:22:20+00:00\",\"dateModified\":\"2022-10-12T07:51:06+00:00\",\"breadcrumb\":{\"@id\":\"https:\\\/\\\/www.beitalhikma.tn\\\/fr\\\/publication\\\/acces-boutique\\\/livres-en-vente\\\/35894\\\/#breadcrumb\"},\"inLanguage\":\"fr-FR\",\"potentialAction\":[{\"@type\":\"ReadAction\",\"target\":[\"https:\\\/\\\/www.beitalhikma.tn\\\/fr\\\/publication\\\/acces-boutique\\\/livres-en-vente\\\/35894\\\/\"]}]},{\"@type\":\"ImageObject\",\"inLanguage\":\"fr-FR\",\"@id\":\"https:\\\/\\\/www.beitalhikma.tn\\\/fr\\\/publication\\\/acces-boutique\\\/livres-en-vente\\\/35894\\\/#primaryimage\",\"url\":\"https:\\\/\\\/www.beitalhikma.tn\\\/wp-content\\\/uploads\\\/2019\\\/09\\\/he1.jpg\",\"contentUrl\":\"https:\\\/\\\/www.beitalhikma.tn\\\/wp-content\\\/uploads\\\/2019\\\/09\\\/he1.jpg\",\"width\":155,\"height\":200},{\"@type\":\"BreadcrumbList\",\"@id\":\"https:\\\/\\\/www.beitalhikma.tn\\\/fr\\\/publication\\\/acces-boutique\\\/livres-en-vente\\\/35894\\\/#breadcrumb\",\"itemListElement\":[{\"@type\":\"ListItem\",\"position\":1,\"name\":\"Accueil\",\"item\":\"https:\\\/\\\/www.beitalhikma.tn\\\/fr\\\/\"},{\"@type\":\"ListItem\",\"position\":2,\"name\":\"Boutique\",\"item\":\"https:\\\/\\\/www.beitalhikma.tn\\\/fr\\\/boutique\\\/\"},{\"@type\":\"ListItem\",\"position\":3,\"name\":\"Titre\u00a0: Les \u0153uvres compl\u00e8tes d\u2019Ahmed Dorai\"}]},{\"@type\":\"WebSite\",\"@id\":\"https:\\\/\\\/www.beitalhikma.tn\\\/#website\",\"url\":\"https:\\\/\\\/www.beitalhikma.tn\\\/\",\"name\":\"Beit al-Hikma\",\"description\":\"L&#039;Acad\u00e9mie Tunisienne des Sciences, des Lettres  et des Arts\",\"publisher\":{\"@id\":\"https:\\\/\\\/www.beitalhikma.tn\\\/#organization\"},\"potentialAction\":[{\"@type\":\"SearchAction\",\"target\":{\"@type\":\"EntryPoint\",\"urlTemplate\":\"https:\\\/\\\/www.beitalhikma.tn\\\/?s={search_term_string}\"},\"query-input\":{\"@type\":\"PropertyValueSpecification\",\"valueRequired\":true,\"valueName\":\"search_term_string\"}}],\"inLanguage\":\"fr-FR\"},{\"@type\":\"Organization\",\"@id\":\"https:\\\/\\\/www.beitalhikma.tn\\\/#organization\",\"name\":\"Beit Al Hikma\",\"url\":\"https:\\\/\\\/www.beitalhikma.tn\\\/\",\"logo\":{\"@type\":\"ImageObject\",\"inLanguage\":\"fr-FR\",\"@id\":\"https:\\\/\\\/www.beitalhikma.tn\\\/#\\\/schema\\\/logo\\\/image\\\/\",\"url\":\"https:\\\/\\\/www.beitalhikma.tn\\\/wp-content\\\/uploads\\\/2014\\\/11\\\/logo.png\",\"contentUrl\":\"https:\\\/\\\/www.beitalhikma.tn\\\/wp-content\\\/uploads\\\/2014\\\/11\\\/logo.png\",\"width\":288,\"height\":109,\"caption\":\"Beit Al Hikma\"},\"image\":{\"@id\":\"https:\\\/\\\/www.beitalhikma.tn\\\/#\\\/schema\\\/logo\\\/image\\\/\"},\"sameAs\":[\"https:\\\/\\\/www.facebook.com\\\/BeitalhikmaTunisie\\\/\",\"https:\\\/\\\/x.com\\\/Beit_alhikma_TN\",\"https:\\\/\\\/www.youtube.com\\\/channel\\\/UCl8EfDXqt5MFfcEY0UYhevg\"]}]}<\/script>\n<!-- \/ Yoast SEO plugin. -->","yoast_head_json":{"title":"Titre\u00a0: Les \u0153uvres compl\u00e8tes d\u2019Ahmed Dorai - Beit al-Hikma","robots":{"index":"index","follow":"follow","max-snippet":"max-snippet:-1","max-image-preview":"max-image-preview:large","max-video-preview":"max-video-preview:-1"},"canonical":"https:\/\/www.beitalhikma.tn\/fr\/publication\/acces-boutique\/livres-en-vente\/35894\/","og_locale":"fr_FR","og_type":"article","og_title":"Titre\u00a0: Les \u0153uvres compl\u00e8tes d\u2019Ahmed Dorai - Beit al-Hikma","og_description":"Tome I\u00a0: \u0152uvres litt\u00e9raires  Tome II\u00a0: Essais  Auteur\u00a0: Ahmed Dorai  Langue\u00a0: Arabe  Date de publication\u00a0: 2019  Format\u00a0: 27 x 21  ISBN: Tome I : 978-9973-49-197-8\/ Tome II\u00a0: 978-9973-49-198 -5  Nombre de pages\u00a0: Tome I\u00a0: 604p \/ Tome II\u00a0: 592p  Th\u00e8me : Litt\u00e9rature et essais  Poids:3000 gr  Situation :disponible","og_url":"https:\/\/www.beitalhikma.tn\/fr\/publication\/acces-boutique\/livres-en-vente\/35894\/","og_site_name":"Beit al-Hikma","article_publisher":"https:\/\/www.facebook.com\/BeitalhikmaTunisie\/","article_modified_time":"2022-10-12T07:51:06+00:00","og_image":[{"width":155,"height":200,"url":"https:\/\/www.beitalhikma.tn\/wp-content\/uploads\/2019\/09\/he1.jpg","type":"image\/jpeg"}],"twitter_card":"summary_large_image","twitter_site":"@Beit_alhikma_TN","twitter_misc":{"Dur\u00e9e de lecture estim\u00e9e":"1 minute"},"schema":{"@context":"https:\/\/schema.org","@graph":[{"@type":"WebPage","@id":"https:\/\/www.beitalhikma.tn\/fr\/publication\/acces-boutique\/livres-en-vente\/35894\/","url":"https:\/\/www.beitalhikma.tn\/fr\/publication\/acces-boutique\/livres-en-vente\/35894\/","name":"Titre\u00a0: Les \u0153uvres compl\u00e8tes d\u2019Ahmed Dorai - Beit al-Hikma","isPartOf":{"@id":"https:\/\/www.beitalhikma.tn\/#website"},"primaryImageOfPage":{"@id":"https:\/\/www.beitalhikma.tn\/fr\/publication\/acces-boutique\/livres-en-vente\/35894\/#primaryimage"},"image":{"@id":"https:\/\/www.beitalhikma.tn\/fr\/publication\/acces-boutique\/livres-en-vente\/35894\/#primaryimage"},"thumbnailUrl":"https:\/\/www.beitalhikma.tn\/wp-content\/uploads\/2019\/09\/he1.jpg","datePublished":"2019-10-24T12:22:20+00:00","dateModified":"2022-10-12T07:51:06+00:00","breadcrumb":{"@id":"https:\/\/www.beitalhikma.tn\/fr\/publication\/acces-boutique\/livres-en-vente\/35894\/#breadcrumb"},"inLanguage":"fr-FR","potentialAction":[{"@type":"ReadAction","target":["https:\/\/www.beitalhikma.tn\/fr\/publication\/acces-boutique\/livres-en-vente\/35894\/"]}]},{"@type":"ImageObject","inLanguage":"fr-FR","@id":"https:\/\/www.beitalhikma.tn\/fr\/publication\/acces-boutique\/livres-en-vente\/35894\/#primaryimage","url":"https:\/\/www.beitalhikma.tn\/wp-content\/uploads\/2019\/09\/he1.jpg","contentUrl":"https:\/\/www.beitalhikma.tn\/wp-content\/uploads\/2019\/09\/he1.jpg","width":155,"height":200},{"@type":"BreadcrumbList","@id":"https:\/\/www.beitalhikma.tn\/fr\/publication\/acces-boutique\/livres-en-vente\/35894\/#breadcrumb","itemListElement":[{"@type":"ListItem","position":1,"name":"Accueil","item":"https:\/\/www.beitalhikma.tn\/fr\/"},{"@type":"ListItem","position":2,"name":"Boutique","item":"https:\/\/www.beitalhikma.tn\/fr\/boutique\/"},{"@type":"ListItem","position":3,"name":"Titre\u00a0: Les \u0153uvres compl\u00e8tes d\u2019Ahmed Dorai"}]},{"@type":"WebSite","@id":"https:\/\/www.beitalhikma.tn\/#website","url":"https:\/\/www.beitalhikma.tn\/","name":"Beit al-Hikma","description":"L&#039;Acad\u00e9mie Tunisienne des Sciences, des Lettres  et des Arts","publisher":{"@id":"https:\/\/www.beitalhikma.tn\/#organization"},"potentialAction":[{"@type":"SearchAction","target":{"@type":"EntryPoint","urlTemplate":"https:\/\/www.beitalhikma.tn\/?s={search_term_string}"},"query-input":{"@type":"PropertyValueSpecification","valueRequired":true,"valueName":"search_term_string"}}],"inLanguage":"fr-FR"},{"@type":"Organization","@id":"https:\/\/www.beitalhikma.tn\/#organization","name":"Beit Al Hikma","url":"https:\/\/www.beitalhikma.tn\/","logo":{"@type":"ImageObject","inLanguage":"fr-FR","@id":"https:\/\/www.beitalhikma.tn\/#\/schema\/logo\/image\/","url":"https:\/\/www.beitalhikma.tn\/wp-content\/uploads\/2014\/11\/logo.png","contentUrl":"https:\/\/www.beitalhikma.tn\/wp-content\/uploads\/2014\/11\/logo.png","width":288,"height":109,"caption":"Beit Al Hikma"},"image":{"@id":"https:\/\/www.beitalhikma.tn\/#\/schema\/logo\/image\/"},"sameAs":["https:\/\/www.facebook.com\/BeitalhikmaTunisie\/","https:\/\/x.com\/Beit_alhikma_TN","https:\/\/www.youtube.com\/channel\/UCl8EfDXqt5MFfcEY0UYhevg"]}]}},"uagb_featured_image_src":{"full":["https:\/\/www.beitalhikma.tn\/wp-content\/uploads\/2019\/09\/he1.jpg",155,200,false],"thumbnail":["https:\/\/www.beitalhikma.tn\/wp-content\/uploads\/2019\/09\/he1.jpg",155,200,false],"medium":["https:\/\/www.beitalhikma.tn\/wp-content\/uploads\/2019\/09\/he1.jpg",155,200,false],"medium_large":["https:\/\/www.beitalhikma.tn\/wp-content\/uploads\/2019\/09\/he1.jpg",155,200,false],"large":["https:\/\/www.beitalhikma.tn\/wp-content\/uploads\/2019\/09\/he1.jpg",155,200,false],"thumblist":["https:\/\/www.beitalhikma.tn\/wp-content\/uploads\/2019\/09\/he1.jpg",155,200,false],"meccarouselthumb":["https:\/\/www.beitalhikma.tn\/wp-content\/uploads\/2019\/09\/he1.jpg",155,200,false],"gridsquare":["https:\/\/www.beitalhikma.tn\/wp-content\/uploads\/2019\/09\/he1.jpg",155,200,false],"tileview":["https:\/\/www.beitalhikma.tn\/wp-content\/uploads\/2019\/09\/he1.jpg",155,200,false],"1536x1536":["https:\/\/www.beitalhikma.tn\/wp-content\/uploads\/2019\/09\/he1.jpg",155,200,false],"2048x2048":["https:\/\/www.beitalhikma.tn\/wp-content\/uploads\/2019\/09\/he1.jpg",155,200,false],"post-thumbnail":["https:\/\/www.beitalhikma.tn\/wp-content\/uploads\/2019\/09\/he1-113x146.jpg",113,146,true],"50x50":["https:\/\/www.beitalhikma.tn\/wp-content\/uploads\/2019\/09\/he1-39x50.jpg",39,50,true],"portfolio-list":["https:\/\/www.beitalhikma.tn\/wp-content\/uploads\/2019\/09\/he1.jpg",155,200,false],"portfolio-fs":["https:\/\/www.beitalhikma.tn\/wp-content\/uploads\/2019\/09\/he1.jpg",155,200,false],"portfolio-slider":["https:\/\/www.beitalhikma.tn\/wp-content\/uploads\/2019\/09\/he1.jpg",155,200,false],"blog":["https:\/\/www.beitalhikma.tn\/wp-content\/uploads\/2019\/09\/he1.jpg",155,200,false],"blog-single":["https:\/\/www.beitalhikma.tn\/wp-content\/uploads\/2019\/09\/he1.jpg",155,200,false],"blog-item":["https:\/\/www.beitalhikma.tn\/wp-content\/uploads\/2019\/09\/he1.jpg",155,200,false],"blog-widget":["https:\/\/www.beitalhikma.tn\/wp-content\/uploads\/2019\/09\/he1-80x60.jpg",80,60,true],"features":["https:\/\/www.beitalhikma.tn\/wp-content\/uploads\/2019\/09\/he1-90x90.jpg",90,90,true],"clients-slider":["https:\/\/www.beitalhikma.tn\/wp-content\/uploads\/2019\/09\/he1-62x80.jpg",62,80,true],"offer-slider":["https:\/\/www.beitalhikma.tn\/wp-content\/uploads\/2019\/09\/he1.jpg",155,200,false],"offer-slider-pg":["https:\/\/www.beitalhikma.tn\/wp-content\/uploads\/2019\/09\/he1-42x42.jpg",42,42,true],"woocommerce_thumbnail":["https:\/\/www.beitalhikma.tn\/wp-content\/uploads\/2019\/09\/he1.jpg",155,200,false],"woocommerce_single":["https:\/\/www.beitalhikma.tn\/wp-content\/uploads\/2019\/09\/he1.jpg",155,200,false],"woocommerce_gallery_thumbnail":["https:\/\/www.beitalhikma.tn\/wp-content\/uploads\/2019\/09\/he1-100x100.jpg",100,100,true]},"uagb_author_info":{"display_name":"admin","author_link":"https:\/\/www.beitalhikma.tn\/fr\/author\/"},"uagb_comment_info":0,"uagb_excerpt":"Tome I\u00a0: \u0152uvres litt\u00e9raires Tome II\u00a0: Essais Auteur\u00a0: Ahmed Dorai Langue\u00a0: Arabe Date de publication\u00a0: 2019 Format\u00a0: 27 x 21 ISBN: Tome I : 978-9973-49-197-8\/ Tome II\u00a0: 978-9973-49-198 -5 Nombre de pages\u00a0: Tome I\u00a0: 604p \/ Tome II\u00a0: 592p Th\u00e8me : Litt\u00e9rature et essais Poids:3000 gr Situation :disponible","_links":{"self":[{"href":"https:\/\/www.beitalhikma.tn\/fr\/wp-json\/wp\/v2\/product\/35894","targetHints":{"allow":["GET"]}}],"collection":[{"href":"https:\/\/www.beitalhikma.tn\/fr\/wp-json\/wp\/v2\/product"}],"about":[{"href":"https:\/\/www.beitalhikma.tn\/fr\/wp-json\/wp\/v2\/types\/product"}],"wp:featuredmedia":[{"embeddable":true,"href":"https:\/\/www.beitalhikma.tn\/fr\/wp-json\/wp\/v2\/media\/30777"}],"wp:attachment":[{"href":"https:\/\/www.beitalhikma.tn\/fr\/wp-json\/wp\/v2\/media?parent=35894"}],"wp:term":[{"taxonomy":"product_brand","embeddable":true,"href":"https:\/\/www.beitalhikma.tn\/fr\/wp-json\/wp\/v2\/product_brand?post=35894"},{"taxonomy":"product_cat","embeddable":true,"href":"https:\/\/www.beitalhikma.tn\/fr\/wp-json\/wp\/v2\/product_cat?post=35894"},{"taxonomy":"product_tag","embeddable":true,"href":"https:\/\/www.beitalhikma.tn\/fr\/wp-json\/wp\/v2\/product_tag?post=35894"}],"curies":[{"name":"wp","href":"https:\/\/api.w.org\/{rel}","templated":true}]}}